{"id":44037,"date":"2025-10-31T17:28:15","date_gmt":"2025-10-31T09:28:15","guid":{"rendered":"https:\/\/deliangdisplay.com\/?post_type=product&#038;p=44037"},"modified":"2025-10-31T17:32:53","modified_gmt":"2025-10-31T09:32:53","slug":"%e3%83%b4%e3%82%a3%e3%83%b3%e3%83%86%e3%83%bc%e3%82%b8%e3%83%bb%e3%82%b8%e3%83%a5%e3%82%a8%e3%83%aa%e3%83%bc%e8%83%b8%e5%83%8f%e3%82%b9%e3%82%bf%e3%83%b3%e3%83%89%ef%bc%88%e7%84%a1%e5%9e%a2%e6%9d%90","status":"publish","type":"product","link":"https:\/\/deliangdisplay.com\/ja\/%e8%a3%bd%e5%93%81\/%e3%83%87%e3%82%a3%e3%82%b9%e3%83%97%e3%83%ac%e3%82%a4\/%e3%82%b8%e3%83%a5%e3%82%a8%e3%83%aa%e3%83%bc-%e6%9c%aa%e5%88%86%e9%a1%9e\/%e3%83%b4%e3%82%a3%e3%83%b3%e3%83%86%e3%83%bc%e3%82%b8%e3%83%bb%e3%82%b8%e3%83%a5%e3%82%a8%e3%83%aa%e3%83%bc%e8%83%b8%e5%83%8f%e3%82%b9%e3%82%bf%e3%83%b3%e3%83%89%ef%bc%88%e7%84%a1%e5%9e%a2%e6%9d%90\/","title":{"rendered":"\u30f4\u30a3\u30f3\u30c6\u30fc\u30b8\u30fb\u30b8\u30e5\u30a8\u30ea\u30fc\u30fb\u30d0\u30b9\u30c8\u30b9\u30bf\u30f3\u30c9-\u7a93\u30fb\u30cd\u30c3\u30af\u30ec\u30b9\u7528\u7121\u57a2\u6750"},"content":{"rendered":"<div class=\"inter-jQQQ8P\">\n<div class=\"container-PrUkKo\">\n<div class=\"item-hGGxLi\">\n<div class=\"container-arOxqB chrome70-container\">\n<div class=\"inner-FyM8gE inner-item-f8P6nx\" data-target-id=\"message-box-target-id\" data-testid=\"union_message\">\n<div class=\"message-block-container-aFugD6\" data-testid=\"message-block-container\" data-ui-version=\"samantha\">\n<div class=\"flex flex-row w-full w-full max-w-full s-font-base text-s-color-text-secondary p-0 rounded-s-radius-s bg-transparent group data-[attr=select-mode]:-mt-10 data-[attr=select-mode]:py-10 data-[attr=select-mode]:px-16 data-[attr=select-mode]:sm:p-10 data-[attr=select-mode]:hover:bg-s-color-bg-base data-[attr=select-mode]:hover:rounded-s-radius-xs data-[attr=select-mode]:has-[:checked]:bg-s-color-bg-trans data-[attr=select-mode]:has-[:checked]:rounded-s-radius-xs data-[attr=select-mode]:pointer-events-none\" data-testid=\"receive_message\">\n<div class=\"flex flex-col flex-grow max-w-full min-w-0\">\n<div class=\"flex flex-row w-full\" data-testid=\"message_content\" data-message-id=\"26951556257775618\" data-set-copy-handler=\"true\">\n<div class=\"w-full\" data-plugin-identifier=\"Symbol(infra:receive-message-box:text)\">\n<div class=\"container-ZYIsnH flow-markdown-body mdbox-theme-next theme-samantha-Nbr9UN\" dir=\"ltr\" data-testid=\"message_text_content\" data-show-indicator=\"false\">\n<h3 class=\"header-vfC6AV auto-hide-last-sibling-br\">\u88fd\u54c1\u6982\u8981<\/h3>\n<div class=\"auto-hide-last-sibling-br paragraph-JOTKXA paragraph-element br-paragraph-space\">\u3053\u308c\u306f\u00a0<strong>\u30f4\u30a3\u30f3\u30c6\u30fc\u30b8\u30fb\u30b9\u30bf\u30a4\u30eb\u30fb\u30b8\u30e5\u30a8\u30ea\u30fc\u30fb\u30c7\u30a3\u30b9\u30d7\u30ec\u30a4\u30fb\u30d0\u30b9\u30c8<\/strong>\u00a0\u7e4a\u7d30\u306a\u30c1\u30a7\u30fc\u30f3\u304b\u3089\u5927\u80c6\u306a\u30b9\u30c6\u30fc\u30c8\u30e1\u30f3\u30c8\u30d4\u30fc\u30b9\u307e\u3067\u3001\u30cd\u30c3\u30af\u30ec\u30b9\u3092\u898b\u305b\u308b\u305f\u3081\u306b\u7279\u5225\u306b\u30c7\u30b6\u30a4\u30f3\u3055\u308c\u3066\u3044\u307e\u3059\u3002\u30f4\u30a3\u30f3\u30c6\u30fc\u30b8\u306e\u9b45\u529b\u3068\u6d17\u7df4\u3055\u308c\u305f\u30a8\u30ec\u30ac\u30f3\u30b9\u3092\u4f75\u305b\u6301\u3061\u3001\u8c4a\u304b\u306a\u30f4\u30a3\u30f3\u30c6\u30fc\u30b8\u30d6\u30e9\u30a6\u30f3\u4ed5\u4e0a\u3052\u304c\u6e29\u304b\u307f\u306e\u3042\u308b\u9b45\u529b\u7684\u306a\u80cc\u666f\u3092\u4f5c\u308a\u51fa\u3057\u307e\u3059\u3002\u30b8\u30e5\u30a8\u30ea\u30fc\u306e\u7f8e\u3057\u3055\u3092\u969b\u7acb\u305f\u305b\u308b\u3060\u3051\u3067\u306a\u304f\u3001\u3069\u3093\u306a\u30c7\u30a3\u30b9\u30d7\u30ec\u30a4\u30b9\u30da\u30fc\u30b9\u306b\u3082\u6d17\u7df4\u3055\u308c\u305f\u30bf\u30c3\u30c1\u3092\u52a0\u3048\u307e\u3059\u3002\u30b8\u30e5\u30a8\u30ea\u30fc\u306e\u5c0f\u58f2\u5e97\u3001\u5c55\u793a\u4f1a\u3001\u30d5\u30a1\u30c3\u30b7\u30e7\u30f3\u30fb\u30b9\u30bf\u30b8\u30aa\u3001\u30d5\u30a1\u30c3\u30b7\u30e7\u30f3\u30fb\u30b7\u30e7\u30fc\u3001\u500b\u4eba\u5b85\u306e\u30b9\u30da\u30fc\u30b9\uff08\u30d9\u30c3\u30c9\u30eb\u30fc\u30e0\u3001\u30ea\u30d3\u30f3\u30b0\u30eb\u30fc\u30e0\u3001\u30c9\u30ec\u30c3\u30b7\u30f3\u30b0\u30fb\u30a8\u30ea\u30a2\u306a\u3069\uff09\u306a\u3069\u3001\u3055\u307e\u3056\u307e\u306a\u30b7\u30fc\u30f3\u3067\u6d3b\u8e8d\u3057\u307e\u3059\u3002\u3055\u3089\u306b\u3001\u30d7\u30ed\u30d5\u30a7\u30c3\u30b7\u30e7\u30ca\u30eb\u306a\u5546\u54c1\u64ae\u5f71\u306e\u305f\u3081\u306e\u5b9f\u7528\u7684\u306a\u30c4\u30fc\u30eb\u3068\u3057\u3066\u3082\u3001\u30a4\u30f3\u30c6\u30ea\u30a2\u306e\u7f8e\u89b3\u3092\u9ad8\u3081\u308b\u88c5\u98fe\u7684\u306a\u30a2\u30fc\u30c8\u30d4\u30fc\u30b9\u3068\u3057\u3066\u3082\u6a5f\u80fd\u3057\u307e\u3059\u3002.<\/div>\n<h3 class=\"header-vfC6AV auto-hide-last-sibling-br\">\u4e3b\u306a\u4ed5\u69d8<\/h3>\n<ul class=\"auto-hide-last-sibling-br\">\n<li><strong>\u7d20\u6750\u3068\u5916\u89b3<\/strong>:\u9ad8\u54c1\u8cea\u306a\u7121\u57a2\u6750\u3092\u4f7f\u7528\u3057\u3001\u4e08\u592b\u3067\u9577\u6301\u3061\u3057\u307e\u3059\u3002\u30f4\u30a3\u30f3\u30c6\u30fc\u30b8\u611f\u306e\u3042\u308b\u30d6\u30e9\u30a6\u30f3\u30ab\u30e9\u30fc\u3068\u3001\u904e\u5ea6\u306a\u88c5\u98fe\u3092\u7701\u3044\u305f\u30b7\u30f3\u30d7\u30eb\u3067\u500b\u6027\u7684\u306a\u30b7\u30eb\u30a8\u30c3\u30c8\u304c\u3001\u3059\u3063\u304d\u308a\u3068\u3057\u305f\u8996\u899a\u52b9\u679c\u3092\u3082\u305f\u3089\u3057\u307e\u3059\u3002.<\/li>\n<li><strong>\u30b5\u30a4\u30ba\u8a73\u7d30<\/strong>:\u7570\u306a\u308b\u30c7\u30a3\u30b9\u30d7\u30ec\u30a4\u306e\u30cb\u30fc\u30ba\u306b\u5408\u308f\u305b\u30662\u3064\u306e\u4e3b\u8981\u306a\u30b5\u30a4\u30ba\u306e\u30aa\u30d7\u30b7\u30e7\u30f3\u3067\u5229\u7528\u53ef\u80fd\u3067\u3059\uff1a\n<ul class=\"auto-hide-last-sibling-br\">\n<li>\u30ef\u30f3\u30b5\u30a4\u30ba\uff1a\u5e95\u306e\u9577\u305513.5cm\u3001\u5e95\u306e\u5e4510cm\u3001\u9ad8\u305530cm<\/li>\n<li>\u4ed6\u306e\u30b5\u30a4\u30ba\uff1a\u5e95\u306e\u9577\u305513.5cm\u3001\u5e95\u306e\u5e4510cm\u3001\u9ad8\u305541cm<\/li>\n<\/ul>\n<\/li>\n<\/ul>\n<h3 class=\"header-vfC6AV auto-hide-last-sibling-br\">\u30b3\u30a2\u6a5f\u80fd<\/h3>\n<ul class=\"auto-hide-last-sibling-br\">\n<li><strong>\u8010\u4e45\u6027\u3068\u643a\u5e2f\u6027<\/strong>:\u4fe1\u983c\u6027\u306e\u9ad8\u3044\u53b3\u9078\u3055\u308c\u305f\u7121\u57a2\u6750\u3092\u4f7f\u7528\u3057\u306a\u304c\u3089\u3082\u3001\u8efd\u91cf\u3067\u79fb\u52d5\u304c\u7c21\u5358\u3002.<\/li>\n<li><strong>\u7701\u30b9\u30da\u30fc\u30b9\u8a2d\u8a08<\/strong>:\u30b3\u30f3\u30d1\u30af\u30c8\u306a\u69cb\u9020\u3067\u3001\u5834\u6240\u3092\u3068\u3089\u306a\u3044\u300c\u5c0f\u30b9\u30da\u30fc\u30b9\u30c7\u30a3\u30b9\u30d7\u30ec\u30a4\u306e\u5fc5\u9700\u54c1\u300d\u3068\u3057\u3066\u3001\u30ab\u30a6\u30f3\u30bf\u30fc\u3084\u5e97\u982d\u3001\u30db\u30fc\u30e0\u30b3\u30fc\u30ca\u30fc\u306b\u6700\u9069\u3067\u3059\u3002.<\/li>\n<li><strong>\u4e8c\u91cd\u6a5f\u80fd<\/strong>:\u5b9f\u7528\u7684\u306a\u30b8\u30e5\u30a8\u30ea\u30fc\u53ce\u7d0d\uff0f\u30c7\u30a3\u30b9\u30d7\u30ec\u30a4\uff08\u30cd\u30c3\u30af\u30ec\u30b9\u306e\u6574\u7406\u6574\u9813\u3068\u8996\u8a8d\u6027\u78ba\u4fdd\uff09\u3068\u88c5\u98fe\u306e\u4e21\u65b9\u306e\u5f79\u5272\u3092\u679c\u305f\u3057\u307e\u3059\u3002\u30f4\u30a3\u30f3\u30c6\u30fc\u30b8\u30b9\u30bf\u30a4\u30eb\u306f\u3001\u30d6\u30c6\u30a3\u30c3\u30af\u304b\u3089\u4f4f\u5b85\u307e\u3067\u3001\u3055\u307e\u3056\u307e\u306a\u30a4\u30f3\u30c6\u30ea\u30a2\u3092\u5f15\u304d\u7acb\u3066\u307e\u3059\u3002.<\/li>\n<li><strong>\u5199\u771f\u64ae\u5f71\u306b\u6700\u9069<\/strong>:\u30b7\u30f3\u30d7\u30eb\u3067\u3059\u3063\u304d\u308a\u3068\u3057\u305f\u30c7\u30b6\u30a4\u30f3\u3068\u6696\u304b\u307f\u306e\u3042\u308b\u8272\u5408\u3044\u306f\u3001\u8996\u899a\u7684\u306a\u96d1\u5ff5\u3092\u6700\u5c0f\u9650\u306b\u6291\u3048\u3001\u30d7\u30ed\u30d5\u30a7\u30c3\u30b7\u30e7\u30ca\u30eb\u306a\u5546\u54c1\u5199\u771f\u3092\u64ae\u5f71\u3059\u308b\u306e\u306b\u6700\u9069\u3067\u3059\u3002\u30b8\u30e5\u30a8\u30ea\u30fc\u306e\u30c7\u30a3\u30c6\u30fc\u30eb\u3092\u306f\u3063\u304d\u308a\u3068\u898b\u305b\u3001\u6f5c\u5728\u7684\u306a\u30d0\u30a4\u30e4\u30fc\u304c\u5546\u54c1\u3092\u52b9\u679c\u7684\u306b\u30a4\u30e1\u30fc\u30b8\u3067\u304d\u308b\u3088\u3046\u306b\u3057\u307e\u3059\u3002.<\/li>\n<\/ul>\n<\/div>\n<\/div>\n<\/div>\n<div class=\"flex-row flex max-w-full min-w-0 flex-grow\"><\/div>\n<\/div>\n<\/div>\n<\/div>\n<\/div>\n<\/div>\n<\/div>\n<\/div>\n<\/div>","protected":false},"excerpt":{"rendered":"<p>\u30f4\u30a3\u30f3\u30c6\u30fc\u30b8\u30fb\u30d6\u30e9\u30a6\u30f3\u306e\u4e0a\u8cea\u306a\u7121\u57a2\u6750\u3092\u4f7f\u7528\u3057\u305f\u3001\u9ad8\u7d1a\u611f\u306e\u3042\u308b\u30f4\u30a3\u30f3\u30c6\u30fc\u30b8\u30fb\u30b9\u30bf\u30a4\u30eb\u306e\u30b8\u30e5\u30a8\u30ea\u30fc\u30fb\u30c7\u30a3\u30b9\u30d7\u30ec\u30a4\u30fb\u30d0\u30b9\u30c8\u3067\u3059\u30022\u3064\u306e\u30b5\u30a4\u30ba\uff0813.5\u00d710\u00d730cm\u306813.5\u00d710\u00d741cm\uff09\u304c\u3042\u308a\u3001\u7e4a\u7d30\u306a\u30c1\u30a7\u30fc\u30f3\u304b\u3089\u5927\u80c6\u306a\u4f5c\u54c1\u307e\u3067\u3001\u30cd\u30c3\u30af\u30ec\u30b9\u3092\u5c55\u793a\u3059\u308b\u3053\u3068\u304c\u3067\u304d\u307e\u3059\u3002\u4e08\u592b\u3067\u3042\u308a\u306a\u304c\u3089\u8efd\u91cf\u306a\u306e\u3067\u3001\u9ad8\u7d1a\u5b9d\u98fe\u5e97\u306e\u30b7\u30e7\u30fc\u30b1\u30fc\u30b9\u3084\u30a6\u30a3\u30f3\u30c9\u30a6\u3001\u5c55\u793a\u4f1a\u3001\u81ea\u5b85\u306b\u3082\u30d5\u30a3\u30c3\u30c8\u3057\u307e\u3059\u3002\u5546\u54c1\u64ae\u5f71\u306b\u6700\u9069\u3067\u3001\u3069\u3093\u306a\u7a7a\u9593\u306b\u3082\u6d17\u7df4\u3055\u308c\u305f\u30ec\u30c8\u30ed\u306a\u30bf\u30c3\u30c1\u3092\u52a0\u3048\u306a\u304c\u3089\u3001\u30b8\u30e5\u30a8\u30ea\u30fc\u306e\u9b45\u529b\u3092\u5f15\u304d\u7acb\u3066\u307e\u3059\u3002.<\/p>","protected":false},"featured_media":44041,"comment_status":"open","ping_status":"closed","template":"","meta":{"_acf_changed":false},"product_brand":[84],"product_cat":[828],"product_tag":[933,929,939,937,935,931,839,936,938,932,930,928,919,934,940],"class_list":{"0":"post-44037","1":"product","2":"type-product","3":"status-publish","4":"has-post-thumbnail","6":"product_brand-de-liang","7":"product_cat-jewelry-uncategorized","8":"product_tag-2-size-jewelry-display-bust","9":"product_tag-delicate-chain-display-stand","10":"product_tag-fashion-studio-jewelry-display","11":"product_tag-high-end-necklace-display-stand","12":"product_tag-jewelry-window-display-bust","13":"product_tag-luxury-jewelry-store-display-bust","14":"product_tag-product-photography-jewelry-bust","15":"product_tag-retail-jewelry-showcase-bust","16":"product_tag-solid-wood-jewelry-display-stand","17":"product_tag-solid-wood-necklace-mannequin-bust","18":"product_tag-statement-necklace-display-bust","19":"product_tag-trade-show-jewelry-bust","20":"product_tag-vintage-brown-solid-wood-jewelry-display-bust","21":"product_tag-vintage-style-necklace-stand","22":"product_tag-vintage-wood-necklace-bust","24":"first","25":"instock","26":"shipping-taxable","27":"purchasable","28":"product-type-simple"},"acf":[],"yoast_head":"<!-- This site is optimized with the Yoast SEO plugin v27.4 - https:\/\/yoast.com\/product\/yoast-seo-wordpress\/ -->\n<title>Vintage Jewelry Bust Stand \u2013 Solid Wood for Store Windows &amp; Necklaces - DE-LIANG - jewelry,clothes,watch,beauty cosmetics<\/title>\n<meta name=\"robots\" content=\"index, follow, max-snippet:-1, max-image-preview:large, max-video-preview:-1\" \/>\n<link rel=\"canonical\" href=\"https:\/\/deliangdisplay.com\/ja\/\u88fd\u54c1\/\u30c7\u30a3\u30b9\u30d7\u30ec\u30a4\/\u30b8\u30e5\u30a8\u30ea\u30fc-\u672a\u5206\u985e\/\u30f4\u30a3\u30f3\u30c6\u30fc\u30b8\u30fb\u30b8\u30e5\u30a8\u30ea\u30fc\u80f8\u50cf\u30b9\u30bf\u30f3\u30c9\uff08\u7121\u57a2\u6750\/\" \/>\n<meta property=\"og:locale\" content=\"ja_JP\" \/>\n<meta property=\"og:type\" content=\"article\" \/>\n<meta property=\"og:title\" content=\"Vintage Jewelry Bust Stand \u2013 Solid Wood for Store Windows &amp; Necklaces - DE-LIANG - jewelry,clothes,watch,beauty cosmetics\" \/>\n<meta property=\"og:description\" content=\"This is a luxury, vintage-style jewelry display bust made of high-quality solid wood in vintage brown. It comes in two sizes (13.5\u00d710\u00d730cm and 13.5\u00d710\u00d741cm) to showcase necklaces, from delicate chains to bold pieces. Sturdy yet lightweight, it fits luxury jewelry store showcases, windows, trade shows, and homes. Ideal for product photography, it enhances jewelry\u2019s appeal while adding a sophisticated retro touch to any space.\" \/>\n<meta property=\"og:url\" content=\"https:\/\/deliangdisplay.com\/ja\/\u88fd\u54c1\/\u30c7\u30a3\u30b9\u30d7\u30ec\u30a4\/\u30b8\u30e5\u30a8\u30ea\u30fc-\u672a\u5206\u985e\/\u30f4\u30a3\u30f3\u30c6\u30fc\u30b8\u30fb\u30b8\u30e5\u30a8\u30ea\u30fc\u80f8\u50cf\u30b9\u30bf\u30f3\u30c9\uff08\u7121\u57a2\u6750\/\" \/>\n<meta property=\"og:site_name\" content=\"DE-LIANG - jewelry,clothes,watch,beauty cosmetics\" \/>\n<meta property=\"article:publisher\" content=\"https:\/\/www.facebook.com\/JaneZhang008\/\" \/>\n<meta property=\"article:modified_time\" content=\"2025-10-31T09:32:53+00:00\" \/>\n<meta property=\"og:image\" content=\"https:\/\/deliangdisplay.com\/wp-content\/uploads\/2025\/10\/84.webp\" \/>\n\t<meta property=\"og:image:width\" content=\"713\" \/>\n\t<meta property=\"og:image:height\" content=\"713\" \/>\n\t<meta property=\"og:image:type\" content=\"image\/webp\" \/>\n<meta name=\"twitter:card\" content=\"summary_large_image\" \/>\n<meta name=\"twitter:site\" content=\"@ly673551729\" \/>\n<meta name=\"twitter:label1\" content=\"\u63a8\u5b9a\u8aad\u307f\u53d6\u308a\u6642\u9593\" \/>\n\t<meta name=\"twitter:data1\" content=\"2\u5206\" \/>\n<script type=\"application\/ld+json\" class=\"yoast-schema-graph\">{\"@context\":\"https:\\\/\\\/schema.org\",\"@graph\":[{\"@type\":\"WebPage\",\"@id\":\"https:\\\/\\\/deliangdisplay.com\\\/our-product\\\/displays\\\/jewelry-uncategorized\\\/vintage-jewelry-bust-stand-solid-wood-for-store-windows-necklaces\\\/\",\"url\":\"https:\\\/\\\/deliangdisplay.com\\\/our-product\\\/displays\\\/jewelry-uncategorized\\\/vintage-jewelry-bust-stand-solid-wood-for-store-windows-necklaces\\\/\",\"name\":\"Vintage Jewelry Bust Stand \u2013 Solid Wood for Store Windows & Necklaces - DE-LIANG - jewelry,clothes,watch,beauty cosmetics\",\"isPartOf\":{\"@id\":\"https:\\\/\\\/deliangdisplay.com\\\/#website\"},\"primaryImageOfPage\":{\"@id\":\"https:\\\/\\\/deliangdisplay.com\\\/our-product\\\/displays\\\/jewelry-uncategorized\\\/vintage-jewelry-bust-stand-solid-wood-for-store-windows-necklaces\\\/#primaryimage\"},\"image\":{\"@id\":\"https:\\\/\\\/deliangdisplay.com\\\/our-product\\\/displays\\\/jewelry-uncategorized\\\/vintage-jewelry-bust-stand-solid-wood-for-store-windows-necklaces\\\/#primaryimage\"},\"thumbnailUrl\":\"https:\\\/\\\/deliangdisplay.com\\\/wp-content\\\/uploads\\\/2025\\\/10\\\/84.webp\",\"datePublished\":\"2025-10-31T09:28:15+00:00\",\"dateModified\":\"2025-10-31T09:32:53+00:00\",\"breadcrumb\":{\"@id\":\"https:\\\/\\\/deliangdisplay.com\\\/our-product\\\/displays\\\/jewelry-uncategorized\\\/vintage-jewelry-bust-stand-solid-wood-for-store-windows-necklaces\\\/#breadcrumb\"},\"inLanguage\":\"ja\",\"potentialAction\":[{\"@type\":\"ReadAction\",\"target\":[\"https:\\\/\\\/deliangdisplay.com\\\/our-product\\\/displays\\\/jewelry-uncategorized\\\/vintage-jewelry-bust-stand-solid-wood-for-store-windows-necklaces\\\/\"]}]},{\"@type\":\"ImageObject\",\"inLanguage\":\"ja\",\"@id\":\"https:\\\/\\\/deliangdisplay.com\\\/our-product\\\/displays\\\/jewelry-uncategorized\\\/vintage-jewelry-bust-stand-solid-wood-for-store-windows-necklaces\\\/#primaryimage\",\"url\":\"https:\\\/\\\/deliangdisplay.com\\\/wp-content\\\/uploads\\\/2025\\\/10\\\/84.webp\",\"contentUrl\":\"https:\\\/\\\/deliangdisplay.com\\\/wp-content\\\/uploads\\\/2025\\\/10\\\/84.webp\",\"width\":713,\"height\":713},{\"@type\":\"BreadcrumbList\",\"@id\":\"https:\\\/\\\/deliangdisplay.com\\\/our-product\\\/displays\\\/jewelry-uncategorized\\\/vintage-jewelry-bust-stand-solid-wood-for-store-windows-necklaces\\\/#breadcrumb\",\"itemListElement\":[{\"@type\":\"ListItem\",\"position\":1,\"name\":\"\u9996\u9875\",\"item\":\"https:\\\/\\\/deliangdisplay.com\\\/\"},{\"@type\":\"ListItem\",\"position\":2,\"name\":\"Our Product\",\"item\":\"https:\\\/\\\/deliangdisplay.com\\\/our-product\\\/\"},{\"@type\":\"ListItem\",\"position\":3,\"name\":\"Vintage Jewelry Bust Stand \u2013 Solid Wood for Store Windows &#038; Necklaces\"}]},{\"@type\":\"WebSite\",\"@id\":\"https:\\\/\\\/deliangdisplay.com\\\/#website\",\"url\":\"https:\\\/\\\/deliangdisplay.com\\\/\",\"name\":\"deliangdisplay.com\",\"description\":\"DE-LIANG - Providing bespoke packaging solutions and luxurious display design services for brands in jewelry, apparel, watches, beauty cosmetics, and more.\",\"publisher\":{\"@id\":\"https:\\\/\\\/deliangdisplay.com\\\/#organization\"},\"potentialAction\":[{\"@type\":\"SearchAction\",\"target\":{\"@type\":\"EntryPoint\",\"urlTemplate\":\"https:\\\/\\\/deliangdisplay.com\\\/?s={search_term_string}\"},\"query-input\":{\"@type\":\"PropertyValueSpecification\",\"valueRequired\":true,\"valueName\":\"search_term_string\"}}],\"inLanguage\":\"ja\"},{\"@type\":\"Organization\",\"@id\":\"https:\\\/\\\/deliangdisplay.com\\\/#organization\",\"name\":\"deliangdisplay.com\",\"url\":\"https:\\\/\\\/deliangdisplay.com\\\/\",\"logo\":{\"@type\":\"ImageObject\",\"inLanguage\":\"ja\",\"@id\":\"https:\\\/\\\/deliangdisplay.com\\\/#\\\/schema\\\/logo\\\/image\\\/\",\"url\":\"https:\\\/\\\/deliangdisplay.com\\\/wp-content\\\/uploads\\\/2025\\\/08\\\/DELIANGDISPALY_logo.png\",\"contentUrl\":\"https:\\\/\\\/deliangdisplay.com\\\/wp-content\\\/uploads\\\/2025\\\/08\\\/DELIANGDISPALY_logo.png\",\"width\":300,\"height\":130,\"caption\":\"deliangdisplay.com\"},\"image\":{\"@id\":\"https:\\\/\\\/deliangdisplay.com\\\/#\\\/schema\\\/logo\\\/image\\\/\"},\"sameAs\":[\"https:\\\/\\\/www.facebook.com\\\/JaneZhang008\\\/\",\"https:\\\/\\\/x.com\\\/ly673551729\"]}]}<\/script>\n<!-- \/ Yoast SEO plugin. -->","yoast_head_json":{"title":"\u30f4\u30a3\u30f3\u30c6\u30fc\u30b8 \u30b8\u30e5\u30a8\u30ea\u30fc \u30d0\u30b9\u30c8 \u30b9\u30bf\u30f3\u30c9 - \u30c7\u30fb\u30ea\u30a2\u30f3 - DE-LIANG - \u30b8\u30e5\u30a8\u30ea\u30fc,\u6d0b\u670d,\u6642\u8a08,\u30d3\u30e5\u30fc\u30c6\u30a3\u30fc \u30b3\u30b9\u30e1\u30c6\u30a3\u30c3\u30af\u30b9","robots":{"index":"index","follow":"follow","max-snippet":"max-snippet:-1","max-image-preview":"max-image-preview:large","max-video-preview":"max-video-preview:-1"},"canonical":"https:\/\/deliangdisplay.com\/ja\/\u88fd\u54c1\/\u30c7\u30a3\u30b9\u30d7\u30ec\u30a4\/\u30b8\u30e5\u30a8\u30ea\u30fc-\u672a\u5206\u985e\/\u30f4\u30a3\u30f3\u30c6\u30fc\u30b8\u30fb\u30b8\u30e5\u30a8\u30ea\u30fc\u80f8\u50cf\u30b9\u30bf\u30f3\u30c9\uff08\u7121\u57a2\u6750\/","og_locale":"ja_JP","og_type":"article","og_title":"Vintage Jewelry Bust Stand \u2013 Solid Wood for Store Windows & Necklaces - DE-LIANG - jewelry,clothes,watch,beauty cosmetics","og_description":"This is a luxury, vintage-style jewelry display bust made of high-quality solid wood in vintage brown. It comes in two sizes (13.5\u00d710\u00d730cm and 13.5\u00d710\u00d741cm) to showcase necklaces, from delicate chains to bold pieces. Sturdy yet lightweight, it fits luxury jewelry store showcases, windows, trade shows, and homes. Ideal for product photography, it enhances jewelry\u2019s appeal while adding a sophisticated retro touch to any space.","og_url":"https:\/\/deliangdisplay.com\/ja\/\u88fd\u54c1\/\u30c7\u30a3\u30b9\u30d7\u30ec\u30a4\/\u30b8\u30e5\u30a8\u30ea\u30fc-\u672a\u5206\u985e\/\u30f4\u30a3\u30f3\u30c6\u30fc\u30b8\u30fb\u30b8\u30e5\u30a8\u30ea\u30fc\u80f8\u50cf\u30b9\u30bf\u30f3\u30c9\uff08\u7121\u57a2\u6750\/","og_site_name":"DE-LIANG - jewelry,clothes,watch,beauty cosmetics","article_publisher":"https:\/\/www.facebook.com\/JaneZhang008\/","article_modified_time":"2025-10-31T09:32:53+00:00","og_image":[{"width":713,"height":713,"url":"https:\/\/deliangdisplay.com\/wp-content\/uploads\/2025\/10\/84.webp","type":"image\/webp"}],"twitter_card":"summary_large_image","twitter_site":"@ly673551729","twitter_misc":{"\u63a8\u5b9a\u8aad\u307f\u53d6\u308a\u6642\u9593":"2\u5206"},"schema":{"@context":"https:\/\/schema.org","@graph":[{"@type":"WebPage","@id":"https:\/\/deliangdisplay.com\/our-product\/displays\/jewelry-uncategorized\/vintage-jewelry-bust-stand-solid-wood-for-store-windows-necklaces\/","url":"https:\/\/deliangdisplay.com\/our-product\/displays\/jewelry-uncategorized\/vintage-jewelry-bust-stand-solid-wood-for-store-windows-necklaces\/","name":"\u30f4\u30a3\u30f3\u30c6\u30fc\u30b8 \u30b8\u30e5\u30a8\u30ea\u30fc \u30d0\u30b9\u30c8 \u30b9\u30bf\u30f3\u30c9 - \u30c7\u30fb\u30ea\u30a2\u30f3 - DE-LIANG - \u30b8\u30e5\u30a8\u30ea\u30fc,\u6d0b\u670d,\u6642\u8a08,\u30d3\u30e5\u30fc\u30c6\u30a3\u30fc \u30b3\u30b9\u30e1\u30c6\u30a3\u30c3\u30af\u30b9","isPartOf":{"@id":"https:\/\/deliangdisplay.com\/#website"},"primaryImageOfPage":{"@id":"https:\/\/deliangdisplay.com\/our-product\/displays\/jewelry-uncategorized\/vintage-jewelry-bust-stand-solid-wood-for-store-windows-necklaces\/#primaryimage"},"image":{"@id":"https:\/\/deliangdisplay.com\/our-product\/displays\/jewelry-uncategorized\/vintage-jewelry-bust-stand-solid-wood-for-store-windows-necklaces\/#primaryimage"},"thumbnailUrl":"https:\/\/deliangdisplay.com\/wp-content\/uploads\/2025\/10\/84.webp","datePublished":"2025-10-31T09:28:15+00:00","dateModified":"2025-10-31T09:32:53+00:00","breadcrumb":{"@id":"https:\/\/deliangdisplay.com\/our-product\/displays\/jewelry-uncategorized\/vintage-jewelry-bust-stand-solid-wood-for-store-windows-necklaces\/#breadcrumb"},"inLanguage":"ja","potentialAction":[{"@type":"ReadAction","target":["https:\/\/deliangdisplay.com\/our-product\/displays\/jewelry-uncategorized\/vintage-jewelry-bust-stand-solid-wood-for-store-windows-necklaces\/"]}]},{"@type":"ImageObject","inLanguage":"ja","@id":"https:\/\/deliangdisplay.com\/our-product\/displays\/jewelry-uncategorized\/vintage-jewelry-bust-stand-solid-wood-for-store-windows-necklaces\/#primaryimage","url":"https:\/\/deliangdisplay.com\/wp-content\/uploads\/2025\/10\/84.webp","contentUrl":"https:\/\/deliangdisplay.com\/wp-content\/uploads\/2025\/10\/84.webp","width":713,"height":713},{"@type":"BreadcrumbList","@id":"https:\/\/deliangdisplay.com\/our-product\/displays\/jewelry-uncategorized\/vintage-jewelry-bust-stand-solid-wood-for-store-windows-necklaces\/#breadcrumb","itemListElement":[{"@type":"ListItem","position":1,"name":"\u9996\u9875","item":"https:\/\/deliangdisplay.com\/"},{"@type":"ListItem","position":2,"name":"Our Product","item":"https:\/\/deliangdisplay.com\/our-product\/"},{"@type":"ListItem","position":3,"name":"Vintage Jewelry Bust Stand \u2013 Solid Wood for Store Windows &#038; Necklaces"}]},{"@type":"WebSite","@id":"https:\/\/deliangdisplay.com\/#website","url":"https:\/\/deliangdisplay.com\/","name":"\u30c7\u30e9\u30f3\u30b0\u30c7\u30a3\u30b9\u30d7\u30ec\u30a4\u30fb\u30c9\u30c3\u30c8\u30b3\u30e0","description":"DE-LIANG - \u30b8\u30e5\u30a8\u30ea\u30fc\u3001\u30a2\u30d1\u30ec\u30eb\u3001\u6642\u8a08\u3001\u7f8e\u5bb9\u5316\u7ca7\u54c1\u306a\u3069\u306e\u30d6\u30e9\u30f3\u30c9\u5411\u3051\u306b\u3001\u30aa\u30fc\u30c0\u30fc\u30e1\u30a4\u30c9\u306e\u30d1\u30c3\u30b1\u30fc\u30b8\u30f3\u30b0\u30fb\u30bd\u30ea\u30e5\u30fc\u30b7\u30e7\u30f3\u3068\u8c6a\u83ef\u306a\u30c7\u30a3\u30b9\u30d7\u30ec\u30a4\u30fb\u30c7\u30b6\u30a4\u30f3\u30fb\u30b5\u30fc\u30d3\u30b9\u3092\u63d0\u4f9b\u3002","publisher":{"@id":"https:\/\/deliangdisplay.com\/#organization"},"potentialAction":[{"@type":"SearchAction","target":{"@type":"EntryPoint","urlTemplate":"https:\/\/deliangdisplay.com\/?s={search_term_string}"},"query-input":{"@type":"PropertyValueSpecification","valueRequired":true,"valueName":"search_term_string"}}],"inLanguage":"ja"},{"@type":"Organization","@id":"https:\/\/deliangdisplay.com\/#organization","name":"\u30c7\u30e9\u30f3\u30b0\u30c7\u30a3\u30b9\u30d7\u30ec\u30a4\u30fb\u30c9\u30c3\u30c8\u30b3\u30e0","url":"https:\/\/deliangdisplay.com\/","logo":{"@type":"ImageObject","inLanguage":"ja","@id":"https:\/\/deliangdisplay.com\/#\/schema\/logo\/image\/","url":"https:\/\/deliangdisplay.com\/wp-content\/uploads\/2025\/08\/DELIANGDISPALY_logo.png","contentUrl":"https:\/\/deliangdisplay.com\/wp-content\/uploads\/2025\/08\/DELIANGDISPALY_logo.png","width":300,"height":130,"caption":"deliangdisplay.com"},"image":{"@id":"https:\/\/deliangdisplay.com\/#\/schema\/logo\/image\/"},"sameAs":["https:\/\/www.facebook.com\/JaneZhang008\/","https:\/\/x.com\/ly673551729"]}]}},"_links":{"self":[{"href":"https:\/\/deliangdisplay.com\/ja\/wp-json\/wp\/v2\/product\/44037","targetHints":{"allow":["GET"]}}],"collection":[{"href":"https:\/\/deliangdisplay.com\/ja\/wp-json\/wp\/v2\/product"}],"about":[{"href":"https:\/\/deliangdisplay.com\/ja\/wp-json\/wp\/v2\/types\/product"}],"replies":[{"embeddable":true,"href":"https:\/\/deliangdisplay.com\/ja\/wp-json\/wp\/v2\/comments?post=44037"}],"wp:featuredmedia":[{"embeddable":true,"href":"https:\/\/deliangdisplay.com\/ja\/wp-json\/wp\/v2\/media\/44041"}],"wp:attachment":[{"href":"https:\/\/deliangdisplay.com\/ja\/wp-json\/wp\/v2\/media?parent=44037"}],"wp:term":[{"taxonomy":"product_brand","embeddable":true,"href":"https:\/\/deliangdisplay.com\/ja\/wp-json\/wp\/v2\/product_brand?post=44037"},{"taxonomy":"product_cat","embeddable":true,"href":"https:\/\/deliangdisplay.com\/ja\/wp-json\/wp\/v2\/product_cat?post=44037"},{"taxonomy":"product_tag","embeddable":true,"href":"https:\/\/deliangdisplay.com\/ja\/wp-json\/wp\/v2\/product_tag?post=44037"}],"curies":[{"name":"wp","href":"https:\/\/api.w.org\/{rel}","templated":true}]}}