{"id":43974,"date":"2025-10-30T18:27:14","date_gmt":"2025-10-30T10:27:14","guid":{"rendered":"https:\/\/deliangdisplay.com\/?post_type=product&#038;p=43974"},"modified":"2025-10-31T09:18:05","modified_gmt":"2025-10-31T01:18:05","slug":"%e3%83%8f%e3%82%a4%e3%82%a8%e3%83%b3%e3%83%89-%e3%83%99%e3%83%ab%e3%83%99%e3%83%83%e3%83%88-%e3%82%b8%e3%83%a5%e3%82%a8%e3%83%aa%e3%83%bc%e8%a1%a8%e7%a4%ba%e8%83%b8%e9%83%a8%e7%b7%91%e3%83%99%e3%83%bc","status":"publish","type":"product","link":"https:\/\/deliangdisplay.com\/ja\/%e8%a3%bd%e5%93%81\/%e3%83%87%e3%82%a3%e3%82%b9%e3%83%97%e3%83%ac%e3%82%a4\/%e3%82%b8%e3%83%a5%e3%82%a8%e3%83%aa%e3%83%bc-%e6%9c%aa%e5%88%86%e9%a1%9e\/%e3%83%8f%e3%82%a4%e3%82%a8%e3%83%b3%e3%83%89-%e3%83%99%e3%83%ab%e3%83%99%e3%83%83%e3%83%88-%e3%82%b8%e3%83%a5%e3%82%a8%e3%83%aa%e3%83%bc%e8%a1%a8%e7%a4%ba%e8%83%b8%e9%83%a8%e7%b7%91%e3%83%99%e3%83%bc\/","title":{"rendered":"\u9ad8\u7d1a\u30d9\u30eb\u30d9\u30c3\u30c8\u30fb\u30b8\u30e5\u30a8\u30ea\u30fc\u30fb\u30c7\u30a3\u30b9\u30d7\u30ec\u30a4\u30fb\u30d0\u30b9\u30c8 - \u5e97\u8217\u30ab\u30a6\u30f3\u30bf\u30fc\u7528\u30b0\u30ea\u30fc\u30f3\/\u30d9\u30fc\u30b8\u30e5\/\u30d4\u30f3\u30af"},"content":{"rendered":"<div class=\"inter-jQQQ8P\">\n<div class=\"container-PrUkKo\">\n<div class=\"item-hGGxLi\">\n<div class=\"container-arOxqB chrome70-container\">\n<div class=\"inner-FyM8gE inner-item-f8P6nx\" data-target-id=\"message-box-target-id\" data-testid=\"union_message\">\n<div class=\"message-block-container-aFugD6\" data-testid=\"message-block-container\" data-ui-version=\"samantha\">\n<div class=\"flex flex-row w-full w-full max-w-full s-font-base text-s-color-text-secondary p-0 rounded-s-radius-s bg-transparent group data-[attr=select-mode]:-mt-10 data-[attr=select-mode]:py-10 data-[attr=select-mode]:px-16 data-[attr=select-mode]:sm:p-10 data-[attr=select-mode]:hover:bg-s-color-bg-base data-[attr=select-mode]:hover:rounded-s-radius-xs data-[attr=select-mode]:has-[:checked]:bg-s-color-bg-trans data-[attr=select-mode]:has-[:checked]:rounded-s-radius-xs data-[attr=select-mode]:pointer-events-none\" data-testid=\"receive_message\">\n<div class=\"flex flex-col flex-grow max-w-full min-w-0\">\n<div class=\"flex flex-row w-full\" data-testid=\"message_content\" data-message-id=\"26829522936514562\" data-set-copy-handler=\"true\">\n<div class=\"w-full\" data-plugin-identifier=\"Symbol(infra:receive-message-box:text)\">\n<div class=\"container-ZYIsnH flow-markdown-body mdbox-theme-next theme-samantha-Nbr9UN\" dir=\"ltr\" data-testid=\"message_text_content\" data-show-indicator=\"false\">\n<h3 class=\"header-vfC6AV auto-hide-last-sibling-br\">\u88fd\u54c1\u6982\u8981<\/h3>\n<div class=\"auto-hide-last-sibling-br paragraph-JOTKXA paragraph-element br-paragraph-space\">\u3053\u308c\u306f\u00a0<strong>\u30cf\u30a4\u30a8\u30f3\u30c9\u30fb\u30b8\u30e5\u30a8\u30ea\u30fc\u30fb\u30c7\u30a3\u30b9\u30d7\u30ec\u30a4\u7528\u80f8\u50cf<\/strong>\u00a0\u30cd\u30c3\u30af\u30ec\u30b9\u3001\u30c1\u30a7\u30fc\u30f3\u3001\u30da\u30f3\u30c0\u30f3\u30c8\u3001\u305d\u306e\u4ed6\u306e\u30b8\u30e5\u30a8\u30ea\u30fc\u30fb\u30a2\u30af\u30bb\u30b5\u30ea\u30fc\u3092\u5c55\u793a\u3059\u308b\u305f\u3081\u306b\u30c7\u30b6\u30a4\u30f3\u3055\u308c\u307e\u3057\u305f\u3002\u30b8\u30e5\u30a8\u30ea\u30fc\u30b7\u30e7\u30c3\u30d7\u3067\u306e\u96c6\u5ba2\u3084\u3001\u3054\u81ea\u5b85\u306e\u30a4\u30f3\u30c6\u30ea\u30a2\u306e\u5c45\u5fc3\u5730\u306e\u826f\u3055\u3001\u5c55\u793a\u4f1a\u3084\u30b7\u30e7\u30fc\u30eb\u30fc\u30e0\u3067\u306e\u5546\u54c1\u30d7\u30ec\u30bc\u30f3\u30c6\u30fc\u30b7\u30e7\u30f3\u306b\u6700\u9069\u3067\u3059\u3002\u6a5f\u80fd\u6027\u3060\u3051\u3067\u306a\u304f\u3001\u30e2\u30c0\u30f3\u306a\u88c5\u98fe\u54c1\u3068\u3057\u3066\u3082\u69d8\u3005\u306a\u7a7a\u9593\u306b\u30b7\u30fc\u30e0\u30ec\u30b9\u306b\u6eb6\u3051\u8fbc\u307f\u3001\u30d7\u30ed\u30d5\u30a7\u30c3\u30b7\u30e7\u30ca\u30eb\u306a\u5546\u54c1\u64ae\u5f71\u306e\u5b9f\u7528\u7684\u306a\u30c4\u30fc\u30eb\u3068\u3057\u3066\u3001\u304a\u5ba2\u69d8\u306b\u30b8\u30e5\u30a8\u30ea\u30fc\u306e\u300c\u4f7f\u7528\u30b7\u30fc\u30f3\u300d\u3092\u30a4\u30e1\u30fc\u30b8\u3057\u3066\u3044\u305f\u3060\u3051\u307e\u3059\u3002\u201c<\/div>\n<h3 class=\"header-vfC6AV auto-hide-last-sibling-br\">\u4e3b\u306a\u4ed5\u69d8<\/h3>\n<ul class=\"auto-hide-last-sibling-br\">\n<li><strong>\u7d20\u6750\u3068\u5916\u89b3<\/strong>:3\u8272\uff08\u30b0\u30ea\u30fc\u30f3\u3001\u30d9\u30fc\u30b8\u30e5\u3001\u30d4\u30f3\u30af\uff09\u304b\u3089\u304a\u9078\u3073\u3044\u305f\u3060\u3051\u307e\u3059\u30023\u8272\uff08\u30b0\u30ea\u30fc\u30f3\u3001\u30d9\u30fc\u30b8\u30e5\u3001\u30d4\u30f3\u30af\uff09\u304b\u3089\u304a\u9078\u3073\u3044\u305f\u3060\u3051\u307e\u3059\u3002\u30d9\u30eb\u30d9\u30c3\u30c8\u306e\u8868\u9762\u306f\u5199\u771f\u306e\u6620\u308a\u8fbc\u307f\u3092\u6700\u5c0f\u9650\u306b\u6291\u3048\u3001\u30b8\u30e5\u30a8\u30ea\u30fc\u306e\u30c7\u30a3\u30c6\u30fc\u30eb\u3092\u304f\u3063\u304d\u308a\u3068\u969b\u7acb\u305f\u305b\u307e\u3059\u3002.<\/li>\n<li><strong>\u30b5\u30a4\u30ba\u7bc4\u56f2<\/strong>:\u7570\u306a\u308b\u30c7\u30a3\u30b9\u30d7\u30ec\u30a4\u306e\u30cb\u30fc\u30ba\u306b\u5408\u308f\u305b\u30663\u3064\u306e\u30b5\u30a4\u30ba\u3067\u63d0\u4f9b\uff1a\n<ul class=\"auto-hide-last-sibling-br\">\n<li>\u30d0\u30b9\u30c8\uff08\u5c0f\uff09\uff1a\u5e4514cm\u3001\u9ad8\u305517cm\u3001\u5e95\u9762\u306e\u76f4\u5f848.5cm<\/li>\n<li>\u30df\u30c7\u30a3\u30a2\u30e0\u30d0\u30b9\u30c8\uff1a\u5e4516.5cm\u3001\u9ad8\u305527cm\u3001\u5e95\u9762\u306e\u76f4\u5f8410.5cm<\/li>\n<li>\u30e9\u30fc\u30b8\u30d0\u30b9\u30c8\uff1a\u5e4519cm\u3001\u9ad8\u305532cm\u3001\u5e95\u9762\u306e\u76f4\u5f8411.5cm<\/li>\n<\/ul>\n<\/li>\n<li><strong>\u30b3\u30a2\u30d3\u30eb\u30c9<\/strong>:\u9ad8\u54c1\u8cea\u3067\u74b0\u5883\u306b\u512a\u3057\u3044\u6a39\u8102\u88fd\uff08\u30d0\u30b9\u30c8\u30dc\u30c7\u30a3\u7528\uff09\u3067\u3001\u6ed1\u3089\u304b\u306b\u78e8\u304b\u308c\u3001\u4e08\u592b\u3067\u843d\u4e0b\u3057\u306b\u304f\u304f\u3001\u9577\u671f\u9593\u306e\u4f7f\u7528\u306b\u8010\u3048\u308b\u3002.<\/li>\n<\/ul>\n<h3 class=\"header-vfC6AV auto-hide-last-sibling-br\">\u30b3\u30a2\u6a5f\u80fd<\/h3>\n<ul class=\"auto-hide-last-sibling-br\">\n<li><strong>\u30d7\u30ec\u30df\u30a2\u30e0\uff06\u30d7\u30ed\u30c6\u30af\u30b7\u30e7\u30f3<\/strong>:\u30d9\u30eb\u30d9\u30c3\u30c8\u306e\u751f\u5730\u306f\u30b8\u30e5\u30a8\u30ea\u30fc\u306b\u512a\u3057\u304f\u3001\u30ad\u30ba\u3092\u9632\u3050\u3068\u540c\u6642\u306b\u3001\u9ad8\u7d1a\u30b8\u30e5\u30a8\u30ea\u30fc\u306e\u30d6\u30e9\u30f3\u30c7\u30a3\u30f3\u30b0\u306b\u3075\u3055\u308f\u3057\u3044\u30e9\u30b0\u30b8\u30e5\u30a2\u30ea\u30fc\u306a\u89e6\u611f\u3092\u30d7\u30e9\u30b9\u3057\u307e\u3059\u3002.<\/li>\n<li><strong>\u5b89\u5b9a\u6027\u3068\u7701\u30b9\u30da\u30fc\u30b9<\/strong>:\u6728\u88fd\u306e\u4e38\u3044\u53f0\u5ea7\u306f\u5b89\u5b9a\u6027\u3092\u78ba\u4fdd\u3057\u3001\u30b3\u30f3\u30d1\u30af\u30c8\u306a\u30c7\u30b6\u30a4\u30f3\u306f\u300c\u5c0f\u30b9\u30da\u30fc\u30b9\u306e\u30c7\u30a3\u30b9\u30d7\u30ec\u30a4\u306e\u5fc5\u9700\u54c1\u300d\u3067\u3059\u3002.<\/li>\n<li><strong>\u30de\u30eb\u30c1\u30b7\u30ca\u30ea\u30aa\u306e\u6c4e\u7528\u6027<\/strong>:\u5c0f\u58f2\u5e97\u3001\u5c55\u793a\u4f1a\u3001\u5bb6\u5ead\u3067\u306e\u4fdd\u7ba1\u3001\u5546\u54c1\u64ae\u5f71\u306b\u9069\u3057\u3066\u3044\u307e\u3059\u3002\u5546\u696d\u7528\uff08\u30b8\u30e5\u30a8\u30ea\u30fc\u30b7\u30e7\u30c3\u30d7\u306e\u30b7\u30e7\u30fc\u30b1\u30fc\u30b9\u306a\u3069\uff09\u306b\u3082\u3001\u500b\u4eba\u7528\uff08\u5bdd\u5ba4\u306e\u30b8\u30e5\u30a8\u30ea\u30fc\u6574\u7406\u306a\u3069\uff09\u306b\u3082\u4f7f\u3048\u307e\u3059\u3002.<\/li>\n<li><strong>\u4e8c\u91cd\u6a5f\u80fd<\/strong>:\u30b8\u30e5\u30a8\u30ea\u30fc\u53ce\u7d0d\uff08\u30cd\u30c3\u30af\u30ec\u30b9\u3001\u30c1\u30a7\u30fc\u30f3\u3001\u30a4\u30e4\u30ea\u30f3\u30b0\u306e\u6574\u7406\u6574\u9813\uff09\u3068\u88c5\u98fe\u30a2\u30fc\u30c8\u306e\u4e21\u65b9\u306e\u5f79\u5272\u3092\u679c\u305f\u3057\u3001\u5e97\u8217\u306e\u30ab\u30a6\u30f3\u30bf\u30fc\u304b\u3089\u81ea\u5b85\u306e\u5bdd\u5ba4\u307e\u3067\u3001\u3042\u3089\u3086\u308b\u30a4\u30f3\u30c6\u30ea\u30a2\u306e\u7f8e\u89b3\u3092\u9ad8\u3081\u307e\u3059\u3002.<\/li>\n<\/ul>\n<\/div>\n<\/div>\n<\/div>\n<div class=\"flex-row flex max-w-full min-w-0 flex-grow\">\n<div class=\"flex flex-col justify-end h-40 w-full select-none opacity-100\" data-testid=\"message_action_bar\">\n<div class=\"message-action-bar-ghR0JC flex flex-row w-full group\"><\/div>\n<\/div>\n<\/div>\n<div class=\"suggest-message-list-wrapper-Hn7Sfr\" data-testid=\"suggest_message_list\"><\/div>\n<\/div>\n<\/div>\n<\/div>\n<\/div>\n<\/div>\n<\/div>\n<\/div>\n<\/div>\n<div class=\"top-lAPxtl\">\n<div class=\"container-arOxqB chrome70-container\"><\/div>\n<\/div>","protected":false},"excerpt":{"rendered":"<p>\u30b0\u30ea\u30fc\u30f3\u3001\u30d9\u30fc\u30b8\u30e5\u3001\u30d4\u30f3\u30af\u306e3\u8272\u304b\u3089\u304a\u9078\u3073\u3044\u305f\u3060\u3051\u307e\u3059\u3002\u30b5\u30a4\u30ba\u306f\u5c0f(14\u00d717\u00d78.5cm)\u3001\u4e2d(16.5\u00d727\u00d710.5cm)\u3001\u5927(19\u00d732\u00d711.5cm)\u306e3\u7a2e\u985e\u3067\u3001\u74b0\u5883\u306b\u512a\u3057\u3044\u6a39\u8102\u88fd\u3067\u8010\u4e45\u6027\u306b\u512a\u308c\u3066\u3044\u307e\u3059\u3002\u30cd\u30c3\u30af\u30ec\u30b9\u3001\u30c1\u30a7\u30fc\u30f3\u3001\u30da\u30f3\u30c0\u30f3\u30c8\u3092\u5c55\u793a\u3059\u308b\u306e\u306b\u7406\u60f3\u7684\u3067\u3001\u5b9d\u77f3\u5e97\u3001\u5c55\u793a\u4f1a\u3001\u5bb6\u5ead\u3001\u88fd\u54c1\u5199\u771f\u64ae\u5f71\u306b\u9069\u3057\u3066\u304a\u308a\u3001\u8996\u899a\u7684\u306a\u9b45\u529b\u3092\u9ad8\u3081\u306a\u304c\u3089\u5b9d\u77f3\u3092\u4fdd\u8b77\u3057\u307e\u3059\u3002.<\/p>","protected":false},"featured_media":43988,"comment_status":"open","ping_status":"closed","template":"","meta":{"_acf_changed":false},"product_brand":[84],"product_cat":[828],"product_tag":[887,885,894,891,884,883,890,874,889,886,839,199,888,893,892],"class_list":{"0":"post-43974","1":"product","2":"type-product","3":"status-publish","4":"has-post-thumbnail","6":"product_brand-de-liang","7":"product_cat-jewelry-uncategorized","8":"product_tag-3-size-jewelry-display-bust","9":"product_tag-beige-necklace-display-stand","10":"product_tag-colorful-velvet-jewelry-stand","11":"product_tag-eco-friendly-resin-jewelry-bust","12":"product_tag-green-velvet-jewelry-bust","13":"product_tag-high-end-velvet-jewelry-display-bust","14":"product_tag-home-jewelry-storage-bust","15":"product_tag-jewelry-store-counter-display","16":"product_tag-luxury-velvet-jewelry-bust","17":"product_tag-pink-jewelry-mannequin-bust","18":"product_tag-product-photography-jewelry-bust","19":"product_tag-retail-jewelry-display-stand","20":"product_tag-velvet-chain-necklace-stand","21":"product_tag-velvet-pendant-display-bust","22":"product_tag-wooden-base-jewelry-display","24":"first","25":"instock","26":"shipping-taxable","27":"purchasable","28":"product-type-simple"},"acf":[],"yoast_head":"<!-- This site is optimized with the Yoast SEO plugin v27.4 - https:\/\/yoast.com\/product\/yoast-seo-wordpress\/ -->\n<title>High-End Velvet Jewelry Display Bust \u2013 Green\/Beige\/Pink for Store Counters - DE-LIANG - jewelry,clothes,watch,beauty cosmetics<\/title>\n<meta name=\"robots\" content=\"index, follow, max-snippet:-1, max-image-preview:large, max-video-preview:-1\" \/>\n<link rel=\"canonical\" href=\"https:\/\/deliangdisplay.com\/ja\/\u88fd\u54c1\/\u30c7\u30a3\u30b9\u30d7\u30ec\u30a4\/\u30b8\u30e5\u30a8\u30ea\u30fc-\u672a\u5206\u985e\/\u30cf\u30a4\u30a8\u30f3\u30c9-\u30d9\u30eb\u30d9\u30c3\u30c8-\u30b8\u30e5\u30a8\u30ea\u30fc\u8868\u793a\u80f8\u90e8\u7dd1\u30d9\u30fc\/\" \/>\n<meta property=\"og:locale\" content=\"ja_JP\" \/>\n<meta property=\"og:type\" content=\"article\" \/>\n<meta property=\"og:title\" content=\"High-End Velvet Jewelry Display Bust \u2013 Green\/Beige\/Pink for Store Counters - DE-LIANG - jewelry,clothes,watch,beauty cosmetics\" \/>\n<meta property=\"og:description\" content=\"This is a high-end jewelry display bust with a velvet exterior and wooden round base, available in green, beige, pink. It comes in 3 sizes\u2014small (14\u00d717\u00d78.5cm), medium (16.5\u00d727\u00d710.5cm), large (19\u00d732\u00d711.5cm)\u2014crafted from eco-friendly resin for durability. Ideal for showcasing necklaces, chains, pendants, it fits jewelry stores, trade shows, homes, and product photography, protecting jewelry while enhancing visual appeal.\" \/>\n<meta property=\"og:url\" content=\"https:\/\/deliangdisplay.com\/ja\/\u88fd\u54c1\/\u30c7\u30a3\u30b9\u30d7\u30ec\u30a4\/\u30b8\u30e5\u30a8\u30ea\u30fc-\u672a\u5206\u985e\/\u30cf\u30a4\u30a8\u30f3\u30c9-\u30d9\u30eb\u30d9\u30c3\u30c8-\u30b8\u30e5\u30a8\u30ea\u30fc\u8868\u793a\u80f8\u90e8\u7dd1\u30d9\u30fc\/\" \/>\n<meta property=\"og:site_name\" content=\"DE-LIANG - jewelry,clothes,watch,beauty cosmetics\" \/>\n<meta property=\"article:publisher\" content=\"https:\/\/www.facebook.com\/JaneZhang008\/\" \/>\n<meta property=\"article:modified_time\" content=\"2025-10-31T01:18:05+00:00\" \/>\n<meta property=\"og:image\" content=\"https:\/\/deliangdisplay.com\/wp-content\/uploads\/2025\/10\/48-1.webp\" \/>\n\t<meta property=\"og:image:width\" content=\"713\" \/>\n\t<meta property=\"og:image:height\" content=\"713\" \/>\n\t<meta property=\"og:image:type\" content=\"image\/webp\" \/>\n<meta name=\"twitter:card\" content=\"summary_large_image\" \/>\n<meta name=\"twitter:site\" content=\"@ly673551729\" \/>\n<meta name=\"twitter:label1\" content=\"\u63a8\u5b9a\u8aad\u307f\u53d6\u308a\u6642\u9593\" \/>\n\t<meta name=\"twitter:data1\" content=\"2\u5206\" \/>\n<script type=\"application\/ld+json\" class=\"yoast-schema-graph\">{\"@context\":\"https:\\\/\\\/schema.org\",\"@graph\":[{\"@type\":\"WebPage\",\"@id\":\"https:\\\/\\\/deliangdisplay.com\\\/our-product\\\/displays\\\/jewelry-uncategorized\\\/high-end-velvet-jewelry-display-bust-green-beige-pink-for-store-counters\\\/\",\"url\":\"https:\\\/\\\/deliangdisplay.com\\\/our-product\\\/displays\\\/jewelry-uncategorized\\\/high-end-velvet-jewelry-display-bust-green-beige-pink-for-store-counters\\\/\",\"name\":\"High-End Velvet Jewelry Display Bust \u2013 Green\\\/Beige\\\/Pink for Store Counters - DE-LIANG - jewelry,clothes,watch,beauty cosmetics\",\"isPartOf\":{\"@id\":\"https:\\\/\\\/deliangdisplay.com\\\/#website\"},\"primaryImageOfPage\":{\"@id\":\"https:\\\/\\\/deliangdisplay.com\\\/our-product\\\/displays\\\/jewelry-uncategorized\\\/high-end-velvet-jewelry-display-bust-green-beige-pink-for-store-counters\\\/#primaryimage\"},\"image\":{\"@id\":\"https:\\\/\\\/deliangdisplay.com\\\/our-product\\\/displays\\\/jewelry-uncategorized\\\/high-end-velvet-jewelry-display-bust-green-beige-pink-for-store-counters\\\/#primaryimage\"},\"thumbnailUrl\":\"https:\\\/\\\/deliangdisplay.com\\\/wp-content\\\/uploads\\\/2025\\\/10\\\/48-1.webp\",\"datePublished\":\"2025-10-30T10:27:14+00:00\",\"dateModified\":\"2025-10-31T01:18:05+00:00\",\"breadcrumb\":{\"@id\":\"https:\\\/\\\/deliangdisplay.com\\\/our-product\\\/displays\\\/jewelry-uncategorized\\\/high-end-velvet-jewelry-display-bust-green-beige-pink-for-store-counters\\\/#breadcrumb\"},\"inLanguage\":\"ja\",\"potentialAction\":[{\"@type\":\"ReadAction\",\"target\":[\"https:\\\/\\\/deliangdisplay.com\\\/our-product\\\/displays\\\/jewelry-uncategorized\\\/high-end-velvet-jewelry-display-bust-green-beige-pink-for-store-counters\\\/\"]}]},{\"@type\":\"ImageObject\",\"inLanguage\":\"ja\",\"@id\":\"https:\\\/\\\/deliangdisplay.com\\\/our-product\\\/displays\\\/jewelry-uncategorized\\\/high-end-velvet-jewelry-display-bust-green-beige-pink-for-store-counters\\\/#primaryimage\",\"url\":\"https:\\\/\\\/deliangdisplay.com\\\/wp-content\\\/uploads\\\/2025\\\/10\\\/48-1.webp\",\"contentUrl\":\"https:\\\/\\\/deliangdisplay.com\\\/wp-content\\\/uploads\\\/2025\\\/10\\\/48-1.webp\",\"width\":713,\"height\":713},{\"@type\":\"BreadcrumbList\",\"@id\":\"https:\\\/\\\/deliangdisplay.com\\\/our-product\\\/displays\\\/jewelry-uncategorized\\\/high-end-velvet-jewelry-display-bust-green-beige-pink-for-store-counters\\\/#breadcrumb\",\"itemListElement\":[{\"@type\":\"ListItem\",\"position\":1,\"name\":\"\u9996\u9875\",\"item\":\"https:\\\/\\\/deliangdisplay.com\\\/\"},{\"@type\":\"ListItem\",\"position\":2,\"name\":\"Our Product\",\"item\":\"https:\\\/\\\/deliangdisplay.com\\\/our-product\\\/\"},{\"@type\":\"ListItem\",\"position\":3,\"name\":\"High-End Velvet Jewelry Display Bust \u2013 Green\\\/Beige\\\/Pink for Store Counters\"}]},{\"@type\":\"WebSite\",\"@id\":\"https:\\\/\\\/deliangdisplay.com\\\/#website\",\"url\":\"https:\\\/\\\/deliangdisplay.com\\\/\",\"name\":\"deliangdisplay.com\",\"description\":\"DE-LIANG - Providing bespoke packaging solutions and luxurious display design services for brands in jewelry, apparel, watches, beauty cosmetics, and more.\",\"publisher\":{\"@id\":\"https:\\\/\\\/deliangdisplay.com\\\/#organization\"},\"potentialAction\":[{\"@type\":\"SearchAction\",\"target\":{\"@type\":\"EntryPoint\",\"urlTemplate\":\"https:\\\/\\\/deliangdisplay.com\\\/?s={search_term_string}\"},\"query-input\":{\"@type\":\"PropertyValueSpecification\",\"valueRequired\":true,\"valueName\":\"search_term_string\"}}],\"inLanguage\":\"ja\"},{\"@type\":\"Organization\",\"@id\":\"https:\\\/\\\/deliangdisplay.com\\\/#organization\",\"name\":\"deliangdisplay.com\",\"url\":\"https:\\\/\\\/deliangdisplay.com\\\/\",\"logo\":{\"@type\":\"ImageObject\",\"inLanguage\":\"ja\",\"@id\":\"https:\\\/\\\/deliangdisplay.com\\\/#\\\/schema\\\/logo\\\/image\\\/\",\"url\":\"https:\\\/\\\/deliangdisplay.com\\\/wp-content\\\/uploads\\\/2025\\\/08\\\/DELIANGDISPALY_logo.png\",\"contentUrl\":\"https:\\\/\\\/deliangdisplay.com\\\/wp-content\\\/uploads\\\/2025\\\/08\\\/DELIANGDISPALY_logo.png\",\"width\":300,\"height\":130,\"caption\":\"deliangdisplay.com\"},\"image\":{\"@id\":\"https:\\\/\\\/deliangdisplay.com\\\/#\\\/schema\\\/logo\\\/image\\\/\"},\"sameAs\":[\"https:\\\/\\\/www.facebook.com\\\/JaneZhang008\\\/\",\"https:\\\/\\\/x.com\\\/ly673551729\"]}]}<\/script>\n<!-- \/ Yoast SEO plugin. -->","yoast_head_json":{"title":"\u9ad8\u7d1a\u30d9\u30eb\u30d9\u30c3\u30c8 \u30b8\u30e5\u30a8\u30ea\u30fc \u30c7\u30a3\u30b9\u30d7\u30ec\u30a4 \u30d0\u30b9\u30c8 - \u30b0\u30ea\u30fc\u30f3\/\u30d9\u30fc\u30b8\u30e5\/\u30d4\u30f3\u30af \u30ab\u30a6\u30f3\u30bf\u30fc - DE-LIANG - \u30b8\u30e5\u30a8\u30ea\u30fc,\u8863\u985e,\u6642\u8a08,\u7f8e\u5bb9\u5316\u7ca7\u54c1","robots":{"index":"index","follow":"follow","max-snippet":"max-snippet:-1","max-image-preview":"max-image-preview:large","max-video-preview":"max-video-preview:-1"},"canonical":"https:\/\/deliangdisplay.com\/ja\/\u88fd\u54c1\/\u30c7\u30a3\u30b9\u30d7\u30ec\u30a4\/\u30b8\u30e5\u30a8\u30ea\u30fc-\u672a\u5206\u985e\/\u30cf\u30a4\u30a8\u30f3\u30c9-\u30d9\u30eb\u30d9\u30c3\u30c8-\u30b8\u30e5\u30a8\u30ea\u30fc\u8868\u793a\u80f8\u90e8\u7dd1\u30d9\u30fc\/","og_locale":"ja_JP","og_type":"article","og_title":"High-End Velvet Jewelry Display Bust \u2013 Green\/Beige\/Pink for Store Counters - DE-LIANG - jewelry,clothes,watch,beauty cosmetics","og_description":"This is a high-end jewelry display bust with a velvet exterior and wooden round base, available in green, beige, pink. It comes in 3 sizes\u2014small (14\u00d717\u00d78.5cm), medium (16.5\u00d727\u00d710.5cm), large (19\u00d732\u00d711.5cm)\u2014crafted from eco-friendly resin for durability. Ideal for showcasing necklaces, chains, pendants, it fits jewelry stores, trade shows, homes, and product photography, protecting jewelry while enhancing visual appeal.","og_url":"https:\/\/deliangdisplay.com\/ja\/\u88fd\u54c1\/\u30c7\u30a3\u30b9\u30d7\u30ec\u30a4\/\u30b8\u30e5\u30a8\u30ea\u30fc-\u672a\u5206\u985e\/\u30cf\u30a4\u30a8\u30f3\u30c9-\u30d9\u30eb\u30d9\u30c3\u30c8-\u30b8\u30e5\u30a8\u30ea\u30fc\u8868\u793a\u80f8\u90e8\u7dd1\u30d9\u30fc\/","og_site_name":"DE-LIANG - jewelry,clothes,watch,beauty cosmetics","article_publisher":"https:\/\/www.facebook.com\/JaneZhang008\/","article_modified_time":"2025-10-31T01:18:05+00:00","og_image":[{"width":713,"height":713,"url":"https:\/\/deliangdisplay.com\/wp-content\/uploads\/2025\/10\/48-1.webp","type":"image\/webp"}],"twitter_card":"summary_large_image","twitter_site":"@ly673551729","twitter_misc":{"\u63a8\u5b9a\u8aad\u307f\u53d6\u308a\u6642\u9593":"2\u5206"},"schema":{"@context":"https:\/\/schema.org","@graph":[{"@type":"WebPage","@id":"https:\/\/deliangdisplay.com\/our-product\/displays\/jewelry-uncategorized\/high-end-velvet-jewelry-display-bust-green-beige-pink-for-store-counters\/","url":"https:\/\/deliangdisplay.com\/our-product\/displays\/jewelry-uncategorized\/high-end-velvet-jewelry-display-bust-green-beige-pink-for-store-counters\/","name":"\u9ad8\u7d1a\u30d9\u30eb\u30d9\u30c3\u30c8 \u30b8\u30e5\u30a8\u30ea\u30fc \u30c7\u30a3\u30b9\u30d7\u30ec\u30a4 \u30d0\u30b9\u30c8 - \u30b0\u30ea\u30fc\u30f3\/\u30d9\u30fc\u30b8\u30e5\/\u30d4\u30f3\u30af \u30ab\u30a6\u30f3\u30bf\u30fc - DE-LIANG - \u30b8\u30e5\u30a8\u30ea\u30fc,\u8863\u985e,\u6642\u8a08,\u7f8e\u5bb9\u5316\u7ca7\u54c1","isPartOf":{"@id":"https:\/\/deliangdisplay.com\/#website"},"primaryImageOfPage":{"@id":"https:\/\/deliangdisplay.com\/our-product\/displays\/jewelry-uncategorized\/high-end-velvet-jewelry-display-bust-green-beige-pink-for-store-counters\/#primaryimage"},"image":{"@id":"https:\/\/deliangdisplay.com\/our-product\/displays\/jewelry-uncategorized\/high-end-velvet-jewelry-display-bust-green-beige-pink-for-store-counters\/#primaryimage"},"thumbnailUrl":"https:\/\/deliangdisplay.com\/wp-content\/uploads\/2025\/10\/48-1.webp","datePublished":"2025-10-30T10:27:14+00:00","dateModified":"2025-10-31T01:18:05+00:00","breadcrumb":{"@id":"https:\/\/deliangdisplay.com\/our-product\/displays\/jewelry-uncategorized\/high-end-velvet-jewelry-display-bust-green-beige-pink-for-store-counters\/#breadcrumb"},"inLanguage":"ja","potentialAction":[{"@type":"ReadAction","target":["https:\/\/deliangdisplay.com\/our-product\/displays\/jewelry-uncategorized\/high-end-velvet-jewelry-display-bust-green-beige-pink-for-store-counters\/"]}]},{"@type":"ImageObject","inLanguage":"ja","@id":"https:\/\/deliangdisplay.com\/our-product\/displays\/jewelry-uncategorized\/high-end-velvet-jewelry-display-bust-green-beige-pink-for-store-counters\/#primaryimage","url":"https:\/\/deliangdisplay.com\/wp-content\/uploads\/2025\/10\/48-1.webp","contentUrl":"https:\/\/deliangdisplay.com\/wp-content\/uploads\/2025\/10\/48-1.webp","width":713,"height":713},{"@type":"BreadcrumbList","@id":"https:\/\/deliangdisplay.com\/our-product\/displays\/jewelry-uncategorized\/high-end-velvet-jewelry-display-bust-green-beige-pink-for-store-counters\/#breadcrumb","itemListElement":[{"@type":"ListItem","position":1,"name":"\u9996\u9875","item":"https:\/\/deliangdisplay.com\/"},{"@type":"ListItem","position":2,"name":"Our Product","item":"https:\/\/deliangdisplay.com\/our-product\/"},{"@type":"ListItem","position":3,"name":"High-End Velvet Jewelry Display Bust \u2013 Green\/Beige\/Pink for Store Counters"}]},{"@type":"WebSite","@id":"https:\/\/deliangdisplay.com\/#website","url":"https:\/\/deliangdisplay.com\/","name":"\u30c7\u30e9\u30f3\u30b0\u30c7\u30a3\u30b9\u30d7\u30ec\u30a4\u30fb\u30c9\u30c3\u30c8\u30b3\u30e0","description":"DE-LIANG - \u30b8\u30e5\u30a8\u30ea\u30fc\u3001\u30a2\u30d1\u30ec\u30eb\u3001\u6642\u8a08\u3001\u7f8e\u5bb9\u5316\u7ca7\u54c1\u306a\u3069\u306e\u30d6\u30e9\u30f3\u30c9\u5411\u3051\u306b\u3001\u30aa\u30fc\u30c0\u30fc\u30e1\u30a4\u30c9\u306e\u30d1\u30c3\u30b1\u30fc\u30b8\u30f3\u30b0\u30fb\u30bd\u30ea\u30e5\u30fc\u30b7\u30e7\u30f3\u3068\u8c6a\u83ef\u306a\u30c7\u30a3\u30b9\u30d7\u30ec\u30a4\u30fb\u30c7\u30b6\u30a4\u30f3\u30fb\u30b5\u30fc\u30d3\u30b9\u3092\u63d0\u4f9b\u3002","publisher":{"@id":"https:\/\/deliangdisplay.com\/#organization"},"potentialAction":[{"@type":"SearchAction","target":{"@type":"EntryPoint","urlTemplate":"https:\/\/deliangdisplay.com\/?s={search_term_string}"},"query-input":{"@type":"PropertyValueSpecification","valueRequired":true,"valueName":"search_term_string"}}],"inLanguage":"ja"},{"@type":"Organization","@id":"https:\/\/deliangdisplay.com\/#organization","name":"\u30c7\u30e9\u30f3\u30b0\u30c7\u30a3\u30b9\u30d7\u30ec\u30a4\u30fb\u30c9\u30c3\u30c8\u30b3\u30e0","url":"https:\/\/deliangdisplay.com\/","logo":{"@type":"ImageObject","inLanguage":"ja","@id":"https:\/\/deliangdisplay.com\/#\/schema\/logo\/image\/","url":"https:\/\/deliangdisplay.com\/wp-content\/uploads\/2025\/08\/DELIANGDISPALY_logo.png","contentUrl":"https:\/\/deliangdisplay.com\/wp-content\/uploads\/2025\/08\/DELIANGDISPALY_logo.png","width":300,"height":130,"caption":"deliangdisplay.com"},"image":{"@id":"https:\/\/deliangdisplay.com\/#\/schema\/logo\/image\/"},"sameAs":["https:\/\/www.facebook.com\/JaneZhang008\/","https:\/\/x.com\/ly673551729"]}]}},"_links":{"self":[{"href":"https:\/\/deliangdisplay.com\/ja\/wp-json\/wp\/v2\/product\/43974","targetHints":{"allow":["GET"]}}],"collection":[{"href":"https:\/\/deliangdisplay.com\/ja\/wp-json\/wp\/v2\/product"}],"about":[{"href":"https:\/\/deliangdisplay.com\/ja\/wp-json\/wp\/v2\/types\/product"}],"replies":[{"embeddable":true,"href":"https:\/\/deliangdisplay.com\/ja\/wp-json\/wp\/v2\/comments?post=43974"}],"wp:featuredmedia":[{"embeddable":true,"href":"https:\/\/deliangdisplay.com\/ja\/wp-json\/wp\/v2\/media\/43988"}],"wp:attachment":[{"href":"https:\/\/deliangdisplay.com\/ja\/wp-json\/wp\/v2\/media?parent=43974"}],"wp:term":[{"taxonomy":"product_brand","embeddable":true,"href":"https:\/\/deliangdisplay.com\/ja\/wp-json\/wp\/v2\/product_brand?post=43974"},{"taxonomy":"product_cat","embeddable":true,"href":"https:\/\/deliangdisplay.com\/ja\/wp-json\/wp\/v2\/product_cat?post=43974"},{"taxonomy":"product_tag","embeddable":true,"href":"https:\/\/deliangdisplay.com\/ja\/wp-json\/wp\/v2\/product_tag?post=43974"}],"curies":[{"name":"wp","href":"https:\/\/api.w.org\/{rel}","templated":true}]}}