{"id":43087,"date":"2025-09-17T15:50:36","date_gmt":"2025-09-17T07:50:36","guid":{"rendered":"https:\/\/deliangdisplay.com\/?post_type=product&#038;p=43087"},"modified":"2025-10-11T17:36:13","modified_gmt":"2025-10-11T09:36:13","slug":"luxury-pu-leather-jewelry-box-with-mirror-waterproof-dustproof-multi-layer-organizer-for-rings-earrings-necklaces-bracelets","status":"publish","type":"product","link":"https:\/\/deliangdisplay.com\/ja\/%e8%a3%bd%e5%93%81\/%e3%83%91%e3%83%83%e3%82%b1%e3%83%bc%e3%82%b8%e3%83%b3%e3%82%b0\/%e5%ae%9d%e9%a3%be%e6%95%b4%e7%90%86%e5%8c%85%e8%a3%85\/luxury-pu-leather-jewelry-box-with-mirror-waterproof-dustproof-multi-layer-organizer-for-rings-earrings-necklaces-bracelets\/","title":{"rendered":"\u30df\u30e9\u30fc\u4ed8\u304d\u9ad8\u7d1aPU\u30ec\u30b6\u30fc\u30b8\u30e5\u30a8\u30ea\u30fc\u30dc\u30c3\u30af\u30b9-\u30ea\u30f3\u30b0\u3001\u30a4\u30e4\u30ea\u30f3\u30b0\u3001\u30cd\u30c3\u30af\u30ec\u30b9\uff06\u30d6\u30ec\u30b9\u30ec\u30c3\u30c8\u306e\u305f\u3081\u306e\u9632\u6c34\u3001\u9632\u5875\u30de\u30eb\u30c1\u30ec\u30a4\u30e4\u30fc\u30aa\u30fc\u30ac\u30ca\u30a4\u30b6\u30fc"},"content":{"rendered":"<h3 class=\"header-vfC6AV auto-hide-last-sibling-br\">Luxury PU Leather Jewelry Box: Protect Your Treasures, Organize with Ease<\/h3>\n<div class=\"auto-hide-last-sibling-br paragraph-JOTKXA paragraph-element br-paragraph-space\">Crafted with high-quality PU leather, this jewelry box features\u00a0<strong>waterproof and dustproof dual properties<\/strong>. It effectively blocks moisture and dust, keeping necklaces, rings, and other jewelry clean and shiny at all times\u2014free from oxidation and dust buildup.<\/div>\n<h3 class=\"header-vfC6AV auto-hide-last-sibling-br\">Thoughtful Design: Perfect Blend of Convenience and Practicality<\/h3>\n<ol class=\"auto-hide-last-sibling-br\">\n<li><strong>Built-in High-Definition Mirror<\/strong>: No need to search for an extra mirror when putting on jewelry. You can adjust details with just a lift of your hand, making daily styling or travel touch-ups more efficient.<\/li>\n<li><strong>Multi-layer Partitioned Storage<\/strong>: Exclusive spaces are designed for different types of jewelry, such as rings, earrings, necklaces, and bracelets. This prevents tangling and scratching, allowing you to find what you need at a glance\u2014no more struggling to locate a specific piece.<\/li>\n<\/ol>\n<h3 class=\"header-vfC6AV auto-hide-last-sibling-br\">Flexible Options: Match Aesthetics and Personality<\/h3>\n<ul class=\"auto-hide-last-sibling-br\">\n<li><strong>Multiple Colors Available<\/strong>: The basic collection includes 4 popular colors\u2014green, red, black, and pink\u2014easily matching different home styles or personal preferences.<\/li>\n<li><strong>Customization Supported<\/strong>: You can customize the color and material according to your needs, and even add an exclusive logo. Create a one-of-a-kind personalized jewelry box that\u2019s perfect for personal use or as a gift.<\/li>\n<\/ul>\n<h3 class=\"header-vfC6AV auto-hide-last-sibling-br\">Ideal Size: Suitable for Home and Travel<\/h3>\n<div class=\"auto-hide-last-sibling-br paragraph-JOTKXA paragraph-element br-paragraph-space\">With dimensions of\u00a0<strong>22.8\u00d717.3\u00d712cm (approximately 9\u00d77\u00d75 inches)<\/strong>, it\u2019s compact and doesn\u2019t take up much space. It can serve as a fixed storage unit on your dressing table, or fit easily into a suitcase or handbag\u2014keeping your jewelry organized even when you\u2019re on a business trip or vacation.<\/div>\n<h3 class=\"header-vfC6AV auto-hide-last-sibling-br\">Customization Services &amp; Delivery<\/h3>\n<div class=\"auto-hide-last-sibling-br paragraph-JOTKXA paragraph-element br-paragraph-space\">OEM\/ODM customization services are available to meet different needs:<\/div>\n<ul class=\"auto-hide-last-sibling-br\">\n<li>Small-batch customization (1-10 pieces): Delivery cycle is 30-45 days, suitable for personal customization or small-batch gift purchases.<\/li>\n<li>Large-batch customization (over 10 pieces): The base cycle is determined through negotiation, with an additional 15 days after confirmation\u2014ideal for large-scale requirements.<\/li>\n<\/ul>","protected":false},"excerpt":{"rendered":"<p>This luxury jewelry box (22.8\u00d717.3\u00d712cm) is made of PU leather, featuring waterproof and dustproof functions. It has a built-in mirror for easy jewelry fitting and multi-layer storage, ideal for rings, earrings, necklaces, and bracelets. Available in green, red, black, pink, it supports logo\/color\/material customization. MOQ is 1 piece with OEM\/ODM offered.<\/p>","protected":false},"featured_media":43088,"comment_status":"open","ping_status":"closed","template":"","meta":{"_acf_changed":false},"product_brand":[84],"product_cat":[73],"product_tag":[151,146,152,153,155,145,156,144,147,150,154,157,148,149,119],"class_list":{"0":"post-43087","1":"product","2":"type-product","3":"status-publish","4":"has-post-thumbnail","6":"product_brand-de-liang","7":"product_cat-jewelry-organization-packaging","8":"product_tag-customizable-jewelry-box","9":"product_tag-dustproof-jewelry-box","10":"product_tag-green-red-black-pink-jewelry-box","11":"product_tag-home-travel-jewelry-case","12":"product_tag-jewelry-box-with-built-in-mirror","13":"product_tag-jewelry-box-with-mirror","14":"product_tag-luxury-jewelry-storage-case","15":"product_tag-luxury-pu-jewelry-box","16":"product_tag-multi-layer-jewelry-organizer","17":"product_tag-necklaces-bracelets-organizer","18":"product_tag-precious-jewelry-storage-box","19":"product_tag-pu-jewelry-organizer-with-mirror","20":"product_tag-pu-leather-jewelry-box","21":"product_tag-rings-earrings-storage-box","22":"product_tag-waterproof-jewelry-storage","24":"first","25":"instock","26":"shipping-taxable","27":"purchasable","28":"product-type-simple"},"acf":[],"yoast_head":"<!-- This site is optimized with the Yoast SEO plugin v27.4 - https:\/\/yoast.com\/product\/yoast-seo-wordpress\/ -->\n<title>Luxury PU Leather Jewelry Box with Mirror \u2013 Waterproof, Dustproof Multi-Layer Organizer for Rings, Earrings, Necklaces &amp; Bracelets - DE-LIANG - jewelry,clothes,watch,beauty cosmetics<\/title>\n<meta name=\"robots\" content=\"index, follow, max-snippet:-1, max-image-preview:large, max-video-preview:-1\" \/>\n<link rel=\"canonical\" href=\"https:\/\/deliangdisplay.com\/ja\/\u88fd\u54c1\/\u30d1\u30c3\u30b1\u30fc\u30b8\u30f3\u30b0\/\u5b9d\u98fe\u6574\u7406\u5305\u88c5\/luxury-pu-leather-jewelry-box-with-mirror-waterproof-dustproof-multi-layer-organizer-for-rings-earrings-necklaces-bracelets\/\" \/>\n<meta property=\"og:locale\" content=\"ja_JP\" \/>\n<meta property=\"og:type\" content=\"article\" \/>\n<meta property=\"og:title\" content=\"Luxury PU Leather Jewelry Box with Mirror \u2013 Waterproof, Dustproof Multi-Layer Organizer for Rings, Earrings, Necklaces &amp; Bracelets - DE-LIANG - jewelry,clothes,watch,beauty cosmetics\" \/>\n<meta property=\"og:description\" content=\"This luxury jewelry box (22.8\u00d717.3\u00d712cm) is made of PU leather, featuring waterproof and dustproof functions. It has a built-in mirror for easy jewelry fitting and multi-layer storage, ideal for rings, earrings, necklaces, and bracelets. Available in green, red, black, pink, it supports logo\/color\/material customization. MOQ is 1 piece with OEM\/ODM offered.\" \/>\n<meta property=\"og:url\" content=\"https:\/\/deliangdisplay.com\/ja\/\u88fd\u54c1\/\u30d1\u30c3\u30b1\u30fc\u30b8\u30f3\u30b0\/\u5b9d\u98fe\u6574\u7406\u5305\u88c5\/luxury-pu-leather-jewelry-box-with-mirror-waterproof-dustproof-multi-layer-organizer-for-rings-earrings-necklaces-bracelets\/\" \/>\n<meta property=\"og:site_name\" content=\"DE-LIANG - jewelry,clothes,watch,beauty cosmetics\" \/>\n<meta property=\"article:publisher\" content=\"https:\/\/www.facebook.com\/JaneZhang008\/\" \/>\n<meta property=\"article:modified_time\" content=\"2025-10-11T09:36:13+00:00\" \/>\n<meta property=\"og:image\" content=\"https:\/\/deliangdisplay.com\/wp-content\/uploads\/2025\/09\/19.jpg\" \/>\n\t<meta property=\"og:image:width\" content=\"1000\" \/>\n\t<meta property=\"og:image:height\" content=\"1000\" \/>\n\t<meta property=\"og:image:type\" content=\"image\/jpeg\" \/>\n<meta name=\"twitter:card\" content=\"summary_large_image\" \/>\n<meta name=\"twitter:site\" content=\"@ly673551729\" \/>\n<meta name=\"twitter:label1\" content=\"\u63a8\u5b9a\u8aad\u307f\u53d6\u308a\u6642\u9593\" \/>\n\t<meta name=\"twitter:data1\" content=\"2\u5206\" \/>\n<script type=\"application\/ld+json\" class=\"yoast-schema-graph\">{\"@context\":\"https:\\\/\\\/schema.org\",\"@graph\":[{\"@type\":\"WebPage\",\"@id\":\"https:\\\/\\\/deliangdisplay.com\\\/our-product\\\/packaging\\\/jewelry-organization-packaging\\\/luxury-pu-leather-jewelry-box-with-mirror-waterproof-dustproof-multi-layer-organizer-for-rings-earrings-necklaces-bracelets\\\/\",\"url\":\"https:\\\/\\\/deliangdisplay.com\\\/our-product\\\/packaging\\\/jewelry-organization-packaging\\\/luxury-pu-leather-jewelry-box-with-mirror-waterproof-dustproof-multi-layer-organizer-for-rings-earrings-necklaces-bracelets\\\/\",\"name\":\"Luxury PU Leather Jewelry Box with Mirror \u2013 Waterproof, Dustproof Multi-Layer Organizer for Rings, Earrings, Necklaces & Bracelets - DE-LIANG - jewelry,clothes,watch,beauty cosmetics\",\"isPartOf\":{\"@id\":\"https:\\\/\\\/deliangdisplay.com\\\/#website\"},\"primaryImageOfPage\":{\"@id\":\"https:\\\/\\\/deliangdisplay.com\\\/our-product\\\/packaging\\\/jewelry-organization-packaging\\\/luxury-pu-leather-jewelry-box-with-mirror-waterproof-dustproof-multi-layer-organizer-for-rings-earrings-necklaces-bracelets\\\/#primaryimage\"},\"image\":{\"@id\":\"https:\\\/\\\/deliangdisplay.com\\\/our-product\\\/packaging\\\/jewelry-organization-packaging\\\/luxury-pu-leather-jewelry-box-with-mirror-waterproof-dustproof-multi-layer-organizer-for-rings-earrings-necklaces-bracelets\\\/#primaryimage\"},\"thumbnailUrl\":\"https:\\\/\\\/deliangdisplay.com\\\/wp-content\\\/uploads\\\/2025\\\/09\\\/19.jpg\",\"datePublished\":\"2025-09-17T07:50:36+00:00\",\"dateModified\":\"2025-10-11T09:36:13+00:00\",\"breadcrumb\":{\"@id\":\"https:\\\/\\\/deliangdisplay.com\\\/our-product\\\/packaging\\\/jewelry-organization-packaging\\\/luxury-pu-leather-jewelry-box-with-mirror-waterproof-dustproof-multi-layer-organizer-for-rings-earrings-necklaces-bracelets\\\/#breadcrumb\"},\"inLanguage\":\"ja\",\"potentialAction\":[{\"@type\":\"ReadAction\",\"target\":[\"https:\\\/\\\/deliangdisplay.com\\\/our-product\\\/packaging\\\/jewelry-organization-packaging\\\/luxury-pu-leather-jewelry-box-with-mirror-waterproof-dustproof-multi-layer-organizer-for-rings-earrings-necklaces-bracelets\\\/\"]}]},{\"@type\":\"ImageObject\",\"inLanguage\":\"ja\",\"@id\":\"https:\\\/\\\/deliangdisplay.com\\\/our-product\\\/packaging\\\/jewelry-organization-packaging\\\/luxury-pu-leather-jewelry-box-with-mirror-waterproof-dustproof-multi-layer-organizer-for-rings-earrings-necklaces-bracelets\\\/#primaryimage\",\"url\":\"https:\\\/\\\/deliangdisplay.com\\\/wp-content\\\/uploads\\\/2025\\\/09\\\/19.jpg\",\"contentUrl\":\"https:\\\/\\\/deliangdisplay.com\\\/wp-content\\\/uploads\\\/2025\\\/09\\\/19.jpg\",\"width\":1000,\"height\":1000},{\"@type\":\"BreadcrumbList\",\"@id\":\"https:\\\/\\\/deliangdisplay.com\\\/our-product\\\/packaging\\\/jewelry-organization-packaging\\\/luxury-pu-leather-jewelry-box-with-mirror-waterproof-dustproof-multi-layer-organizer-for-rings-earrings-necklaces-bracelets\\\/#breadcrumb\",\"itemListElement\":[{\"@type\":\"ListItem\",\"position\":1,\"name\":\"\u9996\u9875\",\"item\":\"https:\\\/\\\/deliangdisplay.com\\\/\"},{\"@type\":\"ListItem\",\"position\":2,\"name\":\"Our Product\",\"item\":\"https:\\\/\\\/deliangdisplay.com\\\/our-product\\\/\"},{\"@type\":\"ListItem\",\"position\":3,\"name\":\"Luxury PU Leather Jewelry Box with Mirror \u2013 Waterproof, Dustproof Multi-Layer Organizer for Rings, Earrings, Necklaces &#038; Bracelets\"}]},{\"@type\":\"WebSite\",\"@id\":\"https:\\\/\\\/deliangdisplay.com\\\/#website\",\"url\":\"https:\\\/\\\/deliangdisplay.com\\\/\",\"name\":\"deliangdisplay.com\",\"description\":\"DE-LIANG - Providing bespoke packaging solutions and luxurious display design services for brands in jewelry, apparel, watches, beauty cosmetics, and more.\",\"publisher\":{\"@id\":\"https:\\\/\\\/deliangdisplay.com\\\/#organization\"},\"potentialAction\":[{\"@type\":\"SearchAction\",\"target\":{\"@type\":\"EntryPoint\",\"urlTemplate\":\"https:\\\/\\\/deliangdisplay.com\\\/?s={search_term_string}\"},\"query-input\":{\"@type\":\"PropertyValueSpecification\",\"valueRequired\":true,\"valueName\":\"search_term_string\"}}],\"inLanguage\":\"ja\"},{\"@type\":\"Organization\",\"@id\":\"https:\\\/\\\/deliangdisplay.com\\\/#organization\",\"name\":\"deliangdisplay.com\",\"url\":\"https:\\\/\\\/deliangdisplay.com\\\/\",\"logo\":{\"@type\":\"ImageObject\",\"inLanguage\":\"ja\",\"@id\":\"https:\\\/\\\/deliangdisplay.com\\\/#\\\/schema\\\/logo\\\/image\\\/\",\"url\":\"https:\\\/\\\/deliangdisplay.com\\\/wp-content\\\/uploads\\\/2025\\\/08\\\/DELIANGDISPALY_logo.png\",\"contentUrl\":\"https:\\\/\\\/deliangdisplay.com\\\/wp-content\\\/uploads\\\/2025\\\/08\\\/DELIANGDISPALY_logo.png\",\"width\":300,\"height\":130,\"caption\":\"deliangdisplay.com\"},\"image\":{\"@id\":\"https:\\\/\\\/deliangdisplay.com\\\/#\\\/schema\\\/logo\\\/image\\\/\"},\"sameAs\":[\"https:\\\/\\\/www.facebook.com\\\/JaneZhang008\\\/\",\"https:\\\/\\\/x.com\\\/ly673551729\"]}]}<\/script>\n<!-- \/ Yoast SEO plugin. -->","yoast_head_json":{"title":"Luxury PU Leather Jewelry Box with Mirror \u2013 Waterproof, Dustproof Multi-Layer Organizer for Rings, Earrings, Necklaces & Bracelets - DE-LIANG - jewelry,clothes,watch,beauty cosmetics","robots":{"index":"index","follow":"follow","max-snippet":"max-snippet:-1","max-image-preview":"max-image-preview:large","max-video-preview":"max-video-preview:-1"},"canonical":"https:\/\/deliangdisplay.com\/ja\/\u88fd\u54c1\/\u30d1\u30c3\u30b1\u30fc\u30b8\u30f3\u30b0\/\u5b9d\u98fe\u6574\u7406\u5305\u88c5\/luxury-pu-leather-jewelry-box-with-mirror-waterproof-dustproof-multi-layer-organizer-for-rings-earrings-necklaces-bracelets\/","og_locale":"ja_JP","og_type":"article","og_title":"Luxury PU Leather Jewelry Box with Mirror \u2013 Waterproof, Dustproof Multi-Layer Organizer for Rings, Earrings, Necklaces & Bracelets - DE-LIANG - jewelry,clothes,watch,beauty cosmetics","og_description":"This luxury jewelry box (22.8\u00d717.3\u00d712cm) is made of PU leather, featuring waterproof and dustproof functions. It has a built-in mirror for easy jewelry fitting and multi-layer storage, ideal for rings, earrings, necklaces, and bracelets. Available in green, red, black, pink, it supports logo\/color\/material customization. MOQ is 1 piece with OEM\/ODM offered.","og_url":"https:\/\/deliangdisplay.com\/ja\/\u88fd\u54c1\/\u30d1\u30c3\u30b1\u30fc\u30b8\u30f3\u30b0\/\u5b9d\u98fe\u6574\u7406\u5305\u88c5\/luxury-pu-leather-jewelry-box-with-mirror-waterproof-dustproof-multi-layer-organizer-for-rings-earrings-necklaces-bracelets\/","og_site_name":"DE-LIANG - jewelry,clothes,watch,beauty cosmetics","article_publisher":"https:\/\/www.facebook.com\/JaneZhang008\/","article_modified_time":"2025-10-11T09:36:13+00:00","og_image":[{"width":1000,"height":1000,"url":"https:\/\/deliangdisplay.com\/wp-content\/uploads\/2025\/09\/19.jpg","type":"image\/jpeg"}],"twitter_card":"summary_large_image","twitter_site":"@ly673551729","twitter_misc":{"\u63a8\u5b9a\u8aad\u307f\u53d6\u308a\u6642\u9593":"2\u5206"},"schema":{"@context":"https:\/\/schema.org","@graph":[{"@type":"WebPage","@id":"https:\/\/deliangdisplay.com\/our-product\/packaging\/jewelry-organization-packaging\/luxury-pu-leather-jewelry-box-with-mirror-waterproof-dustproof-multi-layer-organizer-for-rings-earrings-necklaces-bracelets\/","url":"https:\/\/deliangdisplay.com\/our-product\/packaging\/jewelry-organization-packaging\/luxury-pu-leather-jewelry-box-with-mirror-waterproof-dustproof-multi-layer-organizer-for-rings-earrings-necklaces-bracelets\/","name":"Luxury PU Leather Jewelry Box with Mirror \u2013 Waterproof, Dustproof Multi-Layer Organizer for Rings, Earrings, Necklaces & Bracelets - DE-LIANG - jewelry,clothes,watch,beauty cosmetics","isPartOf":{"@id":"https:\/\/deliangdisplay.com\/#website"},"primaryImageOfPage":{"@id":"https:\/\/deliangdisplay.com\/our-product\/packaging\/jewelry-organization-packaging\/luxury-pu-leather-jewelry-box-with-mirror-waterproof-dustproof-multi-layer-organizer-for-rings-earrings-necklaces-bracelets\/#primaryimage"},"image":{"@id":"https:\/\/deliangdisplay.com\/our-product\/packaging\/jewelry-organization-packaging\/luxury-pu-leather-jewelry-box-with-mirror-waterproof-dustproof-multi-layer-organizer-for-rings-earrings-necklaces-bracelets\/#primaryimage"},"thumbnailUrl":"https:\/\/deliangdisplay.com\/wp-content\/uploads\/2025\/09\/19.jpg","datePublished":"2025-09-17T07:50:36+00:00","dateModified":"2025-10-11T09:36:13+00:00","breadcrumb":{"@id":"https:\/\/deliangdisplay.com\/our-product\/packaging\/jewelry-organization-packaging\/luxury-pu-leather-jewelry-box-with-mirror-waterproof-dustproof-multi-layer-organizer-for-rings-earrings-necklaces-bracelets\/#breadcrumb"},"inLanguage":"ja","potentialAction":[{"@type":"ReadAction","target":["https:\/\/deliangdisplay.com\/our-product\/packaging\/jewelry-organization-packaging\/luxury-pu-leather-jewelry-box-with-mirror-waterproof-dustproof-multi-layer-organizer-for-rings-earrings-necklaces-bracelets\/"]}]},{"@type":"ImageObject","inLanguage":"ja","@id":"https:\/\/deliangdisplay.com\/our-product\/packaging\/jewelry-organization-packaging\/luxury-pu-leather-jewelry-box-with-mirror-waterproof-dustproof-multi-layer-organizer-for-rings-earrings-necklaces-bracelets\/#primaryimage","url":"https:\/\/deliangdisplay.com\/wp-content\/uploads\/2025\/09\/19.jpg","contentUrl":"https:\/\/deliangdisplay.com\/wp-content\/uploads\/2025\/09\/19.jpg","width":1000,"height":1000},{"@type":"BreadcrumbList","@id":"https:\/\/deliangdisplay.com\/our-product\/packaging\/jewelry-organization-packaging\/luxury-pu-leather-jewelry-box-with-mirror-waterproof-dustproof-multi-layer-organizer-for-rings-earrings-necklaces-bracelets\/#breadcrumb","itemListElement":[{"@type":"ListItem","position":1,"name":"\u9996\u9875","item":"https:\/\/deliangdisplay.com\/"},{"@type":"ListItem","position":2,"name":"Our Product","item":"https:\/\/deliangdisplay.com\/our-product\/"},{"@type":"ListItem","position":3,"name":"Luxury PU Leather Jewelry Box with Mirror \u2013 Waterproof, Dustproof Multi-Layer Organizer for Rings, Earrings, Necklaces &#038; Bracelets"}]},{"@type":"WebSite","@id":"https:\/\/deliangdisplay.com\/#website","url":"https:\/\/deliangdisplay.com\/","name":"\u30c7\u30e9\u30f3\u30b0\u30c7\u30a3\u30b9\u30d7\u30ec\u30a4\u30fb\u30c9\u30c3\u30c8\u30b3\u30e0","description":"DE-LIANG - \u30b8\u30e5\u30a8\u30ea\u30fc\u3001\u30a2\u30d1\u30ec\u30eb\u3001\u6642\u8a08\u3001\u7f8e\u5bb9\u5316\u7ca7\u54c1\u306a\u3069\u306e\u30d6\u30e9\u30f3\u30c9\u5411\u3051\u306b\u3001\u30aa\u30fc\u30c0\u30fc\u30e1\u30a4\u30c9\u306e\u30d1\u30c3\u30b1\u30fc\u30b8\u30f3\u30b0\u30fb\u30bd\u30ea\u30e5\u30fc\u30b7\u30e7\u30f3\u3068\u8c6a\u83ef\u306a\u30c7\u30a3\u30b9\u30d7\u30ec\u30a4\u30fb\u30c7\u30b6\u30a4\u30f3\u30fb\u30b5\u30fc\u30d3\u30b9\u3092\u63d0\u4f9b\u3002","publisher":{"@id":"https:\/\/deliangdisplay.com\/#organization"},"potentialAction":[{"@type":"SearchAction","target":{"@type":"EntryPoint","urlTemplate":"https:\/\/deliangdisplay.com\/?s={search_term_string}"},"query-input":{"@type":"PropertyValueSpecification","valueRequired":true,"valueName":"search_term_string"}}],"inLanguage":"ja"},{"@type":"Organization","@id":"https:\/\/deliangdisplay.com\/#organization","name":"\u30c7\u30e9\u30f3\u30b0\u30c7\u30a3\u30b9\u30d7\u30ec\u30a4\u30fb\u30c9\u30c3\u30c8\u30b3\u30e0","url":"https:\/\/deliangdisplay.com\/","logo":{"@type":"ImageObject","inLanguage":"ja","@id":"https:\/\/deliangdisplay.com\/#\/schema\/logo\/image\/","url":"https:\/\/deliangdisplay.com\/wp-content\/uploads\/2025\/08\/DELIANGDISPALY_logo.png","contentUrl":"https:\/\/deliangdisplay.com\/wp-content\/uploads\/2025\/08\/DELIANGDISPALY_logo.png","width":300,"height":130,"caption":"deliangdisplay.com"},"image":{"@id":"https:\/\/deliangdisplay.com\/#\/schema\/logo\/image\/"},"sameAs":["https:\/\/www.facebook.com\/JaneZhang008\/","https:\/\/x.com\/ly673551729"]}]}},"_links":{"self":[{"href":"https:\/\/deliangdisplay.com\/ja\/wp-json\/wp\/v2\/product\/43087","targetHints":{"allow":["GET"]}}],"collection":[{"href":"https:\/\/deliangdisplay.com\/ja\/wp-json\/wp\/v2\/product"}],"about":[{"href":"https:\/\/deliangdisplay.com\/ja\/wp-json\/wp\/v2\/types\/product"}],"replies":[{"embeddable":true,"href":"https:\/\/deliangdisplay.com\/ja\/wp-json\/wp\/v2\/comments?post=43087"}],"wp:featuredmedia":[{"embeddable":true,"href":"https:\/\/deliangdisplay.com\/ja\/wp-json\/wp\/v2\/media\/43088"}],"wp:attachment":[{"href":"https:\/\/deliangdisplay.com\/ja\/wp-json\/wp\/v2\/media?parent=43087"}],"wp:term":[{"taxonomy":"product_brand","embeddable":true,"href":"https:\/\/deliangdisplay.com\/ja\/wp-json\/wp\/v2\/product_brand?post=43087"},{"taxonomy":"product_cat","embeddable":true,"href":"https:\/\/deliangdisplay.com\/ja\/wp-json\/wp\/v2\/product_cat?post=43087"},{"taxonomy":"product_tag","embeddable":true,"href":"https:\/\/deliangdisplay.com\/ja\/wp-json\/wp\/v2\/product_tag?post=43087"}],"curies":[{"name":"wp","href":"https:\/\/api.w.org\/{rel}","templated":true}]}}