{"id":43010,"date":"2025-09-15T12:13:54","date_gmt":"2025-09-15T04:13:54","guid":{"rendered":"https:\/\/deliangdisplay.com\/?post_type=product&#038;p=43010"},"modified":"2025-09-16T11:17:27","modified_gmt":"2025-09-16T03:17:27","slug":"microfiber-jewelry-display-set-luxury-jewellery-display-stands-sets-for-window-showcase-props","status":"publish","type":"product","link":"https:\/\/deliangdisplay.com\/ja\/%e8%a3%bd%e5%93%81\/%e3%83%87%e3%82%a3%e3%82%b9%e3%83%97%e3%83%ac%e3%82%a4\/%e3%82%b7%e3%83%a7%e3%83%bc%e3%82%b1%e3%83%bc%e3%82%b9%e3%81%a8%e3%83%87%e3%82%a3%e3%82%b9%e3%83%97%e3%83%ac%e3%82%a4\/microfiber-jewelry-display-set-luxury-jewellery-display-stands-sets-for-window-showcase-props\/","title":{"rendered":"\u30de\u30a4\u30af\u30ed\u30d5\u30a1\u30a4\u30d0\u30fc\u5b9d\u77f3\u30c7\u30a3\u30b9\u30d7\u30ec\u30a4 \u30bb\u30c3\u30c8\u9ad8\u7d1a\u30b8\u30e5\u30a8\u30ea\u30fc \u30c7\u30a3\u30b9\u30d7\u30ec\u30a4 \u30b9\u30bf\u30f3\u30c9 \u30bb\u30c3\u30c8 \u30a6\u30a3\u30f3\u30c9\u30a6 \u30b7\u30e7\u30fc\u30b1\u30fc\u30b9\u5c0f\u9053\u5177"},"content":{"rendered":"<h3>DE-LIANG Microfiber Jewelry Display Set<\/h3>\n<div>A luxury display solution designed for window showcases, ideal for presenting jewelry with elegance and sophistication.<\/div>\n<h4>\u4e3b\u306a\u7279\u5fb4<\/h4>\n<ul>\n<li><strong>\u7d20\u6750\u3068\u30c7\u30b6\u30a4\u30f3<\/strong>: Crafted from high-quality microfiber, featuring a sleek beige color and customizable shapes. Available in various sizes (e.g., 10.8\u00d710.8\u00d74.3cm, 26.7\u00d77.8\u00d72.7cm) to suit different jewelry types.<\/li>\n<li><strong>Function<\/strong>: Perfect for jewelry storage and display in retail settings, enhancing product visibility and appeal.<\/li>\n<\/ul>\n<h4>\u30ab\u30b9\u30bf\u30de\u30a4\u30ba\uff06\u30aa\u30fc\u30c0\u30fc\u8a73\u7d30<\/h4>\n<ul>\n<li>Supports customized packaging, logos, and graphics (minimum 100 pieces for each).<\/li>\n<li><strong>MOQ<\/strong>: 5 pieces.<\/li>\n<li><strong>\u30ea\u30fc\u30c9\u30bf\u30a4\u30e0<\/strong>: 5-15 days (1-100 pieces); 7-20 days (101-500 pieces); negotiable for orders over 500 pieces.<\/li>\n<\/ul>","protected":false},"excerpt":{"rendered":"<p>DE-LIANG Microfiber Jewelry Display Set: luxury showcase props in beige microfiber. Various sizes (e.g., 10.8\u00d710.8\u00d74.3cm). Customizable packaging\/logo\/graphics.\u00a0 Lead time 5-30 days (1-500). Exports to US\/Canada\/Mexico. certified.<\/p>","protected":false},"featured_media":43017,"comment_status":"open","ping_status":"closed","template":"","meta":{"_acf_changed":false},"product_brand":[],"product_cat":[48],"product_tag":[],"class_list":{"0":"post-43010","1":"product","2":"type-product","3":"status-publish","4":"has-post-thumbnail","6":"product_cat-showcases-and-displays","8":"first","9":"instock","10":"shipping-taxable","11":"purchasable","12":"product-type-simple"},"acf":[],"yoast_head":"<!-- This site is optimized with the Yoast SEO plugin v27.4 - https:\/\/yoast.com\/product\/yoast-seo-wordpress\/ -->\n<title>Microfiber Jewelry Display Set Luxury Jewellery Display Stands Sets for Window showcase Props - DE-LIANG - jewelry,clothes,watch,beauty cosmetics<\/title>\n<meta name=\"robots\" content=\"index, follow, max-snippet:-1, max-image-preview:large, max-video-preview:-1\" \/>\n<link rel=\"canonical\" href=\"https:\/\/deliangdisplay.com\/ja\/\u88fd\u54c1\/\u30c7\u30a3\u30b9\u30d7\u30ec\u30a4\/\u30b7\u30e7\u30fc\u30b1\u30fc\u30b9\u3068\u30c7\u30a3\u30b9\u30d7\u30ec\u30a4\/microfiber-jewelry-display-set-luxury-jewellery-display-stands-sets-for-window-showcase-props\/\" \/>\n<meta property=\"og:locale\" content=\"ja_JP\" \/>\n<meta property=\"og:type\" content=\"article\" \/>\n<meta property=\"og:title\" content=\"Microfiber Jewelry Display Set Luxury Jewellery Display Stands Sets for Window showcase Props - DE-LIANG - jewelry,clothes,watch,beauty cosmetics\" \/>\n<meta property=\"og:description\" content=\"DE-LIANG Microfiber Jewelry Display Set: luxury showcase props in beige microfiber. Various sizes (e.g., 10.8\u00d710.8\u00d74.3cm). Customizable packaging\/logo\/graphics.\u00a0 Lead time 5-30 days (1-500). Exports to US\/Canada\/Mexico. certified.\" \/>\n<meta property=\"og:url\" content=\"https:\/\/deliangdisplay.com\/ja\/\u88fd\u54c1\/\u30c7\u30a3\u30b9\u30d7\u30ec\u30a4\/\u30b7\u30e7\u30fc\u30b1\u30fc\u30b9\u3068\u30c7\u30a3\u30b9\u30d7\u30ec\u30a4\/microfiber-jewelry-display-set-luxury-jewellery-display-stands-sets-for-window-showcase-props\/\" \/>\n<meta property=\"og:site_name\" content=\"DE-LIANG - jewelry,clothes,watch,beauty cosmetics\" \/>\n<meta property=\"article:publisher\" content=\"https:\/\/www.facebook.com\/JaneZhang008\/\" \/>\n<meta property=\"article:modified_time\" content=\"2025-09-16T03:17:27+00:00\" \/>\n<meta property=\"og:image\" content=\"https:\/\/deliangdisplay.com\/wp-content\/uploads\/2025\/09\/4441.jpg\" \/>\n\t<meta property=\"og:image:width\" content=\"1000\" \/>\n\t<meta property=\"og:image:height\" content=\"1000\" \/>\n\t<meta property=\"og:image:type\" content=\"image\/jpeg\" \/>\n<meta name=\"twitter:card\" content=\"summary_large_image\" \/>\n<meta name=\"twitter:site\" content=\"@ly673551729\" \/>\n<meta name=\"twitter:label1\" content=\"\u63a8\u5b9a\u8aad\u307f\u53d6\u308a\u6642\u9593\" \/>\n\t<meta name=\"twitter:data1\" content=\"1\u5206\" \/>\n<script type=\"application\/ld+json\" class=\"yoast-schema-graph\">{\"@context\":\"https:\\\/\\\/schema.org\",\"@graph\":[{\"@type\":\"WebPage\",\"@id\":\"https:\\\/\\\/deliangdisplay.com\\\/our-product\\\/displays\\\/showcases-and-displays\\\/microfiber-jewelry-display-set-luxury-jewellery-display-stands-sets-for-window-showcase-props\\\/\",\"url\":\"https:\\\/\\\/deliangdisplay.com\\\/our-product\\\/displays\\\/showcases-and-displays\\\/microfiber-jewelry-display-set-luxury-jewellery-display-stands-sets-for-window-showcase-props\\\/\",\"name\":\"Microfiber Jewelry Display Set Luxury Jewellery Display Stands Sets for Window showcase Props - DE-LIANG - jewelry,clothes,watch,beauty cosmetics\",\"isPartOf\":{\"@id\":\"https:\\\/\\\/deliangdisplay.com\\\/#website\"},\"primaryImageOfPage\":{\"@id\":\"https:\\\/\\\/deliangdisplay.com\\\/our-product\\\/displays\\\/showcases-and-displays\\\/microfiber-jewelry-display-set-luxury-jewellery-display-stands-sets-for-window-showcase-props\\\/#primaryimage\"},\"image\":{\"@id\":\"https:\\\/\\\/deliangdisplay.com\\\/our-product\\\/displays\\\/showcases-and-displays\\\/microfiber-jewelry-display-set-luxury-jewellery-display-stands-sets-for-window-showcase-props\\\/#primaryimage\"},\"thumbnailUrl\":\"https:\\\/\\\/deliangdisplay.com\\\/wp-content\\\/uploads\\\/2025\\\/09\\\/4441.jpg\",\"datePublished\":\"2025-09-15T04:13:54+00:00\",\"dateModified\":\"2025-09-16T03:17:27+00:00\",\"breadcrumb\":{\"@id\":\"https:\\\/\\\/deliangdisplay.com\\\/our-product\\\/displays\\\/showcases-and-displays\\\/microfiber-jewelry-display-set-luxury-jewellery-display-stands-sets-for-window-showcase-props\\\/#breadcrumb\"},\"inLanguage\":\"ja\",\"potentialAction\":[{\"@type\":\"ReadAction\",\"target\":[\"https:\\\/\\\/deliangdisplay.com\\\/our-product\\\/displays\\\/showcases-and-displays\\\/microfiber-jewelry-display-set-luxury-jewellery-display-stands-sets-for-window-showcase-props\\\/\"]}]},{\"@type\":\"ImageObject\",\"inLanguage\":\"ja\",\"@id\":\"https:\\\/\\\/deliangdisplay.com\\\/our-product\\\/displays\\\/showcases-and-displays\\\/microfiber-jewelry-display-set-luxury-jewellery-display-stands-sets-for-window-showcase-props\\\/#primaryimage\",\"url\":\"https:\\\/\\\/deliangdisplay.com\\\/wp-content\\\/uploads\\\/2025\\\/09\\\/4441.jpg\",\"contentUrl\":\"https:\\\/\\\/deliangdisplay.com\\\/wp-content\\\/uploads\\\/2025\\\/09\\\/4441.jpg\",\"width\":1000,\"height\":1000},{\"@type\":\"BreadcrumbList\",\"@id\":\"https:\\\/\\\/deliangdisplay.com\\\/our-product\\\/displays\\\/showcases-and-displays\\\/microfiber-jewelry-display-set-luxury-jewellery-display-stands-sets-for-window-showcase-props\\\/#breadcrumb\",\"itemListElement\":[{\"@type\":\"ListItem\",\"position\":1,\"name\":\"\u9996\u9875\",\"item\":\"https:\\\/\\\/deliangdisplay.com\\\/\"},{\"@type\":\"ListItem\",\"position\":2,\"name\":\"Our Product\",\"item\":\"https:\\\/\\\/deliangdisplay.com\\\/our-product\\\/\"},{\"@type\":\"ListItem\",\"position\":3,\"name\":\"Microfiber Jewelry Display Set Luxury Jewellery Display Stands Sets for Window showcase Props\"}]},{\"@type\":\"WebSite\",\"@id\":\"https:\\\/\\\/deliangdisplay.com\\\/#website\",\"url\":\"https:\\\/\\\/deliangdisplay.com\\\/\",\"name\":\"deliangdisplay.com\",\"description\":\"DE-LIANG - Providing bespoke packaging solutions and luxurious display design services for brands in jewelry, apparel, watches, beauty cosmetics, and more.\",\"publisher\":{\"@id\":\"https:\\\/\\\/deliangdisplay.com\\\/#organization\"},\"potentialAction\":[{\"@type\":\"SearchAction\",\"target\":{\"@type\":\"EntryPoint\",\"urlTemplate\":\"https:\\\/\\\/deliangdisplay.com\\\/?s={search_term_string}\"},\"query-input\":{\"@type\":\"PropertyValueSpecification\",\"valueRequired\":true,\"valueName\":\"search_term_string\"}}],\"inLanguage\":\"ja\"},{\"@type\":\"Organization\",\"@id\":\"https:\\\/\\\/deliangdisplay.com\\\/#organization\",\"name\":\"deliangdisplay.com\",\"url\":\"https:\\\/\\\/deliangdisplay.com\\\/\",\"logo\":{\"@type\":\"ImageObject\",\"inLanguage\":\"ja\",\"@id\":\"https:\\\/\\\/deliangdisplay.com\\\/#\\\/schema\\\/logo\\\/image\\\/\",\"url\":\"https:\\\/\\\/deliangdisplay.com\\\/wp-content\\\/uploads\\\/2025\\\/08\\\/DELIANGDISPALY_logo.png\",\"contentUrl\":\"https:\\\/\\\/deliangdisplay.com\\\/wp-content\\\/uploads\\\/2025\\\/08\\\/DELIANGDISPALY_logo.png\",\"width\":300,\"height\":130,\"caption\":\"deliangdisplay.com\"},\"image\":{\"@id\":\"https:\\\/\\\/deliangdisplay.com\\\/#\\\/schema\\\/logo\\\/image\\\/\"},\"sameAs\":[\"https:\\\/\\\/www.facebook.com\\\/JaneZhang008\\\/\",\"https:\\\/\\\/x.com\\\/ly673551729\"]}]}<\/script>\n<!-- \/ Yoast SEO plugin. -->","yoast_head_json":{"title":"Microfiber Jewelry Display Set Luxury Jewellery Display Stands Sets for Window showcase Props - DE-LIANG - jewelry,clothes,watch,beauty cosmetics","robots":{"index":"index","follow":"follow","max-snippet":"max-snippet:-1","max-image-preview":"max-image-preview:large","max-video-preview":"max-video-preview:-1"},"canonical":"https:\/\/deliangdisplay.com\/ja\/\u88fd\u54c1\/\u30c7\u30a3\u30b9\u30d7\u30ec\u30a4\/\u30b7\u30e7\u30fc\u30b1\u30fc\u30b9\u3068\u30c7\u30a3\u30b9\u30d7\u30ec\u30a4\/microfiber-jewelry-display-set-luxury-jewellery-display-stands-sets-for-window-showcase-props\/","og_locale":"ja_JP","og_type":"article","og_title":"Microfiber Jewelry Display Set Luxury Jewellery Display Stands Sets for Window showcase Props - DE-LIANG - jewelry,clothes,watch,beauty cosmetics","og_description":"DE-LIANG Microfiber Jewelry Display Set: luxury showcase props in beige microfiber. Various sizes (e.g., 10.8\u00d710.8\u00d74.3cm). Customizable packaging\/logo\/graphics.\u00a0 Lead time 5-30 days (1-500). Exports to US\/Canada\/Mexico. certified.","og_url":"https:\/\/deliangdisplay.com\/ja\/\u88fd\u54c1\/\u30c7\u30a3\u30b9\u30d7\u30ec\u30a4\/\u30b7\u30e7\u30fc\u30b1\u30fc\u30b9\u3068\u30c7\u30a3\u30b9\u30d7\u30ec\u30a4\/microfiber-jewelry-display-set-luxury-jewellery-display-stands-sets-for-window-showcase-props\/","og_site_name":"DE-LIANG - jewelry,clothes,watch,beauty cosmetics","article_publisher":"https:\/\/www.facebook.com\/JaneZhang008\/","article_modified_time":"2025-09-16T03:17:27+00:00","og_image":[{"width":1000,"height":1000,"url":"https:\/\/deliangdisplay.com\/wp-content\/uploads\/2025\/09\/4441.jpg","type":"image\/jpeg"}],"twitter_card":"summary_large_image","twitter_site":"@ly673551729","twitter_misc":{"\u63a8\u5b9a\u8aad\u307f\u53d6\u308a\u6642\u9593":"1\u5206"},"schema":{"@context":"https:\/\/schema.org","@graph":[{"@type":"WebPage","@id":"https:\/\/deliangdisplay.com\/our-product\/displays\/showcases-and-displays\/microfiber-jewelry-display-set-luxury-jewellery-display-stands-sets-for-window-showcase-props\/","url":"https:\/\/deliangdisplay.com\/our-product\/displays\/showcases-and-displays\/microfiber-jewelry-display-set-luxury-jewellery-display-stands-sets-for-window-showcase-props\/","name":"Microfiber Jewelry Display Set Luxury Jewellery Display Stands Sets for Window showcase Props - DE-LIANG - jewelry,clothes,watch,beauty cosmetics","isPartOf":{"@id":"https:\/\/deliangdisplay.com\/#website"},"primaryImageOfPage":{"@id":"https:\/\/deliangdisplay.com\/our-product\/displays\/showcases-and-displays\/microfiber-jewelry-display-set-luxury-jewellery-display-stands-sets-for-window-showcase-props\/#primaryimage"},"image":{"@id":"https:\/\/deliangdisplay.com\/our-product\/displays\/showcases-and-displays\/microfiber-jewelry-display-set-luxury-jewellery-display-stands-sets-for-window-showcase-props\/#primaryimage"},"thumbnailUrl":"https:\/\/deliangdisplay.com\/wp-content\/uploads\/2025\/09\/4441.jpg","datePublished":"2025-09-15T04:13:54+00:00","dateModified":"2025-09-16T03:17:27+00:00","breadcrumb":{"@id":"https:\/\/deliangdisplay.com\/our-product\/displays\/showcases-and-displays\/microfiber-jewelry-display-set-luxury-jewellery-display-stands-sets-for-window-showcase-props\/#breadcrumb"},"inLanguage":"ja","potentialAction":[{"@type":"ReadAction","target":["https:\/\/deliangdisplay.com\/our-product\/displays\/showcases-and-displays\/microfiber-jewelry-display-set-luxury-jewellery-display-stands-sets-for-window-showcase-props\/"]}]},{"@type":"ImageObject","inLanguage":"ja","@id":"https:\/\/deliangdisplay.com\/our-product\/displays\/showcases-and-displays\/microfiber-jewelry-display-set-luxury-jewellery-display-stands-sets-for-window-showcase-props\/#primaryimage","url":"https:\/\/deliangdisplay.com\/wp-content\/uploads\/2025\/09\/4441.jpg","contentUrl":"https:\/\/deliangdisplay.com\/wp-content\/uploads\/2025\/09\/4441.jpg","width":1000,"height":1000},{"@type":"BreadcrumbList","@id":"https:\/\/deliangdisplay.com\/our-product\/displays\/showcases-and-displays\/microfiber-jewelry-display-set-luxury-jewellery-display-stands-sets-for-window-showcase-props\/#breadcrumb","itemListElement":[{"@type":"ListItem","position":1,"name":"\u9996\u9875","item":"https:\/\/deliangdisplay.com\/"},{"@type":"ListItem","position":2,"name":"Our Product","item":"https:\/\/deliangdisplay.com\/our-product\/"},{"@type":"ListItem","position":3,"name":"Microfiber Jewelry Display Set Luxury Jewellery Display Stands Sets for Window showcase Props"}]},{"@type":"WebSite","@id":"https:\/\/deliangdisplay.com\/#website","url":"https:\/\/deliangdisplay.com\/","name":"\u30c7\u30e9\u30f3\u30b0\u30c7\u30a3\u30b9\u30d7\u30ec\u30a4\u30fb\u30c9\u30c3\u30c8\u30b3\u30e0","description":"DE-LIANG - \u30b8\u30e5\u30a8\u30ea\u30fc\u3001\u30a2\u30d1\u30ec\u30eb\u3001\u6642\u8a08\u3001\u7f8e\u5bb9\u5316\u7ca7\u54c1\u306a\u3069\u306e\u30d6\u30e9\u30f3\u30c9\u5411\u3051\u306b\u3001\u30aa\u30fc\u30c0\u30fc\u30e1\u30a4\u30c9\u306e\u30d1\u30c3\u30b1\u30fc\u30b8\u30f3\u30b0\u30fb\u30bd\u30ea\u30e5\u30fc\u30b7\u30e7\u30f3\u3068\u8c6a\u83ef\u306a\u30c7\u30a3\u30b9\u30d7\u30ec\u30a4\u30fb\u30c7\u30b6\u30a4\u30f3\u30fb\u30b5\u30fc\u30d3\u30b9\u3092\u63d0\u4f9b\u3002","publisher":{"@id":"https:\/\/deliangdisplay.com\/#organization"},"potentialAction":[{"@type":"SearchAction","target":{"@type":"EntryPoint","urlTemplate":"https:\/\/deliangdisplay.com\/?s={search_term_string}"},"query-input":{"@type":"PropertyValueSpecification","valueRequired":true,"valueName":"search_term_string"}}],"inLanguage":"ja"},{"@type":"Organization","@id":"https:\/\/deliangdisplay.com\/#organization","name":"\u30c7\u30e9\u30f3\u30b0\u30c7\u30a3\u30b9\u30d7\u30ec\u30a4\u30fb\u30c9\u30c3\u30c8\u30b3\u30e0","url":"https:\/\/deliangdisplay.com\/","logo":{"@type":"ImageObject","inLanguage":"ja","@id":"https:\/\/deliangdisplay.com\/#\/schema\/logo\/image\/","url":"https:\/\/deliangdisplay.com\/wp-content\/uploads\/2025\/08\/DELIANGDISPALY_logo.png","contentUrl":"https:\/\/deliangdisplay.com\/wp-content\/uploads\/2025\/08\/DELIANGDISPALY_logo.png","width":300,"height":130,"caption":"deliangdisplay.com"},"image":{"@id":"https:\/\/deliangdisplay.com\/#\/schema\/logo\/image\/"},"sameAs":["https:\/\/www.facebook.com\/JaneZhang008\/","https:\/\/x.com\/ly673551729"]}]}},"_links":{"self":[{"href":"https:\/\/deliangdisplay.com\/ja\/wp-json\/wp\/v2\/product\/43010","targetHints":{"allow":["GET"]}}],"collection":[{"href":"https:\/\/deliangdisplay.com\/ja\/wp-json\/wp\/v2\/product"}],"about":[{"href":"https:\/\/deliangdisplay.com\/ja\/wp-json\/wp\/v2\/types\/product"}],"replies":[{"embeddable":true,"href":"https:\/\/deliangdisplay.com\/ja\/wp-json\/wp\/v2\/comments?post=43010"}],"wp:featuredmedia":[{"embeddable":true,"href":"https:\/\/deliangdisplay.com\/ja\/wp-json\/wp\/v2\/media\/43017"}],"wp:attachment":[{"href":"https:\/\/deliangdisplay.com\/ja\/wp-json\/wp\/v2\/media?parent=43010"}],"wp:term":[{"taxonomy":"product_brand","embeddable":true,"href":"https:\/\/deliangdisplay.com\/ja\/wp-json\/wp\/v2\/product_brand?post=43010"},{"taxonomy":"product_cat","embeddable":true,"href":"https:\/\/deliangdisplay.com\/ja\/wp-json\/wp\/v2\/product_cat?post=43010"},{"taxonomy":"product_tag","embeddable":true,"href":"https:\/\/deliangdisplay.com\/ja\/wp-json\/wp\/v2\/product_tag?post=43010"}],"curies":[{"name":"wp","href":"https:\/\/api.w.org\/{rel}","templated":true}]}}