{"id":44127,"date":"2025-11-07T11:31:54","date_gmt":"2025-11-07T03:31:54","guid":{"rendered":"https:\/\/deliangdisplay.com\/?post_type=product&#038;p=44127"},"modified":"2025-11-07T11:33:16","modified_gmt":"2025-11-07T03:33:16","slug":"multi-strato-3d-sfalsato-portagioie-in-legno-massiccio-per-bracciali-braccialetti-accessori","status":"publish","type":"product","link":"https:\/\/deliangdisplay.com\/it\/il-nostro-prodotto\/accessori\/braccialetti\/multi-strato-3d-sfalsato-portagioie-in-legno-massiccio-per-bracciali-braccialetti-accessori\/","title":{"rendered":"Portagioie sfalsato 3D multistrato - Legno massiccio per bracciali, braccialetti e accessori"},"content":{"rendered":"<ul class=\"auto-hide-last-sibling-br\">\n<li>\n<h3 class=\"auto-hide-last-sibling-br paragraph-JOTKXA paragraph-element br-paragraph-space\"><strong>Artigianato di qualit\u00e0 in legno massiccio<\/strong><\/h3>\n<\/li>\n<li>\n<p class=\"auto-hide-last-sibling-br paragraph-JOTKXA paragraph-element br-paragraph-space\">Realizzato con materiali di prima scelta\u00a0<strong>legno massiccio<\/strong>, Questo espositore per bracciali offre una durata ineguagliabile e un'estetica raffinata. Il materiale \u00e8 resistente all'usura, antigraffio e costruito per sopportare le esigenze delle vetrine commerciali e dell'uso domestico, assicurando che rimanga un punto fermo nella vostra esposizione di gioielli per anni.<\/p>\n<\/li>\n<li>\n<h3 class=\"auto-hide-last-sibling-br paragraph-JOTKXA paragraph-element br-paragraph-space\"><strong>Design multistrato 3D sfalsato<\/strong><\/h3>\n<\/li>\n<li>\n<div class=\"auto-hide-last-sibling-br paragraph-JOTKXA paragraph-element br-paragraph-space\">Vantando un\u00a0<strong>struttura 3D multistrato ad altezza sfalsata<\/strong>, Questo scaffale trasforma il modo di presentare i gioielli. Ciascuna fila \u00e8 posizionata in modo strategico per rendere visibile a colpo d'occhio ogni bracciale, braccialetto, collana o accessorio di perline, senza dover pi\u00f9 scavare tra collezioni disordinate. La disposizione aperta non solo semplifica l'accesso, ma riduce anche al minimo l'attrito e i danni, mantenendo i vostri pezzi in condizioni perfette.<\/div>\n<\/li>\n<li>\n<h3 class=\"auto-hide-last-sibling-br paragraph-JOTKXA paragraph-element br-paragraph-space\"><strong>Base stabile ed elegante<\/strong><\/h3>\n<\/li>\n<li>\n<div class=\"auto-hide-last-sibling-br paragraph-JOTKXA paragraph-element br-paragraph-space\">Il\u00a0<strong>base in legno massiccio ispessita e allargata<\/strong>\u00a0non \u00e8 solo un'apparenza: \u00e8 stato progettato per garantire una stabilit\u00e0 incrollabile. Sia che lo utilizziate in un vivace stand di un mercato, in una vetrina di una gioielleria di alto livello o nel vostro vanity personale, rimane saldamente al suo posto. La finitura lucidata a mano aggiunge un tocco di lusso, elevando il fascino visivo dei vostri gioielli e rendendolo un pezzo d'arredamento a s\u00e9 stante.<\/div>\n<\/li>\n<li>\n<h3 class=\"auto-hide-last-sibling-br paragraph-JOTKXA paragraph-element br-paragraph-space\"><strong>Versatile per ogni scenario<\/strong><\/h3>\n<\/li>\n<li>\n<div class=\"auto-hide-last-sibling-br paragraph-JOTKXA paragraph-element br-paragraph-space\">Dalle fiere e dalle boutique all'organizzazione domestica, questo scaffale si adatta perfettamente. Utilizzatelo per creare stand accattivanti che attirino i clienti, per presentare le nuove collezioni nel vostro negozio o per riordinare la vostra scorta personale di gioielli a casa. Con diversi stili tra cui scegliere, unisce funzionalit\u00e0 e fascino estetico, assicurando che i vostri gioielli siano sempre al centro della scena.<\/div>\n<\/li>\n<\/ul>","protected":false},"excerpt":{"rendered":"<p>Realizzato in legno massiccio di prima qualit\u00e0, questo espositore per gioielli presenta un design sfalsato 3D multistrato. \u00c8 resistente all'usura, antigraffio e stabile grazie alla base allargata e spessa. Ideale per bracciali, braccialetti e collane, offre un facile accesso, riduce al minimo i danni e si adatta ai negozi, alle fiere o all'uso domestico, combinando durata, funzionalit\u00e0 e lusso per mettere in risalto i vostri accessori.<\/p>","protected":false},"featured_media":44134,"comment_status":"open","ping_status":"closed","template":"","meta":{"_acf_changed":false},"product_brand":[84],"product_cat":[71],"product_tag":[975,976,979,972,951,969,977,974,973,971,981,968,970,978,980],"class_list":{"0":"post-44127","1":"product","2":"type-product","3":"status-publish","4":"has-post-thumbnail","6":"product_brand-de-liang","7":"product_cat-bangle-bars","8":"product_tag-3d-jewelry-display-stand","9":"product_tag-bangle-display-organizer","10":"product_tag-boutique-jewelry-display-rack","11":"product_tag-bracelet-display-stand-for-store","12":"product_tag-home-jewelry-storage-rack","13":"product_tag-multi-layer-bracelet-stand","14":"product_tag-necklace-display-rack-solid-wood","15":"product_tag-open-design-jewelry-rack","16":"product_tag-premium-wood-jewelry-holder","17":"product_tag-solid-wood-accessory-organizer","18":"product_tag-solid-wood-bangle-storage","19":"product_tag-solid-wood-jewelry-display-rack","20":"product_tag-staggered-height-jewelry-rack","21":"product_tag-trade-show-jewelry-stand","22":"product_tag-wear-resistant-jewelry-holder","24":"first","25":"instock","26":"shipping-taxable","27":"purchasable","28":"product-type-simple"},"acf":[],"yoast_head":"<!-- This site is optimized with the Yoast SEO plugin v27.4 - https:\/\/yoast.com\/product\/yoast-seo-wordpress\/ -->\n<title>Multi-Layer 3D Staggered Jewelry Rack \u2013 Solid Wood for Bracelets, Bangles &amp; Accessories - DE-LIANG - jewelry,clothes,watch,beauty cosmetics<\/title>\n<meta name=\"robots\" content=\"index, follow, max-snippet:-1, max-image-preview:large, max-video-preview:-1\" \/>\n<link rel=\"canonical\" href=\"https:\/\/deliangdisplay.com\/it\/il-nostro-prodotto\/accessori\/braccialetti\/multi-strato-3d-sfalsato-portagioie-in-legno-massiccio-per-bracciali-braccialetti-accessori\/\" \/>\n<meta property=\"og:locale\" content=\"it_IT\" \/>\n<meta property=\"og:type\" content=\"article\" \/>\n<meta property=\"og:title\" content=\"Multi-Layer 3D Staggered Jewelry Rack \u2013 Solid Wood for Bracelets, Bangles &amp; Accessories - DE-LIANG - jewelry,clothes,watch,beauty cosmetics\" \/>\n<meta property=\"og:description\" content=\"Crafted from premium solid wood, this jewelry display rack features a multi-layer 3D staggered design. It\u2019s wear-resistant, scratch-proof, and stable with a thickened widened base. Ideal for bracelets, bangles, necklaces, it offers easy access, minimizes damage, and suits stores, trade shows, or home use\u2014blending durability, functionality, and luxury to highlight your accessories.\" \/>\n<meta property=\"og:url\" content=\"https:\/\/deliangdisplay.com\/it\/il-nostro-prodotto\/accessori\/braccialetti\/multi-strato-3d-sfalsato-portagioie-in-legno-massiccio-per-bracciali-braccialetti-accessori\/\" \/>\n<meta property=\"og:site_name\" content=\"DE-LIANG - jewelry,clothes,watch,beauty cosmetics\" \/>\n<meta property=\"article:publisher\" content=\"https:\/\/www.facebook.com\/JaneZhang008\/\" \/>\n<meta property=\"article:modified_time\" content=\"2025-11-07T03:33:16+00:00\" \/>\n<meta property=\"og:image\" content=\"https:\/\/deliangdisplay.com\/wp-content\/uploads\/2025\/11\/13.webp\" \/>\n\t<meta property=\"og:image:width\" content=\"1440\" \/>\n\t<meta property=\"og:image:height\" content=\"1920\" \/>\n\t<meta property=\"og:image:type\" content=\"image\/webp\" \/>\n<meta name=\"twitter:card\" content=\"summary_large_image\" \/>\n<meta name=\"twitter:site\" content=\"@ly673551729\" \/>\n<meta name=\"twitter:label1\" content=\"Tempo di lettura stimato\" \/>\n\t<meta name=\"twitter:data1\" content=\"2 minuti\" \/>\n<script type=\"application\/ld+json\" class=\"yoast-schema-graph\">{\"@context\":\"https:\\\/\\\/schema.org\",\"@graph\":[{\"@type\":\"WebPage\",\"@id\":\"https:\\\/\\\/deliangdisplay.com\\\/our-product\\\/accessories\\\/bangle-bars\\\/multi-layer-3d-staggered-jewelry-rack-solid-wood-for-bracelets-bangles-accessories\\\/\",\"url\":\"https:\\\/\\\/deliangdisplay.com\\\/our-product\\\/accessories\\\/bangle-bars\\\/multi-layer-3d-staggered-jewelry-rack-solid-wood-for-bracelets-bangles-accessories\\\/\",\"name\":\"Multi-Layer 3D Staggered Jewelry Rack \u2013 Solid Wood for Bracelets, Bangles & Accessories - DE-LIANG - jewelry,clothes,watch,beauty cosmetics\",\"isPartOf\":{\"@id\":\"https:\\\/\\\/deliangdisplay.com\\\/#website\"},\"primaryImageOfPage\":{\"@id\":\"https:\\\/\\\/deliangdisplay.com\\\/our-product\\\/accessories\\\/bangle-bars\\\/multi-layer-3d-staggered-jewelry-rack-solid-wood-for-bracelets-bangles-accessories\\\/#primaryimage\"},\"image\":{\"@id\":\"https:\\\/\\\/deliangdisplay.com\\\/our-product\\\/accessories\\\/bangle-bars\\\/multi-layer-3d-staggered-jewelry-rack-solid-wood-for-bracelets-bangles-accessories\\\/#primaryimage\"},\"thumbnailUrl\":\"https:\\\/\\\/deliangdisplay.com\\\/wp-content\\\/uploads\\\/2025\\\/11\\\/13.webp\",\"datePublished\":\"2025-11-07T03:31:54+00:00\",\"dateModified\":\"2025-11-07T03:33:16+00:00\",\"breadcrumb\":{\"@id\":\"https:\\\/\\\/deliangdisplay.com\\\/our-product\\\/accessories\\\/bangle-bars\\\/multi-layer-3d-staggered-jewelry-rack-solid-wood-for-bracelets-bangles-accessories\\\/#breadcrumb\"},\"inLanguage\":\"it-IT\",\"potentialAction\":[{\"@type\":\"ReadAction\",\"target\":[\"https:\\\/\\\/deliangdisplay.com\\\/our-product\\\/accessories\\\/bangle-bars\\\/multi-layer-3d-staggered-jewelry-rack-solid-wood-for-bracelets-bangles-accessories\\\/\"]}]},{\"@type\":\"ImageObject\",\"inLanguage\":\"it-IT\",\"@id\":\"https:\\\/\\\/deliangdisplay.com\\\/our-product\\\/accessories\\\/bangle-bars\\\/multi-layer-3d-staggered-jewelry-rack-solid-wood-for-bracelets-bangles-accessories\\\/#primaryimage\",\"url\":\"https:\\\/\\\/deliangdisplay.com\\\/wp-content\\\/uploads\\\/2025\\\/11\\\/13.webp\",\"contentUrl\":\"https:\\\/\\\/deliangdisplay.com\\\/wp-content\\\/uploads\\\/2025\\\/11\\\/13.webp\",\"width\":1440,\"height\":1920},{\"@type\":\"BreadcrumbList\",\"@id\":\"https:\\\/\\\/deliangdisplay.com\\\/our-product\\\/accessories\\\/bangle-bars\\\/multi-layer-3d-staggered-jewelry-rack-solid-wood-for-bracelets-bangles-accessories\\\/#breadcrumb\",\"itemListElement\":[{\"@type\":\"ListItem\",\"position\":1,\"name\":\"\u9996\u9875\",\"item\":\"https:\\\/\\\/deliangdisplay.com\\\/\"},{\"@type\":\"ListItem\",\"position\":2,\"name\":\"Our Product\",\"item\":\"https:\\\/\\\/deliangdisplay.com\\\/our-product\\\/\"},{\"@type\":\"ListItem\",\"position\":3,\"name\":\"Multi-Layer 3D Staggered Jewelry Rack \u2013 Solid Wood for Bracelets, Bangles &#038; Accessories\"}]},{\"@type\":\"WebSite\",\"@id\":\"https:\\\/\\\/deliangdisplay.com\\\/#website\",\"url\":\"https:\\\/\\\/deliangdisplay.com\\\/\",\"name\":\"deliangdisplay.com\",\"description\":\"DE-LIANG - Providing bespoke packaging solutions and luxurious display design services for brands in jewelry, apparel, watches, beauty cosmetics, and more.\",\"publisher\":{\"@id\":\"https:\\\/\\\/deliangdisplay.com\\\/#organization\"},\"potentialAction\":[{\"@type\":\"SearchAction\",\"target\":{\"@type\":\"EntryPoint\",\"urlTemplate\":\"https:\\\/\\\/deliangdisplay.com\\\/?s={search_term_string}\"},\"query-input\":{\"@type\":\"PropertyValueSpecification\",\"valueRequired\":true,\"valueName\":\"search_term_string\"}}],\"inLanguage\":\"it-IT\"},{\"@type\":\"Organization\",\"@id\":\"https:\\\/\\\/deliangdisplay.com\\\/#organization\",\"name\":\"deliangdisplay.com\",\"url\":\"https:\\\/\\\/deliangdisplay.com\\\/\",\"logo\":{\"@type\":\"ImageObject\",\"inLanguage\":\"it-IT\",\"@id\":\"https:\\\/\\\/deliangdisplay.com\\\/#\\\/schema\\\/logo\\\/image\\\/\",\"url\":\"https:\\\/\\\/deliangdisplay.com\\\/wp-content\\\/uploads\\\/2025\\\/08\\\/DELIANGDISPALY_logo.png\",\"contentUrl\":\"https:\\\/\\\/deliangdisplay.com\\\/wp-content\\\/uploads\\\/2025\\\/08\\\/DELIANGDISPALY_logo.png\",\"width\":300,\"height\":130,\"caption\":\"deliangdisplay.com\"},\"image\":{\"@id\":\"https:\\\/\\\/deliangdisplay.com\\\/#\\\/schema\\\/logo\\\/image\\\/\"},\"sameAs\":[\"https:\\\/\\\/www.facebook.com\\\/JaneZhang008\\\/\",\"https:\\\/\\\/x.com\\\/ly673551729\"]}]}<\/script>\n<!-- \/ Yoast SEO plugin. -->","yoast_head_json":{"title":"Portagioie sfalsato 3D multistrato - Legno massiccio per bracciali, braccialetti e accessori - DE-LIANG - gioielli, vestiti, orologi, cosmetici di bellezza","robots":{"index":"index","follow":"follow","max-snippet":"max-snippet:-1","max-image-preview":"max-image-preview:large","max-video-preview":"max-video-preview:-1"},"canonical":"https:\/\/deliangdisplay.com\/it\/il-nostro-prodotto\/accessori\/braccialetti\/multi-strato-3d-sfalsato-portagioie-in-legno-massiccio-per-bracciali-braccialetti-accessori\/","og_locale":"it_IT","og_type":"article","og_title":"Multi-Layer 3D Staggered Jewelry Rack \u2013 Solid Wood for Bracelets, Bangles & Accessories - DE-LIANG - jewelry,clothes,watch,beauty cosmetics","og_description":"Crafted from premium solid wood, this jewelry display rack features a multi-layer 3D staggered design. It\u2019s wear-resistant, scratch-proof, and stable with a thickened widened base. Ideal for bracelets, bangles, necklaces, it offers easy access, minimizes damage, and suits stores, trade shows, or home use\u2014blending durability, functionality, and luxury to highlight your accessories.","og_url":"https:\/\/deliangdisplay.com\/it\/il-nostro-prodotto\/accessori\/braccialetti\/multi-strato-3d-sfalsato-portagioie-in-legno-massiccio-per-bracciali-braccialetti-accessori\/","og_site_name":"DE-LIANG - jewelry,clothes,watch,beauty cosmetics","article_publisher":"https:\/\/www.facebook.com\/JaneZhang008\/","article_modified_time":"2025-11-07T03:33:16+00:00","og_image":[{"width":1440,"height":1920,"url":"https:\/\/deliangdisplay.com\/wp-content\/uploads\/2025\/11\/13.webp","type":"image\/webp"}],"twitter_card":"summary_large_image","twitter_site":"@ly673551729","twitter_misc":{"Tempo di lettura stimato":"2 minuti"},"schema":{"@context":"https:\/\/schema.org","@graph":[{"@type":"WebPage","@id":"https:\/\/deliangdisplay.com\/our-product\/accessories\/bangle-bars\/multi-layer-3d-staggered-jewelry-rack-solid-wood-for-bracelets-bangles-accessories\/","url":"https:\/\/deliangdisplay.com\/our-product\/accessories\/bangle-bars\/multi-layer-3d-staggered-jewelry-rack-solid-wood-for-bracelets-bangles-accessories\/","name":"Portagioie sfalsato 3D multistrato - Legno massiccio per bracciali, braccialetti e accessori - DE-LIANG - gioielli, vestiti, orologi, cosmetici di bellezza","isPartOf":{"@id":"https:\/\/deliangdisplay.com\/#website"},"primaryImageOfPage":{"@id":"https:\/\/deliangdisplay.com\/our-product\/accessories\/bangle-bars\/multi-layer-3d-staggered-jewelry-rack-solid-wood-for-bracelets-bangles-accessories\/#primaryimage"},"image":{"@id":"https:\/\/deliangdisplay.com\/our-product\/accessories\/bangle-bars\/multi-layer-3d-staggered-jewelry-rack-solid-wood-for-bracelets-bangles-accessories\/#primaryimage"},"thumbnailUrl":"https:\/\/deliangdisplay.com\/wp-content\/uploads\/2025\/11\/13.webp","datePublished":"2025-11-07T03:31:54+00:00","dateModified":"2025-11-07T03:33:16+00:00","breadcrumb":{"@id":"https:\/\/deliangdisplay.com\/our-product\/accessories\/bangle-bars\/multi-layer-3d-staggered-jewelry-rack-solid-wood-for-bracelets-bangles-accessories\/#breadcrumb"},"inLanguage":"it-IT","potentialAction":[{"@type":"ReadAction","target":["https:\/\/deliangdisplay.com\/our-product\/accessories\/bangle-bars\/multi-layer-3d-staggered-jewelry-rack-solid-wood-for-bracelets-bangles-accessories\/"]}]},{"@type":"ImageObject","inLanguage":"it-IT","@id":"https:\/\/deliangdisplay.com\/our-product\/accessories\/bangle-bars\/multi-layer-3d-staggered-jewelry-rack-solid-wood-for-bracelets-bangles-accessories\/#primaryimage","url":"https:\/\/deliangdisplay.com\/wp-content\/uploads\/2025\/11\/13.webp","contentUrl":"https:\/\/deliangdisplay.com\/wp-content\/uploads\/2025\/11\/13.webp","width":1440,"height":1920},{"@type":"BreadcrumbList","@id":"https:\/\/deliangdisplay.com\/our-product\/accessories\/bangle-bars\/multi-layer-3d-staggered-jewelry-rack-solid-wood-for-bracelets-bangles-accessories\/#breadcrumb","itemListElement":[{"@type":"ListItem","position":1,"name":"\u9996\u9875","item":"https:\/\/deliangdisplay.com\/"},{"@type":"ListItem","position":2,"name":"Our Product","item":"https:\/\/deliangdisplay.com\/our-product\/"},{"@type":"ListItem","position":3,"name":"Multi-Layer 3D Staggered Jewelry Rack \u2013 Solid Wood for Bracelets, Bangles &#038; Accessories"}]},{"@type":"WebSite","@id":"https:\/\/deliangdisplay.com\/#website","url":"https:\/\/deliangdisplay.com\/","name":"deliangdisplay.com","description":"DE-LIANG - Fornisce soluzioni di packaging su misura e servizi di design di espositori di lusso per marchi di gioielli, abbigliamento, orologi, cosmetici di bellezza e altro ancora.","publisher":{"@id":"https:\/\/deliangdisplay.com\/#organization"},"potentialAction":[{"@type":"SearchAction","target":{"@type":"EntryPoint","urlTemplate":"https:\/\/deliangdisplay.com\/?s={search_term_string}"},"query-input":{"@type":"PropertyValueSpecification","valueRequired":true,"valueName":"search_term_string"}}],"inLanguage":"it-IT"},{"@type":"Organization","@id":"https:\/\/deliangdisplay.com\/#organization","name":"deliangdisplay.com","url":"https:\/\/deliangdisplay.com\/","logo":{"@type":"ImageObject","inLanguage":"it-IT","@id":"https:\/\/deliangdisplay.com\/#\/schema\/logo\/image\/","url":"https:\/\/deliangdisplay.com\/wp-content\/uploads\/2025\/08\/DELIANGDISPALY_logo.png","contentUrl":"https:\/\/deliangdisplay.com\/wp-content\/uploads\/2025\/08\/DELIANGDISPALY_logo.png","width":300,"height":130,"caption":"deliangdisplay.com"},"image":{"@id":"https:\/\/deliangdisplay.com\/#\/schema\/logo\/image\/"},"sameAs":["https:\/\/www.facebook.com\/JaneZhang008\/","https:\/\/x.com\/ly673551729"]}]}},"_links":{"self":[{"href":"https:\/\/deliangdisplay.com\/it\/wp-json\/wp\/v2\/product\/44127","targetHints":{"allow":["GET"]}}],"collection":[{"href":"https:\/\/deliangdisplay.com\/it\/wp-json\/wp\/v2\/product"}],"about":[{"href":"https:\/\/deliangdisplay.com\/it\/wp-json\/wp\/v2\/types\/product"}],"replies":[{"embeddable":true,"href":"https:\/\/deliangdisplay.com\/it\/wp-json\/wp\/v2\/comments?post=44127"}],"wp:featuredmedia":[{"embeddable":true,"href":"https:\/\/deliangdisplay.com\/it\/wp-json\/wp\/v2\/media\/44134"}],"wp:attachment":[{"href":"https:\/\/deliangdisplay.com\/it\/wp-json\/wp\/v2\/media?parent=44127"}],"wp:term":[{"taxonomy":"product_brand","embeddable":true,"href":"https:\/\/deliangdisplay.com\/it\/wp-json\/wp\/v2\/product_brand?post=44127"},{"taxonomy":"product_cat","embeddable":true,"href":"https:\/\/deliangdisplay.com\/it\/wp-json\/wp\/v2\/product_cat?post=44127"},{"taxonomy":"product_tag","embeddable":true,"href":"https:\/\/deliangdisplay.com\/it\/wp-json\/wp\/v2\/product_tag?post=44127"}],"curies":[{"name":"wp","href":"https:\/\/api.w.org\/{rel}","templated":true}]}}