{"id":43974,"date":"2025-10-30T18:27:14","date_gmt":"2025-10-30T10:27:14","guid":{"rendered":"https:\/\/deliangdisplay.com\/?post_type=product&#038;p=43974"},"modified":"2025-10-31T09:18:05","modified_gmt":"2025-10-31T01:18:05","slug":"busto-espositivo-per-gioielli-in-velluto-di-alta-gamma-verde-beige-rosa-per-banconi-di-negozi","status":"publish","type":"product","link":"https:\/\/deliangdisplay.com\/it\/il-nostro-prodotto\/visualizzazioni\/gioielli-non-classificati\/busto-espositivo-per-gioielli-in-velluto-di-alta-gamma-verde-beige-rosa-per-banconi-di-negozi\/","title":{"rendered":"Busto da esposizione per gioielli in velluto di alta gamma - Verde\/Beige\/Rosa per banconi di negozi"},"content":{"rendered":"<div class=\"inter-jQQQ8P\">\n<div class=\"container-PrUkKo\">\n<div class=\"item-hGGxLi\">\n<div class=\"container-arOxqB chrome70-container\">\n<div class=\"inner-FyM8gE inner-item-f8P6nx\" data-target-id=\"message-box-target-id\" data-testid=\"union_message\">\n<div class=\"message-block-container-aFugD6\" data-testid=\"message-block-container\" data-ui-version=\"samantha\">\n<div class=\"flex flex-row w-full w-full max-w-full s-font-base text-s-color-text-secondary p-0 rounded-s-radius-s bg-transparent group data-[attr=select-mode]:-mt-10 data-[attr=select-mode]:py-10 data-[attr=select-mode]:px-16 data-[attr=select-mode]:sm:p-10 data-[attr=select-mode]:hover:bg-s-color-bg-base data-[attr=select-mode]:hover:rounded-s-radius-xs data-[attr=select-mode]:has-[:checked]:bg-s-color-bg-trans data-[attr=select-mode]:has-[:checked]:rounded-s-radius-xs data-[attr=select-mode]:pointer-events-none\" data-testid=\"receive_message\">\n<div class=\"flex flex-col flex-grow max-w-full min-w-0\">\n<div class=\"flex flex-row w-full\" data-testid=\"message_content\" data-message-id=\"26829522936514562\" data-set-copy-handler=\"true\">\n<div class=\"w-full\" data-plugin-identifier=\"Symbol(infra:receive-message-box:text)\">\n<div class=\"container-ZYIsnH flow-markdown-body mdbox-theme-next theme-samantha-Nbr9UN\" dir=\"ltr\" data-testid=\"message_text_content\" data-show-indicator=\"false\">\n<h3 class=\"header-vfC6AV auto-hide-last-sibling-br\">Panoramica del prodotto<\/h3>\n<div class=\"auto-hide-last-sibling-br paragraph-JOTKXA paragraph-element br-paragraph-space\">Questo \u00e8 un\u00a0<strong>busto espositivo per gioielli di alta gamma<\/strong>\u00a0progettato per esporre collane, catene, ciondoli e altri accessori di gioielleria. Presenta un design raffinato e nobile che aumenta l'attrattiva visiva, ideale per attirare i clienti nelle gioiellerie, aggiungere intimit\u00e0 agli interni delle case e migliorare la presentazione dei prodotti alle fiere o negli showroom. Oltre alla funzionalit\u00e0, \u00e8 anche un moderno elemento decorativo, che si integra perfettamente in vari spazi e serve come strumento pratico per la fotografia professionale dei prodotti, per aiutare i clienti a visualizzare i gioielli \u201cin uso\u201d.\u201d<\/div>\n<h3 class=\"header-vfC6AV auto-hide-last-sibling-br\">Specifiche principali<\/h3>\n<ul class=\"auto-hide-last-sibling-br\">\n<li><strong>Materiale e aspetto<\/strong>: Realizzato con un esterno in morbido tessuto di velluto e una stabile base rotonda in legno; disponibile in tre colori (verde, beige e rosa) per uno stile versatile. La superficie in velluto riduce al minimo i riflessi nelle foto, facendo risaltare chiaramente i dettagli dei gioielli.<\/li>\n<li><strong>Gamma di dimensioni<\/strong>: Disponibile in tre dimensioni per adattarsi alle diverse esigenze espositive:\n<ul class=\"auto-hide-last-sibling-br\">\n<li>Busto piccolo: 14 cm di larghezza, 17 cm di altezza, 8,5 cm di diametro della base<\/li>\n<li>Busto medio: 16,5 cm (6,5\") di larghezza, 27 cm (11\") di altezza, 10,5 cm (4,1\") di diametro di base<\/li>\n<li>Busto grande: 19 cm di larghezza, 32 cm di altezza, 11,5 cm di diametro della base<\/li>\n<\/ul>\n<\/li>\n<li><strong>Costruzione del nucleo<\/strong>: Realizzato in resina ecologica di alta qualit\u00e0 (per il corpo del busto), levigata, robusta, resistente alle cadute e durevole per un uso prolungato.<\/li>\n<\/ul>\n<h3 class=\"header-vfC6AV auto-hide-last-sibling-br\">Caratteristiche principali<\/h3>\n<ul class=\"auto-hide-last-sibling-br\">\n<li><strong>Premium e protettivo<\/strong>: Il tessuto di velluto \u00e8 delicato sui gioielli e impedisce che si graffino, aggiungendo al contempo una sensazione tattile di lusso che si allinea al marchio di gioielli di alta gamma.<\/li>\n<li><strong>Stabile e salvaspazio<\/strong>: La base rotonda in legno garantisce stabilit\u00e0, mentre il design compatto lo rende un \u201cespositore per piccoli spazi\u201d: facile da collocare su banconi, vetrine o cassettiere di casa senza occupare spazio in eccesso.<\/li>\n<li><strong>Versatilit\u00e0 multiscenario<\/strong>: Adatto a negozi di vendita al dettaglio, fiere, magazzini domestici e fotografia di prodotti. \u00c8 adatto sia per uso commerciale (ad esempio, vetrine di gioiellerie) che per uso personale (ad esempio, organizzazione di gioielli in camera da letto).<\/li>\n<li><strong>Doppia funzionalit\u00e0<\/strong>: Funge sia da soluzione per riporre i gioielli (per tenere in ordine collane, catene e orecchini) sia da opera d'arte decorativa, migliorando l'estetica di qualsiasi interno, dai banconi dei negozi alle camere da letto di casa.<\/li>\n<\/ul>\n<\/div>\n<\/div>\n<\/div>\n<div class=\"flex-row flex max-w-full min-w-0 flex-grow\">\n<div class=\"flex flex-col justify-end h-40 w-full select-none opacity-100\" data-testid=\"message_action_bar\">\n<div class=\"message-action-bar-ghR0JC flex flex-row w-full group\"><\/div>\n<\/div>\n<\/div>\n<div class=\"suggest-message-list-wrapper-Hn7Sfr\" data-testid=\"suggest_message_list\"><\/div>\n<\/div>\n<\/div>\n<\/div>\n<\/div>\n<\/div>\n<\/div>\n<\/div>\n<\/div>\n<div class=\"top-lAPxtl\">\n<div class=\"container-arOxqB chrome70-container\"><\/div>\n<\/div>","protected":false},"excerpt":{"rendered":"<p>Si tratta di un busto espositore per gioielli di alta gamma con esterno in velluto e base rotonda in legno, disponibile in verde, beige e rosa. \u00c8 disponibile in 3 dimensioni: piccola (14\u00d717\u00d78,5 cm), media (16,5\u00d727\u00d710,5 cm), grande (19\u00d732\u00d711,5 cm), realizzata in resina ecologica per una maggiore durata. Ideale per esporre collane, catene e ciondoli, si adatta alle gioiellerie, alle fiere, alle case e alle fotografie di prodotto, proteggendo i gioielli e migliorando al contempo il fascino visivo.<\/p>","protected":false},"featured_media":43988,"comment_status":"open","ping_status":"closed","template":"","meta":{"_acf_changed":false},"product_brand":[84],"product_cat":[828],"product_tag":[887,885,894,891,884,883,890,874,889,886,839,199,888,893,892],"class_list":{"0":"post-43974","1":"product","2":"type-product","3":"status-publish","4":"has-post-thumbnail","6":"product_brand-de-liang","7":"product_cat-jewelry-uncategorized","8":"product_tag-3-size-jewelry-display-bust","9":"product_tag-beige-necklace-display-stand","10":"product_tag-colorful-velvet-jewelry-stand","11":"product_tag-eco-friendly-resin-jewelry-bust","12":"product_tag-green-velvet-jewelry-bust","13":"product_tag-high-end-velvet-jewelry-display-bust","14":"product_tag-home-jewelry-storage-bust","15":"product_tag-jewelry-store-counter-display","16":"product_tag-luxury-velvet-jewelry-bust","17":"product_tag-pink-jewelry-mannequin-bust","18":"product_tag-product-photography-jewelry-bust","19":"product_tag-retail-jewelry-display-stand","20":"product_tag-velvet-chain-necklace-stand","21":"product_tag-velvet-pendant-display-bust","22":"product_tag-wooden-base-jewelry-display","24":"first","25":"instock","26":"shipping-taxable","27":"purchasable","28":"product-type-simple"},"acf":[],"yoast_head":"<!-- This site is optimized with the Yoast SEO plugin v27.4 - https:\/\/yoast.com\/product\/yoast-seo-wordpress\/ -->\n<title>High-End Velvet Jewelry Display Bust \u2013 Green\/Beige\/Pink for Store Counters - DE-LIANG - jewelry,clothes,watch,beauty cosmetics<\/title>\n<meta name=\"robots\" content=\"index, follow, max-snippet:-1, max-image-preview:large, max-video-preview:-1\" \/>\n<link rel=\"canonical\" href=\"https:\/\/deliangdisplay.com\/it\/il-nostro-prodotto\/visualizzazioni\/gioielli-non-classificati\/busto-espositivo-per-gioielli-in-velluto-di-alta-gamma-verde-beige-rosa-per-banconi-di-negozi\/\" \/>\n<meta property=\"og:locale\" content=\"it_IT\" \/>\n<meta property=\"og:type\" content=\"article\" \/>\n<meta property=\"og:title\" content=\"High-End Velvet Jewelry Display Bust \u2013 Green\/Beige\/Pink for Store Counters - DE-LIANG - jewelry,clothes,watch,beauty cosmetics\" \/>\n<meta property=\"og:description\" content=\"This is a high-end jewelry display bust with a velvet exterior and wooden round base, available in green, beige, pink. It comes in 3 sizes\u2014small (14\u00d717\u00d78.5cm), medium (16.5\u00d727\u00d710.5cm), large (19\u00d732\u00d711.5cm)\u2014crafted from eco-friendly resin for durability. Ideal for showcasing necklaces, chains, pendants, it fits jewelry stores, trade shows, homes, and product photography, protecting jewelry while enhancing visual appeal.\" \/>\n<meta property=\"og:url\" content=\"https:\/\/deliangdisplay.com\/it\/il-nostro-prodotto\/visualizzazioni\/gioielli-non-classificati\/busto-espositivo-per-gioielli-in-velluto-di-alta-gamma-verde-beige-rosa-per-banconi-di-negozi\/\" \/>\n<meta property=\"og:site_name\" content=\"DE-LIANG - jewelry,clothes,watch,beauty cosmetics\" \/>\n<meta property=\"article:publisher\" content=\"https:\/\/www.facebook.com\/JaneZhang008\/\" \/>\n<meta property=\"article:modified_time\" content=\"2025-10-31T01:18:05+00:00\" \/>\n<meta property=\"og:image\" content=\"https:\/\/deliangdisplay.com\/wp-content\/uploads\/2025\/10\/48-1.webp\" \/>\n\t<meta property=\"og:image:width\" content=\"713\" \/>\n\t<meta property=\"og:image:height\" content=\"713\" \/>\n\t<meta property=\"og:image:type\" content=\"image\/webp\" \/>\n<meta name=\"twitter:card\" content=\"summary_large_image\" \/>\n<meta name=\"twitter:site\" content=\"@ly673551729\" \/>\n<meta name=\"twitter:label1\" content=\"Tempo di lettura stimato\" \/>\n\t<meta name=\"twitter:data1\" content=\"2 minuti\" \/>\n<script type=\"application\/ld+json\" class=\"yoast-schema-graph\">{\"@context\":\"https:\\\/\\\/schema.org\",\"@graph\":[{\"@type\":\"WebPage\",\"@id\":\"https:\\\/\\\/deliangdisplay.com\\\/our-product\\\/displays\\\/jewelry-uncategorized\\\/high-end-velvet-jewelry-display-bust-green-beige-pink-for-store-counters\\\/\",\"url\":\"https:\\\/\\\/deliangdisplay.com\\\/our-product\\\/displays\\\/jewelry-uncategorized\\\/high-end-velvet-jewelry-display-bust-green-beige-pink-for-store-counters\\\/\",\"name\":\"High-End Velvet Jewelry Display Bust \u2013 Green\\\/Beige\\\/Pink for Store Counters - DE-LIANG - jewelry,clothes,watch,beauty cosmetics\",\"isPartOf\":{\"@id\":\"https:\\\/\\\/deliangdisplay.com\\\/#website\"},\"primaryImageOfPage\":{\"@id\":\"https:\\\/\\\/deliangdisplay.com\\\/our-product\\\/displays\\\/jewelry-uncategorized\\\/high-end-velvet-jewelry-display-bust-green-beige-pink-for-store-counters\\\/#primaryimage\"},\"image\":{\"@id\":\"https:\\\/\\\/deliangdisplay.com\\\/our-product\\\/displays\\\/jewelry-uncategorized\\\/high-end-velvet-jewelry-display-bust-green-beige-pink-for-store-counters\\\/#primaryimage\"},\"thumbnailUrl\":\"https:\\\/\\\/deliangdisplay.com\\\/wp-content\\\/uploads\\\/2025\\\/10\\\/48-1.webp\",\"datePublished\":\"2025-10-30T10:27:14+00:00\",\"dateModified\":\"2025-10-31T01:18:05+00:00\",\"breadcrumb\":{\"@id\":\"https:\\\/\\\/deliangdisplay.com\\\/our-product\\\/displays\\\/jewelry-uncategorized\\\/high-end-velvet-jewelry-display-bust-green-beige-pink-for-store-counters\\\/#breadcrumb\"},\"inLanguage\":\"it-IT\",\"potentialAction\":[{\"@type\":\"ReadAction\",\"target\":[\"https:\\\/\\\/deliangdisplay.com\\\/our-product\\\/displays\\\/jewelry-uncategorized\\\/high-end-velvet-jewelry-display-bust-green-beige-pink-for-store-counters\\\/\"]}]},{\"@type\":\"ImageObject\",\"inLanguage\":\"it-IT\",\"@id\":\"https:\\\/\\\/deliangdisplay.com\\\/our-product\\\/displays\\\/jewelry-uncategorized\\\/high-end-velvet-jewelry-display-bust-green-beige-pink-for-store-counters\\\/#primaryimage\",\"url\":\"https:\\\/\\\/deliangdisplay.com\\\/wp-content\\\/uploads\\\/2025\\\/10\\\/48-1.webp\",\"contentUrl\":\"https:\\\/\\\/deliangdisplay.com\\\/wp-content\\\/uploads\\\/2025\\\/10\\\/48-1.webp\",\"width\":713,\"height\":713},{\"@type\":\"BreadcrumbList\",\"@id\":\"https:\\\/\\\/deliangdisplay.com\\\/our-product\\\/displays\\\/jewelry-uncategorized\\\/high-end-velvet-jewelry-display-bust-green-beige-pink-for-store-counters\\\/#breadcrumb\",\"itemListElement\":[{\"@type\":\"ListItem\",\"position\":1,\"name\":\"\u9996\u9875\",\"item\":\"https:\\\/\\\/deliangdisplay.com\\\/\"},{\"@type\":\"ListItem\",\"position\":2,\"name\":\"Our Product\",\"item\":\"https:\\\/\\\/deliangdisplay.com\\\/our-product\\\/\"},{\"@type\":\"ListItem\",\"position\":3,\"name\":\"High-End Velvet Jewelry Display Bust \u2013 Green\\\/Beige\\\/Pink for Store Counters\"}]},{\"@type\":\"WebSite\",\"@id\":\"https:\\\/\\\/deliangdisplay.com\\\/#website\",\"url\":\"https:\\\/\\\/deliangdisplay.com\\\/\",\"name\":\"deliangdisplay.com\",\"description\":\"DE-LIANG - Providing bespoke packaging solutions and luxurious display design services for brands in jewelry, apparel, watches, beauty cosmetics, and more.\",\"publisher\":{\"@id\":\"https:\\\/\\\/deliangdisplay.com\\\/#organization\"},\"potentialAction\":[{\"@type\":\"SearchAction\",\"target\":{\"@type\":\"EntryPoint\",\"urlTemplate\":\"https:\\\/\\\/deliangdisplay.com\\\/?s={search_term_string}\"},\"query-input\":{\"@type\":\"PropertyValueSpecification\",\"valueRequired\":true,\"valueName\":\"search_term_string\"}}],\"inLanguage\":\"it-IT\"},{\"@type\":\"Organization\",\"@id\":\"https:\\\/\\\/deliangdisplay.com\\\/#organization\",\"name\":\"deliangdisplay.com\",\"url\":\"https:\\\/\\\/deliangdisplay.com\\\/\",\"logo\":{\"@type\":\"ImageObject\",\"inLanguage\":\"it-IT\",\"@id\":\"https:\\\/\\\/deliangdisplay.com\\\/#\\\/schema\\\/logo\\\/image\\\/\",\"url\":\"https:\\\/\\\/deliangdisplay.com\\\/wp-content\\\/uploads\\\/2025\\\/08\\\/DELIANGDISPALY_logo.png\",\"contentUrl\":\"https:\\\/\\\/deliangdisplay.com\\\/wp-content\\\/uploads\\\/2025\\\/08\\\/DELIANGDISPALY_logo.png\",\"width\":300,\"height\":130,\"caption\":\"deliangdisplay.com\"},\"image\":{\"@id\":\"https:\\\/\\\/deliangdisplay.com\\\/#\\\/schema\\\/logo\\\/image\\\/\"},\"sameAs\":[\"https:\\\/\\\/www.facebook.com\\\/JaneZhang008\\\/\",\"https:\\\/\\\/x.com\\\/ly673551729\"]}]}<\/script>\n<!-- \/ Yoast SEO plugin. -->","yoast_head_json":{"title":"High-End velluto gioielli Display Bust - verde \/ beige \/ rosa per i banchi del negozio - DE-LIANG - gioielli, vestiti, orologi, cosmetici bellezza","robots":{"index":"index","follow":"follow","max-snippet":"max-snippet:-1","max-image-preview":"max-image-preview:large","max-video-preview":"max-video-preview:-1"},"canonical":"https:\/\/deliangdisplay.com\/it\/il-nostro-prodotto\/visualizzazioni\/gioielli-non-classificati\/busto-espositivo-per-gioielli-in-velluto-di-alta-gamma-verde-beige-rosa-per-banconi-di-negozi\/","og_locale":"it_IT","og_type":"article","og_title":"High-End Velvet Jewelry Display Bust \u2013 Green\/Beige\/Pink for Store Counters - DE-LIANG - jewelry,clothes,watch,beauty cosmetics","og_description":"This is a high-end jewelry display bust with a velvet exterior and wooden round base, available in green, beige, pink. It comes in 3 sizes\u2014small (14\u00d717\u00d78.5cm), medium (16.5\u00d727\u00d710.5cm), large (19\u00d732\u00d711.5cm)\u2014crafted from eco-friendly resin for durability. Ideal for showcasing necklaces, chains, pendants, it fits jewelry stores, trade shows, homes, and product photography, protecting jewelry while enhancing visual appeal.","og_url":"https:\/\/deliangdisplay.com\/it\/il-nostro-prodotto\/visualizzazioni\/gioielli-non-classificati\/busto-espositivo-per-gioielli-in-velluto-di-alta-gamma-verde-beige-rosa-per-banconi-di-negozi\/","og_site_name":"DE-LIANG - jewelry,clothes,watch,beauty cosmetics","article_publisher":"https:\/\/www.facebook.com\/JaneZhang008\/","article_modified_time":"2025-10-31T01:18:05+00:00","og_image":[{"width":713,"height":713,"url":"https:\/\/deliangdisplay.com\/wp-content\/uploads\/2025\/10\/48-1.webp","type":"image\/webp"}],"twitter_card":"summary_large_image","twitter_site":"@ly673551729","twitter_misc":{"Tempo di lettura stimato":"2 minuti"},"schema":{"@context":"https:\/\/schema.org","@graph":[{"@type":"WebPage","@id":"https:\/\/deliangdisplay.com\/our-product\/displays\/jewelry-uncategorized\/high-end-velvet-jewelry-display-bust-green-beige-pink-for-store-counters\/","url":"https:\/\/deliangdisplay.com\/our-product\/displays\/jewelry-uncategorized\/high-end-velvet-jewelry-display-bust-green-beige-pink-for-store-counters\/","name":"High-End velluto gioielli Display Bust - verde \/ beige \/ rosa per i banchi del negozio - DE-LIANG - gioielli, vestiti, orologi, cosmetici bellezza","isPartOf":{"@id":"https:\/\/deliangdisplay.com\/#website"},"primaryImageOfPage":{"@id":"https:\/\/deliangdisplay.com\/our-product\/displays\/jewelry-uncategorized\/high-end-velvet-jewelry-display-bust-green-beige-pink-for-store-counters\/#primaryimage"},"image":{"@id":"https:\/\/deliangdisplay.com\/our-product\/displays\/jewelry-uncategorized\/high-end-velvet-jewelry-display-bust-green-beige-pink-for-store-counters\/#primaryimage"},"thumbnailUrl":"https:\/\/deliangdisplay.com\/wp-content\/uploads\/2025\/10\/48-1.webp","datePublished":"2025-10-30T10:27:14+00:00","dateModified":"2025-10-31T01:18:05+00:00","breadcrumb":{"@id":"https:\/\/deliangdisplay.com\/our-product\/displays\/jewelry-uncategorized\/high-end-velvet-jewelry-display-bust-green-beige-pink-for-store-counters\/#breadcrumb"},"inLanguage":"it-IT","potentialAction":[{"@type":"ReadAction","target":["https:\/\/deliangdisplay.com\/our-product\/displays\/jewelry-uncategorized\/high-end-velvet-jewelry-display-bust-green-beige-pink-for-store-counters\/"]}]},{"@type":"ImageObject","inLanguage":"it-IT","@id":"https:\/\/deliangdisplay.com\/our-product\/displays\/jewelry-uncategorized\/high-end-velvet-jewelry-display-bust-green-beige-pink-for-store-counters\/#primaryimage","url":"https:\/\/deliangdisplay.com\/wp-content\/uploads\/2025\/10\/48-1.webp","contentUrl":"https:\/\/deliangdisplay.com\/wp-content\/uploads\/2025\/10\/48-1.webp","width":713,"height":713},{"@type":"BreadcrumbList","@id":"https:\/\/deliangdisplay.com\/our-product\/displays\/jewelry-uncategorized\/high-end-velvet-jewelry-display-bust-green-beige-pink-for-store-counters\/#breadcrumb","itemListElement":[{"@type":"ListItem","position":1,"name":"\u9996\u9875","item":"https:\/\/deliangdisplay.com\/"},{"@type":"ListItem","position":2,"name":"Our Product","item":"https:\/\/deliangdisplay.com\/our-product\/"},{"@type":"ListItem","position":3,"name":"High-End Velvet Jewelry Display Bust \u2013 Green\/Beige\/Pink for Store Counters"}]},{"@type":"WebSite","@id":"https:\/\/deliangdisplay.com\/#website","url":"https:\/\/deliangdisplay.com\/","name":"deliangdisplay.com","description":"DE-LIANG - Fornisce soluzioni di packaging su misura e servizi di design di espositori di lusso per marchi di gioielli, abbigliamento, orologi, cosmetici di bellezza e altro ancora.","publisher":{"@id":"https:\/\/deliangdisplay.com\/#organization"},"potentialAction":[{"@type":"SearchAction","target":{"@type":"EntryPoint","urlTemplate":"https:\/\/deliangdisplay.com\/?s={search_term_string}"},"query-input":{"@type":"PropertyValueSpecification","valueRequired":true,"valueName":"search_term_string"}}],"inLanguage":"it-IT"},{"@type":"Organization","@id":"https:\/\/deliangdisplay.com\/#organization","name":"deliangdisplay.com","url":"https:\/\/deliangdisplay.com\/","logo":{"@type":"ImageObject","inLanguage":"it-IT","@id":"https:\/\/deliangdisplay.com\/#\/schema\/logo\/image\/","url":"https:\/\/deliangdisplay.com\/wp-content\/uploads\/2025\/08\/DELIANGDISPALY_logo.png","contentUrl":"https:\/\/deliangdisplay.com\/wp-content\/uploads\/2025\/08\/DELIANGDISPALY_logo.png","width":300,"height":130,"caption":"deliangdisplay.com"},"image":{"@id":"https:\/\/deliangdisplay.com\/#\/schema\/logo\/image\/"},"sameAs":["https:\/\/www.facebook.com\/JaneZhang008\/","https:\/\/x.com\/ly673551729"]}]}},"_links":{"self":[{"href":"https:\/\/deliangdisplay.com\/it\/wp-json\/wp\/v2\/product\/43974","targetHints":{"allow":["GET"]}}],"collection":[{"href":"https:\/\/deliangdisplay.com\/it\/wp-json\/wp\/v2\/product"}],"about":[{"href":"https:\/\/deliangdisplay.com\/it\/wp-json\/wp\/v2\/types\/product"}],"replies":[{"embeddable":true,"href":"https:\/\/deliangdisplay.com\/it\/wp-json\/wp\/v2\/comments?post=43974"}],"wp:featuredmedia":[{"embeddable":true,"href":"https:\/\/deliangdisplay.com\/it\/wp-json\/wp\/v2\/media\/43988"}],"wp:attachment":[{"href":"https:\/\/deliangdisplay.com\/it\/wp-json\/wp\/v2\/media?parent=43974"}],"wp:term":[{"taxonomy":"product_brand","embeddable":true,"href":"https:\/\/deliangdisplay.com\/it\/wp-json\/wp\/v2\/product_brand?post=43974"},{"taxonomy":"product_cat","embeddable":true,"href":"https:\/\/deliangdisplay.com\/it\/wp-json\/wp\/v2\/product_cat?post=43974"},{"taxonomy":"product_tag","embeddable":true,"href":"https:\/\/deliangdisplay.com\/it\/wp-json\/wp\/v2\/product_tag?post=43974"}],"curies":[{"name":"wp","href":"https:\/\/api.w.org\/{rel}","templated":true}]}}