{"id":43938,"date":"2025-10-30T18:18:59","date_gmt":"2025-10-30T10:18:59","guid":{"rendered":"https:\/\/deliangdisplay.com\/?post_type=product&#038;p=43938"},"modified":"2025-10-30T18:18:59","modified_gmt":"2025-10-30T10:18:59","slug":"multi-funzionale-gioielli-display-set-busto-orecchini-manichino-mano-modello-per-i-negozi","status":"publish","type":"product","link":"https:\/\/deliangdisplay.com\/it\/il-nostro-prodotto\/visualizzazioni\/gioielli-non-classificati\/multi-funzionale-gioielli-display-set-busto-orecchini-manichino-mano-modello-per-i-negozi\/","title":{"rendered":"Set di espositori per gioielli multifunzionali - Busto, manichino per orecchini e modello a mano per negozi"},"content":{"rendered":"<h3 class=\"header-vfC6AV auto-hide-last-sibling-br\">Panoramica del prodotto<\/h3>\n<div class=\"auto-hide-last-sibling-br paragraph-JOTKXA paragraph-element br-paragraph-space\">Questo \u00e8 un\u00a0<strong>set di espositori per gioielli multifunzionali<\/strong>\u00a0che comprende un busto, un manichino per orecchini e un modello a mano. \u00c8 progettato per esporre una variet\u00e0 di gioielli, come orecchini, orecchini a goccia, ciondoli e collane. Adatto a gioiellerie, boutique, banchi di vendita al dettaglio, fiere e aree di medicazione domestica, unisce la praticit\u00e0 al fascino decorativo. Non solo mette in risalto i dettagli e la bellezza dei gioielli, ma aiuta anche a organizzare gli accessori in modo ordinato, migliorando l'effetto espositivo complessivo e attirando l'attenzione dei clienti.<\/div>\n<h3 class=\"header-vfC6AV auto-hide-last-sibling-br\">Specifiche principali<\/h3>\n<ul class=\"auto-hide-last-sibling-br\">\n<li><strong>Dimensioni dei componenti<\/strong>\n<ul class=\"auto-hide-last-sibling-br\">\n<li>Busto: altezza 25 cm, lunghezza 13 cm, larghezza 8 cm - sufficientemente compatto per essere posizionato sul bancone.<\/li>\n<li>Manichino per orecchini: altezza 15 cm (5,9 pollici), progettato per contenere in modo sicuro orecchini singoli o a coppia.<\/li>\n<li>Modello a mano: Lunghezza 18 cm, larghezza 8 cm - ideale per esporre anelli, bracciali o ciondoli.<\/li>\n<\/ul>\n<\/li>\n<li><strong>Materiali e aspetto<\/strong>: Realizzato in plastica di alta qualit\u00e0 con finitura bianca liscia e opaca. Il colore neutro garantisce che i gioielli (di qualsiasi materiale o colore) rimangano al centro dell'attenzione senza distrazioni visive.<\/li>\n<\/ul>\n<h3 class=\"header-vfC6AV auto-hide-last-sibling-br\">Caratteristiche principali<\/h3>\n<ul class=\"auto-hide-last-sibling-br\">\n<li><strong>Display multifunzionale<\/strong>: La combinazione di busto, manichino per orecchini e modello a mano copre pi\u00f9 tipi di gioielli, eliminando la necessit\u00e0 di strumenti espositivi separati e risparmiando spazio.<\/li>\n<li><strong>Robusto e durevole<\/strong>: La struttura in plastica di alta qualit\u00e0 resiste all'usura, rendendola adatta all'uso prolungato in ambienti di vendita molto frequentati o all'uso domestico ripetuto.<\/li>\n<li><strong>Estetica neutra<\/strong>: La finitura bianca opaca si adatta a diversi decori di negozi (moderni, minimalisti o classici) e stili di casa. Esalta la lucentezza e i dettagli dei gioielli, soprattutto quelli in metallo o con pietre preziose.<\/li>\n<li><strong>Portatile e salvaspazio<\/strong>: Tutti i componenti sono leggeri e compatti, facili da spostare, assemblare e riporre. Si adattano perfettamente a piccoli banconi, scaffali o tavoli da toeletta senza occupare troppo spazio.<\/li>\n<\/ul>","protected":false},"excerpt":{"rendered":"<p>Questo set multifunzionale di espositori per gioielli comprende un busto, un manichino per orecchini e un modello a mano. Realizzato in plastica di alta qualit\u00e0 con finitura bianca opaca, \u00e8 adatto per esporre collane, orecchini, ciondoli, anelli e bracciali. Dimensioni: busto (25cm\u00d713cm\u00d78cm), manichino per orecchini (15cm di altezza), modello a mano (18cm\u00d78cm). Compatto e leggero, si adatta alle gioiellerie, alle boutique, ai banchi di vendita al dettaglio, alle fiere e all'uso domestico, organizzando con cura i gioielli e mettendone in risalto i dettagli.<\/p>","protected":false},"featured_media":43949,"comment_status":"open","ping_status":"closed","template":"","meta":{"_acf_changed":false},"product_brand":[84],"product_cat":[828],"product_tag":[836,864,859,860,141,858,865,861,857,862,863,867,866,868,850],"class_list":{"0":"post-43938","1":"product","2":"type-product","3":"status-publish","4":"has-post-thumbnail","6":"product_brand-de-liang","7":"product_cat-jewelry-uncategorized","8":"product_tag-boutique-jewelry-holder","9":"product_tag-eardrop-display-mannequin","10":"product_tag-earring-mannequin-stand","11":"product_tag-hand-model-jewelry-display","12":"product_tag-home-jewelry-organizer","13":"product_tag-jewelry-bust-display-stand","14":"product_tag-jewelry-store-display-kit","15":"product_tag-matte-white-plastic-jewelry-display","16":"product_tag-multi-functional-jewelry-display-set","17":"product_tag-necklace-display-set","18":"product_tag-pendant-display-stand","19":"product_tag-plastic-jewelry-display-set","20":"product_tag-retail-counter-jewelry-stand","21":"product_tag-ring-bracelet-hand-model-display","22":"product_tag-trade-show-jewelry-display","24":"first","25":"instock","26":"shipping-taxable","27":"purchasable","28":"product-type-simple"},"acf":[],"yoast_head":"<!-- This site is optimized with the Yoast SEO plugin v27.4 - https:\/\/yoast.com\/product\/yoast-seo-wordpress\/ -->\n<title>Multi-Functional Jewelry Display Set \u2013 Bust, Earring Mannequin &amp; Hand Model for Stores - DE-LIANG - jewelry,clothes,watch,beauty cosmetics<\/title>\n<meta name=\"robots\" content=\"index, follow, max-snippet:-1, max-image-preview:large, max-video-preview:-1\" \/>\n<link rel=\"canonical\" href=\"https:\/\/deliangdisplay.com\/it\/il-nostro-prodotto\/visualizzazioni\/gioielli-non-classificati\/multi-funzionale-gioielli-display-set-busto-orecchini-manichino-mano-modello-per-i-negozi\/\" \/>\n<meta property=\"og:locale\" content=\"it_IT\" \/>\n<meta property=\"og:type\" content=\"article\" \/>\n<meta property=\"og:title\" content=\"Multi-Functional Jewelry Display Set \u2013 Bust, Earring Mannequin &amp; Hand Model for Stores - DE-LIANG - jewelry,clothes,watch,beauty cosmetics\" \/>\n<meta property=\"og:description\" content=\"This is a multi-functional jewelry display set including a bust, earring mannequin, and hand model. Made of high-quality plastic with a matte white finish, it suits showcasing necklaces, eardrops, pendants, rings, and bracelets. Sizes: bust (25cm\u00d713cm\u00d78cm), earring mannequin (15cm tall), hand model (18cm\u00d78cm). Compact and lightweight, it fits jewelry stores, boutiques, retail counters, trade shows, and home use\u2014neatly organizing jewelry while highlighting its details.\" \/>\n<meta property=\"og:url\" content=\"https:\/\/deliangdisplay.com\/it\/il-nostro-prodotto\/visualizzazioni\/gioielli-non-classificati\/multi-funzionale-gioielli-display-set-busto-orecchini-manichino-mano-modello-per-i-negozi\/\" \/>\n<meta property=\"og:site_name\" content=\"DE-LIANG - jewelry,clothes,watch,beauty cosmetics\" \/>\n<meta property=\"article:publisher\" content=\"https:\/\/www.facebook.com\/JaneZhang008\/\" \/>\n<meta property=\"og:image\" content=\"https:\/\/deliangdisplay.com\/wp-content\/uploads\/2025\/10\/25-1.webp\" \/>\n\t<meta property=\"og:image:width\" content=\"713\" \/>\n\t<meta property=\"og:image:height\" content=\"713\" \/>\n\t<meta property=\"og:image:type\" content=\"image\/webp\" \/>\n<meta name=\"twitter:card\" content=\"summary_large_image\" \/>\n<meta name=\"twitter:site\" content=\"@ly673551729\" \/>\n<meta name=\"twitter:label1\" content=\"Tempo di lettura stimato\" \/>\n\t<meta name=\"twitter:data1\" content=\"2 minuti\" \/>\n<script type=\"application\/ld+json\" class=\"yoast-schema-graph\">{\"@context\":\"https:\\\/\\\/schema.org\",\"@graph\":[{\"@type\":\"WebPage\",\"@id\":\"https:\\\/\\\/deliangdisplay.com\\\/our-product\\\/displays\\\/jewelry-uncategorized\\\/multi-functional-jewelry-display-set-bust-earring-mannequin-hand-model-for-stores\\\/\",\"url\":\"https:\\\/\\\/deliangdisplay.com\\\/our-product\\\/displays\\\/jewelry-uncategorized\\\/multi-functional-jewelry-display-set-bust-earring-mannequin-hand-model-for-stores\\\/\",\"name\":\"Multi-Functional Jewelry Display Set \u2013 Bust, Earring Mannequin & Hand Model for Stores - DE-LIANG - jewelry,clothes,watch,beauty cosmetics\",\"isPartOf\":{\"@id\":\"https:\\\/\\\/deliangdisplay.com\\\/#website\"},\"primaryImageOfPage\":{\"@id\":\"https:\\\/\\\/deliangdisplay.com\\\/our-product\\\/displays\\\/jewelry-uncategorized\\\/multi-functional-jewelry-display-set-bust-earring-mannequin-hand-model-for-stores\\\/#primaryimage\"},\"image\":{\"@id\":\"https:\\\/\\\/deliangdisplay.com\\\/our-product\\\/displays\\\/jewelry-uncategorized\\\/multi-functional-jewelry-display-set-bust-earring-mannequin-hand-model-for-stores\\\/#primaryimage\"},\"thumbnailUrl\":\"https:\\\/\\\/deliangdisplay.com\\\/wp-content\\\/uploads\\\/2025\\\/10\\\/25-1.webp\",\"datePublished\":\"2025-10-30T10:18:59+00:00\",\"breadcrumb\":{\"@id\":\"https:\\\/\\\/deliangdisplay.com\\\/our-product\\\/displays\\\/jewelry-uncategorized\\\/multi-functional-jewelry-display-set-bust-earring-mannequin-hand-model-for-stores\\\/#breadcrumb\"},\"inLanguage\":\"it-IT\",\"potentialAction\":[{\"@type\":\"ReadAction\",\"target\":[\"https:\\\/\\\/deliangdisplay.com\\\/our-product\\\/displays\\\/jewelry-uncategorized\\\/multi-functional-jewelry-display-set-bust-earring-mannequin-hand-model-for-stores\\\/\"]}]},{\"@type\":\"ImageObject\",\"inLanguage\":\"it-IT\",\"@id\":\"https:\\\/\\\/deliangdisplay.com\\\/our-product\\\/displays\\\/jewelry-uncategorized\\\/multi-functional-jewelry-display-set-bust-earring-mannequin-hand-model-for-stores\\\/#primaryimage\",\"url\":\"https:\\\/\\\/deliangdisplay.com\\\/wp-content\\\/uploads\\\/2025\\\/10\\\/25-1.webp\",\"contentUrl\":\"https:\\\/\\\/deliangdisplay.com\\\/wp-content\\\/uploads\\\/2025\\\/10\\\/25-1.webp\",\"width\":713,\"height\":713},{\"@type\":\"BreadcrumbList\",\"@id\":\"https:\\\/\\\/deliangdisplay.com\\\/our-product\\\/displays\\\/jewelry-uncategorized\\\/multi-functional-jewelry-display-set-bust-earring-mannequin-hand-model-for-stores\\\/#breadcrumb\",\"itemListElement\":[{\"@type\":\"ListItem\",\"position\":1,\"name\":\"\u9996\u9875\",\"item\":\"https:\\\/\\\/deliangdisplay.com\\\/\"},{\"@type\":\"ListItem\",\"position\":2,\"name\":\"Our Product\",\"item\":\"https:\\\/\\\/deliangdisplay.com\\\/our-product\\\/\"},{\"@type\":\"ListItem\",\"position\":3,\"name\":\"Multi-Functional Jewelry Display Set \u2013 Bust, Earring Mannequin &#038; Hand Model for Stores\"}]},{\"@type\":\"WebSite\",\"@id\":\"https:\\\/\\\/deliangdisplay.com\\\/#website\",\"url\":\"https:\\\/\\\/deliangdisplay.com\\\/\",\"name\":\"deliangdisplay.com\",\"description\":\"DE-LIANG - Providing bespoke packaging solutions and luxurious display design services for brands in jewelry, apparel, watches, beauty cosmetics, and more.\",\"publisher\":{\"@id\":\"https:\\\/\\\/deliangdisplay.com\\\/#organization\"},\"potentialAction\":[{\"@type\":\"SearchAction\",\"target\":{\"@type\":\"EntryPoint\",\"urlTemplate\":\"https:\\\/\\\/deliangdisplay.com\\\/?s={search_term_string}\"},\"query-input\":{\"@type\":\"PropertyValueSpecification\",\"valueRequired\":true,\"valueName\":\"search_term_string\"}}],\"inLanguage\":\"it-IT\"},{\"@type\":\"Organization\",\"@id\":\"https:\\\/\\\/deliangdisplay.com\\\/#organization\",\"name\":\"deliangdisplay.com\",\"url\":\"https:\\\/\\\/deliangdisplay.com\\\/\",\"logo\":{\"@type\":\"ImageObject\",\"inLanguage\":\"it-IT\",\"@id\":\"https:\\\/\\\/deliangdisplay.com\\\/#\\\/schema\\\/logo\\\/image\\\/\",\"url\":\"https:\\\/\\\/deliangdisplay.com\\\/wp-content\\\/uploads\\\/2025\\\/08\\\/DELIANGDISPALY_logo.png\",\"contentUrl\":\"https:\\\/\\\/deliangdisplay.com\\\/wp-content\\\/uploads\\\/2025\\\/08\\\/DELIANGDISPALY_logo.png\",\"width\":300,\"height\":130,\"caption\":\"deliangdisplay.com\"},\"image\":{\"@id\":\"https:\\\/\\\/deliangdisplay.com\\\/#\\\/schema\\\/logo\\\/image\\\/\"},\"sameAs\":[\"https:\\\/\\\/www.facebook.com\\\/JaneZhang008\\\/\",\"https:\\\/\\\/x.com\\\/ly673551729\"]}]}<\/script>\n<!-- \/ Yoast SEO plugin. -->","yoast_head_json":{"title":"Set di espositori per gioielli multifunzionali - Busto, orecchini e modello a mano per negozi - DE-LIANG - gioielli, vestiti, orologi, cosmetici di bellezza","robots":{"index":"index","follow":"follow","max-snippet":"max-snippet:-1","max-image-preview":"max-image-preview:large","max-video-preview":"max-video-preview:-1"},"canonical":"https:\/\/deliangdisplay.com\/it\/il-nostro-prodotto\/visualizzazioni\/gioielli-non-classificati\/multi-funzionale-gioielli-display-set-busto-orecchini-manichino-mano-modello-per-i-negozi\/","og_locale":"it_IT","og_type":"article","og_title":"Multi-Functional Jewelry Display Set \u2013 Bust, Earring Mannequin & Hand Model for Stores - DE-LIANG - jewelry,clothes,watch,beauty cosmetics","og_description":"This is a multi-functional jewelry display set including a bust, earring mannequin, and hand model. Made of high-quality plastic with a matte white finish, it suits showcasing necklaces, eardrops, pendants, rings, and bracelets. Sizes: bust (25cm\u00d713cm\u00d78cm), earring mannequin (15cm tall), hand model (18cm\u00d78cm). Compact and lightweight, it fits jewelry stores, boutiques, retail counters, trade shows, and home use\u2014neatly organizing jewelry while highlighting its details.","og_url":"https:\/\/deliangdisplay.com\/it\/il-nostro-prodotto\/visualizzazioni\/gioielli-non-classificati\/multi-funzionale-gioielli-display-set-busto-orecchini-manichino-mano-modello-per-i-negozi\/","og_site_name":"DE-LIANG - jewelry,clothes,watch,beauty cosmetics","article_publisher":"https:\/\/www.facebook.com\/JaneZhang008\/","og_image":[{"width":713,"height":713,"url":"https:\/\/deliangdisplay.com\/wp-content\/uploads\/2025\/10\/25-1.webp","type":"image\/webp"}],"twitter_card":"summary_large_image","twitter_site":"@ly673551729","twitter_misc":{"Tempo di lettura stimato":"2 minuti"},"schema":{"@context":"https:\/\/schema.org","@graph":[{"@type":"WebPage","@id":"https:\/\/deliangdisplay.com\/our-product\/displays\/jewelry-uncategorized\/multi-functional-jewelry-display-set-bust-earring-mannequin-hand-model-for-stores\/","url":"https:\/\/deliangdisplay.com\/our-product\/displays\/jewelry-uncategorized\/multi-functional-jewelry-display-set-bust-earring-mannequin-hand-model-for-stores\/","name":"Set di espositori per gioielli multifunzionali - Busto, orecchini e modello a mano per negozi - DE-LIANG - gioielli, vestiti, orologi, cosmetici di bellezza","isPartOf":{"@id":"https:\/\/deliangdisplay.com\/#website"},"primaryImageOfPage":{"@id":"https:\/\/deliangdisplay.com\/our-product\/displays\/jewelry-uncategorized\/multi-functional-jewelry-display-set-bust-earring-mannequin-hand-model-for-stores\/#primaryimage"},"image":{"@id":"https:\/\/deliangdisplay.com\/our-product\/displays\/jewelry-uncategorized\/multi-functional-jewelry-display-set-bust-earring-mannequin-hand-model-for-stores\/#primaryimage"},"thumbnailUrl":"https:\/\/deliangdisplay.com\/wp-content\/uploads\/2025\/10\/25-1.webp","datePublished":"2025-10-30T10:18:59+00:00","breadcrumb":{"@id":"https:\/\/deliangdisplay.com\/our-product\/displays\/jewelry-uncategorized\/multi-functional-jewelry-display-set-bust-earring-mannequin-hand-model-for-stores\/#breadcrumb"},"inLanguage":"it-IT","potentialAction":[{"@type":"ReadAction","target":["https:\/\/deliangdisplay.com\/our-product\/displays\/jewelry-uncategorized\/multi-functional-jewelry-display-set-bust-earring-mannequin-hand-model-for-stores\/"]}]},{"@type":"ImageObject","inLanguage":"it-IT","@id":"https:\/\/deliangdisplay.com\/our-product\/displays\/jewelry-uncategorized\/multi-functional-jewelry-display-set-bust-earring-mannequin-hand-model-for-stores\/#primaryimage","url":"https:\/\/deliangdisplay.com\/wp-content\/uploads\/2025\/10\/25-1.webp","contentUrl":"https:\/\/deliangdisplay.com\/wp-content\/uploads\/2025\/10\/25-1.webp","width":713,"height":713},{"@type":"BreadcrumbList","@id":"https:\/\/deliangdisplay.com\/our-product\/displays\/jewelry-uncategorized\/multi-functional-jewelry-display-set-bust-earring-mannequin-hand-model-for-stores\/#breadcrumb","itemListElement":[{"@type":"ListItem","position":1,"name":"\u9996\u9875","item":"https:\/\/deliangdisplay.com\/"},{"@type":"ListItem","position":2,"name":"Our Product","item":"https:\/\/deliangdisplay.com\/our-product\/"},{"@type":"ListItem","position":3,"name":"Multi-Functional Jewelry Display Set \u2013 Bust, Earring Mannequin &#038; Hand Model for Stores"}]},{"@type":"WebSite","@id":"https:\/\/deliangdisplay.com\/#website","url":"https:\/\/deliangdisplay.com\/","name":"deliangdisplay.com","description":"DE-LIANG - Fornisce soluzioni di packaging su misura e servizi di design di espositori di lusso per marchi di gioielli, abbigliamento, orologi, cosmetici di bellezza e altro ancora.","publisher":{"@id":"https:\/\/deliangdisplay.com\/#organization"},"potentialAction":[{"@type":"SearchAction","target":{"@type":"EntryPoint","urlTemplate":"https:\/\/deliangdisplay.com\/?s={search_term_string}"},"query-input":{"@type":"PropertyValueSpecification","valueRequired":true,"valueName":"search_term_string"}}],"inLanguage":"it-IT"},{"@type":"Organization","@id":"https:\/\/deliangdisplay.com\/#organization","name":"deliangdisplay.com","url":"https:\/\/deliangdisplay.com\/","logo":{"@type":"ImageObject","inLanguage":"it-IT","@id":"https:\/\/deliangdisplay.com\/#\/schema\/logo\/image\/","url":"https:\/\/deliangdisplay.com\/wp-content\/uploads\/2025\/08\/DELIANGDISPALY_logo.png","contentUrl":"https:\/\/deliangdisplay.com\/wp-content\/uploads\/2025\/08\/DELIANGDISPALY_logo.png","width":300,"height":130,"caption":"deliangdisplay.com"},"image":{"@id":"https:\/\/deliangdisplay.com\/#\/schema\/logo\/image\/"},"sameAs":["https:\/\/www.facebook.com\/JaneZhang008\/","https:\/\/x.com\/ly673551729"]}]}},"_links":{"self":[{"href":"https:\/\/deliangdisplay.com\/it\/wp-json\/wp\/v2\/product\/43938","targetHints":{"allow":["GET"]}}],"collection":[{"href":"https:\/\/deliangdisplay.com\/it\/wp-json\/wp\/v2\/product"}],"about":[{"href":"https:\/\/deliangdisplay.com\/it\/wp-json\/wp\/v2\/types\/product"}],"replies":[{"embeddable":true,"href":"https:\/\/deliangdisplay.com\/it\/wp-json\/wp\/v2\/comments?post=43938"}],"wp:featuredmedia":[{"embeddable":true,"href":"https:\/\/deliangdisplay.com\/it\/wp-json\/wp\/v2\/media\/43949"}],"wp:attachment":[{"href":"https:\/\/deliangdisplay.com\/it\/wp-json\/wp\/v2\/media?parent=43938"}],"wp:term":[{"taxonomy":"product_brand","embeddable":true,"href":"https:\/\/deliangdisplay.com\/it\/wp-json\/wp\/v2\/product_brand?post=43938"},{"taxonomy":"product_cat","embeddable":true,"href":"https:\/\/deliangdisplay.com\/it\/wp-json\/wp\/v2\/product_cat?post=43938"},{"taxonomy":"product_tag","embeddable":true,"href":"https:\/\/deliangdisplay.com\/it\/wp-json\/wp\/v2\/product_tag?post=43938"}],"curies":[{"name":"wp","href":"https:\/\/api.w.org\/{rel}","templated":true}]}}