{"id":43515,"date":"2025-10-11T16:47:19","date_gmt":"2025-10-11T08:47:19","guid":{"rendered":"https:\/\/deliangdisplay.com\/?post_type=product&#038;p=43515"},"modified":"2025-10-11T16:47:19","modified_gmt":"2025-10-11T08:47:19","slug":"nastro-di-cotone-naturale-stampato-su-misura-100-cotone-per-confezioni-regalo-branding","status":"publish","type":"product","link":"https:\/\/deliangdisplay.com\/it\/il-nostro-prodotto\/accessori\/nastro-personalizzato\/nastro-di-cotone-naturale-stampato-su-misura-100-cotone-per-confezioni-regalo-branding\/","title":{"rendered":"Custom Printed Natural Cotton Ribbon &#8211; 100% Cotton for Gift Wrapping &#038; Branding"},"content":{"rendered":"<h3 class=\"header-vfC6AV auto-hide-last-sibling-br\">Panoramica del prodotto<\/h3>\n<div class=\"auto-hide-last-sibling-br paragraph-JOTKXA paragraph-element br-paragraph-space\">Elevate il vostro branding e i vostri progetti di crafting con questo\u00a0<strong>nastro di cotone naturale personalizzato<\/strong>-Un mix perfetto di durata, versatilit\u00e0 e personalizzazione. Realizzato in cotone 100%, vanta un'elevata resistenza e una qualit\u00e0 duratura, supportando allo stesso tempo un'ampia gamma di disegni personalizzati (compresi loghi e grafiche) per adattarsi al vostro marchio o stile. Ideale per confezioni regalo, creazione di fiocchi, abbellimento di capi d'abbigliamento e decorazione di borse, bilancia la funzionalit\u00e0 con un aspetto naturale e pregiato.<\/div>\n<h3 class=\"header-vfC6AV auto-hide-last-sibling-br\">Caratteristiche principali<\/h3>\n<ul class=\"auto-hide-last-sibling-br\">\n<li><strong>100% Durata del cotone<\/strong>: Realizzato in puro cotone ad alta resistenza, il nastro resiste all'uso ripetuto senza perdere la sua forma o la sua qualit\u00e0, rendendolo affidabile per applicazioni personali e commerciali.<\/li>\n<li><strong>Ampia personalizzazione<\/strong>: Supporta design personalizzati attraverso molteplici tecniche di stampa: goffratura, stampa a inchiostro, stampa a sbalzo, trasferimento di calore, sublimazione e stampa su lamina d'oro\/argento. Sono disponibili loghi, grafiche e confezioni personalizzate per soddisfare esigenze uniche.<\/li>\n<li><strong>Dimensioni e colori versatili<\/strong>: Offre larghezze da 3 mm a 100 mm (compresi i formati pi\u00f9 comuni come 6 mm, 12 mm, 25 mm e 50 mm) e 196 opzioni di colore (dai neutri come il bianco\/nero alle tonalit\u00e0 pi\u00f9 vivaci come il rosa caldo e il blu acceso), garantendo un abbinamento perfetto per qualsiasi progetto.<\/li>\n<li><strong>Stampa di alta qualit\u00e0<\/strong>: Caratteri chiari, nessuna perdita di polvere d'oro (per la stampa su lamina) ed elevata rapidit\u00e0 dei colori, oltre a loghi personalizzati lavabili: i disegni rimangono brillanti anche dopo il lavaggio o l'uso prolungato.<\/li>\n<li><strong>Campionamento e consegna flessibili<\/strong>: Fornisce un supporto rapido per i campioni (con campioni in stock disponibili) e un'efficiente evasione degli ordini, assicurandovi la possibilit\u00e0 di testare i progetti e di ricevere gli ordini in tempo per le vostre scadenze.<\/li>\n<\/ul>\n<h3 class=\"header-vfC6AV auto-hide-last-sibling-br\">Applicazioni ideali<\/h3>\n<ul class=\"auto-hide-last-sibling-br\">\n<li><strong>Confezioni regalo e prodotti<\/strong>: Aggiunge un tocco naturale e pregiato alle confezioni regalo, alle confezioni per dolci o all'involucro di prodotti specifici del marchio, migliorando l'esperienza di unboxing per i clienti.<\/li>\n<li><strong>Progetti di artigianato e decorazione<\/strong>: Perfetto per realizzare fiocchi, decorazioni fai-da-te per la casa (come composizioni floreali o accenti natalizi) e scrapbooking, grazie alla sua consistenza facile da lavorare e all'ampia gamma di colori.<\/li>\n<li><strong>Abbellimento di capi e accessori<\/strong>: Ideale per aggiungere dettagli sottili ad abiti, cappelli, borse o accessori per capelli, elevando il design complessivo con una finitura in cotone morbido e naturale.<\/li>\n<li><strong>Branding e promozione<\/strong>: Aiuta le aziende a distinguersi mostrando loghi personalizzati su imballaggi o articoli promozionali, rafforzando l'identit\u00e0 del marchio con un materiale di alta qualit\u00e0 ed ecologico.<\/li>\n<\/ul>","protected":false},"excerpt":{"rendered":"<p>Elevate i vostri progetti con questo nastro di cotone naturale stampato su misura! Realizzato in cotone resistente 100%, offre larghezze da 3 a 100 mm, 196 colori e stampe (goffratura, lamina, trasferimento termico). Grazie all'elevata resistenza dei colori, ai loghi lavabili e alla rapida campionatura, \u00e8 perfetto per confezioni regalo, artigianato, decorazione di capi d'abbigliamento e branding, unendo qualit\u00e0, versatilit\u00e0 e personalizzazione.<\/p>","protected":false},"featured_media":43516,"comment_status":"open","ping_status":"closed","template":"","meta":{"_acf_changed":false},"product_brand":[84],"product_cat":[80],"product_tag":[467,457,471,464,475,466,462,468,474,469,472,477,476,470,473],"class_list":{"0":"post-43515","1":"product","2":"type-product","3":"status-publish","4":"has-post-thumbnail","6":"product_brand-de-liang","7":"product_cat-customized-ribbon","8":"product_tag-100-cotton-ribbon-for-gift-wrapping","9":"product_tag-196-color-cotton-ribbon","10":"product_tag-3-100mm-width-cotton-ribbon","11":"product_tag-brand-packaging-cotton-ribbon","12":"product_tag-custom-graphic-cotton-ribbon","13":"product_tag-custom-printed-natural-cotton-ribbon","14":"product_tag-diy-craft-cotton-ribbon","15":"product_tag-embossed-cotton-ribbon","16":"product_tag-garment-embellishment-cotton-ribbon","17":"product_tag-gold-foil-printed-cotton-ribbon","18":"product_tag-high-color-fastness-cotton-ribbon","19":"product_tag-natural-cotton-gift-ribbon","20":"product_tag-scrapbooking-cotton-ribbon","21":"product_tag-silver-foil-cotton-ribbon","22":"product_tag-washable-logo-cotton-ribbon","24":"first","25":"instock","26":"shipping-taxable","27":"purchasable","28":"product-type-simple"},"acf":[],"yoast_head":"<!-- This site is optimized with the Yoast SEO plugin v27.4 - https:\/\/yoast.com\/product\/yoast-seo-wordpress\/ -->\n<title>Custom Printed Natural Cotton Ribbon - 100% Cotton for Gift Wrapping &amp; Branding - DE-LIANG - jewelry,clothes,watch,beauty cosmetics<\/title>\n<meta name=\"robots\" content=\"index, follow, max-snippet:-1, max-image-preview:large, max-video-preview:-1\" \/>\n<link rel=\"canonical\" href=\"https:\/\/deliangdisplay.com\/it\/il-nostro-prodotto\/accessori\/nastro-personalizzato\/nastro-di-cotone-naturale-stampato-su-misura-100-cotone-per-confezioni-regalo-branding\/\" \/>\n<meta property=\"og:locale\" content=\"it_IT\" \/>\n<meta property=\"og:type\" content=\"article\" \/>\n<meta property=\"og:title\" content=\"Custom Printed Natural Cotton Ribbon - 100% Cotton for Gift Wrapping &amp; Branding - DE-LIANG - jewelry,clothes,watch,beauty cosmetics\" \/>\n<meta property=\"og:description\" content=\"Elevate your projects with this custom printed natural cotton ribbon! Made of 100% durable cotton, it offers 3-100mm widths, 196 colors, and prints (embossing, foil, heat transfer). With high color fastness, washable logos, and fast sampling, it\u2019s perfect for gift wrapping, crafts, garment decor, and branding\u2014blending quality, versatility, and personalization.\" \/>\n<meta property=\"og:url\" content=\"https:\/\/deliangdisplay.com\/it\/il-nostro-prodotto\/accessori\/nastro-personalizzato\/nastro-di-cotone-naturale-stampato-su-misura-100-cotone-per-confezioni-regalo-branding\/\" \/>\n<meta property=\"og:site_name\" content=\"DE-LIANG - jewelry,clothes,watch,beauty cosmetics\" \/>\n<meta property=\"article:publisher\" content=\"https:\/\/www.facebook.com\/JaneZhang008\/\" \/>\n<meta property=\"og:image\" content=\"https:\/\/deliangdisplay.com\/wp-content\/uploads\/2025\/10\/18-2.jpg\" \/>\n\t<meta property=\"og:image:width\" content=\"1000\" \/>\n\t<meta property=\"og:image:height\" content=\"1000\" \/>\n\t<meta property=\"og:image:type\" content=\"image\/jpeg\" \/>\n<meta name=\"twitter:card\" content=\"summary_large_image\" \/>\n<meta name=\"twitter:site\" content=\"@ly673551729\" \/>\n<meta name=\"twitter:label1\" content=\"Tempo di lettura stimato\" \/>\n\t<meta name=\"twitter:data1\" content=\"2 minuti\" \/>\n<script type=\"application\/ld+json\" class=\"yoast-schema-graph\">{\"@context\":\"https:\\\/\\\/schema.org\",\"@graph\":[{\"@type\":\"WebPage\",\"@id\":\"https:\\\/\\\/deliangdisplay.com\\\/our-product\\\/accessories\\\/customized-ribbon\\\/custom-printed-natural-cotton-ribbon-100-cotton-for-gift-wrapping-branding\\\/\",\"url\":\"https:\\\/\\\/deliangdisplay.com\\\/our-product\\\/accessories\\\/customized-ribbon\\\/custom-printed-natural-cotton-ribbon-100-cotton-for-gift-wrapping-branding\\\/\",\"name\":\"Custom Printed Natural Cotton Ribbon - 100% Cotton for Gift Wrapping & Branding - DE-LIANG - jewelry,clothes,watch,beauty cosmetics\",\"isPartOf\":{\"@id\":\"https:\\\/\\\/deliangdisplay.com\\\/#website\"},\"primaryImageOfPage\":{\"@id\":\"https:\\\/\\\/deliangdisplay.com\\\/our-product\\\/accessories\\\/customized-ribbon\\\/custom-printed-natural-cotton-ribbon-100-cotton-for-gift-wrapping-branding\\\/#primaryimage\"},\"image\":{\"@id\":\"https:\\\/\\\/deliangdisplay.com\\\/our-product\\\/accessories\\\/customized-ribbon\\\/custom-printed-natural-cotton-ribbon-100-cotton-for-gift-wrapping-branding\\\/#primaryimage\"},\"thumbnailUrl\":\"https:\\\/\\\/deliangdisplay.com\\\/wp-content\\\/uploads\\\/2025\\\/10\\\/18-2.jpg\",\"datePublished\":\"2025-10-11T08:47:19+00:00\",\"breadcrumb\":{\"@id\":\"https:\\\/\\\/deliangdisplay.com\\\/our-product\\\/accessories\\\/customized-ribbon\\\/custom-printed-natural-cotton-ribbon-100-cotton-for-gift-wrapping-branding\\\/#breadcrumb\"},\"inLanguage\":\"it-IT\",\"potentialAction\":[{\"@type\":\"ReadAction\",\"target\":[\"https:\\\/\\\/deliangdisplay.com\\\/our-product\\\/accessories\\\/customized-ribbon\\\/custom-printed-natural-cotton-ribbon-100-cotton-for-gift-wrapping-branding\\\/\"]}]},{\"@type\":\"ImageObject\",\"inLanguage\":\"it-IT\",\"@id\":\"https:\\\/\\\/deliangdisplay.com\\\/our-product\\\/accessories\\\/customized-ribbon\\\/custom-printed-natural-cotton-ribbon-100-cotton-for-gift-wrapping-branding\\\/#primaryimage\",\"url\":\"https:\\\/\\\/deliangdisplay.com\\\/wp-content\\\/uploads\\\/2025\\\/10\\\/18-2.jpg\",\"contentUrl\":\"https:\\\/\\\/deliangdisplay.com\\\/wp-content\\\/uploads\\\/2025\\\/10\\\/18-2.jpg\",\"width\":1000,\"height\":1000},{\"@type\":\"BreadcrumbList\",\"@id\":\"https:\\\/\\\/deliangdisplay.com\\\/our-product\\\/accessories\\\/customized-ribbon\\\/custom-printed-natural-cotton-ribbon-100-cotton-for-gift-wrapping-branding\\\/#breadcrumb\",\"itemListElement\":[{\"@type\":\"ListItem\",\"position\":1,\"name\":\"\u9996\u9875\",\"item\":\"https:\\\/\\\/deliangdisplay.com\\\/\"},{\"@type\":\"ListItem\",\"position\":2,\"name\":\"Our Product\",\"item\":\"https:\\\/\\\/deliangdisplay.com\\\/our-product\\\/\"},{\"@type\":\"ListItem\",\"position\":3,\"name\":\"Custom Printed Natural Cotton Ribbon &#8211; 100% Cotton for Gift Wrapping &#038; Branding\"}]},{\"@type\":\"WebSite\",\"@id\":\"https:\\\/\\\/deliangdisplay.com\\\/#website\",\"url\":\"https:\\\/\\\/deliangdisplay.com\\\/\",\"name\":\"deliangdisplay.com\",\"description\":\"DE-LIANG - Providing bespoke packaging solutions and luxurious display design services for brands in jewelry, apparel, watches, beauty cosmetics, and more.\",\"publisher\":{\"@id\":\"https:\\\/\\\/deliangdisplay.com\\\/#organization\"},\"potentialAction\":[{\"@type\":\"SearchAction\",\"target\":{\"@type\":\"EntryPoint\",\"urlTemplate\":\"https:\\\/\\\/deliangdisplay.com\\\/?s={search_term_string}\"},\"query-input\":{\"@type\":\"PropertyValueSpecification\",\"valueRequired\":true,\"valueName\":\"search_term_string\"}}],\"inLanguage\":\"it-IT\"},{\"@type\":\"Organization\",\"@id\":\"https:\\\/\\\/deliangdisplay.com\\\/#organization\",\"name\":\"deliangdisplay.com\",\"url\":\"https:\\\/\\\/deliangdisplay.com\\\/\",\"logo\":{\"@type\":\"ImageObject\",\"inLanguage\":\"it-IT\",\"@id\":\"https:\\\/\\\/deliangdisplay.com\\\/#\\\/schema\\\/logo\\\/image\\\/\",\"url\":\"https:\\\/\\\/deliangdisplay.com\\\/wp-content\\\/uploads\\\/2025\\\/08\\\/DELIANGDISPALY_logo.png\",\"contentUrl\":\"https:\\\/\\\/deliangdisplay.com\\\/wp-content\\\/uploads\\\/2025\\\/08\\\/DELIANGDISPALY_logo.png\",\"width\":300,\"height\":130,\"caption\":\"deliangdisplay.com\"},\"image\":{\"@id\":\"https:\\\/\\\/deliangdisplay.com\\\/#\\\/schema\\\/logo\\\/image\\\/\"},\"sameAs\":[\"https:\\\/\\\/www.facebook.com\\\/JaneZhang008\\\/\",\"https:\\\/\\\/x.com\\\/ly673551729\"]}]}<\/script>\n<!-- \/ Yoast SEO plugin. -->","yoast_head_json":{"title":"Nastro di cotone naturale stampato su misura - 100% Cotone per confezioni regalo e branding - DE-LIANG - gioielli, vestiti, orologi, cosmetici di bellezza","robots":{"index":"index","follow":"follow","max-snippet":"max-snippet:-1","max-image-preview":"max-image-preview:large","max-video-preview":"max-video-preview:-1"},"canonical":"https:\/\/deliangdisplay.com\/it\/il-nostro-prodotto\/accessori\/nastro-personalizzato\/nastro-di-cotone-naturale-stampato-su-misura-100-cotone-per-confezioni-regalo-branding\/","og_locale":"it_IT","og_type":"article","og_title":"Custom Printed Natural Cotton Ribbon - 100% Cotton for Gift Wrapping & Branding - DE-LIANG - jewelry,clothes,watch,beauty cosmetics","og_description":"Elevate your projects with this custom printed natural cotton ribbon! Made of 100% durable cotton, it offers 3-100mm widths, 196 colors, and prints (embossing, foil, heat transfer). With high color fastness, washable logos, and fast sampling, it\u2019s perfect for gift wrapping, crafts, garment decor, and branding\u2014blending quality, versatility, and personalization.","og_url":"https:\/\/deliangdisplay.com\/it\/il-nostro-prodotto\/accessori\/nastro-personalizzato\/nastro-di-cotone-naturale-stampato-su-misura-100-cotone-per-confezioni-regalo-branding\/","og_site_name":"DE-LIANG - jewelry,clothes,watch,beauty cosmetics","article_publisher":"https:\/\/www.facebook.com\/JaneZhang008\/","og_image":[{"width":1000,"height":1000,"url":"https:\/\/deliangdisplay.com\/wp-content\/uploads\/2025\/10\/18-2.jpg","type":"image\/jpeg"}],"twitter_card":"summary_large_image","twitter_site":"@ly673551729","twitter_misc":{"Tempo di lettura stimato":"2 minuti"},"schema":{"@context":"https:\/\/schema.org","@graph":[{"@type":"WebPage","@id":"https:\/\/deliangdisplay.com\/our-product\/accessories\/customized-ribbon\/custom-printed-natural-cotton-ribbon-100-cotton-for-gift-wrapping-branding\/","url":"https:\/\/deliangdisplay.com\/our-product\/accessories\/customized-ribbon\/custom-printed-natural-cotton-ribbon-100-cotton-for-gift-wrapping-branding\/","name":"Nastro di cotone naturale stampato su misura - 100% Cotone per confezioni regalo e branding - DE-LIANG - gioielli, vestiti, orologi, cosmetici di bellezza","isPartOf":{"@id":"https:\/\/deliangdisplay.com\/#website"},"primaryImageOfPage":{"@id":"https:\/\/deliangdisplay.com\/our-product\/accessories\/customized-ribbon\/custom-printed-natural-cotton-ribbon-100-cotton-for-gift-wrapping-branding\/#primaryimage"},"image":{"@id":"https:\/\/deliangdisplay.com\/our-product\/accessories\/customized-ribbon\/custom-printed-natural-cotton-ribbon-100-cotton-for-gift-wrapping-branding\/#primaryimage"},"thumbnailUrl":"https:\/\/deliangdisplay.com\/wp-content\/uploads\/2025\/10\/18-2.jpg","datePublished":"2025-10-11T08:47:19+00:00","breadcrumb":{"@id":"https:\/\/deliangdisplay.com\/our-product\/accessories\/customized-ribbon\/custom-printed-natural-cotton-ribbon-100-cotton-for-gift-wrapping-branding\/#breadcrumb"},"inLanguage":"it-IT","potentialAction":[{"@type":"ReadAction","target":["https:\/\/deliangdisplay.com\/our-product\/accessories\/customized-ribbon\/custom-printed-natural-cotton-ribbon-100-cotton-for-gift-wrapping-branding\/"]}]},{"@type":"ImageObject","inLanguage":"it-IT","@id":"https:\/\/deliangdisplay.com\/our-product\/accessories\/customized-ribbon\/custom-printed-natural-cotton-ribbon-100-cotton-for-gift-wrapping-branding\/#primaryimage","url":"https:\/\/deliangdisplay.com\/wp-content\/uploads\/2025\/10\/18-2.jpg","contentUrl":"https:\/\/deliangdisplay.com\/wp-content\/uploads\/2025\/10\/18-2.jpg","width":1000,"height":1000},{"@type":"BreadcrumbList","@id":"https:\/\/deliangdisplay.com\/our-product\/accessories\/customized-ribbon\/custom-printed-natural-cotton-ribbon-100-cotton-for-gift-wrapping-branding\/#breadcrumb","itemListElement":[{"@type":"ListItem","position":1,"name":"\u9996\u9875","item":"https:\/\/deliangdisplay.com\/"},{"@type":"ListItem","position":2,"name":"Our Product","item":"https:\/\/deliangdisplay.com\/our-product\/"},{"@type":"ListItem","position":3,"name":"Custom Printed Natural Cotton Ribbon &#8211; 100% Cotton for Gift Wrapping &#038; Branding"}]},{"@type":"WebSite","@id":"https:\/\/deliangdisplay.com\/#website","url":"https:\/\/deliangdisplay.com\/","name":"deliangdisplay.com","description":"DE-LIANG - Fornisce soluzioni di packaging su misura e servizi di design di espositori di lusso per marchi di gioielli, abbigliamento, orologi, cosmetici di bellezza e altro ancora.","publisher":{"@id":"https:\/\/deliangdisplay.com\/#organization"},"potentialAction":[{"@type":"SearchAction","target":{"@type":"EntryPoint","urlTemplate":"https:\/\/deliangdisplay.com\/?s={search_term_string}"},"query-input":{"@type":"PropertyValueSpecification","valueRequired":true,"valueName":"search_term_string"}}],"inLanguage":"it-IT"},{"@type":"Organization","@id":"https:\/\/deliangdisplay.com\/#organization","name":"deliangdisplay.com","url":"https:\/\/deliangdisplay.com\/","logo":{"@type":"ImageObject","inLanguage":"it-IT","@id":"https:\/\/deliangdisplay.com\/#\/schema\/logo\/image\/","url":"https:\/\/deliangdisplay.com\/wp-content\/uploads\/2025\/08\/DELIANGDISPALY_logo.png","contentUrl":"https:\/\/deliangdisplay.com\/wp-content\/uploads\/2025\/08\/DELIANGDISPALY_logo.png","width":300,"height":130,"caption":"deliangdisplay.com"},"image":{"@id":"https:\/\/deliangdisplay.com\/#\/schema\/logo\/image\/"},"sameAs":["https:\/\/www.facebook.com\/JaneZhang008\/","https:\/\/x.com\/ly673551729"]}]}},"_links":{"self":[{"href":"https:\/\/deliangdisplay.com\/it\/wp-json\/wp\/v2\/product\/43515","targetHints":{"allow":["GET"]}}],"collection":[{"href":"https:\/\/deliangdisplay.com\/it\/wp-json\/wp\/v2\/product"}],"about":[{"href":"https:\/\/deliangdisplay.com\/it\/wp-json\/wp\/v2\/types\/product"}],"replies":[{"embeddable":true,"href":"https:\/\/deliangdisplay.com\/it\/wp-json\/wp\/v2\/comments?post=43515"}],"wp:featuredmedia":[{"embeddable":true,"href":"https:\/\/deliangdisplay.com\/it\/wp-json\/wp\/v2\/media\/43516"}],"wp:attachment":[{"href":"https:\/\/deliangdisplay.com\/it\/wp-json\/wp\/v2\/media?parent=43515"}],"wp:term":[{"taxonomy":"product_brand","embeddable":true,"href":"https:\/\/deliangdisplay.com\/it\/wp-json\/wp\/v2\/product_brand?post=43515"},{"taxonomy":"product_cat","embeddable":true,"href":"https:\/\/deliangdisplay.com\/it\/wp-json\/wp\/v2\/product_cat?post=43515"},{"taxonomy":"product_tag","embeddable":true,"href":"https:\/\/deliangdisplay.com\/it\/wp-json\/wp\/v2\/product_tag?post=43515"}],"curies":[{"name":"wp","href":"https:\/\/api.w.org\/{rel}","templated":true}]}}