{"id":43491,"date":"2025-10-11T16:30:47","date_gmt":"2025-10-11T08:30:47","guid":{"rendered":"https:\/\/deliangdisplay.com\/?post_type=product&#038;p=43491"},"modified":"2025-10-11T16:30:48","modified_gmt":"2025-10-11T08:30:48","slug":"nastro-in-gros-grain-nero-premium-3d-in-rilievo-stampato-su-misura-per-confezioni-regalo-borse-identita-di-marca","status":"publish","type":"product","link":"https:\/\/deliangdisplay.com\/it\/il-nostro-prodotto\/accessori\/nastro-personalizzato\/nastro-in-gros-grain-nero-premium-3d-in-rilievo-stampato-su-misura-per-confezioni-regalo-borse-identita-di-marca\/","title":{"rendered":"Premium 3D Embossed Black Grosgrain Ribbon &#8211; Custom Printed for Gift Wrapping, Bags &#038; Brand Identity"},"content":{"rendered":"<h3 class=\"header-vfC6AV auto-hide-last-sibling-br\">Panoramica del prodotto<\/h3>\n<div class=\"auto-hide-last-sibling-br paragraph-JOTKXA paragraph-element br-paragraph-space\">Elevate il vostro marchio e le vostre confezioni con questo nastro in gros grain nero stampato in rilievo 3D personalizzabile. Realizzato in poliestere 100%, unisce durata, ecocompatibilit\u00e0 (\u00e8 prodotto con materiali riciclati) e design vivace, rendendolo ideale per confezioni regalo, progetti di bricolage, decorazioni di capi d'abbigliamento e accessori per borse. Grazie alle versatili opzioni di personalizzazione e alle prestazioni affidabili, \u00e8 la scelta perfetta per mostrare l'identit\u00e0 unica del vostro marchio.<\/div>\n<h3 class=\"header-vfC6AV auto-hide-last-sibling-br\">Caratteristiche principali<\/h3>\n<ul class=\"auto-hide-last-sibling-br\">\n<li><strong>Personalizzazione completa<\/strong>: Supporta la stampa di loghi personalizzati, progetti grafici e confezioni su misura per soddisfare le esigenze del vostro marchio. Offre inoltre la stampa in rilievo 3D, la stampa su lamina d'oro\/argento, il trasferimento a caldo e altre tecniche di stampa per un look unico.<\/li>\n<li><strong>Dimensioni e colori versatili<\/strong>: Disponibile in larghezze da 1\/8\u2033 (3 mm) a 4\u2033 (100 mm) e 196 opzioni di colore, oltre a richieste di colori personalizzati, per adattarsi a vari scenari applicativi.<\/li>\n<li><strong>Alta qualit\u00e0 e durata<\/strong>: Realizzato in poliestere 100% con elevata solidit\u00e0 del colore, caratteri di stampa chiari e nessuna perdita di polvere d'oro (per la stampa su lamina). \u00c8 lavabile e di lunga durata, per garantire che il messaggio del vostro marchio rimanga in evidenza.<\/li>\n<li><strong>Ecologico<\/strong>: Realizzato con materiali riciclati, in linea con le richieste di prodotti sostenibili ed ecologicamente responsabili.<\/li>\n<li><strong>Ampie applicazioni<\/strong>: Adatto per confezioni regalo, creazioni fai-da-te, decorazione di capi d'abbigliamento, styling di borse e altro ancora, aggiungendo un tocco premium a qualsiasi articolo.<\/li>\n<\/ul>\n<h3 class=\"header-vfC6AV auto-hide-last-sibling-br\">Vantaggi per la stampa e l'artigianato<\/h3>\n<ul class=\"auto-hide-last-sibling-br\">\n<li><strong>Tecnologia di stampa avanzata<\/strong>: Utilizza una macchina da stampa completamente automatica per una qualit\u00e0 costante. Offre diversi mestieri come la goffratura 3D, la stampa in lamina d'oro\/argento\/oro rosa\/rame, la stampa a inchiostro (1-2 colori), la stampa in rilievo con glitter e la stampa laser.<\/li>\n<li><strong>Prestazioni affidabili<\/strong>: Presenta un'elevata solidit\u00e0 dei colori, loghi personalizzati lavabili e stampe nitide e non sbiadite, che assicurano al nastro un aspetto eccellente anche con l'uso regolare.<\/li>\n<\/ul>","protected":false},"excerpt":{"rendered":"<p>Elevate i vostri progetti con questo nastro in gros-grain nero personalizzato in rilievo 3D! Realizzato in poliestere riciclato 100%, \u00e8 resistente, ecologico e offre stampe vivaci e lavabili. Scegliete tra goffratura 3D, stampa su lamina e 196 colori (pi\u00f9 tonalit\u00e0 personalizzate), con larghezze da 3 mm a 100 mm. Perfetta per confezioni regalo, bricolage, decorazione di capi d'abbigliamento e per il branding, per dare impulso al vostro stile unico.<\/p>","protected":false},"featured_media":43492,"comment_status":"open","ping_status":"closed","template":"","meta":{"_acf_changed":false},"product_brand":[84],"product_cat":[80],"product_tag":[423,433,432,428,436,422,429,426,424,427,425,430,435,431,434],"class_list":{"0":"post-43491","1":"product","2":"type-product","3":"status-publish","4":"has-post-thumbnail","6":"product_brand-de-liang","7":"product_cat-customized-ribbon","8":"product_tag-100-polyester-printed-ribbon","9":"product_tag-196-color-grosgrain-ribbon","10":"product_tag-3mm-100mm-width-ribbon","11":"product_tag-bag-accent-ribbon","12":"product_tag-branding-ribbon-for-packaging","13":"product_tag-custom-3d-embossed-black-grosgrain-ribbon","14":"product_tag-custom-logo-printed-ribbon","15":"product_tag-diy-craft-ribbon","16":"product_tag-eco-friendly-recycled-polyester-ribbon","17":"product_tag-garment-decoration-ribbon","18":"product_tag-gift-packaging-ribbon","19":"product_tag-gold-foil-printed-grosgrain","20":"product_tag-high-color-fastness-ribbon","21":"product_tag-silver-foil-embossed-ribbon","22":"product_tag-washable-printed-ribbon","24":"first","25":"instock","26":"shipping-taxable","27":"purchasable","28":"product-type-simple"},"acf":[],"yoast_head":"<!-- This site is optimized with the Yoast SEO plugin v27.4 - https:\/\/yoast.com\/product\/yoast-seo-wordpress\/ -->\n<title>Premium 3D Embossed Black Grosgrain Ribbon - Custom Printed for Gift Wrapping, Bags &amp; Brand Identity - DE-LIANG - jewelry,clothes,watch,beauty cosmetics<\/title>\n<meta name=\"robots\" content=\"index, follow, max-snippet:-1, max-image-preview:large, max-video-preview:-1\" \/>\n<link rel=\"canonical\" href=\"https:\/\/deliangdisplay.com\/it\/il-nostro-prodotto\/accessori\/nastro-personalizzato\/nastro-in-gros-grain-nero-premium-3d-in-rilievo-stampato-su-misura-per-confezioni-regalo-borse-identita-di-marca\/\" \/>\n<meta property=\"og:locale\" content=\"it_IT\" \/>\n<meta property=\"og:type\" content=\"article\" \/>\n<meta property=\"og:title\" content=\"Premium 3D Embossed Black Grosgrain Ribbon - Custom Printed for Gift Wrapping, Bags &amp; Brand Identity - DE-LIANG - jewelry,clothes,watch,beauty cosmetics\" \/>\n<meta property=\"og:description\" content=\"Elevate your projects with this custom 3D embossed black grosgrain ribbon! Made of 100% recycled polyester, it\u2019s durable, eco-friendly, and offers vibrant, washable prints. Choose from 3D embossing, foil printing, &amp; 196 colors (plus custom hues), with widths 3mm-100mm. Perfect for gift packaging, DIY, garment decor, and branding to boost your unique style.\" \/>\n<meta property=\"og:url\" content=\"https:\/\/deliangdisplay.com\/it\/il-nostro-prodotto\/accessori\/nastro-personalizzato\/nastro-in-gros-grain-nero-premium-3d-in-rilievo-stampato-su-misura-per-confezioni-regalo-borse-identita-di-marca\/\" \/>\n<meta property=\"og:site_name\" content=\"DE-LIANG - jewelry,clothes,watch,beauty cosmetics\" \/>\n<meta property=\"article:publisher\" content=\"https:\/\/www.facebook.com\/JaneZhang008\/\" \/>\n<meta property=\"article:modified_time\" content=\"2025-10-11T08:30:48+00:00\" \/>\n<meta property=\"og:image\" content=\"https:\/\/deliangdisplay.com\/wp-content\/uploads\/2025\/10\/2-5.jpg\" \/>\n\t<meta property=\"og:image:width\" content=\"1000\" \/>\n\t<meta property=\"og:image:height\" content=\"1000\" \/>\n\t<meta property=\"og:image:type\" content=\"image\/jpeg\" \/>\n<meta name=\"twitter:card\" content=\"summary_large_image\" \/>\n<meta name=\"twitter:site\" content=\"@ly673551729\" \/>\n<meta name=\"twitter:label1\" content=\"Tempo di lettura stimato\" \/>\n\t<meta name=\"twitter:data1\" content=\"2 minuti\" \/>\n<script type=\"application\/ld+json\" class=\"yoast-schema-graph\">{\"@context\":\"https:\\\/\\\/schema.org\",\"@graph\":[{\"@type\":\"WebPage\",\"@id\":\"https:\\\/\\\/deliangdisplay.com\\\/our-product\\\/accessories\\\/customized-ribbon\\\/premium-3d-embossed-black-grosgrain-ribbon-custom-printed-for-gift-wrapping-bags-brand-identity\\\/\",\"url\":\"https:\\\/\\\/deliangdisplay.com\\\/our-product\\\/accessories\\\/customized-ribbon\\\/premium-3d-embossed-black-grosgrain-ribbon-custom-printed-for-gift-wrapping-bags-brand-identity\\\/\",\"name\":\"Premium 3D Embossed Black Grosgrain Ribbon - Custom Printed for Gift Wrapping, Bags & Brand Identity - DE-LIANG - jewelry,clothes,watch,beauty cosmetics\",\"isPartOf\":{\"@id\":\"https:\\\/\\\/deliangdisplay.com\\\/#website\"},\"primaryImageOfPage\":{\"@id\":\"https:\\\/\\\/deliangdisplay.com\\\/our-product\\\/accessories\\\/customized-ribbon\\\/premium-3d-embossed-black-grosgrain-ribbon-custom-printed-for-gift-wrapping-bags-brand-identity\\\/#primaryimage\"},\"image\":{\"@id\":\"https:\\\/\\\/deliangdisplay.com\\\/our-product\\\/accessories\\\/customized-ribbon\\\/premium-3d-embossed-black-grosgrain-ribbon-custom-printed-for-gift-wrapping-bags-brand-identity\\\/#primaryimage\"},\"thumbnailUrl\":\"https:\\\/\\\/deliangdisplay.com\\\/wp-content\\\/uploads\\\/2025\\\/10\\\/2-5.jpg\",\"datePublished\":\"2025-10-11T08:30:47+00:00\",\"dateModified\":\"2025-10-11T08:30:48+00:00\",\"breadcrumb\":{\"@id\":\"https:\\\/\\\/deliangdisplay.com\\\/our-product\\\/accessories\\\/customized-ribbon\\\/premium-3d-embossed-black-grosgrain-ribbon-custom-printed-for-gift-wrapping-bags-brand-identity\\\/#breadcrumb\"},\"inLanguage\":\"it-IT\",\"potentialAction\":[{\"@type\":\"ReadAction\",\"target\":[\"https:\\\/\\\/deliangdisplay.com\\\/our-product\\\/accessories\\\/customized-ribbon\\\/premium-3d-embossed-black-grosgrain-ribbon-custom-printed-for-gift-wrapping-bags-brand-identity\\\/\"]}]},{\"@type\":\"ImageObject\",\"inLanguage\":\"it-IT\",\"@id\":\"https:\\\/\\\/deliangdisplay.com\\\/our-product\\\/accessories\\\/customized-ribbon\\\/premium-3d-embossed-black-grosgrain-ribbon-custom-printed-for-gift-wrapping-bags-brand-identity\\\/#primaryimage\",\"url\":\"https:\\\/\\\/deliangdisplay.com\\\/wp-content\\\/uploads\\\/2025\\\/10\\\/2-5.jpg\",\"contentUrl\":\"https:\\\/\\\/deliangdisplay.com\\\/wp-content\\\/uploads\\\/2025\\\/10\\\/2-5.jpg\",\"width\":1000,\"height\":1000},{\"@type\":\"BreadcrumbList\",\"@id\":\"https:\\\/\\\/deliangdisplay.com\\\/our-product\\\/accessories\\\/customized-ribbon\\\/premium-3d-embossed-black-grosgrain-ribbon-custom-printed-for-gift-wrapping-bags-brand-identity\\\/#breadcrumb\",\"itemListElement\":[{\"@type\":\"ListItem\",\"position\":1,\"name\":\"\u9996\u9875\",\"item\":\"https:\\\/\\\/deliangdisplay.com\\\/\"},{\"@type\":\"ListItem\",\"position\":2,\"name\":\"Our Product\",\"item\":\"https:\\\/\\\/deliangdisplay.com\\\/our-product\\\/\"},{\"@type\":\"ListItem\",\"position\":3,\"name\":\"Premium 3D Embossed Black Grosgrain Ribbon &#8211; Custom Printed for Gift Wrapping, Bags &#038; Brand Identity\"}]},{\"@type\":\"WebSite\",\"@id\":\"https:\\\/\\\/deliangdisplay.com\\\/#website\",\"url\":\"https:\\\/\\\/deliangdisplay.com\\\/\",\"name\":\"deliangdisplay.com\",\"description\":\"DE-LIANG - Providing bespoke packaging solutions and luxurious display design services for brands in jewelry, apparel, watches, beauty cosmetics, and more.\",\"publisher\":{\"@id\":\"https:\\\/\\\/deliangdisplay.com\\\/#organization\"},\"potentialAction\":[{\"@type\":\"SearchAction\",\"target\":{\"@type\":\"EntryPoint\",\"urlTemplate\":\"https:\\\/\\\/deliangdisplay.com\\\/?s={search_term_string}\"},\"query-input\":{\"@type\":\"PropertyValueSpecification\",\"valueRequired\":true,\"valueName\":\"search_term_string\"}}],\"inLanguage\":\"it-IT\"},{\"@type\":\"Organization\",\"@id\":\"https:\\\/\\\/deliangdisplay.com\\\/#organization\",\"name\":\"deliangdisplay.com\",\"url\":\"https:\\\/\\\/deliangdisplay.com\\\/\",\"logo\":{\"@type\":\"ImageObject\",\"inLanguage\":\"it-IT\",\"@id\":\"https:\\\/\\\/deliangdisplay.com\\\/#\\\/schema\\\/logo\\\/image\\\/\",\"url\":\"https:\\\/\\\/deliangdisplay.com\\\/wp-content\\\/uploads\\\/2025\\\/08\\\/DELIANGDISPALY_logo.png\",\"contentUrl\":\"https:\\\/\\\/deliangdisplay.com\\\/wp-content\\\/uploads\\\/2025\\\/08\\\/DELIANGDISPALY_logo.png\",\"width\":300,\"height\":130,\"caption\":\"deliangdisplay.com\"},\"image\":{\"@id\":\"https:\\\/\\\/deliangdisplay.com\\\/#\\\/schema\\\/logo\\\/image\\\/\"},\"sameAs\":[\"https:\\\/\\\/www.facebook.com\\\/JaneZhang008\\\/\",\"https:\\\/\\\/x.com\\\/ly673551729\"]}]}<\/script>\n<!-- \/ Yoast SEO plugin. -->","yoast_head_json":{"title":"Nastro di Grosgrain nero in rilievo 3D Premium - Stampa personalizzata per confezioni regalo, borse e identit\u00e0 del marchio - DE-LIANG - gioielli, vestiti, orologi, cosmetici di bellezza","robots":{"index":"index","follow":"follow","max-snippet":"max-snippet:-1","max-image-preview":"max-image-preview:large","max-video-preview":"max-video-preview:-1"},"canonical":"https:\/\/deliangdisplay.com\/it\/il-nostro-prodotto\/accessori\/nastro-personalizzato\/nastro-in-gros-grain-nero-premium-3d-in-rilievo-stampato-su-misura-per-confezioni-regalo-borse-identita-di-marca\/","og_locale":"it_IT","og_type":"article","og_title":"Premium 3D Embossed Black Grosgrain Ribbon - Custom Printed for Gift Wrapping, Bags & Brand Identity - DE-LIANG - jewelry,clothes,watch,beauty cosmetics","og_description":"Elevate your projects with this custom 3D embossed black grosgrain ribbon! Made of 100% recycled polyester, it\u2019s durable, eco-friendly, and offers vibrant, washable prints. Choose from 3D embossing, foil printing, &amp; 196 colors (plus custom hues), with widths 3mm-100mm. Perfect for gift packaging, DIY, garment decor, and branding to boost your unique style.","og_url":"https:\/\/deliangdisplay.com\/it\/il-nostro-prodotto\/accessori\/nastro-personalizzato\/nastro-in-gros-grain-nero-premium-3d-in-rilievo-stampato-su-misura-per-confezioni-regalo-borse-identita-di-marca\/","og_site_name":"DE-LIANG - jewelry,clothes,watch,beauty cosmetics","article_publisher":"https:\/\/www.facebook.com\/JaneZhang008\/","article_modified_time":"2025-10-11T08:30:48+00:00","og_image":[{"width":1000,"height":1000,"url":"https:\/\/deliangdisplay.com\/wp-content\/uploads\/2025\/10\/2-5.jpg","type":"image\/jpeg"}],"twitter_card":"summary_large_image","twitter_site":"@ly673551729","twitter_misc":{"Tempo di lettura stimato":"2 minuti"},"schema":{"@context":"https:\/\/schema.org","@graph":[{"@type":"WebPage","@id":"https:\/\/deliangdisplay.com\/our-product\/accessories\/customized-ribbon\/premium-3d-embossed-black-grosgrain-ribbon-custom-printed-for-gift-wrapping-bags-brand-identity\/","url":"https:\/\/deliangdisplay.com\/our-product\/accessories\/customized-ribbon\/premium-3d-embossed-black-grosgrain-ribbon-custom-printed-for-gift-wrapping-bags-brand-identity\/","name":"Nastro di Grosgrain nero in rilievo 3D Premium - Stampa personalizzata per confezioni regalo, borse e identit\u00e0 del marchio - DE-LIANG - gioielli, vestiti, orologi, cosmetici di bellezza","isPartOf":{"@id":"https:\/\/deliangdisplay.com\/#website"},"primaryImageOfPage":{"@id":"https:\/\/deliangdisplay.com\/our-product\/accessories\/customized-ribbon\/premium-3d-embossed-black-grosgrain-ribbon-custom-printed-for-gift-wrapping-bags-brand-identity\/#primaryimage"},"image":{"@id":"https:\/\/deliangdisplay.com\/our-product\/accessories\/customized-ribbon\/premium-3d-embossed-black-grosgrain-ribbon-custom-printed-for-gift-wrapping-bags-brand-identity\/#primaryimage"},"thumbnailUrl":"https:\/\/deliangdisplay.com\/wp-content\/uploads\/2025\/10\/2-5.jpg","datePublished":"2025-10-11T08:30:47+00:00","dateModified":"2025-10-11T08:30:48+00:00","breadcrumb":{"@id":"https:\/\/deliangdisplay.com\/our-product\/accessories\/customized-ribbon\/premium-3d-embossed-black-grosgrain-ribbon-custom-printed-for-gift-wrapping-bags-brand-identity\/#breadcrumb"},"inLanguage":"it-IT","potentialAction":[{"@type":"ReadAction","target":["https:\/\/deliangdisplay.com\/our-product\/accessories\/customized-ribbon\/premium-3d-embossed-black-grosgrain-ribbon-custom-printed-for-gift-wrapping-bags-brand-identity\/"]}]},{"@type":"ImageObject","inLanguage":"it-IT","@id":"https:\/\/deliangdisplay.com\/our-product\/accessories\/customized-ribbon\/premium-3d-embossed-black-grosgrain-ribbon-custom-printed-for-gift-wrapping-bags-brand-identity\/#primaryimage","url":"https:\/\/deliangdisplay.com\/wp-content\/uploads\/2025\/10\/2-5.jpg","contentUrl":"https:\/\/deliangdisplay.com\/wp-content\/uploads\/2025\/10\/2-5.jpg","width":1000,"height":1000},{"@type":"BreadcrumbList","@id":"https:\/\/deliangdisplay.com\/our-product\/accessories\/customized-ribbon\/premium-3d-embossed-black-grosgrain-ribbon-custom-printed-for-gift-wrapping-bags-brand-identity\/#breadcrumb","itemListElement":[{"@type":"ListItem","position":1,"name":"\u9996\u9875","item":"https:\/\/deliangdisplay.com\/"},{"@type":"ListItem","position":2,"name":"Our Product","item":"https:\/\/deliangdisplay.com\/our-product\/"},{"@type":"ListItem","position":3,"name":"Premium 3D Embossed Black Grosgrain Ribbon &#8211; Custom Printed for Gift Wrapping, Bags &#038; Brand Identity"}]},{"@type":"WebSite","@id":"https:\/\/deliangdisplay.com\/#website","url":"https:\/\/deliangdisplay.com\/","name":"deliangdisplay.com","description":"DE-LIANG - Fornisce soluzioni di packaging su misura e servizi di design di espositori di lusso per marchi di gioielli, abbigliamento, orologi, cosmetici di bellezza e altro ancora.","publisher":{"@id":"https:\/\/deliangdisplay.com\/#organization"},"potentialAction":[{"@type":"SearchAction","target":{"@type":"EntryPoint","urlTemplate":"https:\/\/deliangdisplay.com\/?s={search_term_string}"},"query-input":{"@type":"PropertyValueSpecification","valueRequired":true,"valueName":"search_term_string"}}],"inLanguage":"it-IT"},{"@type":"Organization","@id":"https:\/\/deliangdisplay.com\/#organization","name":"deliangdisplay.com","url":"https:\/\/deliangdisplay.com\/","logo":{"@type":"ImageObject","inLanguage":"it-IT","@id":"https:\/\/deliangdisplay.com\/#\/schema\/logo\/image\/","url":"https:\/\/deliangdisplay.com\/wp-content\/uploads\/2025\/08\/DELIANGDISPALY_logo.png","contentUrl":"https:\/\/deliangdisplay.com\/wp-content\/uploads\/2025\/08\/DELIANGDISPALY_logo.png","width":300,"height":130,"caption":"deliangdisplay.com"},"image":{"@id":"https:\/\/deliangdisplay.com\/#\/schema\/logo\/image\/"},"sameAs":["https:\/\/www.facebook.com\/JaneZhang008\/","https:\/\/x.com\/ly673551729"]}]}},"_links":{"self":[{"href":"https:\/\/deliangdisplay.com\/it\/wp-json\/wp\/v2\/product\/43491","targetHints":{"allow":["GET"]}}],"collection":[{"href":"https:\/\/deliangdisplay.com\/it\/wp-json\/wp\/v2\/product"}],"about":[{"href":"https:\/\/deliangdisplay.com\/it\/wp-json\/wp\/v2\/types\/product"}],"replies":[{"embeddable":true,"href":"https:\/\/deliangdisplay.com\/it\/wp-json\/wp\/v2\/comments?post=43491"}],"wp:featuredmedia":[{"embeddable":true,"href":"https:\/\/deliangdisplay.com\/it\/wp-json\/wp\/v2\/media\/43492"}],"wp:attachment":[{"href":"https:\/\/deliangdisplay.com\/it\/wp-json\/wp\/v2\/media?parent=43491"}],"wp:term":[{"taxonomy":"product_brand","embeddable":true,"href":"https:\/\/deliangdisplay.com\/it\/wp-json\/wp\/v2\/product_brand?post=43491"},{"taxonomy":"product_cat","embeddable":true,"href":"https:\/\/deliangdisplay.com\/it\/wp-json\/wp\/v2\/product_cat?post=43491"},{"taxonomy":"product_tag","embeddable":true,"href":"https:\/\/deliangdisplay.com\/it\/wp-json\/wp\/v2\/product_tag?post=43491"}],"curies":[{"name":"wp","href":"https:\/\/api.w.org\/{rel}","templated":true}]}}