{"id":43465,"date":"2025-10-10T15:56:34","date_gmt":"2025-10-10T07:56:34","guid":{"rendered":"https:\/\/deliangdisplay.com\/?post_type=product&#038;p=43465"},"modified":"2025-10-10T15:56:34","modified_gmt":"2025-10-10T07:56:34","slug":"espositore-di-lusso-per-braccialetti-in-velluto-a-glassa-per-organizzare-i-gioielli-in-vetrina-con-stile","status":"publish","type":"product","link":"https:\/\/deliangdisplay.com\/it\/il-nostro-prodotto\/accessori\/braccialetti\/espositore-di-lusso-per-braccialetti-in-velluto-a-glassa-per-organizzare-i-gioielli-in-vetrina-con-stile\/","title":{"rendered":"Espositore di lusso per braccialetti in velluto - Organizza e mostra i gioielli con stile"},"content":{"rendered":"<h3 class=\"header-vfC6AV auto-hide-last-sibling-br\">Panoramica del prodotto<\/h3>\n<div class=\"auto-hide-last-sibling-br paragraph-JOTKXA paragraph-element br-paragraph-space\">Elevate il vostro gioco di organizzazione dei gioielli con questo\u00a0<strong>espositore per braccialetti in velluto a glassa<\/strong>! Non \u00e8 solo una soluzione per riporre i braccialetti, ma una vera e propria rivoluzione che ottimizza lo spazio per tenerli ordinati. Dite addio alla frustrazione di braccialetti persi, rotti o disorganizzati, e date il benvenuto a un accesso rapido e senza sforzo ai vostri pezzi preferiti ogni volta che lo desiderate.<\/div>\n<h3 class=\"header-vfC6AV auto-hide-last-sibling-br\">Caratteristiche principali<\/h3>\n<ul class=\"auto-hide-last-sibling-br\">\n<li><strong>Organizzazione rapida e senza sforzo<\/strong>: Per ottenere un'esposizione perfettamente ordinata in un solo secondo! Non dovrete pi\u00f9 rovistare in un'accozzaglia di bracciali: questo supporto vi permette di individuare immediatamente il pezzo esatto che desiderate, rendendo la vostra routine quotidiana di gioielli un gioco da ragazzi.<\/li>\n<li><strong>Posizionamento ordinato e pulito<\/strong>: Grazie alle fessure uniformemente distanziate, ogni braccialetto ha il suo posto dedicato. Non c'\u00e8 pi\u00f9 bisogno di mescolarsi o aggrovigliarsi, cos\u00ec ogni braccialetto rimane esattamente dove lo si vuole, con un aspetto immacolato e pronto da indossare.<\/li>\n<li><strong>Roccia - Struttura solida e stabile<\/strong>: L'ingegnoso design a gradini assicura che i bracciali siano esposti in modo sicuro. La struttura complessiva \u00e8 estremamente robusta e fornisce una vetrina affidabile che mantiene i gioielli al meglio senza oscillazioni o instabilit\u00e0.<\/li>\n<li><strong>Contenitori intelligenti e pratici per la schiena<\/strong>: Avete bisogno di spazio extra per i piccoli gingilli? Una volta montato, il retro del supporto si trasforma in un pratico angolo per riporre i gioielli, aggiungendo un ulteriore livello di funzionalit\u00e0 per tenere tutti gli elementi essenziali in un unico posto.<\/li>\n<li><strong>Facilit\u00e0 di smontaggio e praticit\u00e0 in movimento<\/strong>: Che si tratti di un trasloco o di un'esposizione di gioielli in un pop-up shop, il design staccabile di questo supporto lo rende facile da smontare. \u00c8 incredibilmente portatile, cos\u00ec potrete portare con voi la vostra elegante organizzazione di gioielli ovunque andiate.<\/li>\n<li><strong>Materiale lussuosamente delicato<\/strong>: Realizzato in velluto di prima scelta, vanta una texture squisitamente liscia e delicata. I vostri preziosi bracciali riceveranno un trattamento regale: nessun graffio, nessun intoppo. Inoltre, i bordi accuratamente avvolti non causano danni da attrito, mantenendo i vostri gioielli impeccabili come il giorno in cui li avete ricevuti.<\/li>\n<\/ul>","protected":false},"excerpt":{"rendered":"<p>Elevate your jewelry organization with this icing velvet bracelet display stand! It optimizes space for tidy storage, preventing loss or breakage. Enjoy one &#8211; second neatness, uniform intervals to avoid mixing, a stable step &#8211; design, practical back storage, easy disassembly for portability, and gentle icing velvet that protects jewelry from friction damage.<\/p>","protected":false},"featured_media":43466,"comment_status":"open","ping_status":"closed","template":"","meta":{"_acf_changed":false},"product_brand":[84],"product_cat":[71],"product_tag":[412,414,410,415,413,407,420,417,419,409,418,411,416,408],"class_list":{"0":"post-43465","1":"product","2":"type-product","3":"status-publish","4":"has-post-thumbnail","6":"product_brand-de-liang","7":"product_cat-bangle-bars","8":"product_tag-black-velvet-jewelry-holder","9":"product_tag-bracelet-storage-for-trinkets","10":"product_tag-easy-disassemble-jewelry-stand","11":"product_tag-gentle-material-jewelry-organizer","12":"product_tag-gray-jewelry-display-stand","13":"product_tag-icing-velvet-bracelet-display-stand","14":"product_tag-jewelry-display-for-bracelets-and-watches","15":"product_tag-portable-jewelry-storage","16":"product_tag-premium-velvet-bracelet-holder","17":"product_tag-scratch-free-bracelet-organizer","18":"product_tag-small-item-jewelry-stand","19":"product_tag-step-design-bracelet-rack","20":"product_tag-tidy-bracelet-display-rack","21":"product_tag-velvet-jewelry-storage-rack","23":"first","24":"instock","25":"shipping-taxable","26":"purchasable","27":"product-type-simple"},"acf":[],"yoast_head":"<!-- This site is optimized with the Yoast SEO plugin v27.4 - https:\/\/yoast.com\/product\/yoast-seo-wordpress\/ -->\n<title>Luxury Icing Velvet Bracelet Display Stand - Organize &amp; Showcase Jewelry in Style - DE-LIANG - jewelry,clothes,watch,beauty cosmetics<\/title>\n<meta name=\"robots\" content=\"index, follow, max-snippet:-1, max-image-preview:large, max-video-preview:-1\" \/>\n<link rel=\"canonical\" href=\"https:\/\/deliangdisplay.com\/it\/il-nostro-prodotto\/accessori\/braccialetti\/espositore-di-lusso-per-braccialetti-in-velluto-a-glassa-per-organizzare-i-gioielli-in-vetrina-con-stile\/\" \/>\n<meta property=\"og:locale\" content=\"it_IT\" \/>\n<meta property=\"og:type\" content=\"article\" \/>\n<meta property=\"og:title\" content=\"Luxury Icing Velvet Bracelet Display Stand - Organize &amp; Showcase Jewelry in Style - DE-LIANG - jewelry,clothes,watch,beauty cosmetics\" \/>\n<meta property=\"og:description\" content=\"Elevate your jewelry organization with this icing velvet bracelet display stand! It optimizes space for tidy storage, preventing loss or breakage. Enjoy one - second neatness, uniform intervals to avoid mixing, a stable step - design, practical back storage, easy disassembly for portability, and gentle icing velvet that protects jewelry from friction damage.\" \/>\n<meta property=\"og:url\" content=\"https:\/\/deliangdisplay.com\/it\/il-nostro-prodotto\/accessori\/braccialetti\/espositore-di-lusso-per-braccialetti-in-velluto-a-glassa-per-organizzare-i-gioielli-in-vetrina-con-stile\/\" \/>\n<meta property=\"og:site_name\" content=\"DE-LIANG - jewelry,clothes,watch,beauty cosmetics\" \/>\n<meta property=\"article:publisher\" content=\"https:\/\/www.facebook.com\/JaneZhang008\/\" \/>\n<meta property=\"og:image\" content=\"https:\/\/deliangdisplay.com\/wp-content\/uploads\/2025\/10\/11-4.jpg\" \/>\n\t<meta property=\"og:image:width\" content=\"800\" \/>\n\t<meta property=\"og:image:height\" content=\"800\" \/>\n\t<meta property=\"og:image:type\" content=\"image\/jpeg\" \/>\n<meta name=\"twitter:card\" content=\"summary_large_image\" \/>\n<meta name=\"twitter:site\" content=\"@ly673551729\" \/>\n<meta name=\"twitter:label1\" content=\"Tempo di lettura stimato\" \/>\n\t<meta name=\"twitter:data1\" content=\"2 minuti\" \/>\n<script type=\"application\/ld+json\" class=\"yoast-schema-graph\">{\"@context\":\"https:\\\/\\\/schema.org\",\"@graph\":[{\"@type\":\"WebPage\",\"@id\":\"https:\\\/\\\/deliangdisplay.com\\\/our-product\\\/accessories\\\/bangle-bars\\\/luxury-icing-velvet-bracelet-display-stand-organize-showcase-jewelry-in-style\\\/\",\"url\":\"https:\\\/\\\/deliangdisplay.com\\\/our-product\\\/accessories\\\/bangle-bars\\\/luxury-icing-velvet-bracelet-display-stand-organize-showcase-jewelry-in-style\\\/\",\"name\":\"Luxury Icing Velvet Bracelet Display Stand - Organize & Showcase Jewelry in Style - DE-LIANG - jewelry,clothes,watch,beauty cosmetics\",\"isPartOf\":{\"@id\":\"https:\\\/\\\/deliangdisplay.com\\\/#website\"},\"primaryImageOfPage\":{\"@id\":\"https:\\\/\\\/deliangdisplay.com\\\/our-product\\\/accessories\\\/bangle-bars\\\/luxury-icing-velvet-bracelet-display-stand-organize-showcase-jewelry-in-style\\\/#primaryimage\"},\"image\":{\"@id\":\"https:\\\/\\\/deliangdisplay.com\\\/our-product\\\/accessories\\\/bangle-bars\\\/luxury-icing-velvet-bracelet-display-stand-organize-showcase-jewelry-in-style\\\/#primaryimage\"},\"thumbnailUrl\":\"https:\\\/\\\/deliangdisplay.com\\\/wp-content\\\/uploads\\\/2025\\\/10\\\/11-4.jpg\",\"datePublished\":\"2025-10-10T07:56:34+00:00\",\"breadcrumb\":{\"@id\":\"https:\\\/\\\/deliangdisplay.com\\\/our-product\\\/accessories\\\/bangle-bars\\\/luxury-icing-velvet-bracelet-display-stand-organize-showcase-jewelry-in-style\\\/#breadcrumb\"},\"inLanguage\":\"it-IT\",\"potentialAction\":[{\"@type\":\"ReadAction\",\"target\":[\"https:\\\/\\\/deliangdisplay.com\\\/our-product\\\/accessories\\\/bangle-bars\\\/luxury-icing-velvet-bracelet-display-stand-organize-showcase-jewelry-in-style\\\/\"]}]},{\"@type\":\"ImageObject\",\"inLanguage\":\"it-IT\",\"@id\":\"https:\\\/\\\/deliangdisplay.com\\\/our-product\\\/accessories\\\/bangle-bars\\\/luxury-icing-velvet-bracelet-display-stand-organize-showcase-jewelry-in-style\\\/#primaryimage\",\"url\":\"https:\\\/\\\/deliangdisplay.com\\\/wp-content\\\/uploads\\\/2025\\\/10\\\/11-4.jpg\",\"contentUrl\":\"https:\\\/\\\/deliangdisplay.com\\\/wp-content\\\/uploads\\\/2025\\\/10\\\/11-4.jpg\",\"width\":800,\"height\":800},{\"@type\":\"BreadcrumbList\",\"@id\":\"https:\\\/\\\/deliangdisplay.com\\\/our-product\\\/accessories\\\/bangle-bars\\\/luxury-icing-velvet-bracelet-display-stand-organize-showcase-jewelry-in-style\\\/#breadcrumb\",\"itemListElement\":[{\"@type\":\"ListItem\",\"position\":1,\"name\":\"\u9996\u9875\",\"item\":\"https:\\\/\\\/deliangdisplay.com\\\/\"},{\"@type\":\"ListItem\",\"position\":2,\"name\":\"Our Product\",\"item\":\"https:\\\/\\\/deliangdisplay.com\\\/our-product\\\/\"},{\"@type\":\"ListItem\",\"position\":3,\"name\":\"Luxury Icing Velvet Bracelet Display Stand &#8211; Organize &#038; Showcase Jewelry in Style\"}]},{\"@type\":\"WebSite\",\"@id\":\"https:\\\/\\\/deliangdisplay.com\\\/#website\",\"url\":\"https:\\\/\\\/deliangdisplay.com\\\/\",\"name\":\"deliangdisplay.com\",\"description\":\"DE-LIANG - Providing bespoke packaging solutions and luxurious display design services for brands in jewelry, apparel, watches, beauty cosmetics, and more.\",\"publisher\":{\"@id\":\"https:\\\/\\\/deliangdisplay.com\\\/#organization\"},\"potentialAction\":[{\"@type\":\"SearchAction\",\"target\":{\"@type\":\"EntryPoint\",\"urlTemplate\":\"https:\\\/\\\/deliangdisplay.com\\\/?s={search_term_string}\"},\"query-input\":{\"@type\":\"PropertyValueSpecification\",\"valueRequired\":true,\"valueName\":\"search_term_string\"}}],\"inLanguage\":\"it-IT\"},{\"@type\":\"Organization\",\"@id\":\"https:\\\/\\\/deliangdisplay.com\\\/#organization\",\"name\":\"deliangdisplay.com\",\"url\":\"https:\\\/\\\/deliangdisplay.com\\\/\",\"logo\":{\"@type\":\"ImageObject\",\"inLanguage\":\"it-IT\",\"@id\":\"https:\\\/\\\/deliangdisplay.com\\\/#\\\/schema\\\/logo\\\/image\\\/\",\"url\":\"https:\\\/\\\/deliangdisplay.com\\\/wp-content\\\/uploads\\\/2025\\\/08\\\/DELIANGDISPALY_logo.png\",\"contentUrl\":\"https:\\\/\\\/deliangdisplay.com\\\/wp-content\\\/uploads\\\/2025\\\/08\\\/DELIANGDISPALY_logo.png\",\"width\":300,\"height\":130,\"caption\":\"deliangdisplay.com\"},\"image\":{\"@id\":\"https:\\\/\\\/deliangdisplay.com\\\/#\\\/schema\\\/logo\\\/image\\\/\"},\"sameAs\":[\"https:\\\/\\\/www.facebook.com\\\/JaneZhang008\\\/\",\"https:\\\/\\\/x.com\\\/ly673551729\"]}]}<\/script>\n<!-- \/ Yoast SEO plugin. -->","yoast_head_json":{"title":"Luxury Icing Velvet Bracciale Display Stand - Organizzare e visualizzare i gioielli in stile - DE-LIANG - gioielli, vestiti, orologi, cosmetici bellezza","robots":{"index":"index","follow":"follow","max-snippet":"max-snippet:-1","max-image-preview":"max-image-preview:large","max-video-preview":"max-video-preview:-1"},"canonical":"https:\/\/deliangdisplay.com\/it\/il-nostro-prodotto\/accessori\/braccialetti\/espositore-di-lusso-per-braccialetti-in-velluto-a-glassa-per-organizzare-i-gioielli-in-vetrina-con-stile\/","og_locale":"it_IT","og_type":"article","og_title":"Luxury Icing Velvet Bracelet Display Stand - Organize & Showcase Jewelry in Style - DE-LIANG - jewelry,clothes,watch,beauty cosmetics","og_description":"Elevate your jewelry organization with this icing velvet bracelet display stand! It optimizes space for tidy storage, preventing loss or breakage. Enjoy one - second neatness, uniform intervals to avoid mixing, a stable step - design, practical back storage, easy disassembly for portability, and gentle icing velvet that protects jewelry from friction damage.","og_url":"https:\/\/deliangdisplay.com\/it\/il-nostro-prodotto\/accessori\/braccialetti\/espositore-di-lusso-per-braccialetti-in-velluto-a-glassa-per-organizzare-i-gioielli-in-vetrina-con-stile\/","og_site_name":"DE-LIANG - jewelry,clothes,watch,beauty cosmetics","article_publisher":"https:\/\/www.facebook.com\/JaneZhang008\/","og_image":[{"width":800,"height":800,"url":"https:\/\/deliangdisplay.com\/wp-content\/uploads\/2025\/10\/11-4.jpg","type":"image\/jpeg"}],"twitter_card":"summary_large_image","twitter_site":"@ly673551729","twitter_misc":{"Tempo di lettura stimato":"2 minuti"},"schema":{"@context":"https:\/\/schema.org","@graph":[{"@type":"WebPage","@id":"https:\/\/deliangdisplay.com\/our-product\/accessories\/bangle-bars\/luxury-icing-velvet-bracelet-display-stand-organize-showcase-jewelry-in-style\/","url":"https:\/\/deliangdisplay.com\/our-product\/accessories\/bangle-bars\/luxury-icing-velvet-bracelet-display-stand-organize-showcase-jewelry-in-style\/","name":"Luxury Icing Velvet Bracciale Display Stand - Organizzare e visualizzare i gioielli in stile - DE-LIANG - gioielli, vestiti, orologi, cosmetici bellezza","isPartOf":{"@id":"https:\/\/deliangdisplay.com\/#website"},"primaryImageOfPage":{"@id":"https:\/\/deliangdisplay.com\/our-product\/accessories\/bangle-bars\/luxury-icing-velvet-bracelet-display-stand-organize-showcase-jewelry-in-style\/#primaryimage"},"image":{"@id":"https:\/\/deliangdisplay.com\/our-product\/accessories\/bangle-bars\/luxury-icing-velvet-bracelet-display-stand-organize-showcase-jewelry-in-style\/#primaryimage"},"thumbnailUrl":"https:\/\/deliangdisplay.com\/wp-content\/uploads\/2025\/10\/11-4.jpg","datePublished":"2025-10-10T07:56:34+00:00","breadcrumb":{"@id":"https:\/\/deliangdisplay.com\/our-product\/accessories\/bangle-bars\/luxury-icing-velvet-bracelet-display-stand-organize-showcase-jewelry-in-style\/#breadcrumb"},"inLanguage":"it-IT","potentialAction":[{"@type":"ReadAction","target":["https:\/\/deliangdisplay.com\/our-product\/accessories\/bangle-bars\/luxury-icing-velvet-bracelet-display-stand-organize-showcase-jewelry-in-style\/"]}]},{"@type":"ImageObject","inLanguage":"it-IT","@id":"https:\/\/deliangdisplay.com\/our-product\/accessories\/bangle-bars\/luxury-icing-velvet-bracelet-display-stand-organize-showcase-jewelry-in-style\/#primaryimage","url":"https:\/\/deliangdisplay.com\/wp-content\/uploads\/2025\/10\/11-4.jpg","contentUrl":"https:\/\/deliangdisplay.com\/wp-content\/uploads\/2025\/10\/11-4.jpg","width":800,"height":800},{"@type":"BreadcrumbList","@id":"https:\/\/deliangdisplay.com\/our-product\/accessories\/bangle-bars\/luxury-icing-velvet-bracelet-display-stand-organize-showcase-jewelry-in-style\/#breadcrumb","itemListElement":[{"@type":"ListItem","position":1,"name":"\u9996\u9875","item":"https:\/\/deliangdisplay.com\/"},{"@type":"ListItem","position":2,"name":"Our Product","item":"https:\/\/deliangdisplay.com\/our-product\/"},{"@type":"ListItem","position":3,"name":"Luxury Icing Velvet Bracelet Display Stand &#8211; Organize &#038; Showcase Jewelry in Style"}]},{"@type":"WebSite","@id":"https:\/\/deliangdisplay.com\/#website","url":"https:\/\/deliangdisplay.com\/","name":"deliangdisplay.com","description":"DE-LIANG - Fornisce soluzioni di packaging su misura e servizi di design di espositori di lusso per marchi di gioielli, abbigliamento, orologi, cosmetici di bellezza e altro ancora.","publisher":{"@id":"https:\/\/deliangdisplay.com\/#organization"},"potentialAction":[{"@type":"SearchAction","target":{"@type":"EntryPoint","urlTemplate":"https:\/\/deliangdisplay.com\/?s={search_term_string}"},"query-input":{"@type":"PropertyValueSpecification","valueRequired":true,"valueName":"search_term_string"}}],"inLanguage":"it-IT"},{"@type":"Organization","@id":"https:\/\/deliangdisplay.com\/#organization","name":"deliangdisplay.com","url":"https:\/\/deliangdisplay.com\/","logo":{"@type":"ImageObject","inLanguage":"it-IT","@id":"https:\/\/deliangdisplay.com\/#\/schema\/logo\/image\/","url":"https:\/\/deliangdisplay.com\/wp-content\/uploads\/2025\/08\/DELIANGDISPALY_logo.png","contentUrl":"https:\/\/deliangdisplay.com\/wp-content\/uploads\/2025\/08\/DELIANGDISPALY_logo.png","width":300,"height":130,"caption":"deliangdisplay.com"},"image":{"@id":"https:\/\/deliangdisplay.com\/#\/schema\/logo\/image\/"},"sameAs":["https:\/\/www.facebook.com\/JaneZhang008\/","https:\/\/x.com\/ly673551729"]}]}},"_links":{"self":[{"href":"https:\/\/deliangdisplay.com\/it\/wp-json\/wp\/v2\/product\/43465","targetHints":{"allow":["GET"]}}],"collection":[{"href":"https:\/\/deliangdisplay.com\/it\/wp-json\/wp\/v2\/product"}],"about":[{"href":"https:\/\/deliangdisplay.com\/it\/wp-json\/wp\/v2\/types\/product"}],"replies":[{"embeddable":true,"href":"https:\/\/deliangdisplay.com\/it\/wp-json\/wp\/v2\/comments?post=43465"}],"wp:featuredmedia":[{"embeddable":true,"href":"https:\/\/deliangdisplay.com\/it\/wp-json\/wp\/v2\/media\/43466"}],"wp:attachment":[{"href":"https:\/\/deliangdisplay.com\/it\/wp-json\/wp\/v2\/media?parent=43465"}],"wp:term":[{"taxonomy":"product_brand","embeddable":true,"href":"https:\/\/deliangdisplay.com\/it\/wp-json\/wp\/v2\/product_brand?post=43465"},{"taxonomy":"product_cat","embeddable":true,"href":"https:\/\/deliangdisplay.com\/it\/wp-json\/wp\/v2\/product_cat?post=43465"},{"taxonomy":"product_tag","embeddable":true,"href":"https:\/\/deliangdisplay.com\/it\/wp-json\/wp\/v2\/product_tag?post=43465"}],"curies":[{"name":"wp","href":"https:\/\/api.w.org\/{rel}","templated":true}]}}