{"id":43420,"date":"2025-10-10T15:17:00","date_gmt":"2025-10-10T07:17:00","guid":{"rendered":"https:\/\/deliangdisplay.com\/?post_type=product&#038;p=43420"},"modified":"2025-10-10T15:17:00","modified_gmt":"2025-10-10T07:17:00","slug":"lussuoso-espositore-di-braccialetti-in-legno-di-gomma-dal-design-arrotondato-per-braccialetti-bangles-uso-casa-negozio","status":"publish","type":"product","link":"https:\/\/deliangdisplay.com\/it\/il-nostro-prodotto\/accessori\/braccialetti\/lussuoso-espositore-di-braccialetti-in-legno-di-gomma-dal-design-arrotondato-per-braccialetti-bangles-uso-casa-negozio\/","title":{"rendered":"Organizzatore di lusso per bracciali in legno di gomma - Design arrotondato per bracciali, braccialetti (uso domestico e in negozio)"},"content":{"rendered":"<h3 class=\"header-vfC6AV auto-hide-last-sibling-br\">Panoramica del prodotto<\/h3>\n<div class=\"auto-hide-last-sibling-br paragraph-JOTKXA paragraph-element br-paragraph-space\">Elevate la vostra esposizione di gioielli a\u00a0<strong>livelli di lusso<\/strong>\u00a0con questo raffinato espositore per bracciali in legno di caucci\u00f9! Progettato per organizzare e mettere in mostra bracciali e braccialetti con stile, aggiunge un tocco di eleganza immediata a qualsiasi spazio, sia che si tratti di un'affollata gioielleria, sia che si tratti del vostro vanity personale che \u00e8 il vostro rifugio quotidiano per la cura di voi stessi, sia che si tratti di un angolo chic della vostra casa dove amate esporre i vostri tesori. Non si tratta solo di una soluzione per riporre i gioielli, ma di un elemento di spicco che eleva l'estetica dell'intera area.<\/div>\n<h3 class=\"header-vfC6AV auto-hide-last-sibling-br\">Caratteristiche principali<\/h3>\n<ul class=\"auto-hide-last-sibling-br\">\n<li><strong>Costruzione in gomma premium per legno<\/strong>: Realizzato in legno di caucci\u00f9 di prima qualit\u00e0, vanta una durata eccezionale che lo fa durare per anni. Inoltre, l'aspetto naturalmente raffinato e sofisticato del legno fa risaltare i vostri gioielli, dando a ogni pezzo il risalto che merita. \u00c8 un mix di funzionalit\u00e0 e design di alto livello.<\/li>\n<li><strong>Squisito artigianato<\/strong>: Ogni centimetro \u00e8 impreziosito da delicate texture intagliate, che emanano un'atmosfera semplice ma assolutamente elegante che non passa mai di moda. Il design arrotondato e robusto non solo ne accresce il fascino, ma ne assicura anche la stabilit\u00e0, in modo da non dover mai temere che i vostri preziosi gioielli siano a rischio.<\/li>\n<li><strong>Geniale design multistrato<\/strong>: Grazie agli strati multipli, c'\u00e8 ampio spazio per organizzare in modo ordinato tutti i braccialetti e i braccialetti, dalle catene pi\u00f9 delicate ai polsini pi\u00f9 audaci. Mantenete i vostri gioielli accessibili e ordinati,\u00a0<em>e<\/em>\u00a0Lasciate che ogni dettaglio risplenda, che sia lo scintillio di una gemma o il disegno intricato di un braccialetto. Questo design accurato crea un'atmosfera elegante e raffinata che rende piacevole prepararsi o ammirare la propria collezione.<\/li>\n<\/ul>\n<h3 class=\"header-vfC6AV auto-hide-last-sibling-br\">Dimensionamento<\/h3>\n<div class=\"auto-hide-last-sibling-br paragraph-JOTKXA paragraph-element br-paragraph-space\">Disponibili in diverse dimensioni per adattarsi a qualsiasi esigenza espositiva, sia che abbiate una vasta collezione o una selezione curata. (Date un'occhiata alle immagini delle dimensioni dei prodotti per conoscere le specifiche esatte e trovare la soluzione perfetta per il vostro spazio).<\/div>\n<h3 class=\"header-vfC6AV auto-hide-last-sibling-br\">Scenario d'uso<\/h3>\n<div class=\"auto-hide-last-sibling-br paragraph-JOTKXA paragraph-element br-paragraph-space\">Perfetto per le gioiellerie che desiderano impressionare i clienti con un'esposizione curata, per le toilette personali dove si desidera iniziare e terminare la giornata circondati da una bellezza organizzata, o per i negozi di gioielli.\u00a0<em>qualsiasi<\/em>\u00a0Il supporto \u00e8 il modo migliore per trasformare la vostra collezione di gioielli in un'esposizione degna di una galleria d'arte. Curate e sfoggiate senza sforzo il vostro stile unico con questo supporto: \u00e8 il modo migliore per trasformare i vostri gioielli in una mostra degna di una galleria.<\/div>","protected":false},"excerpt":{"rendered":"<p>Elevate la vostra esposizione di gioielli con questo supporto per bracciali in legno di gomma! Realizzato in legno di gomma di prima qualit\u00e0, unisce la resistenza a un aspetto naturale e raffinato, oltre a delicate texture intagliate e a un design arrotondato e robusto per garantire l'eleganza. La sua struttura multistrato organizza in modo ordinato i bracciali, mantenendoli accessibili e mettendone in risalto ogni dettaglio. Perfetto per le gioiellerie, per i vani della casa o per qualsiasi spazio che necessiti di una soluzione di archiviazione raffinata ed elegante.<\/p>","protected":false},"featured_media":43421,"comment_status":"open","ping_status":"closed","template":"","meta":{"_acf_changed":false},"product_brand":[84],"product_cat":[71],"product_tag":[361,366,364,360,362,363,359,365,358,367,357,368],"class_list":{"0":"post-43420","1":"product","2":"type-product","3":"status-publish","4":"has-post-thumbnail","6":"product_brand-de-liang","7":"product_cat-bangle-bars","8":"product_tag-carved-rubber-wood-jewelry-organizer","9":"product_tag-chic-bracelet-organizer","10":"product_tag-durable-bracelet-storage-stand","11":"product_tag-elegant-jewelry-display-stand","12":"product_tag-home-vanity-bracelet-stand","13":"product_tag-jewelry-store-bangle-display","14":"product_tag-multi-layer-bangle-stand","15":"product_tag-natural-wood-jewelry-display","16":"product_tag-premium-bracelet-organizer","17":"product_tag-rubber-wood-bangle-holder","18":"product_tag-rubber-wood-bracelet-display-stand","19":"product_tag-upscale-jewelry-display-stand","21":"first","22":"instock","23":"shipping-taxable","24":"purchasable","25":"product-type-simple"},"acf":[],"yoast_head":"<!-- This site is optimized with the Yoast SEO plugin v27.4 - https:\/\/yoast.com\/product\/yoast-seo-wordpress\/ -->\n<title>Luxury Rubber Wood Bracelet Display Organizer - Rounded Design for Bracelets, Bangles (Home &amp; Store Use) - DE-LIANG - jewelry,clothes,watch,beauty cosmetics<\/title>\n<meta name=\"robots\" content=\"index, follow, max-snippet:-1, max-image-preview:large, max-video-preview:-1\" \/>\n<link rel=\"canonical\" href=\"https:\/\/deliangdisplay.com\/it\/il-nostro-prodotto\/accessori\/braccialetti\/lussuoso-espositore-di-braccialetti-in-legno-di-gomma-dal-design-arrotondato-per-braccialetti-bangles-uso-casa-negozio\/\" \/>\n<meta property=\"og:locale\" content=\"it_IT\" \/>\n<meta property=\"og:type\" content=\"article\" \/>\n<meta property=\"og:title\" content=\"Luxury Rubber Wood Bracelet Display Organizer - Rounded Design for Bracelets, Bangles (Home &amp; Store Use) - DE-LIANG - jewelry,clothes,watch,beauty cosmetics\" \/>\n<meta property=\"og:description\" content=\"Elevate your jewelry display with this premium rubber wood bracelet stand! Crafted from top-notch rubber wood, it blends durability with a natural, upscale look, plus delicate carved textures and a rounded, sturdy design for elegance. Its multi-layer structure neatly organizes bracelets\/bangles\u2014keeping them accessible while highlighting every detail. Perfect for jewelry stores, home vanities, or any space needing a refined, stylish storage solution.\" \/>\n<meta property=\"og:url\" content=\"https:\/\/deliangdisplay.com\/it\/il-nostro-prodotto\/accessori\/braccialetti\/lussuoso-espositore-di-braccialetti-in-legno-di-gomma-dal-design-arrotondato-per-braccialetti-bangles-uso-casa-negozio\/\" \/>\n<meta property=\"og:site_name\" content=\"DE-LIANG - jewelry,clothes,watch,beauty cosmetics\" \/>\n<meta property=\"article:publisher\" content=\"https:\/\/www.facebook.com\/JaneZhang008\/\" \/>\n<meta property=\"og:image\" content=\"https:\/\/deliangdisplay.com\/wp-content\/uploads\/2025\/10\/2-4.jpg\" \/>\n\t<meta property=\"og:image:width\" content=\"800\" \/>\n\t<meta property=\"og:image:height\" content=\"800\" \/>\n\t<meta property=\"og:image:type\" content=\"image\/jpeg\" \/>\n<meta name=\"twitter:card\" content=\"summary_large_image\" \/>\n<meta name=\"twitter:site\" content=\"@ly673551729\" \/>\n<meta name=\"twitter:label1\" content=\"Tempo di lettura stimato\" \/>\n\t<meta name=\"twitter:data1\" content=\"2 minuti\" \/>\n<script type=\"application\/ld+json\" class=\"yoast-schema-graph\">{\"@context\":\"https:\\\/\\\/schema.org\",\"@graph\":[{\"@type\":\"WebPage\",\"@id\":\"https:\\\/\\\/deliangdisplay.com\\\/our-product\\\/accessories\\\/bangle-bars\\\/luxury-rubber-wood-bracelet-display-organizer-rounded-design-for-bracelets-bangles-home-store-use\\\/\",\"url\":\"https:\\\/\\\/deliangdisplay.com\\\/our-product\\\/accessories\\\/bangle-bars\\\/luxury-rubber-wood-bracelet-display-organizer-rounded-design-for-bracelets-bangles-home-store-use\\\/\",\"name\":\"Luxury Rubber Wood Bracelet Display Organizer - Rounded Design for Bracelets, Bangles (Home & Store Use) - DE-LIANG - jewelry,clothes,watch,beauty cosmetics\",\"isPartOf\":{\"@id\":\"https:\\\/\\\/deliangdisplay.com\\\/#website\"},\"primaryImageOfPage\":{\"@id\":\"https:\\\/\\\/deliangdisplay.com\\\/our-product\\\/accessories\\\/bangle-bars\\\/luxury-rubber-wood-bracelet-display-organizer-rounded-design-for-bracelets-bangles-home-store-use\\\/#primaryimage\"},\"image\":{\"@id\":\"https:\\\/\\\/deliangdisplay.com\\\/our-product\\\/accessories\\\/bangle-bars\\\/luxury-rubber-wood-bracelet-display-organizer-rounded-design-for-bracelets-bangles-home-store-use\\\/#primaryimage\"},\"thumbnailUrl\":\"https:\\\/\\\/deliangdisplay.com\\\/wp-content\\\/uploads\\\/2025\\\/10\\\/2-4.jpg\",\"datePublished\":\"2025-10-10T07:17:00+00:00\",\"breadcrumb\":{\"@id\":\"https:\\\/\\\/deliangdisplay.com\\\/our-product\\\/accessories\\\/bangle-bars\\\/luxury-rubber-wood-bracelet-display-organizer-rounded-design-for-bracelets-bangles-home-store-use\\\/#breadcrumb\"},\"inLanguage\":\"it-IT\",\"potentialAction\":[{\"@type\":\"ReadAction\",\"target\":[\"https:\\\/\\\/deliangdisplay.com\\\/our-product\\\/accessories\\\/bangle-bars\\\/luxury-rubber-wood-bracelet-display-organizer-rounded-design-for-bracelets-bangles-home-store-use\\\/\"]}]},{\"@type\":\"ImageObject\",\"inLanguage\":\"it-IT\",\"@id\":\"https:\\\/\\\/deliangdisplay.com\\\/our-product\\\/accessories\\\/bangle-bars\\\/luxury-rubber-wood-bracelet-display-organizer-rounded-design-for-bracelets-bangles-home-store-use\\\/#primaryimage\",\"url\":\"https:\\\/\\\/deliangdisplay.com\\\/wp-content\\\/uploads\\\/2025\\\/10\\\/2-4.jpg\",\"contentUrl\":\"https:\\\/\\\/deliangdisplay.com\\\/wp-content\\\/uploads\\\/2025\\\/10\\\/2-4.jpg\",\"width\":800,\"height\":800},{\"@type\":\"BreadcrumbList\",\"@id\":\"https:\\\/\\\/deliangdisplay.com\\\/our-product\\\/accessories\\\/bangle-bars\\\/luxury-rubber-wood-bracelet-display-organizer-rounded-design-for-bracelets-bangles-home-store-use\\\/#breadcrumb\",\"itemListElement\":[{\"@type\":\"ListItem\",\"position\":1,\"name\":\"\u9996\u9875\",\"item\":\"https:\\\/\\\/deliangdisplay.com\\\/\"},{\"@type\":\"ListItem\",\"position\":2,\"name\":\"Our Product\",\"item\":\"https:\\\/\\\/deliangdisplay.com\\\/our-product\\\/\"},{\"@type\":\"ListItem\",\"position\":3,\"name\":\"Luxury Rubber Wood Bracelet Display Organizer &#8211; Rounded Design for Bracelets, Bangles (Home &#038; Store Use)\"}]},{\"@type\":\"WebSite\",\"@id\":\"https:\\\/\\\/deliangdisplay.com\\\/#website\",\"url\":\"https:\\\/\\\/deliangdisplay.com\\\/\",\"name\":\"deliangdisplay.com\",\"description\":\"DE-LIANG - Providing bespoke packaging solutions and luxurious display design services for brands in jewelry, apparel, watches, beauty cosmetics, and more.\",\"publisher\":{\"@id\":\"https:\\\/\\\/deliangdisplay.com\\\/#organization\"},\"potentialAction\":[{\"@type\":\"SearchAction\",\"target\":{\"@type\":\"EntryPoint\",\"urlTemplate\":\"https:\\\/\\\/deliangdisplay.com\\\/?s={search_term_string}\"},\"query-input\":{\"@type\":\"PropertyValueSpecification\",\"valueRequired\":true,\"valueName\":\"search_term_string\"}}],\"inLanguage\":\"it-IT\"},{\"@type\":\"Organization\",\"@id\":\"https:\\\/\\\/deliangdisplay.com\\\/#organization\",\"name\":\"deliangdisplay.com\",\"url\":\"https:\\\/\\\/deliangdisplay.com\\\/\",\"logo\":{\"@type\":\"ImageObject\",\"inLanguage\":\"it-IT\",\"@id\":\"https:\\\/\\\/deliangdisplay.com\\\/#\\\/schema\\\/logo\\\/image\\\/\",\"url\":\"https:\\\/\\\/deliangdisplay.com\\\/wp-content\\\/uploads\\\/2025\\\/08\\\/DELIANGDISPALY_logo.png\",\"contentUrl\":\"https:\\\/\\\/deliangdisplay.com\\\/wp-content\\\/uploads\\\/2025\\\/08\\\/DELIANGDISPALY_logo.png\",\"width\":300,\"height\":130,\"caption\":\"deliangdisplay.com\"},\"image\":{\"@id\":\"https:\\\/\\\/deliangdisplay.com\\\/#\\\/schema\\\/logo\\\/image\\\/\"},\"sameAs\":[\"https:\\\/\\\/www.facebook.com\\\/JaneZhang008\\\/\",\"https:\\\/\\\/x.com\\\/ly673551729\"]}]}<\/script>\n<!-- \/ Yoast SEO plugin. -->","yoast_head_json":{"title":"Organizzatore di lusso in gomma per braccialetti in legno - Design arrotondato per braccialetti, braccialetti (uso domestico e negozio) - DE-LIANG - gioielli, vestiti, orologi, cosmetici di bellezza","robots":{"index":"index","follow":"follow","max-snippet":"max-snippet:-1","max-image-preview":"max-image-preview:large","max-video-preview":"max-video-preview:-1"},"canonical":"https:\/\/deliangdisplay.com\/it\/il-nostro-prodotto\/accessori\/braccialetti\/lussuoso-espositore-di-braccialetti-in-legno-di-gomma-dal-design-arrotondato-per-braccialetti-bangles-uso-casa-negozio\/","og_locale":"it_IT","og_type":"article","og_title":"Luxury Rubber Wood Bracelet Display Organizer - Rounded Design for Bracelets, Bangles (Home & Store Use) - DE-LIANG - jewelry,clothes,watch,beauty cosmetics","og_description":"Elevate your jewelry display with this premium rubber wood bracelet stand! Crafted from top-notch rubber wood, it blends durability with a natural, upscale look, plus delicate carved textures and a rounded, sturdy design for elegance. Its multi-layer structure neatly organizes bracelets\/bangles\u2014keeping them accessible while highlighting every detail. Perfect for jewelry stores, home vanities, or any space needing a refined, stylish storage solution.","og_url":"https:\/\/deliangdisplay.com\/it\/il-nostro-prodotto\/accessori\/braccialetti\/lussuoso-espositore-di-braccialetti-in-legno-di-gomma-dal-design-arrotondato-per-braccialetti-bangles-uso-casa-negozio\/","og_site_name":"DE-LIANG - jewelry,clothes,watch,beauty cosmetics","article_publisher":"https:\/\/www.facebook.com\/JaneZhang008\/","og_image":[{"width":800,"height":800,"url":"https:\/\/deliangdisplay.com\/wp-content\/uploads\/2025\/10\/2-4.jpg","type":"image\/jpeg"}],"twitter_card":"summary_large_image","twitter_site":"@ly673551729","twitter_misc":{"Tempo di lettura stimato":"2 minuti"},"schema":{"@context":"https:\/\/schema.org","@graph":[{"@type":"WebPage","@id":"https:\/\/deliangdisplay.com\/our-product\/accessories\/bangle-bars\/luxury-rubber-wood-bracelet-display-organizer-rounded-design-for-bracelets-bangles-home-store-use\/","url":"https:\/\/deliangdisplay.com\/our-product\/accessories\/bangle-bars\/luxury-rubber-wood-bracelet-display-organizer-rounded-design-for-bracelets-bangles-home-store-use\/","name":"Organizzatore di lusso in gomma per braccialetti in legno - Design arrotondato per braccialetti, braccialetti (uso domestico e negozio) - DE-LIANG - gioielli, vestiti, orologi, cosmetici di bellezza","isPartOf":{"@id":"https:\/\/deliangdisplay.com\/#website"},"primaryImageOfPage":{"@id":"https:\/\/deliangdisplay.com\/our-product\/accessories\/bangle-bars\/luxury-rubber-wood-bracelet-display-organizer-rounded-design-for-bracelets-bangles-home-store-use\/#primaryimage"},"image":{"@id":"https:\/\/deliangdisplay.com\/our-product\/accessories\/bangle-bars\/luxury-rubber-wood-bracelet-display-organizer-rounded-design-for-bracelets-bangles-home-store-use\/#primaryimage"},"thumbnailUrl":"https:\/\/deliangdisplay.com\/wp-content\/uploads\/2025\/10\/2-4.jpg","datePublished":"2025-10-10T07:17:00+00:00","breadcrumb":{"@id":"https:\/\/deliangdisplay.com\/our-product\/accessories\/bangle-bars\/luxury-rubber-wood-bracelet-display-organizer-rounded-design-for-bracelets-bangles-home-store-use\/#breadcrumb"},"inLanguage":"it-IT","potentialAction":[{"@type":"ReadAction","target":["https:\/\/deliangdisplay.com\/our-product\/accessories\/bangle-bars\/luxury-rubber-wood-bracelet-display-organizer-rounded-design-for-bracelets-bangles-home-store-use\/"]}]},{"@type":"ImageObject","inLanguage":"it-IT","@id":"https:\/\/deliangdisplay.com\/our-product\/accessories\/bangle-bars\/luxury-rubber-wood-bracelet-display-organizer-rounded-design-for-bracelets-bangles-home-store-use\/#primaryimage","url":"https:\/\/deliangdisplay.com\/wp-content\/uploads\/2025\/10\/2-4.jpg","contentUrl":"https:\/\/deliangdisplay.com\/wp-content\/uploads\/2025\/10\/2-4.jpg","width":800,"height":800},{"@type":"BreadcrumbList","@id":"https:\/\/deliangdisplay.com\/our-product\/accessories\/bangle-bars\/luxury-rubber-wood-bracelet-display-organizer-rounded-design-for-bracelets-bangles-home-store-use\/#breadcrumb","itemListElement":[{"@type":"ListItem","position":1,"name":"\u9996\u9875","item":"https:\/\/deliangdisplay.com\/"},{"@type":"ListItem","position":2,"name":"Our Product","item":"https:\/\/deliangdisplay.com\/our-product\/"},{"@type":"ListItem","position":3,"name":"Luxury Rubber Wood Bracelet Display Organizer &#8211; Rounded Design for Bracelets, Bangles (Home &#038; Store Use)"}]},{"@type":"WebSite","@id":"https:\/\/deliangdisplay.com\/#website","url":"https:\/\/deliangdisplay.com\/","name":"deliangdisplay.com","description":"DE-LIANG - Fornisce soluzioni di packaging su misura e servizi di design di espositori di lusso per marchi di gioielli, abbigliamento, orologi, cosmetici di bellezza e altro ancora.","publisher":{"@id":"https:\/\/deliangdisplay.com\/#organization"},"potentialAction":[{"@type":"SearchAction","target":{"@type":"EntryPoint","urlTemplate":"https:\/\/deliangdisplay.com\/?s={search_term_string}"},"query-input":{"@type":"PropertyValueSpecification","valueRequired":true,"valueName":"search_term_string"}}],"inLanguage":"it-IT"},{"@type":"Organization","@id":"https:\/\/deliangdisplay.com\/#organization","name":"deliangdisplay.com","url":"https:\/\/deliangdisplay.com\/","logo":{"@type":"ImageObject","inLanguage":"it-IT","@id":"https:\/\/deliangdisplay.com\/#\/schema\/logo\/image\/","url":"https:\/\/deliangdisplay.com\/wp-content\/uploads\/2025\/08\/DELIANGDISPALY_logo.png","contentUrl":"https:\/\/deliangdisplay.com\/wp-content\/uploads\/2025\/08\/DELIANGDISPALY_logo.png","width":300,"height":130,"caption":"deliangdisplay.com"},"image":{"@id":"https:\/\/deliangdisplay.com\/#\/schema\/logo\/image\/"},"sameAs":["https:\/\/www.facebook.com\/JaneZhang008\/","https:\/\/x.com\/ly673551729"]}]}},"_links":{"self":[{"href":"https:\/\/deliangdisplay.com\/it\/wp-json\/wp\/v2\/product\/43420","targetHints":{"allow":["GET"]}}],"collection":[{"href":"https:\/\/deliangdisplay.com\/it\/wp-json\/wp\/v2\/product"}],"about":[{"href":"https:\/\/deliangdisplay.com\/it\/wp-json\/wp\/v2\/types\/product"}],"replies":[{"embeddable":true,"href":"https:\/\/deliangdisplay.com\/it\/wp-json\/wp\/v2\/comments?post=43420"}],"wp:featuredmedia":[{"embeddable":true,"href":"https:\/\/deliangdisplay.com\/it\/wp-json\/wp\/v2\/media\/43421"}],"wp:attachment":[{"href":"https:\/\/deliangdisplay.com\/it\/wp-json\/wp\/v2\/media?parent=43420"}],"wp:term":[{"taxonomy":"product_brand","embeddable":true,"href":"https:\/\/deliangdisplay.com\/it\/wp-json\/wp\/v2\/product_brand?post=43420"},{"taxonomy":"product_cat","embeddable":true,"href":"https:\/\/deliangdisplay.com\/it\/wp-json\/wp\/v2\/product_cat?post=43420"},{"taxonomy":"product_tag","embeddable":true,"href":"https:\/\/deliangdisplay.com\/it\/wp-json\/wp\/v2\/product_tag?post=43420"}],"curies":[{"name":"wp","href":"https:\/\/api.w.org\/{rel}","templated":true}]}}