{"id":43196,"date":"2025-09-26T14:36:26","date_gmt":"2025-09-26T06:36:26","guid":{"rendered":"https:\/\/deliangdisplay.com\/?post_type=product&#038;p=43196"},"modified":"2025-09-26T17:35:56","modified_gmt":"2025-09-26T09:35:56","slug":"testa-femminile-manichino-modello-da-esposizione-in-plastica-bianca-40-50cm-misure-per-vetrina-accessori","status":"publish","type":"product","link":"https:\/\/deliangdisplay.com\/it\/il-nostro-prodotto\/accessori\/forme-del-collo\/testa-femminile-manichino-modello-da-esposizione-in-plastica-bianca-40-50cm-misure-per-vetrina-accessori\/","title":{"rendered":"Testa femminile Manichino da esposizione (plastica bianca) - Dimensioni 40-50cm per vetrina accessori"},"content":{"rendered":"<h3 class=\"header-vfC6AV auto-hide-last-sibling-br\">Panoramica del prodotto<\/h3>\n<div class=\"auto-hide-last-sibling-br paragraph-JOTKXA paragraph-element br-paragraph-space\">Si tratta di un modello da esposizione di manichino femminile di alta qualit\u00e0, specificamente progettato come un\u00a0<strong>display per la sola testa<\/strong>\u00a0con collo lungo e struttura in plastica bianca. \u00c8 in grado di esporre una variet\u00e0 di articoli, tra cui gioielli, cappelli, capi di abbigliamento, sciarpe e fasce per capelli. \u00c8 quindi una scelta versatile per negozi al dettaglio, boutique o allestimenti fotografici di prodotti. Il suo design elegante e femminile si allinea all'estetica espositiva moderna, aiutando a mettere in evidenza i dettagli degli articoli esposti in modo efficace.<\/div>\n<h3 class=\"header-vfC6AV auto-hide-last-sibling-br\">Specifiche principali<\/h3>\n<ul class=\"auto-hide-last-sibling-br\">\n<li><strong>Tipo di manichino<\/strong>: Visualizzazione solo della testa (senza corpo intero)<\/li>\n<li><strong>Genere e gruppo di et\u00e0<\/strong>: Femmine, Adulti<\/li>\n<li><strong>Materiale<\/strong>: Plastica resistente<\/li>\n<li><strong>Colore<\/strong>: Bianco<\/li>\n<li><strong>Stili e dimensioni<\/strong>: 3 varianti di stile (stile A, B, C) con altezze corrispondenti: 40 cm (16 pollici), 45 cm (18 pollici), 50 cm (20 pollici).<\/li>\n<li><strong>Pose<\/strong>: Posa fissa in piedi<\/li>\n<li><strong>Numero di modello<\/strong>: DLFH14<\/li>\n<\/ul>\n<h3 class=\"header-vfC6AV auto-hide-last-sibling-br\">Applicazioni principali<\/h3>\n<ul class=\"auto-hide-last-sibling-br\">\n<li>Esposizione di gioielli (ad es. collane, orecchini, braccialetti)<\/li>\n<li>Espositore per cappelli e fasce<\/li>\n<li>Vetrina di accessori per l'abbigliamento (ad esempio, sciarpe, scialli)<\/li>\n<li>Vetrine per la vendita al dettaglio<\/li>\n<li>Oggetti di scena per la fotografia di prodotto per marchi di moda o accessori<\/li>\n<\/ul>\n<h3 class=\"header-vfC6AV auto-hide-last-sibling-br\">Opzioni di personalizzazione<\/h3>\n<ul class=\"auto-hide-last-sibling-br\">\n<li>Supporta diversi tipi di personalizzazione: personalizzazione minore, personalizzazione basata su disegni, personalizzazione basata su campioni e personalizzazione completa.<\/li>\n<li>Tempo di esecuzione dell'ordine di campioni: 7 giorni (per il collaudo o la conferma del progetto)<\/li>\n<\/ul>\n<h3 class=\"header-vfC6AV auto-hide-last-sibling-br\">Dettagli sull'imballaggio<\/h3>\n<ul class=\"auto-hide-last-sibling-br\">\n<li><strong>Unit\u00e0 di vendita<\/strong>: Articolo singolo<\/li>\n<li><strong>Dimensione della confezione singola<\/strong>: 51cm \u00d7 39cm \u00d7 23cm<\/li>\n<li><strong>Peso lordo singolo<\/strong>: 3.000 kg<\/li>\n<\/ul>\n<h3 class=\"header-vfC6AV auto-hide-last-sibling-br\">Tempi di consegna<\/h3>\n<ul class=\"auto-hide-last-sibling-br\">\n<li>Quantit\u00e0 d'ordine 1 - 100 pezzi: 15 - 20 giorni<\/li>\n<li>Quantit\u00e0 d'ordine 101 - 1000 pezzi: 20 - 35 giorni<\/li>\n<li>Quantit\u00e0 d'ordine &gt; 1000 pezzi: Da negoziare<\/li>\n<\/ul>\n<h3 class=\"header-vfC6AV auto-hide-last-sibling-br\">Vantaggi del prodotto<\/h3>\n<ul class=\"auto-hide-last-sibling-br\">\n<li>Il materiale plastico di alta qualit\u00e0 garantisce la robustezza e l'utilizzo a lungo termine in ambienti di vendita al dettaglio<\/li>\n<li>Molteplici opzioni di stile\/dimensioni per adattarsi alle diverse esigenze espositive (ad esempio, diverse altezze degli scaffali o dimensioni degli articoli)<\/li>\n<li>Il colore bianco e il design a collo lungo creano uno sfondo pulito ed elegante che non mette in ombra gli oggetti esposti.<\/li>\n<li>La versatilit\u00e0 della gamma di applicazioni riduce la necessit\u00e0 di utilizzare pi\u00f9 espositori, con un risparmio di costi e di spazio.<\/li>\n<\/ul>","protected":false},"excerpt":{"rendered":"<p>Vi presentiamo questo modello da esposizione di alta qualit\u00e0 di manichino femminile con sola testa, realizzato in plastica bianca resistente e con collo lungo. \u00c8 disponibile in 3 stili e in una posa fissa in piedi. Perfetto per esporre gioielli, cappelli, sciarpe e fasce, \u00e8 adatto a negozi al dettaglio, boutique e fotografia di prodotto. Supporta molteplici personalizzazioni, con tempi di consegna del campione di 7 giorni. Robusto ed elegante, mette in risalto gli articoli esposti senza distrazioni.<\/p>","protected":false},"featured_media":43197,"comment_status":"open","ping_status":"closed","template":"","meta":{"_acf_changed":false},"product_brand":[84],"product_cat":[69],"product_tag":[212,205,209,214,203,207,213,206,211,210,208,204],"class_list":{"0":"post-43196","1":"product","2":"type-product","3":"status-publish","4":"has-post-thumbnail","6":"product_brand-de-liang","7":"product_cat-neck-forms","8":"product_tag-3-style-head-mannequin","9":"product_tag-40-50cm-head-mannequin","10":"product_tag-adult-female-head-mannequin","11":"product_tag-female-accessory-display-model","12":"product_tag-female-head-only-mannequin","13":"product_tag-hat-display-mannequin","14":"product_tag-high-quality-head-mannequin","15":"product_tag-jewelry-display-mannequin","16":"product_tag-product-photography-mannequin","17":"product_tag-retail-accessory-mannequin","18":"product_tag-scarf-display-mannequin","19":"product_tag-white-plastic-mannequin","21":"first","22":"instock","23":"shipping-taxable","24":"purchasable","25":"product-type-simple"},"acf":[],"yoast_head":"<!-- This site is optimized with the Yoast SEO plugin v27.4 - https:\/\/yoast.com\/product\/yoast-seo-wordpress\/ -->\n<title>Female Head Mannequin Display Model (White Plastic) - 40-50cm Sizes for Accessories Showcase - DE-LIANG - jewelry,clothes,watch,beauty cosmetics<\/title>\n<meta name=\"robots\" content=\"index, follow, max-snippet:-1, max-image-preview:large, max-video-preview:-1\" \/>\n<link rel=\"canonical\" href=\"https:\/\/deliangdisplay.com\/it\/il-nostro-prodotto\/accessori\/forme-del-collo\/testa-femminile-manichino-modello-da-esposizione-in-plastica-bianca-40-50cm-misure-per-vetrina-accessori\/\" \/>\n<meta property=\"og:locale\" content=\"it_IT\" \/>\n<meta property=\"og:type\" content=\"article\" \/>\n<meta property=\"og:title\" content=\"Female Head Mannequin Display Model (White Plastic) - 40-50cm Sizes for Accessories Showcase - DE-LIANG - jewelry,clothes,watch,beauty cosmetics\" \/>\n<meta property=\"og:description\" content=\"Introducing this high-quality female head-only mannequin display model, crafted from durable white plastic with a long neck. It comes in 3 styles and a fixed standing pose. Perfect for showcasing jewelry, hats, scarves, and headbands, it suits retail stores, boutiques, and product photography. Supports multiple customizations, with 7-day sample lead time. Sturdy, elegant, it highlights displayed items without distraction.\" \/>\n<meta property=\"og:url\" content=\"https:\/\/deliangdisplay.com\/it\/il-nostro-prodotto\/accessori\/forme-del-collo\/testa-femminile-manichino-modello-da-esposizione-in-plastica-bianca-40-50cm-misure-per-vetrina-accessori\/\" \/>\n<meta property=\"og:site_name\" content=\"DE-LIANG - jewelry,clothes,watch,beauty cosmetics\" \/>\n<meta property=\"article:publisher\" content=\"https:\/\/www.facebook.com\/JaneZhang008\/\" \/>\n<meta property=\"article:modified_time\" content=\"2025-09-26T09:35:56+00:00\" \/>\n<meta property=\"og:image\" content=\"https:\/\/deliangdisplay.com\/wp-content\/uploads\/2025\/09\/1-4.jpg\" \/>\n\t<meta property=\"og:image:width\" content=\"1000\" \/>\n\t<meta property=\"og:image:height\" content=\"1000\" \/>\n\t<meta property=\"og:image:type\" content=\"image\/jpeg\" \/>\n<meta name=\"twitter:card\" content=\"summary_large_image\" \/>\n<meta name=\"twitter:site\" content=\"@ly673551729\" \/>\n<meta name=\"twitter:label1\" content=\"Tempo di lettura stimato\" \/>\n\t<meta name=\"twitter:data1\" content=\"2 minuti\" \/>\n<script type=\"application\/ld+json\" class=\"yoast-schema-graph\">{\"@context\":\"https:\\\/\\\/schema.org\",\"@graph\":[{\"@type\":\"WebPage\",\"@id\":\"https:\\\/\\\/deliangdisplay.com\\\/our-product\\\/accessories\\\/neck-forms\\\/female-head-mannequin-display-model-white-plastic-40-50cm-sizes-for-accessories-showcase\\\/\",\"url\":\"https:\\\/\\\/deliangdisplay.com\\\/our-product\\\/accessories\\\/neck-forms\\\/female-head-mannequin-display-model-white-plastic-40-50cm-sizes-for-accessories-showcase\\\/\",\"name\":\"Female Head Mannequin Display Model (White Plastic) - 40-50cm Sizes for Accessories Showcase - DE-LIANG - jewelry,clothes,watch,beauty cosmetics\",\"isPartOf\":{\"@id\":\"https:\\\/\\\/deliangdisplay.com\\\/#website\"},\"primaryImageOfPage\":{\"@id\":\"https:\\\/\\\/deliangdisplay.com\\\/our-product\\\/accessories\\\/neck-forms\\\/female-head-mannequin-display-model-white-plastic-40-50cm-sizes-for-accessories-showcase\\\/#primaryimage\"},\"image\":{\"@id\":\"https:\\\/\\\/deliangdisplay.com\\\/our-product\\\/accessories\\\/neck-forms\\\/female-head-mannequin-display-model-white-plastic-40-50cm-sizes-for-accessories-showcase\\\/#primaryimage\"},\"thumbnailUrl\":\"https:\\\/\\\/deliangdisplay.com\\\/wp-content\\\/uploads\\\/2025\\\/09\\\/1-4.jpg\",\"datePublished\":\"2025-09-26T06:36:26+00:00\",\"dateModified\":\"2025-09-26T09:35:56+00:00\",\"breadcrumb\":{\"@id\":\"https:\\\/\\\/deliangdisplay.com\\\/our-product\\\/accessories\\\/neck-forms\\\/female-head-mannequin-display-model-white-plastic-40-50cm-sizes-for-accessories-showcase\\\/#breadcrumb\"},\"inLanguage\":\"it-IT\",\"potentialAction\":[{\"@type\":\"ReadAction\",\"target\":[\"https:\\\/\\\/deliangdisplay.com\\\/our-product\\\/accessories\\\/neck-forms\\\/female-head-mannequin-display-model-white-plastic-40-50cm-sizes-for-accessories-showcase\\\/\"]}]},{\"@type\":\"ImageObject\",\"inLanguage\":\"it-IT\",\"@id\":\"https:\\\/\\\/deliangdisplay.com\\\/our-product\\\/accessories\\\/neck-forms\\\/female-head-mannequin-display-model-white-plastic-40-50cm-sizes-for-accessories-showcase\\\/#primaryimage\",\"url\":\"https:\\\/\\\/deliangdisplay.com\\\/wp-content\\\/uploads\\\/2025\\\/09\\\/1-4.jpg\",\"contentUrl\":\"https:\\\/\\\/deliangdisplay.com\\\/wp-content\\\/uploads\\\/2025\\\/09\\\/1-4.jpg\",\"width\":1000,\"height\":1000},{\"@type\":\"BreadcrumbList\",\"@id\":\"https:\\\/\\\/deliangdisplay.com\\\/our-product\\\/accessories\\\/neck-forms\\\/female-head-mannequin-display-model-white-plastic-40-50cm-sizes-for-accessories-showcase\\\/#breadcrumb\",\"itemListElement\":[{\"@type\":\"ListItem\",\"position\":1,\"name\":\"\u9996\u9875\",\"item\":\"https:\\\/\\\/deliangdisplay.com\\\/\"},{\"@type\":\"ListItem\",\"position\":2,\"name\":\"Our Product\",\"item\":\"https:\\\/\\\/deliangdisplay.com\\\/our-product\\\/\"},{\"@type\":\"ListItem\",\"position\":3,\"name\":\"Female Head Mannequin Display Model (White Plastic) &#8211; 40-50cm Sizes for Accessories Showcase\"}]},{\"@type\":\"WebSite\",\"@id\":\"https:\\\/\\\/deliangdisplay.com\\\/#website\",\"url\":\"https:\\\/\\\/deliangdisplay.com\\\/\",\"name\":\"deliangdisplay.com\",\"description\":\"DE-LIANG - Providing bespoke packaging solutions and luxurious display design services for brands in jewelry, apparel, watches, beauty cosmetics, and more.\",\"publisher\":{\"@id\":\"https:\\\/\\\/deliangdisplay.com\\\/#organization\"},\"potentialAction\":[{\"@type\":\"SearchAction\",\"target\":{\"@type\":\"EntryPoint\",\"urlTemplate\":\"https:\\\/\\\/deliangdisplay.com\\\/?s={search_term_string}\"},\"query-input\":{\"@type\":\"PropertyValueSpecification\",\"valueRequired\":true,\"valueName\":\"search_term_string\"}}],\"inLanguage\":\"it-IT\"},{\"@type\":\"Organization\",\"@id\":\"https:\\\/\\\/deliangdisplay.com\\\/#organization\",\"name\":\"deliangdisplay.com\",\"url\":\"https:\\\/\\\/deliangdisplay.com\\\/\",\"logo\":{\"@type\":\"ImageObject\",\"inLanguage\":\"it-IT\",\"@id\":\"https:\\\/\\\/deliangdisplay.com\\\/#\\\/schema\\\/logo\\\/image\\\/\",\"url\":\"https:\\\/\\\/deliangdisplay.com\\\/wp-content\\\/uploads\\\/2025\\\/08\\\/DELIANGDISPALY_logo.png\",\"contentUrl\":\"https:\\\/\\\/deliangdisplay.com\\\/wp-content\\\/uploads\\\/2025\\\/08\\\/DELIANGDISPALY_logo.png\",\"width\":300,\"height\":130,\"caption\":\"deliangdisplay.com\"},\"image\":{\"@id\":\"https:\\\/\\\/deliangdisplay.com\\\/#\\\/schema\\\/logo\\\/image\\\/\"},\"sameAs\":[\"https:\\\/\\\/www.facebook.com\\\/JaneZhang008\\\/\",\"https:\\\/\\\/x.com\\\/ly673551729\"]}]}<\/script>\n<!-- \/ Yoast SEO plugin. -->","yoast_head_json":{"title":"Testa femminile Manichino Display Model (plastica bianca) - 40-50cm dimensioni per gli accessori vetrina - DE-LIANG - gioielli, vestiti, orologi, cosmetici bellezza","robots":{"index":"index","follow":"follow","max-snippet":"max-snippet:-1","max-image-preview":"max-image-preview:large","max-video-preview":"max-video-preview:-1"},"canonical":"https:\/\/deliangdisplay.com\/it\/il-nostro-prodotto\/accessori\/forme-del-collo\/testa-femminile-manichino-modello-da-esposizione-in-plastica-bianca-40-50cm-misure-per-vetrina-accessori\/","og_locale":"it_IT","og_type":"article","og_title":"Female Head Mannequin Display Model (White Plastic) - 40-50cm Sizes for Accessories Showcase - DE-LIANG - jewelry,clothes,watch,beauty cosmetics","og_description":"Introducing this high-quality female head-only mannequin display model, crafted from durable white plastic with a long neck. It comes in 3 styles and a fixed standing pose. Perfect for showcasing jewelry, hats, scarves, and headbands, it suits retail stores, boutiques, and product photography. Supports multiple customizations, with 7-day sample lead time. Sturdy, elegant, it highlights displayed items without distraction.","og_url":"https:\/\/deliangdisplay.com\/it\/il-nostro-prodotto\/accessori\/forme-del-collo\/testa-femminile-manichino-modello-da-esposizione-in-plastica-bianca-40-50cm-misure-per-vetrina-accessori\/","og_site_name":"DE-LIANG - jewelry,clothes,watch,beauty cosmetics","article_publisher":"https:\/\/www.facebook.com\/JaneZhang008\/","article_modified_time":"2025-09-26T09:35:56+00:00","og_image":[{"width":1000,"height":1000,"url":"https:\/\/deliangdisplay.com\/wp-content\/uploads\/2025\/09\/1-4.jpg","type":"image\/jpeg"}],"twitter_card":"summary_large_image","twitter_site":"@ly673551729","twitter_misc":{"Tempo di lettura stimato":"2 minuti"},"schema":{"@context":"https:\/\/schema.org","@graph":[{"@type":"WebPage","@id":"https:\/\/deliangdisplay.com\/our-product\/accessories\/neck-forms\/female-head-mannequin-display-model-white-plastic-40-50cm-sizes-for-accessories-showcase\/","url":"https:\/\/deliangdisplay.com\/our-product\/accessories\/neck-forms\/female-head-mannequin-display-model-white-plastic-40-50cm-sizes-for-accessories-showcase\/","name":"Testa femminile Manichino Display Model (plastica bianca) - 40-50cm dimensioni per gli accessori vetrina - DE-LIANG - gioielli, vestiti, orologi, cosmetici bellezza","isPartOf":{"@id":"https:\/\/deliangdisplay.com\/#website"},"primaryImageOfPage":{"@id":"https:\/\/deliangdisplay.com\/our-product\/accessories\/neck-forms\/female-head-mannequin-display-model-white-plastic-40-50cm-sizes-for-accessories-showcase\/#primaryimage"},"image":{"@id":"https:\/\/deliangdisplay.com\/our-product\/accessories\/neck-forms\/female-head-mannequin-display-model-white-plastic-40-50cm-sizes-for-accessories-showcase\/#primaryimage"},"thumbnailUrl":"https:\/\/deliangdisplay.com\/wp-content\/uploads\/2025\/09\/1-4.jpg","datePublished":"2025-09-26T06:36:26+00:00","dateModified":"2025-09-26T09:35:56+00:00","breadcrumb":{"@id":"https:\/\/deliangdisplay.com\/our-product\/accessories\/neck-forms\/female-head-mannequin-display-model-white-plastic-40-50cm-sizes-for-accessories-showcase\/#breadcrumb"},"inLanguage":"it-IT","potentialAction":[{"@type":"ReadAction","target":["https:\/\/deliangdisplay.com\/our-product\/accessories\/neck-forms\/female-head-mannequin-display-model-white-plastic-40-50cm-sizes-for-accessories-showcase\/"]}]},{"@type":"ImageObject","inLanguage":"it-IT","@id":"https:\/\/deliangdisplay.com\/our-product\/accessories\/neck-forms\/female-head-mannequin-display-model-white-plastic-40-50cm-sizes-for-accessories-showcase\/#primaryimage","url":"https:\/\/deliangdisplay.com\/wp-content\/uploads\/2025\/09\/1-4.jpg","contentUrl":"https:\/\/deliangdisplay.com\/wp-content\/uploads\/2025\/09\/1-4.jpg","width":1000,"height":1000},{"@type":"BreadcrumbList","@id":"https:\/\/deliangdisplay.com\/our-product\/accessories\/neck-forms\/female-head-mannequin-display-model-white-plastic-40-50cm-sizes-for-accessories-showcase\/#breadcrumb","itemListElement":[{"@type":"ListItem","position":1,"name":"\u9996\u9875","item":"https:\/\/deliangdisplay.com\/"},{"@type":"ListItem","position":2,"name":"Our Product","item":"https:\/\/deliangdisplay.com\/our-product\/"},{"@type":"ListItem","position":3,"name":"Female Head Mannequin Display Model (White Plastic) &#8211; 40-50cm Sizes for Accessories Showcase"}]},{"@type":"WebSite","@id":"https:\/\/deliangdisplay.com\/#website","url":"https:\/\/deliangdisplay.com\/","name":"deliangdisplay.com","description":"DE-LIANG - Fornisce soluzioni di packaging su misura e servizi di design di espositori di lusso per marchi di gioielli, abbigliamento, orologi, cosmetici di bellezza e altro ancora.","publisher":{"@id":"https:\/\/deliangdisplay.com\/#organization"},"potentialAction":[{"@type":"SearchAction","target":{"@type":"EntryPoint","urlTemplate":"https:\/\/deliangdisplay.com\/?s={search_term_string}"},"query-input":{"@type":"PropertyValueSpecification","valueRequired":true,"valueName":"search_term_string"}}],"inLanguage":"it-IT"},{"@type":"Organization","@id":"https:\/\/deliangdisplay.com\/#organization","name":"deliangdisplay.com","url":"https:\/\/deliangdisplay.com\/","logo":{"@type":"ImageObject","inLanguage":"it-IT","@id":"https:\/\/deliangdisplay.com\/#\/schema\/logo\/image\/","url":"https:\/\/deliangdisplay.com\/wp-content\/uploads\/2025\/08\/DELIANGDISPALY_logo.png","contentUrl":"https:\/\/deliangdisplay.com\/wp-content\/uploads\/2025\/08\/DELIANGDISPALY_logo.png","width":300,"height":130,"caption":"deliangdisplay.com"},"image":{"@id":"https:\/\/deliangdisplay.com\/#\/schema\/logo\/image\/"},"sameAs":["https:\/\/www.facebook.com\/JaneZhang008\/","https:\/\/x.com\/ly673551729"]}]}},"_links":{"self":[{"href":"https:\/\/deliangdisplay.com\/it\/wp-json\/wp\/v2\/product\/43196","targetHints":{"allow":["GET"]}}],"collection":[{"href":"https:\/\/deliangdisplay.com\/it\/wp-json\/wp\/v2\/product"}],"about":[{"href":"https:\/\/deliangdisplay.com\/it\/wp-json\/wp\/v2\/types\/product"}],"replies":[{"embeddable":true,"href":"https:\/\/deliangdisplay.com\/it\/wp-json\/wp\/v2\/comments?post=43196"}],"wp:featuredmedia":[{"embeddable":true,"href":"https:\/\/deliangdisplay.com\/it\/wp-json\/wp\/v2\/media\/43197"}],"wp:attachment":[{"href":"https:\/\/deliangdisplay.com\/it\/wp-json\/wp\/v2\/media?parent=43196"}],"wp:term":[{"taxonomy":"product_brand","embeddable":true,"href":"https:\/\/deliangdisplay.com\/it\/wp-json\/wp\/v2\/product_brand?post=43196"},{"taxonomy":"product_cat","embeddable":true,"href":"https:\/\/deliangdisplay.com\/it\/wp-json\/wp\/v2\/product_cat?post=43196"},{"taxonomy":"product_tag","embeddable":true,"href":"https:\/\/deliangdisplay.com\/it\/wp-json\/wp\/v2\/product_tag?post=43196"}],"curies":[{"name":"wp","href":"https:\/\/api.w.org\/{rel}","templated":true}]}}