{"id":43079,"date":"2025-09-17T15:41:43","date_gmt":"2025-09-17T07:41:43","guid":{"rendered":"https:\/\/deliangdisplay.com\/?post_type=product&#038;p=43079"},"modified":"2025-10-11T17:35:40","modified_gmt":"2025-10-11T09:35:40","slug":"scatola-di-gioielli-in-stile-libro-rosa-blu-di-alta-gamma-foderata-di-velluto-per-collane-e-gioielli-delicati-con-organizzazione-multifunzionale","status":"publish","type":"product","link":"https:\/\/deliangdisplay.com\/it\/il-nostro-prodotto\/imballaggio\/imballaggio-per-lorganizzazione-dei-gioielli\/scatola-di-gioielli-in-stile-libro-rosa-blu-di-alta-gamma-foderata-di-velluto-per-collane-e-gioielli-delicati-con-organizzazione-multifunzionale\/","title":{"rendered":"Scatola portagioie di alta gamma rosa e blu - foderata in velluto per collane e gioielli delicati con organizzazione multifunzionale"},"content":{"rendered":"<h3>Design e dimensioni uniche<\/h3>\n<ul>\n<li>Adotta un<strong>design in stile libro<\/strong>che si distingue dai tradizionali portagioie, aggiungendo un tocco creativo alla conservazione.<\/li>\n<li>Le dimensioni esatte sono<strong>26\u00d718\u00d77 cm<\/strong>, per offrire uno spazio compatto ma sufficiente per riporre i gioielli.<\/li>\n<\/ul>\n<h3>Materiali di alta qualit\u00e0<\/h3>\n<ul>\n<li>Il corpo principale \u00e8 realizzato in<strong>legno<\/strong>per garantire la durata strutturale e l'utilizzo a lungo termine.<\/li>\n<li>Foderato con<strong>velluto<\/strong>(sia all'interno che in eventuali dettagli esterni) per un tocco morbido, che unisce la consistenza della moda alla protezione pratica.<\/li>\n<\/ul>\n<h3>Opzioni di colore<\/h3>\n<ul>\n<li>Offerte<strong>colori di base<\/strong>tra cui il blu e il rosa, per soddisfare le preferenze estetiche pi\u00f9 comuni.<\/li>\n<li>Supporti<strong>colori personalizzati<\/strong>per soddisfare esigenze diverse, come l'abbinamento a specifici stili di arredamento o di marca.<\/li>\n<\/ul>\n<h3>Scenari d'uso e vantaggi<\/h3>\n<ul>\n<li><strong>Funzione di protezione<\/strong>: L'interno in velluto previene efficacemente le superfici dei gioielli da graffi, ammaccature o altri danni, rendendolo ideale per conservare oggetti delicati come collane, orecchini e anelli.<\/li>\n<li><strong>Doppio uso<\/strong>: Caratterizzato da un aspetto alla moda, adatto sia per il quotidiano<strong>magazzino domestico<\/strong>(tenere organizzati i gioielli) e<strong>display decorativo<\/strong>(che funge da ornamento per la scrivania).<\/li>\n<\/ul>\n<h3>Personalizzazione e MOQ<\/h3>\n<ul>\n<li>Fornisce<strong>Servizi OEM\/ODM<\/strong>per supportare progetti personalizzati, come l'aggiunta di loghi, la regolazione degli scomparti interni o la modifica dei motivi esterni.<\/li>\n<li>Ha un basso<strong>quantit\u00e0 minima d'ordine (MOQ) di 1 pezzo<\/strong>, soddisfacendo sia le esigenze dei singoli consumatori che gli ordini delle piccole aziende.<\/li>\n<\/ul>\n<ul>\n<li style=\"list-style-type: none;\"><\/li>\n<\/ul>","protected":false},"excerpt":{"rendered":"<p>Questo portagioie a libro di alta gamma (26\u00d718\u00d77 cm) \u00e8 realizzato in legno e velluto. \u00c8 disponibile in rosa\/blu (colori personalizzati) con una fodera in morbido velluto per proteggere i gioielli dai graffi, ideale per conservare le collane. Caratterizzato da un design alla moda, si adatta alla conservazione e all'esposizione in casa. Con supporto OEM\/ODM.<\/p>","protected":false},"featured_media":43080,"comment_status":"open","ping_status":"closed","template":"","meta":{"_acf_changed":false},"product_brand":[],"product_cat":[73],"product_tag":[143,139,129,136,138,132,135,141,137,133,130,140,142,131,134],"class_list":{"0":"post-43079","1":"product","2":"type-product","3":"status-publish","4":"has-post-thumbnail","6":"product_cat-jewelry-organization-packaging","7":"product_tag-book-style-necklace-box","8":"product_tag-book-inspired-jewelry-case","9":"product_tag-book-style-jewelry-box","10":"product_tag-custom-color-jewelry-box","11":"product_tag-delicate-jewelry-storage","12":"product_tag-high-end-jewelry-box","13":"product_tag-home-decoration-jewelry-box","14":"product_tag-home-jewelry-organizer","15":"product_tag-jewelry-display-box","16":"product_tag-necklace-storage-box","17":"product_tag-pink-book-shaped-jewelry-box","18":"product_tag-pink-jewelry-storage-box","19":"product_tag-velvet-interior-jewelry-box","20":"product_tag-velvet-lined-jewelry-storage","21":"product_tag-wooden-jewelry-organizer","23":"first","24":"instock","25":"shipping-taxable","26":"purchasable","27":"product-type-simple"},"acf":[],"yoast_head":"<!-- This site is optimized with the Yoast SEO plugin v27.4 - https:\/\/yoast.com\/product\/yoast-seo-wordpress\/ -->\n<title>High-End Pink &amp; Blue Book-Style Jewelry Box \u2013 Velvet-Lined Storage for Necklaces &amp; Delicate Jewelry with Multifunctional Organization - DE-LIANG - jewelry,clothes,watch,beauty cosmetics<\/title>\n<meta name=\"robots\" content=\"index, follow, max-snippet:-1, max-image-preview:large, max-video-preview:-1\" \/>\n<link rel=\"canonical\" href=\"https:\/\/deliangdisplay.com\/it\/il-nostro-prodotto\/imballaggio\/imballaggio-per-lorganizzazione-dei-gioielli\/scatola-di-gioielli-in-stile-libro-rosa-blu-di-alta-gamma-foderata-di-velluto-per-collane-e-gioielli-delicati-con-organizzazione-multifunzionale\/\" \/>\n<meta property=\"og:locale\" content=\"it_IT\" \/>\n<meta property=\"og:type\" content=\"article\" \/>\n<meta property=\"og:title\" content=\"High-End Pink &amp; Blue Book-Style Jewelry Box \u2013 Velvet-Lined Storage for Necklaces &amp; Delicate Jewelry with Multifunctional Organization - DE-LIANG - jewelry,clothes,watch,beauty cosmetics\" \/>\n<meta property=\"og:description\" content=\"This high-end book-style jewelry box (26\u00d718\u00d77cm) is made of wood and velvet. It comes in pink\/blue (custom colors available) with a soft velvet lining to protect jewelry from scratches, ideal for necklace storage. Featuring a fashionable design, it suits home storage and display. With OEM\/ODM supported.\" \/>\n<meta property=\"og:url\" content=\"https:\/\/deliangdisplay.com\/it\/il-nostro-prodotto\/imballaggio\/imballaggio-per-lorganizzazione-dei-gioielli\/scatola-di-gioielli-in-stile-libro-rosa-blu-di-alta-gamma-foderata-di-velluto-per-collane-e-gioielli-delicati-con-organizzazione-multifunzionale\/\" \/>\n<meta property=\"og:site_name\" content=\"DE-LIANG - jewelry,clothes,watch,beauty cosmetics\" \/>\n<meta property=\"article:publisher\" content=\"https:\/\/www.facebook.com\/JaneZhang008\/\" \/>\n<meta property=\"article:modified_time\" content=\"2025-10-11T09:35:40+00:00\" \/>\n<meta property=\"og:image\" content=\"https:\/\/deliangdisplay.com\/wp-content\/uploads\/2025\/09\/7-1.jpg\" \/>\n\t<meta property=\"og:image:width\" content=\"1000\" \/>\n\t<meta property=\"og:image:height\" content=\"1000\" \/>\n\t<meta property=\"og:image:type\" content=\"image\/jpeg\" \/>\n<meta name=\"twitter:card\" content=\"summary_large_image\" \/>\n<meta name=\"twitter:site\" content=\"@ly673551729\" \/>\n<meta name=\"twitter:label1\" content=\"Tempo di lettura stimato\" \/>\n\t<meta name=\"twitter:data1\" content=\"2 minuti\" \/>\n<script type=\"application\/ld+json\" class=\"yoast-schema-graph\">{\"@context\":\"https:\\\/\\\/schema.org\",\"@graph\":[{\"@type\":\"WebPage\",\"@id\":\"https:\\\/\\\/deliangdisplay.com\\\/our-product\\\/packaging\\\/jewelry-organization-packaging\\\/high-end-pink-blue-book-style-jewelry-box-velvet-lined-storage-for-necklaces-delicate-jewelry-with-multifunctional-organization\\\/\",\"url\":\"https:\\\/\\\/deliangdisplay.com\\\/our-product\\\/packaging\\\/jewelry-organization-packaging\\\/high-end-pink-blue-book-style-jewelry-box-velvet-lined-storage-for-necklaces-delicate-jewelry-with-multifunctional-organization\\\/\",\"name\":\"High-End Pink & Blue Book-Style Jewelry Box \u2013 Velvet-Lined Storage for Necklaces & Delicate Jewelry with Multifunctional Organization - DE-LIANG - jewelry,clothes,watch,beauty cosmetics\",\"isPartOf\":{\"@id\":\"https:\\\/\\\/deliangdisplay.com\\\/#website\"},\"primaryImageOfPage\":{\"@id\":\"https:\\\/\\\/deliangdisplay.com\\\/our-product\\\/packaging\\\/jewelry-organization-packaging\\\/high-end-pink-blue-book-style-jewelry-box-velvet-lined-storage-for-necklaces-delicate-jewelry-with-multifunctional-organization\\\/#primaryimage\"},\"image\":{\"@id\":\"https:\\\/\\\/deliangdisplay.com\\\/our-product\\\/packaging\\\/jewelry-organization-packaging\\\/high-end-pink-blue-book-style-jewelry-box-velvet-lined-storage-for-necklaces-delicate-jewelry-with-multifunctional-organization\\\/#primaryimage\"},\"thumbnailUrl\":\"https:\\\/\\\/deliangdisplay.com\\\/wp-content\\\/uploads\\\/2025\\\/09\\\/7-1.jpg\",\"datePublished\":\"2025-09-17T07:41:43+00:00\",\"dateModified\":\"2025-10-11T09:35:40+00:00\",\"breadcrumb\":{\"@id\":\"https:\\\/\\\/deliangdisplay.com\\\/our-product\\\/packaging\\\/jewelry-organization-packaging\\\/high-end-pink-blue-book-style-jewelry-box-velvet-lined-storage-for-necklaces-delicate-jewelry-with-multifunctional-organization\\\/#breadcrumb\"},\"inLanguage\":\"it-IT\",\"potentialAction\":[{\"@type\":\"ReadAction\",\"target\":[\"https:\\\/\\\/deliangdisplay.com\\\/our-product\\\/packaging\\\/jewelry-organization-packaging\\\/high-end-pink-blue-book-style-jewelry-box-velvet-lined-storage-for-necklaces-delicate-jewelry-with-multifunctional-organization\\\/\"]}]},{\"@type\":\"ImageObject\",\"inLanguage\":\"it-IT\",\"@id\":\"https:\\\/\\\/deliangdisplay.com\\\/our-product\\\/packaging\\\/jewelry-organization-packaging\\\/high-end-pink-blue-book-style-jewelry-box-velvet-lined-storage-for-necklaces-delicate-jewelry-with-multifunctional-organization\\\/#primaryimage\",\"url\":\"https:\\\/\\\/deliangdisplay.com\\\/wp-content\\\/uploads\\\/2025\\\/09\\\/7-1.jpg\",\"contentUrl\":\"https:\\\/\\\/deliangdisplay.com\\\/wp-content\\\/uploads\\\/2025\\\/09\\\/7-1.jpg\",\"width\":1000,\"height\":1000},{\"@type\":\"BreadcrumbList\",\"@id\":\"https:\\\/\\\/deliangdisplay.com\\\/our-product\\\/packaging\\\/jewelry-organization-packaging\\\/high-end-pink-blue-book-style-jewelry-box-velvet-lined-storage-for-necklaces-delicate-jewelry-with-multifunctional-organization\\\/#breadcrumb\",\"itemListElement\":[{\"@type\":\"ListItem\",\"position\":1,\"name\":\"\u9996\u9875\",\"item\":\"https:\\\/\\\/deliangdisplay.com\\\/\"},{\"@type\":\"ListItem\",\"position\":2,\"name\":\"Our Product\",\"item\":\"https:\\\/\\\/deliangdisplay.com\\\/our-product\\\/\"},{\"@type\":\"ListItem\",\"position\":3,\"name\":\"High-End Pink &#038; Blue Book-Style Jewelry Box \u2013 Velvet-Lined Storage for Necklaces &#038; Delicate Jewelry with Multifunctional Organization\"}]},{\"@type\":\"WebSite\",\"@id\":\"https:\\\/\\\/deliangdisplay.com\\\/#website\",\"url\":\"https:\\\/\\\/deliangdisplay.com\\\/\",\"name\":\"deliangdisplay.com\",\"description\":\"DE-LIANG - Providing bespoke packaging solutions and luxurious display design services for brands in jewelry, apparel, watches, beauty cosmetics, and more.\",\"publisher\":{\"@id\":\"https:\\\/\\\/deliangdisplay.com\\\/#organization\"},\"potentialAction\":[{\"@type\":\"SearchAction\",\"target\":{\"@type\":\"EntryPoint\",\"urlTemplate\":\"https:\\\/\\\/deliangdisplay.com\\\/?s={search_term_string}\"},\"query-input\":{\"@type\":\"PropertyValueSpecification\",\"valueRequired\":true,\"valueName\":\"search_term_string\"}}],\"inLanguage\":\"it-IT\"},{\"@type\":\"Organization\",\"@id\":\"https:\\\/\\\/deliangdisplay.com\\\/#organization\",\"name\":\"deliangdisplay.com\",\"url\":\"https:\\\/\\\/deliangdisplay.com\\\/\",\"logo\":{\"@type\":\"ImageObject\",\"inLanguage\":\"it-IT\",\"@id\":\"https:\\\/\\\/deliangdisplay.com\\\/#\\\/schema\\\/logo\\\/image\\\/\",\"url\":\"https:\\\/\\\/deliangdisplay.com\\\/wp-content\\\/uploads\\\/2025\\\/08\\\/DELIANGDISPALY_logo.png\",\"contentUrl\":\"https:\\\/\\\/deliangdisplay.com\\\/wp-content\\\/uploads\\\/2025\\\/08\\\/DELIANGDISPALY_logo.png\",\"width\":300,\"height\":130,\"caption\":\"deliangdisplay.com\"},\"image\":{\"@id\":\"https:\\\/\\\/deliangdisplay.com\\\/#\\\/schema\\\/logo\\\/image\\\/\"},\"sameAs\":[\"https:\\\/\\\/www.facebook.com\\\/JaneZhang008\\\/\",\"https:\\\/\\\/x.com\\\/ly673551729\"]}]}<\/script>\n<!-- \/ Yoast SEO plugin. -->","yoast_head_json":{"title":"Scatola portagioie di alta gamma rosa e blu - Custodia rivestita di velluto per collane e gioielli delicati con organizzazione multifunzionale - DE-LIANG - gioielli, vestiti, orologi, cosmetici di bellezza","robots":{"index":"index","follow":"follow","max-snippet":"max-snippet:-1","max-image-preview":"max-image-preview:large","max-video-preview":"max-video-preview:-1"},"canonical":"https:\/\/deliangdisplay.com\/it\/il-nostro-prodotto\/imballaggio\/imballaggio-per-lorganizzazione-dei-gioielli\/scatola-di-gioielli-in-stile-libro-rosa-blu-di-alta-gamma-foderata-di-velluto-per-collane-e-gioielli-delicati-con-organizzazione-multifunzionale\/","og_locale":"it_IT","og_type":"article","og_title":"High-End Pink & Blue Book-Style Jewelry Box \u2013 Velvet-Lined Storage for Necklaces & Delicate Jewelry with Multifunctional Organization - DE-LIANG - jewelry,clothes,watch,beauty cosmetics","og_description":"This high-end book-style jewelry box (26\u00d718\u00d77cm) is made of wood and velvet. It comes in pink\/blue (custom colors available) with a soft velvet lining to protect jewelry from scratches, ideal for necklace storage. Featuring a fashionable design, it suits home storage and display. With OEM\/ODM supported.","og_url":"https:\/\/deliangdisplay.com\/it\/il-nostro-prodotto\/imballaggio\/imballaggio-per-lorganizzazione-dei-gioielli\/scatola-di-gioielli-in-stile-libro-rosa-blu-di-alta-gamma-foderata-di-velluto-per-collane-e-gioielli-delicati-con-organizzazione-multifunzionale\/","og_site_name":"DE-LIANG - jewelry,clothes,watch,beauty cosmetics","article_publisher":"https:\/\/www.facebook.com\/JaneZhang008\/","article_modified_time":"2025-10-11T09:35:40+00:00","og_image":[{"width":1000,"height":1000,"url":"https:\/\/deliangdisplay.com\/wp-content\/uploads\/2025\/09\/7-1.jpg","type":"image\/jpeg"}],"twitter_card":"summary_large_image","twitter_site":"@ly673551729","twitter_misc":{"Tempo di lettura stimato":"2 minuti"},"schema":{"@context":"https:\/\/schema.org","@graph":[{"@type":"WebPage","@id":"https:\/\/deliangdisplay.com\/our-product\/packaging\/jewelry-organization-packaging\/high-end-pink-blue-book-style-jewelry-box-velvet-lined-storage-for-necklaces-delicate-jewelry-with-multifunctional-organization\/","url":"https:\/\/deliangdisplay.com\/our-product\/packaging\/jewelry-organization-packaging\/high-end-pink-blue-book-style-jewelry-box-velvet-lined-storage-for-necklaces-delicate-jewelry-with-multifunctional-organization\/","name":"Scatola portagioie di alta gamma rosa e blu - Custodia rivestita di velluto per collane e gioielli delicati con organizzazione multifunzionale - DE-LIANG - gioielli, vestiti, orologi, cosmetici di bellezza","isPartOf":{"@id":"https:\/\/deliangdisplay.com\/#website"},"primaryImageOfPage":{"@id":"https:\/\/deliangdisplay.com\/our-product\/packaging\/jewelry-organization-packaging\/high-end-pink-blue-book-style-jewelry-box-velvet-lined-storage-for-necklaces-delicate-jewelry-with-multifunctional-organization\/#primaryimage"},"image":{"@id":"https:\/\/deliangdisplay.com\/our-product\/packaging\/jewelry-organization-packaging\/high-end-pink-blue-book-style-jewelry-box-velvet-lined-storage-for-necklaces-delicate-jewelry-with-multifunctional-organization\/#primaryimage"},"thumbnailUrl":"https:\/\/deliangdisplay.com\/wp-content\/uploads\/2025\/09\/7-1.jpg","datePublished":"2025-09-17T07:41:43+00:00","dateModified":"2025-10-11T09:35:40+00:00","breadcrumb":{"@id":"https:\/\/deliangdisplay.com\/our-product\/packaging\/jewelry-organization-packaging\/high-end-pink-blue-book-style-jewelry-box-velvet-lined-storage-for-necklaces-delicate-jewelry-with-multifunctional-organization\/#breadcrumb"},"inLanguage":"it-IT","potentialAction":[{"@type":"ReadAction","target":["https:\/\/deliangdisplay.com\/our-product\/packaging\/jewelry-organization-packaging\/high-end-pink-blue-book-style-jewelry-box-velvet-lined-storage-for-necklaces-delicate-jewelry-with-multifunctional-organization\/"]}]},{"@type":"ImageObject","inLanguage":"it-IT","@id":"https:\/\/deliangdisplay.com\/our-product\/packaging\/jewelry-organization-packaging\/high-end-pink-blue-book-style-jewelry-box-velvet-lined-storage-for-necklaces-delicate-jewelry-with-multifunctional-organization\/#primaryimage","url":"https:\/\/deliangdisplay.com\/wp-content\/uploads\/2025\/09\/7-1.jpg","contentUrl":"https:\/\/deliangdisplay.com\/wp-content\/uploads\/2025\/09\/7-1.jpg","width":1000,"height":1000},{"@type":"BreadcrumbList","@id":"https:\/\/deliangdisplay.com\/our-product\/packaging\/jewelry-organization-packaging\/high-end-pink-blue-book-style-jewelry-box-velvet-lined-storage-for-necklaces-delicate-jewelry-with-multifunctional-organization\/#breadcrumb","itemListElement":[{"@type":"ListItem","position":1,"name":"\u9996\u9875","item":"https:\/\/deliangdisplay.com\/"},{"@type":"ListItem","position":2,"name":"Our Product","item":"https:\/\/deliangdisplay.com\/our-product\/"},{"@type":"ListItem","position":3,"name":"High-End Pink &#038; Blue Book-Style Jewelry Box \u2013 Velvet-Lined Storage for Necklaces &#038; Delicate Jewelry with Multifunctional Organization"}]},{"@type":"WebSite","@id":"https:\/\/deliangdisplay.com\/#website","url":"https:\/\/deliangdisplay.com\/","name":"deliangdisplay.com","description":"DE-LIANG - Fornisce soluzioni di packaging su misura e servizi di design di espositori di lusso per marchi di gioielli, abbigliamento, orologi, cosmetici di bellezza e altro ancora.","publisher":{"@id":"https:\/\/deliangdisplay.com\/#organization"},"potentialAction":[{"@type":"SearchAction","target":{"@type":"EntryPoint","urlTemplate":"https:\/\/deliangdisplay.com\/?s={search_term_string}"},"query-input":{"@type":"PropertyValueSpecification","valueRequired":true,"valueName":"search_term_string"}}],"inLanguage":"it-IT"},{"@type":"Organization","@id":"https:\/\/deliangdisplay.com\/#organization","name":"deliangdisplay.com","url":"https:\/\/deliangdisplay.com\/","logo":{"@type":"ImageObject","inLanguage":"it-IT","@id":"https:\/\/deliangdisplay.com\/#\/schema\/logo\/image\/","url":"https:\/\/deliangdisplay.com\/wp-content\/uploads\/2025\/08\/DELIANGDISPALY_logo.png","contentUrl":"https:\/\/deliangdisplay.com\/wp-content\/uploads\/2025\/08\/DELIANGDISPALY_logo.png","width":300,"height":130,"caption":"deliangdisplay.com"},"image":{"@id":"https:\/\/deliangdisplay.com\/#\/schema\/logo\/image\/"},"sameAs":["https:\/\/www.facebook.com\/JaneZhang008\/","https:\/\/x.com\/ly673551729"]}]}},"_links":{"self":[{"href":"https:\/\/deliangdisplay.com\/it\/wp-json\/wp\/v2\/product\/43079","targetHints":{"allow":["GET"]}}],"collection":[{"href":"https:\/\/deliangdisplay.com\/it\/wp-json\/wp\/v2\/product"}],"about":[{"href":"https:\/\/deliangdisplay.com\/it\/wp-json\/wp\/v2\/types\/product"}],"replies":[{"embeddable":true,"href":"https:\/\/deliangdisplay.com\/it\/wp-json\/wp\/v2\/comments?post=43079"}],"wp:featuredmedia":[{"embeddable":true,"href":"https:\/\/deliangdisplay.com\/it\/wp-json\/wp\/v2\/media\/43080"}],"wp:attachment":[{"href":"https:\/\/deliangdisplay.com\/it\/wp-json\/wp\/v2\/media?parent=43079"}],"wp:term":[{"taxonomy":"product_brand","embeddable":true,"href":"https:\/\/deliangdisplay.com\/it\/wp-json\/wp\/v2\/product_brand?post=43079"},{"taxonomy":"product_cat","embeddable":true,"href":"https:\/\/deliangdisplay.com\/it\/wp-json\/wp\/v2\/product_cat?post=43079"},{"taxonomy":"product_tag","embeddable":true,"href":"https:\/\/deliangdisplay.com\/it\/wp-json\/wp\/v2\/product_tag?post=43079"}],"curies":[{"name":"wp","href":"https:\/\/api.w.org\/{rel}","templated":true}]}}