{"id":43010,"date":"2025-09-15T12:13:54","date_gmt":"2025-09-15T04:13:54","guid":{"rendered":"https:\/\/deliangdisplay.com\/?post_type=product&#038;p=43010"},"modified":"2025-09-16T11:17:27","modified_gmt":"2025-09-16T03:17:27","slug":"set-di-espositori-per-gioielli-in-microfibra-set-di-espositori-per-gioielli-di-lusso-per-oggetti-di-scena-da-vetrina","status":"publish","type":"product","link":"https:\/\/deliangdisplay.com\/it\/il-nostro-prodotto\/visualizzazioni\/vetrine-e-display\/set-di-espositori-per-gioielli-in-microfibra-set-di-espositori-per-gioielli-di-lusso-per-oggetti-di-scena-da-vetrina\/","title":{"rendered":"Set di espositori per gioielli in microfibra Set di espositori per gioielli di lusso per oggetti da vetrina"},"content":{"rendered":"<h3>Set di espositori per gioielli in microfibra DE-LIANG<\/h3>\n<div>Una soluzione espositiva di lusso progettata per le vetrine, ideale per presentare i gioielli con eleganza e raffinatezza.<\/div>\n<h4>Caratteristiche principali<\/h4>\n<ul>\n<li><strong>Materiale e design<\/strong>: Realizzato in microfibra di alta qualit\u00e0, presenta un elegante colore beige e forme personalizzabili. Disponibili in varie dimensioni (ad esempio, 10,8\u00d710,8\u00d74,3 cm, 26,7\u00d77,8\u00d72,7 cm) per adattarsi a diversi tipi di gioielli.<\/li>\n<li><strong>Funzione<\/strong>: Perfetto per la conservazione e l'esposizione di gioielli in ambienti di vendita al dettaglio, per migliorare la visibilit\u00e0 e l'attrattiva del prodotto.<\/li>\n<\/ul>\n<h4>Personalizzazione e dettagli dell'ordine<\/h4>\n<ul>\n<li>Supporta confezioni, loghi e grafica personalizzati (minimo 100 pezzi per ciascuno).<\/li>\n<li><strong>MOQ<\/strong>: 5 pezzi.<\/li>\n<li><strong>Tempi di consegna<\/strong>: 5-15 giorni (1-100 pezzi); 7-20 giorni (101-500 pezzi); negoziabile per ordini superiori a 500 pezzi.<\/li>\n<\/ul>","protected":false},"excerpt":{"rendered":"<p>Set di espositori per gioielli in microfibra DE-LIANG: oggetti di scena di lusso in microfibra beige. Varie dimensioni (es. 10,8\u00d710,8\u00d74,3 cm). Imballaggio\/logo\/grafica personalizzabili.  Tempi di consegna 5-30 giorni (1-500). Esportazioni in USA\/Canada\/Messico. certificato.<\/p>","protected":false},"featured_media":43017,"comment_status":"open","ping_status":"closed","template":"","meta":{"_acf_changed":false},"product_brand":[],"product_cat":[48],"product_tag":[],"class_list":{"0":"post-43010","1":"product","2":"type-product","3":"status-publish","4":"has-post-thumbnail","6":"product_cat-showcases-and-displays","8":"first","9":"instock","10":"shipping-taxable","11":"purchasable","12":"product-type-simple"},"acf":[],"yoast_head":"<!-- This site is optimized with the Yoast SEO plugin v27.4 - https:\/\/yoast.com\/product\/yoast-seo-wordpress\/ -->\n<title>Microfiber Jewelry Display Set Luxury Jewellery Display Stands Sets for Window showcase Props - DE-LIANG - jewelry,clothes,watch,beauty cosmetics<\/title>\n<meta name=\"robots\" content=\"index, follow, max-snippet:-1, max-image-preview:large, max-video-preview:-1\" \/>\n<link rel=\"canonical\" href=\"https:\/\/deliangdisplay.com\/it\/il-nostro-prodotto\/visualizzazioni\/vetrine-e-display\/set-di-espositori-per-gioielli-in-microfibra-set-di-espositori-per-gioielli-di-lusso-per-oggetti-di-scena-da-vetrina\/\" \/>\n<meta property=\"og:locale\" content=\"it_IT\" \/>\n<meta property=\"og:type\" content=\"article\" \/>\n<meta property=\"og:title\" content=\"Microfiber Jewelry Display Set Luxury Jewellery Display Stands Sets for Window showcase Props - DE-LIANG - jewelry,clothes,watch,beauty cosmetics\" \/>\n<meta property=\"og:description\" content=\"DE-LIANG Microfiber Jewelry Display Set: luxury showcase props in beige microfiber. Various sizes (e.g., 10.8\u00d710.8\u00d74.3cm). Customizable packaging\/logo\/graphics.\u00a0 Lead time 5-30 days (1-500). Exports to US\/Canada\/Mexico. certified.\" \/>\n<meta property=\"og:url\" content=\"https:\/\/deliangdisplay.com\/it\/il-nostro-prodotto\/visualizzazioni\/vetrine-e-display\/set-di-espositori-per-gioielli-in-microfibra-set-di-espositori-per-gioielli-di-lusso-per-oggetti-di-scena-da-vetrina\/\" \/>\n<meta property=\"og:site_name\" content=\"DE-LIANG - jewelry,clothes,watch,beauty cosmetics\" \/>\n<meta property=\"article:publisher\" content=\"https:\/\/www.facebook.com\/JaneZhang008\/\" \/>\n<meta property=\"article:modified_time\" content=\"2025-09-16T03:17:27+00:00\" \/>\n<meta property=\"og:image\" content=\"https:\/\/deliangdisplay.com\/wp-content\/uploads\/2025\/09\/4441.jpg\" \/>\n\t<meta property=\"og:image:width\" content=\"1000\" \/>\n\t<meta property=\"og:image:height\" content=\"1000\" \/>\n\t<meta property=\"og:image:type\" content=\"image\/jpeg\" \/>\n<meta name=\"twitter:card\" content=\"summary_large_image\" \/>\n<meta name=\"twitter:site\" content=\"@ly673551729\" \/>\n<meta name=\"twitter:label1\" content=\"Tempo di lettura stimato\" \/>\n\t<meta name=\"twitter:data1\" content=\"1 minuto\" \/>\n<script type=\"application\/ld+json\" class=\"yoast-schema-graph\">{\"@context\":\"https:\\\/\\\/schema.org\",\"@graph\":[{\"@type\":\"WebPage\",\"@id\":\"https:\\\/\\\/deliangdisplay.com\\\/our-product\\\/displays\\\/showcases-and-displays\\\/microfiber-jewelry-display-set-luxury-jewellery-display-stands-sets-for-window-showcase-props\\\/\",\"url\":\"https:\\\/\\\/deliangdisplay.com\\\/our-product\\\/displays\\\/showcases-and-displays\\\/microfiber-jewelry-display-set-luxury-jewellery-display-stands-sets-for-window-showcase-props\\\/\",\"name\":\"Microfiber Jewelry Display Set Luxury Jewellery Display Stands Sets for Window showcase Props - DE-LIANG - jewelry,clothes,watch,beauty cosmetics\",\"isPartOf\":{\"@id\":\"https:\\\/\\\/deliangdisplay.com\\\/#website\"},\"primaryImageOfPage\":{\"@id\":\"https:\\\/\\\/deliangdisplay.com\\\/our-product\\\/displays\\\/showcases-and-displays\\\/microfiber-jewelry-display-set-luxury-jewellery-display-stands-sets-for-window-showcase-props\\\/#primaryimage\"},\"image\":{\"@id\":\"https:\\\/\\\/deliangdisplay.com\\\/our-product\\\/displays\\\/showcases-and-displays\\\/microfiber-jewelry-display-set-luxury-jewellery-display-stands-sets-for-window-showcase-props\\\/#primaryimage\"},\"thumbnailUrl\":\"https:\\\/\\\/deliangdisplay.com\\\/wp-content\\\/uploads\\\/2025\\\/09\\\/4441.jpg\",\"datePublished\":\"2025-09-15T04:13:54+00:00\",\"dateModified\":\"2025-09-16T03:17:27+00:00\",\"breadcrumb\":{\"@id\":\"https:\\\/\\\/deliangdisplay.com\\\/our-product\\\/displays\\\/showcases-and-displays\\\/microfiber-jewelry-display-set-luxury-jewellery-display-stands-sets-for-window-showcase-props\\\/#breadcrumb\"},\"inLanguage\":\"it-IT\",\"potentialAction\":[{\"@type\":\"ReadAction\",\"target\":[\"https:\\\/\\\/deliangdisplay.com\\\/our-product\\\/displays\\\/showcases-and-displays\\\/microfiber-jewelry-display-set-luxury-jewellery-display-stands-sets-for-window-showcase-props\\\/\"]}]},{\"@type\":\"ImageObject\",\"inLanguage\":\"it-IT\",\"@id\":\"https:\\\/\\\/deliangdisplay.com\\\/our-product\\\/displays\\\/showcases-and-displays\\\/microfiber-jewelry-display-set-luxury-jewellery-display-stands-sets-for-window-showcase-props\\\/#primaryimage\",\"url\":\"https:\\\/\\\/deliangdisplay.com\\\/wp-content\\\/uploads\\\/2025\\\/09\\\/4441.jpg\",\"contentUrl\":\"https:\\\/\\\/deliangdisplay.com\\\/wp-content\\\/uploads\\\/2025\\\/09\\\/4441.jpg\",\"width\":1000,\"height\":1000},{\"@type\":\"BreadcrumbList\",\"@id\":\"https:\\\/\\\/deliangdisplay.com\\\/our-product\\\/displays\\\/showcases-and-displays\\\/microfiber-jewelry-display-set-luxury-jewellery-display-stands-sets-for-window-showcase-props\\\/#breadcrumb\",\"itemListElement\":[{\"@type\":\"ListItem\",\"position\":1,\"name\":\"\u9996\u9875\",\"item\":\"https:\\\/\\\/deliangdisplay.com\\\/\"},{\"@type\":\"ListItem\",\"position\":2,\"name\":\"Our Product\",\"item\":\"https:\\\/\\\/deliangdisplay.com\\\/our-product\\\/\"},{\"@type\":\"ListItem\",\"position\":3,\"name\":\"Microfiber Jewelry Display Set Luxury Jewellery Display Stands Sets for Window showcase Props\"}]},{\"@type\":\"WebSite\",\"@id\":\"https:\\\/\\\/deliangdisplay.com\\\/#website\",\"url\":\"https:\\\/\\\/deliangdisplay.com\\\/\",\"name\":\"deliangdisplay.com\",\"description\":\"DE-LIANG - Providing bespoke packaging solutions and luxurious display design services for brands in jewelry, apparel, watches, beauty cosmetics, and more.\",\"publisher\":{\"@id\":\"https:\\\/\\\/deliangdisplay.com\\\/#organization\"},\"potentialAction\":[{\"@type\":\"SearchAction\",\"target\":{\"@type\":\"EntryPoint\",\"urlTemplate\":\"https:\\\/\\\/deliangdisplay.com\\\/?s={search_term_string}\"},\"query-input\":{\"@type\":\"PropertyValueSpecification\",\"valueRequired\":true,\"valueName\":\"search_term_string\"}}],\"inLanguage\":\"it-IT\"},{\"@type\":\"Organization\",\"@id\":\"https:\\\/\\\/deliangdisplay.com\\\/#organization\",\"name\":\"deliangdisplay.com\",\"url\":\"https:\\\/\\\/deliangdisplay.com\\\/\",\"logo\":{\"@type\":\"ImageObject\",\"inLanguage\":\"it-IT\",\"@id\":\"https:\\\/\\\/deliangdisplay.com\\\/#\\\/schema\\\/logo\\\/image\\\/\",\"url\":\"https:\\\/\\\/deliangdisplay.com\\\/wp-content\\\/uploads\\\/2025\\\/08\\\/DELIANGDISPALY_logo.png\",\"contentUrl\":\"https:\\\/\\\/deliangdisplay.com\\\/wp-content\\\/uploads\\\/2025\\\/08\\\/DELIANGDISPALY_logo.png\",\"width\":300,\"height\":130,\"caption\":\"deliangdisplay.com\"},\"image\":{\"@id\":\"https:\\\/\\\/deliangdisplay.com\\\/#\\\/schema\\\/logo\\\/image\\\/\"},\"sameAs\":[\"https:\\\/\\\/www.facebook.com\\\/JaneZhang008\\\/\",\"https:\\\/\\\/x.com\\\/ly673551729\"]}]}<\/script>\n<!-- \/ Yoast SEO plugin. -->","yoast_head_json":{"title":"Microfibra Gioielli Display Set Gioielli di lusso Display Stands Set per finestra vetrina Props - DE-LIANG - gioielli, vestiti, orologio, cosmetici di bellezza","robots":{"index":"index","follow":"follow","max-snippet":"max-snippet:-1","max-image-preview":"max-image-preview:large","max-video-preview":"max-video-preview:-1"},"canonical":"https:\/\/deliangdisplay.com\/it\/il-nostro-prodotto\/visualizzazioni\/vetrine-e-display\/set-di-espositori-per-gioielli-in-microfibra-set-di-espositori-per-gioielli-di-lusso-per-oggetti-di-scena-da-vetrina\/","og_locale":"it_IT","og_type":"article","og_title":"Microfiber Jewelry Display Set Luxury Jewellery Display Stands Sets for Window showcase Props - DE-LIANG - jewelry,clothes,watch,beauty cosmetics","og_description":"DE-LIANG Microfiber Jewelry Display Set: luxury showcase props in beige microfiber. Various sizes (e.g., 10.8\u00d710.8\u00d74.3cm). Customizable packaging\/logo\/graphics.\u00a0 Lead time 5-30 days (1-500). Exports to US\/Canada\/Mexico. certified.","og_url":"https:\/\/deliangdisplay.com\/it\/il-nostro-prodotto\/visualizzazioni\/vetrine-e-display\/set-di-espositori-per-gioielli-in-microfibra-set-di-espositori-per-gioielli-di-lusso-per-oggetti-di-scena-da-vetrina\/","og_site_name":"DE-LIANG - jewelry,clothes,watch,beauty cosmetics","article_publisher":"https:\/\/www.facebook.com\/JaneZhang008\/","article_modified_time":"2025-09-16T03:17:27+00:00","og_image":[{"width":1000,"height":1000,"url":"https:\/\/deliangdisplay.com\/wp-content\/uploads\/2025\/09\/4441.jpg","type":"image\/jpeg"}],"twitter_card":"summary_large_image","twitter_site":"@ly673551729","twitter_misc":{"Tempo di lettura stimato":"1 minuto"},"schema":{"@context":"https:\/\/schema.org","@graph":[{"@type":"WebPage","@id":"https:\/\/deliangdisplay.com\/our-product\/displays\/showcases-and-displays\/microfiber-jewelry-display-set-luxury-jewellery-display-stands-sets-for-window-showcase-props\/","url":"https:\/\/deliangdisplay.com\/our-product\/displays\/showcases-and-displays\/microfiber-jewelry-display-set-luxury-jewellery-display-stands-sets-for-window-showcase-props\/","name":"Microfibra Gioielli Display Set Gioielli di lusso Display Stands Set per finestra vetrina Props - DE-LIANG - gioielli, vestiti, orologio, cosmetici di bellezza","isPartOf":{"@id":"https:\/\/deliangdisplay.com\/#website"},"primaryImageOfPage":{"@id":"https:\/\/deliangdisplay.com\/our-product\/displays\/showcases-and-displays\/microfiber-jewelry-display-set-luxury-jewellery-display-stands-sets-for-window-showcase-props\/#primaryimage"},"image":{"@id":"https:\/\/deliangdisplay.com\/our-product\/displays\/showcases-and-displays\/microfiber-jewelry-display-set-luxury-jewellery-display-stands-sets-for-window-showcase-props\/#primaryimage"},"thumbnailUrl":"https:\/\/deliangdisplay.com\/wp-content\/uploads\/2025\/09\/4441.jpg","datePublished":"2025-09-15T04:13:54+00:00","dateModified":"2025-09-16T03:17:27+00:00","breadcrumb":{"@id":"https:\/\/deliangdisplay.com\/our-product\/displays\/showcases-and-displays\/microfiber-jewelry-display-set-luxury-jewellery-display-stands-sets-for-window-showcase-props\/#breadcrumb"},"inLanguage":"it-IT","potentialAction":[{"@type":"ReadAction","target":["https:\/\/deliangdisplay.com\/our-product\/displays\/showcases-and-displays\/microfiber-jewelry-display-set-luxury-jewellery-display-stands-sets-for-window-showcase-props\/"]}]},{"@type":"ImageObject","inLanguage":"it-IT","@id":"https:\/\/deliangdisplay.com\/our-product\/displays\/showcases-and-displays\/microfiber-jewelry-display-set-luxury-jewellery-display-stands-sets-for-window-showcase-props\/#primaryimage","url":"https:\/\/deliangdisplay.com\/wp-content\/uploads\/2025\/09\/4441.jpg","contentUrl":"https:\/\/deliangdisplay.com\/wp-content\/uploads\/2025\/09\/4441.jpg","width":1000,"height":1000},{"@type":"BreadcrumbList","@id":"https:\/\/deliangdisplay.com\/our-product\/displays\/showcases-and-displays\/microfiber-jewelry-display-set-luxury-jewellery-display-stands-sets-for-window-showcase-props\/#breadcrumb","itemListElement":[{"@type":"ListItem","position":1,"name":"\u9996\u9875","item":"https:\/\/deliangdisplay.com\/"},{"@type":"ListItem","position":2,"name":"Our Product","item":"https:\/\/deliangdisplay.com\/our-product\/"},{"@type":"ListItem","position":3,"name":"Microfiber Jewelry Display Set Luxury Jewellery Display Stands Sets for Window showcase Props"}]},{"@type":"WebSite","@id":"https:\/\/deliangdisplay.com\/#website","url":"https:\/\/deliangdisplay.com\/","name":"deliangdisplay.com","description":"DE-LIANG - Fornisce soluzioni di packaging su misura e servizi di design di espositori di lusso per marchi di gioielli, abbigliamento, orologi, cosmetici di bellezza e altro ancora.","publisher":{"@id":"https:\/\/deliangdisplay.com\/#organization"},"potentialAction":[{"@type":"SearchAction","target":{"@type":"EntryPoint","urlTemplate":"https:\/\/deliangdisplay.com\/?s={search_term_string}"},"query-input":{"@type":"PropertyValueSpecification","valueRequired":true,"valueName":"search_term_string"}}],"inLanguage":"it-IT"},{"@type":"Organization","@id":"https:\/\/deliangdisplay.com\/#organization","name":"deliangdisplay.com","url":"https:\/\/deliangdisplay.com\/","logo":{"@type":"ImageObject","inLanguage":"it-IT","@id":"https:\/\/deliangdisplay.com\/#\/schema\/logo\/image\/","url":"https:\/\/deliangdisplay.com\/wp-content\/uploads\/2025\/08\/DELIANGDISPALY_logo.png","contentUrl":"https:\/\/deliangdisplay.com\/wp-content\/uploads\/2025\/08\/DELIANGDISPALY_logo.png","width":300,"height":130,"caption":"deliangdisplay.com"},"image":{"@id":"https:\/\/deliangdisplay.com\/#\/schema\/logo\/image\/"},"sameAs":["https:\/\/www.facebook.com\/JaneZhang008\/","https:\/\/x.com\/ly673551729"]}]}},"_links":{"self":[{"href":"https:\/\/deliangdisplay.com\/it\/wp-json\/wp\/v2\/product\/43010","targetHints":{"allow":["GET"]}}],"collection":[{"href":"https:\/\/deliangdisplay.com\/it\/wp-json\/wp\/v2\/product"}],"about":[{"href":"https:\/\/deliangdisplay.com\/it\/wp-json\/wp\/v2\/types\/product"}],"replies":[{"embeddable":true,"href":"https:\/\/deliangdisplay.com\/it\/wp-json\/wp\/v2\/comments?post=43010"}],"wp:featuredmedia":[{"embeddable":true,"href":"https:\/\/deliangdisplay.com\/it\/wp-json\/wp\/v2\/media\/43017"}],"wp:attachment":[{"href":"https:\/\/deliangdisplay.com\/it\/wp-json\/wp\/v2\/media?parent=43010"}],"wp:term":[{"taxonomy":"product_brand","embeddable":true,"href":"https:\/\/deliangdisplay.com\/it\/wp-json\/wp\/v2\/product_brand?post=43010"},{"taxonomy":"product_cat","embeddable":true,"href":"https:\/\/deliangdisplay.com\/it\/wp-json\/wp\/v2\/product_cat?post=43010"},{"taxonomy":"product_tag","embeddable":true,"href":"https:\/\/deliangdisplay.com\/it\/wp-json\/wp\/v2\/product_tag?post=43010"}],"curies":[{"name":"wp","href":"https:\/\/api.w.org\/{rel}","templated":true}]}}