{"id":42748,"date":"2025-08-22T11:58:16","date_gmt":"2025-08-22T03:58:16","guid":{"rendered":"https:\/\/deliangdisplay.com\/?post_type=product&#038;p=42748"},"modified":"2025-08-22T14:39:23","modified_gmt":"2025-08-22T06:39:23","slug":"silei-mobile-portagioie-francese-in-stile-vintage-a-cinque-cassetti-realizzato-con-filo-di-rame-elegante-design-a-cassa-rigida-luce-di-lusso-stoccaggio-di-gioielli-freestanding","status":"publish","type":"product","link":"https:\/\/deliangdisplay.com\/it\/il-nostro-prodotto\/imballaggio\/imballaggio-per-lorganizzazione-dei-gioielli\/silei-mobile-portagioie-francese-in-stile-vintage-a-cinque-cassetti-realizzato-con-filo-di-rame-elegante-design-a-cassa-rigida-luce-di-lusso-stoccaggio-di-gioielli-freestanding\/","title":{"rendered":"Silei Armadio portagioie francese a cinque cassetti in stile vintage, realizzato con filo di rame, elegante design a cassa rigida, deposito di gioielli indipendente di lusso e leggero"},"content":{"rendered":"<p>La cassettiera Silei in stile retr\u00f2 francese del marchio DE-LIANG \u00e8 un mobile portagioie di lusso da terra che combina estetica e praticit\u00e0. Realizzato in tessuto di filo di rame blu-argento, integra lo stile retr\u00f2 francese e la texture di alta qualit\u00e0 per aggiungere un'atmosfera elegante alla vostra camera da letto.<\/p>\n<p>Questa cassettiera offre una variet\u00e0 di specifiche tra cui scegliere, tra cui Silei Copper Wire - Modello con coperchio non apribile (L100W40H110CM), Silei Copper Wire - Modello con coperchio apribile (L82W46H118CM) e Silei Copper Wire - Modello con coperchio non apribile (1504688CM), in grado di soddisfare le esigenze di stoccaggio di spazi diversi. Supporta servizi di personalizzazione, con prezzi preferenziali per grandi quantit\u00e0. Inoltre, offre la comodit\u00e0 di ordinare da un unico pezzo e di acquistare in un'unica soluzione, oltre a servizi integrati di consegna e installazione, per cui non \u00e8 necessario preoccuparsi dell'installazione professionale.<\/p>\n<p>\u00c8 possibile usufruire di una politica di restituzione di 7 giorni senza motivo. Il luogo di spedizione \u00e8 Shenzhen, Guangdong, e promettiamo di spedire entro 30 giorni, rendendo il vostro acquisto assicurato e senza preoccupazioni. \u00c8 la scelta ideale per conservare i gioielli.<\/p>","protected":false},"excerpt":{"rendered":"<p>DE-LIANG Silei French Retro Chest of Drawers<\/p>\n<p>A light luxury floor-standing jewelry cabinet blending high aesthetics and practicality. Crafted from blue-silver copper wire fabric, it merges French retro style with premium texture to elevate bedroom elegance. Available in 3 specs (L100W40H110CM non-opening, L82W46H118CM opening, 1504688CM non-opening), it supports customization (bulk discounts, 1-piece MOQ), offers one-stop procurement &amp; integrated delivery-installation. Enjoy 7-day no-reason return, shipped from Shenzhen within 30 days\u2014your ideal jewelry storage solution.<\/p>","protected":false},"featured_media":42760,"comment_status":"open","ping_status":"closed","template":"","meta":{"_acf_changed":false},"product_brand":[],"product_cat":[73,61],"product_tag":[],"class_list":{"0":"post-42748","1":"product","2":"type-product","3":"status-publish","4":"has-post-thumbnail","6":"product_cat-jewelry-organization-packaging","7":"product_cat-displays","9":"first","10":"instock","11":"shipping-taxable","12":"product-type-simple"},"acf":[],"yoast_head":"<!-- This site is optimized with the Yoast SEO plugin v27.4 - https:\/\/yoast.com\/product\/yoast-seo-wordpress\/ -->\n<title>Silei French Vintage-Style Five-Drawer Jewelry Cabinet, Crafted with Copper Wire, Elegant Hard Case Design, Light Luxury Freestanding Jewelry Storage - DE-LIANG - jewelry,clothes,watch,beauty cosmetics<\/title>\n<meta name=\"robots\" content=\"index, follow, max-snippet:-1, max-image-preview:large, max-video-preview:-1\" \/>\n<link rel=\"canonical\" href=\"https:\/\/deliangdisplay.com\/it\/il-nostro-prodotto\/imballaggio\/imballaggio-per-lorganizzazione-dei-gioielli\/silei-mobile-portagioie-francese-in-stile-vintage-a-cinque-cassetti-realizzato-con-filo-di-rame-elegante-design-a-cassa-rigida-luce-di-lusso-stoccaggio-di-gioielli-freestanding\/\" \/>\n<meta property=\"og:locale\" content=\"it_IT\" \/>\n<meta property=\"og:type\" content=\"article\" \/>\n<meta property=\"og:title\" content=\"Silei French Vintage-Style Five-Drawer Jewelry Cabinet, Crafted with Copper Wire, Elegant Hard Case Design, Light Luxury Freestanding Jewelry Storage - DE-LIANG - jewelry,clothes,watch,beauty cosmetics\" \/>\n<meta property=\"og:description\" content=\"DE-LIANG Silei French Retro Chest of Drawers  A light luxury floor-standing jewelry cabinet blending high aesthetics and practicality. Crafted from blue-silver copper wire fabric, it merges French retro style with premium texture to elevate bedroom elegance. Available in 3 specs (L100W40H110CM non-opening, L82W46H118CM opening, 1504688CM non-opening), it supports customization (bulk discounts, 1-piece MOQ), offers one-stop procurement &amp; integrated delivery-installation. Enjoy 7-day no-reason return, shipped from Shenzhen within 30 days\u2014your ideal jewelry storage solution.\" \/>\n<meta property=\"og:url\" content=\"https:\/\/deliangdisplay.com\/it\/il-nostro-prodotto\/imballaggio\/imballaggio-per-lorganizzazione-dei-gioielli\/silei-mobile-portagioie-francese-in-stile-vintage-a-cinque-cassetti-realizzato-con-filo-di-rame-elegante-design-a-cassa-rigida-luce-di-lusso-stoccaggio-di-gioielli-freestanding\/\" \/>\n<meta property=\"og:site_name\" content=\"DE-LIANG - jewelry,clothes,watch,beauty cosmetics\" \/>\n<meta property=\"article:publisher\" content=\"https:\/\/www.facebook.com\/JaneZhang008\/\" \/>\n<meta property=\"article:modified_time\" content=\"2025-08-22T06:39:23+00:00\" \/>\n<meta property=\"og:image\" content=\"https:\/\/deliangdisplay.com\/wp-content\/uploads\/2025\/08\/131.jpg\" \/>\n\t<meta property=\"og:image:width\" content=\"750\" \/>\n\t<meta property=\"og:image:height\" content=\"750\" \/>\n\t<meta property=\"og:image:type\" content=\"image\/jpeg\" \/>\n<meta name=\"twitter:card\" content=\"summary_large_image\" \/>\n<meta name=\"twitter:site\" content=\"@ly673551729\" \/>\n<meta name=\"twitter:label1\" content=\"Tempo di lettura stimato\" \/>\n\t<meta name=\"twitter:data1\" content=\"1 minuto\" \/>\n<script type=\"application\/ld+json\" class=\"yoast-schema-graph\">{\"@context\":\"https:\\\/\\\/schema.org\",\"@graph\":[{\"@type\":\"WebPage\",\"@id\":\"https:\\\/\\\/deliangdisplay.com\\\/our-product\\\/packaging\\\/jewelry-organization-packaging\\\/silei-french-vintage-style-five-drawer-jewelry-cabinet-crafted-with-copper-wire-elegant-hard-case-design-light-luxury-freestanding-jewelry-storage\\\/\",\"url\":\"https:\\\/\\\/deliangdisplay.com\\\/our-product\\\/packaging\\\/jewelry-organization-packaging\\\/silei-french-vintage-style-five-drawer-jewelry-cabinet-crafted-with-copper-wire-elegant-hard-case-design-light-luxury-freestanding-jewelry-storage\\\/\",\"name\":\"Silei French Vintage-Style Five-Drawer Jewelry Cabinet, Crafted with Copper Wire, Elegant Hard Case Design, Light Luxury Freestanding Jewelry Storage - DE-LIANG - jewelry,clothes,watch,beauty cosmetics\",\"isPartOf\":{\"@id\":\"https:\\\/\\\/deliangdisplay.com\\\/#website\"},\"primaryImageOfPage\":{\"@id\":\"https:\\\/\\\/deliangdisplay.com\\\/our-product\\\/packaging\\\/jewelry-organization-packaging\\\/silei-french-vintage-style-five-drawer-jewelry-cabinet-crafted-with-copper-wire-elegant-hard-case-design-light-luxury-freestanding-jewelry-storage\\\/#primaryimage\"},\"image\":{\"@id\":\"https:\\\/\\\/deliangdisplay.com\\\/our-product\\\/packaging\\\/jewelry-organization-packaging\\\/silei-french-vintage-style-five-drawer-jewelry-cabinet-crafted-with-copper-wire-elegant-hard-case-design-light-luxury-freestanding-jewelry-storage\\\/#primaryimage\"},\"thumbnailUrl\":\"https:\\\/\\\/deliangdisplay.com\\\/wp-content\\\/uploads\\\/2025\\\/08\\\/131.jpg\",\"datePublished\":\"2025-08-22T03:58:16+00:00\",\"dateModified\":\"2025-08-22T06:39:23+00:00\",\"breadcrumb\":{\"@id\":\"https:\\\/\\\/deliangdisplay.com\\\/our-product\\\/packaging\\\/jewelry-organization-packaging\\\/silei-french-vintage-style-five-drawer-jewelry-cabinet-crafted-with-copper-wire-elegant-hard-case-design-light-luxury-freestanding-jewelry-storage\\\/#breadcrumb\"},\"inLanguage\":\"it-IT\",\"potentialAction\":[{\"@type\":\"ReadAction\",\"target\":[\"https:\\\/\\\/deliangdisplay.com\\\/our-product\\\/packaging\\\/jewelry-organization-packaging\\\/silei-french-vintage-style-five-drawer-jewelry-cabinet-crafted-with-copper-wire-elegant-hard-case-design-light-luxury-freestanding-jewelry-storage\\\/\"]}]},{\"@type\":\"ImageObject\",\"inLanguage\":\"it-IT\",\"@id\":\"https:\\\/\\\/deliangdisplay.com\\\/our-product\\\/packaging\\\/jewelry-organization-packaging\\\/silei-french-vintage-style-five-drawer-jewelry-cabinet-crafted-with-copper-wire-elegant-hard-case-design-light-luxury-freestanding-jewelry-storage\\\/#primaryimage\",\"url\":\"https:\\\/\\\/deliangdisplay.com\\\/wp-content\\\/uploads\\\/2025\\\/08\\\/131.jpg\",\"contentUrl\":\"https:\\\/\\\/deliangdisplay.com\\\/wp-content\\\/uploads\\\/2025\\\/08\\\/131.jpg\",\"width\":750,\"height\":750,\"caption\":\"Silei French Vintage-Style Five-Drawer Jewelry Cabinet, Crafted with Copper Wire, Elegant Hard Case Design, Light Luxury Freestanding Jewelry Storage\"},{\"@type\":\"BreadcrumbList\",\"@id\":\"https:\\\/\\\/deliangdisplay.com\\\/our-product\\\/packaging\\\/jewelry-organization-packaging\\\/silei-french-vintage-style-five-drawer-jewelry-cabinet-crafted-with-copper-wire-elegant-hard-case-design-light-luxury-freestanding-jewelry-storage\\\/#breadcrumb\",\"itemListElement\":[{\"@type\":\"ListItem\",\"position\":1,\"name\":\"\u9996\u9875\",\"item\":\"https:\\\/\\\/deliangdisplay.com\\\/\"},{\"@type\":\"ListItem\",\"position\":2,\"name\":\"Our Product\",\"item\":\"https:\\\/\\\/deliangdisplay.com\\\/our-product\\\/\"},{\"@type\":\"ListItem\",\"position\":3,\"name\":\"Silei French Vintage-Style Five-Drawer Jewelry Cabinet, Crafted with Copper Wire, Elegant Hard Case Design, Light Luxury Freestanding Jewelry Storage\"}]},{\"@type\":\"WebSite\",\"@id\":\"https:\\\/\\\/deliangdisplay.com\\\/#website\",\"url\":\"https:\\\/\\\/deliangdisplay.com\\\/\",\"name\":\"deliangdisplay.com\",\"description\":\"DE-LIANG - Providing bespoke packaging solutions and luxurious display design services for brands in jewelry, apparel, watches, beauty cosmetics, and more.\",\"publisher\":{\"@id\":\"https:\\\/\\\/deliangdisplay.com\\\/#organization\"},\"potentialAction\":[{\"@type\":\"SearchAction\",\"target\":{\"@type\":\"EntryPoint\",\"urlTemplate\":\"https:\\\/\\\/deliangdisplay.com\\\/?s={search_term_string}\"},\"query-input\":{\"@type\":\"PropertyValueSpecification\",\"valueRequired\":true,\"valueName\":\"search_term_string\"}}],\"inLanguage\":\"it-IT\"},{\"@type\":\"Organization\",\"@id\":\"https:\\\/\\\/deliangdisplay.com\\\/#organization\",\"name\":\"deliangdisplay.com\",\"url\":\"https:\\\/\\\/deliangdisplay.com\\\/\",\"logo\":{\"@type\":\"ImageObject\",\"inLanguage\":\"it-IT\",\"@id\":\"https:\\\/\\\/deliangdisplay.com\\\/#\\\/schema\\\/logo\\\/image\\\/\",\"url\":\"https:\\\/\\\/deliangdisplay.com\\\/wp-content\\\/uploads\\\/2025\\\/08\\\/DELIANGDISPALY_logo.png\",\"contentUrl\":\"https:\\\/\\\/deliangdisplay.com\\\/wp-content\\\/uploads\\\/2025\\\/08\\\/DELIANGDISPALY_logo.png\",\"width\":300,\"height\":130,\"caption\":\"deliangdisplay.com\"},\"image\":{\"@id\":\"https:\\\/\\\/deliangdisplay.com\\\/#\\\/schema\\\/logo\\\/image\\\/\"},\"sameAs\":[\"https:\\\/\\\/www.facebook.com\\\/JaneZhang008\\\/\",\"https:\\\/\\\/x.com\\\/ly673551729\"]}]}<\/script>\n<!-- \/ Yoast SEO plugin. -->","yoast_head_json":{"title":"Silei francese Vintage-Style Cinque-cassetto portagioie, realizzato con filo di rame, elegante design rigido, luce di lusso Freestanding Gioielli Storage - DE-LIANG - gioielli, vestiti, orologi, cosmetici di bellezza","robots":{"index":"index","follow":"follow","max-snippet":"max-snippet:-1","max-image-preview":"max-image-preview:large","max-video-preview":"max-video-preview:-1"},"canonical":"https:\/\/deliangdisplay.com\/it\/il-nostro-prodotto\/imballaggio\/imballaggio-per-lorganizzazione-dei-gioielli\/silei-mobile-portagioie-francese-in-stile-vintage-a-cinque-cassetti-realizzato-con-filo-di-rame-elegante-design-a-cassa-rigida-luce-di-lusso-stoccaggio-di-gioielli-freestanding\/","og_locale":"it_IT","og_type":"article","og_title":"Silei French Vintage-Style Five-Drawer Jewelry Cabinet, Crafted with Copper Wire, Elegant Hard Case Design, Light Luxury Freestanding Jewelry Storage - DE-LIANG - jewelry,clothes,watch,beauty cosmetics","og_description":"DE-LIANG Silei French Retro Chest of Drawers  A light luxury floor-standing jewelry cabinet blending high aesthetics and practicality. Crafted from blue-silver copper wire fabric, it merges French retro style with premium texture to elevate bedroom elegance. Available in 3 specs (L100W40H110CM non-opening, L82W46H118CM opening, 1504688CM non-opening), it supports customization (bulk discounts, 1-piece MOQ), offers one-stop procurement &amp; integrated delivery-installation. Enjoy 7-day no-reason return, shipped from Shenzhen within 30 days\u2014your ideal jewelry storage solution.","og_url":"https:\/\/deliangdisplay.com\/it\/il-nostro-prodotto\/imballaggio\/imballaggio-per-lorganizzazione-dei-gioielli\/silei-mobile-portagioie-francese-in-stile-vintage-a-cinque-cassetti-realizzato-con-filo-di-rame-elegante-design-a-cassa-rigida-luce-di-lusso-stoccaggio-di-gioielli-freestanding\/","og_site_name":"DE-LIANG - jewelry,clothes,watch,beauty cosmetics","article_publisher":"https:\/\/www.facebook.com\/JaneZhang008\/","article_modified_time":"2025-08-22T06:39:23+00:00","og_image":[{"width":750,"height":750,"url":"https:\/\/deliangdisplay.com\/wp-content\/uploads\/2025\/08\/131.jpg","type":"image\/jpeg"}],"twitter_card":"summary_large_image","twitter_site":"@ly673551729","twitter_misc":{"Tempo di lettura stimato":"1 minuto"},"schema":{"@context":"https:\/\/schema.org","@graph":[{"@type":"WebPage","@id":"https:\/\/deliangdisplay.com\/our-product\/packaging\/jewelry-organization-packaging\/silei-french-vintage-style-five-drawer-jewelry-cabinet-crafted-with-copper-wire-elegant-hard-case-design-light-luxury-freestanding-jewelry-storage\/","url":"https:\/\/deliangdisplay.com\/our-product\/packaging\/jewelry-organization-packaging\/silei-french-vintage-style-five-drawer-jewelry-cabinet-crafted-with-copper-wire-elegant-hard-case-design-light-luxury-freestanding-jewelry-storage\/","name":"Silei francese Vintage-Style Cinque-cassetto portagioie, realizzato con filo di rame, elegante design rigido, luce di lusso Freestanding Gioielli Storage - DE-LIANG - gioielli, vestiti, orologi, cosmetici di bellezza","isPartOf":{"@id":"https:\/\/deliangdisplay.com\/#website"},"primaryImageOfPage":{"@id":"https:\/\/deliangdisplay.com\/our-product\/packaging\/jewelry-organization-packaging\/silei-french-vintage-style-five-drawer-jewelry-cabinet-crafted-with-copper-wire-elegant-hard-case-design-light-luxury-freestanding-jewelry-storage\/#primaryimage"},"image":{"@id":"https:\/\/deliangdisplay.com\/our-product\/packaging\/jewelry-organization-packaging\/silei-french-vintage-style-five-drawer-jewelry-cabinet-crafted-with-copper-wire-elegant-hard-case-design-light-luxury-freestanding-jewelry-storage\/#primaryimage"},"thumbnailUrl":"https:\/\/deliangdisplay.com\/wp-content\/uploads\/2025\/08\/131.jpg","datePublished":"2025-08-22T03:58:16+00:00","dateModified":"2025-08-22T06:39:23+00:00","breadcrumb":{"@id":"https:\/\/deliangdisplay.com\/our-product\/packaging\/jewelry-organization-packaging\/silei-french-vintage-style-five-drawer-jewelry-cabinet-crafted-with-copper-wire-elegant-hard-case-design-light-luxury-freestanding-jewelry-storage\/#breadcrumb"},"inLanguage":"it-IT","potentialAction":[{"@type":"ReadAction","target":["https:\/\/deliangdisplay.com\/our-product\/packaging\/jewelry-organization-packaging\/silei-french-vintage-style-five-drawer-jewelry-cabinet-crafted-with-copper-wire-elegant-hard-case-design-light-luxury-freestanding-jewelry-storage\/"]}]},{"@type":"ImageObject","inLanguage":"it-IT","@id":"https:\/\/deliangdisplay.com\/our-product\/packaging\/jewelry-organization-packaging\/silei-french-vintage-style-five-drawer-jewelry-cabinet-crafted-with-copper-wire-elegant-hard-case-design-light-luxury-freestanding-jewelry-storage\/#primaryimage","url":"https:\/\/deliangdisplay.com\/wp-content\/uploads\/2025\/08\/131.jpg","contentUrl":"https:\/\/deliangdisplay.com\/wp-content\/uploads\/2025\/08\/131.jpg","width":750,"height":750,"caption":"Silei French Vintage-Style Five-Drawer Jewelry Cabinet, Crafted with Copper Wire, Elegant Hard Case Design, Light Luxury Freestanding Jewelry Storage"},{"@type":"BreadcrumbList","@id":"https:\/\/deliangdisplay.com\/our-product\/packaging\/jewelry-organization-packaging\/silei-french-vintage-style-five-drawer-jewelry-cabinet-crafted-with-copper-wire-elegant-hard-case-design-light-luxury-freestanding-jewelry-storage\/#breadcrumb","itemListElement":[{"@type":"ListItem","position":1,"name":"\u9996\u9875","item":"https:\/\/deliangdisplay.com\/"},{"@type":"ListItem","position":2,"name":"Our Product","item":"https:\/\/deliangdisplay.com\/our-product\/"},{"@type":"ListItem","position":3,"name":"Silei French Vintage-Style Five-Drawer Jewelry Cabinet, Crafted with Copper Wire, Elegant Hard Case Design, Light Luxury Freestanding Jewelry Storage"}]},{"@type":"WebSite","@id":"https:\/\/deliangdisplay.com\/#website","url":"https:\/\/deliangdisplay.com\/","name":"deliangdisplay.com","description":"DE-LIANG - Fornisce soluzioni di packaging su misura e servizi di design di espositori di lusso per marchi di gioielli, abbigliamento, orologi, cosmetici di bellezza e altro ancora.","publisher":{"@id":"https:\/\/deliangdisplay.com\/#organization"},"potentialAction":[{"@type":"SearchAction","target":{"@type":"EntryPoint","urlTemplate":"https:\/\/deliangdisplay.com\/?s={search_term_string}"},"query-input":{"@type":"PropertyValueSpecification","valueRequired":true,"valueName":"search_term_string"}}],"inLanguage":"it-IT"},{"@type":"Organization","@id":"https:\/\/deliangdisplay.com\/#organization","name":"deliangdisplay.com","url":"https:\/\/deliangdisplay.com\/","logo":{"@type":"ImageObject","inLanguage":"it-IT","@id":"https:\/\/deliangdisplay.com\/#\/schema\/logo\/image\/","url":"https:\/\/deliangdisplay.com\/wp-content\/uploads\/2025\/08\/DELIANGDISPALY_logo.png","contentUrl":"https:\/\/deliangdisplay.com\/wp-content\/uploads\/2025\/08\/DELIANGDISPALY_logo.png","width":300,"height":130,"caption":"deliangdisplay.com"},"image":{"@id":"https:\/\/deliangdisplay.com\/#\/schema\/logo\/image\/"},"sameAs":["https:\/\/www.facebook.com\/JaneZhang008\/","https:\/\/x.com\/ly673551729"]}]}},"_links":{"self":[{"href":"https:\/\/deliangdisplay.com\/it\/wp-json\/wp\/v2\/product\/42748","targetHints":{"allow":["GET"]}}],"collection":[{"href":"https:\/\/deliangdisplay.com\/it\/wp-json\/wp\/v2\/product"}],"about":[{"href":"https:\/\/deliangdisplay.com\/it\/wp-json\/wp\/v2\/types\/product"}],"replies":[{"embeddable":true,"href":"https:\/\/deliangdisplay.com\/it\/wp-json\/wp\/v2\/comments?post=42748"}],"wp:featuredmedia":[{"embeddable":true,"href":"https:\/\/deliangdisplay.com\/it\/wp-json\/wp\/v2\/media\/42760"}],"wp:attachment":[{"href":"https:\/\/deliangdisplay.com\/it\/wp-json\/wp\/v2\/media?parent=42748"}],"wp:term":[{"taxonomy":"product_brand","embeddable":true,"href":"https:\/\/deliangdisplay.com\/it\/wp-json\/wp\/v2\/product_brand?post=42748"},{"taxonomy":"product_cat","embeddable":true,"href":"https:\/\/deliangdisplay.com\/it\/wp-json\/wp\/v2\/product_cat?post=42748"},{"taxonomy":"product_tag","embeddable":true,"href":"https:\/\/deliangdisplay.com\/it\/wp-json\/wp\/v2\/product_tag?post=42748"}],"curies":[{"name":"wp","href":"https:\/\/api.w.org\/{rel}","templated":true}]}}