{"id":42676,"date":"2025-08-20T15:40:19","date_gmt":"2025-08-20T07:40:19","guid":{"rendered":"https:\/\/deliangdisplay.com\/?post_type=product&#038;p=42676"},"modified":"2025-10-11T17:35:26","modified_gmt":"2025-10-11T09:35:26","slug":"de-liang-gioielli-di-lusso-display-box-gioielli-organizzatore-vassoiol-organizzatore-display-custodia-per-anelli-orecchini-collana-braccialettopu-pelle-microfibra-dl2557","status":"publish","type":"product","link":"https:\/\/deliangdisplay.com\/it\/il-nostro-prodotto\/imballaggio\/imballaggio-per-lorganizzazione-dei-gioielli\/de-liang-gioielli-di-lusso-display-box-gioielli-organizzatore-vassoiol-organizzatore-display-custodia-per-anelli-orecchini-collana-braccialettopu-pelle-microfibra-dl2557\/","title":{"rendered":"DE-LIANG Lusso Gioielli Display Box, Gioielli Organizzatore Vassoio Organizzatore Display Storage Case per Anelli Orecchini Collana Bracciale, PU Pelle e Microfibra DL2557"},"content":{"rendered":"<h2>Un'organizzazione elegante dei gioielli resa semplice<\/h2>\n<p>Trasformate la vostra collezione di gioielli con l'espositore per gioielli di lusso DE-LIANG, dove la raffinatezza incontra la funzionalit\u00e0. Questo organizer di prima qualit\u00e0 \u00e8 stato realizzato con cura per esporre e proteggere i vostri preziosi accessori con l'attenzione che meritano.<\/p>\n<h3>Materiali e costruzione di qualit\u00e0 superiore<\/h3>\n<ul>\n<li><strong>Esterno in pelle PU di lusso:<\/strong> Finitura resistente ed elegante che si adatta a qualsiasi vanit\u00e0 o cassettiera<\/li>\n<li><strong>Interno in morbida microfibra:<\/strong> La fodera delicata evita graffi e appannamenti<\/li>\n<li><strong>Compartimenti di precisione:<\/strong> Sezioni studiate per anelli, orecchini, collane e bracciali<\/li>\n<\/ul>\n<h3>Perfetto per ogni stile di vita<\/h3>\n<p>Sia che stiate organizzando i vostri oggetti quotidiani a casa o che stiate viaggiando con i vostri pezzi preferiti, questo portagioie compatto ma spazioso si adatta alle vostre esigenze. La chiusura sicura e il design portatile lo rendono ideale sia per la conservazione che per il viaggio.<\/p>\n<h3>Cosa lo rende speciale<\/h3>\n<ul>\n<li>Scomparti di diverse dimensioni per adattarsi a vari tipi di gioielli<\/li>\n<li>L'ingombro ridotto massimizza l'immagazzinamento senza ingombrare lo spazio.<\/li>\n<li>Qualit\u00e0 espositiva professionale adatta alla vendita al dettaglio o all'uso personale<\/li>\n<li>Le superfici, facili da pulire, mantengono un aspetto impeccabile<\/li>\n<\/ul>\n<p><strong>Dimensioni:<\/strong> Perfettamente dimensionato per una collocazione versatile e trasportabile<br \/>\n<strong>Peso:<\/strong> 2 kg - qualit\u00e0 sostanziale senza essere ingombrante<\/p>\n<p>Date ai vostri gioielli la bella casa che meritano. Ordinate oggi stesso il vostro espositore per gioielli di lusso DE-LIANG e sperimentate il perfetto connubio tra eleganza e organizzazione.<\/p>","protected":false},"excerpt":{"rendered":"<p>Scatola organizer per gioielli DE-LIANG premium con esterno in pelle PU e interno in microfibra. Soluzione perfetta per riporre anelli, orecchini, collane e bracciali. Elegante espositore da utilizzare in casa o in viaggio.<\/p>","protected":false},"featured_media":42677,"comment_status":"open","ping_status":"closed","template":"","meta":{"_acf_changed":false},"product_brand":[],"product_cat":[73],"product_tag":[],"class_list":{"0":"post-42676","1":"product","2":"type-product","3":"status-publish","4":"has-post-thumbnail","6":"product_cat-jewelry-organization-packaging","8":"first","9":"instock","10":"shipping-taxable","11":"purchasable","12":"product-type-simple"},"acf":[],"yoast_head":"<!-- This site is optimized with the Yoast SEO plugin v27.4 - https:\/\/yoast.com\/product\/yoast-seo-wordpress\/ -->\n<title>DE-LIANG Luxury Jewelry Display Box,Jewelry Organizer Traysl Organizer Display Storage Case for Rings Earring Necklace Bracelet,PU Leather &amp; Microfiber DL2557 - DE-LIANG - jewelry,clothes,watch,beauty cosmetics<\/title>\n<meta name=\"robots\" content=\"index, follow, max-snippet:-1, max-image-preview:large, max-video-preview:-1\" \/>\n<link rel=\"canonical\" href=\"https:\/\/deliangdisplay.com\/it\/il-nostro-prodotto\/imballaggio\/imballaggio-per-lorganizzazione-dei-gioielli\/de-liang-gioielli-di-lusso-display-box-gioielli-organizzatore-vassoiol-organizzatore-display-custodia-per-anelli-orecchini-collana-braccialettopu-pelle-microfibra-dl2557\/\" \/>\n<meta property=\"og:locale\" content=\"it_IT\" \/>\n<meta property=\"og:type\" content=\"article\" \/>\n<meta property=\"og:title\" content=\"DE-LIANG Luxury Jewelry Display Box,Jewelry Organizer Traysl Organizer Display Storage Case for Rings Earring Necklace Bracelet,PU Leather &amp; Microfiber DL2557 - DE-LIANG - jewelry,clothes,watch,beauty cosmetics\" \/>\n<meta property=\"og:description\" content=\"Premium DE-LIANG jewelry organizer box with PU leather exterior and microfiber interior. Perfect storage solution for rings, earrings, necklaces, and bracelets. Elegant display case for home or travel use.\" \/>\n<meta property=\"og:url\" content=\"https:\/\/deliangdisplay.com\/it\/il-nostro-prodotto\/imballaggio\/imballaggio-per-lorganizzazione-dei-gioielli\/de-liang-gioielli-di-lusso-display-box-gioielli-organizzatore-vassoiol-organizzatore-display-custodia-per-anelli-orecchini-collana-braccialettopu-pelle-microfibra-dl2557\/\" \/>\n<meta property=\"og:site_name\" content=\"DE-LIANG - jewelry,clothes,watch,beauty cosmetics\" \/>\n<meta property=\"article:publisher\" content=\"https:\/\/www.facebook.com\/JaneZhang008\/\" \/>\n<meta property=\"article:modified_time\" content=\"2025-10-11T09:35:26+00:00\" \/>\n<meta property=\"og:image\" content=\"https:\/\/deliangdisplay.com\/wp-content\/uploads\/2025\/08\/1_693719fe-e717-4a7b-b60e-ccfd47e1c8bc.webp\" \/>\n\t<meta property=\"og:image:width\" content=\"1000\" \/>\n\t<meta property=\"og:image:height\" content=\"1000\" \/>\n\t<meta property=\"og:image:type\" content=\"image\/webp\" \/>\n<meta name=\"twitter:card\" content=\"summary_large_image\" \/>\n<meta name=\"twitter:site\" content=\"@ly673551729\" \/>\n<meta name=\"twitter:label1\" content=\"Tempo di lettura stimato\" \/>\n\t<meta name=\"twitter:data1\" content=\"2 minuti\" \/>\n<script type=\"application\/ld+json\" class=\"yoast-schema-graph\">{\"@context\":\"https:\\\/\\\/schema.org\",\"@graph\":[{\"@type\":\"WebPage\",\"@id\":\"https:\\\/\\\/deliangdisplay.com\\\/our-product\\\/packaging\\\/jewelry-organization-packaging\\\/de-liang-luxury-jewelry-display-boxjewelry-organizer-traysl-organizer-display-storage-case-for-rings-earring-necklace-braceletpu-leather-microfiber-dl2557\\\/\",\"url\":\"https:\\\/\\\/deliangdisplay.com\\\/our-product\\\/packaging\\\/jewelry-organization-packaging\\\/de-liang-luxury-jewelry-display-boxjewelry-organizer-traysl-organizer-display-storage-case-for-rings-earring-necklace-braceletpu-leather-microfiber-dl2557\\\/\",\"name\":\"DE-LIANG Luxury Jewelry Display Box,Jewelry Organizer Traysl Organizer Display Storage Case for Rings Earring Necklace Bracelet,PU Leather & Microfiber DL2557 - DE-LIANG - jewelry,clothes,watch,beauty cosmetics\",\"isPartOf\":{\"@id\":\"https:\\\/\\\/deliangdisplay.com\\\/#website\"},\"primaryImageOfPage\":{\"@id\":\"https:\\\/\\\/deliangdisplay.com\\\/our-product\\\/packaging\\\/jewelry-organization-packaging\\\/de-liang-luxury-jewelry-display-boxjewelry-organizer-traysl-organizer-display-storage-case-for-rings-earring-necklace-braceletpu-leather-microfiber-dl2557\\\/#primaryimage\"},\"image\":{\"@id\":\"https:\\\/\\\/deliangdisplay.com\\\/our-product\\\/packaging\\\/jewelry-organization-packaging\\\/de-liang-luxury-jewelry-display-boxjewelry-organizer-traysl-organizer-display-storage-case-for-rings-earring-necklace-braceletpu-leather-microfiber-dl2557\\\/#primaryimage\"},\"thumbnailUrl\":\"https:\\\/\\\/deliangdisplay.com\\\/wp-content\\\/uploads\\\/2025\\\/08\\\/1_693719fe-e717-4a7b-b60e-ccfd47e1c8bc.webp\",\"datePublished\":\"2025-08-20T07:40:19+00:00\",\"dateModified\":\"2025-10-11T09:35:26+00:00\",\"breadcrumb\":{\"@id\":\"https:\\\/\\\/deliangdisplay.com\\\/our-product\\\/packaging\\\/jewelry-organization-packaging\\\/de-liang-luxury-jewelry-display-boxjewelry-organizer-traysl-organizer-display-storage-case-for-rings-earring-necklace-braceletpu-leather-microfiber-dl2557\\\/#breadcrumb\"},\"inLanguage\":\"it-IT\",\"potentialAction\":[{\"@type\":\"ReadAction\",\"target\":[\"https:\\\/\\\/deliangdisplay.com\\\/our-product\\\/packaging\\\/jewelry-organization-packaging\\\/de-liang-luxury-jewelry-display-boxjewelry-organizer-traysl-organizer-display-storage-case-for-rings-earring-necklace-braceletpu-leather-microfiber-dl2557\\\/\"]}]},{\"@type\":\"ImageObject\",\"inLanguage\":\"it-IT\",\"@id\":\"https:\\\/\\\/deliangdisplay.com\\\/our-product\\\/packaging\\\/jewelry-organization-packaging\\\/de-liang-luxury-jewelry-display-boxjewelry-organizer-traysl-organizer-display-storage-case-for-rings-earring-necklace-braceletpu-leather-microfiber-dl2557\\\/#primaryimage\",\"url\":\"https:\\\/\\\/deliangdisplay.com\\\/wp-content\\\/uploads\\\/2025\\\/08\\\/1_693719fe-e717-4a7b-b60e-ccfd47e1c8bc.webp\",\"contentUrl\":\"https:\\\/\\\/deliangdisplay.com\\\/wp-content\\\/uploads\\\/2025\\\/08\\\/1_693719fe-e717-4a7b-b60e-ccfd47e1c8bc.webp\",\"width\":1000,\"height\":1000},{\"@type\":\"BreadcrumbList\",\"@id\":\"https:\\\/\\\/deliangdisplay.com\\\/our-product\\\/packaging\\\/jewelry-organization-packaging\\\/de-liang-luxury-jewelry-display-boxjewelry-organizer-traysl-organizer-display-storage-case-for-rings-earring-necklace-braceletpu-leather-microfiber-dl2557\\\/#breadcrumb\",\"itemListElement\":[{\"@type\":\"ListItem\",\"position\":1,\"name\":\"\u9996\u9875\",\"item\":\"https:\\\/\\\/deliangdisplay.com\\\/\"},{\"@type\":\"ListItem\",\"position\":2,\"name\":\"Our Product\",\"item\":\"https:\\\/\\\/deliangdisplay.com\\\/our-product\\\/\"},{\"@type\":\"ListItem\",\"position\":3,\"name\":\"DE-LIANG Luxury Jewelry Display Box,Jewelry Organizer Traysl Organizer Display Storage Case for Rings Earring Necklace Bracelet,PU Leather &#038; Microfiber DL2557\"}]},{\"@type\":\"WebSite\",\"@id\":\"https:\\\/\\\/deliangdisplay.com\\\/#website\",\"url\":\"https:\\\/\\\/deliangdisplay.com\\\/\",\"name\":\"deliangdisplay.com\",\"description\":\"DE-LIANG - Providing bespoke packaging solutions and luxurious display design services for brands in jewelry, apparel, watches, beauty cosmetics, and more.\",\"publisher\":{\"@id\":\"https:\\\/\\\/deliangdisplay.com\\\/#organization\"},\"potentialAction\":[{\"@type\":\"SearchAction\",\"target\":{\"@type\":\"EntryPoint\",\"urlTemplate\":\"https:\\\/\\\/deliangdisplay.com\\\/?s={search_term_string}\"},\"query-input\":{\"@type\":\"PropertyValueSpecification\",\"valueRequired\":true,\"valueName\":\"search_term_string\"}}],\"inLanguage\":\"it-IT\"},{\"@type\":\"Organization\",\"@id\":\"https:\\\/\\\/deliangdisplay.com\\\/#organization\",\"name\":\"deliangdisplay.com\",\"url\":\"https:\\\/\\\/deliangdisplay.com\\\/\",\"logo\":{\"@type\":\"ImageObject\",\"inLanguage\":\"it-IT\",\"@id\":\"https:\\\/\\\/deliangdisplay.com\\\/#\\\/schema\\\/logo\\\/image\\\/\",\"url\":\"https:\\\/\\\/deliangdisplay.com\\\/wp-content\\\/uploads\\\/2025\\\/08\\\/DELIANGDISPALY_logo.png\",\"contentUrl\":\"https:\\\/\\\/deliangdisplay.com\\\/wp-content\\\/uploads\\\/2025\\\/08\\\/DELIANGDISPALY_logo.png\",\"width\":300,\"height\":130,\"caption\":\"deliangdisplay.com\"},\"image\":{\"@id\":\"https:\\\/\\\/deliangdisplay.com\\\/#\\\/schema\\\/logo\\\/image\\\/\"},\"sameAs\":[\"https:\\\/\\\/www.facebook.com\\\/JaneZhang008\\\/\",\"https:\\\/\\\/x.com\\\/ly673551729\"]}]}<\/script>\n<!-- \/ Yoast SEO plugin. -->","yoast_head_json":{"title":"DE-LIANG Lusso Gioielli Display Box, Gioielli Organizzatore Vassoio Organizzatore Display Custodia per Anelli Orecchini Collana Bracciale, PU Pelle e Microfibra DL2557 - DE-LIANG - gioielli, vestiti, orologi, cosmetici bellezza","robots":{"index":"index","follow":"follow","max-snippet":"max-snippet:-1","max-image-preview":"max-image-preview:large","max-video-preview":"max-video-preview:-1"},"canonical":"https:\/\/deliangdisplay.com\/it\/il-nostro-prodotto\/imballaggio\/imballaggio-per-lorganizzazione-dei-gioielli\/de-liang-gioielli-di-lusso-display-box-gioielli-organizzatore-vassoiol-organizzatore-display-custodia-per-anelli-orecchini-collana-braccialettopu-pelle-microfibra-dl2557\/","og_locale":"it_IT","og_type":"article","og_title":"DE-LIANG Luxury Jewelry Display Box,Jewelry Organizer Traysl Organizer Display Storage Case for Rings Earring Necklace Bracelet,PU Leather & Microfiber DL2557 - DE-LIANG - jewelry,clothes,watch,beauty cosmetics","og_description":"Premium DE-LIANG jewelry organizer box with PU leather exterior and microfiber interior. Perfect storage solution for rings, earrings, necklaces, and bracelets. Elegant display case for home or travel use.","og_url":"https:\/\/deliangdisplay.com\/it\/il-nostro-prodotto\/imballaggio\/imballaggio-per-lorganizzazione-dei-gioielli\/de-liang-gioielli-di-lusso-display-box-gioielli-organizzatore-vassoiol-organizzatore-display-custodia-per-anelli-orecchini-collana-braccialettopu-pelle-microfibra-dl2557\/","og_site_name":"DE-LIANG - jewelry,clothes,watch,beauty cosmetics","article_publisher":"https:\/\/www.facebook.com\/JaneZhang008\/","article_modified_time":"2025-10-11T09:35:26+00:00","og_image":[{"width":1000,"height":1000,"url":"https:\/\/deliangdisplay.com\/wp-content\/uploads\/2025\/08\/1_693719fe-e717-4a7b-b60e-ccfd47e1c8bc.webp","type":"image\/webp"}],"twitter_card":"summary_large_image","twitter_site":"@ly673551729","twitter_misc":{"Tempo di lettura stimato":"2 minuti"},"schema":{"@context":"https:\/\/schema.org","@graph":[{"@type":"WebPage","@id":"https:\/\/deliangdisplay.com\/our-product\/packaging\/jewelry-organization-packaging\/de-liang-luxury-jewelry-display-boxjewelry-organizer-traysl-organizer-display-storage-case-for-rings-earring-necklace-braceletpu-leather-microfiber-dl2557\/","url":"https:\/\/deliangdisplay.com\/our-product\/packaging\/jewelry-organization-packaging\/de-liang-luxury-jewelry-display-boxjewelry-organizer-traysl-organizer-display-storage-case-for-rings-earring-necklace-braceletpu-leather-microfiber-dl2557\/","name":"DE-LIANG Lusso Gioielli Display Box, Gioielli Organizzatore Vassoio Organizzatore Display Custodia per Anelli Orecchini Collana Bracciale, PU Pelle e Microfibra DL2557 - DE-LIANG - gioielli, vestiti, orologi, cosmetici bellezza","isPartOf":{"@id":"https:\/\/deliangdisplay.com\/#website"},"primaryImageOfPage":{"@id":"https:\/\/deliangdisplay.com\/our-product\/packaging\/jewelry-organization-packaging\/de-liang-luxury-jewelry-display-boxjewelry-organizer-traysl-organizer-display-storage-case-for-rings-earring-necklace-braceletpu-leather-microfiber-dl2557\/#primaryimage"},"image":{"@id":"https:\/\/deliangdisplay.com\/our-product\/packaging\/jewelry-organization-packaging\/de-liang-luxury-jewelry-display-boxjewelry-organizer-traysl-organizer-display-storage-case-for-rings-earring-necklace-braceletpu-leather-microfiber-dl2557\/#primaryimage"},"thumbnailUrl":"https:\/\/deliangdisplay.com\/wp-content\/uploads\/2025\/08\/1_693719fe-e717-4a7b-b60e-ccfd47e1c8bc.webp","datePublished":"2025-08-20T07:40:19+00:00","dateModified":"2025-10-11T09:35:26+00:00","breadcrumb":{"@id":"https:\/\/deliangdisplay.com\/our-product\/packaging\/jewelry-organization-packaging\/de-liang-luxury-jewelry-display-boxjewelry-organizer-traysl-organizer-display-storage-case-for-rings-earring-necklace-braceletpu-leather-microfiber-dl2557\/#breadcrumb"},"inLanguage":"it-IT","potentialAction":[{"@type":"ReadAction","target":["https:\/\/deliangdisplay.com\/our-product\/packaging\/jewelry-organization-packaging\/de-liang-luxury-jewelry-display-boxjewelry-organizer-traysl-organizer-display-storage-case-for-rings-earring-necklace-braceletpu-leather-microfiber-dl2557\/"]}]},{"@type":"ImageObject","inLanguage":"it-IT","@id":"https:\/\/deliangdisplay.com\/our-product\/packaging\/jewelry-organization-packaging\/de-liang-luxury-jewelry-display-boxjewelry-organizer-traysl-organizer-display-storage-case-for-rings-earring-necklace-braceletpu-leather-microfiber-dl2557\/#primaryimage","url":"https:\/\/deliangdisplay.com\/wp-content\/uploads\/2025\/08\/1_693719fe-e717-4a7b-b60e-ccfd47e1c8bc.webp","contentUrl":"https:\/\/deliangdisplay.com\/wp-content\/uploads\/2025\/08\/1_693719fe-e717-4a7b-b60e-ccfd47e1c8bc.webp","width":1000,"height":1000},{"@type":"BreadcrumbList","@id":"https:\/\/deliangdisplay.com\/our-product\/packaging\/jewelry-organization-packaging\/de-liang-luxury-jewelry-display-boxjewelry-organizer-traysl-organizer-display-storage-case-for-rings-earring-necklace-braceletpu-leather-microfiber-dl2557\/#breadcrumb","itemListElement":[{"@type":"ListItem","position":1,"name":"\u9996\u9875","item":"https:\/\/deliangdisplay.com\/"},{"@type":"ListItem","position":2,"name":"Our Product","item":"https:\/\/deliangdisplay.com\/our-product\/"},{"@type":"ListItem","position":3,"name":"DE-LIANG Luxury Jewelry Display Box,Jewelry Organizer Traysl Organizer Display Storage Case for Rings Earring Necklace Bracelet,PU Leather &#038; Microfiber DL2557"}]},{"@type":"WebSite","@id":"https:\/\/deliangdisplay.com\/#website","url":"https:\/\/deliangdisplay.com\/","name":"deliangdisplay.com","description":"DE-LIANG - Fornisce soluzioni di packaging su misura e servizi di design di espositori di lusso per marchi di gioielli, abbigliamento, orologi, cosmetici di bellezza e altro ancora.","publisher":{"@id":"https:\/\/deliangdisplay.com\/#organization"},"potentialAction":[{"@type":"SearchAction","target":{"@type":"EntryPoint","urlTemplate":"https:\/\/deliangdisplay.com\/?s={search_term_string}"},"query-input":{"@type":"PropertyValueSpecification","valueRequired":true,"valueName":"search_term_string"}}],"inLanguage":"it-IT"},{"@type":"Organization","@id":"https:\/\/deliangdisplay.com\/#organization","name":"deliangdisplay.com","url":"https:\/\/deliangdisplay.com\/","logo":{"@type":"ImageObject","inLanguage":"it-IT","@id":"https:\/\/deliangdisplay.com\/#\/schema\/logo\/image\/","url":"https:\/\/deliangdisplay.com\/wp-content\/uploads\/2025\/08\/DELIANGDISPALY_logo.png","contentUrl":"https:\/\/deliangdisplay.com\/wp-content\/uploads\/2025\/08\/DELIANGDISPALY_logo.png","width":300,"height":130,"caption":"deliangdisplay.com"},"image":{"@id":"https:\/\/deliangdisplay.com\/#\/schema\/logo\/image\/"},"sameAs":["https:\/\/www.facebook.com\/JaneZhang008\/","https:\/\/x.com\/ly673551729"]}]}},"_links":{"self":[{"href":"https:\/\/deliangdisplay.com\/it\/wp-json\/wp\/v2\/product\/42676","targetHints":{"allow":["GET"]}}],"collection":[{"href":"https:\/\/deliangdisplay.com\/it\/wp-json\/wp\/v2\/product"}],"about":[{"href":"https:\/\/deliangdisplay.com\/it\/wp-json\/wp\/v2\/types\/product"}],"replies":[{"embeddable":true,"href":"https:\/\/deliangdisplay.com\/it\/wp-json\/wp\/v2\/comments?post=42676"}],"wp:featuredmedia":[{"embeddable":true,"href":"https:\/\/deliangdisplay.com\/it\/wp-json\/wp\/v2\/media\/42677"}],"wp:attachment":[{"href":"https:\/\/deliangdisplay.com\/it\/wp-json\/wp\/v2\/media?parent=42676"}],"wp:term":[{"taxonomy":"product_brand","embeddable":true,"href":"https:\/\/deliangdisplay.com\/it\/wp-json\/wp\/v2\/product_brand?post=42676"},{"taxonomy":"product_cat","embeddable":true,"href":"https:\/\/deliangdisplay.com\/it\/wp-json\/wp\/v2\/product_cat?post=42676"},{"taxonomy":"product_tag","embeddable":true,"href":"https:\/\/deliangdisplay.com\/it\/wp-json\/wp\/v2\/product_tag?post=42676"}],"curies":[{"name":"wp","href":"https:\/\/api.w.org\/{rel}","templated":true}]}}