{"id":42576,"date":"2025-08-19T14:45:26","date_gmt":"2025-08-19T06:45:26","guid":{"rendered":"https:\/\/deliangdisplay.com\/?post_type=product&#038;p=42576"},"modified":"2025-08-19T14:45:27","modified_gmt":"2025-08-19T06:45:27","slug":"de-liang-mezzo-corpo-femminile-manichino-su-misura-con-testa-placcata-a-mano-arte-modello-display-oggetti-di-scena-vetrina-stand","status":"publish","type":"product","link":"https:\/\/deliangdisplay.com\/it\/il-nostro-prodotto\/visualizzazioni\/manichini-per-la-vendita-al-dettaglio\/de-liang-mezzo-corpo-femminile-manichino-su-misura-con-testa-placcata-a-mano-arte-modello-display-oggetti-di-scena-vetrina-stand\/","title":{"rendered":"DE-LIANG Manichino mezzo corpo femminile, mezzo corpo femminile su misura con testa placcata a mano Modello d'arte da esposizione Puntelli da vetrina"},"content":{"rendered":"<p>&nbsp;<\/p>\n<p>-----Dettagli del prodotto-----<\/p>\n<p>.:Nome dell'oggetto: Manichino mezzo corpo femminile<\/p>\n<p>.:Colore::Nero<\/p>\n<p>... Materiale: fibra di vetro<\/p>\n<p>.:Con braccio<\/p>\n<p>... Base: Il treppiede nero<\/p>\n<p>-------Dimensione-------<\/p>\n<p>... Larghezza della spalla: 39CM (15,3 pollici)<\/p>\n<p>.:Busto:84CM(33.1inch0)<\/p>\n<p>.:Vita: 68CM (27inch)<\/p>\n<p>.:Anca: 90CM (35.4inch)<\/p>\n<p>... Altezza del corpo: 97CM (38.2inch)<\/p>\n<p>&nbsp;<\/p>\n<p>-------Avviso-------<\/p>\n<p>.Una festa visiva di collisione di elementi, la combinazione di vari elementi rompe la forma tradizionale ed \u00e8 pi\u00f9 alla moda.<\/p>\n<p>.:Ragnatele composte da perline bianche ricoprono l'intero busto, mentre la testa e il busto in metallo galvanizzato sono abbinati a dipinti geometrici.<\/p>\n<p>&#8212;&#8212;&#8212;&#8212;&#8212;&#8212;&#8212;&#8212;&#8212;&#8212;&#8212;&#8212;<\/p>\n<p>Importante!!!<\/p>\n<p>Alcuni paesi avranno tassa fiscale, circa 20USD, se non siete disposti a pagare tassa fiscale, pls non effettuare l'ordine, come se si rifiuta il pacco e la nave indietro da DHL, abbiamo perdere un sacco di soldi, tks.<\/p>\n<p>Politica di ritorno: prodotto nave dalla Cina ed \u00e8 il nostro prezzo pi\u00f9 basso per il nuovo negozio, se non problema di qualit\u00e0, non possiamo accettare il ritorno, come il trasporto di consegna \u00e8 troppo costoso (attenzione).<\/p>\n<p>\ud83d\udc49 Domanda?<\/p>\n<p>Se avete domande, contattateci. Vi risponderemo entro 24 ore.<\/p>\n<p>&nbsp;<\/p>","protected":false},"excerpt":{"rendered":"<p>Manichino mezzo corpo femminile, mezzo corpo femminile fatto su misura con testa placcata a mano Modello d'arte da esporre Puntelli da vetrina<\/p>","protected":false},"featured_media":42577,"comment_status":"open","ping_status":"closed","template":"","meta":{"_acf_changed":false},"product_brand":[],"product_cat":[51],"product_tag":[],"class_list":{"0":"post-42576","1":"product","2":"type-product","3":"status-publish","4":"has-post-thumbnail","6":"product_cat-retail-mannequins","8":"first","9":"instock","10":"shipping-taxable","11":"purchasable","12":"product-type-simple"},"acf":[],"yoast_head":"<!-- This site is optimized with the Yoast SEO plugin v27.4 - https:\/\/yoast.com\/product\/yoast-seo-wordpress\/ -->\n<title>DE-LIANG Female Half Body Mannequin, Custom-Made Female Half Body With Hand-Plated Headwork Art Model Display Props Window Display Stand - DE-LIANG - jewelry,clothes,watch,beauty cosmetics<\/title>\n<meta name=\"robots\" content=\"index, follow, max-snippet:-1, max-image-preview:large, max-video-preview:-1\" \/>\n<link rel=\"canonical\" href=\"https:\/\/deliangdisplay.com\/it\/il-nostro-prodotto\/visualizzazioni\/manichini-per-la-vendita-al-dettaglio\/de-liang-mezzo-corpo-femminile-manichino-su-misura-con-testa-placcata-a-mano-arte-modello-display-oggetti-di-scena-vetrina-stand\/\" \/>\n<meta property=\"og:locale\" content=\"it_IT\" \/>\n<meta property=\"og:type\" content=\"article\" \/>\n<meta property=\"og:title\" content=\"DE-LIANG Female Half Body Mannequin, Custom-Made Female Half Body With Hand-Plated Headwork Art Model Display Props Window Display Stand - DE-LIANG - jewelry,clothes,watch,beauty cosmetics\" \/>\n<meta property=\"og:description\" content=\"Female Half Body Mannequin, Custom-Made Female Half Body With Hand-Plated Headwork Art Model Display Props Window Display Stand\" \/>\n<meta property=\"og:url\" content=\"https:\/\/deliangdisplay.com\/it\/il-nostro-prodotto\/visualizzazioni\/manichini-per-la-vendita-al-dettaglio\/de-liang-mezzo-corpo-femminile-manichino-su-misura-con-testa-placcata-a-mano-arte-modello-display-oggetti-di-scena-vetrina-stand\/\" \/>\n<meta property=\"og:site_name\" content=\"DE-LIANG - jewelry,clothes,watch,beauty cosmetics\" \/>\n<meta property=\"article:publisher\" content=\"https:\/\/www.facebook.com\/JaneZhang008\/\" \/>\n<meta property=\"article:modified_time\" content=\"2025-08-19T06:45:27+00:00\" \/>\n<meta property=\"og:image\" content=\"https:\/\/deliangdisplay.com\/wp-content\/uploads\/2025\/08\/1_c63595b8-7272-46e4-9782-dddde15cc78b.jpg\" \/>\n\t<meta property=\"og:image:width\" content=\"1000\" \/>\n\t<meta property=\"og:image:height\" content=\"1000\" \/>\n\t<meta property=\"og:image:type\" content=\"image\/jpeg\" \/>\n<meta name=\"twitter:card\" content=\"summary_large_image\" \/>\n<meta name=\"twitter:site\" content=\"@ly673551729\" \/>\n<meta name=\"twitter:label1\" content=\"Tempo di lettura stimato\" \/>\n\t<meta name=\"twitter:data1\" content=\"1 minuto\" \/>\n<script type=\"application\/ld+json\" class=\"yoast-schema-graph\">{\"@context\":\"https:\\\/\\\/schema.org\",\"@graph\":[{\"@type\":\"WebPage\",\"@id\":\"https:\\\/\\\/deliangdisplay.com\\\/our-product\\\/displays\\\/retail-mannequins\\\/de-liang-female-half-body-mannequin-custom-made-female-half-body-with-hand-plated-headwork-art-model-display-props-window-display-stand\\\/\",\"url\":\"https:\\\/\\\/deliangdisplay.com\\\/our-product\\\/displays\\\/retail-mannequins\\\/de-liang-female-half-body-mannequin-custom-made-female-half-body-with-hand-plated-headwork-art-model-display-props-window-display-stand\\\/\",\"name\":\"DE-LIANG Female Half Body Mannequin, Custom-Made Female Half Body With Hand-Plated Headwork Art Model Display Props Window Display Stand - DE-LIANG - jewelry,clothes,watch,beauty cosmetics\",\"isPartOf\":{\"@id\":\"https:\\\/\\\/deliangdisplay.com\\\/#website\"},\"primaryImageOfPage\":{\"@id\":\"https:\\\/\\\/deliangdisplay.com\\\/our-product\\\/displays\\\/retail-mannequins\\\/de-liang-female-half-body-mannequin-custom-made-female-half-body-with-hand-plated-headwork-art-model-display-props-window-display-stand\\\/#primaryimage\"},\"image\":{\"@id\":\"https:\\\/\\\/deliangdisplay.com\\\/our-product\\\/displays\\\/retail-mannequins\\\/de-liang-female-half-body-mannequin-custom-made-female-half-body-with-hand-plated-headwork-art-model-display-props-window-display-stand\\\/#primaryimage\"},\"thumbnailUrl\":\"https:\\\/\\\/deliangdisplay.com\\\/wp-content\\\/uploads\\\/2025\\\/08\\\/1_c63595b8-7272-46e4-9782-dddde15cc78b.jpg\",\"datePublished\":\"2025-08-19T06:45:26+00:00\",\"dateModified\":\"2025-08-19T06:45:27+00:00\",\"breadcrumb\":{\"@id\":\"https:\\\/\\\/deliangdisplay.com\\\/our-product\\\/displays\\\/retail-mannequins\\\/de-liang-female-half-body-mannequin-custom-made-female-half-body-with-hand-plated-headwork-art-model-display-props-window-display-stand\\\/#breadcrumb\"},\"inLanguage\":\"it-IT\",\"potentialAction\":[{\"@type\":\"ReadAction\",\"target\":[\"https:\\\/\\\/deliangdisplay.com\\\/our-product\\\/displays\\\/retail-mannequins\\\/de-liang-female-half-body-mannequin-custom-made-female-half-body-with-hand-plated-headwork-art-model-display-props-window-display-stand\\\/\"]}]},{\"@type\":\"ImageObject\",\"inLanguage\":\"it-IT\",\"@id\":\"https:\\\/\\\/deliangdisplay.com\\\/our-product\\\/displays\\\/retail-mannequins\\\/de-liang-female-half-body-mannequin-custom-made-female-half-body-with-hand-plated-headwork-art-model-display-props-window-display-stand\\\/#primaryimage\",\"url\":\"https:\\\/\\\/deliangdisplay.com\\\/wp-content\\\/uploads\\\/2025\\\/08\\\/1_c63595b8-7272-46e4-9782-dddde15cc78b.jpg\",\"contentUrl\":\"https:\\\/\\\/deliangdisplay.com\\\/wp-content\\\/uploads\\\/2025\\\/08\\\/1_c63595b8-7272-46e4-9782-dddde15cc78b.jpg\",\"width\":1000,\"height\":1000},{\"@type\":\"BreadcrumbList\",\"@id\":\"https:\\\/\\\/deliangdisplay.com\\\/our-product\\\/displays\\\/retail-mannequins\\\/de-liang-female-half-body-mannequin-custom-made-female-half-body-with-hand-plated-headwork-art-model-display-props-window-display-stand\\\/#breadcrumb\",\"itemListElement\":[{\"@type\":\"ListItem\",\"position\":1,\"name\":\"\u9996\u9875\",\"item\":\"https:\\\/\\\/deliangdisplay.com\\\/\"},{\"@type\":\"ListItem\",\"position\":2,\"name\":\"Our Product\",\"item\":\"https:\\\/\\\/deliangdisplay.com\\\/our-product\\\/\"},{\"@type\":\"ListItem\",\"position\":3,\"name\":\"DE-LIANG Female Half Body Mannequin, Custom-Made Female Half Body With Hand-Plated Headwork Art Model Display Props Window Display Stand\"}]},{\"@type\":\"WebSite\",\"@id\":\"https:\\\/\\\/deliangdisplay.com\\\/#website\",\"url\":\"https:\\\/\\\/deliangdisplay.com\\\/\",\"name\":\"deliangdisplay.com\",\"description\":\"DE-LIANG - Providing bespoke packaging solutions and luxurious display design services for brands in jewelry, apparel, watches, beauty cosmetics, and more.\",\"publisher\":{\"@id\":\"https:\\\/\\\/deliangdisplay.com\\\/#organization\"},\"potentialAction\":[{\"@type\":\"SearchAction\",\"target\":{\"@type\":\"EntryPoint\",\"urlTemplate\":\"https:\\\/\\\/deliangdisplay.com\\\/?s={search_term_string}\"},\"query-input\":{\"@type\":\"PropertyValueSpecification\",\"valueRequired\":true,\"valueName\":\"search_term_string\"}}],\"inLanguage\":\"it-IT\"},{\"@type\":\"Organization\",\"@id\":\"https:\\\/\\\/deliangdisplay.com\\\/#organization\",\"name\":\"deliangdisplay.com\",\"url\":\"https:\\\/\\\/deliangdisplay.com\\\/\",\"logo\":{\"@type\":\"ImageObject\",\"inLanguage\":\"it-IT\",\"@id\":\"https:\\\/\\\/deliangdisplay.com\\\/#\\\/schema\\\/logo\\\/image\\\/\",\"url\":\"https:\\\/\\\/deliangdisplay.com\\\/wp-content\\\/uploads\\\/2025\\\/08\\\/DELIANGDISPALY_logo.png\",\"contentUrl\":\"https:\\\/\\\/deliangdisplay.com\\\/wp-content\\\/uploads\\\/2025\\\/08\\\/DELIANGDISPALY_logo.png\",\"width\":300,\"height\":130,\"caption\":\"deliangdisplay.com\"},\"image\":{\"@id\":\"https:\\\/\\\/deliangdisplay.com\\\/#\\\/schema\\\/logo\\\/image\\\/\"},\"sameAs\":[\"https:\\\/\\\/www.facebook.com\\\/JaneZhang008\\\/\",\"https:\\\/\\\/x.com\\\/ly673551729\"]}]}<\/script>\n<!-- \/ Yoast SEO plugin. -->","yoast_head_json":{"title":"DE-LIANG Manichino mezzo corpo femminile, mezzo corpo femminile fatto su misura con testa placcata a mano Modello d'arte Display Props Window Display Stand - DE-LIANG - gioielli, vestiti, orologi, cosmetici di bellezza","robots":{"index":"index","follow":"follow","max-snippet":"max-snippet:-1","max-image-preview":"max-image-preview:large","max-video-preview":"max-video-preview:-1"},"canonical":"https:\/\/deliangdisplay.com\/it\/il-nostro-prodotto\/visualizzazioni\/manichini-per-la-vendita-al-dettaglio\/de-liang-mezzo-corpo-femminile-manichino-su-misura-con-testa-placcata-a-mano-arte-modello-display-oggetti-di-scena-vetrina-stand\/","og_locale":"it_IT","og_type":"article","og_title":"DE-LIANG Female Half Body Mannequin, Custom-Made Female Half Body With Hand-Plated Headwork Art Model Display Props Window Display Stand - DE-LIANG - jewelry,clothes,watch,beauty cosmetics","og_description":"Female Half Body Mannequin, Custom-Made Female Half Body With Hand-Plated Headwork Art Model Display Props Window Display Stand","og_url":"https:\/\/deliangdisplay.com\/it\/il-nostro-prodotto\/visualizzazioni\/manichini-per-la-vendita-al-dettaglio\/de-liang-mezzo-corpo-femminile-manichino-su-misura-con-testa-placcata-a-mano-arte-modello-display-oggetti-di-scena-vetrina-stand\/","og_site_name":"DE-LIANG - jewelry,clothes,watch,beauty cosmetics","article_publisher":"https:\/\/www.facebook.com\/JaneZhang008\/","article_modified_time":"2025-08-19T06:45:27+00:00","og_image":[{"width":1000,"height":1000,"url":"https:\/\/deliangdisplay.com\/wp-content\/uploads\/2025\/08\/1_c63595b8-7272-46e4-9782-dddde15cc78b.jpg","type":"image\/jpeg"}],"twitter_card":"summary_large_image","twitter_site":"@ly673551729","twitter_misc":{"Tempo di lettura stimato":"1 minuto"},"schema":{"@context":"https:\/\/schema.org","@graph":[{"@type":"WebPage","@id":"https:\/\/deliangdisplay.com\/our-product\/displays\/retail-mannequins\/de-liang-female-half-body-mannequin-custom-made-female-half-body-with-hand-plated-headwork-art-model-display-props-window-display-stand\/","url":"https:\/\/deliangdisplay.com\/our-product\/displays\/retail-mannequins\/de-liang-female-half-body-mannequin-custom-made-female-half-body-with-hand-plated-headwork-art-model-display-props-window-display-stand\/","name":"DE-LIANG Manichino mezzo corpo femminile, mezzo corpo femminile fatto su misura con testa placcata a mano Modello d'arte Display Props Window Display Stand - DE-LIANG - gioielli, vestiti, orologi, cosmetici di bellezza","isPartOf":{"@id":"https:\/\/deliangdisplay.com\/#website"},"primaryImageOfPage":{"@id":"https:\/\/deliangdisplay.com\/our-product\/displays\/retail-mannequins\/de-liang-female-half-body-mannequin-custom-made-female-half-body-with-hand-plated-headwork-art-model-display-props-window-display-stand\/#primaryimage"},"image":{"@id":"https:\/\/deliangdisplay.com\/our-product\/displays\/retail-mannequins\/de-liang-female-half-body-mannequin-custom-made-female-half-body-with-hand-plated-headwork-art-model-display-props-window-display-stand\/#primaryimage"},"thumbnailUrl":"https:\/\/deliangdisplay.com\/wp-content\/uploads\/2025\/08\/1_c63595b8-7272-46e4-9782-dddde15cc78b.jpg","datePublished":"2025-08-19T06:45:26+00:00","dateModified":"2025-08-19T06:45:27+00:00","breadcrumb":{"@id":"https:\/\/deliangdisplay.com\/our-product\/displays\/retail-mannequins\/de-liang-female-half-body-mannequin-custom-made-female-half-body-with-hand-plated-headwork-art-model-display-props-window-display-stand\/#breadcrumb"},"inLanguage":"it-IT","potentialAction":[{"@type":"ReadAction","target":["https:\/\/deliangdisplay.com\/our-product\/displays\/retail-mannequins\/de-liang-female-half-body-mannequin-custom-made-female-half-body-with-hand-plated-headwork-art-model-display-props-window-display-stand\/"]}]},{"@type":"ImageObject","inLanguage":"it-IT","@id":"https:\/\/deliangdisplay.com\/our-product\/displays\/retail-mannequins\/de-liang-female-half-body-mannequin-custom-made-female-half-body-with-hand-plated-headwork-art-model-display-props-window-display-stand\/#primaryimage","url":"https:\/\/deliangdisplay.com\/wp-content\/uploads\/2025\/08\/1_c63595b8-7272-46e4-9782-dddde15cc78b.jpg","contentUrl":"https:\/\/deliangdisplay.com\/wp-content\/uploads\/2025\/08\/1_c63595b8-7272-46e4-9782-dddde15cc78b.jpg","width":1000,"height":1000},{"@type":"BreadcrumbList","@id":"https:\/\/deliangdisplay.com\/our-product\/displays\/retail-mannequins\/de-liang-female-half-body-mannequin-custom-made-female-half-body-with-hand-plated-headwork-art-model-display-props-window-display-stand\/#breadcrumb","itemListElement":[{"@type":"ListItem","position":1,"name":"\u9996\u9875","item":"https:\/\/deliangdisplay.com\/"},{"@type":"ListItem","position":2,"name":"Our Product","item":"https:\/\/deliangdisplay.com\/our-product\/"},{"@type":"ListItem","position":3,"name":"DE-LIANG Female Half Body Mannequin, Custom-Made Female Half Body With Hand-Plated Headwork Art Model Display Props Window Display Stand"}]},{"@type":"WebSite","@id":"https:\/\/deliangdisplay.com\/#website","url":"https:\/\/deliangdisplay.com\/","name":"deliangdisplay.com","description":"DE-LIANG - Fornisce soluzioni di packaging su misura e servizi di design di espositori di lusso per marchi di gioielli, abbigliamento, orologi, cosmetici di bellezza e altro ancora.","publisher":{"@id":"https:\/\/deliangdisplay.com\/#organization"},"potentialAction":[{"@type":"SearchAction","target":{"@type":"EntryPoint","urlTemplate":"https:\/\/deliangdisplay.com\/?s={search_term_string}"},"query-input":{"@type":"PropertyValueSpecification","valueRequired":true,"valueName":"search_term_string"}}],"inLanguage":"it-IT"},{"@type":"Organization","@id":"https:\/\/deliangdisplay.com\/#organization","name":"deliangdisplay.com","url":"https:\/\/deliangdisplay.com\/","logo":{"@type":"ImageObject","inLanguage":"it-IT","@id":"https:\/\/deliangdisplay.com\/#\/schema\/logo\/image\/","url":"https:\/\/deliangdisplay.com\/wp-content\/uploads\/2025\/08\/DELIANGDISPALY_logo.png","contentUrl":"https:\/\/deliangdisplay.com\/wp-content\/uploads\/2025\/08\/DELIANGDISPALY_logo.png","width":300,"height":130,"caption":"deliangdisplay.com"},"image":{"@id":"https:\/\/deliangdisplay.com\/#\/schema\/logo\/image\/"},"sameAs":["https:\/\/www.facebook.com\/JaneZhang008\/","https:\/\/x.com\/ly673551729"]}]}},"_links":{"self":[{"href":"https:\/\/deliangdisplay.com\/it\/wp-json\/wp\/v2\/product\/42576","targetHints":{"allow":["GET"]}}],"collection":[{"href":"https:\/\/deliangdisplay.com\/it\/wp-json\/wp\/v2\/product"}],"about":[{"href":"https:\/\/deliangdisplay.com\/it\/wp-json\/wp\/v2\/types\/product"}],"replies":[{"embeddable":true,"href":"https:\/\/deliangdisplay.com\/it\/wp-json\/wp\/v2\/comments?post=42576"}],"wp:featuredmedia":[{"embeddable":true,"href":"https:\/\/deliangdisplay.com\/it\/wp-json\/wp\/v2\/media\/42577"}],"wp:attachment":[{"href":"https:\/\/deliangdisplay.com\/it\/wp-json\/wp\/v2\/media?parent=42576"}],"wp:term":[{"taxonomy":"product_brand","embeddable":true,"href":"https:\/\/deliangdisplay.com\/it\/wp-json\/wp\/v2\/product_brand?post=42576"},{"taxonomy":"product_cat","embeddable":true,"href":"https:\/\/deliangdisplay.com\/it\/wp-json\/wp\/v2\/product_cat?post=42576"},{"taxonomy":"product_tag","embeddable":true,"href":"https:\/\/deliangdisplay.com\/it\/wp-json\/wp\/v2\/product_tag?post=42576"}],"curies":[{"name":"wp","href":"https:\/\/api.w.org\/{rel}","templated":true}]}}