{"id":42524,"date":"2025-08-16T16:30:18","date_gmt":"2025-08-16T08:30:18","guid":{"rendered":"https:\/\/deliangdisplay.com\/?post_type=product&#038;p=42524"},"modified":"2025-08-16T16:30:19","modified_gmt":"2025-08-16T08:30:19","slug":"de-liang-velluto-di-seta-nuovo-stile-gioielli-organizzatore-caso-scatola-di-gioielli-di-velluto","status":"publish","type":"product","link":"https:\/\/deliangdisplay.com\/it\/il-nostro-prodotto\/imballaggio\/imballaggio-per-lorganizzazione-dei-gioielli\/de-liang-velluto-di-seta-nuovo-stile-gioielli-organizzatore-caso-scatola-di-gioielli-di-velluto\/","title":{"rendered":"DE-LIANG Seta Velluto Nuovo Stile Gioielli Organizzatore caso Velluto Gioielli Box"},"content":{"rendered":"<p data-start=\"149\" data-end=\"440\">Elevate il vostro deposito di gioielli con il <strong data-start=\"187\" data-end=\"218\">DE-LIANG Scatola per gioielli in velluto<\/strong>, progettato all'insegna del lusso e della praticit\u00e0. Realizzato in <strong data-start=\"277\" data-end=\"300\">velluto di seta premium<\/strong>, Questo organizer presenta una texture morbida ed elegante e offre un'eccellente protezione per anelli, orecchini, collane e bracciali.<\/p>\n<p data-start=\"442\" data-end=\"712\">L'interno \u00e8 dotato di scomparti multipli, che consentono di disporre ordinatamente i gioielli e di accedervi senza che si aggroviglino o si danneggino. Una robusta chiusura a cerniera mantiene al sicuro i vostri oggetti di valore, mentre il design compatto ed elegante lo rende perfetto sia per la casa che per i viaggi.<\/p>\n<p data-start=\"714\" data-end=\"882\">Disponibile in una variet\u00e0 di colori, questo portagioie non \u00e8 solo funzionale, ma \u00e8 anche una dichiarazione di raffinatezza, ideale per l'uso personale o per un regalo premuroso.<\/p>\n<hr data-start=\"884\" data-end=\"887\" \/>\n<h3 data-start=\"889\" data-end=\"911\"><strong data-start=\"893\" data-end=\"909\">Caratteristiche principali<\/strong><\/h3>\n<ul data-start=\"912\" data-end=\"1452\">\n<li data-start=\"912\" data-end=\"1008\">\n<p data-start=\"914\" data-end=\"1008\"><strong data-start=\"914\" data-end=\"936\">Materiale di lusso<\/strong> - Realizzato in velluto di seta di alta qualit\u00e0 per un tocco morbido ed elegante.<\/p>\n<\/li>\n<li data-start=\"1009\" data-end=\"1113\">\n<p data-start=\"1011\" data-end=\"1113\"><strong data-start=\"1011\" data-end=\"1036\">Scomparti multipli<\/strong> - Consente di organizzare e proteggere anelli, orecchini, collane e bracciali.<\/p>\n<\/li>\n<li data-start=\"1114\" data-end=\"1205\">\n<p data-start=\"1116\" data-end=\"1205\"><strong data-start=\"1116\" data-end=\"1135\">Adatto ai viaggi<\/strong> - Leggero, portatile e protetto da una resistente chiusura a cerniera.<\/p>\n<\/li>\n<li data-start=\"1206\" data-end=\"1315\">\n<p data-start=\"1208\" data-end=\"1315\"><strong data-start=\"1208\" data-end=\"1226\">Design elegante<\/strong> - Disponibile in eleganti colori come il verde smeraldo, il blu cielo e l'oro champagne.<\/p>\n<\/li>\n<li data-start=\"1316\" data-end=\"1452\">\n<p data-start=\"1318\" data-end=\"1452\"><strong data-start=\"1318\" data-end=\"1341\">Scelta regalo perfetta<\/strong> - Un raffinato organizer da donna, adatto a occasioni speciali come compleanni, anniversari e festivit\u00e0.<\/p>\n<\/li>\n<\/ul>\n<hr data-start=\"1454\" data-end=\"1457\" \/>\n<h3 data-start=\"1459\" data-end=\"1483\"><strong data-start=\"1463\" data-end=\"1481\">Specifiche tecniche<\/strong><\/h3>\n<ul data-start=\"1484\" data-end=\"1680\">\n<li data-start=\"1484\" data-end=\"1523\">\n<p data-start=\"1486\" data-end=\"1523\">Materiale: Velluto di seta + fodera morbida<\/p>\n<\/li>\n<li data-start=\"1524\" data-end=\"1543\">\n<p data-start=\"1526\" data-end=\"1543\">Chiusura: cerniera<\/p>\n<\/li>\n<li data-start=\"1544\" data-end=\"1564\">\n<p data-start=\"1546\" data-end=\"1564\">Forma: Rettangolo<\/p>\n<\/li>\n<li data-start=\"1565\" data-end=\"1618\">\n<p data-start=\"1567\" data-end=\"1618\">Funzione: Custodia per gioielli, organizzatore, custodia da viaggio<\/p>\n<\/li>\n<li data-start=\"1619\" data-end=\"1680\">\n<p data-start=\"1621\" data-end=\"1680\">Applicazione: Uso personale, confezione regalo, esposizione al dettaglio<\/p>\n<\/li>\n<\/ul>\n<hr data-start=\"1682\" data-end=\"1685\" \/>\n<p data-start=\"1687\" data-end=\"1750\">\u2728 <strong data-start=\"1689\" data-end=\"1748\">DE-LIANG - Soluzioni per l'esposizione e l'imballaggio di gioielli di lusso<\/strong><\/p>","protected":false},"excerpt":{"rendered":"<p>Elevate il vostro deposito di gioielli con il <strong data-start=\"187\" data-end=\"218\">DE-LIANG Scatola per gioielli in velluto<\/strong>, progettato all'insegna del lusso e della praticit\u00e0. Realizzato in <strong data-start=\"277\" data-end=\"300\">velluto di seta premium<\/strong>, Questo organizer presenta una texture morbida ed elegante e offre un'eccellente protezione per anelli, orecchini, collane e bracciali.<\/p>","protected":false},"featured_media":42525,"comment_status":"open","ping_status":"closed","template":"","meta":{"_acf_changed":false},"product_brand":[],"product_cat":[73],"product_tag":[],"class_list":{"0":"post-42524","1":"product","2":"type-product","3":"status-publish","4":"has-post-thumbnail","6":"product_cat-jewelry-organization-packaging","8":"first","9":"instock","10":"shipping-taxable","11":"purchasable","12":"product-type-simple"},"acf":[],"yoast_head":"<!-- This site is optimized with the Yoast SEO plugin v27.4 - https:\/\/yoast.com\/product\/yoast-seo-wordpress\/ -->\n<title>DE-LIANG Silk Velvet New Style Jewelry Organizer case Velvet Jewelry Box - DE-LIANG - jewelry,clothes,watch,beauty cosmetics<\/title>\n<meta name=\"robots\" content=\"index, follow, max-snippet:-1, max-image-preview:large, max-video-preview:-1\" \/>\n<link rel=\"canonical\" href=\"https:\/\/deliangdisplay.com\/it\/il-nostro-prodotto\/imballaggio\/imballaggio-per-lorganizzazione-dei-gioielli\/de-liang-velluto-di-seta-nuovo-stile-gioielli-organizzatore-caso-scatola-di-gioielli-di-velluto\/\" \/>\n<meta property=\"og:locale\" content=\"it_IT\" \/>\n<meta property=\"og:type\" content=\"article\" \/>\n<meta property=\"og:title\" content=\"DE-LIANG Silk Velvet New Style Jewelry Organizer case Velvet Jewelry Box - DE-LIANG - jewelry,clothes,watch,beauty cosmetics\" \/>\n<meta property=\"og:description\" content=\"Elevate your jewelry storage with the DE-LIANG Velvet Jewelry Box, designed with luxury and practicality in mind. Made from premium silk velvet, this organizer showcases a soft, elegant texture while offering excellent protection for your rings, earrings, necklaces, and bracelets.\" \/>\n<meta property=\"og:url\" content=\"https:\/\/deliangdisplay.com\/it\/il-nostro-prodotto\/imballaggio\/imballaggio-per-lorganizzazione-dei-gioielli\/de-liang-velluto-di-seta-nuovo-stile-gioielli-organizzatore-caso-scatola-di-gioielli-di-velluto\/\" \/>\n<meta property=\"og:site_name\" content=\"DE-LIANG - jewelry,clothes,watch,beauty cosmetics\" \/>\n<meta property=\"article:publisher\" content=\"https:\/\/www.facebook.com\/JaneZhang008\/\" \/>\n<meta property=\"article:modified_time\" content=\"2025-08-16T08:30:19+00:00\" \/>\n<meta property=\"og:image\" content=\"https:\/\/deliangdisplay.com\/wp-content\/uploads\/2025\/08\/120-30.png\" \/>\n\t<meta property=\"og:image:width\" content=\"800\" \/>\n\t<meta property=\"og:image:height\" content=\"800\" \/>\n\t<meta property=\"og:image:type\" content=\"image\/png\" \/>\n<meta name=\"twitter:card\" content=\"summary_large_image\" \/>\n<meta name=\"twitter:site\" content=\"@ly673551729\" \/>\n<meta name=\"twitter:label1\" content=\"Tempo di lettura stimato\" \/>\n\t<meta name=\"twitter:data1\" content=\"2 minuti\" \/>\n<script type=\"application\/ld+json\" class=\"yoast-schema-graph\">{\"@context\":\"https:\\\/\\\/schema.org\",\"@graph\":[{\"@type\":\"WebPage\",\"@id\":\"https:\\\/\\\/deliangdisplay.com\\\/our-product\\\/packaging\\\/jewelry-organization-packaging\\\/de-liang-silk-velvet-new-style-jewelry-organizer-case-velvet-jewelry-box\\\/\",\"url\":\"https:\\\/\\\/deliangdisplay.com\\\/our-product\\\/packaging\\\/jewelry-organization-packaging\\\/de-liang-silk-velvet-new-style-jewelry-organizer-case-velvet-jewelry-box\\\/\",\"name\":\"DE-LIANG Silk Velvet New Style Jewelry Organizer case Velvet Jewelry Box - DE-LIANG - jewelry,clothes,watch,beauty cosmetics\",\"isPartOf\":{\"@id\":\"https:\\\/\\\/deliangdisplay.com\\\/#website\"},\"primaryImageOfPage\":{\"@id\":\"https:\\\/\\\/deliangdisplay.com\\\/our-product\\\/packaging\\\/jewelry-organization-packaging\\\/de-liang-silk-velvet-new-style-jewelry-organizer-case-velvet-jewelry-box\\\/#primaryimage\"},\"image\":{\"@id\":\"https:\\\/\\\/deliangdisplay.com\\\/our-product\\\/packaging\\\/jewelry-organization-packaging\\\/de-liang-silk-velvet-new-style-jewelry-organizer-case-velvet-jewelry-box\\\/#primaryimage\"},\"thumbnailUrl\":\"https:\\\/\\\/deliangdisplay.com\\\/wp-content\\\/uploads\\\/2025\\\/08\\\/120-30.png\",\"datePublished\":\"2025-08-16T08:30:18+00:00\",\"dateModified\":\"2025-08-16T08:30:19+00:00\",\"breadcrumb\":{\"@id\":\"https:\\\/\\\/deliangdisplay.com\\\/our-product\\\/packaging\\\/jewelry-organization-packaging\\\/de-liang-silk-velvet-new-style-jewelry-organizer-case-velvet-jewelry-box\\\/#breadcrumb\"},\"inLanguage\":\"it-IT\",\"potentialAction\":[{\"@type\":\"ReadAction\",\"target\":[\"https:\\\/\\\/deliangdisplay.com\\\/our-product\\\/packaging\\\/jewelry-organization-packaging\\\/de-liang-silk-velvet-new-style-jewelry-organizer-case-velvet-jewelry-box\\\/\"]}]},{\"@type\":\"ImageObject\",\"inLanguage\":\"it-IT\",\"@id\":\"https:\\\/\\\/deliangdisplay.com\\\/our-product\\\/packaging\\\/jewelry-organization-packaging\\\/de-liang-silk-velvet-new-style-jewelry-organizer-case-velvet-jewelry-box\\\/#primaryimage\",\"url\":\"https:\\\/\\\/deliangdisplay.com\\\/wp-content\\\/uploads\\\/2025\\\/08\\\/120-30.png\",\"contentUrl\":\"https:\\\/\\\/deliangdisplay.com\\\/wp-content\\\/uploads\\\/2025\\\/08\\\/120-30.png\",\"width\":800,\"height\":800},{\"@type\":\"BreadcrumbList\",\"@id\":\"https:\\\/\\\/deliangdisplay.com\\\/our-product\\\/packaging\\\/jewelry-organization-packaging\\\/de-liang-silk-velvet-new-style-jewelry-organizer-case-velvet-jewelry-box\\\/#breadcrumb\",\"itemListElement\":[{\"@type\":\"ListItem\",\"position\":1,\"name\":\"\u9996\u9875\",\"item\":\"https:\\\/\\\/deliangdisplay.com\\\/\"},{\"@type\":\"ListItem\",\"position\":2,\"name\":\"Our Product\",\"item\":\"https:\\\/\\\/deliangdisplay.com\\\/our-product\\\/\"},{\"@type\":\"ListItem\",\"position\":3,\"name\":\"DE-LIANG Silk Velvet New Style Jewelry Organizer case Velvet Jewelry Box\"}]},{\"@type\":\"WebSite\",\"@id\":\"https:\\\/\\\/deliangdisplay.com\\\/#website\",\"url\":\"https:\\\/\\\/deliangdisplay.com\\\/\",\"name\":\"deliangdisplay.com\",\"description\":\"DE-LIANG - Providing bespoke packaging solutions and luxurious display design services for brands in jewelry, apparel, watches, beauty cosmetics, and more.\",\"publisher\":{\"@id\":\"https:\\\/\\\/deliangdisplay.com\\\/#organization\"},\"potentialAction\":[{\"@type\":\"SearchAction\",\"target\":{\"@type\":\"EntryPoint\",\"urlTemplate\":\"https:\\\/\\\/deliangdisplay.com\\\/?s={search_term_string}\"},\"query-input\":{\"@type\":\"PropertyValueSpecification\",\"valueRequired\":true,\"valueName\":\"search_term_string\"}}],\"inLanguage\":\"it-IT\"},{\"@type\":\"Organization\",\"@id\":\"https:\\\/\\\/deliangdisplay.com\\\/#organization\",\"name\":\"deliangdisplay.com\",\"url\":\"https:\\\/\\\/deliangdisplay.com\\\/\",\"logo\":{\"@type\":\"ImageObject\",\"inLanguage\":\"it-IT\",\"@id\":\"https:\\\/\\\/deliangdisplay.com\\\/#\\\/schema\\\/logo\\\/image\\\/\",\"url\":\"https:\\\/\\\/deliangdisplay.com\\\/wp-content\\\/uploads\\\/2025\\\/08\\\/DELIANGDISPALY_logo.png\",\"contentUrl\":\"https:\\\/\\\/deliangdisplay.com\\\/wp-content\\\/uploads\\\/2025\\\/08\\\/DELIANGDISPALY_logo.png\",\"width\":300,\"height\":130,\"caption\":\"deliangdisplay.com\"},\"image\":{\"@id\":\"https:\\\/\\\/deliangdisplay.com\\\/#\\\/schema\\\/logo\\\/image\\\/\"},\"sameAs\":[\"https:\\\/\\\/www.facebook.com\\\/JaneZhang008\\\/\",\"https:\\\/\\\/x.com\\\/ly673551729\"]}]}<\/script>\n<!-- \/ Yoast SEO plugin. -->","yoast_head_json":{"title":"DE-LIANG velluto di seta nuovo stile gioielli organizzatore caso Velvet Jewelry Box - DE-LIANG - gioielli, vestiti, orologi, cosmetici di bellezza","robots":{"index":"index","follow":"follow","max-snippet":"max-snippet:-1","max-image-preview":"max-image-preview:large","max-video-preview":"max-video-preview:-1"},"canonical":"https:\/\/deliangdisplay.com\/it\/il-nostro-prodotto\/imballaggio\/imballaggio-per-lorganizzazione-dei-gioielli\/de-liang-velluto-di-seta-nuovo-stile-gioielli-organizzatore-caso-scatola-di-gioielli-di-velluto\/","og_locale":"it_IT","og_type":"article","og_title":"DE-LIANG Silk Velvet New Style Jewelry Organizer case Velvet Jewelry Box - DE-LIANG - jewelry,clothes,watch,beauty cosmetics","og_description":"Elevate your jewelry storage with the DE-LIANG Velvet Jewelry Box, designed with luxury and practicality in mind. Made from premium silk velvet, this organizer showcases a soft, elegant texture while offering excellent protection for your rings, earrings, necklaces, and bracelets.","og_url":"https:\/\/deliangdisplay.com\/it\/il-nostro-prodotto\/imballaggio\/imballaggio-per-lorganizzazione-dei-gioielli\/de-liang-velluto-di-seta-nuovo-stile-gioielli-organizzatore-caso-scatola-di-gioielli-di-velluto\/","og_site_name":"DE-LIANG - jewelry,clothes,watch,beauty cosmetics","article_publisher":"https:\/\/www.facebook.com\/JaneZhang008\/","article_modified_time":"2025-08-16T08:30:19+00:00","og_image":[{"width":800,"height":800,"url":"https:\/\/deliangdisplay.com\/wp-content\/uploads\/2025\/08\/120-30.png","type":"image\/png"}],"twitter_card":"summary_large_image","twitter_site":"@ly673551729","twitter_misc":{"Tempo di lettura stimato":"2 minuti"},"schema":{"@context":"https:\/\/schema.org","@graph":[{"@type":"WebPage","@id":"https:\/\/deliangdisplay.com\/our-product\/packaging\/jewelry-organization-packaging\/de-liang-silk-velvet-new-style-jewelry-organizer-case-velvet-jewelry-box\/","url":"https:\/\/deliangdisplay.com\/our-product\/packaging\/jewelry-organization-packaging\/de-liang-silk-velvet-new-style-jewelry-organizer-case-velvet-jewelry-box\/","name":"DE-LIANG velluto di seta nuovo stile gioielli organizzatore caso Velvet Jewelry Box - DE-LIANG - gioielli, vestiti, orologi, cosmetici di bellezza","isPartOf":{"@id":"https:\/\/deliangdisplay.com\/#website"},"primaryImageOfPage":{"@id":"https:\/\/deliangdisplay.com\/our-product\/packaging\/jewelry-organization-packaging\/de-liang-silk-velvet-new-style-jewelry-organizer-case-velvet-jewelry-box\/#primaryimage"},"image":{"@id":"https:\/\/deliangdisplay.com\/our-product\/packaging\/jewelry-organization-packaging\/de-liang-silk-velvet-new-style-jewelry-organizer-case-velvet-jewelry-box\/#primaryimage"},"thumbnailUrl":"https:\/\/deliangdisplay.com\/wp-content\/uploads\/2025\/08\/120-30.png","datePublished":"2025-08-16T08:30:18+00:00","dateModified":"2025-08-16T08:30:19+00:00","breadcrumb":{"@id":"https:\/\/deliangdisplay.com\/our-product\/packaging\/jewelry-organization-packaging\/de-liang-silk-velvet-new-style-jewelry-organizer-case-velvet-jewelry-box\/#breadcrumb"},"inLanguage":"it-IT","potentialAction":[{"@type":"ReadAction","target":["https:\/\/deliangdisplay.com\/our-product\/packaging\/jewelry-organization-packaging\/de-liang-silk-velvet-new-style-jewelry-organizer-case-velvet-jewelry-box\/"]}]},{"@type":"ImageObject","inLanguage":"it-IT","@id":"https:\/\/deliangdisplay.com\/our-product\/packaging\/jewelry-organization-packaging\/de-liang-silk-velvet-new-style-jewelry-organizer-case-velvet-jewelry-box\/#primaryimage","url":"https:\/\/deliangdisplay.com\/wp-content\/uploads\/2025\/08\/120-30.png","contentUrl":"https:\/\/deliangdisplay.com\/wp-content\/uploads\/2025\/08\/120-30.png","width":800,"height":800},{"@type":"BreadcrumbList","@id":"https:\/\/deliangdisplay.com\/our-product\/packaging\/jewelry-organization-packaging\/de-liang-silk-velvet-new-style-jewelry-organizer-case-velvet-jewelry-box\/#breadcrumb","itemListElement":[{"@type":"ListItem","position":1,"name":"\u9996\u9875","item":"https:\/\/deliangdisplay.com\/"},{"@type":"ListItem","position":2,"name":"Our Product","item":"https:\/\/deliangdisplay.com\/our-product\/"},{"@type":"ListItem","position":3,"name":"DE-LIANG Silk Velvet New Style Jewelry Organizer case Velvet Jewelry Box"}]},{"@type":"WebSite","@id":"https:\/\/deliangdisplay.com\/#website","url":"https:\/\/deliangdisplay.com\/","name":"deliangdisplay.com","description":"DE-LIANG - Fornisce soluzioni di packaging su misura e servizi di design di espositori di lusso per marchi di gioielli, abbigliamento, orologi, cosmetici di bellezza e altro ancora.","publisher":{"@id":"https:\/\/deliangdisplay.com\/#organization"},"potentialAction":[{"@type":"SearchAction","target":{"@type":"EntryPoint","urlTemplate":"https:\/\/deliangdisplay.com\/?s={search_term_string}"},"query-input":{"@type":"PropertyValueSpecification","valueRequired":true,"valueName":"search_term_string"}}],"inLanguage":"it-IT"},{"@type":"Organization","@id":"https:\/\/deliangdisplay.com\/#organization","name":"deliangdisplay.com","url":"https:\/\/deliangdisplay.com\/","logo":{"@type":"ImageObject","inLanguage":"it-IT","@id":"https:\/\/deliangdisplay.com\/#\/schema\/logo\/image\/","url":"https:\/\/deliangdisplay.com\/wp-content\/uploads\/2025\/08\/DELIANGDISPALY_logo.png","contentUrl":"https:\/\/deliangdisplay.com\/wp-content\/uploads\/2025\/08\/DELIANGDISPALY_logo.png","width":300,"height":130,"caption":"deliangdisplay.com"},"image":{"@id":"https:\/\/deliangdisplay.com\/#\/schema\/logo\/image\/"},"sameAs":["https:\/\/www.facebook.com\/JaneZhang008\/","https:\/\/x.com\/ly673551729"]}]}},"_links":{"self":[{"href":"https:\/\/deliangdisplay.com\/it\/wp-json\/wp\/v2\/product\/42524","targetHints":{"allow":["GET"]}}],"collection":[{"href":"https:\/\/deliangdisplay.com\/it\/wp-json\/wp\/v2\/product"}],"about":[{"href":"https:\/\/deliangdisplay.com\/it\/wp-json\/wp\/v2\/types\/product"}],"replies":[{"embeddable":true,"href":"https:\/\/deliangdisplay.com\/it\/wp-json\/wp\/v2\/comments?post=42524"}],"wp:featuredmedia":[{"embeddable":true,"href":"https:\/\/deliangdisplay.com\/it\/wp-json\/wp\/v2\/media\/42525"}],"wp:attachment":[{"href":"https:\/\/deliangdisplay.com\/it\/wp-json\/wp\/v2\/media?parent=42524"}],"wp:term":[{"taxonomy":"product_brand","embeddable":true,"href":"https:\/\/deliangdisplay.com\/it\/wp-json\/wp\/v2\/product_brand?post=42524"},{"taxonomy":"product_cat","embeddable":true,"href":"https:\/\/deliangdisplay.com\/it\/wp-json\/wp\/v2\/product_cat?post=42524"},{"taxonomy":"product_tag","embeddable":true,"href":"https:\/\/deliangdisplay.com\/it\/wp-json\/wp\/v2\/product_tag?post=42524"}],"curies":[{"name":"wp","href":"https:\/\/api.w.org\/{rel}","templated":true}]}}