{"id":41931,"date":"2025-08-02T17:06:37","date_gmt":"2025-08-02T09:06:37","guid":{"rendered":"https:\/\/deliangdisplay.com\/?post_type=product&#038;p=41931"},"modified":"2025-08-02T17:06:37","modified_gmt":"2025-08-02T09:06:37","slug":"de-liang-t-bar-bangle-storage-rack-braccialetto-titolare-display-braccialetto-organizzatore-mamma-giorno-regalo-braccialetto-in-legno-stand-per-la-vendita","status":"publish","type":"product","link":"https:\/\/deliangdisplay.com\/it\/il-nostro-prodotto\/accessori\/braccialetti\/de-liang-t-bar-bangle-storage-rack-braccialetto-titolare-display-braccialetto-organizzatore-mamma-giorno-regalo-braccialetto-in-legno-stand-per-la-vendita\/","title":{"rendered":"DE-LIANG T-bar Bangle Storage Rack Bracciale Titolare Display Bracciale Organizzatore Giorno della Mamma Regalo Bracciale in legno Stand per la vendita"},"content":{"rendered":"<ul data-start=\"571\" data-end=\"1508\">\n<li data-start=\"571\" data-end=\"746\">\n<p data-start=\"573\" data-end=\"746\"><strong data-start=\"573\" data-end=\"597\">Design classico con barra a T<\/strong>: Una barra orizzontale singola o doppia offre una piattaforma perfetta per appendere e mettere in mostra bracciali, braccialetti, polsini, orologi o persino cravatte per capelli.<\/p>\n<\/li>\n<li data-start=\"747\" data-end=\"903\">\n<p data-start=\"749\" data-end=\"903\"><strong data-start=\"749\" data-end=\"776\">Costruzione in legno massiccio<\/strong>: Realizzato in legno naturale di alta qualit\u00e0, levigato e lucidato con una finitura calda e neutra che si adatta a qualsiasi collezione di gioielli.<\/p>\n<\/li>\n<li data-start=\"904\" data-end=\"1046\">\n<p data-start=\"906\" data-end=\"1046\"><strong data-start=\"906\" data-end=\"930\">Base robusta e stabile<\/strong>: Progettato per supportare pi\u00f9 articoli contemporaneamente senza ribaltarsi - ideale sia per i venditori professionali che per l'uso personale.<\/p>\n<\/li>\n<li data-start=\"1047\" data-end=\"1188\">\n<p data-start=\"1049\" data-end=\"1188\"><strong data-start=\"1049\" data-end=\"1070\">Idea regalo perfetta<\/strong>: \u00c8 un regalo pratico e bello per la festa della mamma o per gli amanti dei gioielli, gli organizzatori o i proprietari di boutique.<\/p>\n<\/li>\n<li data-start=\"1189\" data-end=\"1346\">\n<p data-start=\"1191\" data-end=\"1346\"><strong data-start=\"1191\" data-end=\"1226\">Ottimo per esposizione e fotografia<\/strong>: Per migliorare le foto dei prodotti o le vetrine dei negozi, questo organizer pulito e minimalista migliora la visibilit\u00e0 dei gioielli.<\/p>\n<\/li>\n<li data-start=\"1347\" data-end=\"1508\">\n<p data-start=\"1349\" data-end=\"1508\"><strong data-start=\"1349\" data-end=\"1378\">Personalizzabile per il branding<\/strong>: Disponibile con incisione o stampa del logo personalizzato, \u00e8 un'ottima opzione per boutique, mercati o set di regali di marca.<\/p>\n<\/li>\n<\/ul>\n<h3 data-start=\"1510\" data-end=\"1544\">\ud83d\udce6 <strong data-start=\"1517\" data-end=\"1544\">Specifiche del prodotto:<\/strong><\/h3>\n<ul data-start=\"1546\" data-end=\"1891\">\n<li data-start=\"1546\" data-end=\"1618\">\n<p data-start=\"1548\" data-end=\"1618\"><strong data-start=\"1548\" data-end=\"1560\">Materiale<\/strong>: Legno naturale (sono disponibili tipi di legno o finiture personalizzate)<\/p>\n<\/li>\n<li data-start=\"1619\" data-end=\"1664\">\n<p data-start=\"1621\" data-end=\"1664\"><strong data-start=\"1621\" data-end=\"1631\">Design<\/strong>: Barra a T (singola o doppia)<\/p>\n<\/li>\n<li data-start=\"1665\" data-end=\"1718\">\n<p data-start=\"1667\" data-end=\"1718\"><strong data-start=\"1667\" data-end=\"1674\">Utilizzo<\/strong>: Bracciali, bangles, orologi, accessori<\/p>\n<\/li>\n<li data-start=\"1719\" data-end=\"1786\">\n<p data-start=\"1721\" data-end=\"1786\"><strong data-start=\"1721\" data-end=\"1730\">Colore<\/strong>: Legno naturale \/ noce \/ bianco \/ nero (personalizzabile)<\/p>\n<\/li>\n<li data-start=\"1787\" data-end=\"1837\">\n<p data-start=\"1789\" data-end=\"1837\"><strong data-start=\"1789\" data-end=\"1797\">Logo<\/strong>: Incisione o timbratura laser opzionale<\/p>\n<\/li>\n<li data-start=\"1838\" data-end=\"1891\">\n<p data-start=\"1840\" data-end=\"1891\"><strong data-start=\"1840\" data-end=\"1847\">MOQ<\/strong>: Disponibile per piccoli ordini e per la vendita all'ingrosso<\/p>\n<\/li>\n<\/ul>\n<hr data-start=\"1893\" data-end=\"1896\" \/>\n<p data-start=\"1898\" data-end=\"2030\"><strong data-start=\"1898\" data-end=\"1940\">Esporre con uno scopo. Regalare con stile.<\/strong><br data-start=\"1940\" data-end=\"1943\" \/>Il supporto per braccialetti in legno di DE-LIANG unisce eleganza e funzionalit\u00e0 per qualsiasi ambiente.<\/p>\n<p data-start=\"2032\" data-end=\"2105\">\ud83d\udce9 <em data-start=\"2035\" data-end=\"2105\">Contattateci per conoscere i prezzi all'ingrosso, la personalizzazione o il supporto OEM\/ODM.<\/em><\/p>","protected":false},"excerpt":{"rendered":"<p>Esponete e organizzate braccialetti e braccialetti con uno stile senza tempo grazie al supporto per braccialetti in legno T-Bar di DE-LIANG. Realizzato all'insegna della semplicit\u00e0 e della funzionalit\u00e0, questo espositore \u00e8 perfetto per la vendita al dettaglio, le fiere dell'artigianato, l'organizzazione della casa o come regalo per la festa della mamma.<\/p>","protected":false},"featured_media":41932,"comment_status":"open","ping_status":"closed","template":"","meta":{"_acf_changed":false},"product_brand":[],"product_cat":[71],"product_tag":[],"class_list":{"0":"post-41931","1":"product","2":"type-product","3":"status-publish","4":"has-post-thumbnail","6":"product_cat-bangle-bars","8":"first","9":"instock","10":"shipping-taxable","11":"purchasable","12":"product-type-simple"},"acf":[],"yoast_head":"<!-- This site is optimized with the Yoast SEO plugin v27.4 - https:\/\/yoast.com\/product\/yoast-seo-wordpress\/ -->\n<title>DE-LIANG T-bar Bangle Storage Rack Bracelet Holder Display Bracelet Organizer Mothers Day Gift Wooden Bracelet Stand for Selling - DE-LIANG - jewelry,clothes,watch,beauty cosmetics<\/title>\n<meta name=\"robots\" content=\"index, follow, max-snippet:-1, max-image-preview:large, max-video-preview:-1\" \/>\n<link rel=\"canonical\" href=\"https:\/\/deliangdisplay.com\/it\/il-nostro-prodotto\/accessori\/braccialetti\/de-liang-t-bar-bangle-storage-rack-braccialetto-titolare-display-braccialetto-organizzatore-mamma-giorno-regalo-braccialetto-in-legno-stand-per-la-vendita\/\" \/>\n<meta property=\"og:locale\" content=\"it_IT\" \/>\n<meta property=\"og:type\" content=\"article\" \/>\n<meta property=\"og:title\" content=\"DE-LIANG T-bar Bangle Storage Rack Bracelet Holder Display Bracelet Organizer Mothers Day Gift Wooden Bracelet Stand for Selling - DE-LIANG - jewelry,clothes,watch,beauty cosmetics\" \/>\n<meta property=\"og:description\" content=\"Display and organize your bangles and bracelets with timeless style using the DE-LIANG T-Bar Wooden Bracelet Stand. Crafted with simplicity and function in mind, this display rack is perfect for retail settings, craft fairs, home organization, or as a thoughtful Mother\u2019s Day gift.\" \/>\n<meta property=\"og:url\" content=\"https:\/\/deliangdisplay.com\/it\/il-nostro-prodotto\/accessori\/braccialetti\/de-liang-t-bar-bangle-storage-rack-braccialetto-titolare-display-braccialetto-organizzatore-mamma-giorno-regalo-braccialetto-in-legno-stand-per-la-vendita\/\" \/>\n<meta property=\"og:site_name\" content=\"DE-LIANG - jewelry,clothes,watch,beauty cosmetics\" \/>\n<meta property=\"article:publisher\" content=\"https:\/\/www.facebook.com\/JaneZhang008\/\" \/>\n<meta property=\"og:image\" content=\"https:\/\/deliangdisplay.com\/wp-content\/uploads\/2025\/08\/1-1-32.png\" \/>\n\t<meta property=\"og:image:width\" content=\"720\" \/>\n\t<meta property=\"og:image:height\" content=\"717\" \/>\n\t<meta property=\"og:image:type\" content=\"image\/png\" \/>\n<meta name=\"twitter:card\" content=\"summary_large_image\" \/>\n<meta name=\"twitter:site\" content=\"@ly673551729\" \/>\n<meta name=\"twitter:label1\" content=\"Tempo di lettura stimato\" \/>\n\t<meta name=\"twitter:data1\" content=\"2 minuti\" \/>\n<script type=\"application\/ld+json\" class=\"yoast-schema-graph\">{\"@context\":\"https:\\\/\\\/schema.org\",\"@graph\":[{\"@type\":\"WebPage\",\"@id\":\"https:\\\/\\\/deliangdisplay.com\\\/our-product\\\/accessories\\\/bangle-bars\\\/de-liang-t-bar-bangle-storage-rack-bracelet-holder-display-bracelet-organizer-mothers-day-gift-wooden-bracelet-stand-for-selling\\\/\",\"url\":\"https:\\\/\\\/deliangdisplay.com\\\/our-product\\\/accessories\\\/bangle-bars\\\/de-liang-t-bar-bangle-storage-rack-bracelet-holder-display-bracelet-organizer-mothers-day-gift-wooden-bracelet-stand-for-selling\\\/\",\"name\":\"DE-LIANG T-bar Bangle Storage Rack Bracelet Holder Display Bracelet Organizer Mothers Day Gift Wooden Bracelet Stand for Selling - DE-LIANG - jewelry,clothes,watch,beauty cosmetics\",\"isPartOf\":{\"@id\":\"https:\\\/\\\/deliangdisplay.com\\\/#website\"},\"primaryImageOfPage\":{\"@id\":\"https:\\\/\\\/deliangdisplay.com\\\/our-product\\\/accessories\\\/bangle-bars\\\/de-liang-t-bar-bangle-storage-rack-bracelet-holder-display-bracelet-organizer-mothers-day-gift-wooden-bracelet-stand-for-selling\\\/#primaryimage\"},\"image\":{\"@id\":\"https:\\\/\\\/deliangdisplay.com\\\/our-product\\\/accessories\\\/bangle-bars\\\/de-liang-t-bar-bangle-storage-rack-bracelet-holder-display-bracelet-organizer-mothers-day-gift-wooden-bracelet-stand-for-selling\\\/#primaryimage\"},\"thumbnailUrl\":\"https:\\\/\\\/deliangdisplay.com\\\/wp-content\\\/uploads\\\/2025\\\/08\\\/1-1-32.png\",\"datePublished\":\"2025-08-02T09:06:37+00:00\",\"breadcrumb\":{\"@id\":\"https:\\\/\\\/deliangdisplay.com\\\/our-product\\\/accessories\\\/bangle-bars\\\/de-liang-t-bar-bangle-storage-rack-bracelet-holder-display-bracelet-organizer-mothers-day-gift-wooden-bracelet-stand-for-selling\\\/#breadcrumb\"},\"inLanguage\":\"it-IT\",\"potentialAction\":[{\"@type\":\"ReadAction\",\"target\":[\"https:\\\/\\\/deliangdisplay.com\\\/our-product\\\/accessories\\\/bangle-bars\\\/de-liang-t-bar-bangle-storage-rack-bracelet-holder-display-bracelet-organizer-mothers-day-gift-wooden-bracelet-stand-for-selling\\\/\"]}]},{\"@type\":\"ImageObject\",\"inLanguage\":\"it-IT\",\"@id\":\"https:\\\/\\\/deliangdisplay.com\\\/our-product\\\/accessories\\\/bangle-bars\\\/de-liang-t-bar-bangle-storage-rack-bracelet-holder-display-bracelet-organizer-mothers-day-gift-wooden-bracelet-stand-for-selling\\\/#primaryimage\",\"url\":\"https:\\\/\\\/deliangdisplay.com\\\/wp-content\\\/uploads\\\/2025\\\/08\\\/1-1-32.png\",\"contentUrl\":\"https:\\\/\\\/deliangdisplay.com\\\/wp-content\\\/uploads\\\/2025\\\/08\\\/1-1-32.png\",\"width\":720,\"height\":717},{\"@type\":\"BreadcrumbList\",\"@id\":\"https:\\\/\\\/deliangdisplay.com\\\/our-product\\\/accessories\\\/bangle-bars\\\/de-liang-t-bar-bangle-storage-rack-bracelet-holder-display-bracelet-organizer-mothers-day-gift-wooden-bracelet-stand-for-selling\\\/#breadcrumb\",\"itemListElement\":[{\"@type\":\"ListItem\",\"position\":1,\"name\":\"\u9996\u9875\",\"item\":\"https:\\\/\\\/deliangdisplay.com\\\/\"},{\"@type\":\"ListItem\",\"position\":2,\"name\":\"Our Product\",\"item\":\"https:\\\/\\\/deliangdisplay.com\\\/our-product\\\/\"},{\"@type\":\"ListItem\",\"position\":3,\"name\":\"DE-LIANG T-bar Bangle Storage Rack Bracelet Holder Display Bracelet Organizer Mothers Day Gift Wooden Bracelet Stand for Selling\"}]},{\"@type\":\"WebSite\",\"@id\":\"https:\\\/\\\/deliangdisplay.com\\\/#website\",\"url\":\"https:\\\/\\\/deliangdisplay.com\\\/\",\"name\":\"deliangdisplay.com\",\"description\":\"DE-LIANG - Providing bespoke packaging solutions and luxurious display design services for brands in jewelry, apparel, watches, beauty cosmetics, and more.\",\"publisher\":{\"@id\":\"https:\\\/\\\/deliangdisplay.com\\\/#organization\"},\"potentialAction\":[{\"@type\":\"SearchAction\",\"target\":{\"@type\":\"EntryPoint\",\"urlTemplate\":\"https:\\\/\\\/deliangdisplay.com\\\/?s={search_term_string}\"},\"query-input\":{\"@type\":\"PropertyValueSpecification\",\"valueRequired\":true,\"valueName\":\"search_term_string\"}}],\"inLanguage\":\"it-IT\"},{\"@type\":\"Organization\",\"@id\":\"https:\\\/\\\/deliangdisplay.com\\\/#organization\",\"name\":\"deliangdisplay.com\",\"url\":\"https:\\\/\\\/deliangdisplay.com\\\/\",\"logo\":{\"@type\":\"ImageObject\",\"inLanguage\":\"it-IT\",\"@id\":\"https:\\\/\\\/deliangdisplay.com\\\/#\\\/schema\\\/logo\\\/image\\\/\",\"url\":\"https:\\\/\\\/deliangdisplay.com\\\/wp-content\\\/uploads\\\/2025\\\/08\\\/DELIANGDISPALY_logo.png\",\"contentUrl\":\"https:\\\/\\\/deliangdisplay.com\\\/wp-content\\\/uploads\\\/2025\\\/08\\\/DELIANGDISPALY_logo.png\",\"width\":300,\"height\":130,\"caption\":\"deliangdisplay.com\"},\"image\":{\"@id\":\"https:\\\/\\\/deliangdisplay.com\\\/#\\\/schema\\\/logo\\\/image\\\/\"},\"sameAs\":[\"https:\\\/\\\/www.facebook.com\\\/JaneZhang008\\\/\",\"https:\\\/\\\/x.com\\\/ly673551729\"]}]}<\/script>\n<!-- \/ Yoast SEO plugin. -->","yoast_head_json":{"title":"DE-LIANG T-bar Bangle Storage Rack Bracciale Titolare Display Bracciale Organizzatore Giorno Madre Regalo Bracciale Stand in legno per la vendita - DE-LIANG - gioielli, vestiti, orologi, cosmetici bellezza","robots":{"index":"index","follow":"follow","max-snippet":"max-snippet:-1","max-image-preview":"max-image-preview:large","max-video-preview":"max-video-preview:-1"},"canonical":"https:\/\/deliangdisplay.com\/it\/il-nostro-prodotto\/accessori\/braccialetti\/de-liang-t-bar-bangle-storage-rack-braccialetto-titolare-display-braccialetto-organizzatore-mamma-giorno-regalo-braccialetto-in-legno-stand-per-la-vendita\/","og_locale":"it_IT","og_type":"article","og_title":"DE-LIANG T-bar Bangle Storage Rack Bracelet Holder Display Bracelet Organizer Mothers Day Gift Wooden Bracelet Stand for Selling - DE-LIANG - jewelry,clothes,watch,beauty cosmetics","og_description":"Display and organize your bangles and bracelets with timeless style using the DE-LIANG T-Bar Wooden Bracelet Stand. Crafted with simplicity and function in mind, this display rack is perfect for retail settings, craft fairs, home organization, or as a thoughtful Mother\u2019s Day gift.","og_url":"https:\/\/deliangdisplay.com\/it\/il-nostro-prodotto\/accessori\/braccialetti\/de-liang-t-bar-bangle-storage-rack-braccialetto-titolare-display-braccialetto-organizzatore-mamma-giorno-regalo-braccialetto-in-legno-stand-per-la-vendita\/","og_site_name":"DE-LIANG - jewelry,clothes,watch,beauty cosmetics","article_publisher":"https:\/\/www.facebook.com\/JaneZhang008\/","og_image":[{"width":720,"height":717,"url":"https:\/\/deliangdisplay.com\/wp-content\/uploads\/2025\/08\/1-1-32.png","type":"image\/png"}],"twitter_card":"summary_large_image","twitter_site":"@ly673551729","twitter_misc":{"Tempo di lettura stimato":"2 minuti"},"schema":{"@context":"https:\/\/schema.org","@graph":[{"@type":"WebPage","@id":"https:\/\/deliangdisplay.com\/our-product\/accessories\/bangle-bars\/de-liang-t-bar-bangle-storage-rack-bracelet-holder-display-bracelet-organizer-mothers-day-gift-wooden-bracelet-stand-for-selling\/","url":"https:\/\/deliangdisplay.com\/our-product\/accessories\/bangle-bars\/de-liang-t-bar-bangle-storage-rack-bracelet-holder-display-bracelet-organizer-mothers-day-gift-wooden-bracelet-stand-for-selling\/","name":"DE-LIANG T-bar Bangle Storage Rack Bracciale Titolare Display Bracciale Organizzatore Giorno Madre Regalo Bracciale Stand in legno per la vendita - DE-LIANG - gioielli, vestiti, orologi, cosmetici bellezza","isPartOf":{"@id":"https:\/\/deliangdisplay.com\/#website"},"primaryImageOfPage":{"@id":"https:\/\/deliangdisplay.com\/our-product\/accessories\/bangle-bars\/de-liang-t-bar-bangle-storage-rack-bracelet-holder-display-bracelet-organizer-mothers-day-gift-wooden-bracelet-stand-for-selling\/#primaryimage"},"image":{"@id":"https:\/\/deliangdisplay.com\/our-product\/accessories\/bangle-bars\/de-liang-t-bar-bangle-storage-rack-bracelet-holder-display-bracelet-organizer-mothers-day-gift-wooden-bracelet-stand-for-selling\/#primaryimage"},"thumbnailUrl":"https:\/\/deliangdisplay.com\/wp-content\/uploads\/2025\/08\/1-1-32.png","datePublished":"2025-08-02T09:06:37+00:00","breadcrumb":{"@id":"https:\/\/deliangdisplay.com\/our-product\/accessories\/bangle-bars\/de-liang-t-bar-bangle-storage-rack-bracelet-holder-display-bracelet-organizer-mothers-day-gift-wooden-bracelet-stand-for-selling\/#breadcrumb"},"inLanguage":"it-IT","potentialAction":[{"@type":"ReadAction","target":["https:\/\/deliangdisplay.com\/our-product\/accessories\/bangle-bars\/de-liang-t-bar-bangle-storage-rack-bracelet-holder-display-bracelet-organizer-mothers-day-gift-wooden-bracelet-stand-for-selling\/"]}]},{"@type":"ImageObject","inLanguage":"it-IT","@id":"https:\/\/deliangdisplay.com\/our-product\/accessories\/bangle-bars\/de-liang-t-bar-bangle-storage-rack-bracelet-holder-display-bracelet-organizer-mothers-day-gift-wooden-bracelet-stand-for-selling\/#primaryimage","url":"https:\/\/deliangdisplay.com\/wp-content\/uploads\/2025\/08\/1-1-32.png","contentUrl":"https:\/\/deliangdisplay.com\/wp-content\/uploads\/2025\/08\/1-1-32.png","width":720,"height":717},{"@type":"BreadcrumbList","@id":"https:\/\/deliangdisplay.com\/our-product\/accessories\/bangle-bars\/de-liang-t-bar-bangle-storage-rack-bracelet-holder-display-bracelet-organizer-mothers-day-gift-wooden-bracelet-stand-for-selling\/#breadcrumb","itemListElement":[{"@type":"ListItem","position":1,"name":"\u9996\u9875","item":"https:\/\/deliangdisplay.com\/"},{"@type":"ListItem","position":2,"name":"Our Product","item":"https:\/\/deliangdisplay.com\/our-product\/"},{"@type":"ListItem","position":3,"name":"DE-LIANG T-bar Bangle Storage Rack Bracelet Holder Display Bracelet Organizer Mothers Day Gift Wooden Bracelet Stand for Selling"}]},{"@type":"WebSite","@id":"https:\/\/deliangdisplay.com\/#website","url":"https:\/\/deliangdisplay.com\/","name":"deliangdisplay.com","description":"DE-LIANG - Fornisce soluzioni di packaging su misura e servizi di design di espositori di lusso per marchi di gioielli, abbigliamento, orologi, cosmetici di bellezza e altro ancora.","publisher":{"@id":"https:\/\/deliangdisplay.com\/#organization"},"potentialAction":[{"@type":"SearchAction","target":{"@type":"EntryPoint","urlTemplate":"https:\/\/deliangdisplay.com\/?s={search_term_string}"},"query-input":{"@type":"PropertyValueSpecification","valueRequired":true,"valueName":"search_term_string"}}],"inLanguage":"it-IT"},{"@type":"Organization","@id":"https:\/\/deliangdisplay.com\/#organization","name":"deliangdisplay.com","url":"https:\/\/deliangdisplay.com\/","logo":{"@type":"ImageObject","inLanguage":"it-IT","@id":"https:\/\/deliangdisplay.com\/#\/schema\/logo\/image\/","url":"https:\/\/deliangdisplay.com\/wp-content\/uploads\/2025\/08\/DELIANGDISPALY_logo.png","contentUrl":"https:\/\/deliangdisplay.com\/wp-content\/uploads\/2025\/08\/DELIANGDISPALY_logo.png","width":300,"height":130,"caption":"deliangdisplay.com"},"image":{"@id":"https:\/\/deliangdisplay.com\/#\/schema\/logo\/image\/"},"sameAs":["https:\/\/www.facebook.com\/JaneZhang008\/","https:\/\/x.com\/ly673551729"]}]}},"_links":{"self":[{"href":"https:\/\/deliangdisplay.com\/it\/wp-json\/wp\/v2\/product\/41931","targetHints":{"allow":["GET"]}}],"collection":[{"href":"https:\/\/deliangdisplay.com\/it\/wp-json\/wp\/v2\/product"}],"about":[{"href":"https:\/\/deliangdisplay.com\/it\/wp-json\/wp\/v2\/types\/product"}],"replies":[{"embeddable":true,"href":"https:\/\/deliangdisplay.com\/it\/wp-json\/wp\/v2\/comments?post=41931"}],"wp:featuredmedia":[{"embeddable":true,"href":"https:\/\/deliangdisplay.com\/it\/wp-json\/wp\/v2\/media\/41932"}],"wp:attachment":[{"href":"https:\/\/deliangdisplay.com\/it\/wp-json\/wp\/v2\/media?parent=41931"}],"wp:term":[{"taxonomy":"product_brand","embeddable":true,"href":"https:\/\/deliangdisplay.com\/it\/wp-json\/wp\/v2\/product_brand?post=41931"},{"taxonomy":"product_cat","embeddable":true,"href":"https:\/\/deliangdisplay.com\/it\/wp-json\/wp\/v2\/product_cat?post=41931"},{"taxonomy":"product_tag","embeddable":true,"href":"https:\/\/deliangdisplay.com\/it\/wp-json\/wp\/v2\/product_tag?post=41931"}],"curies":[{"name":"wp","href":"https:\/\/api.w.org\/{rel}","templated":true}]}}