{"id":41702,"date":"2025-08-01T16:30:14","date_gmt":"2025-08-01T08:30:14","guid":{"rendered":"https:\/\/deliangdisplay.com\/?post_type=product&#038;p=41702"},"modified":"2025-08-01T16:30:14","modified_gmt":"2025-08-01T08:30:14","slug":"de-liang-legno-lusso-ovale-retro-vetro-mobile-gioielli-vetrina-stand","status":"publish","type":"product","link":"https:\/\/deliangdisplay.com\/it\/il-nostro-prodotto\/visualizzazioni\/vetrine-e-display\/de-liang-legno-lusso-ovale-retro-vetro-mobile-gioielli-vetrina-stand\/","title":{"rendered":"DE-LIANG Legno di lusso Ovale Retro Vetro Side Cabinet Gioielli Vetrina Stand"},"content":{"rendered":"<ul data-start=\"655\" data-end=\"1450\">\n<li data-start=\"655\" data-end=\"796\">\n<p data-start=\"657\" data-end=\"796\"><strong data-start=\"657\" data-end=\"680\">Elegante design ovale<\/strong>: L'esclusiva silhouette ovale ammorbidisce lo spazio e attira l'attenzione sugli oggetti esposti, rendendolo un vero e proprio centrotavola.<\/p>\n<\/li>\n<li data-start=\"797\" data-end=\"937\">\n<p data-start=\"799\" data-end=\"937\"><strong data-start=\"799\" data-end=\"833\">Costruzione in legno di alta qualit\u00e0<\/strong>: Realizzato in legno massiccio di prima qualit\u00e0 con una finitura liscia e lucida di gusto r\u00e9tro che aggiunge un carattere senza tempo.<\/p>\n<\/li>\n<li data-start=\"938\" data-end=\"1066\">\n<p data-start=\"940\" data-end=\"1066\"><strong data-start=\"940\" data-end=\"965\">Pannelli di vetro temperato<\/strong>: Il vetro trasparente a 360\u00b0 che lo circonda offre una visibilit\u00e0 completa e al contempo protezione e durata.<\/p>\n<\/li>\n<li data-start=\"1067\" data-end=\"1200\">\n<p data-start=\"1069\" data-end=\"1200\"><strong data-start=\"1069\" data-end=\"1090\">Illuminazione integrata<\/strong>: L'illuminazione LED opzionale illumina i gioielli dall'interno, esaltandone la brillantezza e i dettagli.<\/p>\n<\/li>\n<li data-start=\"1201\" data-end=\"1308\">\n<p data-start=\"1203\" data-end=\"1308\"><strong data-start=\"1203\" data-end=\"1225\">Stoccaggio funzionale<\/strong>: Dotato di scaffali interni e di una base stabile per un'esposizione sicura su pi\u00f9 livelli.<\/p>\n<\/li>\n<li data-start=\"1309\" data-end=\"1450\">\n<p data-start=\"1311\" data-end=\"1450\"><strong data-start=\"1311\" data-end=\"1340\">Finiture personalizzate disponibili<\/strong>: La tonalit\u00e0 del legno, le dimensioni, il design delle maniglie e la configurazione dell'illuminazione possono essere adattati allo stile e al marchio del vostro negozio.<\/p>\n<\/li>\n<\/ul>\n<h3 data-start=\"1452\" data-end=\"1473\">\ud83d\udecd\ufe0f <strong data-start=\"1460\" data-end=\"1473\">Ideale per:<\/strong><\/h3>\n<ul data-start=\"1475\" data-end=\"1628\">\n<li data-start=\"1475\" data-end=\"1501\">\n<p data-start=\"1477\" data-end=\"1501\">Boutique di gioielli<\/p>\n<\/li>\n<li data-start=\"1502\" data-end=\"1539\">\n<p data-start=\"1504\" data-end=\"1539\">Interni di vendita al dettaglio di ispirazione vintage<\/p>\n<\/li>\n<li data-start=\"1540\" data-end=\"1582\">\n<p data-start=\"1542\" data-end=\"1582\">Negozi di artigianato e concept shop<\/p>\n<\/li>\n<li data-start=\"1583\" data-end=\"1628\">\n<p data-start=\"1585\" data-end=\"1628\">Espositori per showroom di alto livello o hall di hotel<\/p>\n<\/li>\n<\/ul>\n<hr data-start=\"1630\" data-end=\"1633\" \/>\n<p data-start=\"1635\" data-end=\"1776\"><strong data-start=\"1635\" data-end=\"1690\">Forma classica. Eleganza moderna. A cura di DE-LIANG.<\/strong><br data-start=\"1690\" data-end=\"1693\" \/>Lasciate che i vostri gioielli parlino da soli, circondati da una lavorazione artigianale che racconta una storia.<\/p>\n<p data-start=\"1778\" data-end=\"1848\">\ud83d\udcde <em data-start=\"1781\" data-end=\"1848\">Personalizzazione e ordini all'ingrosso sono benvenuti. Supporto OEM\/ODM disponibile.<\/em><\/p>","protected":false},"excerpt":{"rendered":"<p>Elevate il vostro ambiente di vendita al dettaglio con l'espositore per gioielli ovale in vetro retr\u00f2 di DE-LIANG, una lussuosa fusione di legno classico, eleganti dettagli in vetro e funzionalit\u00e0 raffinata. Progettato per esporre gioielli, oggetti da collezione e pezzi artigianali, questo mobile laterale \u00e8 perfetto per creare un'esposizione calda e di ispirazione vintage con una raffinatezza di alto livello.<\/p>","protected":false},"featured_media":41710,"comment_status":"open","ping_status":"closed","template":"","meta":{"_acf_changed":false},"product_brand":[],"product_cat":[48],"product_tag":[],"class_list":{"0":"post-41702","1":"product","2":"type-product","3":"status-publish","4":"has-post-thumbnail","6":"product_cat-showcases-and-displays","8":"first","9":"instock","10":"shipping-taxable","11":"purchasable","12":"product-type-simple"},"acf":[],"yoast_head":"<!-- This site is optimized with the Yoast SEO plugin v27.4 - https:\/\/yoast.com\/product\/yoast-seo-wordpress\/ -->\n<title>DE-LIANG Wooden Luxury Oval Retro Glass Side Cabinet Jewelry Display Cabinet Showcase Stand - DE-LIANG - jewelry,clothes,watch,beauty cosmetics<\/title>\n<meta name=\"robots\" content=\"index, follow, max-snippet:-1, max-image-preview:large, max-video-preview:-1\" \/>\n<link rel=\"canonical\" href=\"https:\/\/deliangdisplay.com\/it\/il-nostro-prodotto\/visualizzazioni\/vetrine-e-display\/de-liang-legno-lusso-ovale-retro-vetro-mobile-gioielli-vetrina-stand\/\" \/>\n<meta property=\"og:locale\" content=\"it_IT\" \/>\n<meta property=\"og:type\" content=\"article\" \/>\n<meta property=\"og:title\" content=\"DE-LIANG Wooden Luxury Oval Retro Glass Side Cabinet Jewelry Display Cabinet Showcase Stand - DE-LIANG - jewelry,clothes,watch,beauty cosmetics\" \/>\n<meta property=\"og:description\" content=\"Elevate your retail ambiance with the DE-LIANG oval retro glass jewelry display cabinet \u2014 a luxurious fusion of classic woodwork, elegant glass detailing, and refined functionality. Designed to showcase fine jewelry, collectibles, and artisan pieces, this side cabinet is perfect for creating a warm, vintage-inspired display with high-end sophistication.\" \/>\n<meta property=\"og:url\" content=\"https:\/\/deliangdisplay.com\/it\/il-nostro-prodotto\/visualizzazioni\/vetrine-e-display\/de-liang-legno-lusso-ovale-retro-vetro-mobile-gioielli-vetrina-stand\/\" \/>\n<meta property=\"og:site_name\" content=\"DE-LIANG - jewelry,clothes,watch,beauty cosmetics\" \/>\n<meta property=\"article:publisher\" content=\"https:\/\/www.facebook.com\/JaneZhang008\/\" \/>\n<meta property=\"og:image\" content=\"https:\/\/deliangdisplay.com\/wp-content\/uploads\/2025\/08\/1-7.jpg\" \/>\n\t<meta property=\"og:image:width\" content=\"1000\" \/>\n\t<meta property=\"og:image:height\" content=\"1000\" \/>\n\t<meta property=\"og:image:type\" content=\"image\/jpeg\" \/>\n<meta name=\"twitter:card\" content=\"summary_large_image\" \/>\n<meta name=\"twitter:site\" content=\"@ly673551729\" \/>\n<meta name=\"twitter:label1\" content=\"Tempo di lettura stimato\" \/>\n\t<meta name=\"twitter:data1\" content=\"1 minuto\" \/>\n<script type=\"application\/ld+json\" class=\"yoast-schema-graph\">{\"@context\":\"https:\\\/\\\/schema.org\",\"@graph\":[{\"@type\":\"WebPage\",\"@id\":\"https:\\\/\\\/deliangdisplay.com\\\/our-product\\\/displays\\\/showcases-and-displays\\\/de-liang-wooden-luxury-oval-retro-glass-side-cabinet-jewelry-display-cabinet-showcase-stand\\\/\",\"url\":\"https:\\\/\\\/deliangdisplay.com\\\/our-product\\\/displays\\\/showcases-and-displays\\\/de-liang-wooden-luxury-oval-retro-glass-side-cabinet-jewelry-display-cabinet-showcase-stand\\\/\",\"name\":\"DE-LIANG Wooden Luxury Oval Retro Glass Side Cabinet Jewelry Display Cabinet Showcase Stand - DE-LIANG - jewelry,clothes,watch,beauty cosmetics\",\"isPartOf\":{\"@id\":\"https:\\\/\\\/deliangdisplay.com\\\/#website\"},\"primaryImageOfPage\":{\"@id\":\"https:\\\/\\\/deliangdisplay.com\\\/our-product\\\/displays\\\/showcases-and-displays\\\/de-liang-wooden-luxury-oval-retro-glass-side-cabinet-jewelry-display-cabinet-showcase-stand\\\/#primaryimage\"},\"image\":{\"@id\":\"https:\\\/\\\/deliangdisplay.com\\\/our-product\\\/displays\\\/showcases-and-displays\\\/de-liang-wooden-luxury-oval-retro-glass-side-cabinet-jewelry-display-cabinet-showcase-stand\\\/#primaryimage\"},\"thumbnailUrl\":\"https:\\\/\\\/deliangdisplay.com\\\/wp-content\\\/uploads\\\/2025\\\/08\\\/1-7.jpg\",\"datePublished\":\"2025-08-01T08:30:14+00:00\",\"breadcrumb\":{\"@id\":\"https:\\\/\\\/deliangdisplay.com\\\/our-product\\\/displays\\\/showcases-and-displays\\\/de-liang-wooden-luxury-oval-retro-glass-side-cabinet-jewelry-display-cabinet-showcase-stand\\\/#breadcrumb\"},\"inLanguage\":\"it-IT\",\"potentialAction\":[{\"@type\":\"ReadAction\",\"target\":[\"https:\\\/\\\/deliangdisplay.com\\\/our-product\\\/displays\\\/showcases-and-displays\\\/de-liang-wooden-luxury-oval-retro-glass-side-cabinet-jewelry-display-cabinet-showcase-stand\\\/\"]}]},{\"@type\":\"ImageObject\",\"inLanguage\":\"it-IT\",\"@id\":\"https:\\\/\\\/deliangdisplay.com\\\/our-product\\\/displays\\\/showcases-and-displays\\\/de-liang-wooden-luxury-oval-retro-glass-side-cabinet-jewelry-display-cabinet-showcase-stand\\\/#primaryimage\",\"url\":\"https:\\\/\\\/deliangdisplay.com\\\/wp-content\\\/uploads\\\/2025\\\/08\\\/1-7.jpg\",\"contentUrl\":\"https:\\\/\\\/deliangdisplay.com\\\/wp-content\\\/uploads\\\/2025\\\/08\\\/1-7.jpg\",\"width\":1000,\"height\":1000},{\"@type\":\"BreadcrumbList\",\"@id\":\"https:\\\/\\\/deliangdisplay.com\\\/our-product\\\/displays\\\/showcases-and-displays\\\/de-liang-wooden-luxury-oval-retro-glass-side-cabinet-jewelry-display-cabinet-showcase-stand\\\/#breadcrumb\",\"itemListElement\":[{\"@type\":\"ListItem\",\"position\":1,\"name\":\"\u9996\u9875\",\"item\":\"https:\\\/\\\/deliangdisplay.com\\\/\"},{\"@type\":\"ListItem\",\"position\":2,\"name\":\"Our Product\",\"item\":\"https:\\\/\\\/deliangdisplay.com\\\/our-product\\\/\"},{\"@type\":\"ListItem\",\"position\":3,\"name\":\"DE-LIANG Wooden Luxury Oval Retro Glass Side Cabinet Jewelry Display Cabinet Showcase Stand\"}]},{\"@type\":\"WebSite\",\"@id\":\"https:\\\/\\\/deliangdisplay.com\\\/#website\",\"url\":\"https:\\\/\\\/deliangdisplay.com\\\/\",\"name\":\"deliangdisplay.com\",\"description\":\"DE-LIANG - Providing bespoke packaging solutions and luxurious display design services for brands in jewelry, apparel, watches, beauty cosmetics, and more.\",\"publisher\":{\"@id\":\"https:\\\/\\\/deliangdisplay.com\\\/#organization\"},\"potentialAction\":[{\"@type\":\"SearchAction\",\"target\":{\"@type\":\"EntryPoint\",\"urlTemplate\":\"https:\\\/\\\/deliangdisplay.com\\\/?s={search_term_string}\"},\"query-input\":{\"@type\":\"PropertyValueSpecification\",\"valueRequired\":true,\"valueName\":\"search_term_string\"}}],\"inLanguage\":\"it-IT\"},{\"@type\":\"Organization\",\"@id\":\"https:\\\/\\\/deliangdisplay.com\\\/#organization\",\"name\":\"deliangdisplay.com\",\"url\":\"https:\\\/\\\/deliangdisplay.com\\\/\",\"logo\":{\"@type\":\"ImageObject\",\"inLanguage\":\"it-IT\",\"@id\":\"https:\\\/\\\/deliangdisplay.com\\\/#\\\/schema\\\/logo\\\/image\\\/\",\"url\":\"https:\\\/\\\/deliangdisplay.com\\\/wp-content\\\/uploads\\\/2025\\\/08\\\/DELIANGDISPALY_logo.png\",\"contentUrl\":\"https:\\\/\\\/deliangdisplay.com\\\/wp-content\\\/uploads\\\/2025\\\/08\\\/DELIANGDISPALY_logo.png\",\"width\":300,\"height\":130,\"caption\":\"deliangdisplay.com\"},\"image\":{\"@id\":\"https:\\\/\\\/deliangdisplay.com\\\/#\\\/schema\\\/logo\\\/image\\\/\"},\"sameAs\":[\"https:\\\/\\\/www.facebook.com\\\/JaneZhang008\\\/\",\"https:\\\/\\\/x.com\\\/ly673551729\"]}]}<\/script>\n<!-- \/ Yoast SEO plugin. -->","yoast_head_json":{"title":"DE-LIANG in legno di lusso ovale Retro vetro Side Cabinet gioielli Vetrina Stand - DE-LIANG - gioielli, vestiti, orologi, cosmetici bellezza","robots":{"index":"index","follow":"follow","max-snippet":"max-snippet:-1","max-image-preview":"max-image-preview:large","max-video-preview":"max-video-preview:-1"},"canonical":"https:\/\/deliangdisplay.com\/it\/il-nostro-prodotto\/visualizzazioni\/vetrine-e-display\/de-liang-legno-lusso-ovale-retro-vetro-mobile-gioielli-vetrina-stand\/","og_locale":"it_IT","og_type":"article","og_title":"DE-LIANG Wooden Luxury Oval Retro Glass Side Cabinet Jewelry Display Cabinet Showcase Stand - DE-LIANG - jewelry,clothes,watch,beauty cosmetics","og_description":"Elevate your retail ambiance with the DE-LIANG oval retro glass jewelry display cabinet \u2014 a luxurious fusion of classic woodwork, elegant glass detailing, and refined functionality. Designed to showcase fine jewelry, collectibles, and artisan pieces, this side cabinet is perfect for creating a warm, vintage-inspired display with high-end sophistication.","og_url":"https:\/\/deliangdisplay.com\/it\/il-nostro-prodotto\/visualizzazioni\/vetrine-e-display\/de-liang-legno-lusso-ovale-retro-vetro-mobile-gioielli-vetrina-stand\/","og_site_name":"DE-LIANG - jewelry,clothes,watch,beauty cosmetics","article_publisher":"https:\/\/www.facebook.com\/JaneZhang008\/","og_image":[{"width":1000,"height":1000,"url":"https:\/\/deliangdisplay.com\/wp-content\/uploads\/2025\/08\/1-7.jpg","type":"image\/jpeg"}],"twitter_card":"summary_large_image","twitter_site":"@ly673551729","twitter_misc":{"Tempo di lettura stimato":"1 minuto"},"schema":{"@context":"https:\/\/schema.org","@graph":[{"@type":"WebPage","@id":"https:\/\/deliangdisplay.com\/our-product\/displays\/showcases-and-displays\/de-liang-wooden-luxury-oval-retro-glass-side-cabinet-jewelry-display-cabinet-showcase-stand\/","url":"https:\/\/deliangdisplay.com\/our-product\/displays\/showcases-and-displays\/de-liang-wooden-luxury-oval-retro-glass-side-cabinet-jewelry-display-cabinet-showcase-stand\/","name":"DE-LIANG in legno di lusso ovale Retro vetro Side Cabinet gioielli Vetrina Stand - DE-LIANG - gioielli, vestiti, orologi, cosmetici bellezza","isPartOf":{"@id":"https:\/\/deliangdisplay.com\/#website"},"primaryImageOfPage":{"@id":"https:\/\/deliangdisplay.com\/our-product\/displays\/showcases-and-displays\/de-liang-wooden-luxury-oval-retro-glass-side-cabinet-jewelry-display-cabinet-showcase-stand\/#primaryimage"},"image":{"@id":"https:\/\/deliangdisplay.com\/our-product\/displays\/showcases-and-displays\/de-liang-wooden-luxury-oval-retro-glass-side-cabinet-jewelry-display-cabinet-showcase-stand\/#primaryimage"},"thumbnailUrl":"https:\/\/deliangdisplay.com\/wp-content\/uploads\/2025\/08\/1-7.jpg","datePublished":"2025-08-01T08:30:14+00:00","breadcrumb":{"@id":"https:\/\/deliangdisplay.com\/our-product\/displays\/showcases-and-displays\/de-liang-wooden-luxury-oval-retro-glass-side-cabinet-jewelry-display-cabinet-showcase-stand\/#breadcrumb"},"inLanguage":"it-IT","potentialAction":[{"@type":"ReadAction","target":["https:\/\/deliangdisplay.com\/our-product\/displays\/showcases-and-displays\/de-liang-wooden-luxury-oval-retro-glass-side-cabinet-jewelry-display-cabinet-showcase-stand\/"]}]},{"@type":"ImageObject","inLanguage":"it-IT","@id":"https:\/\/deliangdisplay.com\/our-product\/displays\/showcases-and-displays\/de-liang-wooden-luxury-oval-retro-glass-side-cabinet-jewelry-display-cabinet-showcase-stand\/#primaryimage","url":"https:\/\/deliangdisplay.com\/wp-content\/uploads\/2025\/08\/1-7.jpg","contentUrl":"https:\/\/deliangdisplay.com\/wp-content\/uploads\/2025\/08\/1-7.jpg","width":1000,"height":1000},{"@type":"BreadcrumbList","@id":"https:\/\/deliangdisplay.com\/our-product\/displays\/showcases-and-displays\/de-liang-wooden-luxury-oval-retro-glass-side-cabinet-jewelry-display-cabinet-showcase-stand\/#breadcrumb","itemListElement":[{"@type":"ListItem","position":1,"name":"\u9996\u9875","item":"https:\/\/deliangdisplay.com\/"},{"@type":"ListItem","position":2,"name":"Our Product","item":"https:\/\/deliangdisplay.com\/our-product\/"},{"@type":"ListItem","position":3,"name":"DE-LIANG Wooden Luxury Oval Retro Glass Side Cabinet Jewelry Display Cabinet Showcase Stand"}]},{"@type":"WebSite","@id":"https:\/\/deliangdisplay.com\/#website","url":"https:\/\/deliangdisplay.com\/","name":"deliangdisplay.com","description":"DE-LIANG - Fornisce soluzioni di packaging su misura e servizi di design di espositori di lusso per marchi di gioielli, abbigliamento, orologi, cosmetici di bellezza e altro ancora.","publisher":{"@id":"https:\/\/deliangdisplay.com\/#organization"},"potentialAction":[{"@type":"SearchAction","target":{"@type":"EntryPoint","urlTemplate":"https:\/\/deliangdisplay.com\/?s={search_term_string}"},"query-input":{"@type":"PropertyValueSpecification","valueRequired":true,"valueName":"search_term_string"}}],"inLanguage":"it-IT"},{"@type":"Organization","@id":"https:\/\/deliangdisplay.com\/#organization","name":"deliangdisplay.com","url":"https:\/\/deliangdisplay.com\/","logo":{"@type":"ImageObject","inLanguage":"it-IT","@id":"https:\/\/deliangdisplay.com\/#\/schema\/logo\/image\/","url":"https:\/\/deliangdisplay.com\/wp-content\/uploads\/2025\/08\/DELIANGDISPALY_logo.png","contentUrl":"https:\/\/deliangdisplay.com\/wp-content\/uploads\/2025\/08\/DELIANGDISPALY_logo.png","width":300,"height":130,"caption":"deliangdisplay.com"},"image":{"@id":"https:\/\/deliangdisplay.com\/#\/schema\/logo\/image\/"},"sameAs":["https:\/\/www.facebook.com\/JaneZhang008\/","https:\/\/x.com\/ly673551729"]}]}},"_links":{"self":[{"href":"https:\/\/deliangdisplay.com\/it\/wp-json\/wp\/v2\/product\/41702","targetHints":{"allow":["GET"]}}],"collection":[{"href":"https:\/\/deliangdisplay.com\/it\/wp-json\/wp\/v2\/product"}],"about":[{"href":"https:\/\/deliangdisplay.com\/it\/wp-json\/wp\/v2\/types\/product"}],"replies":[{"embeddable":true,"href":"https:\/\/deliangdisplay.com\/it\/wp-json\/wp\/v2\/comments?post=41702"}],"wp:featuredmedia":[{"embeddable":true,"href":"https:\/\/deliangdisplay.com\/it\/wp-json\/wp\/v2\/media\/41710"}],"wp:attachment":[{"href":"https:\/\/deliangdisplay.com\/it\/wp-json\/wp\/v2\/media?parent=41702"}],"wp:term":[{"taxonomy":"product_brand","embeddable":true,"href":"https:\/\/deliangdisplay.com\/it\/wp-json\/wp\/v2\/product_brand?post=41702"},{"taxonomy":"product_cat","embeddable":true,"href":"https:\/\/deliangdisplay.com\/it\/wp-json\/wp\/v2\/product_cat?post=41702"},{"taxonomy":"product_tag","embeddable":true,"href":"https:\/\/deliangdisplay.com\/it\/wp-json\/wp\/v2\/product_tag?post=41702"}],"curies":[{"name":"wp","href":"https:\/\/api.w.org\/{rel}","templated":true}]}}