{"id":41483,"date":"2025-08-01T10:05:39","date_gmt":"2025-08-01T02:05:39","guid":{"rendered":"https:\/\/deliangdisplay.com\/?post_type=product&#038;p=41483"},"modified":"2025-08-01T10:05:39","modified_gmt":"2025-08-01T02:05:39","slug":"de-liang-creativita-gioielli-dispaly-setblu-gioielli-vassoio-anello-display-piatto-orecchini-titolari-rack-per-regaloboutique-collane-negozio-display","status":"publish","type":"product","link":"https:\/\/deliangdisplay.com\/it\/il-nostro-prodotto\/visualizzazioni\/vassoi-di-presentazione-per-gioielli-specchi\/de-liang-creativita-gioielli-dispaly-setblu-gioielli-vassoio-anello-display-piatto-orecchini-titolari-rack-per-regaloboutique-collane-negozio-display\/","title":{"rendered":"DE-LIANG Creativity Jewelry Dispaly Set, vassoio blu per gioielli, vassoio per l'esposizione di anelli, supporto per orecchini, scaffale per regali, boutique, espositori per negozi di collane"},"content":{"rendered":"<p>\ud83d\udc97 Dimensioni :<br \/>\nStile-A: Lunghezza: 23CM (9,1 pollici) - Larghezza: 16CM (6,3 pollici)<br \/>\nStile-B: Lunghezza: 20.5CM (8.1inch) - Larghezza: 16.5CM (6.5inch)<\/p>\n<p>\ud83d\udc97 Colore: grigio blu\/bianco\/grigio<\/p>\n<p>\ud83d\udc97 Materiale: Gesso<\/p>\n<p>\ud83d\udcaf Questo \u00e8 il nostro ultimo prodotto, questo \u00e8 molto buona qualit\u00e0 e marchio di lusso utilizzare questo rack per la decorazione della finestra, per l'esposizione di gioielli, per l'esposizione papillon, deve attraente pi\u00f9 personalizzato al vostro negozio.<\/p>\n<p>\ud83d\udcafPossono essere utilizzati a casa come deposito personale di gioielli, ma anche come espositori per gioielli in negozi al dettaglio, fiere, showroom e negozi online, ecc.<\/p>\n<p>\ud83d\udcaf Questo elegante espositore di gioielli aiuta voi o i potenziali acquirenti a visualizzare i gioielli. Cosa aspettate, prendete subito il vostro organizer di accessori e sarete in grado di ottenere pi\u00f9 vendite!<\/p>\n<p>\ud83d\udcaf Potete anche usarlo per fotografare gioielli, per presentare in modo professionale i vostri prodotti.<\/p>\n<p>\ud83d\udcaf \u00c8 anche un buon oggetto fotografico per mostrare il fascino della collana o del colletto in tutti i suoi aspetti e attirare gli sguardi dei clienti. Il materiale in pelle alla moda ha un'ottima consistenza al tatto e non \u00e8 facile da sporcare.<\/p>\n<p>Se siete designer di gioielli o designer di espositori, o se state aprendo un nuovo negozio e volete migliorare le vostre vendite, allora l'uso di un manichino da esposizione appropriato e alla moda \u00e8 davvero importante.<\/p>\n<p>\ud83d\udcaf Una variet\u00e0 di combinazioni, posizionamento libero.<\/p>\n<p>\ud83d\udcafEspositori di abbigliamento, oggetti di scena per le riprese, espositori per parrucche, espositori per gioielli, ecc.<\/p>\n<p>\ud83d\udcaf Fin dalla fondazione \u00e8 stata aggiornata l'iterazione, il cambiamento e l'innovazione. La progettazione e la produzione di modelli di alta qualit\u00e0 sono il nostro obiettivo.<\/p>\n<p>\ud83d\udcaf Aiutano voi o i potenziali acquirenti a visualizzare i gioielli. Cosa aspettate, acquistate subito il vostro organizer di accessori e potrete ottenere pi\u00f9 vendite!<\/p>\n<p>Si prega di notare che questi gioielli sono solo oggetti di scena per le nostre foto, non li vendiamo, se davvero ti piace, si prega di contattare noi, grazie!!!<\/p>","protected":false},"excerpt":{"rendered":"<p>L'uso di questo display di gioielli, adatto per lo stoccaggio di gioielli personali, negozi al dettaglio, fiera, mostra di artigianato, display showroom, pu\u00f2 essere utilizzato come puntello fotografia, ornamento. Render\u00e0 i vostri negozi pi\u00f9 delicati.<\/p>","protected":false},"featured_media":41487,"comment_status":"open","ping_status":"closed","template":"","meta":{"_acf_changed":false},"product_brand":[],"product_cat":[78],"product_tag":[],"class_list":{"0":"post-41483","1":"product","2":"type-product","3":"status-publish","4":"has-post-thumbnail","6":"product_cat-jewelry-presentation-trays-mirrors","8":"first","9":"instock","10":"shipping-taxable","11":"purchasable","12":"product-type-simple"},"acf":[],"yoast_head":"<!-- This site is optimized with the Yoast SEO plugin v27.4 - https:\/\/yoast.com\/product\/yoast-seo-wordpress\/ -->\n<title>DE-LIANG Creativity Jewelry Dispaly Set,Blue Jewelry Tray, Ring Display Dish, Earrings Holder,Storage Rack for Gift,Boutique, Necklaces Store Display - DE-LIANG - jewelry,clothes,watch,beauty cosmetics<\/title>\n<meta name=\"robots\" content=\"index, follow, max-snippet:-1, max-image-preview:large, max-video-preview:-1\" \/>\n<link rel=\"canonical\" href=\"https:\/\/deliangdisplay.com\/it\/il-nostro-prodotto\/visualizzazioni\/vassoi-di-presentazione-per-gioielli-specchi\/de-liang-creativita-gioielli-dispaly-setblu-gioielli-vassoio-anello-display-piatto-orecchini-titolari-rack-per-regaloboutique-collane-negozio-display\/\" \/>\n<meta property=\"og:locale\" content=\"it_IT\" \/>\n<meta property=\"og:type\" content=\"article\" \/>\n<meta property=\"og:title\" content=\"DE-LIANG Creativity Jewelry Dispaly Set,Blue Jewelry Tray, Ring Display Dish, Earrings Holder,Storage Rack for Gift,Boutique, Necklaces Store Display - DE-LIANG - jewelry,clothes,watch,beauty cosmetics\" \/>\n<meta property=\"og:description\" content=\"This jewelry display usage, suitable for personal jewelry storage, retail stores, trade fair, craft show, showroom display, can be used as photography prop, ornament. It will make your stores more delicated.\" \/>\n<meta property=\"og:url\" content=\"https:\/\/deliangdisplay.com\/it\/il-nostro-prodotto\/visualizzazioni\/vassoi-di-presentazione-per-gioielli-specchi\/de-liang-creativita-gioielli-dispaly-setblu-gioielli-vassoio-anello-display-piatto-orecchini-titolari-rack-per-regaloboutique-collane-negozio-display\/\" \/>\n<meta property=\"og:site_name\" content=\"DE-LIANG - jewelry,clothes,watch,beauty cosmetics\" \/>\n<meta property=\"article:publisher\" content=\"https:\/\/www.facebook.com\/JaneZhang008\/\" \/>\n<meta property=\"og:image\" content=\"https:\/\/deliangdisplay.com\/wp-content\/uploads\/2025\/08\/7-2.jpg\" \/>\n\t<meta property=\"og:image:width\" content=\"1000\" \/>\n\t<meta property=\"og:image:height\" content=\"1000\" \/>\n\t<meta property=\"og:image:type\" content=\"image\/jpeg\" \/>\n<meta name=\"twitter:card\" content=\"summary_large_image\" \/>\n<meta name=\"twitter:site\" content=\"@ly673551729\" \/>\n<meta name=\"twitter:label1\" content=\"Tempo di lettura stimato\" \/>\n\t<meta name=\"twitter:data1\" content=\"2 minuti\" \/>\n<script type=\"application\/ld+json\" class=\"yoast-schema-graph\">{\"@context\":\"https:\\\/\\\/schema.org\",\"@graph\":[{\"@type\":\"WebPage\",\"@id\":\"https:\\\/\\\/deliangdisplay.com\\\/our-product\\\/displays\\\/jewelry-presentation-trays-mirrors\\\/de-liang-creativity-jewelry-dispaly-setblue-jewelry-tray-ring-display-dish-earrings-holderstorage-rack-for-giftboutique-necklaces-store-display\\\/\",\"url\":\"https:\\\/\\\/deliangdisplay.com\\\/our-product\\\/displays\\\/jewelry-presentation-trays-mirrors\\\/de-liang-creativity-jewelry-dispaly-setblue-jewelry-tray-ring-display-dish-earrings-holderstorage-rack-for-giftboutique-necklaces-store-display\\\/\",\"name\":\"DE-LIANG Creativity Jewelry Dispaly Set,Blue Jewelry Tray, Ring Display Dish, Earrings Holder,Storage Rack for Gift,Boutique, Necklaces Store Display - DE-LIANG - jewelry,clothes,watch,beauty cosmetics\",\"isPartOf\":{\"@id\":\"https:\\\/\\\/deliangdisplay.com\\\/#website\"},\"primaryImageOfPage\":{\"@id\":\"https:\\\/\\\/deliangdisplay.com\\\/our-product\\\/displays\\\/jewelry-presentation-trays-mirrors\\\/de-liang-creativity-jewelry-dispaly-setblue-jewelry-tray-ring-display-dish-earrings-holderstorage-rack-for-giftboutique-necklaces-store-display\\\/#primaryimage\"},\"image\":{\"@id\":\"https:\\\/\\\/deliangdisplay.com\\\/our-product\\\/displays\\\/jewelry-presentation-trays-mirrors\\\/de-liang-creativity-jewelry-dispaly-setblue-jewelry-tray-ring-display-dish-earrings-holderstorage-rack-for-giftboutique-necklaces-store-display\\\/#primaryimage\"},\"thumbnailUrl\":\"https:\\\/\\\/deliangdisplay.com\\\/wp-content\\\/uploads\\\/2025\\\/08\\\/7-2.jpg\",\"datePublished\":\"2025-08-01T02:05:39+00:00\",\"breadcrumb\":{\"@id\":\"https:\\\/\\\/deliangdisplay.com\\\/our-product\\\/displays\\\/jewelry-presentation-trays-mirrors\\\/de-liang-creativity-jewelry-dispaly-setblue-jewelry-tray-ring-display-dish-earrings-holderstorage-rack-for-giftboutique-necklaces-store-display\\\/#breadcrumb\"},\"inLanguage\":\"it-IT\",\"potentialAction\":[{\"@type\":\"ReadAction\",\"target\":[\"https:\\\/\\\/deliangdisplay.com\\\/our-product\\\/displays\\\/jewelry-presentation-trays-mirrors\\\/de-liang-creativity-jewelry-dispaly-setblue-jewelry-tray-ring-display-dish-earrings-holderstorage-rack-for-giftboutique-necklaces-store-display\\\/\"]}]},{\"@type\":\"ImageObject\",\"inLanguage\":\"it-IT\",\"@id\":\"https:\\\/\\\/deliangdisplay.com\\\/our-product\\\/displays\\\/jewelry-presentation-trays-mirrors\\\/de-liang-creativity-jewelry-dispaly-setblue-jewelry-tray-ring-display-dish-earrings-holderstorage-rack-for-giftboutique-necklaces-store-display\\\/#primaryimage\",\"url\":\"https:\\\/\\\/deliangdisplay.com\\\/wp-content\\\/uploads\\\/2025\\\/08\\\/7-2.jpg\",\"contentUrl\":\"https:\\\/\\\/deliangdisplay.com\\\/wp-content\\\/uploads\\\/2025\\\/08\\\/7-2.jpg\",\"width\":1000,\"height\":1000},{\"@type\":\"BreadcrumbList\",\"@id\":\"https:\\\/\\\/deliangdisplay.com\\\/our-product\\\/displays\\\/jewelry-presentation-trays-mirrors\\\/de-liang-creativity-jewelry-dispaly-setblue-jewelry-tray-ring-display-dish-earrings-holderstorage-rack-for-giftboutique-necklaces-store-display\\\/#breadcrumb\",\"itemListElement\":[{\"@type\":\"ListItem\",\"position\":1,\"name\":\"\u9996\u9875\",\"item\":\"https:\\\/\\\/deliangdisplay.com\\\/\"},{\"@type\":\"ListItem\",\"position\":2,\"name\":\"Our Product\",\"item\":\"https:\\\/\\\/deliangdisplay.com\\\/our-product\\\/\"},{\"@type\":\"ListItem\",\"position\":3,\"name\":\"DE-LIANG Creativity Jewelry Dispaly Set,Blue Jewelry Tray, Ring Display Dish, Earrings Holder,Storage Rack for Gift,Boutique, Necklaces Store Display\"}]},{\"@type\":\"WebSite\",\"@id\":\"https:\\\/\\\/deliangdisplay.com\\\/#website\",\"url\":\"https:\\\/\\\/deliangdisplay.com\\\/\",\"name\":\"deliangdisplay.com\",\"description\":\"DE-LIANG - Providing bespoke packaging solutions and luxurious display design services for brands in jewelry, apparel, watches, beauty cosmetics, and more.\",\"publisher\":{\"@id\":\"https:\\\/\\\/deliangdisplay.com\\\/#organization\"},\"potentialAction\":[{\"@type\":\"SearchAction\",\"target\":{\"@type\":\"EntryPoint\",\"urlTemplate\":\"https:\\\/\\\/deliangdisplay.com\\\/?s={search_term_string}\"},\"query-input\":{\"@type\":\"PropertyValueSpecification\",\"valueRequired\":true,\"valueName\":\"search_term_string\"}}],\"inLanguage\":\"it-IT\"},{\"@type\":\"Organization\",\"@id\":\"https:\\\/\\\/deliangdisplay.com\\\/#organization\",\"name\":\"deliangdisplay.com\",\"url\":\"https:\\\/\\\/deliangdisplay.com\\\/\",\"logo\":{\"@type\":\"ImageObject\",\"inLanguage\":\"it-IT\",\"@id\":\"https:\\\/\\\/deliangdisplay.com\\\/#\\\/schema\\\/logo\\\/image\\\/\",\"url\":\"https:\\\/\\\/deliangdisplay.com\\\/wp-content\\\/uploads\\\/2025\\\/08\\\/DELIANGDISPALY_logo.png\",\"contentUrl\":\"https:\\\/\\\/deliangdisplay.com\\\/wp-content\\\/uploads\\\/2025\\\/08\\\/DELIANGDISPALY_logo.png\",\"width\":300,\"height\":130,\"caption\":\"deliangdisplay.com\"},\"image\":{\"@id\":\"https:\\\/\\\/deliangdisplay.com\\\/#\\\/schema\\\/logo\\\/image\\\/\"},\"sameAs\":[\"https:\\\/\\\/www.facebook.com\\\/JaneZhang008\\\/\",\"https:\\\/\\\/x.com\\\/ly673551729\"]}]}<\/script>\n<!-- \/ Yoast SEO plugin. -->","yoast_head_json":{"title":"DE-LIANG Creativity Jewelry Dispaly Set, vassoio blu per gioielli, vassoio per l'esposizione degli anelli, supporto per gli orecchini, rack di stoccaggio per il regalo, la boutique, l'esposizione del negozio di collane - DE-LIANG - gioielli, vestiti, orologi, cosmetici di bellezza","robots":{"index":"index","follow":"follow","max-snippet":"max-snippet:-1","max-image-preview":"max-image-preview:large","max-video-preview":"max-video-preview:-1"},"canonical":"https:\/\/deliangdisplay.com\/it\/il-nostro-prodotto\/visualizzazioni\/vassoi-di-presentazione-per-gioielli-specchi\/de-liang-creativita-gioielli-dispaly-setblu-gioielli-vassoio-anello-display-piatto-orecchini-titolari-rack-per-regaloboutique-collane-negozio-display\/","og_locale":"it_IT","og_type":"article","og_title":"DE-LIANG Creativity Jewelry Dispaly Set,Blue Jewelry Tray, Ring Display Dish, Earrings Holder,Storage Rack for Gift,Boutique, Necklaces Store Display - DE-LIANG - jewelry,clothes,watch,beauty cosmetics","og_description":"This jewelry display usage, suitable for personal jewelry storage, retail stores, trade fair, craft show, showroom display, can be used as photography prop, ornament. It will make your stores more delicated.","og_url":"https:\/\/deliangdisplay.com\/it\/il-nostro-prodotto\/visualizzazioni\/vassoi-di-presentazione-per-gioielli-specchi\/de-liang-creativita-gioielli-dispaly-setblu-gioielli-vassoio-anello-display-piatto-orecchini-titolari-rack-per-regaloboutique-collane-negozio-display\/","og_site_name":"DE-LIANG - jewelry,clothes,watch,beauty cosmetics","article_publisher":"https:\/\/www.facebook.com\/JaneZhang008\/","og_image":[{"width":1000,"height":1000,"url":"https:\/\/deliangdisplay.com\/wp-content\/uploads\/2025\/08\/7-2.jpg","type":"image\/jpeg"}],"twitter_card":"summary_large_image","twitter_site":"@ly673551729","twitter_misc":{"Tempo di lettura stimato":"2 minuti"},"schema":{"@context":"https:\/\/schema.org","@graph":[{"@type":"WebPage","@id":"https:\/\/deliangdisplay.com\/our-product\/displays\/jewelry-presentation-trays-mirrors\/de-liang-creativity-jewelry-dispaly-setblue-jewelry-tray-ring-display-dish-earrings-holderstorage-rack-for-giftboutique-necklaces-store-display\/","url":"https:\/\/deliangdisplay.com\/our-product\/displays\/jewelry-presentation-trays-mirrors\/de-liang-creativity-jewelry-dispaly-setblue-jewelry-tray-ring-display-dish-earrings-holderstorage-rack-for-giftboutique-necklaces-store-display\/","name":"DE-LIANG Creativity Jewelry Dispaly Set, vassoio blu per gioielli, vassoio per l'esposizione degli anelli, supporto per gli orecchini, rack di stoccaggio per il regalo, la boutique, l'esposizione del negozio di collane - DE-LIANG - gioielli, vestiti, orologi, cosmetici di bellezza","isPartOf":{"@id":"https:\/\/deliangdisplay.com\/#website"},"primaryImageOfPage":{"@id":"https:\/\/deliangdisplay.com\/our-product\/displays\/jewelry-presentation-trays-mirrors\/de-liang-creativity-jewelry-dispaly-setblue-jewelry-tray-ring-display-dish-earrings-holderstorage-rack-for-giftboutique-necklaces-store-display\/#primaryimage"},"image":{"@id":"https:\/\/deliangdisplay.com\/our-product\/displays\/jewelry-presentation-trays-mirrors\/de-liang-creativity-jewelry-dispaly-setblue-jewelry-tray-ring-display-dish-earrings-holderstorage-rack-for-giftboutique-necklaces-store-display\/#primaryimage"},"thumbnailUrl":"https:\/\/deliangdisplay.com\/wp-content\/uploads\/2025\/08\/7-2.jpg","datePublished":"2025-08-01T02:05:39+00:00","breadcrumb":{"@id":"https:\/\/deliangdisplay.com\/our-product\/displays\/jewelry-presentation-trays-mirrors\/de-liang-creativity-jewelry-dispaly-setblue-jewelry-tray-ring-display-dish-earrings-holderstorage-rack-for-giftboutique-necklaces-store-display\/#breadcrumb"},"inLanguage":"it-IT","potentialAction":[{"@type":"ReadAction","target":["https:\/\/deliangdisplay.com\/our-product\/displays\/jewelry-presentation-trays-mirrors\/de-liang-creativity-jewelry-dispaly-setblue-jewelry-tray-ring-display-dish-earrings-holderstorage-rack-for-giftboutique-necklaces-store-display\/"]}]},{"@type":"ImageObject","inLanguage":"it-IT","@id":"https:\/\/deliangdisplay.com\/our-product\/displays\/jewelry-presentation-trays-mirrors\/de-liang-creativity-jewelry-dispaly-setblue-jewelry-tray-ring-display-dish-earrings-holderstorage-rack-for-giftboutique-necklaces-store-display\/#primaryimage","url":"https:\/\/deliangdisplay.com\/wp-content\/uploads\/2025\/08\/7-2.jpg","contentUrl":"https:\/\/deliangdisplay.com\/wp-content\/uploads\/2025\/08\/7-2.jpg","width":1000,"height":1000},{"@type":"BreadcrumbList","@id":"https:\/\/deliangdisplay.com\/our-product\/displays\/jewelry-presentation-trays-mirrors\/de-liang-creativity-jewelry-dispaly-setblue-jewelry-tray-ring-display-dish-earrings-holderstorage-rack-for-giftboutique-necklaces-store-display\/#breadcrumb","itemListElement":[{"@type":"ListItem","position":1,"name":"\u9996\u9875","item":"https:\/\/deliangdisplay.com\/"},{"@type":"ListItem","position":2,"name":"Our Product","item":"https:\/\/deliangdisplay.com\/our-product\/"},{"@type":"ListItem","position":3,"name":"DE-LIANG Creativity Jewelry Dispaly Set,Blue Jewelry Tray, Ring Display Dish, Earrings Holder,Storage Rack for Gift,Boutique, Necklaces Store Display"}]},{"@type":"WebSite","@id":"https:\/\/deliangdisplay.com\/#website","url":"https:\/\/deliangdisplay.com\/","name":"deliangdisplay.com","description":"DE-LIANG - Fornisce soluzioni di packaging su misura e servizi di design di espositori di lusso per marchi di gioielli, abbigliamento, orologi, cosmetici di bellezza e altro ancora.","publisher":{"@id":"https:\/\/deliangdisplay.com\/#organization"},"potentialAction":[{"@type":"SearchAction","target":{"@type":"EntryPoint","urlTemplate":"https:\/\/deliangdisplay.com\/?s={search_term_string}"},"query-input":{"@type":"PropertyValueSpecification","valueRequired":true,"valueName":"search_term_string"}}],"inLanguage":"it-IT"},{"@type":"Organization","@id":"https:\/\/deliangdisplay.com\/#organization","name":"deliangdisplay.com","url":"https:\/\/deliangdisplay.com\/","logo":{"@type":"ImageObject","inLanguage":"it-IT","@id":"https:\/\/deliangdisplay.com\/#\/schema\/logo\/image\/","url":"https:\/\/deliangdisplay.com\/wp-content\/uploads\/2025\/08\/DELIANGDISPALY_logo.png","contentUrl":"https:\/\/deliangdisplay.com\/wp-content\/uploads\/2025\/08\/DELIANGDISPALY_logo.png","width":300,"height":130,"caption":"deliangdisplay.com"},"image":{"@id":"https:\/\/deliangdisplay.com\/#\/schema\/logo\/image\/"},"sameAs":["https:\/\/www.facebook.com\/JaneZhang008\/","https:\/\/x.com\/ly673551729"]}]}},"_links":{"self":[{"href":"https:\/\/deliangdisplay.com\/it\/wp-json\/wp\/v2\/product\/41483","targetHints":{"allow":["GET"]}}],"collection":[{"href":"https:\/\/deliangdisplay.com\/it\/wp-json\/wp\/v2\/product"}],"about":[{"href":"https:\/\/deliangdisplay.com\/it\/wp-json\/wp\/v2\/types\/product"}],"replies":[{"embeddable":true,"href":"https:\/\/deliangdisplay.com\/it\/wp-json\/wp\/v2\/comments?post=41483"}],"wp:featuredmedia":[{"embeddable":true,"href":"https:\/\/deliangdisplay.com\/it\/wp-json\/wp\/v2\/media\/41487"}],"wp:attachment":[{"href":"https:\/\/deliangdisplay.com\/it\/wp-json\/wp\/v2\/media?parent=41483"}],"wp:term":[{"taxonomy":"product_brand","embeddable":true,"href":"https:\/\/deliangdisplay.com\/it\/wp-json\/wp\/v2\/product_brand?post=41483"},{"taxonomy":"product_cat","embeddable":true,"href":"https:\/\/deliangdisplay.com\/it\/wp-json\/wp\/v2\/product_cat?post=41483"},{"taxonomy":"product_tag","embeddable":true,"href":"https:\/\/deliangdisplay.com\/it\/wp-json\/wp\/v2\/product_tag?post=41483"}],"curies":[{"name":"wp","href":"https:\/\/api.w.org\/{rel}","templated":true}]}}