{"id":41421,"date":"2025-07-31T18:06:08","date_gmt":"2025-07-31T10:06:08","guid":{"rendered":"https:\/\/deliangdisplay.com\/?post_type=product&#038;p=41421"},"modified":"2025-07-31T18:06:08","modified_gmt":"2025-07-31T10:06:08","slug":"espositore-porta-braccialetti-a-3-livelli-con-barra-a-t-staccabile-beige-in-velluto-porta-braccialetti-porta-gioielli-organizzatore-per-braccialetto-collana-orologi-anelli","status":"publish","type":"product","link":"https:\/\/deliangdisplay.com\/it\/il-nostro-prodotto\/accessori\/braccialetti\/espositore-porta-braccialetti-a-3-livelli-con-barra-a-t-staccabile-beige-in-velluto-porta-braccialetti-porta-gioielli-organizzatore-per-braccialetto-collana-orologi-anelli\/","title":{"rendered":"Espositore a 3 livelli per braccialetti - Supporto per braccialetti in velluto beige con barra a T staccabile, organizzatore per braccialetti, collane, orologi e anelli."},"content":{"rendered":"<p>Realizzato in velluto beige di alta qualit\u00e0 e metallo dorato, il supporto per braccialetti rende i vostri gioielli pi\u00f9 belli e li protegge da qualsiasi danno, graffio o usura.<\/p>\n<p>L'espositore porta bracciali \u00e8 dotato di 3 aste per contenere una dozzina di bracciali, collane, cravatte per capelli e fermagli. Il vassoio con 1 anello pu\u00f2 contenere una dozzina di anelli e un altro vassoio \u00e8 perfetto per conservare rossetti e profumi.<\/p>\n<p>Questo supporto per gioielli pu\u00f2 essere utilizzato come decorazione perfetta per la vostra stanza di casa, anche aiutare a organizzare ed esporre una variet\u00e0 di orologi gioielli sui banconi delle vetrine dei negozi al dettaglio, gioielli e negozi di orologi.<\/p>\n<p>L'insieme pu\u00f2 essere smontato, il che \u00e8 molto portatile da portare ovunque. Un regalo perfetto per i vostri amici e i vostri cari. Oppure, regalate a voi stessi questo elegante porta braccialetti: ve lo meritate!<\/p>","protected":false},"excerpt":{"rendered":"<p>Realizzato in velluto beige di alta qualit\u00e0 e metallo dorato, il portabracciali render\u00e0 i vostri gioielli pi\u00f9 belli e li protegger\u00e0 da eventuali danni, graffi o usura.<\/p>","protected":false},"featured_media":41423,"comment_status":"open","ping_status":"closed","template":"","meta":{"_acf_changed":false},"product_brand":[],"product_cat":[71],"product_tag":[],"class_list":{"0":"post-41421","1":"product","2":"type-product","3":"status-publish","4":"has-post-thumbnail","6":"product_cat-bangle-bars","8":"first","9":"instock","10":"shipping-taxable","11":"purchasable","12":"product-type-simple"},"acf":[],"yoast_head":"<!-- This site is optimized with the Yoast SEO plugin v27.4 - https:\/\/yoast.com\/product\/yoast-seo-wordpress\/ -->\n<title>3 Tier Bracelet Holder Display - Detachable T Bar Beige Velvet Bracelet Holder, Jewelry Holder Organizer for Bracelet, Necklace, Watches, Rings<\/title>\n<meta name=\"description\" content=\"3 Tier Bracelet Holder Display - Detachable T Bar Beige Velvet Bracelet Holder, Jewelry Holder Organizer for Bracelet, Necklace, Watches, Rings\" \/>\n<meta name=\"robots\" content=\"index, follow, max-snippet:-1, max-image-preview:large, max-video-preview:-1\" \/>\n<link rel=\"canonical\" href=\"https:\/\/deliangdisplay.com\/it\/il-nostro-prodotto\/accessori\/braccialetti\/espositore-porta-braccialetti-a-3-livelli-con-barra-a-t-staccabile-beige-in-velluto-porta-braccialetti-porta-gioielli-organizzatore-per-braccialetto-collana-orologi-anelli\/\" \/>\n<meta property=\"og:locale\" content=\"it_IT\" \/>\n<meta property=\"og:type\" content=\"article\" \/>\n<meta property=\"og:title\" content=\"3 Tier Bracelet Holder Display - Detachable T Bar Beige Velvet Bracelet Holder, Jewelry Holder Organizer for Bracelet, Necklace, Watches, Rings\" \/>\n<meta property=\"og:description\" content=\"3 Tier Bracelet Holder Display - Detachable T Bar Beige Velvet Bracelet Holder, Jewelry Holder Organizer for Bracelet, Necklace, Watches, Rings\" \/>\n<meta property=\"og:url\" content=\"https:\/\/deliangdisplay.com\/it\/il-nostro-prodotto\/accessori\/braccialetti\/espositore-porta-braccialetti-a-3-livelli-con-barra-a-t-staccabile-beige-in-velluto-porta-braccialetti-porta-gioielli-organizzatore-per-braccialetto-collana-orologi-anelli\/\" \/>\n<meta property=\"og:site_name\" content=\"DE-LIANG - jewelry,clothes,watch,beauty cosmetics\" \/>\n<meta property=\"article:publisher\" content=\"https:\/\/www.facebook.com\/JaneZhang008\/\" \/>\n<meta property=\"og:image\" content=\"https:\/\/deliangdisplay.com\/wp-content\/uploads\/2025\/07\/120.jpg\" \/>\n\t<meta property=\"og:image:width\" content=\"425\" \/>\n\t<meta property=\"og:image:height\" content=\"425\" \/>\n\t<meta property=\"og:image:type\" content=\"image\/jpeg\" \/>\n<meta name=\"twitter:card\" content=\"summary_large_image\" \/>\n<meta name=\"twitter:site\" content=\"@ly673551729\" \/>\n<meta name=\"twitter:label1\" content=\"Tempo di lettura stimato\" \/>\n\t<meta name=\"twitter:data1\" content=\"1 minuto\" \/>\n<script type=\"application\/ld+json\" class=\"yoast-schema-graph\">{\"@context\":\"https:\\\/\\\/schema.org\",\"@graph\":[{\"@type\":\"WebPage\",\"@id\":\"https:\\\/\\\/deliangdisplay.com\\\/our-product\\\/accessories\\\/bangle-bars\\\/3-tier-bracelet-holder-display-detachable-t-bar-beige-velvet-bracelet-holder-jewelry-holder-organizer-for-bracelet-necklace-watches-rings\\\/\",\"url\":\"https:\\\/\\\/deliangdisplay.com\\\/our-product\\\/accessories\\\/bangle-bars\\\/3-tier-bracelet-holder-display-detachable-t-bar-beige-velvet-bracelet-holder-jewelry-holder-organizer-for-bracelet-necklace-watches-rings\\\/\",\"name\":\"3 Tier Bracelet Holder Display - Detachable T Bar Beige Velvet Bracelet Holder, Jewelry Holder Organizer for Bracelet, Necklace, Watches, Rings\",\"isPartOf\":{\"@id\":\"https:\\\/\\\/deliangdisplay.com\\\/#website\"},\"primaryImageOfPage\":{\"@id\":\"https:\\\/\\\/deliangdisplay.com\\\/our-product\\\/accessories\\\/bangle-bars\\\/3-tier-bracelet-holder-display-detachable-t-bar-beige-velvet-bracelet-holder-jewelry-holder-organizer-for-bracelet-necklace-watches-rings\\\/#primaryimage\"},\"image\":{\"@id\":\"https:\\\/\\\/deliangdisplay.com\\\/our-product\\\/accessories\\\/bangle-bars\\\/3-tier-bracelet-holder-display-detachable-t-bar-beige-velvet-bracelet-holder-jewelry-holder-organizer-for-bracelet-necklace-watches-rings\\\/#primaryimage\"},\"thumbnailUrl\":\"https:\\\/\\\/deliangdisplay.com\\\/wp-content\\\/uploads\\\/2025\\\/07\\\/120.jpg\",\"datePublished\":\"2025-07-31T10:06:08+00:00\",\"description\":\"3 Tier Bracelet Holder Display - Detachable T Bar Beige Velvet Bracelet Holder, Jewelry Holder Organizer for Bracelet, Necklace, Watches, Rings\",\"breadcrumb\":{\"@id\":\"https:\\\/\\\/deliangdisplay.com\\\/our-product\\\/accessories\\\/bangle-bars\\\/3-tier-bracelet-holder-display-detachable-t-bar-beige-velvet-bracelet-holder-jewelry-holder-organizer-for-bracelet-necklace-watches-rings\\\/#breadcrumb\"},\"inLanguage\":\"it-IT\",\"potentialAction\":[{\"@type\":\"ReadAction\",\"target\":[\"https:\\\/\\\/deliangdisplay.com\\\/our-product\\\/accessories\\\/bangle-bars\\\/3-tier-bracelet-holder-display-detachable-t-bar-beige-velvet-bracelet-holder-jewelry-holder-organizer-for-bracelet-necklace-watches-rings\\\/\"]}]},{\"@type\":\"ImageObject\",\"inLanguage\":\"it-IT\",\"@id\":\"https:\\\/\\\/deliangdisplay.com\\\/our-product\\\/accessories\\\/bangle-bars\\\/3-tier-bracelet-holder-display-detachable-t-bar-beige-velvet-bracelet-holder-jewelry-holder-organizer-for-bracelet-necklace-watches-rings\\\/#primaryimage\",\"url\":\"https:\\\/\\\/deliangdisplay.com\\\/wp-content\\\/uploads\\\/2025\\\/07\\\/120.jpg\",\"contentUrl\":\"https:\\\/\\\/deliangdisplay.com\\\/wp-content\\\/uploads\\\/2025\\\/07\\\/120.jpg\",\"width\":425,\"height\":425},{\"@type\":\"BreadcrumbList\",\"@id\":\"https:\\\/\\\/deliangdisplay.com\\\/our-product\\\/accessories\\\/bangle-bars\\\/3-tier-bracelet-holder-display-detachable-t-bar-beige-velvet-bracelet-holder-jewelry-holder-organizer-for-bracelet-necklace-watches-rings\\\/#breadcrumb\",\"itemListElement\":[{\"@type\":\"ListItem\",\"position\":1,\"name\":\"\u9996\u9875\",\"item\":\"https:\\\/\\\/deliangdisplay.com\\\/\"},{\"@type\":\"ListItem\",\"position\":2,\"name\":\"Our Product\",\"item\":\"https:\\\/\\\/deliangdisplay.com\\\/our-product\\\/\"},{\"@type\":\"ListItem\",\"position\":3,\"name\":\"3 Tier Bracelet Holder Display &#8211; Detachable T Bar Beige Velvet Bracelet Holder, Jewelry Holder Organizer for Bracelet, Necklace, Watches, Rings\"}]},{\"@type\":\"WebSite\",\"@id\":\"https:\\\/\\\/deliangdisplay.com\\\/#website\",\"url\":\"https:\\\/\\\/deliangdisplay.com\\\/\",\"name\":\"deliangdisplay.com\",\"description\":\"DE-LIANG - Providing bespoke packaging solutions and luxurious display design services for brands in jewelry, apparel, watches, beauty cosmetics, and more.\",\"publisher\":{\"@id\":\"https:\\\/\\\/deliangdisplay.com\\\/#organization\"},\"potentialAction\":[{\"@type\":\"SearchAction\",\"target\":{\"@type\":\"EntryPoint\",\"urlTemplate\":\"https:\\\/\\\/deliangdisplay.com\\\/?s={search_term_string}\"},\"query-input\":{\"@type\":\"PropertyValueSpecification\",\"valueRequired\":true,\"valueName\":\"search_term_string\"}}],\"inLanguage\":\"it-IT\"},{\"@type\":\"Organization\",\"@id\":\"https:\\\/\\\/deliangdisplay.com\\\/#organization\",\"name\":\"deliangdisplay.com\",\"url\":\"https:\\\/\\\/deliangdisplay.com\\\/\",\"logo\":{\"@type\":\"ImageObject\",\"inLanguage\":\"it-IT\",\"@id\":\"https:\\\/\\\/deliangdisplay.com\\\/#\\\/schema\\\/logo\\\/image\\\/\",\"url\":\"https:\\\/\\\/deliangdisplay.com\\\/wp-content\\\/uploads\\\/2025\\\/08\\\/DELIANGDISPALY_logo.png\",\"contentUrl\":\"https:\\\/\\\/deliangdisplay.com\\\/wp-content\\\/uploads\\\/2025\\\/08\\\/DELIANGDISPALY_logo.png\",\"width\":300,\"height\":130,\"caption\":\"deliangdisplay.com\"},\"image\":{\"@id\":\"https:\\\/\\\/deliangdisplay.com\\\/#\\\/schema\\\/logo\\\/image\\\/\"},\"sameAs\":[\"https:\\\/\\\/www.facebook.com\\\/JaneZhang008\\\/\",\"https:\\\/\\\/x.com\\\/ly673551729\"]}]}<\/script>\n<!-- \/ Yoast SEO plugin. -->","yoast_head_json":{"title":"Espositore a 3 livelli per braccialetti - Supporto per braccialetti in velluto beige con barra a T staccabile, organizzatore per braccialetti, collane, orologi e anelli.","description":"Espositore a 3 livelli per braccialetti - Supporto per braccialetti in velluto beige con barra a T staccabile, organizzatore per braccialetti, collane, orologi e anelli.","robots":{"index":"index","follow":"follow","max-snippet":"max-snippet:-1","max-image-preview":"max-image-preview:large","max-video-preview":"max-video-preview:-1"},"canonical":"https:\/\/deliangdisplay.com\/it\/il-nostro-prodotto\/accessori\/braccialetti\/espositore-porta-braccialetti-a-3-livelli-con-barra-a-t-staccabile-beige-in-velluto-porta-braccialetti-porta-gioielli-organizzatore-per-braccialetto-collana-orologi-anelli\/","og_locale":"it_IT","og_type":"article","og_title":"3 Tier Bracelet Holder Display - Detachable T Bar Beige Velvet Bracelet Holder, Jewelry Holder Organizer for Bracelet, Necklace, Watches, Rings","og_description":"3 Tier Bracelet Holder Display - Detachable T Bar Beige Velvet Bracelet Holder, Jewelry Holder Organizer for Bracelet, Necklace, Watches, Rings","og_url":"https:\/\/deliangdisplay.com\/it\/il-nostro-prodotto\/accessori\/braccialetti\/espositore-porta-braccialetti-a-3-livelli-con-barra-a-t-staccabile-beige-in-velluto-porta-braccialetti-porta-gioielli-organizzatore-per-braccialetto-collana-orologi-anelli\/","og_site_name":"DE-LIANG - jewelry,clothes,watch,beauty cosmetics","article_publisher":"https:\/\/www.facebook.com\/JaneZhang008\/","og_image":[{"width":425,"height":425,"url":"https:\/\/deliangdisplay.com\/wp-content\/uploads\/2025\/07\/120.jpg","type":"image\/jpeg"}],"twitter_card":"summary_large_image","twitter_site":"@ly673551729","twitter_misc":{"Tempo di lettura stimato":"1 minuto"},"schema":{"@context":"https:\/\/schema.org","@graph":[{"@type":"WebPage","@id":"https:\/\/deliangdisplay.com\/our-product\/accessories\/bangle-bars\/3-tier-bracelet-holder-display-detachable-t-bar-beige-velvet-bracelet-holder-jewelry-holder-organizer-for-bracelet-necklace-watches-rings\/","url":"https:\/\/deliangdisplay.com\/our-product\/accessories\/bangle-bars\/3-tier-bracelet-holder-display-detachable-t-bar-beige-velvet-bracelet-holder-jewelry-holder-organizer-for-bracelet-necklace-watches-rings\/","name":"Espositore a 3 livelli per braccialetti - Supporto per braccialetti in velluto beige con barra a T staccabile, organizzatore per braccialetti, collane, orologi e anelli.","isPartOf":{"@id":"https:\/\/deliangdisplay.com\/#website"},"primaryImageOfPage":{"@id":"https:\/\/deliangdisplay.com\/our-product\/accessories\/bangle-bars\/3-tier-bracelet-holder-display-detachable-t-bar-beige-velvet-bracelet-holder-jewelry-holder-organizer-for-bracelet-necklace-watches-rings\/#primaryimage"},"image":{"@id":"https:\/\/deliangdisplay.com\/our-product\/accessories\/bangle-bars\/3-tier-bracelet-holder-display-detachable-t-bar-beige-velvet-bracelet-holder-jewelry-holder-organizer-for-bracelet-necklace-watches-rings\/#primaryimage"},"thumbnailUrl":"https:\/\/deliangdisplay.com\/wp-content\/uploads\/2025\/07\/120.jpg","datePublished":"2025-07-31T10:06:08+00:00","description":"Espositore a 3 livelli per braccialetti - Supporto per braccialetti in velluto beige con barra a T staccabile, organizzatore per braccialetti, collane, orologi e anelli.","breadcrumb":{"@id":"https:\/\/deliangdisplay.com\/our-product\/accessories\/bangle-bars\/3-tier-bracelet-holder-display-detachable-t-bar-beige-velvet-bracelet-holder-jewelry-holder-organizer-for-bracelet-necklace-watches-rings\/#breadcrumb"},"inLanguage":"it-IT","potentialAction":[{"@type":"ReadAction","target":["https:\/\/deliangdisplay.com\/our-product\/accessories\/bangle-bars\/3-tier-bracelet-holder-display-detachable-t-bar-beige-velvet-bracelet-holder-jewelry-holder-organizer-for-bracelet-necklace-watches-rings\/"]}]},{"@type":"ImageObject","inLanguage":"it-IT","@id":"https:\/\/deliangdisplay.com\/our-product\/accessories\/bangle-bars\/3-tier-bracelet-holder-display-detachable-t-bar-beige-velvet-bracelet-holder-jewelry-holder-organizer-for-bracelet-necklace-watches-rings\/#primaryimage","url":"https:\/\/deliangdisplay.com\/wp-content\/uploads\/2025\/07\/120.jpg","contentUrl":"https:\/\/deliangdisplay.com\/wp-content\/uploads\/2025\/07\/120.jpg","width":425,"height":425},{"@type":"BreadcrumbList","@id":"https:\/\/deliangdisplay.com\/our-product\/accessories\/bangle-bars\/3-tier-bracelet-holder-display-detachable-t-bar-beige-velvet-bracelet-holder-jewelry-holder-organizer-for-bracelet-necklace-watches-rings\/#breadcrumb","itemListElement":[{"@type":"ListItem","position":1,"name":"\u9996\u9875","item":"https:\/\/deliangdisplay.com\/"},{"@type":"ListItem","position":2,"name":"Our Product","item":"https:\/\/deliangdisplay.com\/our-product\/"},{"@type":"ListItem","position":3,"name":"3 Tier Bracelet Holder Display &#8211; Detachable T Bar Beige Velvet Bracelet Holder, Jewelry Holder Organizer for Bracelet, Necklace, Watches, Rings"}]},{"@type":"WebSite","@id":"https:\/\/deliangdisplay.com\/#website","url":"https:\/\/deliangdisplay.com\/","name":"deliangdisplay.com","description":"DE-LIANG - Fornisce soluzioni di packaging su misura e servizi di design di espositori di lusso per marchi di gioielli, abbigliamento, orologi, cosmetici di bellezza e altro ancora.","publisher":{"@id":"https:\/\/deliangdisplay.com\/#organization"},"potentialAction":[{"@type":"SearchAction","target":{"@type":"EntryPoint","urlTemplate":"https:\/\/deliangdisplay.com\/?s={search_term_string}"},"query-input":{"@type":"PropertyValueSpecification","valueRequired":true,"valueName":"search_term_string"}}],"inLanguage":"it-IT"},{"@type":"Organization","@id":"https:\/\/deliangdisplay.com\/#organization","name":"deliangdisplay.com","url":"https:\/\/deliangdisplay.com\/","logo":{"@type":"ImageObject","inLanguage":"it-IT","@id":"https:\/\/deliangdisplay.com\/#\/schema\/logo\/image\/","url":"https:\/\/deliangdisplay.com\/wp-content\/uploads\/2025\/08\/DELIANGDISPALY_logo.png","contentUrl":"https:\/\/deliangdisplay.com\/wp-content\/uploads\/2025\/08\/DELIANGDISPALY_logo.png","width":300,"height":130,"caption":"deliangdisplay.com"},"image":{"@id":"https:\/\/deliangdisplay.com\/#\/schema\/logo\/image\/"},"sameAs":["https:\/\/www.facebook.com\/JaneZhang008\/","https:\/\/x.com\/ly673551729"]}]}},"_links":{"self":[{"href":"https:\/\/deliangdisplay.com\/it\/wp-json\/wp\/v2\/product\/41421","targetHints":{"allow":["GET"]}}],"collection":[{"href":"https:\/\/deliangdisplay.com\/it\/wp-json\/wp\/v2\/product"}],"about":[{"href":"https:\/\/deliangdisplay.com\/it\/wp-json\/wp\/v2\/types\/product"}],"replies":[{"embeddable":true,"href":"https:\/\/deliangdisplay.com\/it\/wp-json\/wp\/v2\/comments?post=41421"}],"wp:featuredmedia":[{"embeddable":true,"href":"https:\/\/deliangdisplay.com\/it\/wp-json\/wp\/v2\/media\/41423"}],"wp:attachment":[{"href":"https:\/\/deliangdisplay.com\/it\/wp-json\/wp\/v2\/media?parent=41421"}],"wp:term":[{"taxonomy":"product_brand","embeddable":true,"href":"https:\/\/deliangdisplay.com\/it\/wp-json\/wp\/v2\/product_brand?post=41421"},{"taxonomy":"product_cat","embeddable":true,"href":"https:\/\/deliangdisplay.com\/it\/wp-json\/wp\/v2\/product_cat?post=41421"},{"taxonomy":"product_tag","embeddable":true,"href":"https:\/\/deliangdisplay.com\/it\/wp-json\/wp\/v2\/product_tag?post=41421"}],"curies":[{"name":"wp","href":"https:\/\/api.w.org\/{rel}","templated":true}]}}