{"id":44220,"date":"2025-11-13T16:36:14","date_gmt":"2025-11-13T08:36:14","guid":{"rendered":"https:\/\/deliangdisplay.com\/?post_type=product&#038;p=44220"},"modified":"2025-11-13T16:49:30","modified_gmt":"2025-11-13T08:49:30","slug":"tete-de-mannequin-en-fibre-de-verre-a-usage-multiple-base-stable-pour-bijoux-et-accessoires-de-mode","status":"publish","type":"product","link":"https:\/\/deliangdisplay.com\/fr\/notre-produit\/accessoires\/formes-de-cou\/tete-de-mannequin-en-fibre-de-verre-a-usage-multiple-base-stable-pour-bijoux-et-accessoires-de-mode\/","title":{"rendered":"T\u00eate de mannequin en fibre de verre \u00e0 usages multiples - Base stable pour bijoux et accessoires de mode"},"content":{"rendered":"<h3 class=\"header-iWP5WJ auto-hide-last-sibling-br\" style=\"outline: none; -webkit-font-smoothing: antialiased; box-sizing: border-box; -webkit-tap-highlight-color: rgba(0, 0, 0, 0); border: 0px solid; margin: 12px 0px 0px; padding: 0px; font-size: 16px; line-height: 24px; color: #000000; overflow-anchor: auto; font-family: Inter, -apple-system, BlinkMacSystemFont, 'Segoe UI', 'PingFang SC', 'Hiragino Sans GB', 'Microsoft YaHei', 'Helvetica Neue', Helvetica, Arial, sans-serif;\">Construction durable en fibre de verre<\/h3>\n<div class=\"auto-hide-last-sibling-br paragraph-pP9ZLC paragraph-element br-paragraph-space\" style=\"outline: none; -webkit-font-smoothing: antialiased; box-sizing: border-box; -webkit-tap-highlight-color: rgba(0, 0, 0, 0); border: 0px solid; margin: 0px; padding: 0px; line-height: 24px; color: #000000; overflow-anchor: auto; font-family: Inter, -apple-system, BlinkMacSystemFont, 'Segoe UI', 'PingFang SC', 'Hiragino Sans GB', 'Microsoft YaHei', 'Helvetica Neue', Helvetica, Arial, sans-serif;\">Fabriqu\u00e9e en fibre de verre de haute qualit\u00e9, cette t\u00eate de mannequin pr\u00e9sente une robustesse et une long\u00e9vit\u00e9 exceptionnelles. La surface lisse et \u00e9l\u00e9gante r\u00e9siste aux rayures et \u00e0 l'usure, conservant un aspect poli m\u00eame en cas d'utilisation fr\u00e9quente. Sa construction solide lui permet de garder sa forme de mani\u00e8re fiable, ce qui la rend id\u00e9ale pour une exposition \u00e0 long terme ou pour des coiffures r\u00e9p\u00e9t\u00e9es.<\/div>\n<h3 class=\"header-iWP5WJ auto-hide-last-sibling-br\" style=\"outline: none; -webkit-font-smoothing: antialiased; box-sizing: border-box; -webkit-tap-highlight-color: rgba(0, 0, 0, 0); border: 0px solid; margin: 12px 0px 0px; padding: 0px; font-size: 16px; line-height: 24px; color: #000000; overflow-anchor: auto; font-family: Inter, -apple-system, BlinkMacSystemFont, 'Segoe UI', 'PingFang SC', 'Hiragino Sans GB', 'Microsoft YaHei', 'Helvetica Neue', Helvetica, Arial, sans-serif;\">Affichage polyvalent pour de multiples accessoires<\/h3>\n<div class=\"auto-hide-last-sibling-br paragraph-pP9ZLC paragraph-element br-paragraph-space\" style=\"outline: none; -webkit-font-smoothing: antialiased; box-sizing: border-box; -webkit-tap-highlight-color: rgba(0, 0, 0, 0); border: 0px solid; margin: 0px; padding: 0px; line-height: 24px; color: #000000; overflow-anchor: auto; font-family: Inter, -apple-system, BlinkMacSystemFont, 'Segoe UI', 'PingFang SC', 'Hiragino Sans GB', 'Microsoft YaHei', 'Helvetica Neue', Helvetica, Arial, sans-serif;\">Con\u00e7ue pour pr\u00e9senter une large gamme d'articles, elle est parfaite pour exposer des perruques, des chapeaux, des \u00e9charpes, des colliers, des boucles d'oreilles et d'autres accessoires de mode. Les proportions r\u00e9alistes des t\u00eates permettent aux clients de visualiser l'aspect des produits lorsqu'ils sont port\u00e9s, ce qui renforce l'engagement et aide \u00e0 prendre des d\u00e9cisions d'achat.<\/div>\n<h3 class=\"header-iWP5WJ auto-hide-last-sibling-br\" style=\"outline: none; -webkit-font-smoothing: antialiased; box-sizing: border-box; -webkit-tap-highlight-color: rgba(0, 0, 0, 0); border: 0px solid; margin: 12px 0px 0px; padding: 0px; font-size: 16px; line-height: 24px; color: #000000; overflow-anchor: auto; font-family: Inter, -apple-system, BlinkMacSystemFont, 'Segoe UI', 'PingFang SC', 'Hiragino Sans GB', 'Microsoft YaHei', 'Helvetica Neue', Helvetica, Arial, sans-serif;\">Conception stable et pratique<\/h3>\n<div class=\"auto-hide-last-sibling-br paragraph-pP9ZLC paragraph-element br-paragraph-space\" style=\"outline: none; -webkit-font-smoothing: antialiased; box-sizing: border-box; -webkit-tap-highlight-color: rgba(0, 0, 0, 0); border: 0px solid; margin: 0px; padding: 0px; line-height: 24px; color: #000000; overflow-anchor: auto; font-family: Inter, -apple-system, BlinkMacSystemFont, 'Segoe UI', 'PingFang SC', 'Hiragino Sans GB', 'Microsoft YaHei', 'Helvetica Neue', Helvetica, Arial, sans-serif;\">\u00c9quip\u00e9e d'une base lest\u00e9e et antid\u00e9rapante, cette t\u00eate de mannequin reste fermement ancr\u00e9e sur les comptoirs, les \u00e9tag\u00e8res ou les toiles de fond photographiques. La stabilit\u00e9 de la base emp\u00eache tout basculement, m\u00eame lorsque le mannequin est coiff\u00e9 d'articles plus volumineux tels que de longues perruques ou des chapeaux \u00e0 larges bords. Sa taille compacte permet d'\u00e9conomiser de l'espace tout en attirant l'attention dans les magasins ou \u00e0 la maison.<\/div>\n<h3 class=\"header-iWP5WJ auto-hide-last-sibling-br\" style=\"outline: none; -webkit-font-smoothing: antialiased; box-sizing: border-box; -webkit-tap-highlight-color: rgba(0, 0, 0, 0); border: 0px solid; margin: 12px 0px 0px; padding: 0px; font-size: 16px; line-height: 24px; color: #000000; overflow-anchor: auto; font-family: Inter, -apple-system, BlinkMacSystemFont, 'Segoe UI', 'PingFang SC', 'Hiragino Sans GB', 'Microsoft YaHei', 'Helvetica Neue', Helvetica, Arial, sans-serif;\">Esth\u00e9tique intemporelle et utilisation multi-sc\u00e9narios<\/h3>\n<div class=\"auto-hide-last-sibling-br paragraph-pP9ZLC paragraph-element br-paragraph-space\" style=\"outline: none; -webkit-font-smoothing: antialiased; box-sizing: border-box; -webkit-tap-highlight-color: rgba(0, 0, 0, 0); border: 0px solid; margin: 0px; padding: 0px; line-height: 24px; color: #000000; overflow-anchor: auto; font-family: Inter, -apple-system, BlinkMacSystemFont, 'Segoe UI', 'PingFang SC', 'Hiragino Sans GB', 'Microsoft YaHei', 'Helvetica Neue', Helvetica, Arial, sans-serif;\">Avec son design classique et neutre, il s'adapte \u00e0 tous les styles de d\u00e9coration, qu'il s'agisse de boutiques modernes, de magasins au th\u00e8me vintage ou de vanit\u00e9s d'int\u00e9rieur. C'est un outil polyvalent pour les pr\u00e9sentoirs de vente au d\u00e9tail, les salons de perruque, la photographie de produits ou l'organisation de collections personnelles, qui ajoute une touche professionnelle \u00e0 toute installation sans faire de l'ombre \u00e0 vos produits.<\/div>","protected":false},"excerpt":{"rendered":"<p>Cette t\u00eate de mannequin en fibre de verre durable pr\u00e9sente une surface \u00e9l\u00e9gante et r\u00e9sistante aux rayures, ainsi qu'une base stable et lest\u00e9e. Con\u00e7ue avec des proportions r\u00e9alistes, elle permet de pr\u00e9senter en toute s\u00e9curit\u00e9 des perruques, des chapeaux, des \u00e9charpes, des colliers, des boucles d'oreilles et des accessoires de mode. Id\u00e9al pour les boutiques, les salons de perruque, les pr\u00e9sentoirs de vente au d\u00e9tail, la photographie de produits ou la d\u00e9coration d'int\u00e9rieur, il allie une robustesse durable \u00e0 un attrait polyvalent et professionnel.<\/p>","protected":false},"featured_media":44227,"comment_status":"open","ping_status":"closed","template":"","meta":{"_acf_changed":false},"product_brand":[84],"product_cat":[69],"product_tag":[1069,1072,1073,1065,1055,1057,1066,1064,1050,1068,1048,1051,1071,1067,1070],"class_list":{"0":"post-44220","1":"product","2":"type-product","3":"status-publish","4":"has-post-thumbnail","6":"product_brand-de-liang","7":"product_cat-neck-forms","8":"product_tag-boutique-display-model","9":"product_tag-durable-mannequin-head","10":"product_tag-fashion-accessory-display","11":"product_tag-fiberglass-mannequin-head","12":"product_tag-hat-display-model","13":"product_tag-jewelry-display-stand","14":"product_tag-linen-covered-display-head","15":"product_tag-multi-use-display-head","16":"product_tag-product-photography-stand","17":"product_tag-professional-mannequin-head","18":"product_tag-retail-display-prop","19":"product_tag-scarf-display-head","20":"product_tag-stable-display-base","21":"product_tag-wig-display-stand","22":"product_tag-wig-salon-tool","24":"first","25":"instock","26":"shipping-taxable","27":"purchasable","28":"product-type-simple"},"acf":[],"yoast_head":"<!-- This site is optimized with the Yoast SEO plugin v27.4 - https:\/\/yoast.com\/product\/yoast-seo-wordpress\/ -->\n<title>Multi-Use Fiberglass Mannequin Head \u2013 Stable Base for Jewelry &amp; Fashion Accessories - DE-LIANG - jewelry,clothes,watch,beauty cosmetics<\/title>\n<meta name=\"robots\" content=\"index, follow, max-snippet:-1, max-image-preview:large, max-video-preview:-1\" \/>\n<link rel=\"canonical\" href=\"https:\/\/deliangdisplay.com\/fr\/notre-produit\/accessoires\/formes-de-cou\/tete-de-mannequin-en-fibre-de-verre-a-usage-multiple-base-stable-pour-bijoux-et-accessoires-de-mode\/\" \/>\n<meta property=\"og:locale\" content=\"fr_FR\" \/>\n<meta property=\"og:type\" content=\"article\" \/>\n<meta property=\"og:title\" content=\"Multi-Use Fiberglass Mannequin Head \u2013 Stable Base for Jewelry &amp; Fashion Accessories - DE-LIANG - jewelry,clothes,watch,beauty cosmetics\" \/>\n<meta property=\"og:description\" content=\"This durable fiberglass mannequin head features a sleek, scratch-resistant surface and weighted stable base. Designed with lifelike proportions, it securely displays wigs, hats, scarves, necklaces, earrings, and fashion accessories. Ideal for boutiques, wig salons, retail displays, product photography, or home decor\u2014blending long-lasting sturdiness with versatile, professional styling appeal.\" \/>\n<meta property=\"og:url\" content=\"https:\/\/deliangdisplay.com\/fr\/notre-produit\/accessoires\/formes-de-cou\/tete-de-mannequin-en-fibre-de-verre-a-usage-multiple-base-stable-pour-bijoux-et-accessoires-de-mode\/\" \/>\n<meta property=\"og:site_name\" content=\"DE-LIANG - jewelry,clothes,watch,beauty cosmetics\" \/>\n<meta property=\"article:publisher\" content=\"https:\/\/www.facebook.com\/JaneZhang008\/\" \/>\n<meta property=\"article:modified_time\" content=\"2025-11-13T08:49:30+00:00\" \/>\n<meta property=\"og:image\" content=\"https:\/\/deliangdisplay.com\/wp-content\/uploads\/2025\/11\/18-1.webp\" \/>\n\t<meta property=\"og:image:width\" content=\"713\" \/>\n\t<meta property=\"og:image:height\" content=\"713\" \/>\n\t<meta property=\"og:image:type\" content=\"image\/webp\" \/>\n<meta name=\"twitter:card\" content=\"summary_large_image\" \/>\n<meta name=\"twitter:site\" content=\"@ly673551729\" \/>\n<meta name=\"twitter:label1\" content=\"Dur\u00e9e de lecture estim\u00e9e\" \/>\n\t<meta name=\"twitter:data1\" content=\"2 minutes\" \/>\n<script type=\"application\/ld+json\" class=\"yoast-schema-graph\">{\"@context\":\"https:\\\/\\\/schema.org\",\"@graph\":[{\"@type\":\"WebPage\",\"@id\":\"https:\\\/\\\/deliangdisplay.com\\\/our-product\\\/accessories\\\/neck-forms\\\/multi-use-fiberglass-mannequin-head-stable-base-for-jewelry-fashion-accessories\\\/\",\"url\":\"https:\\\/\\\/deliangdisplay.com\\\/our-product\\\/accessories\\\/neck-forms\\\/multi-use-fiberglass-mannequin-head-stable-base-for-jewelry-fashion-accessories\\\/\",\"name\":\"Multi-Use Fiberglass Mannequin Head \u2013 Stable Base for Jewelry & Fashion Accessories - DE-LIANG - jewelry,clothes,watch,beauty cosmetics\",\"isPartOf\":{\"@id\":\"https:\\\/\\\/deliangdisplay.com\\\/#website\"},\"primaryImageOfPage\":{\"@id\":\"https:\\\/\\\/deliangdisplay.com\\\/our-product\\\/accessories\\\/neck-forms\\\/multi-use-fiberglass-mannequin-head-stable-base-for-jewelry-fashion-accessories\\\/#primaryimage\"},\"image\":{\"@id\":\"https:\\\/\\\/deliangdisplay.com\\\/our-product\\\/accessories\\\/neck-forms\\\/multi-use-fiberglass-mannequin-head-stable-base-for-jewelry-fashion-accessories\\\/#primaryimage\"},\"thumbnailUrl\":\"https:\\\/\\\/deliangdisplay.com\\\/wp-content\\\/uploads\\\/2025\\\/11\\\/18-1.webp\",\"datePublished\":\"2025-11-13T08:36:14+00:00\",\"dateModified\":\"2025-11-13T08:49:30+00:00\",\"breadcrumb\":{\"@id\":\"https:\\\/\\\/deliangdisplay.com\\\/our-product\\\/accessories\\\/neck-forms\\\/multi-use-fiberglass-mannequin-head-stable-base-for-jewelry-fashion-accessories\\\/#breadcrumb\"},\"inLanguage\":\"fr-FR\",\"potentialAction\":[{\"@type\":\"ReadAction\",\"target\":[\"https:\\\/\\\/deliangdisplay.com\\\/our-product\\\/accessories\\\/neck-forms\\\/multi-use-fiberglass-mannequin-head-stable-base-for-jewelry-fashion-accessories\\\/\"]}]},{\"@type\":\"ImageObject\",\"inLanguage\":\"fr-FR\",\"@id\":\"https:\\\/\\\/deliangdisplay.com\\\/our-product\\\/accessories\\\/neck-forms\\\/multi-use-fiberglass-mannequin-head-stable-base-for-jewelry-fashion-accessories\\\/#primaryimage\",\"url\":\"https:\\\/\\\/deliangdisplay.com\\\/wp-content\\\/uploads\\\/2025\\\/11\\\/18-1.webp\",\"contentUrl\":\"https:\\\/\\\/deliangdisplay.com\\\/wp-content\\\/uploads\\\/2025\\\/11\\\/18-1.webp\",\"width\":713,\"height\":713},{\"@type\":\"BreadcrumbList\",\"@id\":\"https:\\\/\\\/deliangdisplay.com\\\/our-product\\\/accessories\\\/neck-forms\\\/multi-use-fiberglass-mannequin-head-stable-base-for-jewelry-fashion-accessories\\\/#breadcrumb\",\"itemListElement\":[{\"@type\":\"ListItem\",\"position\":1,\"name\":\"\u9996\u9875\",\"item\":\"https:\\\/\\\/deliangdisplay.com\\\/\"},{\"@type\":\"ListItem\",\"position\":2,\"name\":\"Our Product\",\"item\":\"https:\\\/\\\/deliangdisplay.com\\\/our-product\\\/\"},{\"@type\":\"ListItem\",\"position\":3,\"name\":\"Multi-Use Fiberglass Mannequin Head \u2013 Stable Base for Jewelry &#038; Fashion Accessories\"}]},{\"@type\":\"WebSite\",\"@id\":\"https:\\\/\\\/deliangdisplay.com\\\/#website\",\"url\":\"https:\\\/\\\/deliangdisplay.com\\\/\",\"name\":\"deliangdisplay.com\",\"description\":\"DE-LIANG - Providing bespoke packaging solutions and luxurious display design services for brands in jewelry, apparel, watches, beauty cosmetics, and more.\",\"publisher\":{\"@id\":\"https:\\\/\\\/deliangdisplay.com\\\/#organization\"},\"potentialAction\":[{\"@type\":\"SearchAction\",\"target\":{\"@type\":\"EntryPoint\",\"urlTemplate\":\"https:\\\/\\\/deliangdisplay.com\\\/?s={search_term_string}\"},\"query-input\":{\"@type\":\"PropertyValueSpecification\",\"valueRequired\":true,\"valueName\":\"search_term_string\"}}],\"inLanguage\":\"fr-FR\"},{\"@type\":\"Organization\",\"@id\":\"https:\\\/\\\/deliangdisplay.com\\\/#organization\",\"name\":\"deliangdisplay.com\",\"url\":\"https:\\\/\\\/deliangdisplay.com\\\/\",\"logo\":{\"@type\":\"ImageObject\",\"inLanguage\":\"fr-FR\",\"@id\":\"https:\\\/\\\/deliangdisplay.com\\\/#\\\/schema\\\/logo\\\/image\\\/\",\"url\":\"https:\\\/\\\/deliangdisplay.com\\\/wp-content\\\/uploads\\\/2025\\\/08\\\/DELIANGDISPALY_logo.png\",\"contentUrl\":\"https:\\\/\\\/deliangdisplay.com\\\/wp-content\\\/uploads\\\/2025\\\/08\\\/DELIANGDISPALY_logo.png\",\"width\":300,\"height\":130,\"caption\":\"deliangdisplay.com\"},\"image\":{\"@id\":\"https:\\\/\\\/deliangdisplay.com\\\/#\\\/schema\\\/logo\\\/image\\\/\"},\"sameAs\":[\"https:\\\/\\\/www.facebook.com\\\/JaneZhang008\\\/\",\"https:\\\/\\\/x.com\\\/ly673551729\"]}]}<\/script>\n<!-- \/ Yoast SEO plugin. -->","yoast_head_json":{"title":"T\u00eate de mannequin en fibre de verre \u00e0 usages multiples - Base stable pour bijoux et accessoires de mode - DE-LIANG - bijoux,v\u00eatements,montres,beaut\u00e9,cosm\u00e9tique","robots":{"index":"index","follow":"follow","max-snippet":"max-snippet:-1","max-image-preview":"max-image-preview:large","max-video-preview":"max-video-preview:-1"},"canonical":"https:\/\/deliangdisplay.com\/fr\/notre-produit\/accessoires\/formes-de-cou\/tete-de-mannequin-en-fibre-de-verre-a-usage-multiple-base-stable-pour-bijoux-et-accessoires-de-mode\/","og_locale":"fr_FR","og_type":"article","og_title":"Multi-Use Fiberglass Mannequin Head \u2013 Stable Base for Jewelry & Fashion Accessories - DE-LIANG - jewelry,clothes,watch,beauty cosmetics","og_description":"This durable fiberglass mannequin head features a sleek, scratch-resistant surface and weighted stable base. Designed with lifelike proportions, it securely displays wigs, hats, scarves, necklaces, earrings, and fashion accessories. Ideal for boutiques, wig salons, retail displays, product photography, or home decor\u2014blending long-lasting sturdiness with versatile, professional styling appeal.","og_url":"https:\/\/deliangdisplay.com\/fr\/notre-produit\/accessoires\/formes-de-cou\/tete-de-mannequin-en-fibre-de-verre-a-usage-multiple-base-stable-pour-bijoux-et-accessoires-de-mode\/","og_site_name":"DE-LIANG - jewelry,clothes,watch,beauty cosmetics","article_publisher":"https:\/\/www.facebook.com\/JaneZhang008\/","article_modified_time":"2025-11-13T08:49:30+00:00","og_image":[{"width":713,"height":713,"url":"https:\/\/deliangdisplay.com\/wp-content\/uploads\/2025\/11\/18-1.webp","type":"image\/webp"}],"twitter_card":"summary_large_image","twitter_site":"@ly673551729","twitter_misc":{"Dur\u00e9e de lecture estim\u00e9e":"2 minutes"},"schema":{"@context":"https:\/\/schema.org","@graph":[{"@type":"WebPage","@id":"https:\/\/deliangdisplay.com\/our-product\/accessories\/neck-forms\/multi-use-fiberglass-mannequin-head-stable-base-for-jewelry-fashion-accessories\/","url":"https:\/\/deliangdisplay.com\/our-product\/accessories\/neck-forms\/multi-use-fiberglass-mannequin-head-stable-base-for-jewelry-fashion-accessories\/","name":"T\u00eate de mannequin en fibre de verre \u00e0 usages multiples - Base stable pour bijoux et accessoires de mode - DE-LIANG - bijoux,v\u00eatements,montres,beaut\u00e9,cosm\u00e9tique","isPartOf":{"@id":"https:\/\/deliangdisplay.com\/#website"},"primaryImageOfPage":{"@id":"https:\/\/deliangdisplay.com\/our-product\/accessories\/neck-forms\/multi-use-fiberglass-mannequin-head-stable-base-for-jewelry-fashion-accessories\/#primaryimage"},"image":{"@id":"https:\/\/deliangdisplay.com\/our-product\/accessories\/neck-forms\/multi-use-fiberglass-mannequin-head-stable-base-for-jewelry-fashion-accessories\/#primaryimage"},"thumbnailUrl":"https:\/\/deliangdisplay.com\/wp-content\/uploads\/2025\/11\/18-1.webp","datePublished":"2025-11-13T08:36:14+00:00","dateModified":"2025-11-13T08:49:30+00:00","breadcrumb":{"@id":"https:\/\/deliangdisplay.com\/our-product\/accessories\/neck-forms\/multi-use-fiberglass-mannequin-head-stable-base-for-jewelry-fashion-accessories\/#breadcrumb"},"inLanguage":"fr-FR","potentialAction":[{"@type":"ReadAction","target":["https:\/\/deliangdisplay.com\/our-product\/accessories\/neck-forms\/multi-use-fiberglass-mannequin-head-stable-base-for-jewelry-fashion-accessories\/"]}]},{"@type":"ImageObject","inLanguage":"fr-FR","@id":"https:\/\/deliangdisplay.com\/our-product\/accessories\/neck-forms\/multi-use-fiberglass-mannequin-head-stable-base-for-jewelry-fashion-accessories\/#primaryimage","url":"https:\/\/deliangdisplay.com\/wp-content\/uploads\/2025\/11\/18-1.webp","contentUrl":"https:\/\/deliangdisplay.com\/wp-content\/uploads\/2025\/11\/18-1.webp","width":713,"height":713},{"@type":"BreadcrumbList","@id":"https:\/\/deliangdisplay.com\/our-product\/accessories\/neck-forms\/multi-use-fiberglass-mannequin-head-stable-base-for-jewelry-fashion-accessories\/#breadcrumb","itemListElement":[{"@type":"ListItem","position":1,"name":"\u9996\u9875","item":"https:\/\/deliangdisplay.com\/"},{"@type":"ListItem","position":2,"name":"Our Product","item":"https:\/\/deliangdisplay.com\/our-product\/"},{"@type":"ListItem","position":3,"name":"Multi-Use Fiberglass Mannequin Head \u2013 Stable Base for Jewelry &#038; Fashion Accessories"}]},{"@type":"WebSite","@id":"https:\/\/deliangdisplay.com\/#website","url":"https:\/\/deliangdisplay.com\/","name":"deliangdisplay.com","description":"DE-LIANG - Fournit des solutions d'emballage sur mesure et des services de conception de pr\u00e9sentoirs luxueux pour les marques de bijoux, de v\u00eatements, de montres, de produits de beaut\u00e9 et de cosm\u00e9tiques, et plus encore.","publisher":{"@id":"https:\/\/deliangdisplay.com\/#organization"},"potentialAction":[{"@type":"SearchAction","target":{"@type":"EntryPoint","urlTemplate":"https:\/\/deliangdisplay.com\/?s={search_term_string}"},"query-input":{"@type":"PropertyValueSpecification","valueRequired":true,"valueName":"search_term_string"}}],"inLanguage":"fr-FR"},{"@type":"Organization","@id":"https:\/\/deliangdisplay.com\/#organization","name":"deliangdisplay.com","url":"https:\/\/deliangdisplay.com\/","logo":{"@type":"ImageObject","inLanguage":"fr-FR","@id":"https:\/\/deliangdisplay.com\/#\/schema\/logo\/image\/","url":"https:\/\/deliangdisplay.com\/wp-content\/uploads\/2025\/08\/DELIANGDISPALY_logo.png","contentUrl":"https:\/\/deliangdisplay.com\/wp-content\/uploads\/2025\/08\/DELIANGDISPALY_logo.png","width":300,"height":130,"caption":"deliangdisplay.com"},"image":{"@id":"https:\/\/deliangdisplay.com\/#\/schema\/logo\/image\/"},"sameAs":["https:\/\/www.facebook.com\/JaneZhang008\/","https:\/\/x.com\/ly673551729"]}]}},"_links":{"self":[{"href":"https:\/\/deliangdisplay.com\/fr\/wp-json\/wp\/v2\/product\/44220","targetHints":{"allow":["GET"]}}],"collection":[{"href":"https:\/\/deliangdisplay.com\/fr\/wp-json\/wp\/v2\/product"}],"about":[{"href":"https:\/\/deliangdisplay.com\/fr\/wp-json\/wp\/v2\/types\/product"}],"replies":[{"embeddable":true,"href":"https:\/\/deliangdisplay.com\/fr\/wp-json\/wp\/v2\/comments?post=44220"}],"wp:featuredmedia":[{"embeddable":true,"href":"https:\/\/deliangdisplay.com\/fr\/wp-json\/wp\/v2\/media\/44227"}],"wp:attachment":[{"href":"https:\/\/deliangdisplay.com\/fr\/wp-json\/wp\/v2\/media?parent=44220"}],"wp:term":[{"taxonomy":"product_brand","embeddable":true,"href":"https:\/\/deliangdisplay.com\/fr\/wp-json\/wp\/v2\/product_brand?post=44220"},{"taxonomy":"product_cat","embeddable":true,"href":"https:\/\/deliangdisplay.com\/fr\/wp-json\/wp\/v2\/product_cat?post=44220"},{"taxonomy":"product_tag","embeddable":true,"href":"https:\/\/deliangdisplay.com\/fr\/wp-json\/wp\/v2\/product_tag?post=44220"}],"curies":[{"name":"wp","href":"https:\/\/api.w.org\/{rel}","templated":true}]}}