{"id":44158,"date":"2025-11-10T10:17:48","date_gmt":"2025-11-10T02:17:48","guid":{"rendered":"https:\/\/deliangdisplay.com\/?post_type=product&#038;p=44158"},"modified":"2025-11-10T10:18:11","modified_gmt":"2025-11-10T02:18:11","slug":"support-de-buste-pour-bijoux-en-fibre-de-verre-de-premiere-qualite-enveloppe-en-cuir-souple-hauteur-reglable-pour-les-presentoirs","status":"publish","type":"product","link":"https:\/\/deliangdisplay.com\/fr\/notre-produit\/affichages\/bijoux-non-classe\/support-de-buste-pour-bijoux-en-fibre-de-verre-de-premiere-qualite-enveloppe-en-cuir-souple-hauteur-reglable-pour-les-presentoirs\/","title":{"rendered":"Porte-bijoux en fibre de verre de qualit\u00e9 sup\u00e9rieure - Enveloppe en cuir souple et hauteur r\u00e9glable pour les pr\u00e9sentoirs"},"content":{"rendered":"<h3 class=\"header-vfC6AV auto-hide-last-sibling-br\">Mat\u00e9riaux de luxe et savoir-faire impeccable<\/h3>\n<div class=\"auto-hide-last-sibling-br paragraph-JOTKXA paragraph-element br-paragraph-space\">Fabriqu\u00e9 \u00e0 partir d'un noyau en fibre de verre robuste et envelopp\u00e9 d'un tissu en cuir de haute qualit\u00e9 doux comme du beurre, ce buste porte-bijoux respire le luxe sous tous les angles. La surface lisse et tactile offre non seulement une sensation de qualit\u00e9 au toucher, mais constitue \u00e9galement une toile de fond id\u00e9ale pour les colliers fins, les cha\u00eenes d\u00e9licates et les pendentifs de prestige. Les coutures m\u00e9ticuleuses et l'attention port\u00e9e aux d\u00e9tails garantissent une finition impeccable qui compl\u00e8te - et non concurrence - vos accessoires les plus pr\u00e9cieux, \u00e9levant instantan\u00e9ment leur valeur per\u00e7ue.<\/div>\n<h3 class=\"header-vfC6AV auto-hide-last-sibling-br\">Conception stable et ajustable pour une personnalisation parfaite<\/h3>\n<div class=\"auto-hide-last-sibling-br paragraph-JOTKXA paragraph-element br-paragraph-space\">Dot\u00e9 d'une \u00e9l\u00e9gante base ronde dor\u00e9e, ce buste de pr\u00e9sentation offre une stabilit\u00e9 in\u00e9branlable, m\u00eame sur les comptoirs de vente au d\u00e9tail tr\u00e8s fr\u00e9quent\u00e9s ou sur les meubles de salon. Sa hauteur r\u00e9glable (35-53 cm) vous permet d'adapter le pr\u00e9sentoir \u00e0 des colliers ras-de-cou courts, \u00e0 de longues cha\u00eenes de superposition ou \u00e0 des pi\u00e8ces d'apparat spectaculaires. La largeur d'\u00e9paule de 21,5 cm reproduit les proportions naturelles, tandis que la base compacte de 15\u00d710 cm permet d'\u00e9conomiser un espace pr\u00e9cieux, ce qui est id\u00e9al pour les comptoirs \u00e9troits ou les vitrines. Qu'il s'agisse d'une pi\u00e8ce unique ou d'une collection, le design personnalisable garantit un aspect professionnel et soign\u00e9.<\/div>\n<h3 class=\"header-vfC6AV auto-hide-last-sibling-br\">Drap\u00e9 r\u00e9aliste et esth\u00e9tique accrocheuse<\/h3>\n<div class=\"auto-hide-last-sibling-br paragraph-JOTKXA paragraph-element br-paragraph-space\">Con\u00e7u pour reproduire la fa\u00e7on dont les bijoux tombent sur la forme humaine, ce buste pr\u00e9sente vos accessoires sous leur jour le plus flatteur. Les \u00e9paules profil\u00e9es et la forme naturelle cr\u00e9ent un drap\u00e9 r\u00e9aliste qui aide les clients \u00e0 visualiser l'aspect des pi\u00e8ces lorsqu'elles sont port\u00e9es, ce qui stimule l'engagement et le d\u00e9sir. Disponible dans un vert et un orange audacieux et tr\u00e8s tendance, il ajoute une touche de couleur vibrante aux pr\u00e9sentoirs tout en attirant le regard sur des d\u00e9tails complexes, du sertissage des pierres pr\u00e9cieuses aux textures des cha\u00eenes. La combinaison d'une forme r\u00e9aliste et de teintes \u00e9l\u00e9gantes transforme des pr\u00e9sentations ordinaires en points de mire qui font tourner les t\u00eates.<\/div>\n<h3 class=\"header-vfC6AV auto-hide-last-sibling-br\">Polyvalent pour chaque sc\u00e9nario d'affichage<\/h3>\n<div class=\"auto-hide-last-sibling-br paragraph-JOTKXA paragraph-element br-paragraph-space\">Plus qu'un simple outil de vente, ce buste de pr\u00e9sentation s'adapte parfaitement \u00e0 tous les environnements. Parfait pour les bijouteries, les boutiques haut de gamme et les salles d'exposition, il transforme les fen\u00eatres et les comptoirs en vitrines raffin\u00e9es qui attirent les clients. Il brille \u00e9galement \u00e0 la maison, que ce soit pour organiser votre collection personnelle sur un meuble-lavabo ou pour ajouter une touche d'\u00e9l\u00e9gance \u00e0 un dressing. Son design intemporel s'accorde avec les styles de d\u00e9coration moderne, classique ou boh\u00e8me, ce qui en fait un investissement polyvalent qui met en valeur n'importe quel espace tout en pla\u00e7ant vos accessoires au premier plan.<\/div>","protected":false},"excerpt":{"rendered":"<p>Ce buste de pr\u00e9sentation de bijoux haut de gamme est constitu\u00e9 d'un noyau en fibre de verre envelopp\u00e9 de cuir souple, offrant une surface luxueuse et lisse. Avec une hauteur r\u00e9glable (35-53 cm) et une base ronde dor\u00e9e stable, il s'adapte parfaitement aux colliers, aux cha\u00eenes et aux accessoires d'apparat. Disponible en vert et en orange, il imite le drap\u00e9 naturel et rehausse avec une \u00e9l\u00e9gance intemporelle les pr\u00e9sentoirs des boutiques, des bijouteries ou des particuliers.<\/p>","protected":false},"featured_media":44164,"comment_status":"open","ping_status":"closed","template":"","meta":{"_acf_changed":false},"product_brand":[84],"product_cat":[828],"product_tag":[1004,1009,1006,1010,1003,1002,1005,1008,1007,1011],"class_list":{"0":"post-44158","1":"product","2":"type-product","3":"status-publish","4":"has-post-thumbnail","6":"product_brand-de-liang","7":"product_cat-jewelry-uncategorized","8":"product_tag-adjustable-necklace-bust","9":"product_tag-boutique-jewelry-bust","10":"product_tag-fiberglass-display-bust","11":"product_tag-home-jewelry-display-stand","12":"product_tag-leather-wrapped-display-stand","13":"product_tag-luxury-jewelry-display-bust","14":"product_tag-premium-jewelry-showcase","15":"product_tag-retail-necklace-display","16":"product_tag-stable-jewelry-stand","17":"product_tag-statement-accessory-display","19":"first","20":"instock","21":"shipping-taxable","22":"purchasable","23":"product-type-simple"},"acf":[],"yoast_head":"<!-- This site is optimized with the Yoast SEO plugin v27.4 - https:\/\/yoast.com\/product\/yoast-seo-wordpress\/ -->\n<title>Premium Fiberglass Jewelry Bust Stand \u2013 Soft Leather Wrap &amp; Adjustable Height for Displays - DE-LIANG - jewelry,clothes,watch,beauty cosmetics<\/title>\n<meta name=\"robots\" content=\"index, follow, max-snippet:-1, max-image-preview:large, max-video-preview:-1\" \/>\n<link rel=\"canonical\" href=\"https:\/\/deliangdisplay.com\/fr\/notre-produit\/affichages\/bijoux-non-classe\/support-de-buste-pour-bijoux-en-fibre-de-verre-de-premiere-qualite-enveloppe-en-cuir-souple-hauteur-reglable-pour-les-presentoirs\/\" \/>\n<meta property=\"og:locale\" content=\"fr_FR\" \/>\n<meta property=\"og:type\" content=\"article\" \/>\n<meta property=\"og:title\" content=\"Premium Fiberglass Jewelry Bust Stand \u2013 Soft Leather Wrap &amp; Adjustable Height for Displays - DE-LIANG - jewelry,clothes,watch,beauty cosmetics\" \/>\n<meta property=\"og:description\" content=\"This premium jewelry display bust features a fiberglass core wrapped in soft leather, offering a luxurious, smooth surface. With an adjustable height (35\u201353 cm) and stable gold round base, it fits necklaces, chains, and statement accessories perfectly. Available in green and orange, it mimics natural drape, elevating displays for boutiques, jewelry stores, or home use with timeless elegance.\" \/>\n<meta property=\"og:url\" content=\"https:\/\/deliangdisplay.com\/fr\/notre-produit\/affichages\/bijoux-non-classe\/support-de-buste-pour-bijoux-en-fibre-de-verre-de-premiere-qualite-enveloppe-en-cuir-souple-hauteur-reglable-pour-les-presentoirs\/\" \/>\n<meta property=\"og:site_name\" content=\"DE-LIANG - jewelry,clothes,watch,beauty cosmetics\" \/>\n<meta property=\"article:publisher\" content=\"https:\/\/www.facebook.com\/JaneZhang008\/\" \/>\n<meta property=\"article:modified_time\" content=\"2025-11-10T02:18:11+00:00\" \/>\n<meta property=\"og:image\" content=\"https:\/\/deliangdisplay.com\/wp-content\/uploads\/2025\/11\/21-1.webp\" \/>\n\t<meta property=\"og:image:width\" content=\"713\" \/>\n\t<meta property=\"og:image:height\" content=\"713\" \/>\n\t<meta property=\"og:image:type\" content=\"image\/webp\" \/>\n<meta name=\"twitter:card\" content=\"summary_large_image\" \/>\n<meta name=\"twitter:site\" content=\"@ly673551729\" \/>\n<meta name=\"twitter:label1\" content=\"Dur\u00e9e de lecture estim\u00e9e\" \/>\n\t<meta name=\"twitter:data1\" content=\"2 minutes\" \/>\n<script type=\"application\/ld+json\" class=\"yoast-schema-graph\">{\"@context\":\"https:\\\/\\\/schema.org\",\"@graph\":[{\"@type\":\"WebPage\",\"@id\":\"https:\\\/\\\/deliangdisplay.com\\\/our-product\\\/displays\\\/jewelry-uncategorized\\\/premium-fiberglass-jewelry-bust-stand-soft-leather-wrap-adjustable-height-for-displays\\\/\",\"url\":\"https:\\\/\\\/deliangdisplay.com\\\/our-product\\\/displays\\\/jewelry-uncategorized\\\/premium-fiberglass-jewelry-bust-stand-soft-leather-wrap-adjustable-height-for-displays\\\/\",\"name\":\"Premium Fiberglass Jewelry Bust Stand \u2013 Soft Leather Wrap & Adjustable Height for Displays - DE-LIANG - jewelry,clothes,watch,beauty cosmetics\",\"isPartOf\":{\"@id\":\"https:\\\/\\\/deliangdisplay.com\\\/#website\"},\"primaryImageOfPage\":{\"@id\":\"https:\\\/\\\/deliangdisplay.com\\\/our-product\\\/displays\\\/jewelry-uncategorized\\\/premium-fiberglass-jewelry-bust-stand-soft-leather-wrap-adjustable-height-for-displays\\\/#primaryimage\"},\"image\":{\"@id\":\"https:\\\/\\\/deliangdisplay.com\\\/our-product\\\/displays\\\/jewelry-uncategorized\\\/premium-fiberglass-jewelry-bust-stand-soft-leather-wrap-adjustable-height-for-displays\\\/#primaryimage\"},\"thumbnailUrl\":\"https:\\\/\\\/deliangdisplay.com\\\/wp-content\\\/uploads\\\/2025\\\/11\\\/21-1.webp\",\"datePublished\":\"2025-11-10T02:17:48+00:00\",\"dateModified\":\"2025-11-10T02:18:11+00:00\",\"breadcrumb\":{\"@id\":\"https:\\\/\\\/deliangdisplay.com\\\/our-product\\\/displays\\\/jewelry-uncategorized\\\/premium-fiberglass-jewelry-bust-stand-soft-leather-wrap-adjustable-height-for-displays\\\/#breadcrumb\"},\"inLanguage\":\"fr-FR\",\"potentialAction\":[{\"@type\":\"ReadAction\",\"target\":[\"https:\\\/\\\/deliangdisplay.com\\\/our-product\\\/displays\\\/jewelry-uncategorized\\\/premium-fiberglass-jewelry-bust-stand-soft-leather-wrap-adjustable-height-for-displays\\\/\"]}]},{\"@type\":\"ImageObject\",\"inLanguage\":\"fr-FR\",\"@id\":\"https:\\\/\\\/deliangdisplay.com\\\/our-product\\\/displays\\\/jewelry-uncategorized\\\/premium-fiberglass-jewelry-bust-stand-soft-leather-wrap-adjustable-height-for-displays\\\/#primaryimage\",\"url\":\"https:\\\/\\\/deliangdisplay.com\\\/wp-content\\\/uploads\\\/2025\\\/11\\\/21-1.webp\",\"contentUrl\":\"https:\\\/\\\/deliangdisplay.com\\\/wp-content\\\/uploads\\\/2025\\\/11\\\/21-1.webp\",\"width\":713,\"height\":713},{\"@type\":\"BreadcrumbList\",\"@id\":\"https:\\\/\\\/deliangdisplay.com\\\/our-product\\\/displays\\\/jewelry-uncategorized\\\/premium-fiberglass-jewelry-bust-stand-soft-leather-wrap-adjustable-height-for-displays\\\/#breadcrumb\",\"itemListElement\":[{\"@type\":\"ListItem\",\"position\":1,\"name\":\"\u9996\u9875\",\"item\":\"https:\\\/\\\/deliangdisplay.com\\\/\"},{\"@type\":\"ListItem\",\"position\":2,\"name\":\"Our Product\",\"item\":\"https:\\\/\\\/deliangdisplay.com\\\/our-product\\\/\"},{\"@type\":\"ListItem\",\"position\":3,\"name\":\"Premium Fiberglass Jewelry Bust Stand \u2013 Soft Leather Wrap &#038; Adjustable Height for Displays\"}]},{\"@type\":\"WebSite\",\"@id\":\"https:\\\/\\\/deliangdisplay.com\\\/#website\",\"url\":\"https:\\\/\\\/deliangdisplay.com\\\/\",\"name\":\"deliangdisplay.com\",\"description\":\"DE-LIANG - Providing bespoke packaging solutions and luxurious display design services for brands in jewelry, apparel, watches, beauty cosmetics, and more.\",\"publisher\":{\"@id\":\"https:\\\/\\\/deliangdisplay.com\\\/#organization\"},\"potentialAction\":[{\"@type\":\"SearchAction\",\"target\":{\"@type\":\"EntryPoint\",\"urlTemplate\":\"https:\\\/\\\/deliangdisplay.com\\\/?s={search_term_string}\"},\"query-input\":{\"@type\":\"PropertyValueSpecification\",\"valueRequired\":true,\"valueName\":\"search_term_string\"}}],\"inLanguage\":\"fr-FR\"},{\"@type\":\"Organization\",\"@id\":\"https:\\\/\\\/deliangdisplay.com\\\/#organization\",\"name\":\"deliangdisplay.com\",\"url\":\"https:\\\/\\\/deliangdisplay.com\\\/\",\"logo\":{\"@type\":\"ImageObject\",\"inLanguage\":\"fr-FR\",\"@id\":\"https:\\\/\\\/deliangdisplay.com\\\/#\\\/schema\\\/logo\\\/image\\\/\",\"url\":\"https:\\\/\\\/deliangdisplay.com\\\/wp-content\\\/uploads\\\/2025\\\/08\\\/DELIANGDISPALY_logo.png\",\"contentUrl\":\"https:\\\/\\\/deliangdisplay.com\\\/wp-content\\\/uploads\\\/2025\\\/08\\\/DELIANGDISPALY_logo.png\",\"width\":300,\"height\":130,\"caption\":\"deliangdisplay.com\"},\"image\":{\"@id\":\"https:\\\/\\\/deliangdisplay.com\\\/#\\\/schema\\\/logo\\\/image\\\/\"},\"sameAs\":[\"https:\\\/\\\/www.facebook.com\\\/JaneZhang008\\\/\",\"https:\\\/\\\/x.com\\\/ly673551729\"]}]}<\/script>\n<!-- \/ Yoast SEO plugin. -->","yoast_head_json":{"title":"Porte-bijoux en fibre de verre de qualit\u00e9 sup\u00e9rieure - Enveloppe en cuir souple et hauteur r\u00e9glable - DE-LIANG - bijoux, v\u00eatements, montres, beaut\u00e9, cosm\u00e9tique","robots":{"index":"index","follow":"follow","max-snippet":"max-snippet:-1","max-image-preview":"max-image-preview:large","max-video-preview":"max-video-preview:-1"},"canonical":"https:\/\/deliangdisplay.com\/fr\/notre-produit\/affichages\/bijoux-non-classe\/support-de-buste-pour-bijoux-en-fibre-de-verre-de-premiere-qualite-enveloppe-en-cuir-souple-hauteur-reglable-pour-les-presentoirs\/","og_locale":"fr_FR","og_type":"article","og_title":"Premium Fiberglass Jewelry Bust Stand \u2013 Soft Leather Wrap & Adjustable Height for Displays - DE-LIANG - jewelry,clothes,watch,beauty cosmetics","og_description":"This premium jewelry display bust features a fiberglass core wrapped in soft leather, offering a luxurious, smooth surface. With an adjustable height (35\u201353 cm) and stable gold round base, it fits necklaces, chains, and statement accessories perfectly. Available in green and orange, it mimics natural drape, elevating displays for boutiques, jewelry stores, or home use with timeless elegance.","og_url":"https:\/\/deliangdisplay.com\/fr\/notre-produit\/affichages\/bijoux-non-classe\/support-de-buste-pour-bijoux-en-fibre-de-verre-de-premiere-qualite-enveloppe-en-cuir-souple-hauteur-reglable-pour-les-presentoirs\/","og_site_name":"DE-LIANG - jewelry,clothes,watch,beauty cosmetics","article_publisher":"https:\/\/www.facebook.com\/JaneZhang008\/","article_modified_time":"2025-11-10T02:18:11+00:00","og_image":[{"width":713,"height":713,"url":"https:\/\/deliangdisplay.com\/wp-content\/uploads\/2025\/11\/21-1.webp","type":"image\/webp"}],"twitter_card":"summary_large_image","twitter_site":"@ly673551729","twitter_misc":{"Dur\u00e9e de lecture estim\u00e9e":"2 minutes"},"schema":{"@context":"https:\/\/schema.org","@graph":[{"@type":"WebPage","@id":"https:\/\/deliangdisplay.com\/our-product\/displays\/jewelry-uncategorized\/premium-fiberglass-jewelry-bust-stand-soft-leather-wrap-adjustable-height-for-displays\/","url":"https:\/\/deliangdisplay.com\/our-product\/displays\/jewelry-uncategorized\/premium-fiberglass-jewelry-bust-stand-soft-leather-wrap-adjustable-height-for-displays\/","name":"Porte-bijoux en fibre de verre de qualit\u00e9 sup\u00e9rieure - Enveloppe en cuir souple et hauteur r\u00e9glable - DE-LIANG - bijoux, v\u00eatements, montres, beaut\u00e9, cosm\u00e9tique","isPartOf":{"@id":"https:\/\/deliangdisplay.com\/#website"},"primaryImageOfPage":{"@id":"https:\/\/deliangdisplay.com\/our-product\/displays\/jewelry-uncategorized\/premium-fiberglass-jewelry-bust-stand-soft-leather-wrap-adjustable-height-for-displays\/#primaryimage"},"image":{"@id":"https:\/\/deliangdisplay.com\/our-product\/displays\/jewelry-uncategorized\/premium-fiberglass-jewelry-bust-stand-soft-leather-wrap-adjustable-height-for-displays\/#primaryimage"},"thumbnailUrl":"https:\/\/deliangdisplay.com\/wp-content\/uploads\/2025\/11\/21-1.webp","datePublished":"2025-11-10T02:17:48+00:00","dateModified":"2025-11-10T02:18:11+00:00","breadcrumb":{"@id":"https:\/\/deliangdisplay.com\/our-product\/displays\/jewelry-uncategorized\/premium-fiberglass-jewelry-bust-stand-soft-leather-wrap-adjustable-height-for-displays\/#breadcrumb"},"inLanguage":"fr-FR","potentialAction":[{"@type":"ReadAction","target":["https:\/\/deliangdisplay.com\/our-product\/displays\/jewelry-uncategorized\/premium-fiberglass-jewelry-bust-stand-soft-leather-wrap-adjustable-height-for-displays\/"]}]},{"@type":"ImageObject","inLanguage":"fr-FR","@id":"https:\/\/deliangdisplay.com\/our-product\/displays\/jewelry-uncategorized\/premium-fiberglass-jewelry-bust-stand-soft-leather-wrap-adjustable-height-for-displays\/#primaryimage","url":"https:\/\/deliangdisplay.com\/wp-content\/uploads\/2025\/11\/21-1.webp","contentUrl":"https:\/\/deliangdisplay.com\/wp-content\/uploads\/2025\/11\/21-1.webp","width":713,"height":713},{"@type":"BreadcrumbList","@id":"https:\/\/deliangdisplay.com\/our-product\/displays\/jewelry-uncategorized\/premium-fiberglass-jewelry-bust-stand-soft-leather-wrap-adjustable-height-for-displays\/#breadcrumb","itemListElement":[{"@type":"ListItem","position":1,"name":"\u9996\u9875","item":"https:\/\/deliangdisplay.com\/"},{"@type":"ListItem","position":2,"name":"Our Product","item":"https:\/\/deliangdisplay.com\/our-product\/"},{"@type":"ListItem","position":3,"name":"Premium Fiberglass Jewelry Bust Stand \u2013 Soft Leather Wrap &#038; Adjustable Height for Displays"}]},{"@type":"WebSite","@id":"https:\/\/deliangdisplay.com\/#website","url":"https:\/\/deliangdisplay.com\/","name":"deliangdisplay.com","description":"DE-LIANG - Fournit des solutions d'emballage sur mesure et des services de conception de pr\u00e9sentoirs luxueux pour les marques de bijoux, de v\u00eatements, de montres, de produits de beaut\u00e9 et de cosm\u00e9tiques, et plus encore.","publisher":{"@id":"https:\/\/deliangdisplay.com\/#organization"},"potentialAction":[{"@type":"SearchAction","target":{"@type":"EntryPoint","urlTemplate":"https:\/\/deliangdisplay.com\/?s={search_term_string}"},"query-input":{"@type":"PropertyValueSpecification","valueRequired":true,"valueName":"search_term_string"}}],"inLanguage":"fr-FR"},{"@type":"Organization","@id":"https:\/\/deliangdisplay.com\/#organization","name":"deliangdisplay.com","url":"https:\/\/deliangdisplay.com\/","logo":{"@type":"ImageObject","inLanguage":"fr-FR","@id":"https:\/\/deliangdisplay.com\/#\/schema\/logo\/image\/","url":"https:\/\/deliangdisplay.com\/wp-content\/uploads\/2025\/08\/DELIANGDISPALY_logo.png","contentUrl":"https:\/\/deliangdisplay.com\/wp-content\/uploads\/2025\/08\/DELIANGDISPALY_logo.png","width":300,"height":130,"caption":"deliangdisplay.com"},"image":{"@id":"https:\/\/deliangdisplay.com\/#\/schema\/logo\/image\/"},"sameAs":["https:\/\/www.facebook.com\/JaneZhang008\/","https:\/\/x.com\/ly673551729"]}]}},"_links":{"self":[{"href":"https:\/\/deliangdisplay.com\/fr\/wp-json\/wp\/v2\/product\/44158","targetHints":{"allow":["GET"]}}],"collection":[{"href":"https:\/\/deliangdisplay.com\/fr\/wp-json\/wp\/v2\/product"}],"about":[{"href":"https:\/\/deliangdisplay.com\/fr\/wp-json\/wp\/v2\/types\/product"}],"replies":[{"embeddable":true,"href":"https:\/\/deliangdisplay.com\/fr\/wp-json\/wp\/v2\/comments?post=44158"}],"wp:featuredmedia":[{"embeddable":true,"href":"https:\/\/deliangdisplay.com\/fr\/wp-json\/wp\/v2\/media\/44164"}],"wp:attachment":[{"href":"https:\/\/deliangdisplay.com\/fr\/wp-json\/wp\/v2\/media?parent=44158"}],"wp:term":[{"taxonomy":"product_brand","embeddable":true,"href":"https:\/\/deliangdisplay.com\/fr\/wp-json\/wp\/v2\/product_brand?post=44158"},{"taxonomy":"product_cat","embeddable":true,"href":"https:\/\/deliangdisplay.com\/fr\/wp-json\/wp\/v2\/product_cat?post=44158"},{"taxonomy":"product_tag","embeddable":true,"href":"https:\/\/deliangdisplay.com\/fr\/wp-json\/wp\/v2\/product_tag?post=44158"}],"curies":[{"name":"wp","href":"https:\/\/api.w.org\/{rel}","templated":true}]}}