{"id":44068,"date":"2025-10-31T17:47:00","date_gmt":"2025-10-31T09:47:00","guid":{"rendered":"https:\/\/deliangdisplay.com\/?post_type=product&#038;p=44068"},"modified":"2025-10-31T18:43:55","modified_gmt":"2025-10-31T10:43:55","slug":"support-de-bijoux-en-resine-pour-boucles-doreilles-colliers-etc","status":"publish","type":"product","link":"https:\/\/deliangdisplay.com\/fr\/notre-produit\/affichages\/bijoux-non-classe\/support-de-bijoux-en-resine-pour-boucles-doreilles-colliers-etc\/","title":{"rendered":"Porte-bijoux en r\u00e9sine multi-styles - pour boucles d'oreilles, colliers et utilisation \u00e0 la maison ou au magasin"},"content":{"rendered":"<h3 class=\"header-vfC6AV auto-hide-last-sibling-br\">Aper\u00e7u du produit<\/h3>\n<div class=\"auto-hide-last-sibling-br paragraph-JOTKXA paragraph-element br-paragraph-space\">Il s'agit d'un\u00a0<strong>pr\u00e9sentoir \u00e0 bijoux multistyles<\/strong>\u00a0con\u00e7u pour pr\u00e9senter et ranger une grande vari\u00e9t\u00e9 d'accessoires, notamment des boucles d'oreilles, des colliers, des cha\u00eenes, des bracelets et des pendentifs. Il pr\u00e9sente un design \u00e9l\u00e9gant et noble qui rehausse l'attrait visuel des bijoux. Il est donc id\u00e9al pour attirer les clients dans les magasins de d\u00e9tail et pour ajouter de la chaleur et de la sophistication aux espaces domestiques. En outre, il constitue un outil pratique pour la photographie professionnelle de produits, en aidant les acheteurs potentiels \u00e0 visualiser l'aspect des bijoux \u201cen cours d'utilisation\u201d. La conception compacte de l'ensemble s'adapte aux petites surfaces d'exposition, \u00e9quilibrant la fonctionnalit\u00e9 et la valeur esth\u00e9tique pour r\u00e9pondre aux besoins commerciaux et personnels.<\/div>\n<h3 class=\"header-vfC6AV auto-hide-last-sibling-br\">Principales sp\u00e9cifications<\/h3>\n<ul class=\"auto-hide-last-sibling-br\">\n<li><strong>Mat\u00e9riau et apparence<\/strong>: Fabriqu\u00e9 en r\u00e9sine \u00e9cologique de haute qualit\u00e9, robuste, r\u00e9sistant aux chutes et aux rayures pour une longue dur\u00e9e de vie. Disponible en trois couleurs : bleu, noir et blanc, avec une finition exquise et un style original qui s'harmonise avec divers d\u00e9cors d'int\u00e9rieur et de magasins.<\/li>\n<li><strong>D\u00e9tails de la taille<\/strong>: Propos\u00e9 dans plusieurs styles avec des dimensions vari\u00e9es pour r\u00e9pondre \u00e0 diff\u00e9rents besoins d'affichage (les sp\u00e9cificit\u00e9s de chaque style sont incluses) :\n<ul class=\"auto-hide-last-sibling-br\">\n<li>Un mod\u00e8le : 19 cm de longueur, 27 cm de hauteur, 6 cm de largeur, 10 cm de longueur, 0,8 kg.<\/li>\n<li>Un mod\u00e8le : 27 cm de longueur, 9 cm de hauteur, 11 cm de largeur, 5 cm de longueur, 0,45 kg.<\/li>\n<li>Un mod\u00e8le : 9 cm de longueur, 22 cm de hauteur, 10,5 cm de largeur, 6 cm de longueur, 0,4 kg.<\/li>\n<li>Un mod\u00e8le : 13 cm de longueur, 30 cm de hauteur, 8 cm de longueur, 0,4 kg.<\/li>\n<li>Un mod\u00e8le : 11,5 cm de longueur, 18 cm de hauteur, 8 cm de longueur, 0,3 kg.<\/li>\n<\/ul>\n<\/li>\n<li><strong>Caract\u00e9ristiques de la conception<\/strong>: Les d\u00e9tails de l'oreille sont simul\u00e9s pour faciliter la pr\u00e9sentation des boucles d'oreilles, les d\u00e9tails des doigts sont raffin\u00e9s pour mettre en valeur les bagues et les bracelets, et une double base stable emp\u00eache le basculement, ce qui garantit \u00e0 la fois l'aspect pratique et le charme visuel.<\/li>\n<\/ul>\n<h3 class=\"header-vfC6AV auto-hide-last-sibling-br\">Caract\u00e9ristiques principales<\/h3>\n<ul class=\"auto-hide-last-sibling-br\">\n<li><strong>Durable et \u00e9cologique<\/strong>: Fabriqu\u00e9 en r\u00e9sine soigneusement s\u00e9lectionn\u00e9e, robuste, r\u00e9sistant aux chutes et aux rayures, il garantit une utilisation \u00e0 long terme tout en respectant les normes \u00e9cologiques.<\/li>\n<li><strong>Peu encombrant et portable<\/strong>: L\u00e9ger (0,3 kg-0,8 kg) et compact, il fait office de \u201cpr\u00e9sentoir essentiel pour les petits espaces\u201d. Il est facile \u00e0 d\u00e9placer et \u00e0 placer sur les comptoirs, les devantures de magasins ou les vanit\u00e9s de la maison sans occuper trop d'espace.<\/li>\n<li><strong>Polyvalence multi-sc\u00e9narios<\/strong>: Convient \u00e0 un usage commercial (bijouteries, salons professionnels, boutiques de vente au d\u00e9tail) pour les pr\u00e9sentations destin\u00e9es aux clients, \u00e0 un usage domestique pour l'organisation des collections de bijoux personnels, et \u00e0 la photographie professionnelle de produits pour pr\u00e9senter les accessoires de mani\u00e8re claire et attrayante.<\/li>\n<li><strong>Double fonction<\/strong>: Il s'agit \u00e0 la fois d'une solution de rangement pratique (qui permet d'organiser les bijoux et de les rendre accessibles) et d'un \u00e9l\u00e9ment d\u00e9coratif. Son design \u00e9l\u00e9gant et ses couleurs neutres s'int\u00e8grent \u00e0 tous les int\u00e9rieurs, ajoutant une touche de sophistication aux espaces.<\/li>\n<li><strong>L'attrait visuel<\/strong>: Les d\u00e9tails simul\u00e9s des oreilles et des doigts donnent un aspect r\u00e9aliste aux bijoux, ce qui permet de mettre en valeur les caract\u00e9ristiques des produits et d'attirer l'attention, que ce soit dans les vitrines des d\u00e9taillants ou dans les installations de d\u00e9coration d'int\u00e9rieur.<\/li>\n<\/ul>","protected":false},"excerpt":{"rendered":"<p>Ce pr\u00e9sentoir \u00e0 bijoux multistyles est fabriqu\u00e9 en r\u00e9sine \u00e9cologique, r\u00e9sistante aux chutes et aux rayures. Il est disponible en bleu, en noir et en blanc. Il comprend des bustes\/t\u00eates de mannequin pour pr\u00e9senter des boucles d'oreilles, des colliers, des pendentifs et des bracelets. L\u00e9ger (0,3-0,8 kg) et de tailles vari\u00e9es, il convient aux bijouteries, \u00e0 l'usage domestique et \u00e0 la photographie de produits. Il allie durabilit\u00e9, fonctionnalit\u00e9 et \u00e9l\u00e9gance pour organiser les bijoux et rehausser l'esth\u00e9tique de l'espace.<\/p>","protected":false},"featured_media":44072,"comment_status":"open","ping_status":"closed","template":"","meta":{"_acf_changed":false},"product_brand":[84],"product_cat":[828],"product_tag":[958,967,964,961,959,957,838,956,966,963,965,839,955,960,962],"class_list":{"0":"post-44068","1":"product","2":"type-product","3":"status-publish","4":"has-post-thumbnail","6":"product_brand-de-liang","7":"product_cat-jewelry-uncategorized","8":"product_tag-blue-black-white-jewelry-holder","9":"product_tag-compact-jewelry-display-mannequin","10":"product_tag-delicate-eardrop-display-stand","11":"product_tag-drop-proof-resin-jewelry-holder","12":"product_tag-earring-necklace-display-bust","13":"product_tag-eco-friendly-resin-jewelry-stand","14":"product_tag-home-jewelry-storage-stand","15":"product_tag-jewelry-display-storage-mannequin-head","16":"product_tag-lightweight-resin-jewelry-stand","17":"product_tag-multi-style-jewelry-mannequin","18":"product_tag-pendant-necklace-holder-head","19":"product_tag-product-photography-jewelry-bust","20":"product_tag-resin-earring-mannequin-bust","21":"product_tag-retail-jewelry-mannequin-head","22":"product_tag-scratch-resistant-jewelry-display","24":"first","25":"instock","26":"shipping-taxable","27":"purchasable","28":"product-type-simple"},"acf":[],"yoast_head":"<!-- This site is optimized with the Yoast SEO plugin v27.4 - https:\/\/yoast.com\/product\/yoast-seo-wordpress\/ -->\n<title>Multi-Style Resin Jewelry Stand \u2013 For Earrings, Necklaces &amp; Home\/Store Use - DE-LIANG - jewelry,clothes,watch,beauty cosmetics<\/title>\n<meta name=\"robots\" content=\"index, follow, max-snippet:-1, max-image-preview:large, max-video-preview:-1\" \/>\n<link rel=\"canonical\" href=\"https:\/\/deliangdisplay.com\/fr\/notre-produit\/affichages\/bijoux-non-classe\/support-de-bijoux-en-resine-pour-boucles-doreilles-colliers-etc\/\" \/>\n<meta property=\"og:locale\" content=\"fr_FR\" \/>\n<meta property=\"og:type\" content=\"article\" \/>\n<meta property=\"og:title\" content=\"Multi-Style Resin Jewelry Stand \u2013 For Earrings, Necklaces &amp; Home\/Store Use - DE-LIANG - jewelry,clothes,watch,beauty cosmetics\" \/>\n<meta property=\"og:description\" content=\"This is a multi-style jewelry display set made of eco-friendly, drop-proof, scratch-resistant resin, available in blue, black, and white. It includes mannequin busts\/heads to showcase earrings, necklaces, pendants, and bracelets. Lightweight (0.3\u20130.8kg) with varied sizes, it fits jewelry stores, home use, and product photography\u2014blending durability, functionality, and elegance to organize jewelry and elevate space aesthetics.\" \/>\n<meta property=\"og:url\" content=\"https:\/\/deliangdisplay.com\/fr\/notre-produit\/affichages\/bijoux-non-classe\/support-de-bijoux-en-resine-pour-boucles-doreilles-colliers-etc\/\" \/>\n<meta property=\"og:site_name\" content=\"DE-LIANG - jewelry,clothes,watch,beauty cosmetics\" \/>\n<meta property=\"article:publisher\" content=\"https:\/\/www.facebook.com\/JaneZhang008\/\" \/>\n<meta property=\"article:modified_time\" content=\"2025-10-31T10:43:55+00:00\" \/>\n<meta property=\"og:image\" content=\"https:\/\/deliangdisplay.com\/wp-content\/uploads\/2025\/10\/8-15.webp\" \/>\n\t<meta property=\"og:image:width\" content=\"713\" \/>\n\t<meta property=\"og:image:height\" content=\"713\" \/>\n\t<meta property=\"og:image:type\" content=\"image\/webp\" \/>\n<meta name=\"twitter:card\" content=\"summary_large_image\" \/>\n<meta name=\"twitter:site\" content=\"@ly673551729\" \/>\n<meta name=\"twitter:label1\" content=\"Dur\u00e9e de lecture estim\u00e9e\" \/>\n\t<meta name=\"twitter:data1\" content=\"3 minutes\" \/>\n<script type=\"application\/ld+json\" class=\"yoast-schema-graph\">{\"@context\":\"https:\\\/\\\/schema.org\",\"@graph\":[{\"@type\":\"WebPage\",\"@id\":\"https:\\\/\\\/deliangdisplay.com\\\/our-product\\\/displays\\\/jewelry-uncategorized\\\/multi-style-resin-jewelry-stand-for-earrings-necklaces-home-store-use\\\/\",\"url\":\"https:\\\/\\\/deliangdisplay.com\\\/our-product\\\/displays\\\/jewelry-uncategorized\\\/multi-style-resin-jewelry-stand-for-earrings-necklaces-home-store-use\\\/\",\"name\":\"Multi-Style Resin Jewelry Stand \u2013 For Earrings, Necklaces & Home\\\/Store Use - DE-LIANG - jewelry,clothes,watch,beauty cosmetics\",\"isPartOf\":{\"@id\":\"https:\\\/\\\/deliangdisplay.com\\\/#website\"},\"primaryImageOfPage\":{\"@id\":\"https:\\\/\\\/deliangdisplay.com\\\/our-product\\\/displays\\\/jewelry-uncategorized\\\/multi-style-resin-jewelry-stand-for-earrings-necklaces-home-store-use\\\/#primaryimage\"},\"image\":{\"@id\":\"https:\\\/\\\/deliangdisplay.com\\\/our-product\\\/displays\\\/jewelry-uncategorized\\\/multi-style-resin-jewelry-stand-for-earrings-necklaces-home-store-use\\\/#primaryimage\"},\"thumbnailUrl\":\"https:\\\/\\\/deliangdisplay.com\\\/wp-content\\\/uploads\\\/2025\\\/10\\\/8-15.webp\",\"datePublished\":\"2025-10-31T09:47:00+00:00\",\"dateModified\":\"2025-10-31T10:43:55+00:00\",\"breadcrumb\":{\"@id\":\"https:\\\/\\\/deliangdisplay.com\\\/our-product\\\/displays\\\/jewelry-uncategorized\\\/multi-style-resin-jewelry-stand-for-earrings-necklaces-home-store-use\\\/#breadcrumb\"},\"inLanguage\":\"fr-FR\",\"potentialAction\":[{\"@type\":\"ReadAction\",\"target\":[\"https:\\\/\\\/deliangdisplay.com\\\/our-product\\\/displays\\\/jewelry-uncategorized\\\/multi-style-resin-jewelry-stand-for-earrings-necklaces-home-store-use\\\/\"]}]},{\"@type\":\"ImageObject\",\"inLanguage\":\"fr-FR\",\"@id\":\"https:\\\/\\\/deliangdisplay.com\\\/our-product\\\/displays\\\/jewelry-uncategorized\\\/multi-style-resin-jewelry-stand-for-earrings-necklaces-home-store-use\\\/#primaryimage\",\"url\":\"https:\\\/\\\/deliangdisplay.com\\\/wp-content\\\/uploads\\\/2025\\\/10\\\/8-15.webp\",\"contentUrl\":\"https:\\\/\\\/deliangdisplay.com\\\/wp-content\\\/uploads\\\/2025\\\/10\\\/8-15.webp\",\"width\":713,\"height\":713},{\"@type\":\"BreadcrumbList\",\"@id\":\"https:\\\/\\\/deliangdisplay.com\\\/our-product\\\/displays\\\/jewelry-uncategorized\\\/multi-style-resin-jewelry-stand-for-earrings-necklaces-home-store-use\\\/#breadcrumb\",\"itemListElement\":[{\"@type\":\"ListItem\",\"position\":1,\"name\":\"\u9996\u9875\",\"item\":\"https:\\\/\\\/deliangdisplay.com\\\/\"},{\"@type\":\"ListItem\",\"position\":2,\"name\":\"Our Product\",\"item\":\"https:\\\/\\\/deliangdisplay.com\\\/our-product\\\/\"},{\"@type\":\"ListItem\",\"position\":3,\"name\":\"Multi-Style Resin Jewelry Stand \u2013 For Earrings, Necklaces &#038; Home\\\/Store Use\"}]},{\"@type\":\"WebSite\",\"@id\":\"https:\\\/\\\/deliangdisplay.com\\\/#website\",\"url\":\"https:\\\/\\\/deliangdisplay.com\\\/\",\"name\":\"deliangdisplay.com\",\"description\":\"DE-LIANG - Providing bespoke packaging solutions and luxurious display design services for brands in jewelry, apparel, watches, beauty cosmetics, and more.\",\"publisher\":{\"@id\":\"https:\\\/\\\/deliangdisplay.com\\\/#organization\"},\"potentialAction\":[{\"@type\":\"SearchAction\",\"target\":{\"@type\":\"EntryPoint\",\"urlTemplate\":\"https:\\\/\\\/deliangdisplay.com\\\/?s={search_term_string}\"},\"query-input\":{\"@type\":\"PropertyValueSpecification\",\"valueRequired\":true,\"valueName\":\"search_term_string\"}}],\"inLanguage\":\"fr-FR\"},{\"@type\":\"Organization\",\"@id\":\"https:\\\/\\\/deliangdisplay.com\\\/#organization\",\"name\":\"deliangdisplay.com\",\"url\":\"https:\\\/\\\/deliangdisplay.com\\\/\",\"logo\":{\"@type\":\"ImageObject\",\"inLanguage\":\"fr-FR\",\"@id\":\"https:\\\/\\\/deliangdisplay.com\\\/#\\\/schema\\\/logo\\\/image\\\/\",\"url\":\"https:\\\/\\\/deliangdisplay.com\\\/wp-content\\\/uploads\\\/2025\\\/08\\\/DELIANGDISPALY_logo.png\",\"contentUrl\":\"https:\\\/\\\/deliangdisplay.com\\\/wp-content\\\/uploads\\\/2025\\\/08\\\/DELIANGDISPALY_logo.png\",\"width\":300,\"height\":130,\"caption\":\"deliangdisplay.com\"},\"image\":{\"@id\":\"https:\\\/\\\/deliangdisplay.com\\\/#\\\/schema\\\/logo\\\/image\\\/\"},\"sameAs\":[\"https:\\\/\\\/www.facebook.com\\\/JaneZhang008\\\/\",\"https:\\\/\\\/x.com\\\/ly673551729\"]}]}<\/script>\n<!-- \/ Yoast SEO plugin. -->","yoast_head_json":{"title":"Porte-bijoux en r\u00e9sine multi-styles - Pour boucles d'oreilles, colliers et utilisation \u00e0 domicile ou en magasin - DE-LIANG - bijoux,v\u00eatements,montres,beaut\u00e9,cosm\u00e9tique","robots":{"index":"index","follow":"follow","max-snippet":"max-snippet:-1","max-image-preview":"max-image-preview:large","max-video-preview":"max-video-preview:-1"},"canonical":"https:\/\/deliangdisplay.com\/fr\/notre-produit\/affichages\/bijoux-non-classe\/support-de-bijoux-en-resine-pour-boucles-doreilles-colliers-etc\/","og_locale":"fr_FR","og_type":"article","og_title":"Multi-Style Resin Jewelry Stand \u2013 For Earrings, Necklaces & Home\/Store Use - DE-LIANG - jewelry,clothes,watch,beauty cosmetics","og_description":"This is a multi-style jewelry display set made of eco-friendly, drop-proof, scratch-resistant resin, available in blue, black, and white. It includes mannequin busts\/heads to showcase earrings, necklaces, pendants, and bracelets. Lightweight (0.3\u20130.8kg) with varied sizes, it fits jewelry stores, home use, and product photography\u2014blending durability, functionality, and elegance to organize jewelry and elevate space aesthetics.","og_url":"https:\/\/deliangdisplay.com\/fr\/notre-produit\/affichages\/bijoux-non-classe\/support-de-bijoux-en-resine-pour-boucles-doreilles-colliers-etc\/","og_site_name":"DE-LIANG - jewelry,clothes,watch,beauty cosmetics","article_publisher":"https:\/\/www.facebook.com\/JaneZhang008\/","article_modified_time":"2025-10-31T10:43:55+00:00","og_image":[{"width":713,"height":713,"url":"https:\/\/deliangdisplay.com\/wp-content\/uploads\/2025\/10\/8-15.webp","type":"image\/webp"}],"twitter_card":"summary_large_image","twitter_site":"@ly673551729","twitter_misc":{"Dur\u00e9e de lecture estim\u00e9e":"3 minutes"},"schema":{"@context":"https:\/\/schema.org","@graph":[{"@type":"WebPage","@id":"https:\/\/deliangdisplay.com\/our-product\/displays\/jewelry-uncategorized\/multi-style-resin-jewelry-stand-for-earrings-necklaces-home-store-use\/","url":"https:\/\/deliangdisplay.com\/our-product\/displays\/jewelry-uncategorized\/multi-style-resin-jewelry-stand-for-earrings-necklaces-home-store-use\/","name":"Porte-bijoux en r\u00e9sine multi-styles - Pour boucles d'oreilles, colliers et utilisation \u00e0 domicile ou en magasin - DE-LIANG - bijoux,v\u00eatements,montres,beaut\u00e9,cosm\u00e9tique","isPartOf":{"@id":"https:\/\/deliangdisplay.com\/#website"},"primaryImageOfPage":{"@id":"https:\/\/deliangdisplay.com\/our-product\/displays\/jewelry-uncategorized\/multi-style-resin-jewelry-stand-for-earrings-necklaces-home-store-use\/#primaryimage"},"image":{"@id":"https:\/\/deliangdisplay.com\/our-product\/displays\/jewelry-uncategorized\/multi-style-resin-jewelry-stand-for-earrings-necklaces-home-store-use\/#primaryimage"},"thumbnailUrl":"https:\/\/deliangdisplay.com\/wp-content\/uploads\/2025\/10\/8-15.webp","datePublished":"2025-10-31T09:47:00+00:00","dateModified":"2025-10-31T10:43:55+00:00","breadcrumb":{"@id":"https:\/\/deliangdisplay.com\/our-product\/displays\/jewelry-uncategorized\/multi-style-resin-jewelry-stand-for-earrings-necklaces-home-store-use\/#breadcrumb"},"inLanguage":"fr-FR","potentialAction":[{"@type":"ReadAction","target":["https:\/\/deliangdisplay.com\/our-product\/displays\/jewelry-uncategorized\/multi-style-resin-jewelry-stand-for-earrings-necklaces-home-store-use\/"]}]},{"@type":"ImageObject","inLanguage":"fr-FR","@id":"https:\/\/deliangdisplay.com\/our-product\/displays\/jewelry-uncategorized\/multi-style-resin-jewelry-stand-for-earrings-necklaces-home-store-use\/#primaryimage","url":"https:\/\/deliangdisplay.com\/wp-content\/uploads\/2025\/10\/8-15.webp","contentUrl":"https:\/\/deliangdisplay.com\/wp-content\/uploads\/2025\/10\/8-15.webp","width":713,"height":713},{"@type":"BreadcrumbList","@id":"https:\/\/deliangdisplay.com\/our-product\/displays\/jewelry-uncategorized\/multi-style-resin-jewelry-stand-for-earrings-necklaces-home-store-use\/#breadcrumb","itemListElement":[{"@type":"ListItem","position":1,"name":"\u9996\u9875","item":"https:\/\/deliangdisplay.com\/"},{"@type":"ListItem","position":2,"name":"Our Product","item":"https:\/\/deliangdisplay.com\/our-product\/"},{"@type":"ListItem","position":3,"name":"Multi-Style Resin Jewelry Stand \u2013 For Earrings, Necklaces &#038; Home\/Store Use"}]},{"@type":"WebSite","@id":"https:\/\/deliangdisplay.com\/#website","url":"https:\/\/deliangdisplay.com\/","name":"deliangdisplay.com","description":"DE-LIANG - Fournit des solutions d'emballage sur mesure et des services de conception de pr\u00e9sentoirs luxueux pour les marques de bijoux, de v\u00eatements, de montres, de produits de beaut\u00e9 et de cosm\u00e9tiques, et plus encore.","publisher":{"@id":"https:\/\/deliangdisplay.com\/#organization"},"potentialAction":[{"@type":"SearchAction","target":{"@type":"EntryPoint","urlTemplate":"https:\/\/deliangdisplay.com\/?s={search_term_string}"},"query-input":{"@type":"PropertyValueSpecification","valueRequired":true,"valueName":"search_term_string"}}],"inLanguage":"fr-FR"},{"@type":"Organization","@id":"https:\/\/deliangdisplay.com\/#organization","name":"deliangdisplay.com","url":"https:\/\/deliangdisplay.com\/","logo":{"@type":"ImageObject","inLanguage":"fr-FR","@id":"https:\/\/deliangdisplay.com\/#\/schema\/logo\/image\/","url":"https:\/\/deliangdisplay.com\/wp-content\/uploads\/2025\/08\/DELIANGDISPALY_logo.png","contentUrl":"https:\/\/deliangdisplay.com\/wp-content\/uploads\/2025\/08\/DELIANGDISPALY_logo.png","width":300,"height":130,"caption":"deliangdisplay.com"},"image":{"@id":"https:\/\/deliangdisplay.com\/#\/schema\/logo\/image\/"},"sameAs":["https:\/\/www.facebook.com\/JaneZhang008\/","https:\/\/x.com\/ly673551729"]}]}},"_links":{"self":[{"href":"https:\/\/deliangdisplay.com\/fr\/wp-json\/wp\/v2\/product\/44068","targetHints":{"allow":["GET"]}}],"collection":[{"href":"https:\/\/deliangdisplay.com\/fr\/wp-json\/wp\/v2\/product"}],"about":[{"href":"https:\/\/deliangdisplay.com\/fr\/wp-json\/wp\/v2\/types\/product"}],"replies":[{"embeddable":true,"href":"https:\/\/deliangdisplay.com\/fr\/wp-json\/wp\/v2\/comments?post=44068"}],"wp:featuredmedia":[{"embeddable":true,"href":"https:\/\/deliangdisplay.com\/fr\/wp-json\/wp\/v2\/media\/44072"}],"wp:attachment":[{"href":"https:\/\/deliangdisplay.com\/fr\/wp-json\/wp\/v2\/media?parent=44068"}],"wp:term":[{"taxonomy":"product_brand","embeddable":true,"href":"https:\/\/deliangdisplay.com\/fr\/wp-json\/wp\/v2\/product_brand?post=44068"},{"taxonomy":"product_cat","embeddable":true,"href":"https:\/\/deliangdisplay.com\/fr\/wp-json\/wp\/v2\/product_cat?post=44068"},{"taxonomy":"product_tag","embeddable":true,"href":"https:\/\/deliangdisplay.com\/fr\/wp-json\/wp\/v2\/product_tag?post=44068"}],"curies":[{"name":"wp","href":"https:\/\/api.w.org\/{rel}","templated":true}]}}