{"id":44037,"date":"2025-10-31T17:28:15","date_gmt":"2025-10-31T09:28:15","guid":{"rendered":"https:\/\/deliangdisplay.com\/?post_type=product&#038;p=44037"},"modified":"2025-10-31T17:32:53","modified_gmt":"2025-10-31T09:32:53","slug":"support-de-buste-vintage-en-bois-massif-pour-vitrines-colliers","status":"publish","type":"product","link":"https:\/\/deliangdisplay.com\/fr\/notre-produit\/affichages\/bijoux-non-classe\/support-de-buste-vintage-en-bois-massif-pour-vitrines-colliers\/","title":{"rendered":"Support \u00e0 bijoux vintage - Bois massif pour vitrines et colliers"},"content":{"rendered":"<div class=\"inter-jQQQ8P\">\n<div class=\"container-PrUkKo\">\n<div class=\"item-hGGxLi\">\n<div class=\"container-arOxqB chrome70-container\">\n<div class=\"inner-FyM8gE inner-item-f8P6nx\" data-target-id=\"message-box-target-id\" data-testid=\"union_message\">\n<div class=\"message-block-container-aFugD6\" data-testid=\"message-block-container\" data-ui-version=\"samantha\">\n<div class=\"flex flex-row w-full w-full max-w-full s-font-base text-s-color-text-secondary p-0 rounded-s-radius-s bg-transparent group data-[attr=select-mode]:-mt-10 data-[attr=select-mode]:py-10 data-[attr=select-mode]:px-16 data-[attr=select-mode]:sm:p-10 data-[attr=select-mode]:hover:bg-s-color-bg-base data-[attr=select-mode]:hover:rounded-s-radius-xs data-[attr=select-mode]:has-[:checked]:bg-s-color-bg-trans data-[attr=select-mode]:has-[:checked]:rounded-s-radius-xs data-[attr=select-mode]:pointer-events-none\" data-testid=\"receive_message\">\n<div class=\"flex flex-col flex-grow max-w-full min-w-0\">\n<div class=\"flex flex-row w-full\" data-testid=\"message_content\" data-message-id=\"26951556257775618\" data-set-copy-handler=\"true\">\n<div class=\"w-full\" data-plugin-identifier=\"Symbol(infra:receive-message-box:text)\">\n<div class=\"container-ZYIsnH flow-markdown-body mdbox-theme-next theme-samantha-Nbr9UN\" dir=\"ltr\" data-testid=\"message_text_content\" data-show-indicator=\"false\">\n<h3 class=\"header-vfC6AV auto-hide-last-sibling-br\">Aper\u00e7u du produit<\/h3>\n<div class=\"auto-hide-last-sibling-br paragraph-JOTKXA paragraph-element br-paragraph-space\">Il s'agit d'un\u00a0<strong>buste de pr\u00e9sentation de bijoux de style ancien<\/strong>\u00a0con\u00e7u sp\u00e9cialement pour mettre en valeur les colliers, qu'il s'agisse de cha\u00eenes d\u00e9licates ou de pi\u00e8ces audacieuses. Il allie le charme vintage \u00e0 l'\u00e9l\u00e9gance raffin\u00e9e, avec une riche finition marron vintage qui cr\u00e9e une toile de fond chaleureuse et accueillante. Il met en valeur la beaut\u00e9 des bijoux et ajoute une touche de sophistication \u00e0 tout espace d'exposition. Adapt\u00e9 \u00e0 divers sc\u00e9narios, il convient parfaitement aux bijouteries de d\u00e9tail, aux salons professionnels, aux studios de mode, aux d\u00e9fil\u00e9s de mode et aux espaces personnels (comme les chambres \u00e0 coucher, les salons et les vestiaires). En outre, il constitue un outil pratique pour la photographie professionnelle de produits et une pi\u00e8ce d'art d\u00e9corative qui rehausse l'esth\u00e9tique int\u00e9rieure.<\/div>\n<h3 class=\"header-vfC6AV auto-hide-last-sibling-br\">Principales sp\u00e9cifications<\/h3>\n<ul class=\"auto-hide-last-sibling-br\">\n<li><strong>Mat\u00e9riau et apparence<\/strong>: Fabriqu\u00e9 en bois massif de haute qualit\u00e9, il garantit la robustesse et la durabilit\u00e9 \u00e0 long terme. Sa couleur marron vintage et sa silhouette simple et unique, sans d\u00e9coration excessive, lui conf\u00e8rent un effet visuel net et rafra\u00eechissant.<\/li>\n<li><strong>D\u00e9tails de la taille<\/strong>: Disponible en deux tailles principales pour r\u00e9pondre aux diff\u00e9rents besoins d'affichage :\n<ul class=\"auto-hide-last-sibling-br\">\n<li>Taille unique : longueur du bas 13,5 cm, largeur du bas 10 cm, hauteur 30 cm.<\/li>\n<li>L'autre taille : longueur du bas 13,5 cm, largeur du bas 10 cm, hauteur 41 cm.<\/li>\n<\/ul>\n<\/li>\n<\/ul>\n<h3 class=\"header-vfC6AV auto-hide-last-sibling-br\">Caract\u00e9ristiques principales<\/h3>\n<ul class=\"auto-hide-last-sibling-br\">\n<li><strong>Durable et portable<\/strong>: Fabriqu\u00e9 en bois massif soigneusement s\u00e9lectionn\u00e9 pour sa fiabilit\u00e9, tout en \u00e9tant l\u00e9ger et facile \u00e0 d\u00e9placer, ce qui permet de le placer dans n'importe quel endroit sans probl\u00e8me.<\/li>\n<li><strong>Une conception peu encombrante<\/strong>: De structure compacte, il s'agit d'un \u201cpr\u00e9sentoir essentiel pour les petits espaces\u201d qui n'occupe pas trop de place, ce qui le rend id\u00e9al pour les comptoirs, les devantures de magasins ou les coins de la maison.<\/li>\n<li><strong>Double fonction<\/strong>: Il s'agit \u00e0 la fois d'une solution pratique de rangement et d'exposition des bijoux (pour que les colliers soient organis\u00e9s et visibles) et d'un \u00e9l\u00e9ment d\u00e9coratif. Son style vintage s'accorde avec divers d\u00e9cors int\u00e9rieurs, des boutiques aux espaces r\u00e9sidentiels.<\/li>\n<li><strong>Favorable \u00e0 la photographie<\/strong>: Le design simple et \u00e9pur\u00e9 et les couleurs chaudes minimisent les distractions visuelles, ce qui est parfait pour prendre des photos professionnelles de produits. Il met clairement en valeur les d\u00e9tails des bijoux, aidant ainsi les acheteurs potentiels \u00e0 visualiser efficacement les produits.<\/li>\n<\/ul>\n<\/div>\n<\/div>\n<\/div>\n<div class=\"flex-row flex max-w-full min-w-0 flex-grow\"><\/div>\n<\/div>\n<\/div>\n<\/div>\n<\/div>\n<\/div>\n<\/div>\n<\/div>\n<\/div>","protected":false},"excerpt":{"rendered":"<p>Il s'agit d'un luxueux pr\u00e9sentoir \u00e0 bijoux de style vintage, fabriqu\u00e9 en bois massif de haute qualit\u00e9 et de couleur marron vintage. Il existe en deux tailles (13,5\u00d710\u00d730 cm et 13,5\u00d710\u00d741 cm) pour pr\u00e9senter des colliers, qu'il s'agisse de cha\u00eenes d\u00e9licates ou de pi\u00e8ces audacieuses. Robuste mais l\u00e9ger, il convient aux vitrines des bijouteries de luxe, aux fen\u00eatres, aux salons professionnels et aux habitations. Id\u00e9al pour la photographie de produits, il met en valeur les bijoux tout en ajoutant une touche r\u00e9tro sophistiqu\u00e9e \u00e0 tout espace.<\/p>","protected":false},"featured_media":44041,"comment_status":"open","ping_status":"closed","template":"","meta":{"_acf_changed":false},"product_brand":[84],"product_cat":[828],"product_tag":[933,929,939,937,935,931,839,936,938,932,930,928,919,934,940],"class_list":{"0":"post-44037","1":"product","2":"type-product","3":"status-publish","4":"has-post-thumbnail","6":"product_brand-de-liang","7":"product_cat-jewelry-uncategorized","8":"product_tag-2-size-jewelry-display-bust","9":"product_tag-delicate-chain-display-stand","10":"product_tag-fashion-studio-jewelry-display","11":"product_tag-high-end-necklace-display-stand","12":"product_tag-jewelry-window-display-bust","13":"product_tag-luxury-jewelry-store-display-bust","14":"product_tag-product-photography-jewelry-bust","15":"product_tag-retail-jewelry-showcase-bust","16":"product_tag-solid-wood-jewelry-display-stand","17":"product_tag-solid-wood-necklace-mannequin-bust","18":"product_tag-statement-necklace-display-bust","19":"product_tag-trade-show-jewelry-bust","20":"product_tag-vintage-brown-solid-wood-jewelry-display-bust","21":"product_tag-vintage-style-necklace-stand","22":"product_tag-vintage-wood-necklace-bust","24":"first","25":"instock","26":"shipping-taxable","27":"purchasable","28":"product-type-simple"},"acf":[],"yoast_head":"<!-- This site is optimized with the Yoast SEO plugin v27.4 - https:\/\/yoast.com\/product\/yoast-seo-wordpress\/ -->\n<title>Vintage Jewelry Bust Stand \u2013 Solid Wood for Store Windows &amp; Necklaces - DE-LIANG - jewelry,clothes,watch,beauty cosmetics<\/title>\n<meta name=\"robots\" content=\"index, follow, max-snippet:-1, max-image-preview:large, max-video-preview:-1\" \/>\n<link rel=\"canonical\" href=\"https:\/\/deliangdisplay.com\/fr\/notre-produit\/affichages\/bijoux-non-classe\/support-de-buste-vintage-en-bois-massif-pour-vitrines-colliers\/\" \/>\n<meta property=\"og:locale\" content=\"fr_FR\" \/>\n<meta property=\"og:type\" content=\"article\" \/>\n<meta property=\"og:title\" content=\"Vintage Jewelry Bust Stand \u2013 Solid Wood for Store Windows &amp; Necklaces - DE-LIANG - jewelry,clothes,watch,beauty cosmetics\" \/>\n<meta property=\"og:description\" content=\"This is a luxury, vintage-style jewelry display bust made of high-quality solid wood in vintage brown. It comes in two sizes (13.5\u00d710\u00d730cm and 13.5\u00d710\u00d741cm) to showcase necklaces, from delicate chains to bold pieces. Sturdy yet lightweight, it fits luxury jewelry store showcases, windows, trade shows, and homes. Ideal for product photography, it enhances jewelry\u2019s appeal while adding a sophisticated retro touch to any space.\" \/>\n<meta property=\"og:url\" content=\"https:\/\/deliangdisplay.com\/fr\/notre-produit\/affichages\/bijoux-non-classe\/support-de-buste-vintage-en-bois-massif-pour-vitrines-colliers\/\" \/>\n<meta property=\"og:site_name\" content=\"DE-LIANG - jewelry,clothes,watch,beauty cosmetics\" \/>\n<meta property=\"article:publisher\" content=\"https:\/\/www.facebook.com\/JaneZhang008\/\" \/>\n<meta property=\"article:modified_time\" content=\"2025-10-31T09:32:53+00:00\" \/>\n<meta property=\"og:image\" content=\"https:\/\/deliangdisplay.com\/wp-content\/uploads\/2025\/10\/84.webp\" \/>\n\t<meta property=\"og:image:width\" content=\"713\" \/>\n\t<meta property=\"og:image:height\" content=\"713\" \/>\n\t<meta property=\"og:image:type\" content=\"image\/webp\" \/>\n<meta name=\"twitter:card\" content=\"summary_large_image\" \/>\n<meta name=\"twitter:site\" content=\"@ly673551729\" \/>\n<meta name=\"twitter:label1\" content=\"Dur\u00e9e de lecture estim\u00e9e\" \/>\n\t<meta name=\"twitter:data1\" content=\"2 minutes\" \/>\n<script type=\"application\/ld+json\" class=\"yoast-schema-graph\">{\"@context\":\"https:\\\/\\\/schema.org\",\"@graph\":[{\"@type\":\"WebPage\",\"@id\":\"https:\\\/\\\/deliangdisplay.com\\\/our-product\\\/displays\\\/jewelry-uncategorized\\\/vintage-jewelry-bust-stand-solid-wood-for-store-windows-necklaces\\\/\",\"url\":\"https:\\\/\\\/deliangdisplay.com\\\/our-product\\\/displays\\\/jewelry-uncategorized\\\/vintage-jewelry-bust-stand-solid-wood-for-store-windows-necklaces\\\/\",\"name\":\"Vintage Jewelry Bust Stand \u2013 Solid Wood for Store Windows & Necklaces - DE-LIANG - jewelry,clothes,watch,beauty cosmetics\",\"isPartOf\":{\"@id\":\"https:\\\/\\\/deliangdisplay.com\\\/#website\"},\"primaryImageOfPage\":{\"@id\":\"https:\\\/\\\/deliangdisplay.com\\\/our-product\\\/displays\\\/jewelry-uncategorized\\\/vintage-jewelry-bust-stand-solid-wood-for-store-windows-necklaces\\\/#primaryimage\"},\"image\":{\"@id\":\"https:\\\/\\\/deliangdisplay.com\\\/our-product\\\/displays\\\/jewelry-uncategorized\\\/vintage-jewelry-bust-stand-solid-wood-for-store-windows-necklaces\\\/#primaryimage\"},\"thumbnailUrl\":\"https:\\\/\\\/deliangdisplay.com\\\/wp-content\\\/uploads\\\/2025\\\/10\\\/84.webp\",\"datePublished\":\"2025-10-31T09:28:15+00:00\",\"dateModified\":\"2025-10-31T09:32:53+00:00\",\"breadcrumb\":{\"@id\":\"https:\\\/\\\/deliangdisplay.com\\\/our-product\\\/displays\\\/jewelry-uncategorized\\\/vintage-jewelry-bust-stand-solid-wood-for-store-windows-necklaces\\\/#breadcrumb\"},\"inLanguage\":\"fr-FR\",\"potentialAction\":[{\"@type\":\"ReadAction\",\"target\":[\"https:\\\/\\\/deliangdisplay.com\\\/our-product\\\/displays\\\/jewelry-uncategorized\\\/vintage-jewelry-bust-stand-solid-wood-for-store-windows-necklaces\\\/\"]}]},{\"@type\":\"ImageObject\",\"inLanguage\":\"fr-FR\",\"@id\":\"https:\\\/\\\/deliangdisplay.com\\\/our-product\\\/displays\\\/jewelry-uncategorized\\\/vintage-jewelry-bust-stand-solid-wood-for-store-windows-necklaces\\\/#primaryimage\",\"url\":\"https:\\\/\\\/deliangdisplay.com\\\/wp-content\\\/uploads\\\/2025\\\/10\\\/84.webp\",\"contentUrl\":\"https:\\\/\\\/deliangdisplay.com\\\/wp-content\\\/uploads\\\/2025\\\/10\\\/84.webp\",\"width\":713,\"height\":713},{\"@type\":\"BreadcrumbList\",\"@id\":\"https:\\\/\\\/deliangdisplay.com\\\/our-product\\\/displays\\\/jewelry-uncategorized\\\/vintage-jewelry-bust-stand-solid-wood-for-store-windows-necklaces\\\/#breadcrumb\",\"itemListElement\":[{\"@type\":\"ListItem\",\"position\":1,\"name\":\"\u9996\u9875\",\"item\":\"https:\\\/\\\/deliangdisplay.com\\\/\"},{\"@type\":\"ListItem\",\"position\":2,\"name\":\"Our Product\",\"item\":\"https:\\\/\\\/deliangdisplay.com\\\/our-product\\\/\"},{\"@type\":\"ListItem\",\"position\":3,\"name\":\"Vintage Jewelry Bust Stand \u2013 Solid Wood for Store Windows &#038; Necklaces\"}]},{\"@type\":\"WebSite\",\"@id\":\"https:\\\/\\\/deliangdisplay.com\\\/#website\",\"url\":\"https:\\\/\\\/deliangdisplay.com\\\/\",\"name\":\"deliangdisplay.com\",\"description\":\"DE-LIANG - Providing bespoke packaging solutions and luxurious display design services for brands in jewelry, apparel, watches, beauty cosmetics, and more.\",\"publisher\":{\"@id\":\"https:\\\/\\\/deliangdisplay.com\\\/#organization\"},\"potentialAction\":[{\"@type\":\"SearchAction\",\"target\":{\"@type\":\"EntryPoint\",\"urlTemplate\":\"https:\\\/\\\/deliangdisplay.com\\\/?s={search_term_string}\"},\"query-input\":{\"@type\":\"PropertyValueSpecification\",\"valueRequired\":true,\"valueName\":\"search_term_string\"}}],\"inLanguage\":\"fr-FR\"},{\"@type\":\"Organization\",\"@id\":\"https:\\\/\\\/deliangdisplay.com\\\/#organization\",\"name\":\"deliangdisplay.com\",\"url\":\"https:\\\/\\\/deliangdisplay.com\\\/\",\"logo\":{\"@type\":\"ImageObject\",\"inLanguage\":\"fr-FR\",\"@id\":\"https:\\\/\\\/deliangdisplay.com\\\/#\\\/schema\\\/logo\\\/image\\\/\",\"url\":\"https:\\\/\\\/deliangdisplay.com\\\/wp-content\\\/uploads\\\/2025\\\/08\\\/DELIANGDISPALY_logo.png\",\"contentUrl\":\"https:\\\/\\\/deliangdisplay.com\\\/wp-content\\\/uploads\\\/2025\\\/08\\\/DELIANGDISPALY_logo.png\",\"width\":300,\"height\":130,\"caption\":\"deliangdisplay.com\"},\"image\":{\"@id\":\"https:\\\/\\\/deliangdisplay.com\\\/#\\\/schema\\\/logo\\\/image\\\/\"},\"sameAs\":[\"https:\\\/\\\/www.facebook.com\\\/JaneZhang008\\\/\",\"https:\\\/\\\/x.com\\\/ly673551729\"]}]}<\/script>\n<!-- \/ Yoast SEO plugin. -->","yoast_head_json":{"title":"Porte-bijoux vintage - Bois massif pour vitrines et colliers - DE-LIANG - bijouterie,vetements,montres,cosm\u00e9tique,beaut\u00e9","robots":{"index":"index","follow":"follow","max-snippet":"max-snippet:-1","max-image-preview":"max-image-preview:large","max-video-preview":"max-video-preview:-1"},"canonical":"https:\/\/deliangdisplay.com\/fr\/notre-produit\/affichages\/bijoux-non-classe\/support-de-buste-vintage-en-bois-massif-pour-vitrines-colliers\/","og_locale":"fr_FR","og_type":"article","og_title":"Vintage Jewelry Bust Stand \u2013 Solid Wood for Store Windows & Necklaces - DE-LIANG - jewelry,clothes,watch,beauty cosmetics","og_description":"This is a luxury, vintage-style jewelry display bust made of high-quality solid wood in vintage brown. It comes in two sizes (13.5\u00d710\u00d730cm and 13.5\u00d710\u00d741cm) to showcase necklaces, from delicate chains to bold pieces. Sturdy yet lightweight, it fits luxury jewelry store showcases, windows, trade shows, and homes. Ideal for product photography, it enhances jewelry\u2019s appeal while adding a sophisticated retro touch to any space.","og_url":"https:\/\/deliangdisplay.com\/fr\/notre-produit\/affichages\/bijoux-non-classe\/support-de-buste-vintage-en-bois-massif-pour-vitrines-colliers\/","og_site_name":"DE-LIANG - jewelry,clothes,watch,beauty cosmetics","article_publisher":"https:\/\/www.facebook.com\/JaneZhang008\/","article_modified_time":"2025-10-31T09:32:53+00:00","og_image":[{"width":713,"height":713,"url":"https:\/\/deliangdisplay.com\/wp-content\/uploads\/2025\/10\/84.webp","type":"image\/webp"}],"twitter_card":"summary_large_image","twitter_site":"@ly673551729","twitter_misc":{"Dur\u00e9e de lecture estim\u00e9e":"2 minutes"},"schema":{"@context":"https:\/\/schema.org","@graph":[{"@type":"WebPage","@id":"https:\/\/deliangdisplay.com\/our-product\/displays\/jewelry-uncategorized\/vintage-jewelry-bust-stand-solid-wood-for-store-windows-necklaces\/","url":"https:\/\/deliangdisplay.com\/our-product\/displays\/jewelry-uncategorized\/vintage-jewelry-bust-stand-solid-wood-for-store-windows-necklaces\/","name":"Porte-bijoux vintage - Bois massif pour vitrines et colliers - DE-LIANG - bijouterie,vetements,montres,cosm\u00e9tique,beaut\u00e9","isPartOf":{"@id":"https:\/\/deliangdisplay.com\/#website"},"primaryImageOfPage":{"@id":"https:\/\/deliangdisplay.com\/our-product\/displays\/jewelry-uncategorized\/vintage-jewelry-bust-stand-solid-wood-for-store-windows-necklaces\/#primaryimage"},"image":{"@id":"https:\/\/deliangdisplay.com\/our-product\/displays\/jewelry-uncategorized\/vintage-jewelry-bust-stand-solid-wood-for-store-windows-necklaces\/#primaryimage"},"thumbnailUrl":"https:\/\/deliangdisplay.com\/wp-content\/uploads\/2025\/10\/84.webp","datePublished":"2025-10-31T09:28:15+00:00","dateModified":"2025-10-31T09:32:53+00:00","breadcrumb":{"@id":"https:\/\/deliangdisplay.com\/our-product\/displays\/jewelry-uncategorized\/vintage-jewelry-bust-stand-solid-wood-for-store-windows-necklaces\/#breadcrumb"},"inLanguage":"fr-FR","potentialAction":[{"@type":"ReadAction","target":["https:\/\/deliangdisplay.com\/our-product\/displays\/jewelry-uncategorized\/vintage-jewelry-bust-stand-solid-wood-for-store-windows-necklaces\/"]}]},{"@type":"ImageObject","inLanguage":"fr-FR","@id":"https:\/\/deliangdisplay.com\/our-product\/displays\/jewelry-uncategorized\/vintage-jewelry-bust-stand-solid-wood-for-store-windows-necklaces\/#primaryimage","url":"https:\/\/deliangdisplay.com\/wp-content\/uploads\/2025\/10\/84.webp","contentUrl":"https:\/\/deliangdisplay.com\/wp-content\/uploads\/2025\/10\/84.webp","width":713,"height":713},{"@type":"BreadcrumbList","@id":"https:\/\/deliangdisplay.com\/our-product\/displays\/jewelry-uncategorized\/vintage-jewelry-bust-stand-solid-wood-for-store-windows-necklaces\/#breadcrumb","itemListElement":[{"@type":"ListItem","position":1,"name":"\u9996\u9875","item":"https:\/\/deliangdisplay.com\/"},{"@type":"ListItem","position":2,"name":"Our Product","item":"https:\/\/deliangdisplay.com\/our-product\/"},{"@type":"ListItem","position":3,"name":"Vintage Jewelry Bust Stand \u2013 Solid Wood for Store Windows &#038; Necklaces"}]},{"@type":"WebSite","@id":"https:\/\/deliangdisplay.com\/#website","url":"https:\/\/deliangdisplay.com\/","name":"deliangdisplay.com","description":"DE-LIANG - Fournit des solutions d'emballage sur mesure et des services de conception de pr\u00e9sentoirs luxueux pour les marques de bijoux, de v\u00eatements, de montres, de produits de beaut\u00e9 et de cosm\u00e9tiques, et plus encore.","publisher":{"@id":"https:\/\/deliangdisplay.com\/#organization"},"potentialAction":[{"@type":"SearchAction","target":{"@type":"EntryPoint","urlTemplate":"https:\/\/deliangdisplay.com\/?s={search_term_string}"},"query-input":{"@type":"PropertyValueSpecification","valueRequired":true,"valueName":"search_term_string"}}],"inLanguage":"fr-FR"},{"@type":"Organization","@id":"https:\/\/deliangdisplay.com\/#organization","name":"deliangdisplay.com","url":"https:\/\/deliangdisplay.com\/","logo":{"@type":"ImageObject","inLanguage":"fr-FR","@id":"https:\/\/deliangdisplay.com\/#\/schema\/logo\/image\/","url":"https:\/\/deliangdisplay.com\/wp-content\/uploads\/2025\/08\/DELIANGDISPALY_logo.png","contentUrl":"https:\/\/deliangdisplay.com\/wp-content\/uploads\/2025\/08\/DELIANGDISPALY_logo.png","width":300,"height":130,"caption":"deliangdisplay.com"},"image":{"@id":"https:\/\/deliangdisplay.com\/#\/schema\/logo\/image\/"},"sameAs":["https:\/\/www.facebook.com\/JaneZhang008\/","https:\/\/x.com\/ly673551729"]}]}},"_links":{"self":[{"href":"https:\/\/deliangdisplay.com\/fr\/wp-json\/wp\/v2\/product\/44037","targetHints":{"allow":["GET"]}}],"collection":[{"href":"https:\/\/deliangdisplay.com\/fr\/wp-json\/wp\/v2\/product"}],"about":[{"href":"https:\/\/deliangdisplay.com\/fr\/wp-json\/wp\/v2\/types\/product"}],"replies":[{"embeddable":true,"href":"https:\/\/deliangdisplay.com\/fr\/wp-json\/wp\/v2\/comments?post=44037"}],"wp:featuredmedia":[{"embeddable":true,"href":"https:\/\/deliangdisplay.com\/fr\/wp-json\/wp\/v2\/media\/44041"}],"wp:attachment":[{"href":"https:\/\/deliangdisplay.com\/fr\/wp-json\/wp\/v2\/media?parent=44037"}],"wp:term":[{"taxonomy":"product_brand","embeddable":true,"href":"https:\/\/deliangdisplay.com\/fr\/wp-json\/wp\/v2\/product_brand?post=44037"},{"taxonomy":"product_cat","embeddable":true,"href":"https:\/\/deliangdisplay.com\/fr\/wp-json\/wp\/v2\/product_cat?post=44037"},{"taxonomy":"product_tag","embeddable":true,"href":"https:\/\/deliangdisplay.com\/fr\/wp-json\/wp\/v2\/product_tag?post=44037"}],"curies":[{"name":"wp","href":"https:\/\/api.w.org\/{rel}","templated":true}]}}