{"id":43905,"date":"2025-10-30T14:52:14","date_gmt":"2025-10-30T06:52:14","guid":{"rendered":"https:\/\/deliangdisplay.com\/?post_type=product&#038;p=43905"},"modified":"2025-10-30T15:07:46","modified_gmt":"2025-10-30T07:07:46","slug":"presentoir-a-bijoux-en-bois-massif-pour-chaines-de-colliers-30-5cm-50cm-blanc-mat","status":"publish","type":"product","link":"https:\/\/deliangdisplay.com\/fr\/notre-produit\/affichages\/bijoux-non-classe\/presentoir-a-bijoux-en-bois-massif-pour-chaines-de-colliers-30-5cm-50cm-blanc-mat\/","title":{"rendered":"Pr\u00e9sentoir \u00e0 bijoux en bois massif Support pour cha\u00eenes de colliers, tailles 30.5cm\/50cm Blanc mat"},"content":{"rendered":"<h3 class=\"header-vfC6AV auto-hide-last-sibling-br\">Aper\u00e7u du produit<\/h3>\n<div class=\"auto-hide-last-sibling-br paragraph-JOTKXA paragraph-element br-paragraph-space\">Il s'agit d'un\u00a0<strong>buste de mannequin pour pr\u00e9sentation de bijoux<\/strong>\u00a0con\u00e7u sp\u00e9cialement pour mettre en valeur les colliers, les cha\u00eenes et autres bijoux. Il allie une esth\u00e9tique minimaliste \u00e0 une fonctionnalit\u00e9 pratique, id\u00e9ale pour les bijouteries, les boutiques de v\u00eatements, les studios de mode, les salons professionnels et les espaces domestiques (chambres \u00e0 coucher, dressing). Avec son design \u00e9pur\u00e9 et intemporel, il met en valeur les d\u00e9tails des bijoux tout en servant d'\u00e9l\u00e9ment d\u00e9coratif subtil, am\u00e9liorant l'attrait du produit et simplifiant la pr\u00e9sentation dans les petits espaces.<\/div>\n<h3 class=\"header-vfC6AV auto-hide-last-sibling-br\">Principales sp\u00e9cifications<\/h3>\n<ul class=\"auto-hide-last-sibling-br\">\n<li><strong>D\u00e9tails de la taille<\/strong>\n<ul class=\"auto-hide-last-sibling-br\">\n<li>Petit buste : longueur 16 cm, longueur du bas 11,5 cm, largeur du bas 7,5 cm, hauteur 30,5 cm.<\/li>\n<li>Buste large : longueur 16 cm, longueur du bas 11,5 cm, largeur du bas 7,5 cm, hauteur 50 cm.<\/li>\n<\/ul>\n<\/li>\n<li><strong>Mat\u00e9riaux et apparence<\/strong>: Fabriqu\u00e9 en bois massif de haute qualit\u00e9 ; finition en blanc mat pour un aspect lisse et net qui s'harmonise avec diff\u00e9rents styles de bijoux sans distraire.<\/li>\n<\/ul>\n<h3 class=\"header-vfC6AV auto-hide-last-sibling-br\">Caract\u00e9ristiques principales<\/h3>\n<ul class=\"auto-hide-last-sibling-br\">\n<li><strong>Construction de qualit\u00e9 sup\u00e9rieure et durable<\/strong>: La construction en bois massif garantit une utilisation \u00e0 long terme, avec une s\u00e9lection minutieuse des mat\u00e9riaux pour la fiabilit\u00e9 - adapt\u00e9e \u00e0 une manipulation fr\u00e9quente dans les magasins de d\u00e9tail ou \u00e0 une exposition \u00e0 long terme \u00e0 la maison.<\/li>\n<li><strong>Design minimaliste et polyvalent<\/strong>: La finition blanche mate, simple et sans fioritures, agit comme une toile de fond neutre, faisant des bijoux (colliers, cha\u00eenes, tours de cou) le point de mire ; elle s'int\u00e8gre parfaitement dans les magasins, les salons professionnels ou les espaces domestiques.<\/li>\n<li><strong>Peu encombrant et portable<\/strong>: L\u00e9ger et compact, il n'occupe pas beaucoup d'espace sur le comptoir ou l'\u00e9tag\u00e8re. Facile \u00e0 d\u00e9placer et \u00e0 repositionner, il est parfait pour les pr\u00e9sentoirs de petite taille (comptoirs de bijouterie, tables de coiffure, etc.).<\/li>\n<li><strong>Utilitaire multi-sc\u00e8ne<\/strong>: Fonctionne \u00e0 la fois comme un outil de pr\u00e9sentation (pour les vitrines de vente au d\u00e9tail, les d\u00e9fil\u00e9s de mode) et comme un organisateur de rangement (pour les bijoux \u00e0 la maison) ; id\u00e9al \u00e9galement pour la photographie de produits, permettant de visualiser l'aspect des bijoux lorsqu'ils sont port\u00e9s, afin d'attirer les clients.<\/li>\n<\/ul>","protected":false},"excerpt":{"rendered":"<p>buste de pr\u00e9sentation de bijoux en bois massif, buste de pr\u00e9sentation de colliers, support de buste de bijoux, petit buste de bijoux de 30,5 cm, grand buste de bijoux de 50 cm, buste de bijoux blanc mat, pr\u00e9sentoir de bijouterie, support de bijoux de boutique, pr\u00e9sentoir de bijoux de comptoir, support de rangement de bijoux pour la maison, buste de bijoux pour photographie de produits, buste de pr\u00e9sentation de cha\u00eenes, support de pr\u00e9sentation de colliers, support de colliers en bois massif, buste de pr\u00e9sentation de bijoux pour la vente au d\u00e9tail.<\/p>","protected":false},"featured_media":43906,"comment_status":"open","ping_status":"closed","template":"","meta":{"_acf_changed":false},"product_brand":[84],"product_cat":[828],"product_tag":[832,833,836,840,841,837,838,831,835,834,830,839,515,829,842],"class_list":{"0":"post-43905","1":"product","2":"type-product","3":"status-publish","4":"has-post-thumbnail","6":"product_brand-de-liang","7":"product_cat-jewelry-uncategorized","8":"product_tag-30-5cm-small-jewelry-bust","9":"product_tag-50cm-large-jewelry-bust","10":"product_tag-boutique-jewelry-holder","11":"product_tag-chain-display-bust","12":"product_tag-choker-display-stand","13":"product_tag-countertop-jewelry-display","14":"product_tag-home-jewelry-storage-stand","15":"product_tag-jewelry-bust-holder","16":"product_tag-jewelry-shop-display-stand","17":"product_tag-matte-white-jewelry-bust","18":"product_tag-necklace-display-bust-stand","19":"product_tag-product-photography-jewelry-bust","20":"product_tag-retail-jewelry-display-bust","21":"product_tag-solid-wood-jewelry-display-bust","22":"product_tag-solid-wood-necklace-holder","24":"first","25":"instock","26":"shipping-taxable","27":"purchasable","28":"product-type-simple"},"acf":[],"yoast_head":"<!-- This site is optimized with the Yoast SEO plugin v27.4 - https:\/\/yoast.com\/product\/yoast-seo-wordpress\/ -->\n<title>Solid Wood Jewelry Display Bust Stand for Necklaces Chains, 30.5cm\/50cm Sizes Matte White - DE-LIANG - jewelry,clothes,watch,beauty cosmetics<\/title>\n<meta name=\"robots\" content=\"index, follow, max-snippet:-1, max-image-preview:large, max-video-preview:-1\" \/>\n<link rel=\"canonical\" href=\"https:\/\/deliangdisplay.com\/fr\/notre-produit\/affichages\/bijoux-non-classe\/presentoir-a-bijoux-en-bois-massif-pour-chaines-de-colliers-30-5cm-50cm-blanc-mat\/\" \/>\n<meta property=\"og:locale\" content=\"fr_FR\" \/>\n<meta property=\"og:type\" content=\"article\" \/>\n<meta property=\"og:title\" content=\"Solid Wood Jewelry Display Bust Stand for Necklaces Chains, 30.5cm\/50cm Sizes Matte White - DE-LIANG - jewelry,clothes,watch,beauty cosmetics\" \/>\n<meta property=\"og:description\" content=\"solid wood jewelry display bust,necklace display bust stand,jewelry bust holder,30.5cm small jewelry bust,50cm large jewelry bust,matte white jewelry bust,jewelry shop display stand,boutique jewelry holder,countertop jewelry display,home jewelry storage stand,product photography jewelry bust,chain display bust,choker display stand,solid wood necklace holder,retail jewelry display bust\" \/>\n<meta property=\"og:url\" content=\"https:\/\/deliangdisplay.com\/fr\/notre-produit\/affichages\/bijoux-non-classe\/presentoir-a-bijoux-en-bois-massif-pour-chaines-de-colliers-30-5cm-50cm-blanc-mat\/\" \/>\n<meta property=\"og:site_name\" content=\"DE-LIANG - jewelry,clothes,watch,beauty cosmetics\" \/>\n<meta property=\"article:publisher\" content=\"https:\/\/www.facebook.com\/JaneZhang008\/\" \/>\n<meta property=\"article:modified_time\" content=\"2025-10-30T07:07:46+00:00\" \/>\n<meta property=\"og:image\" content=\"https:\/\/deliangdisplay.com\/wp-content\/uploads\/2025\/10\/4-17.webp\" \/>\n\t<meta property=\"og:image:width\" content=\"1100\" \/>\n\t<meta property=\"og:image:height\" content=\"1100\" \/>\n\t<meta property=\"og:image:type\" content=\"image\/webp\" \/>\n<meta name=\"twitter:card\" content=\"summary_large_image\" \/>\n<meta name=\"twitter:site\" content=\"@ly673551729\" \/>\n<meta name=\"twitter:label1\" content=\"Dur\u00e9e de lecture estim\u00e9e\" \/>\n\t<meta name=\"twitter:data1\" content=\"2 minutes\" \/>\n<script type=\"application\/ld+json\" class=\"yoast-schema-graph\">{\"@context\":\"https:\\\/\\\/schema.org\",\"@graph\":[{\"@type\":\"WebPage\",\"@id\":\"https:\\\/\\\/deliangdisplay.com\\\/our-product\\\/displays\\\/jewelry-uncategorized\\\/solid-wood-jewelry-display-bust-stand-for-necklaces-chains-30-5cm-50cm-sizes-matte-white\\\/\",\"url\":\"https:\\\/\\\/deliangdisplay.com\\\/our-product\\\/displays\\\/jewelry-uncategorized\\\/solid-wood-jewelry-display-bust-stand-for-necklaces-chains-30-5cm-50cm-sizes-matte-white\\\/\",\"name\":\"Solid Wood Jewelry Display Bust Stand for Necklaces Chains, 30.5cm\\\/50cm Sizes Matte White - DE-LIANG - jewelry,clothes,watch,beauty cosmetics\",\"isPartOf\":{\"@id\":\"https:\\\/\\\/deliangdisplay.com\\\/#website\"},\"primaryImageOfPage\":{\"@id\":\"https:\\\/\\\/deliangdisplay.com\\\/our-product\\\/displays\\\/jewelry-uncategorized\\\/solid-wood-jewelry-display-bust-stand-for-necklaces-chains-30-5cm-50cm-sizes-matte-white\\\/#primaryimage\"},\"image\":{\"@id\":\"https:\\\/\\\/deliangdisplay.com\\\/our-product\\\/displays\\\/jewelry-uncategorized\\\/solid-wood-jewelry-display-bust-stand-for-necklaces-chains-30-5cm-50cm-sizes-matte-white\\\/#primaryimage\"},\"thumbnailUrl\":\"https:\\\/\\\/deliangdisplay.com\\\/wp-content\\\/uploads\\\/2025\\\/10\\\/4-17.webp\",\"datePublished\":\"2025-10-30T06:52:14+00:00\",\"dateModified\":\"2025-10-30T07:07:46+00:00\",\"breadcrumb\":{\"@id\":\"https:\\\/\\\/deliangdisplay.com\\\/our-product\\\/displays\\\/jewelry-uncategorized\\\/solid-wood-jewelry-display-bust-stand-for-necklaces-chains-30-5cm-50cm-sizes-matte-white\\\/#breadcrumb\"},\"inLanguage\":\"fr-FR\",\"potentialAction\":[{\"@type\":\"ReadAction\",\"target\":[\"https:\\\/\\\/deliangdisplay.com\\\/our-product\\\/displays\\\/jewelry-uncategorized\\\/solid-wood-jewelry-display-bust-stand-for-necklaces-chains-30-5cm-50cm-sizes-matte-white\\\/\"]}]},{\"@type\":\"ImageObject\",\"inLanguage\":\"fr-FR\",\"@id\":\"https:\\\/\\\/deliangdisplay.com\\\/our-product\\\/displays\\\/jewelry-uncategorized\\\/solid-wood-jewelry-display-bust-stand-for-necklaces-chains-30-5cm-50cm-sizes-matte-white\\\/#primaryimage\",\"url\":\"https:\\\/\\\/deliangdisplay.com\\\/wp-content\\\/uploads\\\/2025\\\/10\\\/4-17.webp\",\"contentUrl\":\"https:\\\/\\\/deliangdisplay.com\\\/wp-content\\\/uploads\\\/2025\\\/10\\\/4-17.webp\",\"width\":1100,\"height\":1100},{\"@type\":\"BreadcrumbList\",\"@id\":\"https:\\\/\\\/deliangdisplay.com\\\/our-product\\\/displays\\\/jewelry-uncategorized\\\/solid-wood-jewelry-display-bust-stand-for-necklaces-chains-30-5cm-50cm-sizes-matte-white\\\/#breadcrumb\",\"itemListElement\":[{\"@type\":\"ListItem\",\"position\":1,\"name\":\"\u9996\u9875\",\"item\":\"https:\\\/\\\/deliangdisplay.com\\\/\"},{\"@type\":\"ListItem\",\"position\":2,\"name\":\"Our Product\",\"item\":\"https:\\\/\\\/deliangdisplay.com\\\/our-product\\\/\"},{\"@type\":\"ListItem\",\"position\":3,\"name\":\"Solid Wood Jewelry Display Bust Stand for Necklaces Chains, 30.5cm\\\/50cm Sizes Matte White\"}]},{\"@type\":\"WebSite\",\"@id\":\"https:\\\/\\\/deliangdisplay.com\\\/#website\",\"url\":\"https:\\\/\\\/deliangdisplay.com\\\/\",\"name\":\"deliangdisplay.com\",\"description\":\"DE-LIANG - Providing bespoke packaging solutions and luxurious display design services for brands in jewelry, apparel, watches, beauty cosmetics, and more.\",\"publisher\":{\"@id\":\"https:\\\/\\\/deliangdisplay.com\\\/#organization\"},\"potentialAction\":[{\"@type\":\"SearchAction\",\"target\":{\"@type\":\"EntryPoint\",\"urlTemplate\":\"https:\\\/\\\/deliangdisplay.com\\\/?s={search_term_string}\"},\"query-input\":{\"@type\":\"PropertyValueSpecification\",\"valueRequired\":true,\"valueName\":\"search_term_string\"}}],\"inLanguage\":\"fr-FR\"},{\"@type\":\"Organization\",\"@id\":\"https:\\\/\\\/deliangdisplay.com\\\/#organization\",\"name\":\"deliangdisplay.com\",\"url\":\"https:\\\/\\\/deliangdisplay.com\\\/\",\"logo\":{\"@type\":\"ImageObject\",\"inLanguage\":\"fr-FR\",\"@id\":\"https:\\\/\\\/deliangdisplay.com\\\/#\\\/schema\\\/logo\\\/image\\\/\",\"url\":\"https:\\\/\\\/deliangdisplay.com\\\/wp-content\\\/uploads\\\/2025\\\/08\\\/DELIANGDISPALY_logo.png\",\"contentUrl\":\"https:\\\/\\\/deliangdisplay.com\\\/wp-content\\\/uploads\\\/2025\\\/08\\\/DELIANGDISPALY_logo.png\",\"width\":300,\"height\":130,\"caption\":\"deliangdisplay.com\"},\"image\":{\"@id\":\"https:\\\/\\\/deliangdisplay.com\\\/#\\\/schema\\\/logo\\\/image\\\/\"},\"sameAs\":[\"https:\\\/\\\/www.facebook.com\\\/JaneZhang008\\\/\",\"https:\\\/\\\/x.com\\\/ly673551729\"]}]}<\/script>\n<!-- \/ Yoast SEO plugin. -->","yoast_head_json":{"title":"Pr\u00e9sentoir \u00e0 bijoux en bois massif Support pour cha\u00eenes de colliers, 30.5cm\/50cm Dimensions blanc mat - DE-LIANG - bijoux,vetements,montres,beaute,cosmetique","robots":{"index":"index","follow":"follow","max-snippet":"max-snippet:-1","max-image-preview":"max-image-preview:large","max-video-preview":"max-video-preview:-1"},"canonical":"https:\/\/deliangdisplay.com\/fr\/notre-produit\/affichages\/bijoux-non-classe\/presentoir-a-bijoux-en-bois-massif-pour-chaines-de-colliers-30-5cm-50cm-blanc-mat\/","og_locale":"fr_FR","og_type":"article","og_title":"Solid Wood Jewelry Display Bust Stand for Necklaces Chains, 30.5cm\/50cm Sizes Matte White - DE-LIANG - jewelry,clothes,watch,beauty cosmetics","og_description":"solid wood jewelry display bust,necklace display bust stand,jewelry bust holder,30.5cm small jewelry bust,50cm large jewelry bust,matte white jewelry bust,jewelry shop display stand,boutique jewelry holder,countertop jewelry display,home jewelry storage stand,product photography jewelry bust,chain display bust,choker display stand,solid wood necklace holder,retail jewelry display bust","og_url":"https:\/\/deliangdisplay.com\/fr\/notre-produit\/affichages\/bijoux-non-classe\/presentoir-a-bijoux-en-bois-massif-pour-chaines-de-colliers-30-5cm-50cm-blanc-mat\/","og_site_name":"DE-LIANG - jewelry,clothes,watch,beauty cosmetics","article_publisher":"https:\/\/www.facebook.com\/JaneZhang008\/","article_modified_time":"2025-10-30T07:07:46+00:00","og_image":[{"width":1100,"height":1100,"url":"https:\/\/deliangdisplay.com\/wp-content\/uploads\/2025\/10\/4-17.webp","type":"image\/webp"}],"twitter_card":"summary_large_image","twitter_site":"@ly673551729","twitter_misc":{"Dur\u00e9e de lecture estim\u00e9e":"2 minutes"},"schema":{"@context":"https:\/\/schema.org","@graph":[{"@type":"WebPage","@id":"https:\/\/deliangdisplay.com\/our-product\/displays\/jewelry-uncategorized\/solid-wood-jewelry-display-bust-stand-for-necklaces-chains-30-5cm-50cm-sizes-matte-white\/","url":"https:\/\/deliangdisplay.com\/our-product\/displays\/jewelry-uncategorized\/solid-wood-jewelry-display-bust-stand-for-necklaces-chains-30-5cm-50cm-sizes-matte-white\/","name":"Pr\u00e9sentoir \u00e0 bijoux en bois massif Support pour cha\u00eenes de colliers, 30.5cm\/50cm Dimensions blanc mat - DE-LIANG - bijoux,vetements,montres,beaute,cosmetique","isPartOf":{"@id":"https:\/\/deliangdisplay.com\/#website"},"primaryImageOfPage":{"@id":"https:\/\/deliangdisplay.com\/our-product\/displays\/jewelry-uncategorized\/solid-wood-jewelry-display-bust-stand-for-necklaces-chains-30-5cm-50cm-sizes-matte-white\/#primaryimage"},"image":{"@id":"https:\/\/deliangdisplay.com\/our-product\/displays\/jewelry-uncategorized\/solid-wood-jewelry-display-bust-stand-for-necklaces-chains-30-5cm-50cm-sizes-matte-white\/#primaryimage"},"thumbnailUrl":"https:\/\/deliangdisplay.com\/wp-content\/uploads\/2025\/10\/4-17.webp","datePublished":"2025-10-30T06:52:14+00:00","dateModified":"2025-10-30T07:07:46+00:00","breadcrumb":{"@id":"https:\/\/deliangdisplay.com\/our-product\/displays\/jewelry-uncategorized\/solid-wood-jewelry-display-bust-stand-for-necklaces-chains-30-5cm-50cm-sizes-matte-white\/#breadcrumb"},"inLanguage":"fr-FR","potentialAction":[{"@type":"ReadAction","target":["https:\/\/deliangdisplay.com\/our-product\/displays\/jewelry-uncategorized\/solid-wood-jewelry-display-bust-stand-for-necklaces-chains-30-5cm-50cm-sizes-matte-white\/"]}]},{"@type":"ImageObject","inLanguage":"fr-FR","@id":"https:\/\/deliangdisplay.com\/our-product\/displays\/jewelry-uncategorized\/solid-wood-jewelry-display-bust-stand-for-necklaces-chains-30-5cm-50cm-sizes-matte-white\/#primaryimage","url":"https:\/\/deliangdisplay.com\/wp-content\/uploads\/2025\/10\/4-17.webp","contentUrl":"https:\/\/deliangdisplay.com\/wp-content\/uploads\/2025\/10\/4-17.webp","width":1100,"height":1100},{"@type":"BreadcrumbList","@id":"https:\/\/deliangdisplay.com\/our-product\/displays\/jewelry-uncategorized\/solid-wood-jewelry-display-bust-stand-for-necklaces-chains-30-5cm-50cm-sizes-matte-white\/#breadcrumb","itemListElement":[{"@type":"ListItem","position":1,"name":"\u9996\u9875","item":"https:\/\/deliangdisplay.com\/"},{"@type":"ListItem","position":2,"name":"Our Product","item":"https:\/\/deliangdisplay.com\/our-product\/"},{"@type":"ListItem","position":3,"name":"Solid Wood Jewelry Display Bust Stand for Necklaces Chains, 30.5cm\/50cm Sizes Matte White"}]},{"@type":"WebSite","@id":"https:\/\/deliangdisplay.com\/#website","url":"https:\/\/deliangdisplay.com\/","name":"deliangdisplay.com","description":"DE-LIANG - Fournit des solutions d'emballage sur mesure et des services de conception de pr\u00e9sentoirs luxueux pour les marques de bijoux, de v\u00eatements, de montres, de produits de beaut\u00e9 et de cosm\u00e9tiques, et plus encore.","publisher":{"@id":"https:\/\/deliangdisplay.com\/#organization"},"potentialAction":[{"@type":"SearchAction","target":{"@type":"EntryPoint","urlTemplate":"https:\/\/deliangdisplay.com\/?s={search_term_string}"},"query-input":{"@type":"PropertyValueSpecification","valueRequired":true,"valueName":"search_term_string"}}],"inLanguage":"fr-FR"},{"@type":"Organization","@id":"https:\/\/deliangdisplay.com\/#organization","name":"deliangdisplay.com","url":"https:\/\/deliangdisplay.com\/","logo":{"@type":"ImageObject","inLanguage":"fr-FR","@id":"https:\/\/deliangdisplay.com\/#\/schema\/logo\/image\/","url":"https:\/\/deliangdisplay.com\/wp-content\/uploads\/2025\/08\/DELIANGDISPALY_logo.png","contentUrl":"https:\/\/deliangdisplay.com\/wp-content\/uploads\/2025\/08\/DELIANGDISPALY_logo.png","width":300,"height":130,"caption":"deliangdisplay.com"},"image":{"@id":"https:\/\/deliangdisplay.com\/#\/schema\/logo\/image\/"},"sameAs":["https:\/\/www.facebook.com\/JaneZhang008\/","https:\/\/x.com\/ly673551729"]}]}},"_links":{"self":[{"href":"https:\/\/deliangdisplay.com\/fr\/wp-json\/wp\/v2\/product\/43905","targetHints":{"allow":["GET"]}}],"collection":[{"href":"https:\/\/deliangdisplay.com\/fr\/wp-json\/wp\/v2\/product"}],"about":[{"href":"https:\/\/deliangdisplay.com\/fr\/wp-json\/wp\/v2\/types\/product"}],"replies":[{"embeddable":true,"href":"https:\/\/deliangdisplay.com\/fr\/wp-json\/wp\/v2\/comments?post=43905"}],"wp:featuredmedia":[{"embeddable":true,"href":"https:\/\/deliangdisplay.com\/fr\/wp-json\/wp\/v2\/media\/43906"}],"wp:attachment":[{"href":"https:\/\/deliangdisplay.com\/fr\/wp-json\/wp\/v2\/media?parent=43905"}],"wp:term":[{"taxonomy":"product_brand","embeddable":true,"href":"https:\/\/deliangdisplay.com\/fr\/wp-json\/wp\/v2\/product_brand?post=43905"},{"taxonomy":"product_cat","embeddable":true,"href":"https:\/\/deliangdisplay.com\/fr\/wp-json\/wp\/v2\/product_cat?post=43905"},{"taxonomy":"product_tag","embeddable":true,"href":"https:\/\/deliangdisplay.com\/fr\/wp-json\/wp\/v2\/product_tag?post=43905"}],"curies":[{"name":"wp","href":"https:\/\/api.w.org\/{rel}","templated":true}]}}