{"id":43879,"date":"2025-10-29T18:28:02","date_gmt":"2025-10-29T10:28:02","guid":{"rendered":"https:\/\/deliangdisplay.com\/?post_type=product&#038;p=43879"},"modified":"2025-10-29T18:28:03","modified_gmt":"2025-10-29T10:28:03","slug":"mannequin-torse-femme-en-lin-beige-bras-en-bois-en-option-pour-les-presentoirs-de-boutiques","status":"publish","type":"product","link":"https:\/\/deliangdisplay.com\/fr\/notre-produit\/affichages\/mannequins-de-vente-au-detail\/mannequin-torse-femme-en-lin-beige-bras-en-bois-en-option-pour-les-presentoirs-de-boutiques\/","title":{"rendered":"Mannequin torse f\u00e9minin en lin beige - Bras en bois en option pour les pr\u00e9sentoirs de boutiques"},"content":{"rendered":"<h3 class=\"header-vfC6AV auto-hide-last-sibling-br\">Aper\u00e7u du produit<\/h3>\n<div class=\"auto-hide-last-sibling-br paragraph-JOTKXA paragraph-element br-paragraph-space\">Il s'agit d'un\u00a0<strong>torse de mannequin demi-corps de femme (forme de robe)<\/strong>\u00a0con\u00e7u pour les magasins d'habillement, les boutiques, les vitrines, les salons professionnels et m\u00eame la d\u00e9coration d'int\u00e9rieur. Il allie une esth\u00e9tique \u00e9l\u00e9gante \u00e0 une fonctionnalit\u00e9 pratique, id\u00e9ale pour pr\u00e9senter une large gamme de v\u00eatements (pulls, robes, vestes, costumes) et d'accessoires (\u00e9charpes, colliers, sacs, lunettes de soleil). Gr\u00e2ce \u00e0 ses composants personnalisables et \u00e0 sa construction durable, il am\u00e9liore la visibilit\u00e9 des produits et ajoute une touche sophistiqu\u00e9e \u00e0 tout espace de pr\u00e9sentation.<\/div>\n<h3 class=\"header-vfC6AV auto-hide-last-sibling-br\">Principales sp\u00e9cifications<\/h3>\n<ul class=\"auto-hide-last-sibling-br\">\n<li><strong>D\u00e9tails de la taille<\/strong>: Largeur des \u00e9paules 39,5 cm, buste 81 cm, taille 61 cm, hanches 85 cm, hauteur du corps 97 cm, hauteur de la base 120 cm, longueur de la base 39 cm, largeur de la base 29,5 cm.<\/li>\n<li><strong>Mat\u00e9riaux et personnalisation<\/strong>: Noyau en fibre de verre durable ; ext\u00e9rieur envelopp\u00e9 d'un tissu en lin beige de premi\u00e8re qualit\u00e9 ; bras en bois en option (avec\/sans) ; disponible avec une base carr\u00e9e argent\u00e9e ou dor\u00e9e pour un support stable.<\/li>\n<\/ul>\n<h3 class=\"header-vfC6AV auto-hide-last-sibling-br\">Caract\u00e9ristiques principales<\/h3>\n<ul class=\"auto-hide-last-sibling-br\">\n<li><strong>Construction de qualit\u00e9 sup\u00e9rieure et durable<\/strong>: La construction en fibre de verre garantit la robustesse pour une utilisation \u00e0 long terme dans le commerce de d\u00e9tail tout en restant l\u00e9g\u00e8re pour un repositionnement facile ; le tissu en lin beige ajoute une texture douce et raffin\u00e9e qui s'harmonise avec diff\u00e9rents styles de v\u00eatements.<\/li>\n<li><strong>Conception personnalisable<\/strong>: Quatre styles optionnels (corps+base, corps+t\u00eate+base, corps+bras+base, corps+t\u00eate+bras+base) et deux couleurs de base (argent\/or) permettent aux utilisateurs d'adapter le mannequin \u00e0 des besoins de pr\u00e9sentation sp\u00e9cifiques, qu'il s'agisse d'une simple mise en valeur de v\u00eatements ou d'une installation ax\u00e9e sur les accessoires.<\/li>\n<li><strong>Utilisation polyvalente<\/strong>: Convient aux vitrines, aux comptoirs, aux stands d'exposition et \u00e0 la d\u00e9coration int\u00e9rieure ; met efficacement en valeur les v\u00eatements (T-shirts, manteaux, pantalons) et les petits accessoires (bijoux, lunettes de soleil), ce qui en fait un outil d'exposition multifonctionnel.<\/li>\n<li><strong>Esth\u00e9tique minimaliste<\/strong>: Le design \u00e9pur\u00e9 et intemporel permet de se concentrer sur les produits expos\u00e9s sans distraction, ce qui rehausse l'attrait visuel global des espaces de vente au d\u00e9tail ou des espaces de d\u00e9coration personnelle.<\/li>\n<\/ul>","protected":false},"excerpt":{"rendered":"<p>Il s'agit d'un torse de mannequin f\u00e9minin \u00e0 mi-corps pour les boutiques, le commerce de d\u00e9tail, les salons professionnels et la d\u00e9coration d'int\u00e9rieur. Caract\u00e9ristiques principales : 39,5 cm de largeur d'\u00e9paule, 81 cm de poitrine, 61 cm de taille, 85 cm de hanche ; 97 cm de hauteur de corps, 120 cm de hauteur de base (39 cm\u00d729,5 cm de taille de base). Fabriqu\u00e9 en fibre de verre et recouvert de lin beige, il est possible d'opter pour des bras en bois et une base argent\u00e9e\/dor\u00e9e. Convient \u00e0 la pr\u00e9sentation de v\u00eatements et d'accessoires, ajoutant de la sophistication aux \u00e9talages.<\/p>","protected":false},"featured_media":43886,"comment_status":"open","ping_status":"closed","template":"","meta":{"_acf_changed":false},"product_brand":[84],"product_cat":[51],"product_tag":[810,811,804,812,813,802,806,776,805,809,814,803,757,807,808],"class_list":{"0":"post-43879","1":"product","2":"type-product","3":"status-publish","4":"has-post-thumbnail","6":"product_brand-de-liang","7":"product_cat-retail-mannequins","8":"product_tag-39-5cm-shoulder-mannequin","9":"product_tag-61cm-waist-mannequin","10":"product_tag-81cm-bust-mannequin","11":"product_tag-85cm-hip-mannequin","12":"product_tag-apparel-display-torso","13":"product_tag-beige-linen-female-torso-mannequin","14":"product_tag-boutique-dress-form","15":"product_tag-female-half-body-dress-form","16":"product_tag-fiberglass-core-torso","17":"product_tag-home-decor-torso-mannequin","18":"product_tag-minimalist-linen-mannequin","19":"product_tag-optional-wooden-arm-mannequin","20":"product_tag-retail-display-mannequin","21":"product_tag-silver-gold-base-mannequin","22":"product_tag-trade-show-mannequin","24":"first","25":"instock","26":"shipping-taxable","27":"purchasable","28":"product-type-simple"},"acf":[],"yoast_head":"<!-- This site is optimized with the Yoast SEO plugin v27.4 - https:\/\/yoast.com\/product\/yoast-seo-wordpress\/ -->\n<title>Beige Linen Female Torso Mannequin \u2013 Optional Wooden Arms for Boutique Displays - DE-LIANG - jewelry,clothes,watch,beauty cosmetics<\/title>\n<meta name=\"robots\" content=\"index, follow, max-snippet:-1, max-image-preview:large, max-video-preview:-1\" \/>\n<link rel=\"canonical\" href=\"https:\/\/deliangdisplay.com\/fr\/notre-produit\/affichages\/mannequins-de-vente-au-detail\/mannequin-torse-femme-en-lin-beige-bras-en-bois-en-option-pour-les-presentoirs-de-boutiques\/\" \/>\n<meta property=\"og:locale\" content=\"fr_FR\" \/>\n<meta property=\"og:type\" content=\"article\" \/>\n<meta property=\"og:title\" content=\"Beige Linen Female Torso Mannequin \u2013 Optional Wooden Arms for Boutique Displays - DE-LIANG - jewelry,clothes,watch,beauty cosmetics\" \/>\n<meta property=\"og:description\" content=\"This is a female half-body mannequin torso for boutiques, retail, trade shows, and home decor. Key specs: 39.5cm shoulder width, 81cm bust, 61cm waist, 85cm hip; 97cm body height, 120cm base height (39cm\u00d729.5cm base size). Made of fiberglass core with beige linen cover, offering optional wooden arms and silver\/gold base. Suits displaying apparel and accessories, adding sophistication to displays.\" \/>\n<meta property=\"og:url\" content=\"https:\/\/deliangdisplay.com\/fr\/notre-produit\/affichages\/mannequins-de-vente-au-detail\/mannequin-torse-femme-en-lin-beige-bras-en-bois-en-option-pour-les-presentoirs-de-boutiques\/\" \/>\n<meta property=\"og:site_name\" content=\"DE-LIANG - jewelry,clothes,watch,beauty cosmetics\" \/>\n<meta property=\"article:publisher\" content=\"https:\/\/www.facebook.com\/JaneZhang008\/\" \/>\n<meta property=\"article:modified_time\" content=\"2025-10-29T10:28:03+00:00\" \/>\n<meta property=\"og:image\" content=\"https:\/\/deliangdisplay.com\/wp-content\/uploads\/2025\/10\/55.webp\" \/>\n\t<meta property=\"og:image:width\" content=\"1100\" \/>\n\t<meta property=\"og:image:height\" content=\"1100\" \/>\n\t<meta property=\"og:image:type\" content=\"image\/webp\" \/>\n<meta name=\"twitter:card\" content=\"summary_large_image\" \/>\n<meta name=\"twitter:site\" content=\"@ly673551729\" \/>\n<meta name=\"twitter:label1\" content=\"Dur\u00e9e de lecture estim\u00e9e\" \/>\n\t<meta name=\"twitter:data1\" content=\"2 minutes\" \/>\n<script type=\"application\/ld+json\" class=\"yoast-schema-graph\">{\"@context\":\"https:\\\/\\\/schema.org\",\"@graph\":[{\"@type\":\"WebPage\",\"@id\":\"https:\\\/\\\/deliangdisplay.com\\\/our-product\\\/displays\\\/retail-mannequins\\\/beige-linen-female-torso-mannequin-optional-wooden-arms-for-boutique-displays\\\/\",\"url\":\"https:\\\/\\\/deliangdisplay.com\\\/our-product\\\/displays\\\/retail-mannequins\\\/beige-linen-female-torso-mannequin-optional-wooden-arms-for-boutique-displays\\\/\",\"name\":\"Beige Linen Female Torso Mannequin \u2013 Optional Wooden Arms for Boutique Displays - DE-LIANG - jewelry,clothes,watch,beauty cosmetics\",\"isPartOf\":{\"@id\":\"https:\\\/\\\/deliangdisplay.com\\\/#website\"},\"primaryImageOfPage\":{\"@id\":\"https:\\\/\\\/deliangdisplay.com\\\/our-product\\\/displays\\\/retail-mannequins\\\/beige-linen-female-torso-mannequin-optional-wooden-arms-for-boutique-displays\\\/#primaryimage\"},\"image\":{\"@id\":\"https:\\\/\\\/deliangdisplay.com\\\/our-product\\\/displays\\\/retail-mannequins\\\/beige-linen-female-torso-mannequin-optional-wooden-arms-for-boutique-displays\\\/#primaryimage\"},\"thumbnailUrl\":\"https:\\\/\\\/deliangdisplay.com\\\/wp-content\\\/uploads\\\/2025\\\/10\\\/55.webp\",\"datePublished\":\"2025-10-29T10:28:02+00:00\",\"dateModified\":\"2025-10-29T10:28:03+00:00\",\"breadcrumb\":{\"@id\":\"https:\\\/\\\/deliangdisplay.com\\\/our-product\\\/displays\\\/retail-mannequins\\\/beige-linen-female-torso-mannequin-optional-wooden-arms-for-boutique-displays\\\/#breadcrumb\"},\"inLanguage\":\"fr-FR\",\"potentialAction\":[{\"@type\":\"ReadAction\",\"target\":[\"https:\\\/\\\/deliangdisplay.com\\\/our-product\\\/displays\\\/retail-mannequins\\\/beige-linen-female-torso-mannequin-optional-wooden-arms-for-boutique-displays\\\/\"]}]},{\"@type\":\"ImageObject\",\"inLanguage\":\"fr-FR\",\"@id\":\"https:\\\/\\\/deliangdisplay.com\\\/our-product\\\/displays\\\/retail-mannequins\\\/beige-linen-female-torso-mannequin-optional-wooden-arms-for-boutique-displays\\\/#primaryimage\",\"url\":\"https:\\\/\\\/deliangdisplay.com\\\/wp-content\\\/uploads\\\/2025\\\/10\\\/55.webp\",\"contentUrl\":\"https:\\\/\\\/deliangdisplay.com\\\/wp-content\\\/uploads\\\/2025\\\/10\\\/55.webp\",\"width\":1100,\"height\":1100},{\"@type\":\"BreadcrumbList\",\"@id\":\"https:\\\/\\\/deliangdisplay.com\\\/our-product\\\/displays\\\/retail-mannequins\\\/beige-linen-female-torso-mannequin-optional-wooden-arms-for-boutique-displays\\\/#breadcrumb\",\"itemListElement\":[{\"@type\":\"ListItem\",\"position\":1,\"name\":\"\u9996\u9875\",\"item\":\"https:\\\/\\\/deliangdisplay.com\\\/\"},{\"@type\":\"ListItem\",\"position\":2,\"name\":\"Our Product\",\"item\":\"https:\\\/\\\/deliangdisplay.com\\\/our-product\\\/\"},{\"@type\":\"ListItem\",\"position\":3,\"name\":\"Beige Linen Female Torso Mannequin \u2013 Optional Wooden Arms for Boutique Displays\"}]},{\"@type\":\"WebSite\",\"@id\":\"https:\\\/\\\/deliangdisplay.com\\\/#website\",\"url\":\"https:\\\/\\\/deliangdisplay.com\\\/\",\"name\":\"deliangdisplay.com\",\"description\":\"DE-LIANG - Providing bespoke packaging solutions and luxurious display design services for brands in jewelry, apparel, watches, beauty cosmetics, and more.\",\"publisher\":{\"@id\":\"https:\\\/\\\/deliangdisplay.com\\\/#organization\"},\"potentialAction\":[{\"@type\":\"SearchAction\",\"target\":{\"@type\":\"EntryPoint\",\"urlTemplate\":\"https:\\\/\\\/deliangdisplay.com\\\/?s={search_term_string}\"},\"query-input\":{\"@type\":\"PropertyValueSpecification\",\"valueRequired\":true,\"valueName\":\"search_term_string\"}}],\"inLanguage\":\"fr-FR\"},{\"@type\":\"Organization\",\"@id\":\"https:\\\/\\\/deliangdisplay.com\\\/#organization\",\"name\":\"deliangdisplay.com\",\"url\":\"https:\\\/\\\/deliangdisplay.com\\\/\",\"logo\":{\"@type\":\"ImageObject\",\"inLanguage\":\"fr-FR\",\"@id\":\"https:\\\/\\\/deliangdisplay.com\\\/#\\\/schema\\\/logo\\\/image\\\/\",\"url\":\"https:\\\/\\\/deliangdisplay.com\\\/wp-content\\\/uploads\\\/2025\\\/08\\\/DELIANGDISPALY_logo.png\",\"contentUrl\":\"https:\\\/\\\/deliangdisplay.com\\\/wp-content\\\/uploads\\\/2025\\\/08\\\/DELIANGDISPALY_logo.png\",\"width\":300,\"height\":130,\"caption\":\"deliangdisplay.com\"},\"image\":{\"@id\":\"https:\\\/\\\/deliangdisplay.com\\\/#\\\/schema\\\/logo\\\/image\\\/\"},\"sameAs\":[\"https:\\\/\\\/www.facebook.com\\\/JaneZhang008\\\/\",\"https:\\\/\\\/x.com\\\/ly673551729\"]}]}<\/script>\n<!-- \/ Yoast SEO plugin. -->","yoast_head_json":{"title":"Mannequin torse f\u00e9minin en lin beige - Bras en bois optionnels pour pr\u00e9sentation en boutique - DE-LIANG - bijoux,v\u00eatements,montres,beaut\u00e9,cosm\u00e9tique","robots":{"index":"index","follow":"follow","max-snippet":"max-snippet:-1","max-image-preview":"max-image-preview:large","max-video-preview":"max-video-preview:-1"},"canonical":"https:\/\/deliangdisplay.com\/fr\/notre-produit\/affichages\/mannequins-de-vente-au-detail\/mannequin-torse-femme-en-lin-beige-bras-en-bois-en-option-pour-les-presentoirs-de-boutiques\/","og_locale":"fr_FR","og_type":"article","og_title":"Beige Linen Female Torso Mannequin \u2013 Optional Wooden Arms for Boutique Displays - DE-LIANG - jewelry,clothes,watch,beauty cosmetics","og_description":"This is a female half-body mannequin torso for boutiques, retail, trade shows, and home decor. Key specs: 39.5cm shoulder width, 81cm bust, 61cm waist, 85cm hip; 97cm body height, 120cm base height (39cm\u00d729.5cm base size). Made of fiberglass core with beige linen cover, offering optional wooden arms and silver\/gold base. Suits displaying apparel and accessories, adding sophistication to displays.","og_url":"https:\/\/deliangdisplay.com\/fr\/notre-produit\/affichages\/mannequins-de-vente-au-detail\/mannequin-torse-femme-en-lin-beige-bras-en-bois-en-option-pour-les-presentoirs-de-boutiques\/","og_site_name":"DE-LIANG - jewelry,clothes,watch,beauty cosmetics","article_publisher":"https:\/\/www.facebook.com\/JaneZhang008\/","article_modified_time":"2025-10-29T10:28:03+00:00","og_image":[{"width":1100,"height":1100,"url":"https:\/\/deliangdisplay.com\/wp-content\/uploads\/2025\/10\/55.webp","type":"image\/webp"}],"twitter_card":"summary_large_image","twitter_site":"@ly673551729","twitter_misc":{"Dur\u00e9e de lecture estim\u00e9e":"2 minutes"},"schema":{"@context":"https:\/\/schema.org","@graph":[{"@type":"WebPage","@id":"https:\/\/deliangdisplay.com\/our-product\/displays\/retail-mannequins\/beige-linen-female-torso-mannequin-optional-wooden-arms-for-boutique-displays\/","url":"https:\/\/deliangdisplay.com\/our-product\/displays\/retail-mannequins\/beige-linen-female-torso-mannequin-optional-wooden-arms-for-boutique-displays\/","name":"Mannequin torse f\u00e9minin en lin beige - Bras en bois optionnels pour pr\u00e9sentation en boutique - DE-LIANG - bijoux,v\u00eatements,montres,beaut\u00e9,cosm\u00e9tique","isPartOf":{"@id":"https:\/\/deliangdisplay.com\/#website"},"primaryImageOfPage":{"@id":"https:\/\/deliangdisplay.com\/our-product\/displays\/retail-mannequins\/beige-linen-female-torso-mannequin-optional-wooden-arms-for-boutique-displays\/#primaryimage"},"image":{"@id":"https:\/\/deliangdisplay.com\/our-product\/displays\/retail-mannequins\/beige-linen-female-torso-mannequin-optional-wooden-arms-for-boutique-displays\/#primaryimage"},"thumbnailUrl":"https:\/\/deliangdisplay.com\/wp-content\/uploads\/2025\/10\/55.webp","datePublished":"2025-10-29T10:28:02+00:00","dateModified":"2025-10-29T10:28:03+00:00","breadcrumb":{"@id":"https:\/\/deliangdisplay.com\/our-product\/displays\/retail-mannequins\/beige-linen-female-torso-mannequin-optional-wooden-arms-for-boutique-displays\/#breadcrumb"},"inLanguage":"fr-FR","potentialAction":[{"@type":"ReadAction","target":["https:\/\/deliangdisplay.com\/our-product\/displays\/retail-mannequins\/beige-linen-female-torso-mannequin-optional-wooden-arms-for-boutique-displays\/"]}]},{"@type":"ImageObject","inLanguage":"fr-FR","@id":"https:\/\/deliangdisplay.com\/our-product\/displays\/retail-mannequins\/beige-linen-female-torso-mannequin-optional-wooden-arms-for-boutique-displays\/#primaryimage","url":"https:\/\/deliangdisplay.com\/wp-content\/uploads\/2025\/10\/55.webp","contentUrl":"https:\/\/deliangdisplay.com\/wp-content\/uploads\/2025\/10\/55.webp","width":1100,"height":1100},{"@type":"BreadcrumbList","@id":"https:\/\/deliangdisplay.com\/our-product\/displays\/retail-mannequins\/beige-linen-female-torso-mannequin-optional-wooden-arms-for-boutique-displays\/#breadcrumb","itemListElement":[{"@type":"ListItem","position":1,"name":"\u9996\u9875","item":"https:\/\/deliangdisplay.com\/"},{"@type":"ListItem","position":2,"name":"Our Product","item":"https:\/\/deliangdisplay.com\/our-product\/"},{"@type":"ListItem","position":3,"name":"Beige Linen Female Torso Mannequin \u2013 Optional Wooden Arms for Boutique Displays"}]},{"@type":"WebSite","@id":"https:\/\/deliangdisplay.com\/#website","url":"https:\/\/deliangdisplay.com\/","name":"deliangdisplay.com","description":"DE-LIANG - Fournit des solutions d'emballage sur mesure et des services de conception de pr\u00e9sentoirs luxueux pour les marques de bijoux, de v\u00eatements, de montres, de produits de beaut\u00e9 et de cosm\u00e9tiques, et plus encore.","publisher":{"@id":"https:\/\/deliangdisplay.com\/#organization"},"potentialAction":[{"@type":"SearchAction","target":{"@type":"EntryPoint","urlTemplate":"https:\/\/deliangdisplay.com\/?s={search_term_string}"},"query-input":{"@type":"PropertyValueSpecification","valueRequired":true,"valueName":"search_term_string"}}],"inLanguage":"fr-FR"},{"@type":"Organization","@id":"https:\/\/deliangdisplay.com\/#organization","name":"deliangdisplay.com","url":"https:\/\/deliangdisplay.com\/","logo":{"@type":"ImageObject","inLanguage":"fr-FR","@id":"https:\/\/deliangdisplay.com\/#\/schema\/logo\/image\/","url":"https:\/\/deliangdisplay.com\/wp-content\/uploads\/2025\/08\/DELIANGDISPALY_logo.png","contentUrl":"https:\/\/deliangdisplay.com\/wp-content\/uploads\/2025\/08\/DELIANGDISPALY_logo.png","width":300,"height":130,"caption":"deliangdisplay.com"},"image":{"@id":"https:\/\/deliangdisplay.com\/#\/schema\/logo\/image\/"},"sameAs":["https:\/\/www.facebook.com\/JaneZhang008\/","https:\/\/x.com\/ly673551729"]}]}},"_links":{"self":[{"href":"https:\/\/deliangdisplay.com\/fr\/wp-json\/wp\/v2\/product\/43879","targetHints":{"allow":["GET"]}}],"collection":[{"href":"https:\/\/deliangdisplay.com\/fr\/wp-json\/wp\/v2\/product"}],"about":[{"href":"https:\/\/deliangdisplay.com\/fr\/wp-json\/wp\/v2\/types\/product"}],"replies":[{"embeddable":true,"href":"https:\/\/deliangdisplay.com\/fr\/wp-json\/wp\/v2\/comments?post=43879"}],"wp:featuredmedia":[{"embeddable":true,"href":"https:\/\/deliangdisplay.com\/fr\/wp-json\/wp\/v2\/media\/43886"}],"wp:attachment":[{"href":"https:\/\/deliangdisplay.com\/fr\/wp-json\/wp\/v2\/media?parent=43879"}],"wp:term":[{"taxonomy":"product_brand","embeddable":true,"href":"https:\/\/deliangdisplay.com\/fr\/wp-json\/wp\/v2\/product_brand?post=43879"},{"taxonomy":"product_cat","embeddable":true,"href":"https:\/\/deliangdisplay.com\/fr\/wp-json\/wp\/v2\/product_cat?post=43879"},{"taxonomy":"product_tag","embeddable":true,"href":"https:\/\/deliangdisplay.com\/fr\/wp-json\/wp\/v2\/product_tag?post=43879"}],"curies":[{"name":"wp","href":"https:\/\/api.w.org\/{rel}","templated":true}]}}