{"id":43835,"date":"2025-10-27T11:49:02","date_gmt":"2025-10-27T03:49:02","guid":{"rendered":"https:\/\/deliangdisplay.com\/?post_type=product&#038;p=43835"},"modified":"2025-10-28T09:21:02","modified_gmt":"2025-10-28T01:21:02","slug":"mannequin-complet-en-bambou-et-lin-bras-en-bois-reglables-base-en-metal-pour-les-presentoirs-de-vente-au-detail","status":"publish","type":"product","link":"https:\/\/deliangdisplay.com\/fr\/notre-produit\/affichages\/mannequins-de-vente-au-detail\/mannequin-complet-en-bambou-et-lin-bras-en-bois-reglables-base-en-metal-pour-les-presentoirs-de-vente-au-detail\/","title":{"rendered":"Mannequin complet en lin bambou - Bras en bois r\u00e9glables et base en m\u00e9tal pour les pr\u00e9sentoirs de vente au d\u00e9tail"},"content":{"rendered":"<h3 class=\"header-iWP5WJ auto-hide-last-sibling-br\">Aper\u00e7u du produit<\/h3>\n<div class=\"auto-hide-last-sibling-br paragraph-pP9ZLC paragraph-element br-paragraph-space\">Il s'agit d'un\u00a0<strong>mannequin de luxe pour adultes<\/strong>\u00a0disponible en version f\u00e9minine et masculine, con\u00e7u pour les vitrines de magasins, les vitrines de produits de boutiques et la pr\u00e9sentation d'accessoires. Il allie une esth\u00e9tique fran\u00e7aise vintage \u00e0 une fonctionnalit\u00e9 pratique, id\u00e9ale pour mettre en valeur les v\u00eatements (pulls, robes, vestes), les chapeaux, les \u00e9charpes, les pantalons et les bijoux. Sa finition en lin bambou haut de gamme et son design flexible rehaussent l'attrait visuel des magasins, ce qui permet d'attirer les clients et de pr\u00e9senter les produits de mani\u00e8re efficace.<\/div>\n<h3 class=\"header-iWP5WJ auto-hide-last-sibling-br\">Principales sp\u00e9cifications<\/h3>\n<ul class=\"auto-hide-last-sibling-br\">\n<li><strong>D\u00e9tails de la taille<\/strong>\n<ul class=\"auto-hide-last-sibling-br\">\n<li>Mod\u00e8le f\u00e9minin : Taille totale 190 cm, largeur des \u00e9paules 29 cm, buste 84 cm, taille 63 cm, hanches 80 cm.<\/li>\n<li>Style masculin : Taille totale 195 cm, largeur des \u00e9paules 35 cm, buste 88 cm, taille 74 cm, hanches 89 cm.<\/li>\n<\/ul>\n<\/li>\n<li><strong>Mat\u00e9riaux et structure<\/strong>: Recouvert d'un tissu en lin de bambou haut de gamme (ton beige) ; comporte des bras en bois massif (et non en fibre de verre, comme corrig\u00e9 dans les d\u00e9tails du produit) et deux styles de t\u00eate optionnels (tissu ou bois) ; soutenu par une base en m\u00e9tal durable.<\/li>\n<\/ul>\n<h3 class=\"header-iWP5WJ auto-hide-last-sibling-br\">Caract\u00e9ristiques principales<\/h3>\n<ul class=\"auto-hide-last-sibling-br\">\n<li><strong>Conception flexible et ajustable<\/strong>: Les bras en bois se plient jusqu'\u00e0 160\u00b0 pour des poses personnalis\u00e9es ; les doigts m\u00e9caniques permettent une mise en forme arbitraire (id\u00e9ale pour la pr\u00e9sentation de bijoux) ; la t\u00eate rotative \u00e0 360\u00b0 et d\u00e9tachable permet de pr\u00e9senter les produits sous plusieurs angles.<\/li>\n<li><strong>Esth\u00e9tique haut de gamme<\/strong>: Les \u00e9paules rondes aux proportions naturelles permettent de suspendre les v\u00eatements de mani\u00e8re droite et nette. Le tissu en lin de bambou ajoute une touche \u00e9l\u00e9gante et haut de gamme qui s'accorde aussi bien avec les d\u00e9cors de magasins vintage que modernes.<\/li>\n<li><strong>Pratique et durable<\/strong>: Construction l\u00e9g\u00e8re pour un d\u00e9placement facile (convient pour le sol, le comptoir ou l'\u00e9tag\u00e8re) ; la base m\u00e9tallique robuste offre un soutien solide et une longue dur\u00e9e de vie.<\/li>\n<li><strong>Adaptabilit\u00e9 multi-sc\u00e8ne<\/strong>: Il s'agit d'un outil de pr\u00e9sentation polyvalent pour les boutiques, les magasins de v\u00eatements et les vitrines de vente au d\u00e9tail. Il est compatible avec divers v\u00eatements et accessoires afin de r\u00e9pondre aux diff\u00e9rents besoins en mati\u00e8re de merchandising.<\/li>\n<\/ul>","protected":false},"excerpt":{"rendered":"<p>Il s'agit d'un mannequin adulte de luxe (hommes\/femmes) pour le commerce de d\u00e9tail, les boutiques et les vitrines. Femme : 190 cm de haut (29 cm d'\u00e9paule, 84 cm de poitrine, 63 cm de taille, 80 cm de hanche). Homme : 195 cm de haut (35 cm d'\u00e9paule, 88 cm de poitrine, 74 cm de taille, 89 cm de hanche). Fabriqu\u00e9 en lin de bambou (beige) avec des bras en bois (pliables \u00e0 160\u00b0) et une base en m\u00e9tal. T\u00eate rotative \u00e0 360\u00b0\/d\u00e9tachable, convient aux pr\u00e9sentoirs de v\u00eatements, de bijoux et de chapeaux.<\/p>","protected":false},"featured_media":43836,"comment_status":"open","ping_status":"closed","template":"","meta":{"_acf_changed":false},"product_brand":[84],"product_cat":[51],"product_tag":[754,744,739,751,759,758,756,760,752,749,206,761,753,755,757],"class_list":{"0":"post-43835","1":"product","2":"type-product","3":"status-publish","4":"has-post-thumbnail","6":"product_brand-de-liang","7":"product_cat-retail-mannequins","8":"product_tag-160-bendable-arm-mannequin","9":"product_tag-360-rotatable-head-mannequin","10":"product_tag-adjustable-wooden-arm-mannequin","11":"product_tag-bamboo-linen-display-mannequin","12":"product_tag-beige-linen-mannequin","13":"product_tag-boutique-clothing-mannequin","14":"product_tag-fabric-wooden-head-mannequin","15":"product_tag-fiberglass-core-mannequin","16":"product_tag-full-body-adult-mannequin","17":"product_tag-garment-showcase-mannequin","18":"product_tag-jewelry-display-mannequin","19":"product_tag-luxury-french-style-mannequin","20":"product_tag-male-female-unisex-mannequin","21":"product_tag-metal-base-mannequin","22":"product_tag-retail-display-mannequin","24":"first","25":"instock","26":"shipping-taxable","27":"purchasable","28":"product-type-simple"},"acf":[],"yoast_head":"<!-- This site is optimized with the Yoast SEO plugin v27.4 - https:\/\/yoast.com\/product\/yoast-seo-wordpress\/ -->\n<title>Bamboo Linen Full-Body Mannequin \u2013 Adjustable Wooden Arms &amp; Metal Base for Retail Displays - DE-LIANG - jewelry,clothes,watch,beauty cosmetics<\/title>\n<meta name=\"robots\" content=\"index, follow, max-snippet:-1, max-image-preview:large, max-video-preview:-1\" \/>\n<link rel=\"canonical\" href=\"https:\/\/deliangdisplay.com\/fr\/notre-produit\/affichages\/mannequins-de-vente-au-detail\/mannequin-complet-en-bambou-et-lin-bras-en-bois-reglables-base-en-metal-pour-les-presentoirs-de-vente-au-detail\/\" \/>\n<meta property=\"og:locale\" content=\"fr_FR\" \/>\n<meta property=\"og:type\" content=\"article\" \/>\n<meta property=\"og:title\" content=\"Bamboo Linen Full-Body Mannequin \u2013 Adjustable Wooden Arms &amp; Metal Base for Retail Displays - DE-LIANG - jewelry,clothes,watch,beauty cosmetics\" \/>\n<meta property=\"og:description\" content=\"This is a luxury adult full-body mannequin (male\/female styles) for retail, boutiques, and window displays. Female: 190cm tall (29cm shoulder, 84cm bust, 63cm waist, 80cm hip). Male: 195cm tall (35cm shoulder, 88cm bust, 74cm waist, 89cm hip). Made of bamboo linen (beige) with wooden arms (160\u00b0 bendable) and metal base. Features 360\u00b0 rotatable\/detachable head, suits clothing, jewelry, hat displays.\" \/>\n<meta property=\"og:url\" content=\"https:\/\/deliangdisplay.com\/fr\/notre-produit\/affichages\/mannequins-de-vente-au-detail\/mannequin-complet-en-bambou-et-lin-bras-en-bois-reglables-base-en-metal-pour-les-presentoirs-de-vente-au-detail\/\" \/>\n<meta property=\"og:site_name\" content=\"DE-LIANG - jewelry,clothes,watch,beauty cosmetics\" \/>\n<meta property=\"article:publisher\" content=\"https:\/\/www.facebook.com\/JaneZhang008\/\" \/>\n<meta property=\"article:modified_time\" content=\"2025-10-28T01:21:02+00:00\" \/>\n<meta property=\"og:image\" content=\"https:\/\/deliangdisplay.com\/wp-content\/uploads\/2025\/10\/21-1.webp\" \/>\n\t<meta property=\"og:image:width\" content=\"600\" \/>\n\t<meta property=\"og:image:height\" content=\"600\" \/>\n\t<meta property=\"og:image:type\" content=\"image\/webp\" \/>\n<meta name=\"twitter:card\" content=\"summary_large_image\" \/>\n<meta name=\"twitter:site\" content=\"@ly673551729\" \/>\n<meta name=\"twitter:label1\" content=\"Dur\u00e9e de lecture estim\u00e9e\" \/>\n\t<meta name=\"twitter:data1\" content=\"2 minutes\" \/>\n<script type=\"application\/ld+json\" class=\"yoast-schema-graph\">{\"@context\":\"https:\\\/\\\/schema.org\",\"@graph\":[{\"@type\":\"WebPage\",\"@id\":\"https:\\\/\\\/deliangdisplay.com\\\/our-product\\\/displays\\\/retail-mannequins\\\/bamboo-linen-full-body-mannequin-adjustable-wooden-arms-metal-base-for-retail-displays\\\/\",\"url\":\"https:\\\/\\\/deliangdisplay.com\\\/our-product\\\/displays\\\/retail-mannequins\\\/bamboo-linen-full-body-mannequin-adjustable-wooden-arms-metal-base-for-retail-displays\\\/\",\"name\":\"Bamboo Linen Full-Body Mannequin \u2013 Adjustable Wooden Arms & Metal Base for Retail Displays - DE-LIANG - jewelry,clothes,watch,beauty cosmetics\",\"isPartOf\":{\"@id\":\"https:\\\/\\\/deliangdisplay.com\\\/#website\"},\"primaryImageOfPage\":{\"@id\":\"https:\\\/\\\/deliangdisplay.com\\\/our-product\\\/displays\\\/retail-mannequins\\\/bamboo-linen-full-body-mannequin-adjustable-wooden-arms-metal-base-for-retail-displays\\\/#primaryimage\"},\"image\":{\"@id\":\"https:\\\/\\\/deliangdisplay.com\\\/our-product\\\/displays\\\/retail-mannequins\\\/bamboo-linen-full-body-mannequin-adjustable-wooden-arms-metal-base-for-retail-displays\\\/#primaryimage\"},\"thumbnailUrl\":\"https:\\\/\\\/deliangdisplay.com\\\/wp-content\\\/uploads\\\/2025\\\/10\\\/21-1.webp\",\"datePublished\":\"2025-10-27T03:49:02+00:00\",\"dateModified\":\"2025-10-28T01:21:02+00:00\",\"breadcrumb\":{\"@id\":\"https:\\\/\\\/deliangdisplay.com\\\/our-product\\\/displays\\\/retail-mannequins\\\/bamboo-linen-full-body-mannequin-adjustable-wooden-arms-metal-base-for-retail-displays\\\/#breadcrumb\"},\"inLanguage\":\"fr-FR\",\"potentialAction\":[{\"@type\":\"ReadAction\",\"target\":[\"https:\\\/\\\/deliangdisplay.com\\\/our-product\\\/displays\\\/retail-mannequins\\\/bamboo-linen-full-body-mannequin-adjustable-wooden-arms-metal-base-for-retail-displays\\\/\"]}]},{\"@type\":\"ImageObject\",\"inLanguage\":\"fr-FR\",\"@id\":\"https:\\\/\\\/deliangdisplay.com\\\/our-product\\\/displays\\\/retail-mannequins\\\/bamboo-linen-full-body-mannequin-adjustable-wooden-arms-metal-base-for-retail-displays\\\/#primaryimage\",\"url\":\"https:\\\/\\\/deliangdisplay.com\\\/wp-content\\\/uploads\\\/2025\\\/10\\\/21-1.webp\",\"contentUrl\":\"https:\\\/\\\/deliangdisplay.com\\\/wp-content\\\/uploads\\\/2025\\\/10\\\/21-1.webp\",\"width\":600,\"height\":600},{\"@type\":\"BreadcrumbList\",\"@id\":\"https:\\\/\\\/deliangdisplay.com\\\/our-product\\\/displays\\\/retail-mannequins\\\/bamboo-linen-full-body-mannequin-adjustable-wooden-arms-metal-base-for-retail-displays\\\/#breadcrumb\",\"itemListElement\":[{\"@type\":\"ListItem\",\"position\":1,\"name\":\"\u9996\u9875\",\"item\":\"https:\\\/\\\/deliangdisplay.com\\\/\"},{\"@type\":\"ListItem\",\"position\":2,\"name\":\"Our Product\",\"item\":\"https:\\\/\\\/deliangdisplay.com\\\/our-product\\\/\"},{\"@type\":\"ListItem\",\"position\":3,\"name\":\"Bamboo Linen Full-Body Mannequin \u2013 Adjustable Wooden Arms &#038; Metal Base for Retail Displays\"}]},{\"@type\":\"WebSite\",\"@id\":\"https:\\\/\\\/deliangdisplay.com\\\/#website\",\"url\":\"https:\\\/\\\/deliangdisplay.com\\\/\",\"name\":\"deliangdisplay.com\",\"description\":\"DE-LIANG - Providing bespoke packaging solutions and luxurious display design services for brands in jewelry, apparel, watches, beauty cosmetics, and more.\",\"publisher\":{\"@id\":\"https:\\\/\\\/deliangdisplay.com\\\/#organization\"},\"potentialAction\":[{\"@type\":\"SearchAction\",\"target\":{\"@type\":\"EntryPoint\",\"urlTemplate\":\"https:\\\/\\\/deliangdisplay.com\\\/?s={search_term_string}\"},\"query-input\":{\"@type\":\"PropertyValueSpecification\",\"valueRequired\":true,\"valueName\":\"search_term_string\"}}],\"inLanguage\":\"fr-FR\"},{\"@type\":\"Organization\",\"@id\":\"https:\\\/\\\/deliangdisplay.com\\\/#organization\",\"name\":\"deliangdisplay.com\",\"url\":\"https:\\\/\\\/deliangdisplay.com\\\/\",\"logo\":{\"@type\":\"ImageObject\",\"inLanguage\":\"fr-FR\",\"@id\":\"https:\\\/\\\/deliangdisplay.com\\\/#\\\/schema\\\/logo\\\/image\\\/\",\"url\":\"https:\\\/\\\/deliangdisplay.com\\\/wp-content\\\/uploads\\\/2025\\\/08\\\/DELIANGDISPALY_logo.png\",\"contentUrl\":\"https:\\\/\\\/deliangdisplay.com\\\/wp-content\\\/uploads\\\/2025\\\/08\\\/DELIANGDISPALY_logo.png\",\"width\":300,\"height\":130,\"caption\":\"deliangdisplay.com\"},\"image\":{\"@id\":\"https:\\\/\\\/deliangdisplay.com\\\/#\\\/schema\\\/logo\\\/image\\\/\"},\"sameAs\":[\"https:\\\/\\\/www.facebook.com\\\/JaneZhang008\\\/\",\"https:\\\/\\\/x.com\\\/ly673551729\"]}]}<\/script>\n<!-- \/ Yoast SEO plugin. -->","yoast_head_json":{"title":"Mannequin en bambou et lin - Bras en bois et base en m\u00e9tal r\u00e9glables pour la vente au d\u00e9tail - DE-LIANG - bijoux, v\u00eatements, montres, beaut\u00e9, cosm\u00e9tique","robots":{"index":"index","follow":"follow","max-snippet":"max-snippet:-1","max-image-preview":"max-image-preview:large","max-video-preview":"max-video-preview:-1"},"canonical":"https:\/\/deliangdisplay.com\/fr\/notre-produit\/affichages\/mannequins-de-vente-au-detail\/mannequin-complet-en-bambou-et-lin-bras-en-bois-reglables-base-en-metal-pour-les-presentoirs-de-vente-au-detail\/","og_locale":"fr_FR","og_type":"article","og_title":"Bamboo Linen Full-Body Mannequin \u2013 Adjustable Wooden Arms & Metal Base for Retail Displays - DE-LIANG - jewelry,clothes,watch,beauty cosmetics","og_description":"This is a luxury adult full-body mannequin (male\/female styles) for retail, boutiques, and window displays. Female: 190cm tall (29cm shoulder, 84cm bust, 63cm waist, 80cm hip). Male: 195cm tall (35cm shoulder, 88cm bust, 74cm waist, 89cm hip). Made of bamboo linen (beige) with wooden arms (160\u00b0 bendable) and metal base. Features 360\u00b0 rotatable\/detachable head, suits clothing, jewelry, hat displays.","og_url":"https:\/\/deliangdisplay.com\/fr\/notre-produit\/affichages\/mannequins-de-vente-au-detail\/mannequin-complet-en-bambou-et-lin-bras-en-bois-reglables-base-en-metal-pour-les-presentoirs-de-vente-au-detail\/","og_site_name":"DE-LIANG - jewelry,clothes,watch,beauty cosmetics","article_publisher":"https:\/\/www.facebook.com\/JaneZhang008\/","article_modified_time":"2025-10-28T01:21:02+00:00","og_image":[{"width":600,"height":600,"url":"https:\/\/deliangdisplay.com\/wp-content\/uploads\/2025\/10\/21-1.webp","type":"image\/webp"}],"twitter_card":"summary_large_image","twitter_site":"@ly673551729","twitter_misc":{"Dur\u00e9e de lecture estim\u00e9e":"2 minutes"},"schema":{"@context":"https:\/\/schema.org","@graph":[{"@type":"WebPage","@id":"https:\/\/deliangdisplay.com\/our-product\/displays\/retail-mannequins\/bamboo-linen-full-body-mannequin-adjustable-wooden-arms-metal-base-for-retail-displays\/","url":"https:\/\/deliangdisplay.com\/our-product\/displays\/retail-mannequins\/bamboo-linen-full-body-mannequin-adjustable-wooden-arms-metal-base-for-retail-displays\/","name":"Mannequin en bambou et lin - Bras en bois et base en m\u00e9tal r\u00e9glables pour la vente au d\u00e9tail - DE-LIANG - bijoux, v\u00eatements, montres, beaut\u00e9, cosm\u00e9tique","isPartOf":{"@id":"https:\/\/deliangdisplay.com\/#website"},"primaryImageOfPage":{"@id":"https:\/\/deliangdisplay.com\/our-product\/displays\/retail-mannequins\/bamboo-linen-full-body-mannequin-adjustable-wooden-arms-metal-base-for-retail-displays\/#primaryimage"},"image":{"@id":"https:\/\/deliangdisplay.com\/our-product\/displays\/retail-mannequins\/bamboo-linen-full-body-mannequin-adjustable-wooden-arms-metal-base-for-retail-displays\/#primaryimage"},"thumbnailUrl":"https:\/\/deliangdisplay.com\/wp-content\/uploads\/2025\/10\/21-1.webp","datePublished":"2025-10-27T03:49:02+00:00","dateModified":"2025-10-28T01:21:02+00:00","breadcrumb":{"@id":"https:\/\/deliangdisplay.com\/our-product\/displays\/retail-mannequins\/bamboo-linen-full-body-mannequin-adjustable-wooden-arms-metal-base-for-retail-displays\/#breadcrumb"},"inLanguage":"fr-FR","potentialAction":[{"@type":"ReadAction","target":["https:\/\/deliangdisplay.com\/our-product\/displays\/retail-mannequins\/bamboo-linen-full-body-mannequin-adjustable-wooden-arms-metal-base-for-retail-displays\/"]}]},{"@type":"ImageObject","inLanguage":"fr-FR","@id":"https:\/\/deliangdisplay.com\/our-product\/displays\/retail-mannequins\/bamboo-linen-full-body-mannequin-adjustable-wooden-arms-metal-base-for-retail-displays\/#primaryimage","url":"https:\/\/deliangdisplay.com\/wp-content\/uploads\/2025\/10\/21-1.webp","contentUrl":"https:\/\/deliangdisplay.com\/wp-content\/uploads\/2025\/10\/21-1.webp","width":600,"height":600},{"@type":"BreadcrumbList","@id":"https:\/\/deliangdisplay.com\/our-product\/displays\/retail-mannequins\/bamboo-linen-full-body-mannequin-adjustable-wooden-arms-metal-base-for-retail-displays\/#breadcrumb","itemListElement":[{"@type":"ListItem","position":1,"name":"\u9996\u9875","item":"https:\/\/deliangdisplay.com\/"},{"@type":"ListItem","position":2,"name":"Our Product","item":"https:\/\/deliangdisplay.com\/our-product\/"},{"@type":"ListItem","position":3,"name":"Bamboo Linen Full-Body Mannequin \u2013 Adjustable Wooden Arms &#038; Metal Base for Retail Displays"}]},{"@type":"WebSite","@id":"https:\/\/deliangdisplay.com\/#website","url":"https:\/\/deliangdisplay.com\/","name":"deliangdisplay.com","description":"DE-LIANG - Fournit des solutions d'emballage sur mesure et des services de conception de pr\u00e9sentoirs luxueux pour les marques de bijoux, de v\u00eatements, de montres, de produits de beaut\u00e9 et de cosm\u00e9tiques, et plus encore.","publisher":{"@id":"https:\/\/deliangdisplay.com\/#organization"},"potentialAction":[{"@type":"SearchAction","target":{"@type":"EntryPoint","urlTemplate":"https:\/\/deliangdisplay.com\/?s={search_term_string}"},"query-input":{"@type":"PropertyValueSpecification","valueRequired":true,"valueName":"search_term_string"}}],"inLanguage":"fr-FR"},{"@type":"Organization","@id":"https:\/\/deliangdisplay.com\/#organization","name":"deliangdisplay.com","url":"https:\/\/deliangdisplay.com\/","logo":{"@type":"ImageObject","inLanguage":"fr-FR","@id":"https:\/\/deliangdisplay.com\/#\/schema\/logo\/image\/","url":"https:\/\/deliangdisplay.com\/wp-content\/uploads\/2025\/08\/DELIANGDISPALY_logo.png","contentUrl":"https:\/\/deliangdisplay.com\/wp-content\/uploads\/2025\/08\/DELIANGDISPALY_logo.png","width":300,"height":130,"caption":"deliangdisplay.com"},"image":{"@id":"https:\/\/deliangdisplay.com\/#\/schema\/logo\/image\/"},"sameAs":["https:\/\/www.facebook.com\/JaneZhang008\/","https:\/\/x.com\/ly673551729"]}]}},"_links":{"self":[{"href":"https:\/\/deliangdisplay.com\/fr\/wp-json\/wp\/v2\/product\/43835","targetHints":{"allow":["GET"]}}],"collection":[{"href":"https:\/\/deliangdisplay.com\/fr\/wp-json\/wp\/v2\/product"}],"about":[{"href":"https:\/\/deliangdisplay.com\/fr\/wp-json\/wp\/v2\/types\/product"}],"replies":[{"embeddable":true,"href":"https:\/\/deliangdisplay.com\/fr\/wp-json\/wp\/v2\/comments?post=43835"}],"wp:featuredmedia":[{"embeddable":true,"href":"https:\/\/deliangdisplay.com\/fr\/wp-json\/wp\/v2\/media\/43836"}],"wp:attachment":[{"href":"https:\/\/deliangdisplay.com\/fr\/wp-json\/wp\/v2\/media?parent=43835"}],"wp:term":[{"taxonomy":"product_brand","embeddable":true,"href":"https:\/\/deliangdisplay.com\/fr\/wp-json\/wp\/v2\/product_brand?post=43835"},{"taxonomy":"product_cat","embeddable":true,"href":"https:\/\/deliangdisplay.com\/fr\/wp-json\/wp\/v2\/product_cat?post=43835"},{"taxonomy":"product_tag","embeddable":true,"href":"https:\/\/deliangdisplay.com\/fr\/wp-json\/wp\/v2\/product_tag?post=43835"}],"curies":[{"name":"wp","href":"https:\/\/api.w.org\/{rel}","templated":true}]}}