{"id":43759,"date":"2025-10-21T15:19:04","date_gmt":"2025-10-21T07:19:04","guid":{"rendered":"https:\/\/deliangdisplay.com\/?post_type=product&#038;p=43759"},"modified":"2025-10-21T15:19:18","modified_gmt":"2025-10-21T07:19:18","slug":"16-mini-modele-de-robe-de-bebe-entierement-epinglable-mannequin-avec-base-en-bois-pour-la-confection-de-patrons-de-couture","status":"publish","type":"product","link":"https:\/\/deliangdisplay.com\/fr\/notre-produit\/affichages\/mannequins-de-vente-au-detail\/formulaire-vestimentaire-a-demi-echelle\/16-mini-modele-de-robe-de-bebe-entierement-epinglable-mannequin-avec-base-en-bois-pour-la-confection-de-patrons-de-couture\/","title":{"rendered":"1:6 Mini Baby Dress Form - Mannequin enti\u00e8rement \u00e9pinglable avec base en bois pour la couture et le mod\u00e9lisme"},"content":{"rendered":"<h3 class=\"header-iWP5WJ auto-hide-last-sibling-br\">Aper\u00e7u du produit<\/h3>\n<div class=\"auto-hide-last-sibling-br paragraph-pP9ZLC paragraph-element br-paragraph-space\">Il s'agit d'un\u00a0<strong>Mini robe de b\u00e9b\u00e9 \u00e0 l'\u00e9chelle 1:6<\/strong>\u00a0(pas en taille r\u00e9elle) con\u00e7u pour la couture, la cr\u00e9ation de patrons de v\u00eatements et l'exposition. Il peut \u00eatre enti\u00e8rement pinc\u00e9, ce qui le rend id\u00e9al pour tester les drap\u00e9s et les patrons des v\u00eatements pour b\u00e9b\u00e9s. Avec son design beige \u00e9l\u00e9gant et sa hauteur r\u00e9glable, il sert \u00e9galement de pi\u00e8ce d\u00e9corative pour mettre en valeur de petits objets, alliant la fonctionnalit\u00e9 pour les passionn\u00e9s de couture \u00e0 la valeur esth\u00e9tique pour les expositions \u00e0 la maison ou dans les magasins.<\/div>\n<h3 class=\"header-iWP5WJ auto-hide-last-sibling-br\">Principales sp\u00e9cifications<\/h3>\n<ul class=\"auto-hide-last-sibling-br\">\n<li><strong>Options de taille<\/strong>\n<ul class=\"auto-hide-last-sibling-br\">\n<li>Hauteur de 14 cm : Largeur des \u00e9paules 6cm (2.4in), buste 14cm (5.5in), taille 12.5cm (4.9in), hanches 15cm (5.9in) ; hauteur totale ajustable 35.5-50cm (14-19.7in).<\/li>\n<li>Hauteur de 16,5 cm : Largeur des \u00e9paules 5,5 cm, buste 13,5 cm, taille 12,5 cm, hanches 16,5 cm ; hauteur totale r\u00e9glable 37,8-50 cm.<\/li>\n<li>Hauteur 21cm (8.3in) : Largeur des \u00e9paules 9 cm, buste 20,5 cm, taille 19 cm, hanches 22,5 cm ; hauteur totale r\u00e9glable 42,5-53,5 cm.<\/li>\n<\/ul>\n<\/li>\n<li><strong>Mat\u00e9riaux et structure<\/strong>: Corps en mousse enti\u00e8rement compressible avec rev\u00eatement en tissu beige de haute qualit\u00e9 doubl\u00e9 de PU ; comprend un couvre-t\u00eate en bois massif (interface \u00e0 vis s\u00e9curis\u00e9e, anti-chute) et une base en bois avec des tiges m\u00e9talliques r\u00e9glables pour le contr\u00f4le de la hauteur.<\/li>\n<\/ul>\n<h3 class=\"header-iWP5WJ auto-hide-last-sibling-br\">Caract\u00e9ristiques principales<\/h3>\n<ul class=\"auto-hide-last-sibling-br\">\n<li><strong>Pinnabilit\u00e9 totale<\/strong>: Le noyau en mousse avec doublure en PU permet une insertion verticale illimit\u00e9e des \u00e9pingles (aucune restriction d'angle), assurant une fixation pr\u00e9cise du tissu pour la couture de v\u00eatements pour b\u00e9b\u00e9s, le drapage et les tests de mod\u00e8les.<\/li>\n<li><strong>Hauteur r\u00e9glable<\/strong>: La base en bois avec des tiges r\u00e9glables permet aux utilisateurs de modifier la hauteur totale pour s'adapter aux diff\u00e9rents besoins de pr\u00e9sentation ou de couture, am\u00e9liorant ainsi l'utilisation.<\/li>\n<li><strong>Durable et \u00e9cologique<\/strong>: La t\u00eate et la base en bois massif sont robustes (r\u00e9sistantes \u00e0 l'usure) et respectent les concepts \u00e9cologiques ; les coutures fines de la housse en tissu garantissent une utilisation \u00e0 long terme.<\/li>\n<li><strong>Adaptabilit\u00e9 multi-sc\u00e8ne<\/strong>: Outil professionnel pour l'apprentissage des m\u00e9thodes de drapage et l'exp\u00e9rimentation de la mode, il peut \u00e9galement servir de pi\u00e8ce d\u00e9corative de style nordique pour la maison, les boutiques ou les espaces d'artisanat.<\/li>\n<\/ul>","protected":false},"excerpt":{"rendered":"<p>This is a 1:6 scale mini baby dress form (not full-size) with 3 size options: 14cm, 16.5cm, 21cm height. Key specs vary by size (e.g., 14cm: 6cm shoulder, 14cm bust, 12.5cm waist, 15cm hip). Total height adjusts 35.5\u201353.5cm. Made of fully pinnable foam (PU-lined beige fabric) with solid wood head &amp; wooden base. Suits sewing, draping, pattern making, and decor.<\/p>","protected":false},"featured_media":43766,"comment_status":"open","ping_status":"closed","template":"","meta":{"_acf_changed":false},"product_brand":[84],"product_cat":[578],"product_tag":[707,717,718,719,711,710,715,714,716,708,709,721,720,712,713],"class_list":{"0":"post-43759","1":"product","2":"type-product","3":"status-publish","4":"has-post-thumbnail","6":"product_brand-de-liang","7":"product_cat-half-scale-dress-form","8":"product_tag-16-scale-baby-dress-form","9":"product_tag-14cm-baby-dress-form","10":"product_tag-16-5cm-baby-mannequin","11":"product_tag-21cm-baby-dress-form","12":"product_tag-adjustable-height-baby-mannequin","13":"product_tag-baby-dress-form-for-pattern-making","14":"product_tag-baby-garment-draping-dummy","15":"product_tag-beige-baby-mannequin","16":"product_tag-decorative-baby-dress-form","17":"product_tag-fully-pinable-foam-mannequin","18":"product_tag-mini-baby-sewing-mannequin","19":"product_tag-mini-display-dress-form","20":"product_tag-pu-lined-baby-mannequin","21":"product_tag-solid-wood-head-dress-form","22":"product_tag-wooden-base-baby-dress-form","24":"first","25":"instock","26":"shipping-taxable","27":"purchasable","28":"product-type-simple"},"acf":[],"yoast_head":"<!-- This site is optimized with the Yoast SEO plugin v27.4 - https:\/\/yoast.com\/product\/yoast-seo-wordpress\/ -->\n<title>1:6 Mini Baby Dress Form \u2013 Fully Pinable Mannequin with Wooden Base for Sewing &amp; Pattern Making - DE-LIANG - jewelry,clothes,watch,beauty cosmetics<\/title>\n<meta name=\"robots\" content=\"index, follow, max-snippet:-1, max-image-preview:large, max-video-preview:-1\" \/>\n<link rel=\"canonical\" href=\"https:\/\/deliangdisplay.com\/fr\/notre-produit\/affichages\/mannequins-de-vente-au-detail\/formulaire-vestimentaire-a-demi-echelle\/16-mini-modele-de-robe-de-bebe-entierement-epinglable-mannequin-avec-base-en-bois-pour-la-confection-de-patrons-de-couture\/\" \/>\n<meta property=\"og:locale\" content=\"fr_FR\" \/>\n<meta property=\"og:type\" content=\"article\" \/>\n<meta property=\"og:title\" content=\"1:6 Mini Baby Dress Form \u2013 Fully Pinable Mannequin with Wooden Base for Sewing &amp; Pattern Making - DE-LIANG - jewelry,clothes,watch,beauty cosmetics\" \/>\n<meta property=\"og:description\" content=\"This is a 1:6 scale mini baby dress form (not full-size) with 3 size options: 14cm, 16.5cm, 21cm height. Key specs vary by size (e.g., 14cm: 6cm shoulder, 14cm bust, 12.5cm waist, 15cm hip). Total height adjusts 35.5\u201353.5cm. Made of fully pinnable foam (PU-lined beige fabric) with solid wood head &amp; wooden base. Suits sewing, draping, pattern making, and decor.\" \/>\n<meta property=\"og:url\" content=\"https:\/\/deliangdisplay.com\/fr\/notre-produit\/affichages\/mannequins-de-vente-au-detail\/formulaire-vestimentaire-a-demi-echelle\/16-mini-modele-de-robe-de-bebe-entierement-epinglable-mannequin-avec-base-en-bois-pour-la-confection-de-patrons-de-couture\/\" \/>\n<meta property=\"og:site_name\" content=\"DE-LIANG - jewelry,clothes,watch,beauty cosmetics\" \/>\n<meta property=\"article:publisher\" content=\"https:\/\/www.facebook.com\/JaneZhang008\/\" \/>\n<meta property=\"article:modified_time\" content=\"2025-10-21T07:19:18+00:00\" \/>\n<meta property=\"og:image\" content=\"https:\/\/deliangdisplay.com\/wp-content\/uploads\/2025\/10\/2-14.webp\" \/>\n\t<meta property=\"og:image:width\" content=\"600\" \/>\n\t<meta property=\"og:image:height\" content=\"600\" \/>\n\t<meta property=\"og:image:type\" content=\"image\/webp\" \/>\n<meta name=\"twitter:card\" content=\"summary_large_image\" \/>\n<meta name=\"twitter:site\" content=\"@ly673551729\" \/>\n<meta name=\"twitter:label1\" content=\"Dur\u00e9e de lecture estim\u00e9e\" \/>\n\t<meta name=\"twitter:data1\" content=\"2 minutes\" \/>\n<script type=\"application\/ld+json\" class=\"yoast-schema-graph\">{\"@context\":\"https:\\\/\\\/schema.org\",\"@graph\":[{\"@type\":\"WebPage\",\"@id\":\"https:\\\/\\\/deliangdisplay.com\\\/our-product\\\/displays\\\/retail-mannequins\\\/half-scale-dress-form\\\/16-mini-baby-dress-form-fully-pinable-mannequin-with-wooden-base-for-sewing-pattern-making\\\/\",\"url\":\"https:\\\/\\\/deliangdisplay.com\\\/our-product\\\/displays\\\/retail-mannequins\\\/half-scale-dress-form\\\/16-mini-baby-dress-form-fully-pinable-mannequin-with-wooden-base-for-sewing-pattern-making\\\/\",\"name\":\"1:6 Mini Baby Dress Form \u2013 Fully Pinable Mannequin with Wooden Base for Sewing & Pattern Making - DE-LIANG - jewelry,clothes,watch,beauty cosmetics\",\"isPartOf\":{\"@id\":\"https:\\\/\\\/deliangdisplay.com\\\/#website\"},\"primaryImageOfPage\":{\"@id\":\"https:\\\/\\\/deliangdisplay.com\\\/our-product\\\/displays\\\/retail-mannequins\\\/half-scale-dress-form\\\/16-mini-baby-dress-form-fully-pinable-mannequin-with-wooden-base-for-sewing-pattern-making\\\/#primaryimage\"},\"image\":{\"@id\":\"https:\\\/\\\/deliangdisplay.com\\\/our-product\\\/displays\\\/retail-mannequins\\\/half-scale-dress-form\\\/16-mini-baby-dress-form-fully-pinable-mannequin-with-wooden-base-for-sewing-pattern-making\\\/#primaryimage\"},\"thumbnailUrl\":\"https:\\\/\\\/deliangdisplay.com\\\/wp-content\\\/uploads\\\/2025\\\/10\\\/2-14.webp\",\"datePublished\":\"2025-10-21T07:19:04+00:00\",\"dateModified\":\"2025-10-21T07:19:18+00:00\",\"breadcrumb\":{\"@id\":\"https:\\\/\\\/deliangdisplay.com\\\/our-product\\\/displays\\\/retail-mannequins\\\/half-scale-dress-form\\\/16-mini-baby-dress-form-fully-pinable-mannequin-with-wooden-base-for-sewing-pattern-making\\\/#breadcrumb\"},\"inLanguage\":\"fr-FR\",\"potentialAction\":[{\"@type\":\"ReadAction\",\"target\":[\"https:\\\/\\\/deliangdisplay.com\\\/our-product\\\/displays\\\/retail-mannequins\\\/half-scale-dress-form\\\/16-mini-baby-dress-form-fully-pinable-mannequin-with-wooden-base-for-sewing-pattern-making\\\/\"]}]},{\"@type\":\"ImageObject\",\"inLanguage\":\"fr-FR\",\"@id\":\"https:\\\/\\\/deliangdisplay.com\\\/our-product\\\/displays\\\/retail-mannequins\\\/half-scale-dress-form\\\/16-mini-baby-dress-form-fully-pinable-mannequin-with-wooden-base-for-sewing-pattern-making\\\/#primaryimage\",\"url\":\"https:\\\/\\\/deliangdisplay.com\\\/wp-content\\\/uploads\\\/2025\\\/10\\\/2-14.webp\",\"contentUrl\":\"https:\\\/\\\/deliangdisplay.com\\\/wp-content\\\/uploads\\\/2025\\\/10\\\/2-14.webp\",\"width\":600,\"height\":600},{\"@type\":\"BreadcrumbList\",\"@id\":\"https:\\\/\\\/deliangdisplay.com\\\/our-product\\\/displays\\\/retail-mannequins\\\/half-scale-dress-form\\\/16-mini-baby-dress-form-fully-pinable-mannequin-with-wooden-base-for-sewing-pattern-making\\\/#breadcrumb\",\"itemListElement\":[{\"@type\":\"ListItem\",\"position\":1,\"name\":\"\u9996\u9875\",\"item\":\"https:\\\/\\\/deliangdisplay.com\\\/\"},{\"@type\":\"ListItem\",\"position\":2,\"name\":\"Our Product\",\"item\":\"https:\\\/\\\/deliangdisplay.com\\\/our-product\\\/\"},{\"@type\":\"ListItem\",\"position\":3,\"name\":\"1:6 Mini Baby Dress Form \u2013 Fully Pinable Mannequin with Wooden Base for Sewing &#038; Pattern Making\"}]},{\"@type\":\"WebSite\",\"@id\":\"https:\\\/\\\/deliangdisplay.com\\\/#website\",\"url\":\"https:\\\/\\\/deliangdisplay.com\\\/\",\"name\":\"deliangdisplay.com\",\"description\":\"DE-LIANG - Providing bespoke packaging solutions and luxurious display design services for brands in jewelry, apparel, watches, beauty cosmetics, and more.\",\"publisher\":{\"@id\":\"https:\\\/\\\/deliangdisplay.com\\\/#organization\"},\"potentialAction\":[{\"@type\":\"SearchAction\",\"target\":{\"@type\":\"EntryPoint\",\"urlTemplate\":\"https:\\\/\\\/deliangdisplay.com\\\/?s={search_term_string}\"},\"query-input\":{\"@type\":\"PropertyValueSpecification\",\"valueRequired\":true,\"valueName\":\"search_term_string\"}}],\"inLanguage\":\"fr-FR\"},{\"@type\":\"Organization\",\"@id\":\"https:\\\/\\\/deliangdisplay.com\\\/#organization\",\"name\":\"deliangdisplay.com\",\"url\":\"https:\\\/\\\/deliangdisplay.com\\\/\",\"logo\":{\"@type\":\"ImageObject\",\"inLanguage\":\"fr-FR\",\"@id\":\"https:\\\/\\\/deliangdisplay.com\\\/#\\\/schema\\\/logo\\\/image\\\/\",\"url\":\"https:\\\/\\\/deliangdisplay.com\\\/wp-content\\\/uploads\\\/2025\\\/08\\\/DELIANGDISPALY_logo.png\",\"contentUrl\":\"https:\\\/\\\/deliangdisplay.com\\\/wp-content\\\/uploads\\\/2025\\\/08\\\/DELIANGDISPALY_logo.png\",\"width\":300,\"height\":130,\"caption\":\"deliangdisplay.com\"},\"image\":{\"@id\":\"https:\\\/\\\/deliangdisplay.com\\\/#\\\/schema\\\/logo\\\/image\\\/\"},\"sameAs\":[\"https:\\\/\\\/www.facebook.com\\\/JaneZhang008\\\/\",\"https:\\\/\\\/x.com\\\/ly673551729\"]}]}<\/script>\n<!-- \/ Yoast SEO plugin. -->","yoast_head_json":{"title":"1:6 Mini Baby Dress Form - Mannequin enti\u00e8rement brochable avec base en bois pour la couture et le mod\u00e9lisme - DE-LIANG - bijouterie,joaillerie,horlogerie,beaut\u00e9,cosm\u00e9tique","robots":{"index":"index","follow":"follow","max-snippet":"max-snippet:-1","max-image-preview":"max-image-preview:large","max-video-preview":"max-video-preview:-1"},"canonical":"https:\/\/deliangdisplay.com\/fr\/notre-produit\/affichages\/mannequins-de-vente-au-detail\/formulaire-vestimentaire-a-demi-echelle\/16-mini-modele-de-robe-de-bebe-entierement-epinglable-mannequin-avec-base-en-bois-pour-la-confection-de-patrons-de-couture\/","og_locale":"fr_FR","og_type":"article","og_title":"1:6 Mini Baby Dress Form \u2013 Fully Pinable Mannequin with Wooden Base for Sewing & Pattern Making - DE-LIANG - jewelry,clothes,watch,beauty cosmetics","og_description":"This is a 1:6 scale mini baby dress form (not full-size) with 3 size options: 14cm, 16.5cm, 21cm height. Key specs vary by size (e.g., 14cm: 6cm shoulder, 14cm bust, 12.5cm waist, 15cm hip). Total height adjusts 35.5\u201353.5cm. Made of fully pinnable foam (PU-lined beige fabric) with solid wood head &amp; wooden base. Suits sewing, draping, pattern making, and decor.","og_url":"https:\/\/deliangdisplay.com\/fr\/notre-produit\/affichages\/mannequins-de-vente-au-detail\/formulaire-vestimentaire-a-demi-echelle\/16-mini-modele-de-robe-de-bebe-entierement-epinglable-mannequin-avec-base-en-bois-pour-la-confection-de-patrons-de-couture\/","og_site_name":"DE-LIANG - jewelry,clothes,watch,beauty cosmetics","article_publisher":"https:\/\/www.facebook.com\/JaneZhang008\/","article_modified_time":"2025-10-21T07:19:18+00:00","og_image":[{"width":600,"height":600,"url":"https:\/\/deliangdisplay.com\/wp-content\/uploads\/2025\/10\/2-14.webp","type":"image\/webp"}],"twitter_card":"summary_large_image","twitter_site":"@ly673551729","twitter_misc":{"Dur\u00e9e de lecture estim\u00e9e":"2 minutes"},"schema":{"@context":"https:\/\/schema.org","@graph":[{"@type":"WebPage","@id":"https:\/\/deliangdisplay.com\/our-product\/displays\/retail-mannequins\/half-scale-dress-form\/16-mini-baby-dress-form-fully-pinable-mannequin-with-wooden-base-for-sewing-pattern-making\/","url":"https:\/\/deliangdisplay.com\/our-product\/displays\/retail-mannequins\/half-scale-dress-form\/16-mini-baby-dress-form-fully-pinable-mannequin-with-wooden-base-for-sewing-pattern-making\/","name":"1:6 Mini Baby Dress Form - Mannequin enti\u00e8rement brochable avec base en bois pour la couture et le mod\u00e9lisme - DE-LIANG - bijouterie,joaillerie,horlogerie,beaut\u00e9,cosm\u00e9tique","isPartOf":{"@id":"https:\/\/deliangdisplay.com\/#website"},"primaryImageOfPage":{"@id":"https:\/\/deliangdisplay.com\/our-product\/displays\/retail-mannequins\/half-scale-dress-form\/16-mini-baby-dress-form-fully-pinable-mannequin-with-wooden-base-for-sewing-pattern-making\/#primaryimage"},"image":{"@id":"https:\/\/deliangdisplay.com\/our-product\/displays\/retail-mannequins\/half-scale-dress-form\/16-mini-baby-dress-form-fully-pinable-mannequin-with-wooden-base-for-sewing-pattern-making\/#primaryimage"},"thumbnailUrl":"https:\/\/deliangdisplay.com\/wp-content\/uploads\/2025\/10\/2-14.webp","datePublished":"2025-10-21T07:19:04+00:00","dateModified":"2025-10-21T07:19:18+00:00","breadcrumb":{"@id":"https:\/\/deliangdisplay.com\/our-product\/displays\/retail-mannequins\/half-scale-dress-form\/16-mini-baby-dress-form-fully-pinable-mannequin-with-wooden-base-for-sewing-pattern-making\/#breadcrumb"},"inLanguage":"fr-FR","potentialAction":[{"@type":"ReadAction","target":["https:\/\/deliangdisplay.com\/our-product\/displays\/retail-mannequins\/half-scale-dress-form\/16-mini-baby-dress-form-fully-pinable-mannequin-with-wooden-base-for-sewing-pattern-making\/"]}]},{"@type":"ImageObject","inLanguage":"fr-FR","@id":"https:\/\/deliangdisplay.com\/our-product\/displays\/retail-mannequins\/half-scale-dress-form\/16-mini-baby-dress-form-fully-pinable-mannequin-with-wooden-base-for-sewing-pattern-making\/#primaryimage","url":"https:\/\/deliangdisplay.com\/wp-content\/uploads\/2025\/10\/2-14.webp","contentUrl":"https:\/\/deliangdisplay.com\/wp-content\/uploads\/2025\/10\/2-14.webp","width":600,"height":600},{"@type":"BreadcrumbList","@id":"https:\/\/deliangdisplay.com\/our-product\/displays\/retail-mannequins\/half-scale-dress-form\/16-mini-baby-dress-form-fully-pinable-mannequin-with-wooden-base-for-sewing-pattern-making\/#breadcrumb","itemListElement":[{"@type":"ListItem","position":1,"name":"\u9996\u9875","item":"https:\/\/deliangdisplay.com\/"},{"@type":"ListItem","position":2,"name":"Our Product","item":"https:\/\/deliangdisplay.com\/our-product\/"},{"@type":"ListItem","position":3,"name":"1:6 Mini Baby Dress Form \u2013 Fully Pinable Mannequin with Wooden Base for Sewing &#038; Pattern Making"}]},{"@type":"WebSite","@id":"https:\/\/deliangdisplay.com\/#website","url":"https:\/\/deliangdisplay.com\/","name":"deliangdisplay.com","description":"DE-LIANG - Fournit des solutions d'emballage sur mesure et des services de conception de pr\u00e9sentoirs luxueux pour les marques de bijoux, de v\u00eatements, de montres, de produits de beaut\u00e9 et de cosm\u00e9tiques, et plus encore.","publisher":{"@id":"https:\/\/deliangdisplay.com\/#organization"},"potentialAction":[{"@type":"SearchAction","target":{"@type":"EntryPoint","urlTemplate":"https:\/\/deliangdisplay.com\/?s={search_term_string}"},"query-input":{"@type":"PropertyValueSpecification","valueRequired":true,"valueName":"search_term_string"}}],"inLanguage":"fr-FR"},{"@type":"Organization","@id":"https:\/\/deliangdisplay.com\/#organization","name":"deliangdisplay.com","url":"https:\/\/deliangdisplay.com\/","logo":{"@type":"ImageObject","inLanguage":"fr-FR","@id":"https:\/\/deliangdisplay.com\/#\/schema\/logo\/image\/","url":"https:\/\/deliangdisplay.com\/wp-content\/uploads\/2025\/08\/DELIANGDISPALY_logo.png","contentUrl":"https:\/\/deliangdisplay.com\/wp-content\/uploads\/2025\/08\/DELIANGDISPALY_logo.png","width":300,"height":130,"caption":"deliangdisplay.com"},"image":{"@id":"https:\/\/deliangdisplay.com\/#\/schema\/logo\/image\/"},"sameAs":["https:\/\/www.facebook.com\/JaneZhang008\/","https:\/\/x.com\/ly673551729"]}]}},"_links":{"self":[{"href":"https:\/\/deliangdisplay.com\/fr\/wp-json\/wp\/v2\/product\/43759","targetHints":{"allow":["GET"]}}],"collection":[{"href":"https:\/\/deliangdisplay.com\/fr\/wp-json\/wp\/v2\/product"}],"about":[{"href":"https:\/\/deliangdisplay.com\/fr\/wp-json\/wp\/v2\/types\/product"}],"replies":[{"embeddable":true,"href":"https:\/\/deliangdisplay.com\/fr\/wp-json\/wp\/v2\/comments?post=43759"}],"wp:featuredmedia":[{"embeddable":true,"href":"https:\/\/deliangdisplay.com\/fr\/wp-json\/wp\/v2\/media\/43766"}],"wp:attachment":[{"href":"https:\/\/deliangdisplay.com\/fr\/wp-json\/wp\/v2\/media?parent=43759"}],"wp:term":[{"taxonomy":"product_brand","embeddable":true,"href":"https:\/\/deliangdisplay.com\/fr\/wp-json\/wp\/v2\/product_brand?post=43759"},{"taxonomy":"product_cat","embeddable":true,"href":"https:\/\/deliangdisplay.com\/fr\/wp-json\/wp\/v2\/product_cat?post=43759"},{"taxonomy":"product_tag","embeddable":true,"href":"https:\/\/deliangdisplay.com\/fr\/wp-json\/wp\/v2\/product_tag?post=43759"}],"curies":[{"name":"wp","href":"https:\/\/api.w.org\/{rel}","templated":true}]}}