{"id":43752,"date":"2025-10-21T14:40:16","date_gmt":"2025-10-21T06:40:16","guid":{"rendered":"https:\/\/deliangdisplay.com\/?post_type=product&#038;p=43752"},"modified":"2025-10-21T14:40:56","modified_gmt":"2025-10-21T06:40:56","slug":"12-mannequins-en-mousse-a-lechelle-1-pour-la-confection-de-patrons-de-couture","status":"publish","type":"product","link":"https:\/\/deliangdisplay.com\/fr\/notre-produit\/affichages\/mannequins-de-vente-au-detail\/formulaire-vestimentaire-a-demi-echelle\/12-mannequins-en-mousse-a-lechelle-1-pour-la-confection-de-patrons-de-couture\/","title":{"rendered":"1:2 Demi-forme vestimentaire pour torse de femme - Mannequin en mousse enti\u00e8rement pinnable pour la couture et le mod\u00e9lisme"},"content":{"rendered":"<h3 class=\"header-iWP5WJ auto-hide-last-sibling-br\">Aper\u00e7u du produit<\/h3>\n<div class=\"auto-hide-last-sibling-br paragraph-pP9ZLC paragraph-element br-paragraph-space\">Il s'agit d'un\u00a0<strong>Mini-mod\u00e8le de torse f\u00e9minin \u00e0 l'\u00e9chelle 1:2<\/strong>\u00a0(pas de taille adulte) con\u00e7u pour la couture, la confection et les vitrines. Il permet de positionner le tissu lors des essais de patrons de v\u00eatements et peut \u00e9galement servir de pi\u00e8ce d\u00e9corative pour mettre en valeur des bijoux ou des boucles d'oreilles. Sa taille compacte et son apparence \u00e9l\u00e9gante conviennent aussi bien \u00e0 une utilisation professionnelle en couture qu'\u00e0 la d\u00e9coration d'une maison ou d'un magasin, en conciliant fonctionnalit\u00e9 et valeur esth\u00e9tique.<\/div>\n<h3 class=\"header-iWP5WJ auto-hide-last-sibling-br\">Principales sp\u00e9cifications<\/h3>\n<ul class=\"auto-hide-last-sibling-br\">\n<li><strong>D\u00e9tails de la taille<\/strong>: Buste 40 cm, taille 29 cm, hanches 42,5 cm ; hauteur totale (avec la base) 57,5 cm ; diam\u00e8tre de la base en bois de h\u00eatre 13,5 cm.<\/li>\n<li><strong>Mat\u00e9riaux et structure<\/strong>: Corps en mousse (permettant une pinnabilit\u00e9 totale) et recouvert de tissu \u00e9lastique beige ; comprend une base ronde en bois de h\u00eatre et un poteau de support en m\u00e9tal pour un placement stable ; fabriqu\u00e9 \u00e0 la main avec un design l\u00e9ger (0,85 kg par unit\u00e9).<\/li>\n<li><strong>Emballage<\/strong>: Emball\u00e9 dans une bo\u00eete de 40\u00d715\u00d716cm pour un transport s\u00e9curis\u00e9.<\/li>\n<\/ul>\n<h3 class=\"header-iWP5WJ auto-hide-last-sibling-br\">Caract\u00e9ristiques principales<\/h3>\n<ul class=\"auto-hide-last-sibling-br\">\n<li><strong>Un design enti\u00e8rement personnalisable<\/strong>: Le noyau en mousse permet d'ins\u00e9rer les \u00e9pingles directement (et pas seulement en biais), ce qui garantit une fixation pr\u00e9cise du tissu pour la couture, le drapage et le patronage, simplifiant ainsi les mini-maquettes de v\u00eatements.<\/li>\n<li><strong>Double usage (fonctionnel et d\u00e9coratif)<\/strong>: Outil professionnel pour les couturiers ; sert \u00e9galement de pr\u00e9sentoir pour les bijoux (par exemple, les boucles d'oreilles) afin de rehausser l'esth\u00e9tique de la maison ou du magasin.<\/li>\n<li><strong>Stable et l\u00e9ger<\/strong>: La base en bois de h\u00eatre et le m\u00e2t en m\u00e9tal assurent une grande stabilit\u00e9 pour \u00e9viter tout basculement, tandis que le poids de 0,85 kg permet de le d\u00e9placer facilement et de le placer sur des bureaux ou des \u00e9tag\u00e8res.<\/li>\n<li><strong>\u00c9conomie d'espace<\/strong>: La taille compacte \u00e0 demi-\u00e9chelle permet d'\u00e9conomiser de l'espace de stockage par rapport aux formes vestimentaires de taille normale. Elle convient aux petits ateliers, \u00e0 la maison ou aux espaces d'exposition des boutiques.<\/li>\n<\/ul>","protected":false},"excerpt":{"rendered":"<p>Il s'agit d'une robe torse de femme \u00e0 l'\u00e9chelle 1:2 (pas de taille adulte) pour la couture et la d\u00e9coration. Caract\u00e9ristiques principales : Buste de 40 cm, taille de 29 cm, hanches de 42,5 cm, hauteur totale de 57,5 cm. Fabriqu\u00e9 en mousse enti\u00e8rement \u00e9pinglable (recouverte d'un tissu beige \u00e9lastique) avec une base en bois de h\u00eatre de 13,5 cm + un poteau en m\u00e9tal. L\u00e9ger (0,85 kg), convient aux couturi\u00e8res pour la r\u00e9alisation de patrons ou aux magasins\/maisons pour pr\u00e9senter des bijoux.<\/p>","protected":false},"featured_media":43757,"comment_status":"open","ping_status":"closed","template":"","meta":{"_acf_changed":false},"product_brand":[84],"product_cat":[578],"product_tag":[579,702,691,703,605,699,705,661,704,206,608,676,701,700,706],"class_list":{"0":"post-43752","1":"product","2":"type-product","3":"status-publish","4":"has-post-thumbnail","6":"product_brand-de-liang","7":"product_cat-half-scale-dress-form","8":"product_tag-12-half-scale-dress-form","9":"product_tag-beech-wood-base-dress-form","10":"product_tag-decorative-mannequin","11":"product_tag-elastic-fabric-dress-form","12":"product_tag-female-sewing-mannequin","13":"product_tag-female-torso-dress-form","14":"product_tag-foam-torso-mannequin","15":"product_tag-fully-pinnable-foam-mannequin","16":"product_tag-half-scale-sewing-dummy","17":"product_tag-jewelry-display-mannequin","18":"product_tag-lightweight-dress-form","19":"product_tag-mini-garment-mock-up-mannequin","20":"product_tag-pattern-making-dress-form","21":"product_tag-sewing-mini-mannequin","22":"product_tag-window-display-dress-form","24":"first","25":"instock","26":"shipping-taxable","27":"purchasable","28":"product-type-simple"},"acf":[],"yoast_head":"<!-- This site is optimized with the Yoast SEO plugin v27.4 - https:\/\/yoast.com\/product\/yoast-seo-wordpress\/ -->\n<title>1:2 Half-Scale Female Torso Dress Form \u2013 Fully Pinnable Foam Mannequin for Sewing &amp; Pattern Making - DE-LIANG - jewelry,clothes,watch,beauty cosmetics<\/title>\n<meta name=\"robots\" content=\"index, follow, max-snippet:-1, max-image-preview:large, max-video-preview:-1\" \/>\n<link rel=\"canonical\" href=\"https:\/\/deliangdisplay.com\/fr\/notre-produit\/affichages\/mannequins-de-vente-au-detail\/formulaire-vestimentaire-a-demi-echelle\/12-mannequins-en-mousse-a-lechelle-1-pour-la-confection-de-patrons-de-couture\/\" \/>\n<meta property=\"og:locale\" content=\"fr_FR\" \/>\n<meta property=\"og:type\" content=\"article\" \/>\n<meta property=\"og:title\" content=\"1:2 Half-Scale Female Torso Dress Form \u2013 Fully Pinnable Foam Mannequin for Sewing &amp; Pattern Making - DE-LIANG - jewelry,clothes,watch,beauty cosmetics\" \/>\n<meta property=\"og:description\" content=\"This is a 1:2 half-scale female torso dress form (not adult size) for sewing and decor. Key specs: 40cm bust, 29cm waist, 42.5cm hips, total height 57.5cm. Made of fully pinnable foam (covered in elastic beige fabric) with a 13.5cm beech wood base + metal pole. Lightweight (0.85kg), suits dressmakers for pattern making or shops\/homes to display jewelry.\" \/>\n<meta property=\"og:url\" content=\"https:\/\/deliangdisplay.com\/fr\/notre-produit\/affichages\/mannequins-de-vente-au-detail\/formulaire-vestimentaire-a-demi-echelle\/12-mannequins-en-mousse-a-lechelle-1-pour-la-confection-de-patrons-de-couture\/\" \/>\n<meta property=\"og:site_name\" content=\"DE-LIANG - jewelry,clothes,watch,beauty cosmetics\" \/>\n<meta property=\"article:publisher\" content=\"https:\/\/www.facebook.com\/JaneZhang008\/\" \/>\n<meta property=\"article:modified_time\" content=\"2025-10-21T06:40:56+00:00\" \/>\n<meta property=\"og:image\" content=\"https:\/\/deliangdisplay.com\/wp-content\/uploads\/2025\/10\/2-13.webp\" \/>\n\t<meta property=\"og:image:width\" content=\"600\" \/>\n\t<meta property=\"og:image:height\" content=\"600\" \/>\n\t<meta property=\"og:image:type\" content=\"image\/webp\" \/>\n<meta name=\"twitter:card\" content=\"summary_large_image\" \/>\n<meta name=\"twitter:site\" content=\"@ly673551729\" \/>\n<meta name=\"twitter:label1\" content=\"Dur\u00e9e de lecture estim\u00e9e\" \/>\n\t<meta name=\"twitter:data1\" content=\"2 minutes\" \/>\n<script type=\"application\/ld+json\" class=\"yoast-schema-graph\">{\"@context\":\"https:\\\/\\\/schema.org\",\"@graph\":[{\"@type\":\"WebPage\",\"@id\":\"https:\\\/\\\/deliangdisplay.com\\\/our-product\\\/displays\\\/retail-mannequins\\\/half-scale-dress-form\\\/12-half-scale-female-torso-dress-form-fully-pinnable-foam-mannequin-for-sewing-pattern-making\\\/\",\"url\":\"https:\\\/\\\/deliangdisplay.com\\\/our-product\\\/displays\\\/retail-mannequins\\\/half-scale-dress-form\\\/12-half-scale-female-torso-dress-form-fully-pinnable-foam-mannequin-for-sewing-pattern-making\\\/\",\"name\":\"1:2 Half-Scale Female Torso Dress Form \u2013 Fully Pinnable Foam Mannequin for Sewing & Pattern Making - DE-LIANG - jewelry,clothes,watch,beauty cosmetics\",\"isPartOf\":{\"@id\":\"https:\\\/\\\/deliangdisplay.com\\\/#website\"},\"primaryImageOfPage\":{\"@id\":\"https:\\\/\\\/deliangdisplay.com\\\/our-product\\\/displays\\\/retail-mannequins\\\/half-scale-dress-form\\\/12-half-scale-female-torso-dress-form-fully-pinnable-foam-mannequin-for-sewing-pattern-making\\\/#primaryimage\"},\"image\":{\"@id\":\"https:\\\/\\\/deliangdisplay.com\\\/our-product\\\/displays\\\/retail-mannequins\\\/half-scale-dress-form\\\/12-half-scale-female-torso-dress-form-fully-pinnable-foam-mannequin-for-sewing-pattern-making\\\/#primaryimage\"},\"thumbnailUrl\":\"https:\\\/\\\/deliangdisplay.com\\\/wp-content\\\/uploads\\\/2025\\\/10\\\/2-13.webp\",\"datePublished\":\"2025-10-21T06:40:16+00:00\",\"dateModified\":\"2025-10-21T06:40:56+00:00\",\"breadcrumb\":{\"@id\":\"https:\\\/\\\/deliangdisplay.com\\\/our-product\\\/displays\\\/retail-mannequins\\\/half-scale-dress-form\\\/12-half-scale-female-torso-dress-form-fully-pinnable-foam-mannequin-for-sewing-pattern-making\\\/#breadcrumb\"},\"inLanguage\":\"fr-FR\",\"potentialAction\":[{\"@type\":\"ReadAction\",\"target\":[\"https:\\\/\\\/deliangdisplay.com\\\/our-product\\\/displays\\\/retail-mannequins\\\/half-scale-dress-form\\\/12-half-scale-female-torso-dress-form-fully-pinnable-foam-mannequin-for-sewing-pattern-making\\\/\"]}]},{\"@type\":\"ImageObject\",\"inLanguage\":\"fr-FR\",\"@id\":\"https:\\\/\\\/deliangdisplay.com\\\/our-product\\\/displays\\\/retail-mannequins\\\/half-scale-dress-form\\\/12-half-scale-female-torso-dress-form-fully-pinnable-foam-mannequin-for-sewing-pattern-making\\\/#primaryimage\",\"url\":\"https:\\\/\\\/deliangdisplay.com\\\/wp-content\\\/uploads\\\/2025\\\/10\\\/2-13.webp\",\"contentUrl\":\"https:\\\/\\\/deliangdisplay.com\\\/wp-content\\\/uploads\\\/2025\\\/10\\\/2-13.webp\",\"width\":600,\"height\":600},{\"@type\":\"BreadcrumbList\",\"@id\":\"https:\\\/\\\/deliangdisplay.com\\\/our-product\\\/displays\\\/retail-mannequins\\\/half-scale-dress-form\\\/12-half-scale-female-torso-dress-form-fully-pinnable-foam-mannequin-for-sewing-pattern-making\\\/#breadcrumb\",\"itemListElement\":[{\"@type\":\"ListItem\",\"position\":1,\"name\":\"\u9996\u9875\",\"item\":\"https:\\\/\\\/deliangdisplay.com\\\/\"},{\"@type\":\"ListItem\",\"position\":2,\"name\":\"Our Product\",\"item\":\"https:\\\/\\\/deliangdisplay.com\\\/our-product\\\/\"},{\"@type\":\"ListItem\",\"position\":3,\"name\":\"1:2 Half-Scale Female Torso Dress Form \u2013 Fully Pinnable Foam Mannequin for Sewing &#038; Pattern Making\"}]},{\"@type\":\"WebSite\",\"@id\":\"https:\\\/\\\/deliangdisplay.com\\\/#website\",\"url\":\"https:\\\/\\\/deliangdisplay.com\\\/\",\"name\":\"deliangdisplay.com\",\"description\":\"DE-LIANG - Providing bespoke packaging solutions and luxurious display design services for brands in jewelry, apparel, watches, beauty cosmetics, and more.\",\"publisher\":{\"@id\":\"https:\\\/\\\/deliangdisplay.com\\\/#organization\"},\"potentialAction\":[{\"@type\":\"SearchAction\",\"target\":{\"@type\":\"EntryPoint\",\"urlTemplate\":\"https:\\\/\\\/deliangdisplay.com\\\/?s={search_term_string}\"},\"query-input\":{\"@type\":\"PropertyValueSpecification\",\"valueRequired\":true,\"valueName\":\"search_term_string\"}}],\"inLanguage\":\"fr-FR\"},{\"@type\":\"Organization\",\"@id\":\"https:\\\/\\\/deliangdisplay.com\\\/#organization\",\"name\":\"deliangdisplay.com\",\"url\":\"https:\\\/\\\/deliangdisplay.com\\\/\",\"logo\":{\"@type\":\"ImageObject\",\"inLanguage\":\"fr-FR\",\"@id\":\"https:\\\/\\\/deliangdisplay.com\\\/#\\\/schema\\\/logo\\\/image\\\/\",\"url\":\"https:\\\/\\\/deliangdisplay.com\\\/wp-content\\\/uploads\\\/2025\\\/08\\\/DELIANGDISPALY_logo.png\",\"contentUrl\":\"https:\\\/\\\/deliangdisplay.com\\\/wp-content\\\/uploads\\\/2025\\\/08\\\/DELIANGDISPALY_logo.png\",\"width\":300,\"height\":130,\"caption\":\"deliangdisplay.com\"},\"image\":{\"@id\":\"https:\\\/\\\/deliangdisplay.com\\\/#\\\/schema\\\/logo\\\/image\\\/\"},\"sameAs\":[\"https:\\\/\\\/www.facebook.com\\\/JaneZhang008\\\/\",\"https:\\\/\\\/x.com\\\/ly673551729\"]}]}<\/script>\n<!-- \/ Yoast SEO plugin. -->","yoast_head_json":{"title":"1:2 Mannequin en mousse pour la couture et le mod\u00e9lisme - DE-LIANG - bijoux,v\u00eatements,montres,beaut\u00e9,cosm\u00e9tique","robots":{"index":"index","follow":"follow","max-snippet":"max-snippet:-1","max-image-preview":"max-image-preview:large","max-video-preview":"max-video-preview:-1"},"canonical":"https:\/\/deliangdisplay.com\/fr\/notre-produit\/affichages\/mannequins-de-vente-au-detail\/formulaire-vestimentaire-a-demi-echelle\/12-mannequins-en-mousse-a-lechelle-1-pour-la-confection-de-patrons-de-couture\/","og_locale":"fr_FR","og_type":"article","og_title":"1:2 Half-Scale Female Torso Dress Form \u2013 Fully Pinnable Foam Mannequin for Sewing & Pattern Making - DE-LIANG - jewelry,clothes,watch,beauty cosmetics","og_description":"This is a 1:2 half-scale female torso dress form (not adult size) for sewing and decor. Key specs: 40cm bust, 29cm waist, 42.5cm hips, total height 57.5cm. Made of fully pinnable foam (covered in elastic beige fabric) with a 13.5cm beech wood base + metal pole. Lightweight (0.85kg), suits dressmakers for pattern making or shops\/homes to display jewelry.","og_url":"https:\/\/deliangdisplay.com\/fr\/notre-produit\/affichages\/mannequins-de-vente-au-detail\/formulaire-vestimentaire-a-demi-echelle\/12-mannequins-en-mousse-a-lechelle-1-pour-la-confection-de-patrons-de-couture\/","og_site_name":"DE-LIANG - jewelry,clothes,watch,beauty cosmetics","article_publisher":"https:\/\/www.facebook.com\/JaneZhang008\/","article_modified_time":"2025-10-21T06:40:56+00:00","og_image":[{"width":600,"height":600,"url":"https:\/\/deliangdisplay.com\/wp-content\/uploads\/2025\/10\/2-13.webp","type":"image\/webp"}],"twitter_card":"summary_large_image","twitter_site":"@ly673551729","twitter_misc":{"Dur\u00e9e de lecture estim\u00e9e":"2 minutes"},"schema":{"@context":"https:\/\/schema.org","@graph":[{"@type":"WebPage","@id":"https:\/\/deliangdisplay.com\/our-product\/displays\/retail-mannequins\/half-scale-dress-form\/12-half-scale-female-torso-dress-form-fully-pinnable-foam-mannequin-for-sewing-pattern-making\/","url":"https:\/\/deliangdisplay.com\/our-product\/displays\/retail-mannequins\/half-scale-dress-form\/12-half-scale-female-torso-dress-form-fully-pinnable-foam-mannequin-for-sewing-pattern-making\/","name":"1:2 Mannequin en mousse pour la couture et le mod\u00e9lisme - DE-LIANG - bijoux,v\u00eatements,montres,beaut\u00e9,cosm\u00e9tique","isPartOf":{"@id":"https:\/\/deliangdisplay.com\/#website"},"primaryImageOfPage":{"@id":"https:\/\/deliangdisplay.com\/our-product\/displays\/retail-mannequins\/half-scale-dress-form\/12-half-scale-female-torso-dress-form-fully-pinnable-foam-mannequin-for-sewing-pattern-making\/#primaryimage"},"image":{"@id":"https:\/\/deliangdisplay.com\/our-product\/displays\/retail-mannequins\/half-scale-dress-form\/12-half-scale-female-torso-dress-form-fully-pinnable-foam-mannequin-for-sewing-pattern-making\/#primaryimage"},"thumbnailUrl":"https:\/\/deliangdisplay.com\/wp-content\/uploads\/2025\/10\/2-13.webp","datePublished":"2025-10-21T06:40:16+00:00","dateModified":"2025-10-21T06:40:56+00:00","breadcrumb":{"@id":"https:\/\/deliangdisplay.com\/our-product\/displays\/retail-mannequins\/half-scale-dress-form\/12-half-scale-female-torso-dress-form-fully-pinnable-foam-mannequin-for-sewing-pattern-making\/#breadcrumb"},"inLanguage":"fr-FR","potentialAction":[{"@type":"ReadAction","target":["https:\/\/deliangdisplay.com\/our-product\/displays\/retail-mannequins\/half-scale-dress-form\/12-half-scale-female-torso-dress-form-fully-pinnable-foam-mannequin-for-sewing-pattern-making\/"]}]},{"@type":"ImageObject","inLanguage":"fr-FR","@id":"https:\/\/deliangdisplay.com\/our-product\/displays\/retail-mannequins\/half-scale-dress-form\/12-half-scale-female-torso-dress-form-fully-pinnable-foam-mannequin-for-sewing-pattern-making\/#primaryimage","url":"https:\/\/deliangdisplay.com\/wp-content\/uploads\/2025\/10\/2-13.webp","contentUrl":"https:\/\/deliangdisplay.com\/wp-content\/uploads\/2025\/10\/2-13.webp","width":600,"height":600},{"@type":"BreadcrumbList","@id":"https:\/\/deliangdisplay.com\/our-product\/displays\/retail-mannequins\/half-scale-dress-form\/12-half-scale-female-torso-dress-form-fully-pinnable-foam-mannequin-for-sewing-pattern-making\/#breadcrumb","itemListElement":[{"@type":"ListItem","position":1,"name":"\u9996\u9875","item":"https:\/\/deliangdisplay.com\/"},{"@type":"ListItem","position":2,"name":"Our Product","item":"https:\/\/deliangdisplay.com\/our-product\/"},{"@type":"ListItem","position":3,"name":"1:2 Half-Scale Female Torso Dress Form \u2013 Fully Pinnable Foam Mannequin for Sewing &#038; Pattern Making"}]},{"@type":"WebSite","@id":"https:\/\/deliangdisplay.com\/#website","url":"https:\/\/deliangdisplay.com\/","name":"deliangdisplay.com","description":"DE-LIANG - Fournit des solutions d'emballage sur mesure et des services de conception de pr\u00e9sentoirs luxueux pour les marques de bijoux, de v\u00eatements, de montres, de produits de beaut\u00e9 et de cosm\u00e9tiques, et plus encore.","publisher":{"@id":"https:\/\/deliangdisplay.com\/#organization"},"potentialAction":[{"@type":"SearchAction","target":{"@type":"EntryPoint","urlTemplate":"https:\/\/deliangdisplay.com\/?s={search_term_string}"},"query-input":{"@type":"PropertyValueSpecification","valueRequired":true,"valueName":"search_term_string"}}],"inLanguage":"fr-FR"},{"@type":"Organization","@id":"https:\/\/deliangdisplay.com\/#organization","name":"deliangdisplay.com","url":"https:\/\/deliangdisplay.com\/","logo":{"@type":"ImageObject","inLanguage":"fr-FR","@id":"https:\/\/deliangdisplay.com\/#\/schema\/logo\/image\/","url":"https:\/\/deliangdisplay.com\/wp-content\/uploads\/2025\/08\/DELIANGDISPALY_logo.png","contentUrl":"https:\/\/deliangdisplay.com\/wp-content\/uploads\/2025\/08\/DELIANGDISPALY_logo.png","width":300,"height":130,"caption":"deliangdisplay.com"},"image":{"@id":"https:\/\/deliangdisplay.com\/#\/schema\/logo\/image\/"},"sameAs":["https:\/\/www.facebook.com\/JaneZhang008\/","https:\/\/x.com\/ly673551729"]}]}},"_links":{"self":[{"href":"https:\/\/deliangdisplay.com\/fr\/wp-json\/wp\/v2\/product\/43752","targetHints":{"allow":["GET"]}}],"collection":[{"href":"https:\/\/deliangdisplay.com\/fr\/wp-json\/wp\/v2\/product"}],"about":[{"href":"https:\/\/deliangdisplay.com\/fr\/wp-json\/wp\/v2\/types\/product"}],"replies":[{"embeddable":true,"href":"https:\/\/deliangdisplay.com\/fr\/wp-json\/wp\/v2\/comments?post=43752"}],"wp:featuredmedia":[{"embeddable":true,"href":"https:\/\/deliangdisplay.com\/fr\/wp-json\/wp\/v2\/media\/43757"}],"wp:attachment":[{"href":"https:\/\/deliangdisplay.com\/fr\/wp-json\/wp\/v2\/media?parent=43752"}],"wp:term":[{"taxonomy":"product_brand","embeddable":true,"href":"https:\/\/deliangdisplay.com\/fr\/wp-json\/wp\/v2\/product_brand?post=43752"},{"taxonomy":"product_cat","embeddable":true,"href":"https:\/\/deliangdisplay.com\/fr\/wp-json\/wp\/v2\/product_cat?post=43752"},{"taxonomy":"product_tag","embeddable":true,"href":"https:\/\/deliangdisplay.com\/fr\/wp-json\/wp\/v2\/product_tag?post=43752"}],"curies":[{"name":"wp","href":"https:\/\/api.w.org\/{rel}","templated":true}]}}