{"id":43741,"date":"2025-10-21T14:27:57","date_gmt":"2025-10-21T06:27:57","guid":{"rendered":"https:\/\/deliangdisplay.com\/?post_type=product&#038;p=43741"},"modified":"2025-10-21T14:27:57","modified_gmt":"2025-10-21T06:27:57","slug":"mannequin-ajustable-taille-20-base-metallique-pour-la-couture-et-le-drapage","status":"publish","type":"product","link":"https:\/\/deliangdisplay.com\/fr\/notre-produit\/affichages\/mannequins-de-vente-au-detail\/formulaire-vestimentaire-a-demi-echelle\/mannequin-ajustable-taille-20-base-metallique-pour-la-couture-et-le-drapage\/","title":{"rendered":"Demi-forme de robe ajustable (taille 20) - Mannequin \u00e0 base m\u00e9tallique pour la couture et le drapage"},"content":{"rendered":"<h3 class=\"header-iWP5WJ auto-hide-last-sibling-br\">Aper\u00e7u du produit<\/h3>\n<div class=\"auto-hide-last-sibling-br paragraph-pP9ZLC paragraph-element br-paragraph-space\">Il s'agit d'un\u00a0<strong>Robe de femme \u00e0 l'\u00e9chelle 1:2<\/strong>\u00a0(pas de taille adulte, taille 20) con\u00e7u pour la couture, le mod\u00e9lisme, le drapage de robes et l'enseignement du stylisme. Il aide les cr\u00e9ateurs de mode, les \u00e9tudiants en couture et les professionnels de la conception \u00e0 \u00e9conomiser du tissu et du temps en permettant des essais, des ajustements et des it\u00e9rations de style r\u00e9p\u00e9t\u00e9s pour les v\u00eatements. Sa taille compacte permet d'\u00e9conomiser de l'espace de stockage et d'am\u00e9liorer la portabilit\u00e9. Il peut \u00e9galement \u00eatre utilis\u00e9 pour les vitrines ou les projets d'artisanat des enfants, alliant l'aspect pratique \u00e0 la valeur d\u00e9corative.<\/div>\n<h3 class=\"header-iWP5WJ auto-hide-last-sibling-br\">Principales sp\u00e9cifications<\/h3>\n<ul class=\"auto-hide-last-sibling-br\">\n<li><strong>D\u00e9tails de la taille<\/strong>\n<ul class=\"auto-hide-last-sibling-br\">\n<li>Taille 20 : hauteur du corps 49 cm, largeur des \u00e9paules 22 cm, buste 57 cm, taille 50 cm, hanches 61,5 cm ; fabrication artisanale avec une tol\u00e9rance de \u00b10,5 cm.<\/li>\n<li>Note : Certaines unit\u00e9s portent le num\u00e9ro \u201c20\u201d sur le corps, d'autres non - l'exp\u00e9dition est al\u00e9atoire.<\/li>\n<\/ul>\n<\/li>\n<li><strong>Hauteur r\u00e9glable<\/strong>: La hauteur totale (comprenant la base m\u00e9tallique et le m\u00e2t) se r\u00e8gle de 49,5 cm \u00e0 82 cm en tournant une vis ; la base est un support m\u00e9tallique rond noir d'un diam\u00e8tre de 17 cm.<\/li>\n<li><strong>Mat\u00e9riaux et structure<\/strong>: Corps en fibre de verre (avec rembourrage en coton \u00e0 l'int\u00e9rieur) et recouvert de tissu ; comprend un couvre-nuque en fibre de verre noire, des couvre-\u00e9paules en m\u00e9tal noir, une base et un poteau de soutien pour la durabilit\u00e9 et la stabilit\u00e9.<\/li>\n<\/ul>\n<h3 class=\"header-iWP5WJ auto-hide-last-sibling-br\">Caract\u00e9ristiques principales<\/h3>\n<ul class=\"auto-hide-last-sibling-br\">\n<li><strong>Conception semi-pivotante<\/strong>: Peut \u00eatre \u00e9pingl\u00e9 \u00e0 un angle (pas compl\u00e8tement \u00e9pinglable en raison du mat\u00e9riau en fibre de verre) pour fixer le tissu pendant le drapage, la couture ou le patronage, ce qui permet d'ajuster avec pr\u00e9cision les petits d\u00e9tails du v\u00eatement.<\/li>\n<li><strong>Pr\u00e9cision proportionnelle<\/strong>: Con\u00e7ue pour correspondre aux proportions d'une robe d'adulte normale, les mod\u00e8les de mini-v\u00eatements test\u00e9s sur ce mod\u00e8le peuvent \u00eatre mis \u00e0 l'\u00e9chelle avec pr\u00e9cision, ce qui est fiable tant pour la conception professionnelle que pour la pratique \u00e9ducative des \u00e9tudiants.<\/li>\n<li><strong>Stable et durable<\/strong>: La base et le m\u00e2t en m\u00e9tal noir renforcent la stabilit\u00e9 structurelle (emp\u00eachant le basculement pendant l'utilisation), tandis que les mat\u00e9riaux en fibre de verre et en tissu r\u00e9sistent \u00e0 l'usure, prolongeant ainsi la dur\u00e9e de vie du produit.<\/li>\n<li><strong>Adaptabilit\u00e9 multi-sc\u00e8ne<\/strong>: Outil professionnel pour la coupe, la cr\u00e9ation de mod\u00e8les et l'enseignement du stylisme ; convient \u00e9galement \u00e0 la pr\u00e9sentation de bijoux et de foulards, \u00e0 la d\u00e9coration de vitrines et \u00e0 l'artisanat pour enfants, afin de r\u00e9pondre \u00e0 divers besoins.<\/li>\n<\/ul>","protected":false},"excerpt":{"rendered":"<p>This is a 1:2 half-scale female dress form (Size 20, not adult size) for sewing, pattern making, and design education. Key specs: 49cm body height, 22cm shoulder, 57cm bust, 50cm waist, 61.5cm hips. Total height adjusts 49.5\u201382cm via a screw, with a 17cm metal base. Made of fiberglass (cotton-padded) and fabric, it\u2019s semi-pinnable\u2014suits designers, students, and decor\/crafts. (Note: Some have &#8220;20&#8221; on the body, shipping is random.)<\/p>","protected":false},"featured_media":43745,"comment_status":"open","ping_status":"closed","template":"","meta":{"_acf_changed":false},"product_brand":[84],"product_cat":[578],"product_tag":[579,582,685,691,694,696,605,586,591,587,676,647,684,697,698],"class_list":{"0":"post-43741","1":"product","2":"type-product","3":"status-publish","4":"has-post-thumbnail","6":"product_brand-de-liang","7":"product_cat-half-scale-dress-form","8":"product_tag-12-half-scale-dress-form","9":"product_tag-adjustable-height-dress-form","10":"product_tag-cotton-padded-dress-form","11":"product_tag-decorative-mannequin","12":"product_tag-design-education-mannequin","13":"product_tag-fashion-student-dress-form","14":"product_tag-female-sewing-mannequin","15":"product_tag-fiberglass-dress-form","16":"product_tag-half-scale-female-mannequin","17":"product_tag-metal-base-dress-form","18":"product_tag-mini-garment-mock-up-mannequin","19":"product_tag-pattern-making-dummy","20":"product_tag-semi-pinnable-dress-form","21":"product_tag-size-20-female-dress-form","22":"product_tag-tailor-sewing-dummy","24":"first","25":"instock","26":"shipping-taxable","27":"purchasable","28":"product-type-simple"},"acf":[],"yoast_head":"<!-- This site is optimized with the Yoast SEO plugin v27.4 - https:\/\/yoast.com\/product\/yoast-seo-wordpress\/ -->\n<title>Adjustable Half-Scale Dress Form (Size 20) \u2013 Metal Base Mannequin for Sewing &amp; Draping - DE-LIANG - jewelry,clothes,watch,beauty cosmetics<\/title>\n<meta name=\"robots\" content=\"index, follow, max-snippet:-1, max-image-preview:large, max-video-preview:-1\" \/>\n<link rel=\"canonical\" href=\"https:\/\/deliangdisplay.com\/fr\/notre-produit\/affichages\/mannequins-de-vente-au-detail\/formulaire-vestimentaire-a-demi-echelle\/mannequin-ajustable-taille-20-base-metallique-pour-la-couture-et-le-drapage\/\" \/>\n<meta property=\"og:locale\" content=\"fr_FR\" \/>\n<meta property=\"og:type\" content=\"article\" \/>\n<meta property=\"og:title\" content=\"Adjustable Half-Scale Dress Form (Size 20) \u2013 Metal Base Mannequin for Sewing &amp; Draping - DE-LIANG - jewelry,clothes,watch,beauty cosmetics\" \/>\n<meta property=\"og:description\" content=\"This is a 1:2 half-scale female dress form (Size 20, not adult size) for sewing, pattern making, and design education. Key specs: 49cm body height, 22cm shoulder, 57cm bust, 50cm waist, 61.5cm hips. Total height adjusts 49.5\u201382cm via a screw, with a 17cm metal base. Made of fiberglass (cotton-padded) and fabric, it\u2019s semi-pinnable\u2014suits designers, students, and decor\/crafts. (Note: Some have &quot;20&quot; on the body, shipping is random.)\" \/>\n<meta property=\"og:url\" content=\"https:\/\/deliangdisplay.com\/fr\/notre-produit\/affichages\/mannequins-de-vente-au-detail\/formulaire-vestimentaire-a-demi-echelle\/mannequin-ajustable-taille-20-base-metallique-pour-la-couture-et-le-drapage\/\" \/>\n<meta property=\"og:site_name\" content=\"DE-LIANG - jewelry,clothes,watch,beauty cosmetics\" \/>\n<meta property=\"article:publisher\" content=\"https:\/\/www.facebook.com\/JaneZhang008\/\" \/>\n<meta property=\"og:image\" content=\"https:\/\/deliangdisplay.com\/wp-content\/uploads\/2025\/10\/1-12.webp\" \/>\n\t<meta property=\"og:image:width\" content=\"600\" \/>\n\t<meta property=\"og:image:height\" content=\"600\" \/>\n\t<meta property=\"og:image:type\" content=\"image\/webp\" \/>\n<meta name=\"twitter:card\" content=\"summary_large_image\" \/>\n<meta name=\"twitter:site\" content=\"@ly673551729\" \/>\n<meta name=\"twitter:label1\" content=\"Dur\u00e9e de lecture estim\u00e9e\" \/>\n\t<meta name=\"twitter:data1\" content=\"2 minutes\" \/>\n<script type=\"application\/ld+json\" class=\"yoast-schema-graph\">{\"@context\":\"https:\\\/\\\/schema.org\",\"@graph\":[{\"@type\":\"WebPage\",\"@id\":\"https:\\\/\\\/deliangdisplay.com\\\/our-product\\\/displays\\\/retail-mannequins\\\/half-scale-dress-form\\\/adjustable-half-scale-dress-form-size-20-metal-base-mannequin-for-sewing-draping\\\/\",\"url\":\"https:\\\/\\\/deliangdisplay.com\\\/our-product\\\/displays\\\/retail-mannequins\\\/half-scale-dress-form\\\/adjustable-half-scale-dress-form-size-20-metal-base-mannequin-for-sewing-draping\\\/\",\"name\":\"Adjustable Half-Scale Dress Form (Size 20) \u2013 Metal Base Mannequin for Sewing & Draping - DE-LIANG - jewelry,clothes,watch,beauty cosmetics\",\"isPartOf\":{\"@id\":\"https:\\\/\\\/deliangdisplay.com\\\/#website\"},\"primaryImageOfPage\":{\"@id\":\"https:\\\/\\\/deliangdisplay.com\\\/our-product\\\/displays\\\/retail-mannequins\\\/half-scale-dress-form\\\/adjustable-half-scale-dress-form-size-20-metal-base-mannequin-for-sewing-draping\\\/#primaryimage\"},\"image\":{\"@id\":\"https:\\\/\\\/deliangdisplay.com\\\/our-product\\\/displays\\\/retail-mannequins\\\/half-scale-dress-form\\\/adjustable-half-scale-dress-form-size-20-metal-base-mannequin-for-sewing-draping\\\/#primaryimage\"},\"thumbnailUrl\":\"https:\\\/\\\/deliangdisplay.com\\\/wp-content\\\/uploads\\\/2025\\\/10\\\/1-12.webp\",\"datePublished\":\"2025-10-21T06:27:57+00:00\",\"breadcrumb\":{\"@id\":\"https:\\\/\\\/deliangdisplay.com\\\/our-product\\\/displays\\\/retail-mannequins\\\/half-scale-dress-form\\\/adjustable-half-scale-dress-form-size-20-metal-base-mannequin-for-sewing-draping\\\/#breadcrumb\"},\"inLanguage\":\"fr-FR\",\"potentialAction\":[{\"@type\":\"ReadAction\",\"target\":[\"https:\\\/\\\/deliangdisplay.com\\\/our-product\\\/displays\\\/retail-mannequins\\\/half-scale-dress-form\\\/adjustable-half-scale-dress-form-size-20-metal-base-mannequin-for-sewing-draping\\\/\"]}]},{\"@type\":\"ImageObject\",\"inLanguage\":\"fr-FR\",\"@id\":\"https:\\\/\\\/deliangdisplay.com\\\/our-product\\\/displays\\\/retail-mannequins\\\/half-scale-dress-form\\\/adjustable-half-scale-dress-form-size-20-metal-base-mannequin-for-sewing-draping\\\/#primaryimage\",\"url\":\"https:\\\/\\\/deliangdisplay.com\\\/wp-content\\\/uploads\\\/2025\\\/10\\\/1-12.webp\",\"contentUrl\":\"https:\\\/\\\/deliangdisplay.com\\\/wp-content\\\/uploads\\\/2025\\\/10\\\/1-12.webp\",\"width\":600,\"height\":600},{\"@type\":\"BreadcrumbList\",\"@id\":\"https:\\\/\\\/deliangdisplay.com\\\/our-product\\\/displays\\\/retail-mannequins\\\/half-scale-dress-form\\\/adjustable-half-scale-dress-form-size-20-metal-base-mannequin-for-sewing-draping\\\/#breadcrumb\",\"itemListElement\":[{\"@type\":\"ListItem\",\"position\":1,\"name\":\"\u9996\u9875\",\"item\":\"https:\\\/\\\/deliangdisplay.com\\\/\"},{\"@type\":\"ListItem\",\"position\":2,\"name\":\"Our Product\",\"item\":\"https:\\\/\\\/deliangdisplay.com\\\/our-product\\\/\"},{\"@type\":\"ListItem\",\"position\":3,\"name\":\"Adjustable Half-Scale Dress Form (Size 20) \u2013 Metal Base Mannequin for Sewing &#038; Draping\"}]},{\"@type\":\"WebSite\",\"@id\":\"https:\\\/\\\/deliangdisplay.com\\\/#website\",\"url\":\"https:\\\/\\\/deliangdisplay.com\\\/\",\"name\":\"deliangdisplay.com\",\"description\":\"DE-LIANG - Providing bespoke packaging solutions and luxurious display design services for brands in jewelry, apparel, watches, beauty cosmetics, and more.\",\"publisher\":{\"@id\":\"https:\\\/\\\/deliangdisplay.com\\\/#organization\"},\"potentialAction\":[{\"@type\":\"SearchAction\",\"target\":{\"@type\":\"EntryPoint\",\"urlTemplate\":\"https:\\\/\\\/deliangdisplay.com\\\/?s={search_term_string}\"},\"query-input\":{\"@type\":\"PropertyValueSpecification\",\"valueRequired\":true,\"valueName\":\"search_term_string\"}}],\"inLanguage\":\"fr-FR\"},{\"@type\":\"Organization\",\"@id\":\"https:\\\/\\\/deliangdisplay.com\\\/#organization\",\"name\":\"deliangdisplay.com\",\"url\":\"https:\\\/\\\/deliangdisplay.com\\\/\",\"logo\":{\"@type\":\"ImageObject\",\"inLanguage\":\"fr-FR\",\"@id\":\"https:\\\/\\\/deliangdisplay.com\\\/#\\\/schema\\\/logo\\\/image\\\/\",\"url\":\"https:\\\/\\\/deliangdisplay.com\\\/wp-content\\\/uploads\\\/2025\\\/08\\\/DELIANGDISPALY_logo.png\",\"contentUrl\":\"https:\\\/\\\/deliangdisplay.com\\\/wp-content\\\/uploads\\\/2025\\\/08\\\/DELIANGDISPALY_logo.png\",\"width\":300,\"height\":130,\"caption\":\"deliangdisplay.com\"},\"image\":{\"@id\":\"https:\\\/\\\/deliangdisplay.com\\\/#\\\/schema\\\/logo\\\/image\\\/\"},\"sameAs\":[\"https:\\\/\\\/www.facebook.com\\\/JaneZhang008\\\/\",\"https:\\\/\\\/x.com\\\/ly673551729\"]}]}<\/script>\n<!-- \/ Yoast SEO plugin. -->","yoast_head_json":{"title":"Mannequin en m\u00e9tal pour la couture et le drapage - DE-LIANG - bijoux, v\u00eatements, montres, beaut\u00e9 et cosm\u00e9tique","robots":{"index":"index","follow":"follow","max-snippet":"max-snippet:-1","max-image-preview":"max-image-preview:large","max-video-preview":"max-video-preview:-1"},"canonical":"https:\/\/deliangdisplay.com\/fr\/notre-produit\/affichages\/mannequins-de-vente-au-detail\/formulaire-vestimentaire-a-demi-echelle\/mannequin-ajustable-taille-20-base-metallique-pour-la-couture-et-le-drapage\/","og_locale":"fr_FR","og_type":"article","og_title":"Adjustable Half-Scale Dress Form (Size 20) \u2013 Metal Base Mannequin for Sewing & Draping - DE-LIANG - jewelry,clothes,watch,beauty cosmetics","og_description":"This is a 1:2 half-scale female dress form (Size 20, not adult size) for sewing, pattern making, and design education. Key specs: 49cm body height, 22cm shoulder, 57cm bust, 50cm waist, 61.5cm hips. Total height adjusts 49.5\u201382cm via a screw, with a 17cm metal base. Made of fiberglass (cotton-padded) and fabric, it\u2019s semi-pinnable\u2014suits designers, students, and decor\/crafts. (Note: Some have \"20\" on the body, shipping is random.)","og_url":"https:\/\/deliangdisplay.com\/fr\/notre-produit\/affichages\/mannequins-de-vente-au-detail\/formulaire-vestimentaire-a-demi-echelle\/mannequin-ajustable-taille-20-base-metallique-pour-la-couture-et-le-drapage\/","og_site_name":"DE-LIANG - jewelry,clothes,watch,beauty cosmetics","article_publisher":"https:\/\/www.facebook.com\/JaneZhang008\/","og_image":[{"width":600,"height":600,"url":"https:\/\/deliangdisplay.com\/wp-content\/uploads\/2025\/10\/1-12.webp","type":"image\/webp"}],"twitter_card":"summary_large_image","twitter_site":"@ly673551729","twitter_misc":{"Dur\u00e9e de lecture estim\u00e9e":"2 minutes"},"schema":{"@context":"https:\/\/schema.org","@graph":[{"@type":"WebPage","@id":"https:\/\/deliangdisplay.com\/our-product\/displays\/retail-mannequins\/half-scale-dress-form\/adjustable-half-scale-dress-form-size-20-metal-base-mannequin-for-sewing-draping\/","url":"https:\/\/deliangdisplay.com\/our-product\/displays\/retail-mannequins\/half-scale-dress-form\/adjustable-half-scale-dress-form-size-20-metal-base-mannequin-for-sewing-draping\/","name":"Mannequin en m\u00e9tal pour la couture et le drapage - DE-LIANG - bijoux, v\u00eatements, montres, beaut\u00e9 et cosm\u00e9tique","isPartOf":{"@id":"https:\/\/deliangdisplay.com\/#website"},"primaryImageOfPage":{"@id":"https:\/\/deliangdisplay.com\/our-product\/displays\/retail-mannequins\/half-scale-dress-form\/adjustable-half-scale-dress-form-size-20-metal-base-mannequin-for-sewing-draping\/#primaryimage"},"image":{"@id":"https:\/\/deliangdisplay.com\/our-product\/displays\/retail-mannequins\/half-scale-dress-form\/adjustable-half-scale-dress-form-size-20-metal-base-mannequin-for-sewing-draping\/#primaryimage"},"thumbnailUrl":"https:\/\/deliangdisplay.com\/wp-content\/uploads\/2025\/10\/1-12.webp","datePublished":"2025-10-21T06:27:57+00:00","breadcrumb":{"@id":"https:\/\/deliangdisplay.com\/our-product\/displays\/retail-mannequins\/half-scale-dress-form\/adjustable-half-scale-dress-form-size-20-metal-base-mannequin-for-sewing-draping\/#breadcrumb"},"inLanguage":"fr-FR","potentialAction":[{"@type":"ReadAction","target":["https:\/\/deliangdisplay.com\/our-product\/displays\/retail-mannequins\/half-scale-dress-form\/adjustable-half-scale-dress-form-size-20-metal-base-mannequin-for-sewing-draping\/"]}]},{"@type":"ImageObject","inLanguage":"fr-FR","@id":"https:\/\/deliangdisplay.com\/our-product\/displays\/retail-mannequins\/half-scale-dress-form\/adjustable-half-scale-dress-form-size-20-metal-base-mannequin-for-sewing-draping\/#primaryimage","url":"https:\/\/deliangdisplay.com\/wp-content\/uploads\/2025\/10\/1-12.webp","contentUrl":"https:\/\/deliangdisplay.com\/wp-content\/uploads\/2025\/10\/1-12.webp","width":600,"height":600},{"@type":"BreadcrumbList","@id":"https:\/\/deliangdisplay.com\/our-product\/displays\/retail-mannequins\/half-scale-dress-form\/adjustable-half-scale-dress-form-size-20-metal-base-mannequin-for-sewing-draping\/#breadcrumb","itemListElement":[{"@type":"ListItem","position":1,"name":"\u9996\u9875","item":"https:\/\/deliangdisplay.com\/"},{"@type":"ListItem","position":2,"name":"Our Product","item":"https:\/\/deliangdisplay.com\/our-product\/"},{"@type":"ListItem","position":3,"name":"Adjustable Half-Scale Dress Form (Size 20) \u2013 Metal Base Mannequin for Sewing &#038; Draping"}]},{"@type":"WebSite","@id":"https:\/\/deliangdisplay.com\/#website","url":"https:\/\/deliangdisplay.com\/","name":"deliangdisplay.com","description":"DE-LIANG - Fournit des solutions d'emballage sur mesure et des services de conception de pr\u00e9sentoirs luxueux pour les marques de bijoux, de v\u00eatements, de montres, de produits de beaut\u00e9 et de cosm\u00e9tiques, et plus encore.","publisher":{"@id":"https:\/\/deliangdisplay.com\/#organization"},"potentialAction":[{"@type":"SearchAction","target":{"@type":"EntryPoint","urlTemplate":"https:\/\/deliangdisplay.com\/?s={search_term_string}"},"query-input":{"@type":"PropertyValueSpecification","valueRequired":true,"valueName":"search_term_string"}}],"inLanguage":"fr-FR"},{"@type":"Organization","@id":"https:\/\/deliangdisplay.com\/#organization","name":"deliangdisplay.com","url":"https:\/\/deliangdisplay.com\/","logo":{"@type":"ImageObject","inLanguage":"fr-FR","@id":"https:\/\/deliangdisplay.com\/#\/schema\/logo\/image\/","url":"https:\/\/deliangdisplay.com\/wp-content\/uploads\/2025\/08\/DELIANGDISPALY_logo.png","contentUrl":"https:\/\/deliangdisplay.com\/wp-content\/uploads\/2025\/08\/DELIANGDISPALY_logo.png","width":300,"height":130,"caption":"deliangdisplay.com"},"image":{"@id":"https:\/\/deliangdisplay.com\/#\/schema\/logo\/image\/"},"sameAs":["https:\/\/www.facebook.com\/JaneZhang008\/","https:\/\/x.com\/ly673551729"]}]}},"_links":{"self":[{"href":"https:\/\/deliangdisplay.com\/fr\/wp-json\/wp\/v2\/product\/43741","targetHints":{"allow":["GET"]}}],"collection":[{"href":"https:\/\/deliangdisplay.com\/fr\/wp-json\/wp\/v2\/product"}],"about":[{"href":"https:\/\/deliangdisplay.com\/fr\/wp-json\/wp\/v2\/types\/product"}],"replies":[{"embeddable":true,"href":"https:\/\/deliangdisplay.com\/fr\/wp-json\/wp\/v2\/comments?post=43741"}],"wp:featuredmedia":[{"embeddable":true,"href":"https:\/\/deliangdisplay.com\/fr\/wp-json\/wp\/v2\/media\/43745"}],"wp:attachment":[{"href":"https:\/\/deliangdisplay.com\/fr\/wp-json\/wp\/v2\/media?parent=43741"}],"wp:term":[{"taxonomy":"product_brand","embeddable":true,"href":"https:\/\/deliangdisplay.com\/fr\/wp-json\/wp\/v2\/product_brand?post=43741"},{"taxonomy":"product_cat","embeddable":true,"href":"https:\/\/deliangdisplay.com\/fr\/wp-json\/wp\/v2\/product_cat?post=43741"},{"taxonomy":"product_tag","embeddable":true,"href":"https:\/\/deliangdisplay.com\/fr\/wp-json\/wp\/v2\/product_tag?post=43741"}],"curies":[{"name":"wp","href":"https:\/\/api.w.org\/{rel}","templated":true}]}}