{"id":43709,"date":"2025-10-21T11:46:22","date_gmt":"2025-10-21T03:46:22","guid":{"rendered":"https:\/\/deliangdisplay.com\/?post_type=product&#038;p=43709"},"modified":"2025-10-21T11:46:40","modified_gmt":"2025-10-21T03:46:40","slug":"12-mini-mannequin-de-torse-de-femme-taille-6-12-pour-la-couture","status":"publish","type":"product","link":"https:\/\/deliangdisplay.com\/fr\/notre-produit\/affichages\/mannequins-de-vente-au-detail\/formulaire-vestimentaire-a-demi-echelle\/12-mini-mannequin-de-torse-de-femme-taille-6-12-pour-la-couture\/","title":{"rendered":"1:2 Demi-forme de robe torse femme - Taille 6\/12 Mini Mannequin pour la couture et le mod\u00e9lisme"},"content":{"rendered":"<h3 class=\"header-iWP5WJ auto-hide-last-sibling-br\">Aper\u00e7u du produit<\/h3>\n<div class=\"auto-hide-last-sibling-br paragraph-pP9ZLC paragraph-element br-paragraph-space\">Il s'agit d'un\u00a0<strong>Formulaire d'habillage du torse f\u00e9minin \u00e0 l'\u00e9chelle 1:2<\/strong>\u00a0(pas en taille adulte, disponible en taille 6 et taille 12) con\u00e7u pour la couture, la confection, le patronage de v\u00eatements et les maquettes de mini-v\u00eatements. Il aide les cr\u00e9ateurs de mode, les tailleurs et les \u00e9tudiants en design \u00e0 \u00e9conomiser du tissu et du temps en permettant des essais et des ajustements r\u00e9p\u00e9t\u00e9s des styles de v\u00eatements. Au-del\u00e0 de l'usage professionnel, sa taille compacte et son design classique en font un outil id\u00e9al pour les vitrines ou les projets d'artisanat des enfants, alliant fonctionnalit\u00e9 et valeur d\u00e9corative.<\/div>\n<h3 class=\"header-iWP5WJ auto-hide-last-sibling-br\">Principales sp\u00e9cifications<\/h3>\n<ul class=\"auto-hide-last-sibling-br\">\n<li><strong>D\u00e9tails de la taille<\/strong>\n<ul class=\"auto-hide-last-sibling-br\">\n<li>Taille 6 : hauteur du corps 43 cm, largeur des \u00e9paules 19,5 cm, buste 44,5 cm, taille 34,5 cm, hanches 46 cm ; fabrication artisanale avec une tol\u00e9rance de \u00b10,5 cm.<\/li>\n<li>Taille 12 : hauteur du corps 44,5-45 cm, largeur des \u00e9paules 21 cm, buste 48,5 cm, taille 36,5 cm, hanches 49,5 cm ; centre avant (CF) 19 cm, centre arri\u00e8re (CB) 21,6 cm.<\/li>\n<li>Bras souples (compatibles) : Longueur 30 cm, tour de bras 13,5 cm, tour de coude 12 cm, tour de poignet 9,5 cm.<\/li>\n<\/ul>\n<\/li>\n<li><strong>Hauteur r\u00e9glable<\/strong>: La hauteur totale se r\u00e8gle de 47,5 cm \u00e0 79,5 cm en tournant une vis ; la base est un support m\u00e9tallique rond noir d'un diam\u00e8tre de 17 cm.<\/li>\n<li><strong>Mat\u00e9riaux<\/strong>: Torse en fibre de verre (avec rembourrage int\u00e9gral en coton), envelopp\u00e9 de tissu ; couvre-cou\/\u00e9paules et base\/poteau en m\u00e9tal noir.<\/li>\n<\/ul>\n<h3 class=\"header-iWP5WJ auto-hide-last-sibling-br\">Caract\u00e9ristiques principales<\/h3>\n<ul class=\"auto-hide-last-sibling-br\">\n<li><strong>Conception semi-pivotante<\/strong>: Peut \u00eatre \u00e9pingl\u00e9 \u00e0 un angle (pas compl\u00e8tement \u00e9pinglable en raison du mat\u00e9riau en fibre de verre) pour fixer le tissu pendant le drapage, la couture ou le patronage - assurant des ajustements pr\u00e9cis pour les mini-v\u00eatements.<\/li>\n<li><strong>Durable et stable<\/strong>: La base en m\u00e9tal de 17 cm de diam\u00e8tre offre une grande stabilit\u00e9 et emp\u00eache le basculement lors du travail sur les dessins.<\/li>\n<li><strong>Pr\u00e9cision proportionnelle<\/strong>: Con\u00e7ue pour correspondre aux proportions d'une robe adulte normale, elle permet de mettre \u00e0 l'\u00e9chelle avec pr\u00e9cision les mod\u00e8les de mini-v\u00eatements test\u00e9s \u00e0 la taille r\u00e9elle. Elle est fiable pour les d\u00e9butants comme pour les professionnels.<\/li>\n<li><strong>Adaptabilit\u00e9 multi-sc\u00e8ne<\/strong>: Outil professionnel pour la d\u00e9coupe, la fabrication de gabarits et la couture ; sert \u00e9galement de pi\u00e8ce d\u00e9corative pour les vitrines ou les travaux manuels des enfants, et permet de mettre en valeur des \u00e9charpes, des bijoux ou des boutons.<\/li>\n<\/ul>","protected":false},"excerpt":{"rendered":"<p>Il s'agit d'une forme de robe de torse f\u00e9minin \u00e0 l'\u00e9chelle 1:2 (taille 6\/12, pas de taille adulte) pour la couture, le drapage et le mod\u00e9lisme. Caract\u00e9ristiques principales : Taille 6 (43cm de hauteur, 44.5cm de poitrine) ; Taille 12 (44.5-45cm de hauteur, 48.5cm de poitrine). La hauteur totale s'ajuste de 47,5 \u00e0 79,5 cm gr\u00e2ce \u00e0 une vis, avec une base en m\u00e9tal de 17 cm. Fabriqu\u00e9 en fibre de verre (rembourr\u00e9 de coton) et en tissu, il est semi-pinnable, fonctionne avec des bras souples - convient aux designers, aux \u00e9tudiants et aux d\u00e9corateurs\/artisans.<\/p>","protected":false},"featured_media":43717,"comment_status":"open","ping_status":"closed","template":"","meta":{"_acf_changed":false},"product_brand":[84],"product_cat":[578],"product_tag":[579,582,685,611,600,681,586,591,587,609,687,684,683,682,686],"class_list":{"0":"post-43709","1":"product","2":"type-product","3":"status-publish","4":"has-post-thumbnail","6":"product_brand-de-liang","7":"product_cat-half-scale-dress-form","8":"product_tag-12-half-scale-dress-form","9":"product_tag-adjustable-height-dress-form","10":"product_tag-cotton-padded-dress-form","11":"product_tag-draping-practice-mannequin","12":"product_tag-fashion-design-dress-form","13":"product_tag-female-torso-mannequin","14":"product_tag-fiberglass-dress-form","15":"product_tag-half-scale-female-mannequin","16":"product_tag-metal-base-dress-form","17":"product_tag-mini-garment-design-dummy","18":"product_tag-proportional-dress-form","19":"product_tag-semi-pinnable-dress-form","20":"product_tag-size-12-tailor-dress-form","21":"product_tag-size-6-sewing-dummy","22":"product_tag-soft-arm-compatible-mannequin","24":"first","25":"instock","26":"shipping-taxable","27":"purchasable","28":"product-type-simple"},"acf":[],"yoast_head":"<!-- This site is optimized with the Yoast SEO plugin v27.4 - https:\/\/yoast.com\/product\/yoast-seo-wordpress\/ -->\n<title>1:2 Half-Scale Female Torso Dress Form \u2013 Size 6\/12 Mini Mannequin for Sewing &amp; Pattern Making - DE-LIANG - jewelry,clothes,watch,beauty cosmetics<\/title>\n<meta name=\"robots\" content=\"index, follow, max-snippet:-1, max-image-preview:large, max-video-preview:-1\" \/>\n<link rel=\"canonical\" href=\"https:\/\/deliangdisplay.com\/fr\/notre-produit\/affichages\/mannequins-de-vente-au-detail\/formulaire-vestimentaire-a-demi-echelle\/12-mini-mannequin-de-torse-de-femme-taille-6-12-pour-la-couture\/\" \/>\n<meta property=\"og:locale\" content=\"fr_FR\" \/>\n<meta property=\"og:type\" content=\"article\" \/>\n<meta property=\"og:title\" content=\"1:2 Half-Scale Female Torso Dress Form \u2013 Size 6\/12 Mini Mannequin for Sewing &amp; Pattern Making - DE-LIANG - jewelry,clothes,watch,beauty cosmetics\" \/>\n<meta property=\"og:description\" content=\"This is a 1:2 half-scale female torso dress form (Size 6\/12, not adult size) for sewing, draping, and pattern making. Key specs: Size 6 (43cm height, 44.5cm bust); Size 12 (44.5\u201345cm height, 48.5cm bust). Total height adjusts 47.5\u201379.5cm via a screw, with a 17cm metal base. Made of fiberglass (cotton-padded) and fabric, it\u2019s semi-pinnable, works with soft arms\u2014suits designers, students, and decor\/crafts.\" \/>\n<meta property=\"og:url\" content=\"https:\/\/deliangdisplay.com\/fr\/notre-produit\/affichages\/mannequins-de-vente-au-detail\/formulaire-vestimentaire-a-demi-echelle\/12-mini-mannequin-de-torse-de-femme-taille-6-12-pour-la-couture\/\" \/>\n<meta property=\"og:site_name\" content=\"DE-LIANG - jewelry,clothes,watch,beauty cosmetics\" \/>\n<meta property=\"article:publisher\" content=\"https:\/\/www.facebook.com\/JaneZhang008\/\" \/>\n<meta property=\"article:modified_time\" content=\"2025-10-21T03:46:40+00:00\" \/>\n<meta property=\"og:image\" content=\"https:\/\/deliangdisplay.com\/wp-content\/uploads\/2025\/10\/2-9.webp\" \/>\n\t<meta property=\"og:image:width\" content=\"600\" \/>\n\t<meta property=\"og:image:height\" content=\"600\" \/>\n\t<meta property=\"og:image:type\" content=\"image\/webp\" \/>\n<meta name=\"twitter:card\" content=\"summary_large_image\" \/>\n<meta name=\"twitter:site\" content=\"@ly673551729\" \/>\n<meta name=\"twitter:label1\" content=\"Dur\u00e9e de lecture estim\u00e9e\" \/>\n\t<meta name=\"twitter:data1\" content=\"2 minutes\" \/>\n<script type=\"application\/ld+json\" class=\"yoast-schema-graph\">{\"@context\":\"https:\\\/\\\/schema.org\",\"@graph\":[{\"@type\":\"WebPage\",\"@id\":\"https:\\\/\\\/deliangdisplay.com\\\/our-product\\\/displays\\\/retail-mannequins\\\/half-scale-dress-form\\\/12-half-scale-female-torso-dress-form-size-6-12-mini-mannequin-for-sewing-pattern-making\\\/\",\"url\":\"https:\\\/\\\/deliangdisplay.com\\\/our-product\\\/displays\\\/retail-mannequins\\\/half-scale-dress-form\\\/12-half-scale-female-torso-dress-form-size-6-12-mini-mannequin-for-sewing-pattern-making\\\/\",\"name\":\"1:2 Half-Scale Female Torso Dress Form \u2013 Size 6\\\/12 Mini Mannequin for Sewing & Pattern Making - DE-LIANG - jewelry,clothes,watch,beauty cosmetics\",\"isPartOf\":{\"@id\":\"https:\\\/\\\/deliangdisplay.com\\\/#website\"},\"primaryImageOfPage\":{\"@id\":\"https:\\\/\\\/deliangdisplay.com\\\/our-product\\\/displays\\\/retail-mannequins\\\/half-scale-dress-form\\\/12-half-scale-female-torso-dress-form-size-6-12-mini-mannequin-for-sewing-pattern-making\\\/#primaryimage\"},\"image\":{\"@id\":\"https:\\\/\\\/deliangdisplay.com\\\/our-product\\\/displays\\\/retail-mannequins\\\/half-scale-dress-form\\\/12-half-scale-female-torso-dress-form-size-6-12-mini-mannequin-for-sewing-pattern-making\\\/#primaryimage\"},\"thumbnailUrl\":\"https:\\\/\\\/deliangdisplay.com\\\/wp-content\\\/uploads\\\/2025\\\/10\\\/2-9.webp\",\"datePublished\":\"2025-10-21T03:46:22+00:00\",\"dateModified\":\"2025-10-21T03:46:40+00:00\",\"breadcrumb\":{\"@id\":\"https:\\\/\\\/deliangdisplay.com\\\/our-product\\\/displays\\\/retail-mannequins\\\/half-scale-dress-form\\\/12-half-scale-female-torso-dress-form-size-6-12-mini-mannequin-for-sewing-pattern-making\\\/#breadcrumb\"},\"inLanguage\":\"fr-FR\",\"potentialAction\":[{\"@type\":\"ReadAction\",\"target\":[\"https:\\\/\\\/deliangdisplay.com\\\/our-product\\\/displays\\\/retail-mannequins\\\/half-scale-dress-form\\\/12-half-scale-female-torso-dress-form-size-6-12-mini-mannequin-for-sewing-pattern-making\\\/\"]}]},{\"@type\":\"ImageObject\",\"inLanguage\":\"fr-FR\",\"@id\":\"https:\\\/\\\/deliangdisplay.com\\\/our-product\\\/displays\\\/retail-mannequins\\\/half-scale-dress-form\\\/12-half-scale-female-torso-dress-form-size-6-12-mini-mannequin-for-sewing-pattern-making\\\/#primaryimage\",\"url\":\"https:\\\/\\\/deliangdisplay.com\\\/wp-content\\\/uploads\\\/2025\\\/10\\\/2-9.webp\",\"contentUrl\":\"https:\\\/\\\/deliangdisplay.com\\\/wp-content\\\/uploads\\\/2025\\\/10\\\/2-9.webp\",\"width\":600,\"height\":600},{\"@type\":\"BreadcrumbList\",\"@id\":\"https:\\\/\\\/deliangdisplay.com\\\/our-product\\\/displays\\\/retail-mannequins\\\/half-scale-dress-form\\\/12-half-scale-female-torso-dress-form-size-6-12-mini-mannequin-for-sewing-pattern-making\\\/#breadcrumb\",\"itemListElement\":[{\"@type\":\"ListItem\",\"position\":1,\"name\":\"\u9996\u9875\",\"item\":\"https:\\\/\\\/deliangdisplay.com\\\/\"},{\"@type\":\"ListItem\",\"position\":2,\"name\":\"Our Product\",\"item\":\"https:\\\/\\\/deliangdisplay.com\\\/our-product\\\/\"},{\"@type\":\"ListItem\",\"position\":3,\"name\":\"1:2 Half-Scale Female Torso Dress Form \u2013 Size 6\\\/12 Mini Mannequin for Sewing &#038; Pattern Making\"}]},{\"@type\":\"WebSite\",\"@id\":\"https:\\\/\\\/deliangdisplay.com\\\/#website\",\"url\":\"https:\\\/\\\/deliangdisplay.com\\\/\",\"name\":\"deliangdisplay.com\",\"description\":\"DE-LIANG - Providing bespoke packaging solutions and luxurious display design services for brands in jewelry, apparel, watches, beauty cosmetics, and more.\",\"publisher\":{\"@id\":\"https:\\\/\\\/deliangdisplay.com\\\/#organization\"},\"potentialAction\":[{\"@type\":\"SearchAction\",\"target\":{\"@type\":\"EntryPoint\",\"urlTemplate\":\"https:\\\/\\\/deliangdisplay.com\\\/?s={search_term_string}\"},\"query-input\":{\"@type\":\"PropertyValueSpecification\",\"valueRequired\":true,\"valueName\":\"search_term_string\"}}],\"inLanguage\":\"fr-FR\"},{\"@type\":\"Organization\",\"@id\":\"https:\\\/\\\/deliangdisplay.com\\\/#organization\",\"name\":\"deliangdisplay.com\",\"url\":\"https:\\\/\\\/deliangdisplay.com\\\/\",\"logo\":{\"@type\":\"ImageObject\",\"inLanguage\":\"fr-FR\",\"@id\":\"https:\\\/\\\/deliangdisplay.com\\\/#\\\/schema\\\/logo\\\/image\\\/\",\"url\":\"https:\\\/\\\/deliangdisplay.com\\\/wp-content\\\/uploads\\\/2025\\\/08\\\/DELIANGDISPALY_logo.png\",\"contentUrl\":\"https:\\\/\\\/deliangdisplay.com\\\/wp-content\\\/uploads\\\/2025\\\/08\\\/DELIANGDISPALY_logo.png\",\"width\":300,\"height\":130,\"caption\":\"deliangdisplay.com\"},\"image\":{\"@id\":\"https:\\\/\\\/deliangdisplay.com\\\/#\\\/schema\\\/logo\\\/image\\\/\"},\"sameAs\":[\"https:\\\/\\\/www.facebook.com\\\/JaneZhang008\\\/\",\"https:\\\/\\\/x.com\\\/ly673551729\"]}]}<\/script>\n<!-- \/ Yoast SEO plugin. -->","yoast_head_json":{"title":"1:2 Formulaire de robe de torse f\u00e9minin - Taille 6\/12 Mini Mannequin pour la couture et le mod\u00e9lisme - DE-LIANG - bijouterie,joaillerie,horlogerie,beaut\u00e9,cosm\u00e9tique","robots":{"index":"index","follow":"follow","max-snippet":"max-snippet:-1","max-image-preview":"max-image-preview:large","max-video-preview":"max-video-preview:-1"},"canonical":"https:\/\/deliangdisplay.com\/fr\/notre-produit\/affichages\/mannequins-de-vente-au-detail\/formulaire-vestimentaire-a-demi-echelle\/12-mini-mannequin-de-torse-de-femme-taille-6-12-pour-la-couture\/","og_locale":"fr_FR","og_type":"article","og_title":"1:2 Half-Scale Female Torso Dress Form \u2013 Size 6\/12 Mini Mannequin for Sewing & Pattern Making - DE-LIANG - jewelry,clothes,watch,beauty cosmetics","og_description":"This is a 1:2 half-scale female torso dress form (Size 6\/12, not adult size) for sewing, draping, and pattern making. Key specs: Size 6 (43cm height, 44.5cm bust); Size 12 (44.5\u201345cm height, 48.5cm bust). Total height adjusts 47.5\u201379.5cm via a screw, with a 17cm metal base. Made of fiberglass (cotton-padded) and fabric, it\u2019s semi-pinnable, works with soft arms\u2014suits designers, students, and decor\/crafts.","og_url":"https:\/\/deliangdisplay.com\/fr\/notre-produit\/affichages\/mannequins-de-vente-au-detail\/formulaire-vestimentaire-a-demi-echelle\/12-mini-mannequin-de-torse-de-femme-taille-6-12-pour-la-couture\/","og_site_name":"DE-LIANG - jewelry,clothes,watch,beauty cosmetics","article_publisher":"https:\/\/www.facebook.com\/JaneZhang008\/","article_modified_time":"2025-10-21T03:46:40+00:00","og_image":[{"width":600,"height":600,"url":"https:\/\/deliangdisplay.com\/wp-content\/uploads\/2025\/10\/2-9.webp","type":"image\/webp"}],"twitter_card":"summary_large_image","twitter_site":"@ly673551729","twitter_misc":{"Dur\u00e9e de lecture estim\u00e9e":"2 minutes"},"schema":{"@context":"https:\/\/schema.org","@graph":[{"@type":"WebPage","@id":"https:\/\/deliangdisplay.com\/our-product\/displays\/retail-mannequins\/half-scale-dress-form\/12-half-scale-female-torso-dress-form-size-6-12-mini-mannequin-for-sewing-pattern-making\/","url":"https:\/\/deliangdisplay.com\/our-product\/displays\/retail-mannequins\/half-scale-dress-form\/12-half-scale-female-torso-dress-form-size-6-12-mini-mannequin-for-sewing-pattern-making\/","name":"1:2 Formulaire de robe de torse f\u00e9minin - Taille 6\/12 Mini Mannequin pour la couture et le mod\u00e9lisme - DE-LIANG - bijouterie,joaillerie,horlogerie,beaut\u00e9,cosm\u00e9tique","isPartOf":{"@id":"https:\/\/deliangdisplay.com\/#website"},"primaryImageOfPage":{"@id":"https:\/\/deliangdisplay.com\/our-product\/displays\/retail-mannequins\/half-scale-dress-form\/12-half-scale-female-torso-dress-form-size-6-12-mini-mannequin-for-sewing-pattern-making\/#primaryimage"},"image":{"@id":"https:\/\/deliangdisplay.com\/our-product\/displays\/retail-mannequins\/half-scale-dress-form\/12-half-scale-female-torso-dress-form-size-6-12-mini-mannequin-for-sewing-pattern-making\/#primaryimage"},"thumbnailUrl":"https:\/\/deliangdisplay.com\/wp-content\/uploads\/2025\/10\/2-9.webp","datePublished":"2025-10-21T03:46:22+00:00","dateModified":"2025-10-21T03:46:40+00:00","breadcrumb":{"@id":"https:\/\/deliangdisplay.com\/our-product\/displays\/retail-mannequins\/half-scale-dress-form\/12-half-scale-female-torso-dress-form-size-6-12-mini-mannequin-for-sewing-pattern-making\/#breadcrumb"},"inLanguage":"fr-FR","potentialAction":[{"@type":"ReadAction","target":["https:\/\/deliangdisplay.com\/our-product\/displays\/retail-mannequins\/half-scale-dress-form\/12-half-scale-female-torso-dress-form-size-6-12-mini-mannequin-for-sewing-pattern-making\/"]}]},{"@type":"ImageObject","inLanguage":"fr-FR","@id":"https:\/\/deliangdisplay.com\/our-product\/displays\/retail-mannequins\/half-scale-dress-form\/12-half-scale-female-torso-dress-form-size-6-12-mini-mannequin-for-sewing-pattern-making\/#primaryimage","url":"https:\/\/deliangdisplay.com\/wp-content\/uploads\/2025\/10\/2-9.webp","contentUrl":"https:\/\/deliangdisplay.com\/wp-content\/uploads\/2025\/10\/2-9.webp","width":600,"height":600},{"@type":"BreadcrumbList","@id":"https:\/\/deliangdisplay.com\/our-product\/displays\/retail-mannequins\/half-scale-dress-form\/12-half-scale-female-torso-dress-form-size-6-12-mini-mannequin-for-sewing-pattern-making\/#breadcrumb","itemListElement":[{"@type":"ListItem","position":1,"name":"\u9996\u9875","item":"https:\/\/deliangdisplay.com\/"},{"@type":"ListItem","position":2,"name":"Our Product","item":"https:\/\/deliangdisplay.com\/our-product\/"},{"@type":"ListItem","position":3,"name":"1:2 Half-Scale Female Torso Dress Form \u2013 Size 6\/12 Mini Mannequin for Sewing &#038; Pattern Making"}]},{"@type":"WebSite","@id":"https:\/\/deliangdisplay.com\/#website","url":"https:\/\/deliangdisplay.com\/","name":"deliangdisplay.com","description":"DE-LIANG - Fournit des solutions d'emballage sur mesure et des services de conception de pr\u00e9sentoirs luxueux pour les marques de bijoux, de v\u00eatements, de montres, de produits de beaut\u00e9 et de cosm\u00e9tiques, et plus encore.","publisher":{"@id":"https:\/\/deliangdisplay.com\/#organization"},"potentialAction":[{"@type":"SearchAction","target":{"@type":"EntryPoint","urlTemplate":"https:\/\/deliangdisplay.com\/?s={search_term_string}"},"query-input":{"@type":"PropertyValueSpecification","valueRequired":true,"valueName":"search_term_string"}}],"inLanguage":"fr-FR"},{"@type":"Organization","@id":"https:\/\/deliangdisplay.com\/#organization","name":"deliangdisplay.com","url":"https:\/\/deliangdisplay.com\/","logo":{"@type":"ImageObject","inLanguage":"fr-FR","@id":"https:\/\/deliangdisplay.com\/#\/schema\/logo\/image\/","url":"https:\/\/deliangdisplay.com\/wp-content\/uploads\/2025\/08\/DELIANGDISPALY_logo.png","contentUrl":"https:\/\/deliangdisplay.com\/wp-content\/uploads\/2025\/08\/DELIANGDISPALY_logo.png","width":300,"height":130,"caption":"deliangdisplay.com"},"image":{"@id":"https:\/\/deliangdisplay.com\/#\/schema\/logo\/image\/"},"sameAs":["https:\/\/www.facebook.com\/JaneZhang008\/","https:\/\/x.com\/ly673551729"]}]}},"_links":{"self":[{"href":"https:\/\/deliangdisplay.com\/fr\/wp-json\/wp\/v2\/product\/43709","targetHints":{"allow":["GET"]}}],"collection":[{"href":"https:\/\/deliangdisplay.com\/fr\/wp-json\/wp\/v2\/product"}],"about":[{"href":"https:\/\/deliangdisplay.com\/fr\/wp-json\/wp\/v2\/types\/product"}],"replies":[{"embeddable":true,"href":"https:\/\/deliangdisplay.com\/fr\/wp-json\/wp\/v2\/comments?post=43709"}],"wp:featuredmedia":[{"embeddable":true,"href":"https:\/\/deliangdisplay.com\/fr\/wp-json\/wp\/v2\/media\/43717"}],"wp:attachment":[{"href":"https:\/\/deliangdisplay.com\/fr\/wp-json\/wp\/v2\/media?parent=43709"}],"wp:term":[{"taxonomy":"product_brand","embeddable":true,"href":"https:\/\/deliangdisplay.com\/fr\/wp-json\/wp\/v2\/product_brand?post=43709"},{"taxonomy":"product_cat","embeddable":true,"href":"https:\/\/deliangdisplay.com\/fr\/wp-json\/wp\/v2\/product_cat?post=43709"},{"taxonomy":"product_tag","embeddable":true,"href":"https:\/\/deliangdisplay.com\/fr\/wp-json\/wp\/v2\/product_tag?post=43709"}],"curies":[{"name":"wp","href":"https:\/\/api.w.org\/{rel}","templated":true}]}}