{"id":43698,"date":"2025-10-21T11:33:26","date_gmt":"2025-10-21T03:33:26","guid":{"rendered":"https:\/\/deliangdisplay.com\/?post_type=product&#038;p=43698"},"modified":"2025-10-21T11:33:27","modified_gmt":"2025-10-21T03:33:27","slug":"12-demi-modele-de-robe-en-velours-rose-mannequin-entierement-pinnable-pour-le-design-de-mode","status":"publish","type":"product","link":"https:\/\/deliangdisplay.com\/fr\/notre-produit\/affichages\/mannequins-de-vente-au-detail\/formulaire-vestimentaire-a-demi-echelle\/12-demi-modele-de-robe-en-velours-rose-mannequin-entierement-pinnable-pour-le-design-de-mode\/","title":{"rendered":"1:2 Demi-forme de robe en velours rose - Mannequin enti\u00e8rement pinnable pour la cr\u00e9ation de mode"},"content":{"rendered":"<h3 class=\"header-iWP5WJ auto-hide-last-sibling-br\">Aper\u00e7u du produit<\/h3>\n<div class=\"auto-hide-last-sibling-br paragraph-pP9ZLC paragraph-element br-paragraph-space\">Il s'agit d'un\u00a0<strong>Mini-forme vestimentaire f\u00e9minine \u00e0 l'\u00e9chelle 1:2<\/strong>\u00a0(pas de taille adulte) recouvert de velours rose, con\u00e7u pour la couture, la confection, les maquettes de stylisme et la d\u00e9coration. Son ext\u00e9rieur en velours rose et sa taille compacte conviennent \u00e9galement aux vitrines, \u00e0 la d\u00e9coration des studios et de la maison, ainsi qu'aux projets d'artisanat des enfants, alliant fonctionnalit\u00e9 et attrait esth\u00e9tique.<\/div>\n<h3 class=\"header-iWP5WJ auto-hide-last-sibling-br\">Principales sp\u00e9cifications<\/h3>\n<ul class=\"auto-hide-last-sibling-br\">\n<li><strong>D\u00e9tails de la taille<\/strong>: Hauteur du corps 46 cm, hauteur totale (avec la base) 77,5 cm ; largeur des \u00e9paules 22,5 cm, buste 42,5 cm, taille 33 cm, hanches 45 cm ; diam\u00e8tre de la base en bois 17 cm.<\/li>\n<li><strong>Mat\u00e9riaux et structure<\/strong>: Noyau en mousse de polyur\u00e9thane de haute densit\u00e9 (permettant un \u00e9pinglage complet), envelopp\u00e9 de velours rose ; comprend une base ronde en bois et un poteau de soutien pour un placement stable ; fabriqu\u00e9 \u00e0 la main avec des dimensions proportionnelles correspondant aux ratios des formes vestimentaires normales pour adultes.<\/li>\n<\/ul>\n<h3 class=\"header-iWP5WJ auto-hide-last-sibling-br\">Caract\u00e9ristiques principales<\/h3>\n<ul class=\"auto-hide-last-sibling-br\">\n<li><strong>Un design enti\u00e8rement personnalisable<\/strong>: Le noyau en mousse haute densit\u00e9 permet d'ins\u00e9rer les \u00e9pingles directement (et pas seulement en biais), ce qui garantit une fixation pr\u00e9cise du tissu pour la couture, le drapage et le mod\u00e9lisme, simplifiant ainsi les mini-maquettes de v\u00eatements et les ajustements.<\/li>\n<li><strong>D\u00e9coratif et fonctionnel \u00e0 double usage<\/strong>: La finition en velours rose ajoute une touche d'\u00e9l\u00e9gance et convient aux vitrines (pour attirer les clients), \u00e0 la d\u00e9coration d'un studio ou d'une maison et \u00e0 la pr\u00e9sentation de bijoux ou de foulards ; elle peut \u00e9galement servir d'outil professionnel pour la cr\u00e9ation de mode.<\/li>\n<li><strong>Peu encombrant et portable<\/strong>: La taille compacte \u00e0 demi-\u00e9chelle permet d'\u00e9conomiser de l'espace de stockage par rapport aux formes vestimentaires de taille normale ; la conception l\u00e9g\u00e8re (avec une base stable en bois) permet un d\u00e9placement facile pour une utilisation dans diff\u00e9rents sc\u00e9narios (par exemple, bureaux, \u00e9tag\u00e8res de pr\u00e9sentation).<\/li>\n<li><strong>Pr\u00e9cision proportionnelle<\/strong>: Con\u00e7ue pour correspondre aux proportions d'une robe d'adulte normale, elle garantit que les mod\u00e8les de mini-v\u00eatements test\u00e9s sur elle peuvent \u00eatre mis \u00e0 l'\u00e9chelle avec pr\u00e9cision, ce qui est fiable pour la pratique des d\u00e9butants et la validation des mod\u00e8les par les professionnels.<\/li>\n<\/ul>","protected":false},"excerpt":{"rendered":"<p>Il s'agit d'une mini robe de femme \u00e0 l'\u00e9chelle 1:2 (pas de taille adulte) recouverte de velours rose, id\u00e9ale pour la couture, le drapage et la d\u00e9coration. Caract\u00e9ristiques principales : hauteur du corps 46 cm, hauteur totale 77,5 cm, \u00e9paule 22,5 cm, buste 42,5 cm, taille 33 cm, hanches 45 cm. Il est dot\u00e9 d'une base en bois de 17 cm, d'un noyau en mousse haute densit\u00e9 pour un \u00e9pinglage complet et correspond aux proportions d'un adulte - il convient aux designers, aux artisans et aux vitrines.<\/p>","protected":false},"featured_media":43708,"comment_status":"open","ping_status":"closed","template":"","meta":{"_acf_changed":false},"product_brand":[84],"product_cat":[578],"product_tag":[672,678,680,675,673,600,616,671,591,674,676,670,677,679,664],"class_list":{"0":"post-43698","1":"product","2":"type-product","3":"status-publish","4":"has-post-thumbnail","6":"product_brand-de-liang","7":"product_cat-half-scale-dress-form","8":"product_tag-12-scale-sewing-dress-form","9":"product_tag-childrens-craft-dress-form","10":"product_tag-compact-dress-form","11":"product_tag-decorative-dress-form","12":"product_tag-draping-practice-dummy","13":"product_tag-fashion-design-dress-form","14":"product_tag-female-tailor-mannequin","15":"product_tag-fully-pinnable-mini-mannequin","16":"product_tag-half-scale-female-mannequin","17":"product_tag-high-density-foam-mannequin","18":"product_tag-mini-garment-mock-up-mannequin","19":"product_tag-pink-velvet-half-scale-dress-form","20":"product_tag-pink-velvet-sewing-dummy","21":"product_tag-window-display-mannequin","22":"product_tag-wooden-base-dress-form","24":"first","25":"instock","26":"shipping-taxable","27":"purchasable","28":"product-type-simple"},"acf":[],"yoast_head":"<!-- This site is optimized with the Yoast SEO plugin v27.4 - https:\/\/yoast.com\/product\/yoast-seo-wordpress\/ -->\n<title>1:2 Half-Scale Pink Velvet Dress Form \u2013 Fully Pinnable Mannequin for Fashion Design - DE-LIANG - jewelry,clothes,watch,beauty cosmetics<\/title>\n<meta name=\"robots\" content=\"index, follow, max-snippet:-1, max-image-preview:large, max-video-preview:-1\" \/>\n<link rel=\"canonical\" href=\"https:\/\/deliangdisplay.com\/fr\/notre-produit\/affichages\/mannequins-de-vente-au-detail\/formulaire-vestimentaire-a-demi-echelle\/12-demi-modele-de-robe-en-velours-rose-mannequin-entierement-pinnable-pour-le-design-de-mode\/\" \/>\n<meta property=\"og:locale\" content=\"fr_FR\" \/>\n<meta property=\"og:type\" content=\"article\" \/>\n<meta property=\"og:title\" content=\"1:2 Half-Scale Pink Velvet Dress Form \u2013 Fully Pinnable Mannequin for Fashion Design - DE-LIANG - jewelry,clothes,watch,beauty cosmetics\" \/>\n<meta property=\"og:description\" content=\"This is a 1:2 half-scale female mini dress form (not adult size) covered in pink velvet, ideal for sewing, draping, and decor. Key specs: body height 46cm, total height 77.5cm, shoulder 22.5cm, bust 42.5cm, waist 33cm, hips 45cm. It has a 17cm wooden base, a high-density foam core for full pinning, and matches adult proportions\u2014suits designers, crafters, and window displays.\" \/>\n<meta property=\"og:url\" content=\"https:\/\/deliangdisplay.com\/fr\/notre-produit\/affichages\/mannequins-de-vente-au-detail\/formulaire-vestimentaire-a-demi-echelle\/12-demi-modele-de-robe-en-velours-rose-mannequin-entierement-pinnable-pour-le-design-de-mode\/\" \/>\n<meta property=\"og:site_name\" content=\"DE-LIANG - jewelry,clothes,watch,beauty cosmetics\" \/>\n<meta property=\"article:publisher\" content=\"https:\/\/www.facebook.com\/JaneZhang008\/\" \/>\n<meta property=\"article:modified_time\" content=\"2025-10-21T03:33:27+00:00\" \/>\n<meta property=\"og:image\" content=\"https:\/\/deliangdisplay.com\/wp-content\/uploads\/2025\/10\/3-8.webp\" \/>\n\t<meta property=\"og:image:width\" content=\"600\" \/>\n\t<meta property=\"og:image:height\" content=\"600\" \/>\n\t<meta property=\"og:image:type\" content=\"image\/webp\" \/>\n<meta name=\"twitter:card\" content=\"summary_large_image\" \/>\n<meta name=\"twitter:site\" content=\"@ly673551729\" \/>\n<meta name=\"twitter:label1\" content=\"Dur\u00e9e de lecture estim\u00e9e\" \/>\n\t<meta name=\"twitter:data1\" content=\"2 minutes\" \/>\n<script type=\"application\/ld+json\" class=\"yoast-schema-graph\">{\"@context\":\"https:\\\/\\\/schema.org\",\"@graph\":[{\"@type\":\"WebPage\",\"@id\":\"https:\\\/\\\/deliangdisplay.com\\\/our-product\\\/displays\\\/retail-mannequins\\\/half-scale-dress-form\\\/12-half-scale-pink-velvet-dress-form-fully-pinnable-mannequin-for-fashion-design\\\/\",\"url\":\"https:\\\/\\\/deliangdisplay.com\\\/our-product\\\/displays\\\/retail-mannequins\\\/half-scale-dress-form\\\/12-half-scale-pink-velvet-dress-form-fully-pinnable-mannequin-for-fashion-design\\\/\",\"name\":\"1:2 Half-Scale Pink Velvet Dress Form \u2013 Fully Pinnable Mannequin for Fashion Design - DE-LIANG - jewelry,clothes,watch,beauty cosmetics\",\"isPartOf\":{\"@id\":\"https:\\\/\\\/deliangdisplay.com\\\/#website\"},\"primaryImageOfPage\":{\"@id\":\"https:\\\/\\\/deliangdisplay.com\\\/our-product\\\/displays\\\/retail-mannequins\\\/half-scale-dress-form\\\/12-half-scale-pink-velvet-dress-form-fully-pinnable-mannequin-for-fashion-design\\\/#primaryimage\"},\"image\":{\"@id\":\"https:\\\/\\\/deliangdisplay.com\\\/our-product\\\/displays\\\/retail-mannequins\\\/half-scale-dress-form\\\/12-half-scale-pink-velvet-dress-form-fully-pinnable-mannequin-for-fashion-design\\\/#primaryimage\"},\"thumbnailUrl\":\"https:\\\/\\\/deliangdisplay.com\\\/wp-content\\\/uploads\\\/2025\\\/10\\\/3-8.webp\",\"datePublished\":\"2025-10-21T03:33:26+00:00\",\"dateModified\":\"2025-10-21T03:33:27+00:00\",\"breadcrumb\":{\"@id\":\"https:\\\/\\\/deliangdisplay.com\\\/our-product\\\/displays\\\/retail-mannequins\\\/half-scale-dress-form\\\/12-half-scale-pink-velvet-dress-form-fully-pinnable-mannequin-for-fashion-design\\\/#breadcrumb\"},\"inLanguage\":\"fr-FR\",\"potentialAction\":[{\"@type\":\"ReadAction\",\"target\":[\"https:\\\/\\\/deliangdisplay.com\\\/our-product\\\/displays\\\/retail-mannequins\\\/half-scale-dress-form\\\/12-half-scale-pink-velvet-dress-form-fully-pinnable-mannequin-for-fashion-design\\\/\"]}]},{\"@type\":\"ImageObject\",\"inLanguage\":\"fr-FR\",\"@id\":\"https:\\\/\\\/deliangdisplay.com\\\/our-product\\\/displays\\\/retail-mannequins\\\/half-scale-dress-form\\\/12-half-scale-pink-velvet-dress-form-fully-pinnable-mannequin-for-fashion-design\\\/#primaryimage\",\"url\":\"https:\\\/\\\/deliangdisplay.com\\\/wp-content\\\/uploads\\\/2025\\\/10\\\/3-8.webp\",\"contentUrl\":\"https:\\\/\\\/deliangdisplay.com\\\/wp-content\\\/uploads\\\/2025\\\/10\\\/3-8.webp\",\"width\":600,\"height\":600},{\"@type\":\"BreadcrumbList\",\"@id\":\"https:\\\/\\\/deliangdisplay.com\\\/our-product\\\/displays\\\/retail-mannequins\\\/half-scale-dress-form\\\/12-half-scale-pink-velvet-dress-form-fully-pinnable-mannequin-for-fashion-design\\\/#breadcrumb\",\"itemListElement\":[{\"@type\":\"ListItem\",\"position\":1,\"name\":\"\u9996\u9875\",\"item\":\"https:\\\/\\\/deliangdisplay.com\\\/\"},{\"@type\":\"ListItem\",\"position\":2,\"name\":\"Our Product\",\"item\":\"https:\\\/\\\/deliangdisplay.com\\\/our-product\\\/\"},{\"@type\":\"ListItem\",\"position\":3,\"name\":\"1:2 Half-Scale Pink Velvet Dress Form \u2013 Fully Pinnable Mannequin for Fashion Design\"}]},{\"@type\":\"WebSite\",\"@id\":\"https:\\\/\\\/deliangdisplay.com\\\/#website\",\"url\":\"https:\\\/\\\/deliangdisplay.com\\\/\",\"name\":\"deliangdisplay.com\",\"description\":\"DE-LIANG - Providing bespoke packaging solutions and luxurious display design services for brands in jewelry, apparel, watches, beauty cosmetics, and more.\",\"publisher\":{\"@id\":\"https:\\\/\\\/deliangdisplay.com\\\/#organization\"},\"potentialAction\":[{\"@type\":\"SearchAction\",\"target\":{\"@type\":\"EntryPoint\",\"urlTemplate\":\"https:\\\/\\\/deliangdisplay.com\\\/?s={search_term_string}\"},\"query-input\":{\"@type\":\"PropertyValueSpecification\",\"valueRequired\":true,\"valueName\":\"search_term_string\"}}],\"inLanguage\":\"fr-FR\"},{\"@type\":\"Organization\",\"@id\":\"https:\\\/\\\/deliangdisplay.com\\\/#organization\",\"name\":\"deliangdisplay.com\",\"url\":\"https:\\\/\\\/deliangdisplay.com\\\/\",\"logo\":{\"@type\":\"ImageObject\",\"inLanguage\":\"fr-FR\",\"@id\":\"https:\\\/\\\/deliangdisplay.com\\\/#\\\/schema\\\/logo\\\/image\\\/\",\"url\":\"https:\\\/\\\/deliangdisplay.com\\\/wp-content\\\/uploads\\\/2025\\\/08\\\/DELIANGDISPALY_logo.png\",\"contentUrl\":\"https:\\\/\\\/deliangdisplay.com\\\/wp-content\\\/uploads\\\/2025\\\/08\\\/DELIANGDISPALY_logo.png\",\"width\":300,\"height\":130,\"caption\":\"deliangdisplay.com\"},\"image\":{\"@id\":\"https:\\\/\\\/deliangdisplay.com\\\/#\\\/schema\\\/logo\\\/image\\\/\"},\"sameAs\":[\"https:\\\/\\\/www.facebook.com\\\/JaneZhang008\\\/\",\"https:\\\/\\\/x.com\\\/ly673551729\"]}]}<\/script>\n<!-- \/ Yoast SEO plugin. -->","yoast_head_json":{"title":"1:2 Demi-forme de robe en velours rose - Mannequin enti\u00e8rement pinnable pour le stylisme - DE-LIANG - bijoux,v\u00eatements,montres,beaut\u00e9,cosm\u00e9tique","robots":{"index":"index","follow":"follow","max-snippet":"max-snippet:-1","max-image-preview":"max-image-preview:large","max-video-preview":"max-video-preview:-1"},"canonical":"https:\/\/deliangdisplay.com\/fr\/notre-produit\/affichages\/mannequins-de-vente-au-detail\/formulaire-vestimentaire-a-demi-echelle\/12-demi-modele-de-robe-en-velours-rose-mannequin-entierement-pinnable-pour-le-design-de-mode\/","og_locale":"fr_FR","og_type":"article","og_title":"1:2 Half-Scale Pink Velvet Dress Form \u2013 Fully Pinnable Mannequin for Fashion Design - DE-LIANG - jewelry,clothes,watch,beauty cosmetics","og_description":"This is a 1:2 half-scale female mini dress form (not adult size) covered in pink velvet, ideal for sewing, draping, and decor. Key specs: body height 46cm, total height 77.5cm, shoulder 22.5cm, bust 42.5cm, waist 33cm, hips 45cm. It has a 17cm wooden base, a high-density foam core for full pinning, and matches adult proportions\u2014suits designers, crafters, and window displays.","og_url":"https:\/\/deliangdisplay.com\/fr\/notre-produit\/affichages\/mannequins-de-vente-au-detail\/formulaire-vestimentaire-a-demi-echelle\/12-demi-modele-de-robe-en-velours-rose-mannequin-entierement-pinnable-pour-le-design-de-mode\/","og_site_name":"DE-LIANG - jewelry,clothes,watch,beauty cosmetics","article_publisher":"https:\/\/www.facebook.com\/JaneZhang008\/","article_modified_time":"2025-10-21T03:33:27+00:00","og_image":[{"width":600,"height":600,"url":"https:\/\/deliangdisplay.com\/wp-content\/uploads\/2025\/10\/3-8.webp","type":"image\/webp"}],"twitter_card":"summary_large_image","twitter_site":"@ly673551729","twitter_misc":{"Dur\u00e9e de lecture estim\u00e9e":"2 minutes"},"schema":{"@context":"https:\/\/schema.org","@graph":[{"@type":"WebPage","@id":"https:\/\/deliangdisplay.com\/our-product\/displays\/retail-mannequins\/half-scale-dress-form\/12-half-scale-pink-velvet-dress-form-fully-pinnable-mannequin-for-fashion-design\/","url":"https:\/\/deliangdisplay.com\/our-product\/displays\/retail-mannequins\/half-scale-dress-form\/12-half-scale-pink-velvet-dress-form-fully-pinnable-mannequin-for-fashion-design\/","name":"1:2 Demi-forme de robe en velours rose - Mannequin enti\u00e8rement pinnable pour le stylisme - DE-LIANG - bijoux,v\u00eatements,montres,beaut\u00e9,cosm\u00e9tique","isPartOf":{"@id":"https:\/\/deliangdisplay.com\/#website"},"primaryImageOfPage":{"@id":"https:\/\/deliangdisplay.com\/our-product\/displays\/retail-mannequins\/half-scale-dress-form\/12-half-scale-pink-velvet-dress-form-fully-pinnable-mannequin-for-fashion-design\/#primaryimage"},"image":{"@id":"https:\/\/deliangdisplay.com\/our-product\/displays\/retail-mannequins\/half-scale-dress-form\/12-half-scale-pink-velvet-dress-form-fully-pinnable-mannequin-for-fashion-design\/#primaryimage"},"thumbnailUrl":"https:\/\/deliangdisplay.com\/wp-content\/uploads\/2025\/10\/3-8.webp","datePublished":"2025-10-21T03:33:26+00:00","dateModified":"2025-10-21T03:33:27+00:00","breadcrumb":{"@id":"https:\/\/deliangdisplay.com\/our-product\/displays\/retail-mannequins\/half-scale-dress-form\/12-half-scale-pink-velvet-dress-form-fully-pinnable-mannequin-for-fashion-design\/#breadcrumb"},"inLanguage":"fr-FR","potentialAction":[{"@type":"ReadAction","target":["https:\/\/deliangdisplay.com\/our-product\/displays\/retail-mannequins\/half-scale-dress-form\/12-half-scale-pink-velvet-dress-form-fully-pinnable-mannequin-for-fashion-design\/"]}]},{"@type":"ImageObject","inLanguage":"fr-FR","@id":"https:\/\/deliangdisplay.com\/our-product\/displays\/retail-mannequins\/half-scale-dress-form\/12-half-scale-pink-velvet-dress-form-fully-pinnable-mannequin-for-fashion-design\/#primaryimage","url":"https:\/\/deliangdisplay.com\/wp-content\/uploads\/2025\/10\/3-8.webp","contentUrl":"https:\/\/deliangdisplay.com\/wp-content\/uploads\/2025\/10\/3-8.webp","width":600,"height":600},{"@type":"BreadcrumbList","@id":"https:\/\/deliangdisplay.com\/our-product\/displays\/retail-mannequins\/half-scale-dress-form\/12-half-scale-pink-velvet-dress-form-fully-pinnable-mannequin-for-fashion-design\/#breadcrumb","itemListElement":[{"@type":"ListItem","position":1,"name":"\u9996\u9875","item":"https:\/\/deliangdisplay.com\/"},{"@type":"ListItem","position":2,"name":"Our Product","item":"https:\/\/deliangdisplay.com\/our-product\/"},{"@type":"ListItem","position":3,"name":"1:2 Half-Scale Pink Velvet Dress Form \u2013 Fully Pinnable Mannequin for Fashion Design"}]},{"@type":"WebSite","@id":"https:\/\/deliangdisplay.com\/#website","url":"https:\/\/deliangdisplay.com\/","name":"deliangdisplay.com","description":"DE-LIANG - Fournit des solutions d'emballage sur mesure et des services de conception de pr\u00e9sentoirs luxueux pour les marques de bijoux, de v\u00eatements, de montres, de produits de beaut\u00e9 et de cosm\u00e9tiques, et plus encore.","publisher":{"@id":"https:\/\/deliangdisplay.com\/#organization"},"potentialAction":[{"@type":"SearchAction","target":{"@type":"EntryPoint","urlTemplate":"https:\/\/deliangdisplay.com\/?s={search_term_string}"},"query-input":{"@type":"PropertyValueSpecification","valueRequired":true,"valueName":"search_term_string"}}],"inLanguage":"fr-FR"},{"@type":"Organization","@id":"https:\/\/deliangdisplay.com\/#organization","name":"deliangdisplay.com","url":"https:\/\/deliangdisplay.com\/","logo":{"@type":"ImageObject","inLanguage":"fr-FR","@id":"https:\/\/deliangdisplay.com\/#\/schema\/logo\/image\/","url":"https:\/\/deliangdisplay.com\/wp-content\/uploads\/2025\/08\/DELIANGDISPALY_logo.png","contentUrl":"https:\/\/deliangdisplay.com\/wp-content\/uploads\/2025\/08\/DELIANGDISPALY_logo.png","width":300,"height":130,"caption":"deliangdisplay.com"},"image":{"@id":"https:\/\/deliangdisplay.com\/#\/schema\/logo\/image\/"},"sameAs":["https:\/\/www.facebook.com\/JaneZhang008\/","https:\/\/x.com\/ly673551729"]}]}},"_links":{"self":[{"href":"https:\/\/deliangdisplay.com\/fr\/wp-json\/wp\/v2\/product\/43698","targetHints":{"allow":["GET"]}}],"collection":[{"href":"https:\/\/deliangdisplay.com\/fr\/wp-json\/wp\/v2\/product"}],"about":[{"href":"https:\/\/deliangdisplay.com\/fr\/wp-json\/wp\/v2\/types\/product"}],"replies":[{"embeddable":true,"href":"https:\/\/deliangdisplay.com\/fr\/wp-json\/wp\/v2\/comments?post=43698"}],"wp:featuredmedia":[{"embeddable":true,"href":"https:\/\/deliangdisplay.com\/fr\/wp-json\/wp\/v2\/media\/43708"}],"wp:attachment":[{"href":"https:\/\/deliangdisplay.com\/fr\/wp-json\/wp\/v2\/media?parent=43698"}],"wp:term":[{"taxonomy":"product_brand","embeddable":true,"href":"https:\/\/deliangdisplay.com\/fr\/wp-json\/wp\/v2\/product_brand?post=43698"},{"taxonomy":"product_cat","embeddable":true,"href":"https:\/\/deliangdisplay.com\/fr\/wp-json\/wp\/v2\/product_cat?post=43698"},{"taxonomy":"product_tag","embeddable":true,"href":"https:\/\/deliangdisplay.com\/fr\/wp-json\/wp\/v2\/product_tag?post=43698"}],"curies":[{"name":"wp","href":"https:\/\/api.w.org\/{rel}","templated":true}]}}