{"id":43690,"date":"2025-10-21T11:24:12","date_gmt":"2025-10-21T03:24:12","guid":{"rendered":"https:\/\/deliangdisplay.com\/?post_type=product&#038;p=43690"},"modified":"2025-10-21T11:24:12","modified_gmt":"2025-10-21T03:24:12","slug":"mannequin-en-mousse-a-echelle-variable-pour-homme-12-13-14-entierement-pinnable-pour-le-drapage","status":"publish","type":"product","link":"https:\/\/deliangdisplay.com\/fr\/notre-produit\/affichages\/mannequins-de-vente-au-detail\/formulaire-vestimentaire-a-demi-echelle\/mannequin-en-mousse-a-echelle-variable-pour-homme-12-13-14-entierement-pinnable-pour-le-drapage\/","title":{"rendered":"Mini-mod\u00e8le masculin multi\u00e9chelle (1:2\/1:3\/1:4) - Mannequin en mousse enti\u00e8rement pinnable pour le drapage"},"content":{"rendered":"<h3 class=\"header-iWP5WJ auto-hide-last-sibling-br\">Aper\u00e7u du produit<\/h3>\n<div class=\"auto-hide-last-sibling-br paragraph-pP9ZLC paragraph-element br-paragraph-space\">Il s'agit d'un\u00a0<strong>mini-forme vestimentaire multi-\u00e9chelle pour homme<\/strong>\u00a0(disponible dans les rapports 1:2, 1:3, 1:4, pas en taille adulte) en mousse et enti\u00e8rement \u00e9pinglable. Il est con\u00e7u pour la couture, l'essayage, la pratique du drapage \u00e0 l'\u00e9cole et la conception de mini-v\u00eatements pour hommes. Au-del\u00e0 de sa fonctionnalit\u00e9, son style nordique simple sert \u00e9galement de pi\u00e8ce d\u00e9corative \u00e0 la mode, alliant praticit\u00e9 et attrait esth\u00e9tique pour une utilisation professionnelle et une d\u00e9coration quotidienne.<\/div>\n<h3 class=\"header-iWP5WJ auto-hide-last-sibling-br\">Principales sp\u00e9cifications<\/h3>\n<ul class=\"auto-hide-last-sibling-br\">\n<li><strong>D\u00e9tails de la taille<\/strong>\u00a0(toutes les versions sont des versions r\u00e9duites)\n<ul class=\"auto-hide-last-sibling-br\">\n<li>\u00c9chelle 1:4 : Buste 25,5 cm, taille 22 cm, hanches 25,5 cm, hauteur du corps 27 cm ; hauteur de la base r\u00e9glable de 46 cm \u00e0 60 cm.<\/li>\n<li>\u00c9chelle 1:3 : Buste 34 cm, taille 29,5 cm, hanches 34 cm, hauteur du corps 35 cm ; hauteur de la base r\u00e9glable de 55 cm \u00e0 70 cm.<\/li>\n<li>\u00c9chelle 1:2 : Buste 50 cm, taille 43 cm, hanches 50 cm, hauteur du torse 51 cm ; hauteur totale r\u00e9glable de 76 cm \u00e0 85 cm.<\/li>\n<\/ul>\n<\/li>\n<li><strong>Mat\u00e9riaux et structure<\/strong>: Corps en mousse (enti\u00e8rement \u00e9pinglable pour faciliter la fixation du tissu) ; livr\u00e9 avec une base ronde en bois et un poteau de soutien pour un placement stable.<\/li>\n<\/ul>\n<h3 class=\"header-iWP5WJ auto-hide-last-sibling-br\">Caract\u00e9ristiques principales<\/h3>\n<ul class=\"auto-hide-last-sibling-br\">\n<li><strong>Mousse enti\u00e8rement pin\u00e7able<\/strong>: La construction en mousse permet d'ins\u00e9rer les \u00e9pingles librement (et pas seulement en biais), ce qui permet de positionner le tissu avec pr\u00e9cision pour le drapage, la couture et l'ajustement - id\u00e9al pour les ajustements d\u00e9taill\u00e9s des v\u00eatements et la pratique \u00e0 l'\u00e9cole.<\/li>\n<li><strong>Polyvalence \u00e0 plusieurs \u00e9chelles<\/strong>: Offre des options \u00e0 l'\u00e9chelle 1:2, 1:3, 1:4 pour r\u00e9pondre \u00e0 diff\u00e9rents besoins, des maquettes de v\u00eatements de petite taille (1:4) aux mini-tests de conception plus grands (1:2), \u9002\u914d ing aussi bien pour les d\u00e9butants que pour les professionnels de la conception.<\/li>\n<li><strong>Hauteur r\u00e9glable<\/strong>: La hauteur de la base de chaque balance est r\u00e9glable par l'interm\u00e9diaire d'un poteau, ce qui permet de l'adapter \u00e0 diff\u00e9rentes hauteurs d'\u00e9tabli ou \u00e0 diff\u00e9rents besoins d'affichage, am\u00e9liorant ainsi son utilisation dans divers sc\u00e9narios.<\/li>\n<li><strong>Double fonction (utilit\u00e9 + d\u00e9coration)<\/strong>: Il s'agit d'un outil professionnel pour la confection, l'ajustement et le drapage. Son design simple et \u00e9l\u00e9gant en fait \u00e9galement une pi\u00e8ce d\u00e9corative de style nordique, adapt\u00e9e pour ajouter une touche de mode aux espaces.<\/li>\n<\/ul>","protected":false},"excerpt":{"rendered":"<p>Il s'agit d'une mini-forme vestimentaire masculine \u00e0 plusieurs \u00e9chelles (1:2\/1:3\/1:4, pas de taille adulte) en mousse enti\u00e8rement pinc\u00e9e, id\u00e9ale pour la couture, le drapage \u00e0 l'\u00e9cole et la conception de mini-v\u00eatements pour hommes. Caract\u00e9ristiques principales : \u00c9chelle 1:4 (27 cm de hauteur, 25,5 cm de buste et de hanches) ; 1:3 (35 cm de hauteur, 34 cm de buste et de hanches) ; 1:2 (51 cm de hauteur de torse, 50 cm de buste et de hanches). La hauteur de la base est r\u00e9glable et le socle en bois assure la stabilit\u00e9. Il peut \u00e9galement servir de d\u00e9coration de style nordique.<\/p>","protected":false},"featured_media":43696,"comment_status":"open","ping_status":"closed","template":"","meta":{"_acf_changed":false},"product_brand":[84],"product_cat":[578],"product_tag":[658,659,660,582,653,661,657,666,662,669,665,668,667,663,664],"class_list":{"0":"post-43690","1":"product","2":"type-product","3":"status-publish","4":"has-post-thumbnail","6":"product_brand-de-liang","7":"product_cat-half-scale-dress-form","8":"product_tag-12-scale-male-mannequin","9":"product_tag-13-scale-sewing-dummy","10":"product_tag-14-scale-mini-dress-form","11":"product_tag-adjustable-height-dress-form","12":"product_tag-fashion-design-mannequin","13":"product_tag-fully-pinnable-foam-mannequin","14":"product_tag-male-half-scale-dress-form","15":"product_tag-male-sewing-dress-form","16":"product_tag-male-tailor-dress-form","17":"product_tag-mens-pattern-making-dummy","18":"product_tag-mini-male-garment-dummy","19":"product_tag-multi-scale-male-dress-form","20":"product_tag-nordic-style-decorative-mannequin","21":"product_tag-school-draping-mannequin","22":"product_tag-wooden-base-dress-form","24":"first","25":"instock","26":"shipping-taxable","27":"purchasable","28":"product-type-simple"},"acf":[],"yoast_head":"<!-- This site is optimized with the Yoast SEO plugin v27.4 - https:\/\/yoast.com\/product\/yoast-seo-wordpress\/ -->\n<title>Multi-Scale Male Mini Dress Form (1:2\/1:3\/1:4) \u2013 Fully Pinnable Foam Mannequin for Draping - DE-LIANG - jewelry,clothes,watch,beauty cosmetics<\/title>\n<meta name=\"robots\" content=\"index, follow, max-snippet:-1, max-image-preview:large, max-video-preview:-1\" \/>\n<link rel=\"canonical\" href=\"https:\/\/deliangdisplay.com\/fr\/notre-produit\/affichages\/mannequins-de-vente-au-detail\/formulaire-vestimentaire-a-demi-echelle\/mannequin-en-mousse-a-echelle-variable-pour-homme-12-13-14-entierement-pinnable-pour-le-drapage\/\" \/>\n<meta property=\"og:locale\" content=\"fr_FR\" \/>\n<meta property=\"og:type\" content=\"article\" \/>\n<meta property=\"og:title\" content=\"Multi-Scale Male Mini Dress Form (1:2\/1:3\/1:4) \u2013 Fully Pinnable Foam Mannequin for Draping - DE-LIANG - jewelry,clothes,watch,beauty cosmetics\" \/>\n<meta property=\"og:description\" content=\"This is a multi-scale male mini dress form (1:2\/1:3\/1:4, not adult size) made of fully pinnable foam, ideal for tailoring, school draping, and men\u2019s mini garment design. Key specs: 1:4 scale (27cm height, 25.5cm bust\/hips); 1:3 (35cm height, 34cm bust\/hips); 1:2 (51cm torso height, 50cm bust\/hips). Base height is adjustable, with a wooden base for stability. It also works as Nordic-style decor.\" \/>\n<meta property=\"og:url\" content=\"https:\/\/deliangdisplay.com\/fr\/notre-produit\/affichages\/mannequins-de-vente-au-detail\/formulaire-vestimentaire-a-demi-echelle\/mannequin-en-mousse-a-echelle-variable-pour-homme-12-13-14-entierement-pinnable-pour-le-drapage\/\" \/>\n<meta property=\"og:site_name\" content=\"DE-LIANG - jewelry,clothes,watch,beauty cosmetics\" \/>\n<meta property=\"article:publisher\" content=\"https:\/\/www.facebook.com\/JaneZhang008\/\" \/>\n<meta property=\"og:image\" content=\"https:\/\/deliangdisplay.com\/wp-content\/uploads\/2025\/10\/1-7.webp\" \/>\n\t<meta property=\"og:image:width\" content=\"600\" \/>\n\t<meta property=\"og:image:height\" content=\"600\" \/>\n\t<meta property=\"og:image:type\" content=\"image\/webp\" \/>\n<meta name=\"twitter:card\" content=\"summary_large_image\" \/>\n<meta name=\"twitter:site\" content=\"@ly673551729\" \/>\n<meta name=\"twitter:label1\" content=\"Dur\u00e9e de lecture estim\u00e9e\" \/>\n\t<meta name=\"twitter:data1\" content=\"2 minutes\" \/>\n<script type=\"application\/ld+json\" class=\"yoast-schema-graph\">{\"@context\":\"https:\\\/\\\/schema.org\",\"@graph\":[{\"@type\":\"WebPage\",\"@id\":\"https:\\\/\\\/deliangdisplay.com\\\/our-product\\\/displays\\\/retail-mannequins\\\/half-scale-dress-form\\\/multi-scale-male-mini-dress-form-12-13-14-fully-pinnable-foam-mannequin-for-draping\\\/\",\"url\":\"https:\\\/\\\/deliangdisplay.com\\\/our-product\\\/displays\\\/retail-mannequins\\\/half-scale-dress-form\\\/multi-scale-male-mini-dress-form-12-13-14-fully-pinnable-foam-mannequin-for-draping\\\/\",\"name\":\"Multi-Scale Male Mini Dress Form (1:2\\\/1:3\\\/1:4) \u2013 Fully Pinnable Foam Mannequin for Draping - DE-LIANG - jewelry,clothes,watch,beauty cosmetics\",\"isPartOf\":{\"@id\":\"https:\\\/\\\/deliangdisplay.com\\\/#website\"},\"primaryImageOfPage\":{\"@id\":\"https:\\\/\\\/deliangdisplay.com\\\/our-product\\\/displays\\\/retail-mannequins\\\/half-scale-dress-form\\\/multi-scale-male-mini-dress-form-12-13-14-fully-pinnable-foam-mannequin-for-draping\\\/#primaryimage\"},\"image\":{\"@id\":\"https:\\\/\\\/deliangdisplay.com\\\/our-product\\\/displays\\\/retail-mannequins\\\/half-scale-dress-form\\\/multi-scale-male-mini-dress-form-12-13-14-fully-pinnable-foam-mannequin-for-draping\\\/#primaryimage\"},\"thumbnailUrl\":\"https:\\\/\\\/deliangdisplay.com\\\/wp-content\\\/uploads\\\/2025\\\/10\\\/1-7.webp\",\"datePublished\":\"2025-10-21T03:24:12+00:00\",\"breadcrumb\":{\"@id\":\"https:\\\/\\\/deliangdisplay.com\\\/our-product\\\/displays\\\/retail-mannequins\\\/half-scale-dress-form\\\/multi-scale-male-mini-dress-form-12-13-14-fully-pinnable-foam-mannequin-for-draping\\\/#breadcrumb\"},\"inLanguage\":\"fr-FR\",\"potentialAction\":[{\"@type\":\"ReadAction\",\"target\":[\"https:\\\/\\\/deliangdisplay.com\\\/our-product\\\/displays\\\/retail-mannequins\\\/half-scale-dress-form\\\/multi-scale-male-mini-dress-form-12-13-14-fully-pinnable-foam-mannequin-for-draping\\\/\"]}]},{\"@type\":\"ImageObject\",\"inLanguage\":\"fr-FR\",\"@id\":\"https:\\\/\\\/deliangdisplay.com\\\/our-product\\\/displays\\\/retail-mannequins\\\/half-scale-dress-form\\\/multi-scale-male-mini-dress-form-12-13-14-fully-pinnable-foam-mannequin-for-draping\\\/#primaryimage\",\"url\":\"https:\\\/\\\/deliangdisplay.com\\\/wp-content\\\/uploads\\\/2025\\\/10\\\/1-7.webp\",\"contentUrl\":\"https:\\\/\\\/deliangdisplay.com\\\/wp-content\\\/uploads\\\/2025\\\/10\\\/1-7.webp\",\"width\":600,\"height\":600},{\"@type\":\"BreadcrumbList\",\"@id\":\"https:\\\/\\\/deliangdisplay.com\\\/our-product\\\/displays\\\/retail-mannequins\\\/half-scale-dress-form\\\/multi-scale-male-mini-dress-form-12-13-14-fully-pinnable-foam-mannequin-for-draping\\\/#breadcrumb\",\"itemListElement\":[{\"@type\":\"ListItem\",\"position\":1,\"name\":\"\u9996\u9875\",\"item\":\"https:\\\/\\\/deliangdisplay.com\\\/\"},{\"@type\":\"ListItem\",\"position\":2,\"name\":\"Our Product\",\"item\":\"https:\\\/\\\/deliangdisplay.com\\\/our-product\\\/\"},{\"@type\":\"ListItem\",\"position\":3,\"name\":\"Multi-Scale Male Mini Dress Form (1:2\\\/1:3\\\/1:4) \u2013 Fully Pinnable Foam Mannequin for Draping\"}]},{\"@type\":\"WebSite\",\"@id\":\"https:\\\/\\\/deliangdisplay.com\\\/#website\",\"url\":\"https:\\\/\\\/deliangdisplay.com\\\/\",\"name\":\"deliangdisplay.com\",\"description\":\"DE-LIANG - Providing bespoke packaging solutions and luxurious display design services for brands in jewelry, apparel, watches, beauty cosmetics, and more.\",\"publisher\":{\"@id\":\"https:\\\/\\\/deliangdisplay.com\\\/#organization\"},\"potentialAction\":[{\"@type\":\"SearchAction\",\"target\":{\"@type\":\"EntryPoint\",\"urlTemplate\":\"https:\\\/\\\/deliangdisplay.com\\\/?s={search_term_string}\"},\"query-input\":{\"@type\":\"PropertyValueSpecification\",\"valueRequired\":true,\"valueName\":\"search_term_string\"}}],\"inLanguage\":\"fr-FR\"},{\"@type\":\"Organization\",\"@id\":\"https:\\\/\\\/deliangdisplay.com\\\/#organization\",\"name\":\"deliangdisplay.com\",\"url\":\"https:\\\/\\\/deliangdisplay.com\\\/\",\"logo\":{\"@type\":\"ImageObject\",\"inLanguage\":\"fr-FR\",\"@id\":\"https:\\\/\\\/deliangdisplay.com\\\/#\\\/schema\\\/logo\\\/image\\\/\",\"url\":\"https:\\\/\\\/deliangdisplay.com\\\/wp-content\\\/uploads\\\/2025\\\/08\\\/DELIANGDISPALY_logo.png\",\"contentUrl\":\"https:\\\/\\\/deliangdisplay.com\\\/wp-content\\\/uploads\\\/2025\\\/08\\\/DELIANGDISPALY_logo.png\",\"width\":300,\"height\":130,\"caption\":\"deliangdisplay.com\"},\"image\":{\"@id\":\"https:\\\/\\\/deliangdisplay.com\\\/#\\\/schema\\\/logo\\\/image\\\/\"},\"sameAs\":[\"https:\\\/\\\/www.facebook.com\\\/JaneZhang008\\\/\",\"https:\\\/\\\/x.com\\\/ly673551729\"]}]}<\/script>\n<!-- \/ Yoast SEO plugin. -->","yoast_head_json":{"title":"Mini-mod\u00e8le masculin multi\u00e9chelle (1:2\/1:3\/1:4) - Mannequin en mousse enti\u00e8rement pinnable pour le drapage - DE-LIANG - bijouterie,joaillerie,horlogerie,beaut\u00e9,cosm\u00e9tique","robots":{"index":"index","follow":"follow","max-snippet":"max-snippet:-1","max-image-preview":"max-image-preview:large","max-video-preview":"max-video-preview:-1"},"canonical":"https:\/\/deliangdisplay.com\/fr\/notre-produit\/affichages\/mannequins-de-vente-au-detail\/formulaire-vestimentaire-a-demi-echelle\/mannequin-en-mousse-a-echelle-variable-pour-homme-12-13-14-entierement-pinnable-pour-le-drapage\/","og_locale":"fr_FR","og_type":"article","og_title":"Multi-Scale Male Mini Dress Form (1:2\/1:3\/1:4) \u2013 Fully Pinnable Foam Mannequin for Draping - DE-LIANG - jewelry,clothes,watch,beauty cosmetics","og_description":"This is a multi-scale male mini dress form (1:2\/1:3\/1:4, not adult size) made of fully pinnable foam, ideal for tailoring, school draping, and men\u2019s mini garment design. Key specs: 1:4 scale (27cm height, 25.5cm bust\/hips); 1:3 (35cm height, 34cm bust\/hips); 1:2 (51cm torso height, 50cm bust\/hips). Base height is adjustable, with a wooden base for stability. It also works as Nordic-style decor.","og_url":"https:\/\/deliangdisplay.com\/fr\/notre-produit\/affichages\/mannequins-de-vente-au-detail\/formulaire-vestimentaire-a-demi-echelle\/mannequin-en-mousse-a-echelle-variable-pour-homme-12-13-14-entierement-pinnable-pour-le-drapage\/","og_site_name":"DE-LIANG - jewelry,clothes,watch,beauty cosmetics","article_publisher":"https:\/\/www.facebook.com\/JaneZhang008\/","og_image":[{"width":600,"height":600,"url":"https:\/\/deliangdisplay.com\/wp-content\/uploads\/2025\/10\/1-7.webp","type":"image\/webp"}],"twitter_card":"summary_large_image","twitter_site":"@ly673551729","twitter_misc":{"Dur\u00e9e de lecture estim\u00e9e":"2 minutes"},"schema":{"@context":"https:\/\/schema.org","@graph":[{"@type":"WebPage","@id":"https:\/\/deliangdisplay.com\/our-product\/displays\/retail-mannequins\/half-scale-dress-form\/multi-scale-male-mini-dress-form-12-13-14-fully-pinnable-foam-mannequin-for-draping\/","url":"https:\/\/deliangdisplay.com\/our-product\/displays\/retail-mannequins\/half-scale-dress-form\/multi-scale-male-mini-dress-form-12-13-14-fully-pinnable-foam-mannequin-for-draping\/","name":"Mini-mod\u00e8le masculin multi\u00e9chelle (1:2\/1:3\/1:4) - Mannequin en mousse enti\u00e8rement pinnable pour le drapage - DE-LIANG - bijouterie,joaillerie,horlogerie,beaut\u00e9,cosm\u00e9tique","isPartOf":{"@id":"https:\/\/deliangdisplay.com\/#website"},"primaryImageOfPage":{"@id":"https:\/\/deliangdisplay.com\/our-product\/displays\/retail-mannequins\/half-scale-dress-form\/multi-scale-male-mini-dress-form-12-13-14-fully-pinnable-foam-mannequin-for-draping\/#primaryimage"},"image":{"@id":"https:\/\/deliangdisplay.com\/our-product\/displays\/retail-mannequins\/half-scale-dress-form\/multi-scale-male-mini-dress-form-12-13-14-fully-pinnable-foam-mannequin-for-draping\/#primaryimage"},"thumbnailUrl":"https:\/\/deliangdisplay.com\/wp-content\/uploads\/2025\/10\/1-7.webp","datePublished":"2025-10-21T03:24:12+00:00","breadcrumb":{"@id":"https:\/\/deliangdisplay.com\/our-product\/displays\/retail-mannequins\/half-scale-dress-form\/multi-scale-male-mini-dress-form-12-13-14-fully-pinnable-foam-mannequin-for-draping\/#breadcrumb"},"inLanguage":"fr-FR","potentialAction":[{"@type":"ReadAction","target":["https:\/\/deliangdisplay.com\/our-product\/displays\/retail-mannequins\/half-scale-dress-form\/multi-scale-male-mini-dress-form-12-13-14-fully-pinnable-foam-mannequin-for-draping\/"]}]},{"@type":"ImageObject","inLanguage":"fr-FR","@id":"https:\/\/deliangdisplay.com\/our-product\/displays\/retail-mannequins\/half-scale-dress-form\/multi-scale-male-mini-dress-form-12-13-14-fully-pinnable-foam-mannequin-for-draping\/#primaryimage","url":"https:\/\/deliangdisplay.com\/wp-content\/uploads\/2025\/10\/1-7.webp","contentUrl":"https:\/\/deliangdisplay.com\/wp-content\/uploads\/2025\/10\/1-7.webp","width":600,"height":600},{"@type":"BreadcrumbList","@id":"https:\/\/deliangdisplay.com\/our-product\/displays\/retail-mannequins\/half-scale-dress-form\/multi-scale-male-mini-dress-form-12-13-14-fully-pinnable-foam-mannequin-for-draping\/#breadcrumb","itemListElement":[{"@type":"ListItem","position":1,"name":"\u9996\u9875","item":"https:\/\/deliangdisplay.com\/"},{"@type":"ListItem","position":2,"name":"Our Product","item":"https:\/\/deliangdisplay.com\/our-product\/"},{"@type":"ListItem","position":3,"name":"Multi-Scale Male Mini Dress Form (1:2\/1:3\/1:4) \u2013 Fully Pinnable Foam Mannequin for Draping"}]},{"@type":"WebSite","@id":"https:\/\/deliangdisplay.com\/#website","url":"https:\/\/deliangdisplay.com\/","name":"deliangdisplay.com","description":"DE-LIANG - Fournit des solutions d'emballage sur mesure et des services de conception de pr\u00e9sentoirs luxueux pour les marques de bijoux, de v\u00eatements, de montres, de produits de beaut\u00e9 et de cosm\u00e9tiques, et plus encore.","publisher":{"@id":"https:\/\/deliangdisplay.com\/#organization"},"potentialAction":[{"@type":"SearchAction","target":{"@type":"EntryPoint","urlTemplate":"https:\/\/deliangdisplay.com\/?s={search_term_string}"},"query-input":{"@type":"PropertyValueSpecification","valueRequired":true,"valueName":"search_term_string"}}],"inLanguage":"fr-FR"},{"@type":"Organization","@id":"https:\/\/deliangdisplay.com\/#organization","name":"deliangdisplay.com","url":"https:\/\/deliangdisplay.com\/","logo":{"@type":"ImageObject","inLanguage":"fr-FR","@id":"https:\/\/deliangdisplay.com\/#\/schema\/logo\/image\/","url":"https:\/\/deliangdisplay.com\/wp-content\/uploads\/2025\/08\/DELIANGDISPALY_logo.png","contentUrl":"https:\/\/deliangdisplay.com\/wp-content\/uploads\/2025\/08\/DELIANGDISPALY_logo.png","width":300,"height":130,"caption":"deliangdisplay.com"},"image":{"@id":"https:\/\/deliangdisplay.com\/#\/schema\/logo\/image\/"},"sameAs":["https:\/\/www.facebook.com\/JaneZhang008\/","https:\/\/x.com\/ly673551729"]}]}},"_links":{"self":[{"href":"https:\/\/deliangdisplay.com\/fr\/wp-json\/wp\/v2\/product\/43690","targetHints":{"allow":["GET"]}}],"collection":[{"href":"https:\/\/deliangdisplay.com\/fr\/wp-json\/wp\/v2\/product"}],"about":[{"href":"https:\/\/deliangdisplay.com\/fr\/wp-json\/wp\/v2\/types\/product"}],"replies":[{"embeddable":true,"href":"https:\/\/deliangdisplay.com\/fr\/wp-json\/wp\/v2\/comments?post=43690"}],"wp:featuredmedia":[{"embeddable":true,"href":"https:\/\/deliangdisplay.com\/fr\/wp-json\/wp\/v2\/media\/43696"}],"wp:attachment":[{"href":"https:\/\/deliangdisplay.com\/fr\/wp-json\/wp\/v2\/media?parent=43690"}],"wp:term":[{"taxonomy":"product_brand","embeddable":true,"href":"https:\/\/deliangdisplay.com\/fr\/wp-json\/wp\/v2\/product_brand?post=43690"},{"taxonomy":"product_cat","embeddable":true,"href":"https:\/\/deliangdisplay.com\/fr\/wp-json\/wp\/v2\/product_cat?post=43690"},{"taxonomy":"product_tag","embeddable":true,"href":"https:\/\/deliangdisplay.com\/fr\/wp-json\/wp\/v2\/product_tag?post=43690"}],"curies":[{"name":"wp","href":"https:\/\/api.w.org\/{rel}","templated":true}]}}