{"id":43680,"date":"2025-10-21T11:18:14","date_gmt":"2025-10-21T03:18:14","guid":{"rendered":"https:\/\/deliangdisplay.com\/?post_type=product&#038;p=43680"},"modified":"2025-10-21T11:18:15","modified_gmt":"2025-10-21T03:18:15","slug":"12-mannequins-miniatures-de-taille-6-en-metal-pour-les-createurs-de-mode","status":"publish","type":"product","link":"https:\/\/deliangdisplay.com\/fr\/notre-produit\/affichages\/mannequins-de-vente-au-detail\/formulaire-vestimentaire-a-demi-echelle\/12-mannequins-miniatures-de-taille-6-en-metal-pour-les-createurs-de-mode\/","title":{"rendered":"1:2 Miniature UK Size 6 Dress Form - Metal Base Torso Mannequin for Fashion Designers"},"content":{"rendered":"<h3 class=\"header-iWP5WJ auto-hide-last-sibling-br\">Aper\u00e7u du produit<\/h3>\n<div class=\"auto-hide-last-sibling-br paragraph-pP9ZLC paragraph-element br-paragraph-space\">Il s'agit d'un\u00a0<strong>Formulaire d'habillage du torse f\u00e9minin \u00e0 l'\u00e9chelle 1:2<\/strong>\u00a0(pas la taille adulte, UK Size 6) con\u00e7u pour la couture, l'essayage, le drapage, le mod\u00e9lisme et la conception de mini-v\u00eatements. Il aide les cr\u00e9ateurs de mode, les tailleurs et les \u00e9tudiants en design \u00e0 \u00e9conomiser du tissu et du temps en permettant des essais et des ajustements r\u00e9p\u00e9t\u00e9s des styles de v\u00eatements. Au-del\u00e0 de sa fonctionnalit\u00e9, il sert \u00e9galement de pi\u00e8ce d\u00e9corative pour les vitrines ou les projets d'artisanat des enfants, alliant l'aspect pratique \u00e0 la valeur esth\u00e9tique.<\/div>\n<h3 class=\"header-iWP5WJ auto-hide-last-sibling-br\">Principales sp\u00e9cifications<\/h3>\n<ul class=\"auto-hide-last-sibling-br\">\n<li><strong>D\u00e9tails de la taille<\/strong>\n<ul class=\"auto-hide-last-sibling-br\">\n<li>Taille 6 : hauteur du corps 43 cm, largeur des \u00e9paules 19,5 cm, buste 42,5 cm, taille 33,5 cm, hanches 45,5 cm ; fabrication artisanale avec une tol\u00e9rance de \u00b10,5 cm.<\/li>\n<li>Autres tailles disponibles : UK Taille 8, 10, 12, 14, 16, 18, 20.<\/li>\n<li>Bras souples (compatibles) : Longueur 30 cm, tour de bras 13 cm, tour de coude 12 cm, tour de poignet 9 cm.<\/li>\n<\/ul>\n<\/li>\n<li><strong>Hauteur r\u00e9glable<\/strong>: La hauteur totale se r\u00e8gle de 47 cm \u00e0 79 cm en tournant une vis ; la base est un support m\u00e9tallique rond noir d'un diam\u00e8tre de 17 cm.<\/li>\n<li><strong>Mat\u00e9riaux<\/strong>: Torse en fibre de verre (avec rembourrage int\u00e9gral en coton), envelopp\u00e9 de tissu ; couvre-cou\/\u00e9paules et base\/poteau en m\u00e9tal noir.<\/li>\n<\/ul>\n<h3 class=\"header-iWP5WJ auto-hide-last-sibling-br\">Caract\u00e9ristiques principales<\/h3>\n<ul class=\"auto-hide-last-sibling-br\">\n<li><strong>Conception semi-pivotante<\/strong>: Peut \u00eatre \u00e9pingl\u00e9 \u00e0 un angle (pas compl\u00e8tement \u00e9pinglable en raison du mat\u00e9riau en fibre de verre) pour fixer le tissu pendant le drapage, la couture ou l'essayage, ce qui garantit des ajustements pr\u00e9cis du v\u00eatement.<\/li>\n<li><strong>Durable et stable<\/strong>: Les couvercles m\u00e9talliques noirs pour le cou et les \u00e9paules prot\u00e8gent la forme pendant le transport ; la base m\u00e9tallique offre une grande stabilit\u00e9, emp\u00eachant le basculement pendant le travail sur les dessins.<\/li>\n<li><strong>Adaptabilit\u00e9 multi-sc\u00e8ne<\/strong>: Outil professionnel pour la conception de v\u00eatements (d\u00e9coupe, cr\u00e9ation de gabarits) et pi\u00e8ce d\u00e9corative pour les vitrines ou les travaux manuels des enfants ; convient \u00e9galement pour mettre en valeur des \u00e9charpes, des bijoux ou des boutons.<\/li>\n<li><strong>Ajustement convivial<\/strong>: La hauteur est facilement r\u00e9glable \u00e0 l'aide d'une vis, ce qui permet de l'adapter \u00e0 diff\u00e9rentes hauteurs d'\u00e9tabli ou \u00e0 diff\u00e9rents besoins de conception.<\/li>\n<\/ul>","protected":false},"excerpt":{"rendered":"<p>Il s'agit d'une forme de robe de torse f\u00e9minin \u00e0 l'\u00e9chelle 1:2 (taille 6 au Royaume-Uni, pas de taille adulte) pour la couture, le drapage et le mod\u00e9lisme. Caract\u00e9ristiques principales : Hauteur du corps 43cm, \u00e9paule 19.5cm, buste 42.5cm, taille 33.5cm, hanches 45.5cm. La hauteur totale est ajustable de 47 \u00e0 79 cm gr\u00e2ce \u00e0 une vis. Fabriqu\u00e9 en fibre de verre (rembourr\u00e9 de coton) avec du tissu, il a une base m\u00e9tallique de 17 cm, est semi-pin\u00e7able (\u00e9pingles \u00e0 un angle), fonctionne avec des bras souples - les concepteurs de costumes, les tailleurs, et m\u00eame la d\u00e9coration \/ l'artisanat.<\/p>","protected":false},"featured_media":43689,"comment_status":"open","ping_status":"closed","template":"","meta":{"_acf_changed":false},"product_brand":[84],"product_cat":[578],"product_tag":[579,651,582,655,619,653,616,586,656,587,609,652,649,650,654],"class_list":{"0":"post-43680","1":"product","2":"type-product","3":"status-publish","4":"has-post-thumbnail","6":"product_brand-de-liang","7":"product_cat-half-scale-dress-form","8":"product_tag-12-half-scale-dress-form","9":"product_tag-43cm-height-dress-form","10":"product_tag-adjustable-height-dress-form","11":"product_tag-decorative-sewing-mannequin","12":"product_tag-draping-practice-dress-form","13":"product_tag-fashion-design-mannequin","14":"product_tag-female-tailor-mannequin","15":"product_tag-fiberglass-dress-form","16":"product_tag-half-scale-female-dress-form","17":"product_tag-metal-base-dress-form","18":"product_tag-mini-garment-design-dummy","19":"product_tag-semi-pinnable-sewing-dummy","20":"product_tag-soft-arm-compatible-dress-form","21":"product_tag-uk-size-6-female-torso-mannequin","22":"product_tag-uk-size-6-20-dress-form","24":"first","25":"instock","26":"shipping-taxable","27":"purchasable","28":"product-type-simple"},"acf":[],"yoast_head":"<!-- This site is optimized with the Yoast SEO plugin v27.4 - https:\/\/yoast.com\/product\/yoast-seo-wordpress\/ -->\n<title>1:2 Miniature UK Size 6 Dress Form \u2013 Metal Base Torso Mannequin for Fashion Designers - DE-LIANG - jewelry,clothes,watch,beauty cosmetics<\/title>\n<meta name=\"robots\" content=\"index, follow, max-snippet:-1, max-image-preview:large, max-video-preview:-1\" \/>\n<link rel=\"canonical\" href=\"https:\/\/deliangdisplay.com\/fr\/notre-produit\/affichages\/mannequins-de-vente-au-detail\/formulaire-vestimentaire-a-demi-echelle\/12-mannequins-miniatures-de-taille-6-en-metal-pour-les-createurs-de-mode\/\" \/>\n<meta property=\"og:locale\" content=\"fr_FR\" \/>\n<meta property=\"og:type\" content=\"article\" \/>\n<meta property=\"og:title\" content=\"1:2 Miniature UK Size 6 Dress Form \u2013 Metal Base Torso Mannequin for Fashion Designers - DE-LIANG - jewelry,clothes,watch,beauty cosmetics\" \/>\n<meta property=\"og:description\" content=\"This is a 1:2 half-scale female torso dress form (UK Size 6, not adult size) for sewing, draping, and pattern making. Key specs: 43cm body height, 19.5cm shoulder, 42.5cm bust, 33.5cm waist, 45.5cm hips. Total height adjusts 47\u201379cm via a screw. Made of fiberglass (cotton-padded) with fabric, it has a 17cm metal base, is semi-pinnable (pins at an angle), works with soft arms\u2014suits designers, tailors, and even decor\/crafts.\" \/>\n<meta property=\"og:url\" content=\"https:\/\/deliangdisplay.com\/fr\/notre-produit\/affichages\/mannequins-de-vente-au-detail\/formulaire-vestimentaire-a-demi-echelle\/12-mannequins-miniatures-de-taille-6-en-metal-pour-les-createurs-de-mode\/\" \/>\n<meta property=\"og:site_name\" content=\"DE-LIANG - jewelry,clothes,watch,beauty cosmetics\" \/>\n<meta property=\"article:publisher\" content=\"https:\/\/www.facebook.com\/JaneZhang008\/\" \/>\n<meta property=\"article:modified_time\" content=\"2025-10-21T03:18:15+00:00\" \/>\n<meta property=\"og:image\" content=\"https:\/\/deliangdisplay.com\/wp-content\/uploads\/2025\/10\/3-6.webp\" \/>\n\t<meta property=\"og:image:width\" content=\"600\" \/>\n\t<meta property=\"og:image:height\" content=\"600\" \/>\n\t<meta property=\"og:image:type\" content=\"image\/webp\" \/>\n<meta name=\"twitter:card\" content=\"summary_large_image\" \/>\n<meta name=\"twitter:site\" content=\"@ly673551729\" \/>\n<meta name=\"twitter:label1\" content=\"Dur\u00e9e de lecture estim\u00e9e\" \/>\n\t<meta name=\"twitter:data1\" content=\"2 minutes\" \/>\n<script type=\"application\/ld+json\" class=\"yoast-schema-graph\">{\"@context\":\"https:\\\/\\\/schema.org\",\"@graph\":[{\"@type\":\"WebPage\",\"@id\":\"https:\\\/\\\/deliangdisplay.com\\\/our-product\\\/displays\\\/retail-mannequins\\\/half-scale-dress-form\\\/12-miniature-uk-size-6-dress-form-metal-base-torso-mannequin-for-fashion-designers\\\/\",\"url\":\"https:\\\/\\\/deliangdisplay.com\\\/our-product\\\/displays\\\/retail-mannequins\\\/half-scale-dress-form\\\/12-miniature-uk-size-6-dress-form-metal-base-torso-mannequin-for-fashion-designers\\\/\",\"name\":\"1:2 Miniature UK Size 6 Dress Form \u2013 Metal Base Torso Mannequin for Fashion Designers - DE-LIANG - jewelry,clothes,watch,beauty cosmetics\",\"isPartOf\":{\"@id\":\"https:\\\/\\\/deliangdisplay.com\\\/#website\"},\"primaryImageOfPage\":{\"@id\":\"https:\\\/\\\/deliangdisplay.com\\\/our-product\\\/displays\\\/retail-mannequins\\\/half-scale-dress-form\\\/12-miniature-uk-size-6-dress-form-metal-base-torso-mannequin-for-fashion-designers\\\/#primaryimage\"},\"image\":{\"@id\":\"https:\\\/\\\/deliangdisplay.com\\\/our-product\\\/displays\\\/retail-mannequins\\\/half-scale-dress-form\\\/12-miniature-uk-size-6-dress-form-metal-base-torso-mannequin-for-fashion-designers\\\/#primaryimage\"},\"thumbnailUrl\":\"https:\\\/\\\/deliangdisplay.com\\\/wp-content\\\/uploads\\\/2025\\\/10\\\/3-6.webp\",\"datePublished\":\"2025-10-21T03:18:14+00:00\",\"dateModified\":\"2025-10-21T03:18:15+00:00\",\"breadcrumb\":{\"@id\":\"https:\\\/\\\/deliangdisplay.com\\\/our-product\\\/displays\\\/retail-mannequins\\\/half-scale-dress-form\\\/12-miniature-uk-size-6-dress-form-metal-base-torso-mannequin-for-fashion-designers\\\/#breadcrumb\"},\"inLanguage\":\"fr-FR\",\"potentialAction\":[{\"@type\":\"ReadAction\",\"target\":[\"https:\\\/\\\/deliangdisplay.com\\\/our-product\\\/displays\\\/retail-mannequins\\\/half-scale-dress-form\\\/12-miniature-uk-size-6-dress-form-metal-base-torso-mannequin-for-fashion-designers\\\/\"]}]},{\"@type\":\"ImageObject\",\"inLanguage\":\"fr-FR\",\"@id\":\"https:\\\/\\\/deliangdisplay.com\\\/our-product\\\/displays\\\/retail-mannequins\\\/half-scale-dress-form\\\/12-miniature-uk-size-6-dress-form-metal-base-torso-mannequin-for-fashion-designers\\\/#primaryimage\",\"url\":\"https:\\\/\\\/deliangdisplay.com\\\/wp-content\\\/uploads\\\/2025\\\/10\\\/3-6.webp\",\"contentUrl\":\"https:\\\/\\\/deliangdisplay.com\\\/wp-content\\\/uploads\\\/2025\\\/10\\\/3-6.webp\",\"width\":600,\"height\":600},{\"@type\":\"BreadcrumbList\",\"@id\":\"https:\\\/\\\/deliangdisplay.com\\\/our-product\\\/displays\\\/retail-mannequins\\\/half-scale-dress-form\\\/12-miniature-uk-size-6-dress-form-metal-base-torso-mannequin-for-fashion-designers\\\/#breadcrumb\",\"itemListElement\":[{\"@type\":\"ListItem\",\"position\":1,\"name\":\"\u9996\u9875\",\"item\":\"https:\\\/\\\/deliangdisplay.com\\\/\"},{\"@type\":\"ListItem\",\"position\":2,\"name\":\"Our Product\",\"item\":\"https:\\\/\\\/deliangdisplay.com\\\/our-product\\\/\"},{\"@type\":\"ListItem\",\"position\":3,\"name\":\"1:2 Miniature UK Size 6 Dress Form \u2013 Metal Base Torso Mannequin for Fashion Designers\"}]},{\"@type\":\"WebSite\",\"@id\":\"https:\\\/\\\/deliangdisplay.com\\\/#website\",\"url\":\"https:\\\/\\\/deliangdisplay.com\\\/\",\"name\":\"deliangdisplay.com\",\"description\":\"DE-LIANG - Providing bespoke packaging solutions and luxurious display design services for brands in jewelry, apparel, watches, beauty cosmetics, and more.\",\"publisher\":{\"@id\":\"https:\\\/\\\/deliangdisplay.com\\\/#organization\"},\"potentialAction\":[{\"@type\":\"SearchAction\",\"target\":{\"@type\":\"EntryPoint\",\"urlTemplate\":\"https:\\\/\\\/deliangdisplay.com\\\/?s={search_term_string}\"},\"query-input\":{\"@type\":\"PropertyValueSpecification\",\"valueRequired\":true,\"valueName\":\"search_term_string\"}}],\"inLanguage\":\"fr-FR\"},{\"@type\":\"Organization\",\"@id\":\"https:\\\/\\\/deliangdisplay.com\\\/#organization\",\"name\":\"deliangdisplay.com\",\"url\":\"https:\\\/\\\/deliangdisplay.com\\\/\",\"logo\":{\"@type\":\"ImageObject\",\"inLanguage\":\"fr-FR\",\"@id\":\"https:\\\/\\\/deliangdisplay.com\\\/#\\\/schema\\\/logo\\\/image\\\/\",\"url\":\"https:\\\/\\\/deliangdisplay.com\\\/wp-content\\\/uploads\\\/2025\\\/08\\\/DELIANGDISPALY_logo.png\",\"contentUrl\":\"https:\\\/\\\/deliangdisplay.com\\\/wp-content\\\/uploads\\\/2025\\\/08\\\/DELIANGDISPALY_logo.png\",\"width\":300,\"height\":130,\"caption\":\"deliangdisplay.com\"},\"image\":{\"@id\":\"https:\\\/\\\/deliangdisplay.com\\\/#\\\/schema\\\/logo\\\/image\\\/\"},\"sameAs\":[\"https:\\\/\\\/www.facebook.com\\\/JaneZhang008\\\/\",\"https:\\\/\\\/x.com\\\/ly673551729\"]}]}<\/script>\n<!-- \/ Yoast SEO plugin. -->","yoast_head_json":{"title":"1:2 Miniature UK Size 6 Dress Form - Metal Base Torso Mannequin for Fashion Designers - DE-LIANG - jewelry,clothes,watch,beauty cosmetics","robots":{"index":"index","follow":"follow","max-snippet":"max-snippet:-1","max-image-preview":"max-image-preview:large","max-video-preview":"max-video-preview:-1"},"canonical":"https:\/\/deliangdisplay.com\/fr\/notre-produit\/affichages\/mannequins-de-vente-au-detail\/formulaire-vestimentaire-a-demi-echelle\/12-mannequins-miniatures-de-taille-6-en-metal-pour-les-createurs-de-mode\/","og_locale":"fr_FR","og_type":"article","og_title":"1:2 Miniature UK Size 6 Dress Form \u2013 Metal Base Torso Mannequin for Fashion Designers - DE-LIANG - jewelry,clothes,watch,beauty cosmetics","og_description":"This is a 1:2 half-scale female torso dress form (UK Size 6, not adult size) for sewing, draping, and pattern making. Key specs: 43cm body height, 19.5cm shoulder, 42.5cm bust, 33.5cm waist, 45.5cm hips. Total height adjusts 47\u201379cm via a screw. Made of fiberglass (cotton-padded) with fabric, it has a 17cm metal base, is semi-pinnable (pins at an angle), works with soft arms\u2014suits designers, tailors, and even decor\/crafts.","og_url":"https:\/\/deliangdisplay.com\/fr\/notre-produit\/affichages\/mannequins-de-vente-au-detail\/formulaire-vestimentaire-a-demi-echelle\/12-mannequins-miniatures-de-taille-6-en-metal-pour-les-createurs-de-mode\/","og_site_name":"DE-LIANG - jewelry,clothes,watch,beauty cosmetics","article_publisher":"https:\/\/www.facebook.com\/JaneZhang008\/","article_modified_time":"2025-10-21T03:18:15+00:00","og_image":[{"width":600,"height":600,"url":"https:\/\/deliangdisplay.com\/wp-content\/uploads\/2025\/10\/3-6.webp","type":"image\/webp"}],"twitter_card":"summary_large_image","twitter_site":"@ly673551729","twitter_misc":{"Dur\u00e9e de lecture estim\u00e9e":"2 minutes"},"schema":{"@context":"https:\/\/schema.org","@graph":[{"@type":"WebPage","@id":"https:\/\/deliangdisplay.com\/our-product\/displays\/retail-mannequins\/half-scale-dress-form\/12-miniature-uk-size-6-dress-form-metal-base-torso-mannequin-for-fashion-designers\/","url":"https:\/\/deliangdisplay.com\/our-product\/displays\/retail-mannequins\/half-scale-dress-form\/12-miniature-uk-size-6-dress-form-metal-base-torso-mannequin-for-fashion-designers\/","name":"1:2 Miniature UK Size 6 Dress Form - Metal Base Torso Mannequin for Fashion Designers - DE-LIANG - jewelry,clothes,watch,beauty cosmetics","isPartOf":{"@id":"https:\/\/deliangdisplay.com\/#website"},"primaryImageOfPage":{"@id":"https:\/\/deliangdisplay.com\/our-product\/displays\/retail-mannequins\/half-scale-dress-form\/12-miniature-uk-size-6-dress-form-metal-base-torso-mannequin-for-fashion-designers\/#primaryimage"},"image":{"@id":"https:\/\/deliangdisplay.com\/our-product\/displays\/retail-mannequins\/half-scale-dress-form\/12-miniature-uk-size-6-dress-form-metal-base-torso-mannequin-for-fashion-designers\/#primaryimage"},"thumbnailUrl":"https:\/\/deliangdisplay.com\/wp-content\/uploads\/2025\/10\/3-6.webp","datePublished":"2025-10-21T03:18:14+00:00","dateModified":"2025-10-21T03:18:15+00:00","breadcrumb":{"@id":"https:\/\/deliangdisplay.com\/our-product\/displays\/retail-mannequins\/half-scale-dress-form\/12-miniature-uk-size-6-dress-form-metal-base-torso-mannequin-for-fashion-designers\/#breadcrumb"},"inLanguage":"fr-FR","potentialAction":[{"@type":"ReadAction","target":["https:\/\/deliangdisplay.com\/our-product\/displays\/retail-mannequins\/half-scale-dress-form\/12-miniature-uk-size-6-dress-form-metal-base-torso-mannequin-for-fashion-designers\/"]}]},{"@type":"ImageObject","inLanguage":"fr-FR","@id":"https:\/\/deliangdisplay.com\/our-product\/displays\/retail-mannequins\/half-scale-dress-form\/12-miniature-uk-size-6-dress-form-metal-base-torso-mannequin-for-fashion-designers\/#primaryimage","url":"https:\/\/deliangdisplay.com\/wp-content\/uploads\/2025\/10\/3-6.webp","contentUrl":"https:\/\/deliangdisplay.com\/wp-content\/uploads\/2025\/10\/3-6.webp","width":600,"height":600},{"@type":"BreadcrumbList","@id":"https:\/\/deliangdisplay.com\/our-product\/displays\/retail-mannequins\/half-scale-dress-form\/12-miniature-uk-size-6-dress-form-metal-base-torso-mannequin-for-fashion-designers\/#breadcrumb","itemListElement":[{"@type":"ListItem","position":1,"name":"\u9996\u9875","item":"https:\/\/deliangdisplay.com\/"},{"@type":"ListItem","position":2,"name":"Our Product","item":"https:\/\/deliangdisplay.com\/our-product\/"},{"@type":"ListItem","position":3,"name":"1:2 Miniature UK Size 6 Dress Form \u2013 Metal Base Torso Mannequin for Fashion Designers"}]},{"@type":"WebSite","@id":"https:\/\/deliangdisplay.com\/#website","url":"https:\/\/deliangdisplay.com\/","name":"deliangdisplay.com","description":"DE-LIANG - Fournit des solutions d'emballage sur mesure et des services de conception de pr\u00e9sentoirs luxueux pour les marques de bijoux, de v\u00eatements, de montres, de produits de beaut\u00e9 et de cosm\u00e9tiques, et plus encore.","publisher":{"@id":"https:\/\/deliangdisplay.com\/#organization"},"potentialAction":[{"@type":"SearchAction","target":{"@type":"EntryPoint","urlTemplate":"https:\/\/deliangdisplay.com\/?s={search_term_string}"},"query-input":{"@type":"PropertyValueSpecification","valueRequired":true,"valueName":"search_term_string"}}],"inLanguage":"fr-FR"},{"@type":"Organization","@id":"https:\/\/deliangdisplay.com\/#organization","name":"deliangdisplay.com","url":"https:\/\/deliangdisplay.com\/","logo":{"@type":"ImageObject","inLanguage":"fr-FR","@id":"https:\/\/deliangdisplay.com\/#\/schema\/logo\/image\/","url":"https:\/\/deliangdisplay.com\/wp-content\/uploads\/2025\/08\/DELIANGDISPALY_logo.png","contentUrl":"https:\/\/deliangdisplay.com\/wp-content\/uploads\/2025\/08\/DELIANGDISPALY_logo.png","width":300,"height":130,"caption":"deliangdisplay.com"},"image":{"@id":"https:\/\/deliangdisplay.com\/#\/schema\/logo\/image\/"},"sameAs":["https:\/\/www.facebook.com\/JaneZhang008\/","https:\/\/x.com\/ly673551729"]}]}},"_links":{"self":[{"href":"https:\/\/deliangdisplay.com\/fr\/wp-json\/wp\/v2\/product\/43680","targetHints":{"allow":["GET"]}}],"collection":[{"href":"https:\/\/deliangdisplay.com\/fr\/wp-json\/wp\/v2\/product"}],"about":[{"href":"https:\/\/deliangdisplay.com\/fr\/wp-json\/wp\/v2\/types\/product"}],"replies":[{"embeddable":true,"href":"https:\/\/deliangdisplay.com\/fr\/wp-json\/wp\/v2\/comments?post=43680"}],"wp:featuredmedia":[{"embeddable":true,"href":"https:\/\/deliangdisplay.com\/fr\/wp-json\/wp\/v2\/media\/43689"}],"wp:attachment":[{"href":"https:\/\/deliangdisplay.com\/fr\/wp-json\/wp\/v2\/media?parent=43680"}],"wp:term":[{"taxonomy":"product_brand","embeddable":true,"href":"https:\/\/deliangdisplay.com\/fr\/wp-json\/wp\/v2\/product_brand?post=43680"},{"taxonomy":"product_cat","embeddable":true,"href":"https:\/\/deliangdisplay.com\/fr\/wp-json\/wp\/v2\/product_cat?post=43680"},{"taxonomy":"product_tag","embeddable":true,"href":"https:\/\/deliangdisplay.com\/fr\/wp-json\/wp\/v2\/product_tag?post=43680"}],"curies":[{"name":"wp","href":"https:\/\/api.w.org\/{rel}","templated":true}]}}