{"id":43659,"date":"2025-10-21T11:02:52","date_gmt":"2025-10-21T03:02:52","guid":{"rendered":"https:\/\/deliangdisplay.com\/?post_type=product&#038;p=43659"},"modified":"2025-10-21T11:02:52","modified_gmt":"2025-10-21T03:02:52","slug":"mannequin-taille-12-ajustable-avec-bras-souples-pour-la-couture-et-le-drapage","status":"publish","type":"product","link":"https:\/\/deliangdisplay.com\/fr\/notre-produit\/affichages\/mannequins-de-vente-au-detail\/formulaire-vestimentaire-a-demi-echelle\/mannequin-taille-12-ajustable-avec-bras-souples-pour-la-couture-et-le-drapage\/","title":{"rendered":"Formulaire de robe ajustable taille 12 - Mini mannequin avec bras souples pour la couture et le drapage"},"content":{"rendered":"<h3 class=\"header-iWP5WJ auto-hide-last-sibling-br\">Aper\u00e7u du produit<\/h3>\n<div class=\"auto-hide-last-sibling-br paragraph-pP9ZLC paragraph-element br-paragraph-space\">Il s'agit d'un\u00a0<strong>Robe de femme \u00e0 l'\u00e9chelle 1:2<\/strong>\u00a0(pas de taille adulte, taille 12) \u00e9quip\u00e9 de bras souples, con\u00e7u pour la couture, la confection, la cr\u00e9ation de mod\u00e8les de robe, le drapage et les mini-maquettes de v\u00eatements. Il aide les cr\u00e9ateurs de mode et les \u00e9tudiants en design \u00e0 \u00e9conomiser du tissu et du temps en permettant des essais et des ajustements r\u00e9p\u00e9t\u00e9s des styles de v\u00eatements, ce qui simplifie le processus de conception complexe par rapport aux formes de v\u00eatements pour adultes de taille normale.<\/div>\n<h3 class=\"header-iWP5WJ auto-hide-last-sibling-br\">Principales sp\u00e9cifications<\/h3>\n<ul class=\"auto-hide-last-sibling-br\">\n<li><strong>D\u00e9tails de la taille<\/strong>\n<ul class=\"auto-hide-last-sibling-br\">\n<li>Taille 12 : largeur des \u00e9paules 21 cm, buste 48,5 cm, taille 37 cm, hanches 49,5 cm, hauteur du corps 44,5-45 cm ; centre avant (CF) 19 cm, centre arri\u00e8re (CB) 21,6 cm.<\/li>\n<li>Autres tailles disponibles : Taille 8 (\u00e9paule 19.5cm, buste 44.5cm), Taille 10 (\u00e9paule 20.5cm, buste 46.5cm).<\/li>\n<li>Bras souples : Longueur 30 cm, tour de bras 13,5 cm, tour de coude 12 cm, tour de poignet 9,5 cm.<\/li>\n<\/ul>\n<\/li>\n<li><strong>Hauteur r\u00e9glable<\/strong>: La hauteur totale se r\u00e8gle de 50 cm \u00e0 82 cm en tournant une vis ; la base est un support rond en m\u00e9tal noir d'un diam\u00e8tre de 17 cm.<\/li>\n<li><strong>Mat\u00e9riaux<\/strong>: Corps en fibre de verre (avec doublure en coton), envelopp\u00e9 dans un tissu en lin-coton ; \u00e9paulettes\/col et base\/p\u00f4le en m\u00e9tal (base de 4 mm d'\u00e9paisseur, polie au sable et plaqu\u00e9e).<\/li>\n<\/ul>\n<h3 class=\"header-iWP5WJ auto-hide-last-sibling-br\">Caract\u00e9ristiques principales<\/h3>\n<ul class=\"auto-hide-last-sibling-br\">\n<li><strong>Bras souples et flexibles<\/strong>: Les bras souples peuvent \u00eatre pli\u00e9s pour imiter les formes naturelles des bras humains, ce qui est id\u00e9al pour tester l'ajustement des manches, les lignes des \u00e9paules et d'autres d\u00e9tails des v\u00eatements li\u00e9s aux bras.<\/li>\n<li><strong>Pinnable Design<\/strong>: Peut \u00eatre \u00e9pingl\u00e9 \u00e0 un angle (pas compl\u00e8tement \u00e9pinglable en raison du mat\u00e9riau en fibre de verre) pour fixer le tissu pendant la couture, la coupe ou le drapage, ce qui permet d'ajuster le v\u00eatement avec pr\u00e9cision.<\/li>\n<li><strong>Durable et protecteur<\/strong>: La base en m\u00e9tal plaqu\u00e9 de 4 mm d'\u00e9paisseur r\u00e9siste \u00e0 l'\u00e9caillage (contrairement aux bases peintes) et fournit un support stable pour l'\u00e9pinglage.<\/li>\n<li><strong>Confortable et peu encombrant<\/strong>: La surface envelopp\u00e9e de coton-linen offre un toucher doux pour un drapage facile ; la taille compacte en demi-\u00e9chelle permet d'\u00e9conomiser de l'espace de stockage, et la conception l\u00e9g\u00e8re (par rapport \u00e0 la base originale de 5 mm) assure une manipulation ais\u00e9e.<\/li>\n<\/ul>","protected":false},"excerpt":{"rendered":"<p>Ce mod\u00e8le de robe f\u00e9minine \u00e0 l'\u00e9chelle 1:2 (taille 12, pas de taille adulte) a des bras souples, id\u00e9al pour la couture, la confection et la cr\u00e9ation de mod\u00e8les de robe. Principales caract\u00e9ristiques de la taille 12 : \u00e9paule 21 cm, buste 48,5 cm, taille 37 cm, hanches 49,5 cm, hauteur du corps 44,5-45 cm. Bras souples : 30cm de long, 13,5cm de circonf\u00e9rence de bras. La hauteur totale s'ajuste de 50 \u00e0 82 cm \u00e0 l'aide d'une vis. Fabriqu\u00e9 en fibre de verre (doubl\u00e9e de coton) avec un tissu en lin-coton, il a une base m\u00e9tallique de 17 cm et peut \u00eatre inclin\u00e9, ce qui permet aux designers\/\u00e9tudiants d'\u00e9conomiser du tissu.<\/p>","protected":false},"featured_media":43664,"comment_status":"open","ping_status":"closed","template":"","meta":{"_acf_changed":false},"product_brand":[84],"product_cat":[578],"product_tag":[579,582,602,619,643,600,626,586,591,587,625,606,642,644,620],"class_list":{"0":"post-43659","1":"product","2":"type-product","3":"status-publish","4":"has-post-thumbnail","6":"product_brand-de-liang","7":"product_cat-half-scale-dress-form","8":"product_tag-12-half-scale-dress-form","9":"product_tag-adjustable-height-dress-form","10":"product_tag-cotton-linen-dress-form","11":"product_tag-draping-practice-dress-form","12":"product_tag-dress-pattern-making-dummy","13":"product_tag-fashion-design-dress-form","14":"product_tag-female-tailor-dress-form","15":"product_tag-fiberglass-dress-form","16":"product_tag-half-scale-female-mannequin","17":"product_tag-metal-base-dress-form","18":"product_tag-mini-garment-design-mannequin","19":"product_tag-pinnable-miniature-mannequin","20":"product_tag-size-12-sewing-mannequin","21":"product_tag-size-8-12-dress-form","22":"product_tag-soft-arm-dress-form","24":"first","25":"instock","26":"shipping-taxable","27":"purchasable","28":"product-type-simple"},"acf":[],"yoast_head":"<!-- This site is optimized with the Yoast SEO plugin v27.4 - https:\/\/yoast.com\/product\/yoast-seo-wordpress\/ -->\n<title>Adjustable Half-Scale Size 12 Dress Form \u2013 Mini Mannequin with Soft Arms for Sewing &amp; Draping - DE-LIANG - jewelry,clothes,watch,beauty cosmetics<\/title>\n<meta name=\"robots\" content=\"index, follow, max-snippet:-1, max-image-preview:large, max-video-preview:-1\" \/>\n<link rel=\"canonical\" href=\"https:\/\/deliangdisplay.com\/fr\/notre-produit\/affichages\/mannequins-de-vente-au-detail\/formulaire-vestimentaire-a-demi-echelle\/mannequin-taille-12-ajustable-avec-bras-souples-pour-la-couture-et-le-drapage\/\" \/>\n<meta property=\"og:locale\" content=\"fr_FR\" \/>\n<meta property=\"og:type\" content=\"article\" \/>\n<meta property=\"og:title\" content=\"Adjustable Half-Scale Size 12 Dress Form \u2013 Mini Mannequin with Soft Arms for Sewing &amp; Draping - DE-LIANG - jewelry,clothes,watch,beauty cosmetics\" \/>\n<meta property=\"og:description\" content=\"This 1:2 half-scale female dress form (Size 12, not adult size) has soft arms, ideal for sewing, tailoring, and dress pattern making. Key Size 12 specs: shoulder 21cm, bust 48.5cm, waist 37cm, hips 49.5cm, body height 44.5\u201345cm. Soft arms: 30cm long, 13.5cm arm girth. Total height adjusts 50\u201382cm via a screw. Made of fiberglass (cotton-lined) with cotton-linen fabric, it has a 17cm metal base, is pinnable at an angle\u2014saves fabric for designers\/students.\" \/>\n<meta property=\"og:url\" content=\"https:\/\/deliangdisplay.com\/fr\/notre-produit\/affichages\/mannequins-de-vente-au-detail\/formulaire-vestimentaire-a-demi-echelle\/mannequin-taille-12-ajustable-avec-bras-souples-pour-la-couture-et-le-drapage\/\" \/>\n<meta property=\"og:site_name\" content=\"DE-LIANG - jewelry,clothes,watch,beauty cosmetics\" \/>\n<meta property=\"article:publisher\" content=\"https:\/\/www.facebook.com\/JaneZhang008\/\" \/>\n<meta property=\"og:image\" content=\"https:\/\/deliangdisplay.com\/wp-content\/uploads\/2025\/10\/8-3.webp\" \/>\n\t<meta property=\"og:image:width\" content=\"600\" \/>\n\t<meta property=\"og:image:height\" content=\"600\" \/>\n\t<meta property=\"og:image:type\" content=\"image\/webp\" \/>\n<meta name=\"twitter:card\" content=\"summary_large_image\" \/>\n<meta name=\"twitter:site\" content=\"@ly673551729\" \/>\n<meta name=\"twitter:label1\" content=\"Dur\u00e9e de lecture estim\u00e9e\" \/>\n\t<meta name=\"twitter:data1\" content=\"2 minutes\" \/>\n<script type=\"application\/ld+json\" class=\"yoast-schema-graph\">{\"@context\":\"https:\\\/\\\/schema.org\",\"@graph\":[{\"@type\":\"WebPage\",\"@id\":\"https:\\\/\\\/deliangdisplay.com\\\/our-product\\\/displays\\\/retail-mannequins\\\/half-scale-dress-form\\\/adjustable-half-scale-size-12-dress-form-mini-mannequin-with-soft-arms-for-sewing-draping\\\/\",\"url\":\"https:\\\/\\\/deliangdisplay.com\\\/our-product\\\/displays\\\/retail-mannequins\\\/half-scale-dress-form\\\/adjustable-half-scale-size-12-dress-form-mini-mannequin-with-soft-arms-for-sewing-draping\\\/\",\"name\":\"Adjustable Half-Scale Size 12 Dress Form \u2013 Mini Mannequin with Soft Arms for Sewing & Draping - DE-LIANG - jewelry,clothes,watch,beauty cosmetics\",\"isPartOf\":{\"@id\":\"https:\\\/\\\/deliangdisplay.com\\\/#website\"},\"primaryImageOfPage\":{\"@id\":\"https:\\\/\\\/deliangdisplay.com\\\/our-product\\\/displays\\\/retail-mannequins\\\/half-scale-dress-form\\\/adjustable-half-scale-size-12-dress-form-mini-mannequin-with-soft-arms-for-sewing-draping\\\/#primaryimage\"},\"image\":{\"@id\":\"https:\\\/\\\/deliangdisplay.com\\\/our-product\\\/displays\\\/retail-mannequins\\\/half-scale-dress-form\\\/adjustable-half-scale-size-12-dress-form-mini-mannequin-with-soft-arms-for-sewing-draping\\\/#primaryimage\"},\"thumbnailUrl\":\"https:\\\/\\\/deliangdisplay.com\\\/wp-content\\\/uploads\\\/2025\\\/10\\\/8-3.webp\",\"datePublished\":\"2025-10-21T03:02:52+00:00\",\"breadcrumb\":{\"@id\":\"https:\\\/\\\/deliangdisplay.com\\\/our-product\\\/displays\\\/retail-mannequins\\\/half-scale-dress-form\\\/adjustable-half-scale-size-12-dress-form-mini-mannequin-with-soft-arms-for-sewing-draping\\\/#breadcrumb\"},\"inLanguage\":\"fr-FR\",\"potentialAction\":[{\"@type\":\"ReadAction\",\"target\":[\"https:\\\/\\\/deliangdisplay.com\\\/our-product\\\/displays\\\/retail-mannequins\\\/half-scale-dress-form\\\/adjustable-half-scale-size-12-dress-form-mini-mannequin-with-soft-arms-for-sewing-draping\\\/\"]}]},{\"@type\":\"ImageObject\",\"inLanguage\":\"fr-FR\",\"@id\":\"https:\\\/\\\/deliangdisplay.com\\\/our-product\\\/displays\\\/retail-mannequins\\\/half-scale-dress-form\\\/adjustable-half-scale-size-12-dress-form-mini-mannequin-with-soft-arms-for-sewing-draping\\\/#primaryimage\",\"url\":\"https:\\\/\\\/deliangdisplay.com\\\/wp-content\\\/uploads\\\/2025\\\/10\\\/8-3.webp\",\"contentUrl\":\"https:\\\/\\\/deliangdisplay.com\\\/wp-content\\\/uploads\\\/2025\\\/10\\\/8-3.webp\",\"width\":600,\"height\":600},{\"@type\":\"BreadcrumbList\",\"@id\":\"https:\\\/\\\/deliangdisplay.com\\\/our-product\\\/displays\\\/retail-mannequins\\\/half-scale-dress-form\\\/adjustable-half-scale-size-12-dress-form-mini-mannequin-with-soft-arms-for-sewing-draping\\\/#breadcrumb\",\"itemListElement\":[{\"@type\":\"ListItem\",\"position\":1,\"name\":\"\u9996\u9875\",\"item\":\"https:\\\/\\\/deliangdisplay.com\\\/\"},{\"@type\":\"ListItem\",\"position\":2,\"name\":\"Our Product\",\"item\":\"https:\\\/\\\/deliangdisplay.com\\\/our-product\\\/\"},{\"@type\":\"ListItem\",\"position\":3,\"name\":\"Adjustable Half-Scale Size 12 Dress Form \u2013 Mini Mannequin with Soft Arms for Sewing &#038; Draping\"}]},{\"@type\":\"WebSite\",\"@id\":\"https:\\\/\\\/deliangdisplay.com\\\/#website\",\"url\":\"https:\\\/\\\/deliangdisplay.com\\\/\",\"name\":\"deliangdisplay.com\",\"description\":\"DE-LIANG - Providing bespoke packaging solutions and luxurious display design services for brands in jewelry, apparel, watches, beauty cosmetics, and more.\",\"publisher\":{\"@id\":\"https:\\\/\\\/deliangdisplay.com\\\/#organization\"},\"potentialAction\":[{\"@type\":\"SearchAction\",\"target\":{\"@type\":\"EntryPoint\",\"urlTemplate\":\"https:\\\/\\\/deliangdisplay.com\\\/?s={search_term_string}\"},\"query-input\":{\"@type\":\"PropertyValueSpecification\",\"valueRequired\":true,\"valueName\":\"search_term_string\"}}],\"inLanguage\":\"fr-FR\"},{\"@type\":\"Organization\",\"@id\":\"https:\\\/\\\/deliangdisplay.com\\\/#organization\",\"name\":\"deliangdisplay.com\",\"url\":\"https:\\\/\\\/deliangdisplay.com\\\/\",\"logo\":{\"@type\":\"ImageObject\",\"inLanguage\":\"fr-FR\",\"@id\":\"https:\\\/\\\/deliangdisplay.com\\\/#\\\/schema\\\/logo\\\/image\\\/\",\"url\":\"https:\\\/\\\/deliangdisplay.com\\\/wp-content\\\/uploads\\\/2025\\\/08\\\/DELIANGDISPALY_logo.png\",\"contentUrl\":\"https:\\\/\\\/deliangdisplay.com\\\/wp-content\\\/uploads\\\/2025\\\/08\\\/DELIANGDISPALY_logo.png\",\"width\":300,\"height\":130,\"caption\":\"deliangdisplay.com\"},\"image\":{\"@id\":\"https:\\\/\\\/deliangdisplay.com\\\/#\\\/schema\\\/logo\\\/image\\\/\"},\"sameAs\":[\"https:\\\/\\\/www.facebook.com\\\/JaneZhang008\\\/\",\"https:\\\/\\\/x.com\\\/ly673551729\"]}]}<\/script>\n<!-- \/ Yoast SEO plugin. -->","yoast_head_json":{"title":"Mannequin ajustable taille 12 - Mini mannequin avec bras souples pour la couture et le drapage - DE-LIANG - bijoux,v\u00eatements,montres,beaut\u00e9,cosm\u00e9tique","robots":{"index":"index","follow":"follow","max-snippet":"max-snippet:-1","max-image-preview":"max-image-preview:large","max-video-preview":"max-video-preview:-1"},"canonical":"https:\/\/deliangdisplay.com\/fr\/notre-produit\/affichages\/mannequins-de-vente-au-detail\/formulaire-vestimentaire-a-demi-echelle\/mannequin-taille-12-ajustable-avec-bras-souples-pour-la-couture-et-le-drapage\/","og_locale":"fr_FR","og_type":"article","og_title":"Adjustable Half-Scale Size 12 Dress Form \u2013 Mini Mannequin with Soft Arms for Sewing & Draping - DE-LIANG - jewelry,clothes,watch,beauty cosmetics","og_description":"This 1:2 half-scale female dress form (Size 12, not adult size) has soft arms, ideal for sewing, tailoring, and dress pattern making. Key Size 12 specs: shoulder 21cm, bust 48.5cm, waist 37cm, hips 49.5cm, body height 44.5\u201345cm. Soft arms: 30cm long, 13.5cm arm girth. Total height adjusts 50\u201382cm via a screw. Made of fiberglass (cotton-lined) with cotton-linen fabric, it has a 17cm metal base, is pinnable at an angle\u2014saves fabric for designers\/students.","og_url":"https:\/\/deliangdisplay.com\/fr\/notre-produit\/affichages\/mannequins-de-vente-au-detail\/formulaire-vestimentaire-a-demi-echelle\/mannequin-taille-12-ajustable-avec-bras-souples-pour-la-couture-et-le-drapage\/","og_site_name":"DE-LIANG - jewelry,clothes,watch,beauty cosmetics","article_publisher":"https:\/\/www.facebook.com\/JaneZhang008\/","og_image":[{"width":600,"height":600,"url":"https:\/\/deliangdisplay.com\/wp-content\/uploads\/2025\/10\/8-3.webp","type":"image\/webp"}],"twitter_card":"summary_large_image","twitter_site":"@ly673551729","twitter_misc":{"Dur\u00e9e de lecture estim\u00e9e":"2 minutes"},"schema":{"@context":"https:\/\/schema.org","@graph":[{"@type":"WebPage","@id":"https:\/\/deliangdisplay.com\/our-product\/displays\/retail-mannequins\/half-scale-dress-form\/adjustable-half-scale-size-12-dress-form-mini-mannequin-with-soft-arms-for-sewing-draping\/","url":"https:\/\/deliangdisplay.com\/our-product\/displays\/retail-mannequins\/half-scale-dress-form\/adjustable-half-scale-size-12-dress-form-mini-mannequin-with-soft-arms-for-sewing-draping\/","name":"Mannequin ajustable taille 12 - Mini mannequin avec bras souples pour la couture et le drapage - DE-LIANG - bijoux,v\u00eatements,montres,beaut\u00e9,cosm\u00e9tique","isPartOf":{"@id":"https:\/\/deliangdisplay.com\/#website"},"primaryImageOfPage":{"@id":"https:\/\/deliangdisplay.com\/our-product\/displays\/retail-mannequins\/half-scale-dress-form\/adjustable-half-scale-size-12-dress-form-mini-mannequin-with-soft-arms-for-sewing-draping\/#primaryimage"},"image":{"@id":"https:\/\/deliangdisplay.com\/our-product\/displays\/retail-mannequins\/half-scale-dress-form\/adjustable-half-scale-size-12-dress-form-mini-mannequin-with-soft-arms-for-sewing-draping\/#primaryimage"},"thumbnailUrl":"https:\/\/deliangdisplay.com\/wp-content\/uploads\/2025\/10\/8-3.webp","datePublished":"2025-10-21T03:02:52+00:00","breadcrumb":{"@id":"https:\/\/deliangdisplay.com\/our-product\/displays\/retail-mannequins\/half-scale-dress-form\/adjustable-half-scale-size-12-dress-form-mini-mannequin-with-soft-arms-for-sewing-draping\/#breadcrumb"},"inLanguage":"fr-FR","potentialAction":[{"@type":"ReadAction","target":["https:\/\/deliangdisplay.com\/our-product\/displays\/retail-mannequins\/half-scale-dress-form\/adjustable-half-scale-size-12-dress-form-mini-mannequin-with-soft-arms-for-sewing-draping\/"]}]},{"@type":"ImageObject","inLanguage":"fr-FR","@id":"https:\/\/deliangdisplay.com\/our-product\/displays\/retail-mannequins\/half-scale-dress-form\/adjustable-half-scale-size-12-dress-form-mini-mannequin-with-soft-arms-for-sewing-draping\/#primaryimage","url":"https:\/\/deliangdisplay.com\/wp-content\/uploads\/2025\/10\/8-3.webp","contentUrl":"https:\/\/deliangdisplay.com\/wp-content\/uploads\/2025\/10\/8-3.webp","width":600,"height":600},{"@type":"BreadcrumbList","@id":"https:\/\/deliangdisplay.com\/our-product\/displays\/retail-mannequins\/half-scale-dress-form\/adjustable-half-scale-size-12-dress-form-mini-mannequin-with-soft-arms-for-sewing-draping\/#breadcrumb","itemListElement":[{"@type":"ListItem","position":1,"name":"\u9996\u9875","item":"https:\/\/deliangdisplay.com\/"},{"@type":"ListItem","position":2,"name":"Our Product","item":"https:\/\/deliangdisplay.com\/our-product\/"},{"@type":"ListItem","position":3,"name":"Adjustable Half-Scale Size 12 Dress Form \u2013 Mini Mannequin with Soft Arms for Sewing &#038; Draping"}]},{"@type":"WebSite","@id":"https:\/\/deliangdisplay.com\/#website","url":"https:\/\/deliangdisplay.com\/","name":"deliangdisplay.com","description":"DE-LIANG - Fournit des solutions d'emballage sur mesure et des services de conception de pr\u00e9sentoirs luxueux pour les marques de bijoux, de v\u00eatements, de montres, de produits de beaut\u00e9 et de cosm\u00e9tiques, et plus encore.","publisher":{"@id":"https:\/\/deliangdisplay.com\/#organization"},"potentialAction":[{"@type":"SearchAction","target":{"@type":"EntryPoint","urlTemplate":"https:\/\/deliangdisplay.com\/?s={search_term_string}"},"query-input":{"@type":"PropertyValueSpecification","valueRequired":true,"valueName":"search_term_string"}}],"inLanguage":"fr-FR"},{"@type":"Organization","@id":"https:\/\/deliangdisplay.com\/#organization","name":"deliangdisplay.com","url":"https:\/\/deliangdisplay.com\/","logo":{"@type":"ImageObject","inLanguage":"fr-FR","@id":"https:\/\/deliangdisplay.com\/#\/schema\/logo\/image\/","url":"https:\/\/deliangdisplay.com\/wp-content\/uploads\/2025\/08\/DELIANGDISPALY_logo.png","contentUrl":"https:\/\/deliangdisplay.com\/wp-content\/uploads\/2025\/08\/DELIANGDISPALY_logo.png","width":300,"height":130,"caption":"deliangdisplay.com"},"image":{"@id":"https:\/\/deliangdisplay.com\/#\/schema\/logo\/image\/"},"sameAs":["https:\/\/www.facebook.com\/JaneZhang008\/","https:\/\/x.com\/ly673551729"]}]}},"_links":{"self":[{"href":"https:\/\/deliangdisplay.com\/fr\/wp-json\/wp\/v2\/product\/43659","targetHints":{"allow":["GET"]}}],"collection":[{"href":"https:\/\/deliangdisplay.com\/fr\/wp-json\/wp\/v2\/product"}],"about":[{"href":"https:\/\/deliangdisplay.com\/fr\/wp-json\/wp\/v2\/types\/product"}],"replies":[{"embeddable":true,"href":"https:\/\/deliangdisplay.com\/fr\/wp-json\/wp\/v2\/comments?post=43659"}],"wp:featuredmedia":[{"embeddable":true,"href":"https:\/\/deliangdisplay.com\/fr\/wp-json\/wp\/v2\/media\/43664"}],"wp:attachment":[{"href":"https:\/\/deliangdisplay.com\/fr\/wp-json\/wp\/v2\/media?parent=43659"}],"wp:term":[{"taxonomy":"product_brand","embeddable":true,"href":"https:\/\/deliangdisplay.com\/fr\/wp-json\/wp\/v2\/product_brand?post=43659"},{"taxonomy":"product_cat","embeddable":true,"href":"https:\/\/deliangdisplay.com\/fr\/wp-json\/wp\/v2\/product_cat?post=43659"},{"taxonomy":"product_tag","embeddable":true,"href":"https:\/\/deliangdisplay.com\/fr\/wp-json\/wp\/v2\/product_tag?post=43659"}],"curies":[{"name":"wp","href":"https:\/\/api.w.org\/{rel}","templated":true}]}}