{"id":43652,"date":"2025-10-21T10:50:40","date_gmt":"2025-10-21T02:50:40","guid":{"rendered":"https:\/\/deliangdisplay.com\/?post_type=product&#038;p=43652"},"modified":"2025-10-21T10:57:28","modified_gmt":"2025-10-21T02:57:28","slug":"mini-mannequins-multi-tailles-12-13-14-mannequins-en-mousse-entierement-fixables-pour-le-drapage-et-la-couture","status":"publish","type":"product","link":"https:\/\/deliangdisplay.com\/fr\/notre-produit\/affichages\/mannequins-de-vente-au-detail\/formulaire-vestimentaire-a-demi-echelle\/mini-mannequins-multi-tailles-12-13-14-mannequins-en-mousse-entierement-fixables-pour-le-drapage-et-la-couture\/","title":{"rendered":"Mini mannequins multitailles (1:2\/1:3\/1:4) - Mannequins en mousse enti\u00e8rement fixables, adapt\u00e9s au drapage et \u00e0 la couture"},"content":{"rendered":"<h3 class=\"header-iWP5WJ auto-hide-last-sibling-br\">Aper\u00e7u du produit<\/h3>\n<div class=\"auto-hide-last-sibling-br paragraph-pP9ZLC paragraph-element br-paragraph-space\">Il s'agit d'un\u00a0<strong>mini-forme vestimentaire f\u00e9minine \u00e0 plusieurs \u00e9chelles<\/strong>\u00a0(disponible dans les rapports 1:2, 1:3, 1:4, pas en taille adulte) con\u00e7u pour la confection professionnelle, la couture, l'\u00e9tude des m\u00e9thodes de drapage et les exp\u00e9riences de mode. Il est enti\u00e8rement pinc\u00e9, flexible et sert \u00e0 la fois d'outil fonctionnel pour la conception de v\u00eatements et de pi\u00e8ce d\u00e9corative de style nordique, alliant l'utilit\u00e9 \u00e0 l'attrait esth\u00e9tique.<\/div>\n<h3 class=\"header-iWP5WJ auto-hide-last-sibling-br\">Principales sp\u00e9cifications<\/h3>\n<ul class=\"auto-hide-last-sibling-br\">\n<li><strong>D\u00e9tails de la taille<\/strong>\u00a0(toutes les tailles sont des versions r\u00e9duites)\n<ul class=\"auto-hide-last-sibling-br\">\n<li>\u00c9chelle 1:2 : Hauteur 47 cm, col 18 cm, buste 43,5 cm, taille 33,5 cm, hanches 45,5 cm, diam\u00e8tre de la base 19 cm.<\/li>\n<li>\u00c9chelle 1:3 : Taille 32 cm, buste 29 cm, taille 23 cm, hanches 31 cm.<\/li>\n<li>\u00c9chelle 1:4 : Taille 24,5 cm, buste 22 cm, taille 18 cm, hanches 23,5 cm.<\/li>\n<\/ul>\n<\/li>\n<li><strong>Mat\u00e9riaux et structure<\/strong>: Corps en mousse (enti\u00e8rement pin\u00e7able) et recouvert de tissu avec des lignes rouges drapantes ; base en plastique ; comprend une base souple et un poteau de soutien confortable.<\/li>\n<\/ul>\n<h3 class=\"header-iWP5WJ auto-hide-last-sibling-br\">Caract\u00e9ristiques principales<\/h3>\n<ul class=\"auto-hide-last-sibling-br\">\n<li><strong>Un design enti\u00e8rement personnalisable<\/strong>: Le mat\u00e9riau en mousse permet d'ins\u00e9rer les \u00e9pingles librement (et pas seulement en biais), ce qui permet de positionner le tissu avec pr\u00e9cision pour la pratique de la couture, de la confection et du drapage.<\/li>\n<li><strong>Polyvalence \u00e0 plusieurs \u00e9chelles<\/strong>: Offre des options \u00e0 l'\u00e9chelle 1:2, 1:3, 1:4 pour r\u00e9pondre \u00e0 diff\u00e9rents besoins - des maquettes d\u00e9taill\u00e9es de petits v\u00eatements aux mini-tests de conception plus importants.<\/li>\n<li><strong>Double fonction (utilit\u00e9 + d\u00e9coration)<\/strong>: Il s'agit d'un outil professionnel pour les exp\u00e9riences de mode et l'\u00e9tude du drapage. Son design simple de style nordique en fait \u00e9galement une pi\u00e8ce d\u00e9corative \u00e9l\u00e9gante pour les espaces \u00e0 la recherche d'une esth\u00e9tique de mode moderne.<\/li>\n<li><strong>Un savoir-faire exquis<\/strong>: Fabriqu\u00e9 \u00e0 la main avec une grande finesse d'ex\u00e9cution, il est dot\u00e9 d'un rev\u00eatement en tissu lisse et d'une structure stable, ce qui garantit sa durabilit\u00e9 pour une utilisation r\u00e9p\u00e9t\u00e9e dans le cadre de la conception.<\/li>\n<\/ul>","protected":false},"excerpt":{"rendered":"<p>Cette mini-mod\u00e8le de robe f\u00e9minine \u00e0 plusieurs \u00e9chelles (1:2\/1:3\/1:4, pas de taille adulte) permet de r\u00e9aliser des \u00e9tudes professionnelles de couture et de drapage. Caract\u00e9ristiques principales : \u00c9chelle 1:2 (hauteur 47 cm, buste 43,5 cm) ; 1:3 (hauteur 32 cm, buste 29 cm) ; 1:4 (hauteur 24,5 cm, buste 22 cm). Fabriqu\u00e9 en mousse enti\u00e8rement \u00e9pinglable (les \u00e9pingles s'ins\u00e8rent librement) et en tissu, il est dot\u00e9 d'une base en plastique. Il est flexible, sert de d\u00e9cor nordique et convient aux exp\u00e9riences de mode.<\/p>","protected":false},"featured_media":43656,"comment_status":"open","ping_status":"closed","template":"","meta":{"_acf_changed":false},"product_brand":[84],"product_cat":[578],"product_tag":[630,631,632,619,638,635,636,639,633,580,641,629,637,634,640],"class_list":{"0":"post-43652","1":"product","2":"type-product","3":"status-publish","4":"has-post-thumbnail","6":"product_brand-de-liang","7":"product_cat-half-scale-dress-form","8":"product_tag-12-scale-dress-form","9":"product_tag-13-scale-sewing-mannequin","10":"product_tag-14-scale-female-mannequin","11":"product_tag-draping-practice-dress-form","12":"product_tag-fashion-experiment-mannequin","13":"product_tag-female-sewing-dress-form","14":"product_tag-flexible-dressmaker-dummy","15":"product_tag-foam-sewing-mannequin","16":"product_tag-fully-pinnable-foam-dress-form","17":"product_tag-mini-female-dress-form","18":"product_tag-multi-scale-garment-design-dummy","19":"product_tag-multi-scale-mini-dress-form","20":"product_tag-nordic-style-decorative-dress-form","21":"product_tag-professional-tailor-dress-form","22":"product_tag-small-tailor-dress-form","24":"first","25":"instock","26":"shipping-taxable","27":"purchasable","28":"product-type-simple"},"acf":[],"yoast_head":"<!-- This site is optimized with the Yoast SEO plugin v27.4 - https:\/\/yoast.com\/product\/yoast-seo-wordpress\/ -->\n<title>Multi-size mini mannequins (1:2\/1:3\/1:4) \u2013 Fully fixable foam mannequins suitable for draping and sewing - DE-LIANG - jewelry,clothes,watch,beauty cosmetics<\/title>\n<meta name=\"robots\" content=\"index, follow, max-snippet:-1, max-image-preview:large, max-video-preview:-1\" \/>\n<link rel=\"canonical\" href=\"https:\/\/deliangdisplay.com\/fr\/notre-produit\/affichages\/mannequins-de-vente-au-detail\/formulaire-vestimentaire-a-demi-echelle\/mini-mannequins-multi-tailles-12-13-14-mannequins-en-mousse-entierement-fixables-pour-le-drapage-et-la-couture\/\" \/>\n<meta property=\"og:locale\" content=\"fr_FR\" \/>\n<meta property=\"og:type\" content=\"article\" \/>\n<meta property=\"og:title\" content=\"Multi-size mini mannequins (1:2\/1:3\/1:4) \u2013 Fully fixable foam mannequins suitable for draping and sewing - DE-LIANG - jewelry,clothes,watch,beauty cosmetics\" \/>\n<meta property=\"og:description\" content=\"This multi-scale female mini dress form (1:2\/1:3\/1:4, not adult size) works for professional tailoring, sewing, and draping study. Key specs: 1:2 scale (height 47cm, bust 43.5cm); 1:3 (32cm height, 29cm bust); 1:4 (24.5cm height, 22cm bust). Made of fully pinnable foam (pins insert freely) with fabric, it has a plastic base. It\u2019s flexible, doubles as Nordic decor, and suits fashion experiments.\" \/>\n<meta property=\"og:url\" content=\"https:\/\/deliangdisplay.com\/fr\/notre-produit\/affichages\/mannequins-de-vente-au-detail\/formulaire-vestimentaire-a-demi-echelle\/mini-mannequins-multi-tailles-12-13-14-mannequins-en-mousse-entierement-fixables-pour-le-drapage-et-la-couture\/\" \/>\n<meta property=\"og:site_name\" content=\"DE-LIANG - jewelry,clothes,watch,beauty cosmetics\" \/>\n<meta property=\"article:publisher\" content=\"https:\/\/www.facebook.com\/JaneZhang008\/\" \/>\n<meta property=\"article:modified_time\" content=\"2025-10-21T02:57:28+00:00\" \/>\n<meta property=\"og:image\" content=\"https:\/\/deliangdisplay.com\/wp-content\/uploads\/2025\/10\/1-3.webp\" \/>\n\t<meta property=\"og:image:width\" content=\"600\" \/>\n\t<meta property=\"og:image:height\" content=\"600\" \/>\n\t<meta property=\"og:image:type\" content=\"image\/webp\" \/>\n<meta name=\"twitter:card\" content=\"summary_large_image\" \/>\n<meta name=\"twitter:site\" content=\"@ly673551729\" \/>\n<meta name=\"twitter:label1\" content=\"Dur\u00e9e de lecture estim\u00e9e\" \/>\n\t<meta name=\"twitter:data1\" content=\"2 minutes\" \/>\n<script type=\"application\/ld+json\" class=\"yoast-schema-graph\">{\"@context\":\"https:\\\/\\\/schema.org\",\"@graph\":[{\"@type\":\"WebPage\",\"@id\":\"https:\\\/\\\/deliangdisplay.com\\\/our-product\\\/displays\\\/retail-mannequins\\\/half-scale-dress-form\\\/multi-size-mini-mannequins-12-13-14-fully-fixable-foam-mannequins-suitable-for-draping-and-sewing\\\/\",\"url\":\"https:\\\/\\\/deliangdisplay.com\\\/our-product\\\/displays\\\/retail-mannequins\\\/half-scale-dress-form\\\/multi-size-mini-mannequins-12-13-14-fully-fixable-foam-mannequins-suitable-for-draping-and-sewing\\\/\",\"name\":\"Multi-size mini mannequins (1:2\\\/1:3\\\/1:4) \u2013 Fully fixable foam mannequins suitable for draping and sewing - DE-LIANG - jewelry,clothes,watch,beauty cosmetics\",\"isPartOf\":{\"@id\":\"https:\\\/\\\/deliangdisplay.com\\\/#website\"},\"primaryImageOfPage\":{\"@id\":\"https:\\\/\\\/deliangdisplay.com\\\/our-product\\\/displays\\\/retail-mannequins\\\/half-scale-dress-form\\\/multi-size-mini-mannequins-12-13-14-fully-fixable-foam-mannequins-suitable-for-draping-and-sewing\\\/#primaryimage\"},\"image\":{\"@id\":\"https:\\\/\\\/deliangdisplay.com\\\/our-product\\\/displays\\\/retail-mannequins\\\/half-scale-dress-form\\\/multi-size-mini-mannequins-12-13-14-fully-fixable-foam-mannequins-suitable-for-draping-and-sewing\\\/#primaryimage\"},\"thumbnailUrl\":\"https:\\\/\\\/deliangdisplay.com\\\/wp-content\\\/uploads\\\/2025\\\/10\\\/1-3.webp\",\"datePublished\":\"2025-10-21T02:50:40+00:00\",\"dateModified\":\"2025-10-21T02:57:28+00:00\",\"breadcrumb\":{\"@id\":\"https:\\\/\\\/deliangdisplay.com\\\/our-product\\\/displays\\\/retail-mannequins\\\/half-scale-dress-form\\\/multi-size-mini-mannequins-12-13-14-fully-fixable-foam-mannequins-suitable-for-draping-and-sewing\\\/#breadcrumb\"},\"inLanguage\":\"fr-FR\",\"potentialAction\":[{\"@type\":\"ReadAction\",\"target\":[\"https:\\\/\\\/deliangdisplay.com\\\/our-product\\\/displays\\\/retail-mannequins\\\/half-scale-dress-form\\\/multi-size-mini-mannequins-12-13-14-fully-fixable-foam-mannequins-suitable-for-draping-and-sewing\\\/\"]}]},{\"@type\":\"ImageObject\",\"inLanguage\":\"fr-FR\",\"@id\":\"https:\\\/\\\/deliangdisplay.com\\\/our-product\\\/displays\\\/retail-mannequins\\\/half-scale-dress-form\\\/multi-size-mini-mannequins-12-13-14-fully-fixable-foam-mannequins-suitable-for-draping-and-sewing\\\/#primaryimage\",\"url\":\"https:\\\/\\\/deliangdisplay.com\\\/wp-content\\\/uploads\\\/2025\\\/10\\\/1-3.webp\",\"contentUrl\":\"https:\\\/\\\/deliangdisplay.com\\\/wp-content\\\/uploads\\\/2025\\\/10\\\/1-3.webp\",\"width\":600,\"height\":600},{\"@type\":\"BreadcrumbList\",\"@id\":\"https:\\\/\\\/deliangdisplay.com\\\/our-product\\\/displays\\\/retail-mannequins\\\/half-scale-dress-form\\\/multi-size-mini-mannequins-12-13-14-fully-fixable-foam-mannequins-suitable-for-draping-and-sewing\\\/#breadcrumb\",\"itemListElement\":[{\"@type\":\"ListItem\",\"position\":1,\"name\":\"\u9996\u9875\",\"item\":\"https:\\\/\\\/deliangdisplay.com\\\/\"},{\"@type\":\"ListItem\",\"position\":2,\"name\":\"Our Product\",\"item\":\"https:\\\/\\\/deliangdisplay.com\\\/our-product\\\/\"},{\"@type\":\"ListItem\",\"position\":3,\"name\":\"Multi-size mini mannequins (1:2\\\/1:3\\\/1:4) \u2013 Fully fixable foam mannequins suitable for draping and sewing\"}]},{\"@type\":\"WebSite\",\"@id\":\"https:\\\/\\\/deliangdisplay.com\\\/#website\",\"url\":\"https:\\\/\\\/deliangdisplay.com\\\/\",\"name\":\"deliangdisplay.com\",\"description\":\"DE-LIANG - Providing bespoke packaging solutions and luxurious display design services for brands in jewelry, apparel, watches, beauty cosmetics, and more.\",\"publisher\":{\"@id\":\"https:\\\/\\\/deliangdisplay.com\\\/#organization\"},\"potentialAction\":[{\"@type\":\"SearchAction\",\"target\":{\"@type\":\"EntryPoint\",\"urlTemplate\":\"https:\\\/\\\/deliangdisplay.com\\\/?s={search_term_string}\"},\"query-input\":{\"@type\":\"PropertyValueSpecification\",\"valueRequired\":true,\"valueName\":\"search_term_string\"}}],\"inLanguage\":\"fr-FR\"},{\"@type\":\"Organization\",\"@id\":\"https:\\\/\\\/deliangdisplay.com\\\/#organization\",\"name\":\"deliangdisplay.com\",\"url\":\"https:\\\/\\\/deliangdisplay.com\\\/\",\"logo\":{\"@type\":\"ImageObject\",\"inLanguage\":\"fr-FR\",\"@id\":\"https:\\\/\\\/deliangdisplay.com\\\/#\\\/schema\\\/logo\\\/image\\\/\",\"url\":\"https:\\\/\\\/deliangdisplay.com\\\/wp-content\\\/uploads\\\/2025\\\/08\\\/DELIANGDISPALY_logo.png\",\"contentUrl\":\"https:\\\/\\\/deliangdisplay.com\\\/wp-content\\\/uploads\\\/2025\\\/08\\\/DELIANGDISPALY_logo.png\",\"width\":300,\"height\":130,\"caption\":\"deliangdisplay.com\"},\"image\":{\"@id\":\"https:\\\/\\\/deliangdisplay.com\\\/#\\\/schema\\\/logo\\\/image\\\/\"},\"sameAs\":[\"https:\\\/\\\/www.facebook.com\\\/JaneZhang008\\\/\",\"https:\\\/\\\/x.com\\\/ly673551729\"]}]}<\/script>\n<!-- \/ Yoast SEO plugin. -->","yoast_head_json":{"title":"Mini mannequins multi-tailles (1:2\/1:3\/1:4) - Mannequins en mousse enti\u00e8rement fixables pour le drapage et la couture - DE-LIANG - bijouterie, joaillerie, horlogerie, esth\u00e9tique, cosm\u00e9tique","robots":{"index":"index","follow":"follow","max-snippet":"max-snippet:-1","max-image-preview":"max-image-preview:large","max-video-preview":"max-video-preview:-1"},"canonical":"https:\/\/deliangdisplay.com\/fr\/notre-produit\/affichages\/mannequins-de-vente-au-detail\/formulaire-vestimentaire-a-demi-echelle\/mini-mannequins-multi-tailles-12-13-14-mannequins-en-mousse-entierement-fixables-pour-le-drapage-et-la-couture\/","og_locale":"fr_FR","og_type":"article","og_title":"Multi-size mini mannequins (1:2\/1:3\/1:4) \u2013 Fully fixable foam mannequins suitable for draping and sewing - DE-LIANG - jewelry,clothes,watch,beauty cosmetics","og_description":"This multi-scale female mini dress form (1:2\/1:3\/1:4, not adult size) works for professional tailoring, sewing, and draping study. Key specs: 1:2 scale (height 47cm, bust 43.5cm); 1:3 (32cm height, 29cm bust); 1:4 (24.5cm height, 22cm bust). Made of fully pinnable foam (pins insert freely) with fabric, it has a plastic base. It\u2019s flexible, doubles as Nordic decor, and suits fashion experiments.","og_url":"https:\/\/deliangdisplay.com\/fr\/notre-produit\/affichages\/mannequins-de-vente-au-detail\/formulaire-vestimentaire-a-demi-echelle\/mini-mannequins-multi-tailles-12-13-14-mannequins-en-mousse-entierement-fixables-pour-le-drapage-et-la-couture\/","og_site_name":"DE-LIANG - jewelry,clothes,watch,beauty cosmetics","article_publisher":"https:\/\/www.facebook.com\/JaneZhang008\/","article_modified_time":"2025-10-21T02:57:28+00:00","og_image":[{"width":600,"height":600,"url":"https:\/\/deliangdisplay.com\/wp-content\/uploads\/2025\/10\/1-3.webp","type":"image\/webp"}],"twitter_card":"summary_large_image","twitter_site":"@ly673551729","twitter_misc":{"Dur\u00e9e de lecture estim\u00e9e":"2 minutes"},"schema":{"@context":"https:\/\/schema.org","@graph":[{"@type":"WebPage","@id":"https:\/\/deliangdisplay.com\/our-product\/displays\/retail-mannequins\/half-scale-dress-form\/multi-size-mini-mannequins-12-13-14-fully-fixable-foam-mannequins-suitable-for-draping-and-sewing\/","url":"https:\/\/deliangdisplay.com\/our-product\/displays\/retail-mannequins\/half-scale-dress-form\/multi-size-mini-mannequins-12-13-14-fully-fixable-foam-mannequins-suitable-for-draping-and-sewing\/","name":"Mini mannequins multi-tailles (1:2\/1:3\/1:4) - Mannequins en mousse enti\u00e8rement fixables pour le drapage et la couture - DE-LIANG - bijouterie, joaillerie, horlogerie, esth\u00e9tique, cosm\u00e9tique","isPartOf":{"@id":"https:\/\/deliangdisplay.com\/#website"},"primaryImageOfPage":{"@id":"https:\/\/deliangdisplay.com\/our-product\/displays\/retail-mannequins\/half-scale-dress-form\/multi-size-mini-mannequins-12-13-14-fully-fixable-foam-mannequins-suitable-for-draping-and-sewing\/#primaryimage"},"image":{"@id":"https:\/\/deliangdisplay.com\/our-product\/displays\/retail-mannequins\/half-scale-dress-form\/multi-size-mini-mannequins-12-13-14-fully-fixable-foam-mannequins-suitable-for-draping-and-sewing\/#primaryimage"},"thumbnailUrl":"https:\/\/deliangdisplay.com\/wp-content\/uploads\/2025\/10\/1-3.webp","datePublished":"2025-10-21T02:50:40+00:00","dateModified":"2025-10-21T02:57:28+00:00","breadcrumb":{"@id":"https:\/\/deliangdisplay.com\/our-product\/displays\/retail-mannequins\/half-scale-dress-form\/multi-size-mini-mannequins-12-13-14-fully-fixable-foam-mannequins-suitable-for-draping-and-sewing\/#breadcrumb"},"inLanguage":"fr-FR","potentialAction":[{"@type":"ReadAction","target":["https:\/\/deliangdisplay.com\/our-product\/displays\/retail-mannequins\/half-scale-dress-form\/multi-size-mini-mannequins-12-13-14-fully-fixable-foam-mannequins-suitable-for-draping-and-sewing\/"]}]},{"@type":"ImageObject","inLanguage":"fr-FR","@id":"https:\/\/deliangdisplay.com\/our-product\/displays\/retail-mannequins\/half-scale-dress-form\/multi-size-mini-mannequins-12-13-14-fully-fixable-foam-mannequins-suitable-for-draping-and-sewing\/#primaryimage","url":"https:\/\/deliangdisplay.com\/wp-content\/uploads\/2025\/10\/1-3.webp","contentUrl":"https:\/\/deliangdisplay.com\/wp-content\/uploads\/2025\/10\/1-3.webp","width":600,"height":600},{"@type":"BreadcrumbList","@id":"https:\/\/deliangdisplay.com\/our-product\/displays\/retail-mannequins\/half-scale-dress-form\/multi-size-mini-mannequins-12-13-14-fully-fixable-foam-mannequins-suitable-for-draping-and-sewing\/#breadcrumb","itemListElement":[{"@type":"ListItem","position":1,"name":"\u9996\u9875","item":"https:\/\/deliangdisplay.com\/"},{"@type":"ListItem","position":2,"name":"Our Product","item":"https:\/\/deliangdisplay.com\/our-product\/"},{"@type":"ListItem","position":3,"name":"Multi-size mini mannequins (1:2\/1:3\/1:4) \u2013 Fully fixable foam mannequins suitable for draping and sewing"}]},{"@type":"WebSite","@id":"https:\/\/deliangdisplay.com\/#website","url":"https:\/\/deliangdisplay.com\/","name":"deliangdisplay.com","description":"DE-LIANG - Fournit des solutions d'emballage sur mesure et des services de conception de pr\u00e9sentoirs luxueux pour les marques de bijoux, de v\u00eatements, de montres, de produits de beaut\u00e9 et de cosm\u00e9tiques, et plus encore.","publisher":{"@id":"https:\/\/deliangdisplay.com\/#organization"},"potentialAction":[{"@type":"SearchAction","target":{"@type":"EntryPoint","urlTemplate":"https:\/\/deliangdisplay.com\/?s={search_term_string}"},"query-input":{"@type":"PropertyValueSpecification","valueRequired":true,"valueName":"search_term_string"}}],"inLanguage":"fr-FR"},{"@type":"Organization","@id":"https:\/\/deliangdisplay.com\/#organization","name":"deliangdisplay.com","url":"https:\/\/deliangdisplay.com\/","logo":{"@type":"ImageObject","inLanguage":"fr-FR","@id":"https:\/\/deliangdisplay.com\/#\/schema\/logo\/image\/","url":"https:\/\/deliangdisplay.com\/wp-content\/uploads\/2025\/08\/DELIANGDISPALY_logo.png","contentUrl":"https:\/\/deliangdisplay.com\/wp-content\/uploads\/2025\/08\/DELIANGDISPALY_logo.png","width":300,"height":130,"caption":"deliangdisplay.com"},"image":{"@id":"https:\/\/deliangdisplay.com\/#\/schema\/logo\/image\/"},"sameAs":["https:\/\/www.facebook.com\/JaneZhang008\/","https:\/\/x.com\/ly673551729"]}]}},"_links":{"self":[{"href":"https:\/\/deliangdisplay.com\/fr\/wp-json\/wp\/v2\/product\/43652","targetHints":{"allow":["GET"]}}],"collection":[{"href":"https:\/\/deliangdisplay.com\/fr\/wp-json\/wp\/v2\/product"}],"about":[{"href":"https:\/\/deliangdisplay.com\/fr\/wp-json\/wp\/v2\/types\/product"}],"replies":[{"embeddable":true,"href":"https:\/\/deliangdisplay.com\/fr\/wp-json\/wp\/v2\/comments?post=43652"}],"wp:featuredmedia":[{"embeddable":true,"href":"https:\/\/deliangdisplay.com\/fr\/wp-json\/wp\/v2\/media\/43656"}],"wp:attachment":[{"href":"https:\/\/deliangdisplay.com\/fr\/wp-json\/wp\/v2\/media?parent=43652"}],"wp:term":[{"taxonomy":"product_brand","embeddable":true,"href":"https:\/\/deliangdisplay.com\/fr\/wp-json\/wp\/v2\/product_brand?post=43652"},{"taxonomy":"product_cat","embeddable":true,"href":"https:\/\/deliangdisplay.com\/fr\/wp-json\/wp\/v2\/product_cat?post=43652"},{"taxonomy":"product_tag","embeddable":true,"href":"https:\/\/deliangdisplay.com\/fr\/wp-json\/wp\/v2\/product_tag?post=43652"}],"curies":[{"name":"wp","href":"https:\/\/api.w.org\/{rel}","templated":true}]}}