{"id":43641,"date":"2025-10-21T10:45:16","date_gmt":"2025-10-21T02:45:16","guid":{"rendered":"https:\/\/deliangdisplay.com\/?post_type=product&#038;p=43641"},"modified":"2025-10-21T10:45:17","modified_gmt":"2025-10-21T02:45:17","slug":"mannequin-de-taille-6-en-metal-pour-la-couture-de-pantalons-et-de-lingerie","status":"publish","type":"product","link":"https:\/\/deliangdisplay.com\/fr\/notre-produit\/affichages\/mannequins-de-vente-au-detail\/formulaire-vestimentaire-a-demi-echelle\/mannequin-de-taille-6-en-metal-pour-la-couture-de-pantalons-et-de-lingerie\/","title":{"rendered":"Mannequin en m\u00e9tal pour la couture de pantalons et de lingerie."},"content":{"rendered":"<h3 class=\"header-iWP5WJ auto-hide-last-sibling-br\">Aper\u00e7u du produit<\/h3>\n<div class=\"auto-hide-last-sibling-br paragraph-pP9ZLC paragraph-element br-paragraph-space\">Il s'agit d'un\u00a0<strong>Robe de femme \u00e0 l'\u00e9chelle 1:2<\/strong>\u00a0(pas de taille adulte, taille 6 pour les femmes am\u00e9ricaines, l\u00e9g\u00e8rement plus grande que la taille 6 standard) con\u00e7u pour la couture, la confection, la conception de lingerie\/sous-v\u00eatements, la cr\u00e9ation de patrons de pantalons et de mini-maquettes de v\u00eatements. Il aide les cr\u00e9ateurs de mode et les \u00e9tudiants en design \u00e0 concr\u00e9tiser plus rapidement leurs id\u00e9es, \u00e0 gagner de la place et \u00e0 tester efficacement des mod\u00e8les incertains. Il est \u00e9galement portable, ce qui facilite le brainstorming et la cr\u00e9ation de v\u00eatements de petite taille par rapport aux formes vestimentaires \u00e0 l'\u00e9chelle r\u00e9elle.<\/div>\n<h3 class=\"header-iWP5WJ auto-hide-last-sibling-br\">Principales sp\u00e9cifications<\/h3>\n<ul class=\"auto-hide-last-sibling-br\">\n<li><strong>D\u00e9tails de la taille<\/strong>\n<ul class=\"auto-hide-last-sibling-br\">\n<li>Taille 6 (petite taille) : Largeur des \u00e9paules 19 cm, buste 44,5 cm, taille 36,5 cm, hanches 48,5 cm, taille 45,5 cm ; entrejambe plus large, id\u00e9al pour les mod\u00e8les de pantalons.<\/li>\n<li>Bras souples (taille compatible) : Longueur 30 cm, tour de bras 13,5 cm, tour de coude 12 cm, tour de poignet 9,5 cm.<\/li>\n<\/ul>\n<\/li>\n<li><strong>Hauteur r\u00e9glable<\/strong>: La hauteur totale se r\u00e8gle de 48,5 cm (19,1 pouces) \u00e0 81,5 cm (32,1 pouces) en tournant une vis ; la base est un support rond en m\u00e9tal noir d'un diam\u00e8tre de 17 cm (6,7 pouces).<\/li>\n<li><strong>Mat\u00e9riaux<\/strong>: Corps en fibre de verre (avec doublure en coton), envelopp\u00e9 dans un tissu en lin-coton ; couvre-nuque en m\u00e9tal moul\u00e9 sur mesure ; base en m\u00e9tal de 4 mm d'\u00e9paisseur (poli au sable et plaqu\u00e9, non peint).<\/li>\n<\/ul>\n<h3 class=\"header-iWP5WJ auto-hide-last-sibling-br\">Caract\u00e9ristiques principales<\/h3>\n<ul class=\"auto-hide-last-sibling-br\">\n<li><strong>Conception sp\u00e9cialis\u00e9e pour la lingerie et les pantalons<\/strong>: Il pr\u00e9sente une ligne de buste \u00e9troite (optimis\u00e9e pour la conception de lingerie et de sous-v\u00eatements) et un entrejambe plus large, ce qui permet de tester des mod\u00e8les de pantalons et de combler le manque de mannequins \u00e0 demi-\u00e9chelle pour les pantalons.<\/li>\n<li><strong>Pinnable et confortable<\/strong>: La surface envelopp\u00e9e de coton et de lin est douce au toucher, id\u00e9ale pour la couture et le drapage.<\/li>\n<li><strong>Durable et protecteur<\/strong>: La base m\u00e9tallique de 4 mm d'\u00e9paisseur r\u00e9siste \u00e0 l'\u00e9caillage, reste stable lors de l'\u00e9pinglage et est plus l\u00e9g\u00e8re que le mod\u00e8le original de 5 mm pour une utilisation plus ais\u00e9e.<\/li>\n<li><strong>Peu encombrant et portable<\/strong>: La taille compacte en demi-\u00e9chelle permet d'\u00e9conomiser de l'espace de stockage ; la construction l\u00e9g\u00e8re permet un transport facile, adapt\u00e9 aux petits espaces de travail ou aux t\u00e2ches de conception en d\u00e9placement.<\/li>\n<\/ul>","protected":false},"excerpt":{"rendered":"<p>Ce mod\u00e8le de robe f\u00e9minine \u00e0 l'\u00e9chelle 1:2 (taille 6 petite, pas taille adulte) convient \u00e0 la conception de lingerie, \u00e0 la r\u00e9alisation de patrons de pantalons, \u00e0 la couture et \u00e0 la confection. Caract\u00e9ristiques principales : \u00e9paule 19 cm, buste 44,5 cm (mince), taille 36,5 cm, hanches 48,5 cm, hauteur du corps 45,5 cm - avec un entrejambe plus large. La hauteur totale s'ajuste de 48,5 \u00e0 81,5 cm \u00e0 l'aide d'une vis. Fabriqu\u00e9 en fibre de verre (doubl\u00e9e de coton) et en tissu coton-lin, il est dot\u00e9 d'une base m\u00e9tallique de 17 cm, d'un couvre-nuque en m\u00e9tal, et est portable, peu encombrant pour les designers\/\u00e9tudiants.<\/p>","protected":false},"featured_media":43651,"comment_status":"open","ping_status":"closed","template":"","meta":{"_acf_changed":false},"product_brand":[84],"product_cat":[578],"product_tag":[579,582,602,626,586,591,622,587,625,606,627,624,623,621,628],"class_list":{"0":"post-43641","1":"product","2":"type-product","3":"status-publish","4":"has-post-thumbnail","6":"product_brand-de-liang","7":"product_cat-half-scale-dress-form","8":"product_tag-12-half-scale-dress-form","9":"product_tag-adjustable-height-dress-form","10":"product_tag-cotton-linen-dress-form","11":"product_tag-female-tailor-dress-form","12":"product_tag-fiberglass-dress-form","13":"product_tag-half-scale-female-mannequin","14":"product_tag-lingerie-sewing-mannequin","15":"product_tag-metal-base-dress-form","16":"product_tag-mini-garment-design-mannequin","17":"product_tag-pinnable-miniature-mannequin","18":"product_tag-portable-sewing-dummy","19":"product_tag-slim-bust-dress-form","20":"product_tag-trouser-pattern-making-dummy","21":"product_tag-us-size-6-petite-dress-form","22":"product_tag-wide-crotch-dress-form","24":"first","25":"instock","26":"shipping-taxable","27":"purchasable","28":"product-type-simple"},"acf":[],"yoast_head":"<!-- This site is optimized with the Yoast SEO plugin v27.4 - https:\/\/yoast.com\/product\/yoast-seo-wordpress\/ -->\n<title>Half-Scale US Size 6 Dress Form \u2013 Metal Base Mannequin for Trouser &amp; Lingerie Sewing - DE-LIANG - jewelry,clothes,watch,beauty cosmetics<\/title>\n<meta name=\"robots\" content=\"index, follow, max-snippet:-1, max-image-preview:large, max-video-preview:-1\" \/>\n<link rel=\"canonical\" href=\"https:\/\/deliangdisplay.com\/fr\/notre-produit\/affichages\/mannequins-de-vente-au-detail\/formulaire-vestimentaire-a-demi-echelle\/mannequin-de-taille-6-en-metal-pour-la-couture-de-pantalons-et-de-lingerie\/\" \/>\n<meta property=\"og:locale\" content=\"fr_FR\" \/>\n<meta property=\"og:type\" content=\"article\" \/>\n<meta property=\"og:title\" content=\"Half-Scale US Size 6 Dress Form \u2013 Metal Base Mannequin for Trouser &amp; Lingerie Sewing - DE-LIANG - jewelry,clothes,watch,beauty cosmetics\" \/>\n<meta property=\"og:description\" content=\"This 1:2 half-scale female dress form (US Size 6 petite, not adult size) suits lingerie design, trouser pattern making, sewing, and tailoring. Key specs: shoulder 19cm, bust 44.5cm (slim), waist 36.5cm, hips 48.5cm, body height 45.5cm\u2014with wider crotch. Total height adjusts 48.5\u201381.5cm via a screw. Made of fiberglass (cotton-lined) with cotton-linen fabric, it has a 17cm metal base, metal neck cover, and is pinnable\u2014portable, space-saving for designers\/students.\" \/>\n<meta property=\"og:url\" content=\"https:\/\/deliangdisplay.com\/fr\/notre-produit\/affichages\/mannequins-de-vente-au-detail\/formulaire-vestimentaire-a-demi-echelle\/mannequin-de-taille-6-en-metal-pour-la-couture-de-pantalons-et-de-lingerie\/\" \/>\n<meta property=\"og:site_name\" content=\"DE-LIANG - jewelry,clothes,watch,beauty cosmetics\" \/>\n<meta property=\"article:publisher\" content=\"https:\/\/www.facebook.com\/JaneZhang008\/\" \/>\n<meta property=\"article:modified_time\" content=\"2025-10-21T02:45:17+00:00\" \/>\n<meta property=\"og:image\" content=\"https:\/\/deliangdisplay.com\/wp-content\/uploads\/2025\/10\/3-2.webp\" \/>\n\t<meta property=\"og:image:width\" content=\"600\" \/>\n\t<meta property=\"og:image:height\" content=\"600\" \/>\n\t<meta property=\"og:image:type\" content=\"image\/webp\" \/>\n<meta name=\"twitter:card\" content=\"summary_large_image\" \/>\n<meta name=\"twitter:site\" content=\"@ly673551729\" \/>\n<meta name=\"twitter:label1\" content=\"Dur\u00e9e de lecture estim\u00e9e\" \/>\n\t<meta name=\"twitter:data1\" content=\"2 minutes\" \/>\n<script type=\"application\/ld+json\" class=\"yoast-schema-graph\">{\"@context\":\"https:\\\/\\\/schema.org\",\"@graph\":[{\"@type\":\"WebPage\",\"@id\":\"https:\\\/\\\/deliangdisplay.com\\\/our-product\\\/displays\\\/retail-mannequins\\\/half-scale-dress-form\\\/half-scale-us-size-6-dress-form-metal-base-mannequin-for-trouser-lingerie-sewing\\\/\",\"url\":\"https:\\\/\\\/deliangdisplay.com\\\/our-product\\\/displays\\\/retail-mannequins\\\/half-scale-dress-form\\\/half-scale-us-size-6-dress-form-metal-base-mannequin-for-trouser-lingerie-sewing\\\/\",\"name\":\"Half-Scale US Size 6 Dress Form \u2013 Metal Base Mannequin for Trouser & Lingerie Sewing - DE-LIANG - jewelry,clothes,watch,beauty cosmetics\",\"isPartOf\":{\"@id\":\"https:\\\/\\\/deliangdisplay.com\\\/#website\"},\"primaryImageOfPage\":{\"@id\":\"https:\\\/\\\/deliangdisplay.com\\\/our-product\\\/displays\\\/retail-mannequins\\\/half-scale-dress-form\\\/half-scale-us-size-6-dress-form-metal-base-mannequin-for-trouser-lingerie-sewing\\\/#primaryimage\"},\"image\":{\"@id\":\"https:\\\/\\\/deliangdisplay.com\\\/our-product\\\/displays\\\/retail-mannequins\\\/half-scale-dress-form\\\/half-scale-us-size-6-dress-form-metal-base-mannequin-for-trouser-lingerie-sewing\\\/#primaryimage\"},\"thumbnailUrl\":\"https:\\\/\\\/deliangdisplay.com\\\/wp-content\\\/uploads\\\/2025\\\/10\\\/3-2.webp\",\"datePublished\":\"2025-10-21T02:45:16+00:00\",\"dateModified\":\"2025-10-21T02:45:17+00:00\",\"breadcrumb\":{\"@id\":\"https:\\\/\\\/deliangdisplay.com\\\/our-product\\\/displays\\\/retail-mannequins\\\/half-scale-dress-form\\\/half-scale-us-size-6-dress-form-metal-base-mannequin-for-trouser-lingerie-sewing\\\/#breadcrumb\"},\"inLanguage\":\"fr-FR\",\"potentialAction\":[{\"@type\":\"ReadAction\",\"target\":[\"https:\\\/\\\/deliangdisplay.com\\\/our-product\\\/displays\\\/retail-mannequins\\\/half-scale-dress-form\\\/half-scale-us-size-6-dress-form-metal-base-mannequin-for-trouser-lingerie-sewing\\\/\"]}]},{\"@type\":\"ImageObject\",\"inLanguage\":\"fr-FR\",\"@id\":\"https:\\\/\\\/deliangdisplay.com\\\/our-product\\\/displays\\\/retail-mannequins\\\/half-scale-dress-form\\\/half-scale-us-size-6-dress-form-metal-base-mannequin-for-trouser-lingerie-sewing\\\/#primaryimage\",\"url\":\"https:\\\/\\\/deliangdisplay.com\\\/wp-content\\\/uploads\\\/2025\\\/10\\\/3-2.webp\",\"contentUrl\":\"https:\\\/\\\/deliangdisplay.com\\\/wp-content\\\/uploads\\\/2025\\\/10\\\/3-2.webp\",\"width\":600,\"height\":600},{\"@type\":\"BreadcrumbList\",\"@id\":\"https:\\\/\\\/deliangdisplay.com\\\/our-product\\\/displays\\\/retail-mannequins\\\/half-scale-dress-form\\\/half-scale-us-size-6-dress-form-metal-base-mannequin-for-trouser-lingerie-sewing\\\/#breadcrumb\",\"itemListElement\":[{\"@type\":\"ListItem\",\"position\":1,\"name\":\"\u9996\u9875\",\"item\":\"https:\\\/\\\/deliangdisplay.com\\\/\"},{\"@type\":\"ListItem\",\"position\":2,\"name\":\"Our Product\",\"item\":\"https:\\\/\\\/deliangdisplay.com\\\/our-product\\\/\"},{\"@type\":\"ListItem\",\"position\":3,\"name\":\"Half-Scale US Size 6 Dress Form \u2013 Metal Base Mannequin for Trouser &#038; Lingerie Sewing\"}]},{\"@type\":\"WebSite\",\"@id\":\"https:\\\/\\\/deliangdisplay.com\\\/#website\",\"url\":\"https:\\\/\\\/deliangdisplay.com\\\/\",\"name\":\"deliangdisplay.com\",\"description\":\"DE-LIANG - Providing bespoke packaging solutions and luxurious display design services for brands in jewelry, apparel, watches, beauty cosmetics, and more.\",\"publisher\":{\"@id\":\"https:\\\/\\\/deliangdisplay.com\\\/#organization\"},\"potentialAction\":[{\"@type\":\"SearchAction\",\"target\":{\"@type\":\"EntryPoint\",\"urlTemplate\":\"https:\\\/\\\/deliangdisplay.com\\\/?s={search_term_string}\"},\"query-input\":{\"@type\":\"PropertyValueSpecification\",\"valueRequired\":true,\"valueName\":\"search_term_string\"}}],\"inLanguage\":\"fr-FR\"},{\"@type\":\"Organization\",\"@id\":\"https:\\\/\\\/deliangdisplay.com\\\/#organization\",\"name\":\"deliangdisplay.com\",\"url\":\"https:\\\/\\\/deliangdisplay.com\\\/\",\"logo\":{\"@type\":\"ImageObject\",\"inLanguage\":\"fr-FR\",\"@id\":\"https:\\\/\\\/deliangdisplay.com\\\/#\\\/schema\\\/logo\\\/image\\\/\",\"url\":\"https:\\\/\\\/deliangdisplay.com\\\/wp-content\\\/uploads\\\/2025\\\/08\\\/DELIANGDISPALY_logo.png\",\"contentUrl\":\"https:\\\/\\\/deliangdisplay.com\\\/wp-content\\\/uploads\\\/2025\\\/08\\\/DELIANGDISPALY_logo.png\",\"width\":300,\"height\":130,\"caption\":\"deliangdisplay.com\"},\"image\":{\"@id\":\"https:\\\/\\\/deliangdisplay.com\\\/#\\\/schema\\\/logo\\\/image\\\/\"},\"sameAs\":[\"https:\\\/\\\/www.facebook.com\\\/JaneZhang008\\\/\",\"https:\\\/\\\/x.com\\\/ly673551729\"]}]}<\/script>\n<!-- \/ Yoast SEO plugin. -->","yoast_head_json":{"title":"Mannequin en m\u00e9tal pour la couture de pantalons et de lingerie - DE-LIANG - bijoux, v\u00eatements, montres, beaut\u00e9 et cosm\u00e9tique","robots":{"index":"index","follow":"follow","max-snippet":"max-snippet:-1","max-image-preview":"max-image-preview:large","max-video-preview":"max-video-preview:-1"},"canonical":"https:\/\/deliangdisplay.com\/fr\/notre-produit\/affichages\/mannequins-de-vente-au-detail\/formulaire-vestimentaire-a-demi-echelle\/mannequin-de-taille-6-en-metal-pour-la-couture-de-pantalons-et-de-lingerie\/","og_locale":"fr_FR","og_type":"article","og_title":"Half-Scale US Size 6 Dress Form \u2013 Metal Base Mannequin for Trouser & Lingerie Sewing - DE-LIANG - jewelry,clothes,watch,beauty cosmetics","og_description":"This 1:2 half-scale female dress form (US Size 6 petite, not adult size) suits lingerie design, trouser pattern making, sewing, and tailoring. Key specs: shoulder 19cm, bust 44.5cm (slim), waist 36.5cm, hips 48.5cm, body height 45.5cm\u2014with wider crotch. Total height adjusts 48.5\u201381.5cm via a screw. Made of fiberglass (cotton-lined) with cotton-linen fabric, it has a 17cm metal base, metal neck cover, and is pinnable\u2014portable, space-saving for designers\/students.","og_url":"https:\/\/deliangdisplay.com\/fr\/notre-produit\/affichages\/mannequins-de-vente-au-detail\/formulaire-vestimentaire-a-demi-echelle\/mannequin-de-taille-6-en-metal-pour-la-couture-de-pantalons-et-de-lingerie\/","og_site_name":"DE-LIANG - jewelry,clothes,watch,beauty cosmetics","article_publisher":"https:\/\/www.facebook.com\/JaneZhang008\/","article_modified_time":"2025-10-21T02:45:17+00:00","og_image":[{"width":600,"height":600,"url":"https:\/\/deliangdisplay.com\/wp-content\/uploads\/2025\/10\/3-2.webp","type":"image\/webp"}],"twitter_card":"summary_large_image","twitter_site":"@ly673551729","twitter_misc":{"Dur\u00e9e de lecture estim\u00e9e":"2 minutes"},"schema":{"@context":"https:\/\/schema.org","@graph":[{"@type":"WebPage","@id":"https:\/\/deliangdisplay.com\/our-product\/displays\/retail-mannequins\/half-scale-dress-form\/half-scale-us-size-6-dress-form-metal-base-mannequin-for-trouser-lingerie-sewing\/","url":"https:\/\/deliangdisplay.com\/our-product\/displays\/retail-mannequins\/half-scale-dress-form\/half-scale-us-size-6-dress-form-metal-base-mannequin-for-trouser-lingerie-sewing\/","name":"Mannequin en m\u00e9tal pour la couture de pantalons et de lingerie - DE-LIANG - bijoux, v\u00eatements, montres, beaut\u00e9 et cosm\u00e9tique","isPartOf":{"@id":"https:\/\/deliangdisplay.com\/#website"},"primaryImageOfPage":{"@id":"https:\/\/deliangdisplay.com\/our-product\/displays\/retail-mannequins\/half-scale-dress-form\/half-scale-us-size-6-dress-form-metal-base-mannequin-for-trouser-lingerie-sewing\/#primaryimage"},"image":{"@id":"https:\/\/deliangdisplay.com\/our-product\/displays\/retail-mannequins\/half-scale-dress-form\/half-scale-us-size-6-dress-form-metal-base-mannequin-for-trouser-lingerie-sewing\/#primaryimage"},"thumbnailUrl":"https:\/\/deliangdisplay.com\/wp-content\/uploads\/2025\/10\/3-2.webp","datePublished":"2025-10-21T02:45:16+00:00","dateModified":"2025-10-21T02:45:17+00:00","breadcrumb":{"@id":"https:\/\/deliangdisplay.com\/our-product\/displays\/retail-mannequins\/half-scale-dress-form\/half-scale-us-size-6-dress-form-metal-base-mannequin-for-trouser-lingerie-sewing\/#breadcrumb"},"inLanguage":"fr-FR","potentialAction":[{"@type":"ReadAction","target":["https:\/\/deliangdisplay.com\/our-product\/displays\/retail-mannequins\/half-scale-dress-form\/half-scale-us-size-6-dress-form-metal-base-mannequin-for-trouser-lingerie-sewing\/"]}]},{"@type":"ImageObject","inLanguage":"fr-FR","@id":"https:\/\/deliangdisplay.com\/our-product\/displays\/retail-mannequins\/half-scale-dress-form\/half-scale-us-size-6-dress-form-metal-base-mannequin-for-trouser-lingerie-sewing\/#primaryimage","url":"https:\/\/deliangdisplay.com\/wp-content\/uploads\/2025\/10\/3-2.webp","contentUrl":"https:\/\/deliangdisplay.com\/wp-content\/uploads\/2025\/10\/3-2.webp","width":600,"height":600},{"@type":"BreadcrumbList","@id":"https:\/\/deliangdisplay.com\/our-product\/displays\/retail-mannequins\/half-scale-dress-form\/half-scale-us-size-6-dress-form-metal-base-mannequin-for-trouser-lingerie-sewing\/#breadcrumb","itemListElement":[{"@type":"ListItem","position":1,"name":"\u9996\u9875","item":"https:\/\/deliangdisplay.com\/"},{"@type":"ListItem","position":2,"name":"Our Product","item":"https:\/\/deliangdisplay.com\/our-product\/"},{"@type":"ListItem","position":3,"name":"Half-Scale US Size 6 Dress Form \u2013 Metal Base Mannequin for Trouser &#038; Lingerie Sewing"}]},{"@type":"WebSite","@id":"https:\/\/deliangdisplay.com\/#website","url":"https:\/\/deliangdisplay.com\/","name":"deliangdisplay.com","description":"DE-LIANG - Fournit des solutions d'emballage sur mesure et des services de conception de pr\u00e9sentoirs luxueux pour les marques de bijoux, de v\u00eatements, de montres, de produits de beaut\u00e9 et de cosm\u00e9tiques, et plus encore.","publisher":{"@id":"https:\/\/deliangdisplay.com\/#organization"},"potentialAction":[{"@type":"SearchAction","target":{"@type":"EntryPoint","urlTemplate":"https:\/\/deliangdisplay.com\/?s={search_term_string}"},"query-input":{"@type":"PropertyValueSpecification","valueRequired":true,"valueName":"search_term_string"}}],"inLanguage":"fr-FR"},{"@type":"Organization","@id":"https:\/\/deliangdisplay.com\/#organization","name":"deliangdisplay.com","url":"https:\/\/deliangdisplay.com\/","logo":{"@type":"ImageObject","inLanguage":"fr-FR","@id":"https:\/\/deliangdisplay.com\/#\/schema\/logo\/image\/","url":"https:\/\/deliangdisplay.com\/wp-content\/uploads\/2025\/08\/DELIANGDISPALY_logo.png","contentUrl":"https:\/\/deliangdisplay.com\/wp-content\/uploads\/2025\/08\/DELIANGDISPALY_logo.png","width":300,"height":130,"caption":"deliangdisplay.com"},"image":{"@id":"https:\/\/deliangdisplay.com\/#\/schema\/logo\/image\/"},"sameAs":["https:\/\/www.facebook.com\/JaneZhang008\/","https:\/\/x.com\/ly673551729"]}]}},"_links":{"self":[{"href":"https:\/\/deliangdisplay.com\/fr\/wp-json\/wp\/v2\/product\/43641","targetHints":{"allow":["GET"]}}],"collection":[{"href":"https:\/\/deliangdisplay.com\/fr\/wp-json\/wp\/v2\/product"}],"about":[{"href":"https:\/\/deliangdisplay.com\/fr\/wp-json\/wp\/v2\/types\/product"}],"replies":[{"embeddable":true,"href":"https:\/\/deliangdisplay.com\/fr\/wp-json\/wp\/v2\/comments?post=43641"}],"wp:featuredmedia":[{"embeddable":true,"href":"https:\/\/deliangdisplay.com\/fr\/wp-json\/wp\/v2\/media\/43651"}],"wp:attachment":[{"href":"https:\/\/deliangdisplay.com\/fr\/wp-json\/wp\/v2\/media?parent=43641"}],"wp:term":[{"taxonomy":"product_brand","embeddable":true,"href":"https:\/\/deliangdisplay.com\/fr\/wp-json\/wp\/v2\/product_brand?post=43641"},{"taxonomy":"product_cat","embeddable":true,"href":"https:\/\/deliangdisplay.com\/fr\/wp-json\/wp\/v2\/product_cat?post=43641"},{"taxonomy":"product_tag","embeddable":true,"href":"https:\/\/deliangdisplay.com\/fr\/wp-json\/wp\/v2\/product_tag?post=43641"}],"curies":[{"name":"wp","href":"https:\/\/api.w.org\/{rel}","templated":true}]}}