{"id":43621,"date":"2025-10-21T10:23:48","date_gmt":"2025-10-21T02:23:48","guid":{"rendered":"https:\/\/deliangdisplay.com\/?post_type=product&#038;p=43621"},"modified":"2025-10-21T10:23:48","modified_gmt":"2025-10-21T02:23:48","slug":"mannequin-de-taille-6-en-fibre-de-verre-pour-laffichage-du-design","status":"publish","type":"product","link":"https:\/\/deliangdisplay.com\/fr\/notre-produit\/affichages\/mannequins-de-vente-au-detail\/formulaire-vestimentaire-a-demi-echelle\/mannequin-de-taille-6-en-fibre-de-verre-pour-laffichage-du-design\/","title":{"rendered":"Demi-forme vestimentaire taille 6 - Mini mannequin en fibre de verre pour le design et l'exposition"},"content":{"rendered":"<h3 class=\"header-iWP5WJ auto-hide-last-sibling-br\">Aper\u00e7u du produit<\/h3>\n<div class=\"auto-hide-last-sibling-br paragraph-pP9ZLC paragraph-element br-paragraph-space\">Il s'agit d'un\u00a0<strong>Robe de femme \u00e0 l'\u00e9chelle 1:2<\/strong>\u00a0(pas de taille adulte, taille 6) con\u00e7u pour la couture, la confection, la pratique du drapage, la formation \u00e0 la conception de mini-v\u00eatements et la pr\u00e9sentation de petits v\u00eatements\/bijoux de mode. Il permet d'\u00e9conomiser du tissu et du temps par rapport aux formes de v\u00eatements pour adultes de taille normale, en permettant des essais et des ajustements r\u00e9p\u00e9t\u00e9s des styles de v\u00eatements, ce qui est id\u00e9al pour r\u00e9duire la complexit\u00e9 du travail de conception.<\/div>\n<h3 class=\"header-iWP5WJ auto-hide-last-sibling-br\">Principales sp\u00e9cifications<\/h3>\n<ul class=\"auto-hide-last-sibling-br\">\n<li><strong>D\u00e9tails de la taille<\/strong>: Taille 6 (fabriqu\u00e9e \u00e0 la main avec une tol\u00e9rance de \u00b10,5 cm) - largeur des \u00e9paules 19,5 cm, poitrine 42,5 cm, taille 33,5 cm, hanches 45,5 cm, hauteur du corps 43 cm.<\/li>\n<li><strong>Hauteur r\u00e9glable<\/strong>: La hauteur totale s'ajuste d'environ 45,5 cm \u00e0 77,5 cm en tournant une vis ; la base est un support rond en m\u00e9tal noir d'un diam\u00e8tre de 17 cm.<\/li>\n<li><strong>Poids et mat\u00e9riaux<\/strong>: Poids : 2,3-2,5 kg (base comprise) ; corps en fibre de verre (avec doublure int\u00e9rieure en coton) et envelopp\u00e9 dans un tissu en lin beige ; base et poteau de soutien en m\u00e9tal am\u00e9lior\u00e9.<\/li>\n<\/ul>\n<h3 class=\"header-iWP5WJ auto-hide-last-sibling-br\">Caract\u00e9ristiques principales<\/h3>\n<ul class=\"auto-hide-last-sibling-br\">\n<li><strong>Pinnable Design<\/strong>: Peut \u00eatre \u00e9pingl\u00e9 \u00e0 un angle (pas compl\u00e8tement \u00e9pinglable en raison du mat\u00e9riau en fibre de verre) pour fixer le tissu pendant la couture, la coupe ou le drapage, garantissant ainsi des ajustements pr\u00e9cis du v\u00eatement.<\/li>\n<li><strong>Portable et peu encombrant<\/strong>: L\u00e9ger (2,3-2,5 kg) pour un transport facile, et compact pour \u00e9conomiser de l'espace de stockage et de pr\u00e9sentation, adapt\u00e9 aux petites zones de travail ou aux comptoirs de vente au d\u00e9tail.<\/li>\n<li><strong>Stabilit\u00e9 durable<\/strong>: Le support en m\u00e9tal am\u00e9lior\u00e9 et le corps en fibre de verre assurent la solidit\u00e9 de l'appareil, capable de supporter des v\u00eatements miniatures, des v\u00eatements, des robes de mari\u00e9e et des fournitures d\u00e9coratives sans basculer facilement.<\/li>\n<li><strong>Utilisation polyvalente<\/strong>: Convient \u00e0 la formation au stylisme, \u00e0 la pratique de la coupe et du drapage, \u00e0 la pr\u00e9sentation de mini-v\u00eatements et m\u00eame \u00e0 la pr\u00e9sentation de bijoux sur un comptoir - r\u00e9pond aux multiples besoins fonctionnels des stylistes et des d\u00e9taillants.<\/li>\n<\/ul>","protected":false},"excerpt":{"rendered":"<p>Ce mod\u00e8le de robe f\u00e9minine \u00e0 l'\u00e9chelle 1:2 (taille 6, pas de taille adulte) est id\u00e9al pour la couture, le drapage et la conception de mini-v\u00eatements. La largeur des \u00e9paules est de 19,5 cm, le buste de 42,5 cm, la taille de 33,5 cm et les hanches de 45,5 cm (tol\u00e9rance de \u00b10,5 cm). La hauteur est r\u00e9glable de 45,5 \u00e0 77,5 cm \u00e0 l'aide d'une vis. Fabriqu\u00e9 en fibre de verre (doubl\u00e9e de coton) avec du lin beige, il peut \u00eatre inclin\u00e9, est l\u00e9ger (2,3-2,5 kg) et robuste - il permet d'\u00e9conomiser du tissu et du temps, convient \u00e0 la formation en design ou \u00e0 l'exposition de petits v\u00eatements\/bijoux.<\/p>","protected":false},"featured_media":43626,"comment_status":"open","ping_status":"closed","template":"","meta":{"_acf_changed":false},"product_brand":[84],"product_cat":[578],"product_tag":[579,582,607,611,610,605,586,591,613,608,587,609,606,604,612],"class_list":{"0":"post-43621","1":"product","2":"type-product","3":"status-publish","4":"has-post-thumbnail","6":"product_brand-de-liang","7":"product_cat-half-scale-dress-form","8":"product_tag-12-half-scale-dress-form","9":"product_tag-adjustable-height-dress-form","10":"product_tag-beige-linen-dress-form","11":"product_tag-draping-practice-mannequin","12":"product_tag-fashion-training-dress-form","13":"product_tag-female-sewing-mannequin","14":"product_tag-fiberglass-dress-form","15":"product_tag-half-scale-female-mannequin","16":"product_tag-jewelry-display-dress-form","17":"product_tag-lightweight-dress-form","18":"product_tag-metal-base-dress-form","19":"product_tag-mini-garment-design-dummy","20":"product_tag-pinnable-miniature-mannequin","21":"product_tag-size-6-mini-dress-form","22":"product_tag-small-clothing-display-mannequin","24":"first","25":"instock","26":"shipping-taxable","27":"purchasable","28":"product-type-simple"},"acf":[],"yoast_head":"<!-- This site is optimized with the Yoast SEO plugin v27.4 - https:\/\/yoast.com\/product\/yoast-seo-wordpress\/ -->\n<title>Half-Scale Size 6 Dress Form \u2013 Fiberglass Mini Mannequin for Design &amp; Display - DE-LIANG - jewelry,clothes,watch,beauty cosmetics<\/title>\n<meta name=\"robots\" content=\"index, follow, max-snippet:-1, max-image-preview:large, max-video-preview:-1\" \/>\n<link rel=\"canonical\" href=\"https:\/\/deliangdisplay.com\/fr\/notre-produit\/affichages\/mannequins-de-vente-au-detail\/formulaire-vestimentaire-a-demi-echelle\/mannequin-de-taille-6-en-fibre-de-verre-pour-laffichage-du-design\/\" \/>\n<meta property=\"og:locale\" content=\"fr_FR\" \/>\n<meta property=\"og:type\" content=\"article\" \/>\n<meta property=\"og:title\" content=\"Half-Scale Size 6 Dress Form \u2013 Fiberglass Mini Mannequin for Design &amp; Display - DE-LIANG - jewelry,clothes,watch,beauty cosmetics\" \/>\n<meta property=\"og:description\" content=\"This 1:2 half-scale female dress form (Size 6, not adult size) is ideal for sewing, draping, and mini garment design. It has shoulder width 19.5cm, bust 42.5cm, waist 33.5cm, hips 45.5cm (\u00b10.5cm tolerance). Height adjusts 45.5\u201377.5cm via a screw. Made of fiberglass (cotton-lined) with beige linen, it\u2019s pinnable at an angle, lightweight (2.3\u20132.5kg), and sturdy\u2014saves fabric\/time, fits design training or small clothing\/jewelry display.\" \/>\n<meta property=\"og:url\" content=\"https:\/\/deliangdisplay.com\/fr\/notre-produit\/affichages\/mannequins-de-vente-au-detail\/formulaire-vestimentaire-a-demi-echelle\/mannequin-de-taille-6-en-fibre-de-verre-pour-laffichage-du-design\/\" \/>\n<meta property=\"og:site_name\" content=\"DE-LIANG - jewelry,clothes,watch,beauty cosmetics\" \/>\n<meta property=\"article:publisher\" content=\"https:\/\/www.facebook.com\/JaneZhang008\/\" \/>\n<meta property=\"og:image\" content=\"https:\/\/deliangdisplay.com\/wp-content\/uploads\/2025\/10\/31.webp\" \/>\n\t<meta property=\"og:image:width\" content=\"600\" \/>\n\t<meta property=\"og:image:height\" content=\"600\" \/>\n\t<meta property=\"og:image:type\" content=\"image\/webp\" \/>\n<meta name=\"twitter:card\" content=\"summary_large_image\" \/>\n<meta name=\"twitter:site\" content=\"@ly673551729\" \/>\n<meta name=\"twitter:label1\" content=\"Dur\u00e9e de lecture estim\u00e9e\" \/>\n\t<meta name=\"twitter:data1\" content=\"2 minutes\" \/>\n<script type=\"application\/ld+json\" class=\"yoast-schema-graph\">{\"@context\":\"https:\\\/\\\/schema.org\",\"@graph\":[{\"@type\":\"WebPage\",\"@id\":\"https:\\\/\\\/deliangdisplay.com\\\/our-product\\\/displays\\\/retail-mannequins\\\/half-scale-dress-form\\\/half-scale-size-6-dress-form-fiberglass-mini-mannequin-for-design-display\\\/\",\"url\":\"https:\\\/\\\/deliangdisplay.com\\\/our-product\\\/displays\\\/retail-mannequins\\\/half-scale-dress-form\\\/half-scale-size-6-dress-form-fiberglass-mini-mannequin-for-design-display\\\/\",\"name\":\"Half-Scale Size 6 Dress Form \u2013 Fiberglass Mini Mannequin for Design & Display - DE-LIANG - jewelry,clothes,watch,beauty cosmetics\",\"isPartOf\":{\"@id\":\"https:\\\/\\\/deliangdisplay.com\\\/#website\"},\"primaryImageOfPage\":{\"@id\":\"https:\\\/\\\/deliangdisplay.com\\\/our-product\\\/displays\\\/retail-mannequins\\\/half-scale-dress-form\\\/half-scale-size-6-dress-form-fiberglass-mini-mannequin-for-design-display\\\/#primaryimage\"},\"image\":{\"@id\":\"https:\\\/\\\/deliangdisplay.com\\\/our-product\\\/displays\\\/retail-mannequins\\\/half-scale-dress-form\\\/half-scale-size-6-dress-form-fiberglass-mini-mannequin-for-design-display\\\/#primaryimage\"},\"thumbnailUrl\":\"https:\\\/\\\/deliangdisplay.com\\\/wp-content\\\/uploads\\\/2025\\\/10\\\/31.webp\",\"datePublished\":\"2025-10-21T02:23:48+00:00\",\"breadcrumb\":{\"@id\":\"https:\\\/\\\/deliangdisplay.com\\\/our-product\\\/displays\\\/retail-mannequins\\\/half-scale-dress-form\\\/half-scale-size-6-dress-form-fiberglass-mini-mannequin-for-design-display\\\/#breadcrumb\"},\"inLanguage\":\"fr-FR\",\"potentialAction\":[{\"@type\":\"ReadAction\",\"target\":[\"https:\\\/\\\/deliangdisplay.com\\\/our-product\\\/displays\\\/retail-mannequins\\\/half-scale-dress-form\\\/half-scale-size-6-dress-form-fiberglass-mini-mannequin-for-design-display\\\/\"]}]},{\"@type\":\"ImageObject\",\"inLanguage\":\"fr-FR\",\"@id\":\"https:\\\/\\\/deliangdisplay.com\\\/our-product\\\/displays\\\/retail-mannequins\\\/half-scale-dress-form\\\/half-scale-size-6-dress-form-fiberglass-mini-mannequin-for-design-display\\\/#primaryimage\",\"url\":\"https:\\\/\\\/deliangdisplay.com\\\/wp-content\\\/uploads\\\/2025\\\/10\\\/31.webp\",\"contentUrl\":\"https:\\\/\\\/deliangdisplay.com\\\/wp-content\\\/uploads\\\/2025\\\/10\\\/31.webp\",\"width\":600,\"height\":600},{\"@type\":\"BreadcrumbList\",\"@id\":\"https:\\\/\\\/deliangdisplay.com\\\/our-product\\\/displays\\\/retail-mannequins\\\/half-scale-dress-form\\\/half-scale-size-6-dress-form-fiberglass-mini-mannequin-for-design-display\\\/#breadcrumb\",\"itemListElement\":[{\"@type\":\"ListItem\",\"position\":1,\"name\":\"\u9996\u9875\",\"item\":\"https:\\\/\\\/deliangdisplay.com\\\/\"},{\"@type\":\"ListItem\",\"position\":2,\"name\":\"Our Product\",\"item\":\"https:\\\/\\\/deliangdisplay.com\\\/our-product\\\/\"},{\"@type\":\"ListItem\",\"position\":3,\"name\":\"Half-Scale Size 6 Dress Form \u2013 Fiberglass Mini Mannequin for Design &#038; Display\"}]},{\"@type\":\"WebSite\",\"@id\":\"https:\\\/\\\/deliangdisplay.com\\\/#website\",\"url\":\"https:\\\/\\\/deliangdisplay.com\\\/\",\"name\":\"deliangdisplay.com\",\"description\":\"DE-LIANG - Providing bespoke packaging solutions and luxurious display design services for brands in jewelry, apparel, watches, beauty cosmetics, and more.\",\"publisher\":{\"@id\":\"https:\\\/\\\/deliangdisplay.com\\\/#organization\"},\"potentialAction\":[{\"@type\":\"SearchAction\",\"target\":{\"@type\":\"EntryPoint\",\"urlTemplate\":\"https:\\\/\\\/deliangdisplay.com\\\/?s={search_term_string}\"},\"query-input\":{\"@type\":\"PropertyValueSpecification\",\"valueRequired\":true,\"valueName\":\"search_term_string\"}}],\"inLanguage\":\"fr-FR\"},{\"@type\":\"Organization\",\"@id\":\"https:\\\/\\\/deliangdisplay.com\\\/#organization\",\"name\":\"deliangdisplay.com\",\"url\":\"https:\\\/\\\/deliangdisplay.com\\\/\",\"logo\":{\"@type\":\"ImageObject\",\"inLanguage\":\"fr-FR\",\"@id\":\"https:\\\/\\\/deliangdisplay.com\\\/#\\\/schema\\\/logo\\\/image\\\/\",\"url\":\"https:\\\/\\\/deliangdisplay.com\\\/wp-content\\\/uploads\\\/2025\\\/08\\\/DELIANGDISPALY_logo.png\",\"contentUrl\":\"https:\\\/\\\/deliangdisplay.com\\\/wp-content\\\/uploads\\\/2025\\\/08\\\/DELIANGDISPALY_logo.png\",\"width\":300,\"height\":130,\"caption\":\"deliangdisplay.com\"},\"image\":{\"@id\":\"https:\\\/\\\/deliangdisplay.com\\\/#\\\/schema\\\/logo\\\/image\\\/\"},\"sameAs\":[\"https:\\\/\\\/www.facebook.com\\\/JaneZhang008\\\/\",\"https:\\\/\\\/x.com\\\/ly673551729\"]}]}<\/script>\n<!-- \/ Yoast SEO plugin. -->","yoast_head_json":{"title":"Demi-forme vestimentaire taille 6 - Mini mannequin en fibre de verre pour le design et la pr\u00e9sentation - DE-LIANG - bijoux,v\u00eatements,montres,beaut\u00e9,cosm\u00e9tique","robots":{"index":"index","follow":"follow","max-snippet":"max-snippet:-1","max-image-preview":"max-image-preview:large","max-video-preview":"max-video-preview:-1"},"canonical":"https:\/\/deliangdisplay.com\/fr\/notre-produit\/affichages\/mannequins-de-vente-au-detail\/formulaire-vestimentaire-a-demi-echelle\/mannequin-de-taille-6-en-fibre-de-verre-pour-laffichage-du-design\/","og_locale":"fr_FR","og_type":"article","og_title":"Half-Scale Size 6 Dress Form \u2013 Fiberglass Mini Mannequin for Design & Display - DE-LIANG - jewelry,clothes,watch,beauty cosmetics","og_description":"This 1:2 half-scale female dress form (Size 6, not adult size) is ideal for sewing, draping, and mini garment design. It has shoulder width 19.5cm, bust 42.5cm, waist 33.5cm, hips 45.5cm (\u00b10.5cm tolerance). Height adjusts 45.5\u201377.5cm via a screw. Made of fiberglass (cotton-lined) with beige linen, it\u2019s pinnable at an angle, lightweight (2.3\u20132.5kg), and sturdy\u2014saves fabric\/time, fits design training or small clothing\/jewelry display.","og_url":"https:\/\/deliangdisplay.com\/fr\/notre-produit\/affichages\/mannequins-de-vente-au-detail\/formulaire-vestimentaire-a-demi-echelle\/mannequin-de-taille-6-en-fibre-de-verre-pour-laffichage-du-design\/","og_site_name":"DE-LIANG - jewelry,clothes,watch,beauty cosmetics","article_publisher":"https:\/\/www.facebook.com\/JaneZhang008\/","og_image":[{"width":600,"height":600,"url":"https:\/\/deliangdisplay.com\/wp-content\/uploads\/2025\/10\/31.webp","type":"image\/webp"}],"twitter_card":"summary_large_image","twitter_site":"@ly673551729","twitter_misc":{"Dur\u00e9e de lecture estim\u00e9e":"2 minutes"},"schema":{"@context":"https:\/\/schema.org","@graph":[{"@type":"WebPage","@id":"https:\/\/deliangdisplay.com\/our-product\/displays\/retail-mannequins\/half-scale-dress-form\/half-scale-size-6-dress-form-fiberglass-mini-mannequin-for-design-display\/","url":"https:\/\/deliangdisplay.com\/our-product\/displays\/retail-mannequins\/half-scale-dress-form\/half-scale-size-6-dress-form-fiberglass-mini-mannequin-for-design-display\/","name":"Demi-forme vestimentaire taille 6 - Mini mannequin en fibre de verre pour le design et la pr\u00e9sentation - DE-LIANG - bijoux,v\u00eatements,montres,beaut\u00e9,cosm\u00e9tique","isPartOf":{"@id":"https:\/\/deliangdisplay.com\/#website"},"primaryImageOfPage":{"@id":"https:\/\/deliangdisplay.com\/our-product\/displays\/retail-mannequins\/half-scale-dress-form\/half-scale-size-6-dress-form-fiberglass-mini-mannequin-for-design-display\/#primaryimage"},"image":{"@id":"https:\/\/deliangdisplay.com\/our-product\/displays\/retail-mannequins\/half-scale-dress-form\/half-scale-size-6-dress-form-fiberglass-mini-mannequin-for-design-display\/#primaryimage"},"thumbnailUrl":"https:\/\/deliangdisplay.com\/wp-content\/uploads\/2025\/10\/31.webp","datePublished":"2025-10-21T02:23:48+00:00","breadcrumb":{"@id":"https:\/\/deliangdisplay.com\/our-product\/displays\/retail-mannequins\/half-scale-dress-form\/half-scale-size-6-dress-form-fiberglass-mini-mannequin-for-design-display\/#breadcrumb"},"inLanguage":"fr-FR","potentialAction":[{"@type":"ReadAction","target":["https:\/\/deliangdisplay.com\/our-product\/displays\/retail-mannequins\/half-scale-dress-form\/half-scale-size-6-dress-form-fiberglass-mini-mannequin-for-design-display\/"]}]},{"@type":"ImageObject","inLanguage":"fr-FR","@id":"https:\/\/deliangdisplay.com\/our-product\/displays\/retail-mannequins\/half-scale-dress-form\/half-scale-size-6-dress-form-fiberglass-mini-mannequin-for-design-display\/#primaryimage","url":"https:\/\/deliangdisplay.com\/wp-content\/uploads\/2025\/10\/31.webp","contentUrl":"https:\/\/deliangdisplay.com\/wp-content\/uploads\/2025\/10\/31.webp","width":600,"height":600},{"@type":"BreadcrumbList","@id":"https:\/\/deliangdisplay.com\/our-product\/displays\/retail-mannequins\/half-scale-dress-form\/half-scale-size-6-dress-form-fiberglass-mini-mannequin-for-design-display\/#breadcrumb","itemListElement":[{"@type":"ListItem","position":1,"name":"\u9996\u9875","item":"https:\/\/deliangdisplay.com\/"},{"@type":"ListItem","position":2,"name":"Our Product","item":"https:\/\/deliangdisplay.com\/our-product\/"},{"@type":"ListItem","position":3,"name":"Half-Scale Size 6 Dress Form \u2013 Fiberglass Mini Mannequin for Design &#038; Display"}]},{"@type":"WebSite","@id":"https:\/\/deliangdisplay.com\/#website","url":"https:\/\/deliangdisplay.com\/","name":"deliangdisplay.com","description":"DE-LIANG - Fournit des solutions d'emballage sur mesure et des services de conception de pr\u00e9sentoirs luxueux pour les marques de bijoux, de v\u00eatements, de montres, de produits de beaut\u00e9 et de cosm\u00e9tiques, et plus encore.","publisher":{"@id":"https:\/\/deliangdisplay.com\/#organization"},"potentialAction":[{"@type":"SearchAction","target":{"@type":"EntryPoint","urlTemplate":"https:\/\/deliangdisplay.com\/?s={search_term_string}"},"query-input":{"@type":"PropertyValueSpecification","valueRequired":true,"valueName":"search_term_string"}}],"inLanguage":"fr-FR"},{"@type":"Organization","@id":"https:\/\/deliangdisplay.com\/#organization","name":"deliangdisplay.com","url":"https:\/\/deliangdisplay.com\/","logo":{"@type":"ImageObject","inLanguage":"fr-FR","@id":"https:\/\/deliangdisplay.com\/#\/schema\/logo\/image\/","url":"https:\/\/deliangdisplay.com\/wp-content\/uploads\/2025\/08\/DELIANGDISPALY_logo.png","contentUrl":"https:\/\/deliangdisplay.com\/wp-content\/uploads\/2025\/08\/DELIANGDISPALY_logo.png","width":300,"height":130,"caption":"deliangdisplay.com"},"image":{"@id":"https:\/\/deliangdisplay.com\/#\/schema\/logo\/image\/"},"sameAs":["https:\/\/www.facebook.com\/JaneZhang008\/","https:\/\/x.com\/ly673551729"]}]}},"_links":{"self":[{"href":"https:\/\/deliangdisplay.com\/fr\/wp-json\/wp\/v2\/product\/43621","targetHints":{"allow":["GET"]}}],"collection":[{"href":"https:\/\/deliangdisplay.com\/fr\/wp-json\/wp\/v2\/product"}],"about":[{"href":"https:\/\/deliangdisplay.com\/fr\/wp-json\/wp\/v2\/types\/product"}],"replies":[{"embeddable":true,"href":"https:\/\/deliangdisplay.com\/fr\/wp-json\/wp\/v2\/comments?post=43621"}],"wp:featuredmedia":[{"embeddable":true,"href":"https:\/\/deliangdisplay.com\/fr\/wp-json\/wp\/v2\/media\/43626"}],"wp:attachment":[{"href":"https:\/\/deliangdisplay.com\/fr\/wp-json\/wp\/v2\/media?parent=43621"}],"wp:term":[{"taxonomy":"product_brand","embeddable":true,"href":"https:\/\/deliangdisplay.com\/fr\/wp-json\/wp\/v2\/product_brand?post=43621"},{"taxonomy":"product_cat","embeddable":true,"href":"https:\/\/deliangdisplay.com\/fr\/wp-json\/wp\/v2\/product_cat?post=43621"},{"taxonomy":"product_tag","embeddable":true,"href":"https:\/\/deliangdisplay.com\/fr\/wp-json\/wp\/v2\/product_tag?post=43621"}],"curies":[{"name":"wp","href":"https:\/\/api.w.org\/{rel}","templated":true}]}}