{"id":43609,"date":"2025-10-21T10:16:12","date_gmt":"2025-10-21T02:16:12","guid":{"rendered":"https:\/\/deliangdisplay.com\/?post_type=product&#038;p=43609"},"modified":"2025-10-21T10:16:12","modified_gmt":"2025-10-21T02:16:12","slug":"12-demi-modele-de-robe-avec-bras-souples-mannequin-femme-pour-couture-tailleur","status":"publish","type":"product","link":"https:\/\/deliangdisplay.com\/fr\/notre-produit\/affichages\/mannequins-de-vente-au-detail\/formulaire-vestimentaire-a-demi-echelle\/12-demi-modele-de-robe-avec-bras-souples-mannequin-femme-pour-couture-tailleur\/","title":{"rendered":"1:2 Demi-forme vestimentaire \u00e0 l'\u00e9chelle 1 avec bras souples - Mannequin f\u00e9minin pour la couture et la confection"},"content":{"rendered":"<h3 class=\"header-iWP5WJ auto-hide-last-sibling-br\">Aper\u00e7u du produit<\/h3>\n<div class=\"auto-hide-last-sibling-br paragraph-pP9ZLC paragraph-element br-paragraph-space\">Il s'agit d'un\u00a0<strong>Robe de femme \u00e0 l'\u00e9chelle 1:2<\/strong>\u00a0(pas de taille adulte) \u00e9quip\u00e9 de bras souples, con\u00e7u pour la couture, la confection, l'ajustement, le dessin de mod\u00e8le et la conception de mini-v\u00eatements. Il s'adresse aux cr\u00e9ateurs de mode et aux \u00e9tudiants en design et permet d'\u00e9conomiser du tissu et du temps par rapport aux formes de v\u00eatements pour adultes de taille normale, tout en facilitant les essais et les ajustements r\u00e9p\u00e9t\u00e9s des styles de v\u00eatements.<\/div>\n<h3 class=\"header-iWP5WJ auto-hide-last-sibling-br\">Principales sp\u00e9cifications<\/h3>\n<ul class=\"auto-hide-last-sibling-br\">\n<li><strong>D\u00e9tails de la taille<\/strong>\n<ul class=\"auto-hide-last-sibling-br\">\n<li>Taille 8 : largeur des \u00e9paules 19,5 cm, buste 44,5 cm, taille 35 cm, hanches 46,5 cm, taille 44,5-45 cm.<\/li>\n<li>Taille 10 : largeur des \u00e9paules 22 cm, buste 48 cm, taille 36 cm, hanches 49 cm, hauteur 43,5 cm.<\/li>\n<li>Bras souples (pour toutes les tailles) : Longueur 30 cm, tour de bras 13,5 cm, tour de coude 12 cm, tour de poignet 9,5 cm.<\/li>\n<\/ul>\n<\/li>\n<li><strong>Hauteur r\u00e9glable<\/strong>: La hauteur totale s'ajuste d'environ 48,3 cm (19 po) \u00e0 80,5 cm (31,7 po) en tournant une vis ; la base est un support rond en m\u00e9tal noir d'un diam\u00e8tre de 17 cm (6,7 po).<\/li>\n<li><strong>Mat\u00e9riaux<\/strong>: Corps en fibre de verre (avec doublure en coton), envelopp\u00e9 dans un tissu en coton et lin ; base et poteau de soutien en m\u00e9tal ; accoudoirs souples en coton et lin.<\/li>\n<\/ul>\n<h3 class=\"header-iWP5WJ auto-hide-last-sibling-br\">Caract\u00e9ristiques principales<\/h3>\n<ul class=\"auto-hide-last-sibling-br\">\n<li><strong>Pinnable Design<\/strong>: Peut \u00eatre \u00e9pingl\u00e9 \u00e0 un angle (pas directement dans le corps en fibre de verre) pour fixer le tissu pendant la couture ou le drapage, ce qui permet d'ajuster le v\u00eatement avec pr\u00e9cision.<\/li>\n<li><strong>Bras souples et flexibles<\/strong>: Les bras souples peuvent \u00eatre pli\u00e9s pour imiter les formes naturelles des bras humains, ce qui est id\u00e9al pour tester l'ajustement des manches, la ligne des \u00e9paules et d'autres d\u00e9tails du v\u00eatement impliquant les bras.<\/li>\n<li><strong>Composants durables et protecteurs<\/strong>: La base en m\u00e9tal (4 mm d'\u00e9paisseur, polie au sable et plaqu\u00e9e) est robuste, anti-\u00e9caillage et maintient la forme de la robe stable pendant l'utilisation.<\/li>\n<li><strong>Surface confortable<\/strong>: Le corps est enti\u00e8rement doubl\u00e9 de coton et envelopp\u00e9 dans un tissu coton-lin, ce qui lui conf\u00e8re un toucher doux, propice aux travaux de couture et de drapage.<\/li>\n<\/ul>","protected":false},"excerpt":{"rendered":"<p>Ce mod\u00e8le de robe f\u00e9minine \u00e0 l'\u00e9chelle 1:2 (pas de taille adulte) est dot\u00e9 de bras souples et flexibles, id\u00e9al pour la couture, la confection et la conception de mini-v\u00eatements. Disponible en taille 8 (buste 44,5 cm) et 10 (buste 48 cm), elle est r\u00e9glable en hauteur (48,3-80,5 cm) \u00e0 l'aide d'une vis. Fabriqu\u00e9e en fibre de verre (doubl\u00e9e de coton) avec un tissu en lin-coton et une base m\u00e9tallique robuste, elle peut \u00eatre pinc\u00e9e sous un angle. Elle permet d'\u00e9conomiser du tissu et convient aux stylistes\/\u00e9tudiants pour tester l'ajustement des manches et les d\u00e9tails des v\u00eatements.<\/p>","protected":false},"featured_media":43614,"comment_status":"open","ping_status":"closed","template":"","meta":{"_acf_changed":false},"product_brand":[84],"product_cat":[578],"product_tag":[579,582,602,600,594,586,591,587,599,601,597,603,596,595,598],"class_list":{"0":"post-43609","1":"product","2":"type-product","3":"status-publish","4":"has-post-thumbnail","6":"product_brand-de-liang","7":"product_cat-half-scale-dress-form","8":"product_tag-12-half-scale-dress-form","9":"product_tag-adjustable-height-dress-form","10":"product_tag-cotton-linen-dress-form","11":"product_tag-fashion-design-dress-form","12":"product_tag-female-dress-form-with-soft-arms","13":"product_tag-fiberglass-dress-form","14":"product_tag-half-scale-female-mannequin","15":"product_tag-metal-base-dress-form","16":"product_tag-mini-garment-tailoring-dummy","17":"product_tag-pattern-drafting-mannequin","18":"product_tag-pinnable-dress-form","19":"product_tag-sewing-fitting-dress-form","20":"product_tag-size-10-sewing-dress-form","21":"product_tag-size-8-half-scale-mannequin","22":"product_tag-soft-arm-sewing-mannequin","24":"first","25":"instock","26":"shipping-taxable","27":"purchasable","28":"product-type-simple"},"acf":[],"yoast_head":"<!-- This site is optimized with the Yoast SEO plugin v27.4 - https:\/\/yoast.com\/product\/yoast-seo-wordpress\/ -->\n<title>1:2 Half-Scale Dress Form with Soft Arms \u2013 Female Mannequin for Sewing &amp; Tailoring - DE-LIANG - jewelry,clothes,watch,beauty cosmetics<\/title>\n<meta name=\"robots\" content=\"index, follow, max-snippet:-1, max-image-preview:large, max-video-preview:-1\" \/>\n<link rel=\"canonical\" href=\"https:\/\/deliangdisplay.com\/fr\/notre-produit\/affichages\/mannequins-de-vente-au-detail\/formulaire-vestimentaire-a-demi-echelle\/12-demi-modele-de-robe-avec-bras-souples-mannequin-femme-pour-couture-tailleur\/\" \/>\n<meta property=\"og:locale\" content=\"fr_FR\" \/>\n<meta property=\"og:type\" content=\"article\" \/>\n<meta property=\"og:title\" content=\"1:2 Half-Scale Dress Form with Soft Arms \u2013 Female Mannequin for Sewing &amp; Tailoring - DE-LIANG - jewelry,clothes,watch,beauty cosmetics\" \/>\n<meta property=\"og:description\" content=\"This 1:2 half-scale female dress form (not adult size) comes with flexible soft arms, ideal for sewing, tailoring, and mini garment design. Available in Size 8 (bust 44.5cm) and 10 (bust 48cm), it has adjustable height (48.3\u201380.5cm) via a screw. Made of fiberglass (cotton-lined) with cotton-linen fabric and a sturdy metal base, it\u2019s pinnable at an angle\u2014saves fabric, suits designers\/students for testing sleeve fit and garment details\" \/>\n<meta property=\"og:url\" content=\"https:\/\/deliangdisplay.com\/fr\/notre-produit\/affichages\/mannequins-de-vente-au-detail\/formulaire-vestimentaire-a-demi-echelle\/12-demi-modele-de-robe-avec-bras-souples-mannequin-femme-pour-couture-tailleur\/\" \/>\n<meta property=\"og:site_name\" content=\"DE-LIANG - jewelry,clothes,watch,beauty cosmetics\" \/>\n<meta property=\"article:publisher\" content=\"https:\/\/www.facebook.com\/JaneZhang008\/\" \/>\n<meta property=\"og:image\" content=\"https:\/\/deliangdisplay.com\/wp-content\/uploads\/2025\/10\/19.webp\" \/>\n\t<meta property=\"og:image:width\" content=\"600\" \/>\n\t<meta property=\"og:image:height\" content=\"600\" \/>\n\t<meta property=\"og:image:type\" content=\"image\/webp\" \/>\n<meta name=\"twitter:card\" content=\"summary_large_image\" \/>\n<meta name=\"twitter:site\" content=\"@ly673551729\" \/>\n<meta name=\"twitter:label1\" content=\"Dur\u00e9e de lecture estim\u00e9e\" \/>\n\t<meta name=\"twitter:data1\" content=\"2 minutes\" \/>\n<script type=\"application\/ld+json\" class=\"yoast-schema-graph\">{\"@context\":\"https:\\\/\\\/schema.org\",\"@graph\":[{\"@type\":\"WebPage\",\"@id\":\"https:\\\/\\\/deliangdisplay.com\\\/our-product\\\/displays\\\/retail-mannequins\\\/half-scale-dress-form\\\/12-half-scale-dress-form-with-soft-arms-female-mannequin-for-sewing-tailoring\\\/\",\"url\":\"https:\\\/\\\/deliangdisplay.com\\\/our-product\\\/displays\\\/retail-mannequins\\\/half-scale-dress-form\\\/12-half-scale-dress-form-with-soft-arms-female-mannequin-for-sewing-tailoring\\\/\",\"name\":\"1:2 Half-Scale Dress Form with Soft Arms \u2013 Female Mannequin for Sewing & Tailoring - DE-LIANG - jewelry,clothes,watch,beauty cosmetics\",\"isPartOf\":{\"@id\":\"https:\\\/\\\/deliangdisplay.com\\\/#website\"},\"primaryImageOfPage\":{\"@id\":\"https:\\\/\\\/deliangdisplay.com\\\/our-product\\\/displays\\\/retail-mannequins\\\/half-scale-dress-form\\\/12-half-scale-dress-form-with-soft-arms-female-mannequin-for-sewing-tailoring\\\/#primaryimage\"},\"image\":{\"@id\":\"https:\\\/\\\/deliangdisplay.com\\\/our-product\\\/displays\\\/retail-mannequins\\\/half-scale-dress-form\\\/12-half-scale-dress-form-with-soft-arms-female-mannequin-for-sewing-tailoring\\\/#primaryimage\"},\"thumbnailUrl\":\"https:\\\/\\\/deliangdisplay.com\\\/wp-content\\\/uploads\\\/2025\\\/10\\\/19.webp\",\"datePublished\":\"2025-10-21T02:16:12+00:00\",\"breadcrumb\":{\"@id\":\"https:\\\/\\\/deliangdisplay.com\\\/our-product\\\/displays\\\/retail-mannequins\\\/half-scale-dress-form\\\/12-half-scale-dress-form-with-soft-arms-female-mannequin-for-sewing-tailoring\\\/#breadcrumb\"},\"inLanguage\":\"fr-FR\",\"potentialAction\":[{\"@type\":\"ReadAction\",\"target\":[\"https:\\\/\\\/deliangdisplay.com\\\/our-product\\\/displays\\\/retail-mannequins\\\/half-scale-dress-form\\\/12-half-scale-dress-form-with-soft-arms-female-mannequin-for-sewing-tailoring\\\/\"]}]},{\"@type\":\"ImageObject\",\"inLanguage\":\"fr-FR\",\"@id\":\"https:\\\/\\\/deliangdisplay.com\\\/our-product\\\/displays\\\/retail-mannequins\\\/half-scale-dress-form\\\/12-half-scale-dress-form-with-soft-arms-female-mannequin-for-sewing-tailoring\\\/#primaryimage\",\"url\":\"https:\\\/\\\/deliangdisplay.com\\\/wp-content\\\/uploads\\\/2025\\\/10\\\/19.webp\",\"contentUrl\":\"https:\\\/\\\/deliangdisplay.com\\\/wp-content\\\/uploads\\\/2025\\\/10\\\/19.webp\",\"width\":600,\"height\":600},{\"@type\":\"BreadcrumbList\",\"@id\":\"https:\\\/\\\/deliangdisplay.com\\\/our-product\\\/displays\\\/retail-mannequins\\\/half-scale-dress-form\\\/12-half-scale-dress-form-with-soft-arms-female-mannequin-for-sewing-tailoring\\\/#breadcrumb\",\"itemListElement\":[{\"@type\":\"ListItem\",\"position\":1,\"name\":\"\u9996\u9875\",\"item\":\"https:\\\/\\\/deliangdisplay.com\\\/\"},{\"@type\":\"ListItem\",\"position\":2,\"name\":\"Our Product\",\"item\":\"https:\\\/\\\/deliangdisplay.com\\\/our-product\\\/\"},{\"@type\":\"ListItem\",\"position\":3,\"name\":\"1:2 Half-Scale Dress Form with Soft Arms \u2013 Female Mannequin for Sewing &#038; Tailoring\"}]},{\"@type\":\"WebSite\",\"@id\":\"https:\\\/\\\/deliangdisplay.com\\\/#website\",\"url\":\"https:\\\/\\\/deliangdisplay.com\\\/\",\"name\":\"deliangdisplay.com\",\"description\":\"DE-LIANG - Providing bespoke packaging solutions and luxurious display design services for brands in jewelry, apparel, watches, beauty cosmetics, and more.\",\"publisher\":{\"@id\":\"https:\\\/\\\/deliangdisplay.com\\\/#organization\"},\"potentialAction\":[{\"@type\":\"SearchAction\",\"target\":{\"@type\":\"EntryPoint\",\"urlTemplate\":\"https:\\\/\\\/deliangdisplay.com\\\/?s={search_term_string}\"},\"query-input\":{\"@type\":\"PropertyValueSpecification\",\"valueRequired\":true,\"valueName\":\"search_term_string\"}}],\"inLanguage\":\"fr-FR\"},{\"@type\":\"Organization\",\"@id\":\"https:\\\/\\\/deliangdisplay.com\\\/#organization\",\"name\":\"deliangdisplay.com\",\"url\":\"https:\\\/\\\/deliangdisplay.com\\\/\",\"logo\":{\"@type\":\"ImageObject\",\"inLanguage\":\"fr-FR\",\"@id\":\"https:\\\/\\\/deliangdisplay.com\\\/#\\\/schema\\\/logo\\\/image\\\/\",\"url\":\"https:\\\/\\\/deliangdisplay.com\\\/wp-content\\\/uploads\\\/2025\\\/08\\\/DELIANGDISPALY_logo.png\",\"contentUrl\":\"https:\\\/\\\/deliangdisplay.com\\\/wp-content\\\/uploads\\\/2025\\\/08\\\/DELIANGDISPALY_logo.png\",\"width\":300,\"height\":130,\"caption\":\"deliangdisplay.com\"},\"image\":{\"@id\":\"https:\\\/\\\/deliangdisplay.com\\\/#\\\/schema\\\/logo\\\/image\\\/\"},\"sameAs\":[\"https:\\\/\\\/www.facebook.com\\\/JaneZhang008\\\/\",\"https:\\\/\\\/x.com\\\/ly673551729\"]}]}<\/script>\n<!-- \/ Yoast SEO plugin. -->","yoast_head_json":{"title":"1:2 Demi-forme vestimentaire avec bras souples - Mannequin f\u00e9minin pour la couture - DE-LIANG - bijoux,v\u00eatements,montres,beaut\u00e9,cosm\u00e9tique","robots":{"index":"index","follow":"follow","max-snippet":"max-snippet:-1","max-image-preview":"max-image-preview:large","max-video-preview":"max-video-preview:-1"},"canonical":"https:\/\/deliangdisplay.com\/fr\/notre-produit\/affichages\/mannequins-de-vente-au-detail\/formulaire-vestimentaire-a-demi-echelle\/12-demi-modele-de-robe-avec-bras-souples-mannequin-femme-pour-couture-tailleur\/","og_locale":"fr_FR","og_type":"article","og_title":"1:2 Half-Scale Dress Form with Soft Arms \u2013 Female Mannequin for Sewing & Tailoring - DE-LIANG - jewelry,clothes,watch,beauty cosmetics","og_description":"This 1:2 half-scale female dress form (not adult size) comes with flexible soft arms, ideal for sewing, tailoring, and mini garment design. Available in Size 8 (bust 44.5cm) and 10 (bust 48cm), it has adjustable height (48.3\u201380.5cm) via a screw. Made of fiberglass (cotton-lined) with cotton-linen fabric and a sturdy metal base, it\u2019s pinnable at an angle\u2014saves fabric, suits designers\/students for testing sleeve fit and garment details","og_url":"https:\/\/deliangdisplay.com\/fr\/notre-produit\/affichages\/mannequins-de-vente-au-detail\/formulaire-vestimentaire-a-demi-echelle\/12-demi-modele-de-robe-avec-bras-souples-mannequin-femme-pour-couture-tailleur\/","og_site_name":"DE-LIANG - jewelry,clothes,watch,beauty cosmetics","article_publisher":"https:\/\/www.facebook.com\/JaneZhang008\/","og_image":[{"width":600,"height":600,"url":"https:\/\/deliangdisplay.com\/wp-content\/uploads\/2025\/10\/19.webp","type":"image\/webp"}],"twitter_card":"summary_large_image","twitter_site":"@ly673551729","twitter_misc":{"Dur\u00e9e de lecture estim\u00e9e":"2 minutes"},"schema":{"@context":"https:\/\/schema.org","@graph":[{"@type":"WebPage","@id":"https:\/\/deliangdisplay.com\/our-product\/displays\/retail-mannequins\/half-scale-dress-form\/12-half-scale-dress-form-with-soft-arms-female-mannequin-for-sewing-tailoring\/","url":"https:\/\/deliangdisplay.com\/our-product\/displays\/retail-mannequins\/half-scale-dress-form\/12-half-scale-dress-form-with-soft-arms-female-mannequin-for-sewing-tailoring\/","name":"1:2 Demi-forme vestimentaire avec bras souples - Mannequin f\u00e9minin pour la couture - DE-LIANG - bijoux,v\u00eatements,montres,beaut\u00e9,cosm\u00e9tique","isPartOf":{"@id":"https:\/\/deliangdisplay.com\/#website"},"primaryImageOfPage":{"@id":"https:\/\/deliangdisplay.com\/our-product\/displays\/retail-mannequins\/half-scale-dress-form\/12-half-scale-dress-form-with-soft-arms-female-mannequin-for-sewing-tailoring\/#primaryimage"},"image":{"@id":"https:\/\/deliangdisplay.com\/our-product\/displays\/retail-mannequins\/half-scale-dress-form\/12-half-scale-dress-form-with-soft-arms-female-mannequin-for-sewing-tailoring\/#primaryimage"},"thumbnailUrl":"https:\/\/deliangdisplay.com\/wp-content\/uploads\/2025\/10\/19.webp","datePublished":"2025-10-21T02:16:12+00:00","breadcrumb":{"@id":"https:\/\/deliangdisplay.com\/our-product\/displays\/retail-mannequins\/half-scale-dress-form\/12-half-scale-dress-form-with-soft-arms-female-mannequin-for-sewing-tailoring\/#breadcrumb"},"inLanguage":"fr-FR","potentialAction":[{"@type":"ReadAction","target":["https:\/\/deliangdisplay.com\/our-product\/displays\/retail-mannequins\/half-scale-dress-form\/12-half-scale-dress-form-with-soft-arms-female-mannequin-for-sewing-tailoring\/"]}]},{"@type":"ImageObject","inLanguage":"fr-FR","@id":"https:\/\/deliangdisplay.com\/our-product\/displays\/retail-mannequins\/half-scale-dress-form\/12-half-scale-dress-form-with-soft-arms-female-mannequin-for-sewing-tailoring\/#primaryimage","url":"https:\/\/deliangdisplay.com\/wp-content\/uploads\/2025\/10\/19.webp","contentUrl":"https:\/\/deliangdisplay.com\/wp-content\/uploads\/2025\/10\/19.webp","width":600,"height":600},{"@type":"BreadcrumbList","@id":"https:\/\/deliangdisplay.com\/our-product\/displays\/retail-mannequins\/half-scale-dress-form\/12-half-scale-dress-form-with-soft-arms-female-mannequin-for-sewing-tailoring\/#breadcrumb","itemListElement":[{"@type":"ListItem","position":1,"name":"\u9996\u9875","item":"https:\/\/deliangdisplay.com\/"},{"@type":"ListItem","position":2,"name":"Our Product","item":"https:\/\/deliangdisplay.com\/our-product\/"},{"@type":"ListItem","position":3,"name":"1:2 Half-Scale Dress Form with Soft Arms \u2013 Female Mannequin for Sewing &#038; Tailoring"}]},{"@type":"WebSite","@id":"https:\/\/deliangdisplay.com\/#website","url":"https:\/\/deliangdisplay.com\/","name":"deliangdisplay.com","description":"DE-LIANG - Fournit des solutions d'emballage sur mesure et des services de conception de pr\u00e9sentoirs luxueux pour les marques de bijoux, de v\u00eatements, de montres, de produits de beaut\u00e9 et de cosm\u00e9tiques, et plus encore.","publisher":{"@id":"https:\/\/deliangdisplay.com\/#organization"},"potentialAction":[{"@type":"SearchAction","target":{"@type":"EntryPoint","urlTemplate":"https:\/\/deliangdisplay.com\/?s={search_term_string}"},"query-input":{"@type":"PropertyValueSpecification","valueRequired":true,"valueName":"search_term_string"}}],"inLanguage":"fr-FR"},{"@type":"Organization","@id":"https:\/\/deliangdisplay.com\/#organization","name":"deliangdisplay.com","url":"https:\/\/deliangdisplay.com\/","logo":{"@type":"ImageObject","inLanguage":"fr-FR","@id":"https:\/\/deliangdisplay.com\/#\/schema\/logo\/image\/","url":"https:\/\/deliangdisplay.com\/wp-content\/uploads\/2025\/08\/DELIANGDISPALY_logo.png","contentUrl":"https:\/\/deliangdisplay.com\/wp-content\/uploads\/2025\/08\/DELIANGDISPALY_logo.png","width":300,"height":130,"caption":"deliangdisplay.com"},"image":{"@id":"https:\/\/deliangdisplay.com\/#\/schema\/logo\/image\/"},"sameAs":["https:\/\/www.facebook.com\/JaneZhang008\/","https:\/\/x.com\/ly673551729"]}]}},"_links":{"self":[{"href":"https:\/\/deliangdisplay.com\/fr\/wp-json\/wp\/v2\/product\/43609","targetHints":{"allow":["GET"]}}],"collection":[{"href":"https:\/\/deliangdisplay.com\/fr\/wp-json\/wp\/v2\/product"}],"about":[{"href":"https:\/\/deliangdisplay.com\/fr\/wp-json\/wp\/v2\/types\/product"}],"replies":[{"embeddable":true,"href":"https:\/\/deliangdisplay.com\/fr\/wp-json\/wp\/v2\/comments?post=43609"}],"wp:featuredmedia":[{"embeddable":true,"href":"https:\/\/deliangdisplay.com\/fr\/wp-json\/wp\/v2\/media\/43614"}],"wp:attachment":[{"href":"https:\/\/deliangdisplay.com\/fr\/wp-json\/wp\/v2\/media?parent=43609"}],"wp:term":[{"taxonomy":"product_brand","embeddable":true,"href":"https:\/\/deliangdisplay.com\/fr\/wp-json\/wp\/v2\/product_brand?post=43609"},{"taxonomy":"product_cat","embeddable":true,"href":"https:\/\/deliangdisplay.com\/fr\/wp-json\/wp\/v2\/product_cat?post=43609"},{"taxonomy":"product_tag","embeddable":true,"href":"https:\/\/deliangdisplay.com\/fr\/wp-json\/wp\/v2\/product_tag?post=43609"}],"curies":[{"name":"wp","href":"https:\/\/api.w.org\/{rel}","templated":true}]}}