{"id":43594,"date":"2025-10-21T10:04:31","date_gmt":"2025-10-21T02:04:31","guid":{"rendered":"https:\/\/deliangdisplay.com\/?post_type=product&#038;p=43594"},"modified":"2025-10-21T10:04:50","modified_gmt":"2025-10-21T02:04:50","slug":"mannequin-de-couture-taille-8-mini-femme-avec-hauteur-ajustable-pour-drapage","status":"publish","type":"product","link":"https:\/\/deliangdisplay.com\/fr\/notre-produit\/affichages\/mannequins-de-vente-au-detail\/formulaire-vestimentaire-a-demi-echelle\/mannequin-de-couture-taille-8-mini-femme-avec-hauteur-ajustable-pour-drapage\/","title":{"rendered":"Mod\u00e8le de robe de couture \u00e0 demi-\u00e9chelle (taille 8) - Mini mannequin f\u00e9minin avec hauteur ajustable pour le drapage"},"content":{"rendered":"<h3 class=\"header-iWP5WJ auto-hide-last-sibling-br\">Aper\u00e7u du produit<\/h3>\n<div class=\"auto-hide-last-sibling-br paragraph-pP9ZLC paragraph-element br-paragraph-space\">Il s'agit d'un\u00a0<strong>Robe de femme \u00e0 l'\u00e9chelle 1:2<\/strong>\u00a0(pas de taille adulte) con\u00e7u pour la couture, la confection, l'essayage, le dessin de mod\u00e8les, la pratique du design et la pr\u00e9sentation de mini-v\u00eatements. Il se caract\u00e9rise par une hauteur r\u00e9glable, une construction durable et des d\u00e9tails fonctionnels pour permettre un travail pr\u00e9cis sur les v\u00eatements, avec plusieurs options de taille pour r\u00e9pondre aux diff\u00e9rents besoins en mati\u00e8re de mini-v\u00eatements.<\/div>\n<h3 class=\"header-iWP5WJ auto-hide-last-sibling-br\">Principales sp\u00e9cifications<\/h3>\n<ul class=\"auto-hide-last-sibling-br\">\n<li><strong>D\u00e9tails de la taille<\/strong>\n<ul class=\"auto-hide-last-sibling-br\">\n<li>Taille 8 : largeur des \u00e9paules 21 cm, buste 45 cm, taille 38 cm, hanches 47 cm, taille 43 cm.<\/li>\n<li>Taille 10 : largeur des \u00e9paules 20,5 cm, buste 46,5 cm, taille 36 cm, hanches 48 cm, hauteur du corps 46,5 cm.<\/li>\n<li>Bras souples (pour toutes les tailles) : Longueur 30cm, tour de bras 13.5cm, tour de coude 12cm, tour de poignet 9.5cm.<\/li>\n<\/ul>\n<\/li>\n<li><strong>Hauteur r\u00e9glable<\/strong>: La hauteur totale se r\u00e8gle de 61 cm \u00e0 75 cm \u00e0 l'aide d'une vis. La base est un support rond en m\u00e9tal noir d'un diam\u00e8tre de 17 cm pour la stabilit\u00e9.<\/li>\n<li><strong>Mat\u00e9riaux<\/strong>: Corps en fibre de verre (avec doublure int\u00e9rieure en coton), envelopp\u00e9 d'un \u00e9pais rembourrage en coton et d'un tissu lisse en coton-linen ; base et poteau de soutien en m\u00e9tal.<\/li>\n<\/ul>\n<h3 class=\"header-iWP5WJ auto-hide-last-sibling-br\">Caract\u00e9ristiques principales<\/h3>\n<ul class=\"auto-hide-last-sibling-br\">\n<li><strong>Pinnable Design<\/strong>: Peut \u00eatre \u00e9pingl\u00e9 \u00e0 un angle (pas directement dans le corps) pour fixer le tissu pendant la couture, le drapage ou l'essayage - id\u00e9al pour ajuster les d\u00e9tails du v\u00eatement.<\/li>\n<li><strong>Composants de protection<\/strong>: Comprend des protections en m\u00e9tal moul\u00e9es sur mesure pour les \u00e9paules et le cou afin d'\u00e9viter tout dommage pendant le transport, ainsi qu'un emballage renforc\u00e9 pour une livraison en toute s\u00e9curit\u00e9.<\/li>\n<li><strong>Support de drapage r\u00e9aliste<\/strong>: Des bras souples et flexibles qui peuvent \u00eatre model\u00e9s pour imiter la posture humaine naturelle, ce qui permet de tester facilement l'ajustement des manches, les lignes des \u00e9paules et les mod\u00e8les de mini-v\u00eatements complexes.<\/li>\n<li><strong>Stabilit\u00e9 solide<\/strong>: La base m\u00e9tallique ronde tr\u00e8s r\u00e9sistante maintient la forme de la robe en \u00e9quilibre pendant l'utilisation, m\u00eame lors du r\u00e9glage de la hauteur ou de l'\u00e9pinglage du tissu.<\/li>\n<\/ul>","protected":false},"excerpt":{"rendered":"<p>Ce mod\u00e8le de robe f\u00e9minine \u00e0 l'\u00e9chelle 1:2 (pas de taille adulte) est id\u00e9al pour la couture, la confection, l'essayage et la pratique du design. Disponible en taille 8 (\u00e9paule 21 cm, buste 45 cm, taille 38 cm, hanches 47 cm) et en taille 10, elle est r\u00e9glable en hauteur (61-75 cm) \u00e0 l'aide d'une vis. Fabriqu\u00e9 en fibre de verre (doubl\u00e9e de coton) avec un tissu en lin-coton, plus une base m\u00e9tallique robuste, il est possible de le pincer \u00e0 un angle, il a des bras souples et flexibles, et des couvercles m\u00e9talliques pour la protection de l'exp\u00e9dition - ce qui permet aux designers d'\u00e9conomiser du tissu et du temps.<\/p>","protected":false},"featured_media":43602,"comment_status":"open","ping_status":"closed","template":"","meta":{"_acf_changed":false},"product_brand":[84],"product_cat":[578],"product_tag":[],"class_list":{"0":"post-43594","1":"product","2":"type-product","3":"status-publish","4":"has-post-thumbnail","6":"product_brand-de-liang","7":"product_cat-half-scale-dress-form","9":"first","10":"instock","11":"shipping-taxable","12":"purchasable","13":"product-type-simple"},"acf":[],"yoast_head":"<!-- This site is optimized with the Yoast SEO plugin v27.4 - https:\/\/yoast.com\/product\/yoast-seo-wordpress\/ -->\n<title>Half-Scale Sewing Dress Form (Size 8) \u2013 Mini Female Mannequin with Adjustable Height for Draping - DE-LIANG - jewelry,clothes,watch,beauty cosmetics<\/title>\n<meta name=\"robots\" content=\"index, follow, max-snippet:-1, max-image-preview:large, max-video-preview:-1\" \/>\n<link rel=\"canonical\" href=\"https:\/\/deliangdisplay.com\/fr\/notre-produit\/affichages\/mannequins-de-vente-au-detail\/formulaire-vestimentaire-a-demi-echelle\/mannequin-de-couture-taille-8-mini-femme-avec-hauteur-ajustable-pour-drapage\/\" \/>\n<meta property=\"og:locale\" content=\"fr_FR\" \/>\n<meta property=\"og:type\" content=\"article\" \/>\n<meta property=\"og:title\" content=\"Half-Scale Sewing Dress Form (Size 8) \u2013 Mini Female Mannequin with Adjustable Height for Draping - DE-LIANG - jewelry,clothes,watch,beauty cosmetics\" \/>\n<meta property=\"og:description\" content=\"This 1:2 half-scale female dress form (not adult size) is ideal for sewing, tailoring, fitting, and design practice. Available in Size 8 (shoulder 21cm, bust 45cm, waist 38cm, hips 47cm) and Size 10, it has adjustable height (61\u201375cm) via a screw. Made of fiberglass (cotton-lined) with cotton-linen fabric, plus a sturdy metal base, it\u2019s pinnable at an angle, has flexible soft arms, and metal covers for shipping protection\u2014saves fabric and time for designers.\" \/>\n<meta property=\"og:url\" content=\"https:\/\/deliangdisplay.com\/fr\/notre-produit\/affichages\/mannequins-de-vente-au-detail\/formulaire-vestimentaire-a-demi-echelle\/mannequin-de-couture-taille-8-mini-femme-avec-hauteur-ajustable-pour-drapage\/\" \/>\n<meta property=\"og:site_name\" content=\"DE-LIANG - jewelry,clothes,watch,beauty cosmetics\" \/>\n<meta property=\"article:publisher\" content=\"https:\/\/www.facebook.com\/JaneZhang008\/\" \/>\n<meta property=\"article:modified_time\" content=\"2025-10-21T02:04:50+00:00\" \/>\n<meta property=\"og:image\" content=\"https:\/\/deliangdisplay.com\/wp-content\/uploads\/2025\/10\/8.webp\" \/>\n\t<meta property=\"og:image:width\" content=\"713\" \/>\n\t<meta property=\"og:image:height\" content=\"713\" \/>\n\t<meta property=\"og:image:type\" content=\"image\/webp\" \/>\n<meta name=\"twitter:card\" content=\"summary_large_image\" \/>\n<meta name=\"twitter:site\" content=\"@ly673551729\" \/>\n<meta name=\"twitter:label1\" content=\"Dur\u00e9e de lecture estim\u00e9e\" \/>\n\t<meta name=\"twitter:data1\" content=\"2 minutes\" \/>\n<script type=\"application\/ld+json\" class=\"yoast-schema-graph\">{\"@context\":\"https:\\\/\\\/schema.org\",\"@graph\":[{\"@type\":\"WebPage\",\"@id\":\"https:\\\/\\\/deliangdisplay.com\\\/our-product\\\/displays\\\/retail-mannequins\\\/half-scale-dress-form\\\/half-scale-sewing-dress-form-size-8-mini-female-mannequin-with-adjustable-height-for-draping\\\/\",\"url\":\"https:\\\/\\\/deliangdisplay.com\\\/our-product\\\/displays\\\/retail-mannequins\\\/half-scale-dress-form\\\/half-scale-sewing-dress-form-size-8-mini-female-mannequin-with-adjustable-height-for-draping\\\/\",\"name\":\"Half-Scale Sewing Dress Form (Size 8) \u2013 Mini Female Mannequin with Adjustable Height for Draping - DE-LIANG - jewelry,clothes,watch,beauty cosmetics\",\"isPartOf\":{\"@id\":\"https:\\\/\\\/deliangdisplay.com\\\/#website\"},\"primaryImageOfPage\":{\"@id\":\"https:\\\/\\\/deliangdisplay.com\\\/our-product\\\/displays\\\/retail-mannequins\\\/half-scale-dress-form\\\/half-scale-sewing-dress-form-size-8-mini-female-mannequin-with-adjustable-height-for-draping\\\/#primaryimage\"},\"image\":{\"@id\":\"https:\\\/\\\/deliangdisplay.com\\\/our-product\\\/displays\\\/retail-mannequins\\\/half-scale-dress-form\\\/half-scale-sewing-dress-form-size-8-mini-female-mannequin-with-adjustable-height-for-draping\\\/#primaryimage\"},\"thumbnailUrl\":\"https:\\\/\\\/deliangdisplay.com\\\/wp-content\\\/uploads\\\/2025\\\/10\\\/8.webp\",\"datePublished\":\"2025-10-21T02:04:31+00:00\",\"dateModified\":\"2025-10-21T02:04:50+00:00\",\"breadcrumb\":{\"@id\":\"https:\\\/\\\/deliangdisplay.com\\\/our-product\\\/displays\\\/retail-mannequins\\\/half-scale-dress-form\\\/half-scale-sewing-dress-form-size-8-mini-female-mannequin-with-adjustable-height-for-draping\\\/#breadcrumb\"},\"inLanguage\":\"fr-FR\",\"potentialAction\":[{\"@type\":\"ReadAction\",\"target\":[\"https:\\\/\\\/deliangdisplay.com\\\/our-product\\\/displays\\\/retail-mannequins\\\/half-scale-dress-form\\\/half-scale-sewing-dress-form-size-8-mini-female-mannequin-with-adjustable-height-for-draping\\\/\"]}]},{\"@type\":\"ImageObject\",\"inLanguage\":\"fr-FR\",\"@id\":\"https:\\\/\\\/deliangdisplay.com\\\/our-product\\\/displays\\\/retail-mannequins\\\/half-scale-dress-form\\\/half-scale-sewing-dress-form-size-8-mini-female-mannequin-with-adjustable-height-for-draping\\\/#primaryimage\",\"url\":\"https:\\\/\\\/deliangdisplay.com\\\/wp-content\\\/uploads\\\/2025\\\/10\\\/8.webp\",\"contentUrl\":\"https:\\\/\\\/deliangdisplay.com\\\/wp-content\\\/uploads\\\/2025\\\/10\\\/8.webp\",\"width\":713,\"height\":713},{\"@type\":\"BreadcrumbList\",\"@id\":\"https:\\\/\\\/deliangdisplay.com\\\/our-product\\\/displays\\\/retail-mannequins\\\/half-scale-dress-form\\\/half-scale-sewing-dress-form-size-8-mini-female-mannequin-with-adjustable-height-for-draping\\\/#breadcrumb\",\"itemListElement\":[{\"@type\":\"ListItem\",\"position\":1,\"name\":\"\u9996\u9875\",\"item\":\"https:\\\/\\\/deliangdisplay.com\\\/\"},{\"@type\":\"ListItem\",\"position\":2,\"name\":\"Our Product\",\"item\":\"https:\\\/\\\/deliangdisplay.com\\\/our-product\\\/\"},{\"@type\":\"ListItem\",\"position\":3,\"name\":\"Half-Scale Sewing Dress Form (Size 8) \u2013 Mini Female Mannequin with Adjustable Height for Draping\"}]},{\"@type\":\"WebSite\",\"@id\":\"https:\\\/\\\/deliangdisplay.com\\\/#website\",\"url\":\"https:\\\/\\\/deliangdisplay.com\\\/\",\"name\":\"deliangdisplay.com\",\"description\":\"DE-LIANG - Providing bespoke packaging solutions and luxurious display design services for brands in jewelry, apparel, watches, beauty cosmetics, and more.\",\"publisher\":{\"@id\":\"https:\\\/\\\/deliangdisplay.com\\\/#organization\"},\"potentialAction\":[{\"@type\":\"SearchAction\",\"target\":{\"@type\":\"EntryPoint\",\"urlTemplate\":\"https:\\\/\\\/deliangdisplay.com\\\/?s={search_term_string}\"},\"query-input\":{\"@type\":\"PropertyValueSpecification\",\"valueRequired\":true,\"valueName\":\"search_term_string\"}}],\"inLanguage\":\"fr-FR\"},{\"@type\":\"Organization\",\"@id\":\"https:\\\/\\\/deliangdisplay.com\\\/#organization\",\"name\":\"deliangdisplay.com\",\"url\":\"https:\\\/\\\/deliangdisplay.com\\\/\",\"logo\":{\"@type\":\"ImageObject\",\"inLanguage\":\"fr-FR\",\"@id\":\"https:\\\/\\\/deliangdisplay.com\\\/#\\\/schema\\\/logo\\\/image\\\/\",\"url\":\"https:\\\/\\\/deliangdisplay.com\\\/wp-content\\\/uploads\\\/2025\\\/08\\\/DELIANGDISPALY_logo.png\",\"contentUrl\":\"https:\\\/\\\/deliangdisplay.com\\\/wp-content\\\/uploads\\\/2025\\\/08\\\/DELIANGDISPALY_logo.png\",\"width\":300,\"height\":130,\"caption\":\"deliangdisplay.com\"},\"image\":{\"@id\":\"https:\\\/\\\/deliangdisplay.com\\\/#\\\/schema\\\/logo\\\/image\\\/\"},\"sameAs\":[\"https:\\\/\\\/www.facebook.com\\\/JaneZhang008\\\/\",\"https:\\\/\\\/x.com\\\/ly673551729\"]}]}<\/script>\n<!-- \/ Yoast SEO plugin. -->","yoast_head_json":{"title":"Mod\u00e8le de robe de couture (taille 8) - Mini mannequin f\u00e9minin avec hauteur ajustable pour le drapage - DE-LIANG - bijoux,v\u00eatements,montres,beaut\u00e9,cosm\u00e9tique","robots":{"index":"index","follow":"follow","max-snippet":"max-snippet:-1","max-image-preview":"max-image-preview:large","max-video-preview":"max-video-preview:-1"},"canonical":"https:\/\/deliangdisplay.com\/fr\/notre-produit\/affichages\/mannequins-de-vente-au-detail\/formulaire-vestimentaire-a-demi-echelle\/mannequin-de-couture-taille-8-mini-femme-avec-hauteur-ajustable-pour-drapage\/","og_locale":"fr_FR","og_type":"article","og_title":"Half-Scale Sewing Dress Form (Size 8) \u2013 Mini Female Mannequin with Adjustable Height for Draping - DE-LIANG - jewelry,clothes,watch,beauty cosmetics","og_description":"This 1:2 half-scale female dress form (not adult size) is ideal for sewing, tailoring, fitting, and design practice. Available in Size 8 (shoulder 21cm, bust 45cm, waist 38cm, hips 47cm) and Size 10, it has adjustable height (61\u201375cm) via a screw. Made of fiberglass (cotton-lined) with cotton-linen fabric, plus a sturdy metal base, it\u2019s pinnable at an angle, has flexible soft arms, and metal covers for shipping protection\u2014saves fabric and time for designers.","og_url":"https:\/\/deliangdisplay.com\/fr\/notre-produit\/affichages\/mannequins-de-vente-au-detail\/formulaire-vestimentaire-a-demi-echelle\/mannequin-de-couture-taille-8-mini-femme-avec-hauteur-ajustable-pour-drapage\/","og_site_name":"DE-LIANG - jewelry,clothes,watch,beauty cosmetics","article_publisher":"https:\/\/www.facebook.com\/JaneZhang008\/","article_modified_time":"2025-10-21T02:04:50+00:00","og_image":[{"width":713,"height":713,"url":"https:\/\/deliangdisplay.com\/wp-content\/uploads\/2025\/10\/8.webp","type":"image\/webp"}],"twitter_card":"summary_large_image","twitter_site":"@ly673551729","twitter_misc":{"Dur\u00e9e de lecture estim\u00e9e":"2 minutes"},"schema":{"@context":"https:\/\/schema.org","@graph":[{"@type":"WebPage","@id":"https:\/\/deliangdisplay.com\/our-product\/displays\/retail-mannequins\/half-scale-dress-form\/half-scale-sewing-dress-form-size-8-mini-female-mannequin-with-adjustable-height-for-draping\/","url":"https:\/\/deliangdisplay.com\/our-product\/displays\/retail-mannequins\/half-scale-dress-form\/half-scale-sewing-dress-form-size-8-mini-female-mannequin-with-adjustable-height-for-draping\/","name":"Mod\u00e8le de robe de couture (taille 8) - Mini mannequin f\u00e9minin avec hauteur ajustable pour le drapage - DE-LIANG - bijoux,v\u00eatements,montres,beaut\u00e9,cosm\u00e9tique","isPartOf":{"@id":"https:\/\/deliangdisplay.com\/#website"},"primaryImageOfPage":{"@id":"https:\/\/deliangdisplay.com\/our-product\/displays\/retail-mannequins\/half-scale-dress-form\/half-scale-sewing-dress-form-size-8-mini-female-mannequin-with-adjustable-height-for-draping\/#primaryimage"},"image":{"@id":"https:\/\/deliangdisplay.com\/our-product\/displays\/retail-mannequins\/half-scale-dress-form\/half-scale-sewing-dress-form-size-8-mini-female-mannequin-with-adjustable-height-for-draping\/#primaryimage"},"thumbnailUrl":"https:\/\/deliangdisplay.com\/wp-content\/uploads\/2025\/10\/8.webp","datePublished":"2025-10-21T02:04:31+00:00","dateModified":"2025-10-21T02:04:50+00:00","breadcrumb":{"@id":"https:\/\/deliangdisplay.com\/our-product\/displays\/retail-mannequins\/half-scale-dress-form\/half-scale-sewing-dress-form-size-8-mini-female-mannequin-with-adjustable-height-for-draping\/#breadcrumb"},"inLanguage":"fr-FR","potentialAction":[{"@type":"ReadAction","target":["https:\/\/deliangdisplay.com\/our-product\/displays\/retail-mannequins\/half-scale-dress-form\/half-scale-sewing-dress-form-size-8-mini-female-mannequin-with-adjustable-height-for-draping\/"]}]},{"@type":"ImageObject","inLanguage":"fr-FR","@id":"https:\/\/deliangdisplay.com\/our-product\/displays\/retail-mannequins\/half-scale-dress-form\/half-scale-sewing-dress-form-size-8-mini-female-mannequin-with-adjustable-height-for-draping\/#primaryimage","url":"https:\/\/deliangdisplay.com\/wp-content\/uploads\/2025\/10\/8.webp","contentUrl":"https:\/\/deliangdisplay.com\/wp-content\/uploads\/2025\/10\/8.webp","width":713,"height":713},{"@type":"BreadcrumbList","@id":"https:\/\/deliangdisplay.com\/our-product\/displays\/retail-mannequins\/half-scale-dress-form\/half-scale-sewing-dress-form-size-8-mini-female-mannequin-with-adjustable-height-for-draping\/#breadcrumb","itemListElement":[{"@type":"ListItem","position":1,"name":"\u9996\u9875","item":"https:\/\/deliangdisplay.com\/"},{"@type":"ListItem","position":2,"name":"Our Product","item":"https:\/\/deliangdisplay.com\/our-product\/"},{"@type":"ListItem","position":3,"name":"Half-Scale Sewing Dress Form (Size 8) \u2013 Mini Female Mannequin with Adjustable Height for Draping"}]},{"@type":"WebSite","@id":"https:\/\/deliangdisplay.com\/#website","url":"https:\/\/deliangdisplay.com\/","name":"deliangdisplay.com","description":"DE-LIANG - Fournit des solutions d'emballage sur mesure et des services de conception de pr\u00e9sentoirs luxueux pour les marques de bijoux, de v\u00eatements, de montres, de produits de beaut\u00e9 et de cosm\u00e9tiques, et plus encore.","publisher":{"@id":"https:\/\/deliangdisplay.com\/#organization"},"potentialAction":[{"@type":"SearchAction","target":{"@type":"EntryPoint","urlTemplate":"https:\/\/deliangdisplay.com\/?s={search_term_string}"},"query-input":{"@type":"PropertyValueSpecification","valueRequired":true,"valueName":"search_term_string"}}],"inLanguage":"fr-FR"},{"@type":"Organization","@id":"https:\/\/deliangdisplay.com\/#organization","name":"deliangdisplay.com","url":"https:\/\/deliangdisplay.com\/","logo":{"@type":"ImageObject","inLanguage":"fr-FR","@id":"https:\/\/deliangdisplay.com\/#\/schema\/logo\/image\/","url":"https:\/\/deliangdisplay.com\/wp-content\/uploads\/2025\/08\/DELIANGDISPALY_logo.png","contentUrl":"https:\/\/deliangdisplay.com\/wp-content\/uploads\/2025\/08\/DELIANGDISPALY_logo.png","width":300,"height":130,"caption":"deliangdisplay.com"},"image":{"@id":"https:\/\/deliangdisplay.com\/#\/schema\/logo\/image\/"},"sameAs":["https:\/\/www.facebook.com\/JaneZhang008\/","https:\/\/x.com\/ly673551729"]}]}},"_links":{"self":[{"href":"https:\/\/deliangdisplay.com\/fr\/wp-json\/wp\/v2\/product\/43594","targetHints":{"allow":["GET"]}}],"collection":[{"href":"https:\/\/deliangdisplay.com\/fr\/wp-json\/wp\/v2\/product"}],"about":[{"href":"https:\/\/deliangdisplay.com\/fr\/wp-json\/wp\/v2\/types\/product"}],"replies":[{"embeddable":true,"href":"https:\/\/deliangdisplay.com\/fr\/wp-json\/wp\/v2\/comments?post=43594"}],"wp:featuredmedia":[{"embeddable":true,"href":"https:\/\/deliangdisplay.com\/fr\/wp-json\/wp\/v2\/media\/43602"}],"wp:attachment":[{"href":"https:\/\/deliangdisplay.com\/fr\/wp-json\/wp\/v2\/media?parent=43594"}],"wp:term":[{"taxonomy":"product_brand","embeddable":true,"href":"https:\/\/deliangdisplay.com\/fr\/wp-json\/wp\/v2\/product_brand?post=43594"},{"taxonomy":"product_cat","embeddable":true,"href":"https:\/\/deliangdisplay.com\/fr\/wp-json\/wp\/v2\/product_cat?post=43594"},{"taxonomy":"product_tag","embeddable":true,"href":"https:\/\/deliangdisplay.com\/fr\/wp-json\/wp\/v2\/product_tag?post=43594"}],"curies":[{"name":"wp","href":"https:\/\/api.w.org\/{rel}","templated":true}]}}