{"id":43572,"date":"2025-10-14T16:39:58","date_gmt":"2025-10-14T08:39:58","guid":{"rendered":"https:\/\/deliangdisplay.com\/?post_type=product&#038;p=43572"},"modified":"2025-10-18T12:40:13","modified_gmt":"2025-10-18T04:40:13","slug":"presentoir-a-bijoux-en-metal-superfibre-noir-style-luxe-pour-bijouterie-haut-de-gamme","status":"publish","type":"product","link":"https:\/\/deliangdisplay.com\/fr\/notre-produit\/emballage\/emballage-pour-lorganisation-des-bijoux\/presentoir-a-bijoux-en-metal-superfibre-noir-style-luxe-pour-bijouterie-haut-de-gamme\/","title":{"rendered":"Pr\u00e9sentoir \u00e0 bijoux en m\u00e9tal et superfibre - Noir\/Style luxueux pour bijouteries haut de gamme"},"content":{"rendered":"<h3 class=\"header-iWP5WJ auto-hide-last-sibling-br\">Aper\u00e7u du produit<\/h3>\n<div class=\"auto-hide-last-sibling-br paragraph-pP9ZLC paragraph-element br-paragraph-space\">Rehausser les pr\u00e9sentoirs des bijouteries haut de gamme gr\u00e2ce \u00e0 cette\u00a0<strong>nouveau style de pr\u00e9sentoir pour bijoux de luxe<\/strong>, L'\u00e9tag\u00e8re \u00e0 bijoux est con\u00e7ue pour mettre en valeur bagues, pendentifs, bracelets et boucles d'oreilles en une seule solution coh\u00e9sive. Fabriqu\u00e9 \u00e0 partir de m\u00e9taux durables (6 fois galvanis\u00e9s pour une r\u00e9sistance \u00e0 la rouille et une brillance durable) et de superfibres douces, il allie robustesse et protection des bijoux. Dot\u00e9 d'une base noire \u00e9l\u00e9gante (avec des options de couleurs personnalis\u00e9es telles que le rouge, le vert, le violet, etc.) et d'une taille de 46\u00d746\u00d748 cm, il trouve sa place sur les comptoirs des d\u00e9taillants tout en am\u00e9liorant l'attrait visuel de diverses collections de bijoux.<\/div>\n<h3 class=\"header-iWP5WJ auto-hide-last-sibling-br\">Caract\u00e9ristiques principales<\/h3>\n<ul class=\"auto-hide-last-sibling-br\">\n<li><strong>Construction multi-mat\u00e9riaux de premi\u00e8re qualit\u00e9<\/strong>Les bijoux sont prot\u00e9g\u00e9s contre les rayures par un m\u00e9tal \u00e9lectroplaqu\u00e9 \u00e0 6 reprises, qui garantit la r\u00e9sistance \u00e0 l'usure et la pr\u00e9vention de la rouille, et par des superfibres douces qui prot\u00e8gent les bijoux d\u00e9licats contre les rayures. Le bois mixte import\u00e9 de haute qualit\u00e9 (r\u00e9sistant \u00e0 l'humidit\u00e9 et aux insectes) est \u00e9galement int\u00e9gr\u00e9 pour une stabilit\u00e9 structurelle accrue.<\/li>\n<li><strong>Capacit\u00e9 d'affichage polyvalente<\/strong>: Con\u00e7ue pour contenir des bagues, des pendentifs, des bracelets et des boucles d'oreilles, elle est id\u00e9ale pour pr\u00e9senter des collections compl\u00e8tes de bijoux en un seul ensemble, ce qui \u00e9vite d'avoir recours \u00e0 plusieurs pr\u00e9sentoirs distincts et permet d'organiser les comptoirs.<\/li>\n<li><strong>Esth\u00e9tique personnalisable<\/strong>: La couleur noire standard s'harmonise avec les bijoux de luxe ; il est possible de personnaliser les couleurs (rouge, vert, violet, gris, beige, rose, kaki) et d'imprimer le logo (commande minimale peu \u00e9lev\u00e9e) pour s'aligner sur l'identit\u00e9 de la marque et les visuels en magasin.<\/li>\n<li><strong>Compact et facile \u00e0 utiliser<\/strong>: La taille de 46\u00d746\u00d748 cm convient aux espaces de vente de petite \u00e0 moyenne taille sans occuper trop d'espace sur le comptoir ; l'assemblage simple permet une installation rapide pour une utilisation imm\u00e9diate dans les magasins ou les expositions.<\/li>\n<\/ul>\n<h3 class=\"header-iWP5WJ auto-hide-last-sibling-br\">Applications id\u00e9ales<\/h3>\n<ul class=\"auto-hide-last-sibling-br\">\n<li><strong>Boutiques et magasins de bijoux de luxe<\/strong>: Parfait pour les pr\u00e9sentoirs de comptoir, mettant en valeur les bagues, les pendentifs, les bracelets et les boucles d'oreilles afin d'attirer l'attention des clients et d'augmenter la valeur per\u00e7ue des pi\u00e8ces de joaillerie.<\/li>\n<li><strong>Marchandisage visuel dans le commerce de d\u00e9tail<\/strong>: Les couleurs et les logos personnalis\u00e9s contribuent \u00e0 renforcer l'identit\u00e9 de la marque et font du pr\u00e9sentoir un \u00e9l\u00e9ment homog\u00e8ne de l'esth\u00e9tique g\u00e9n\u00e9rale du magasin.<\/li>\n<li><strong>Expositions et salons de la bijouterie<\/strong>: Sa construction robuste et son aspect haut de gamme en font un outil id\u00e9al pour les \u00e9v\u00e9nements commerciaux, o\u00f9 il met en valeur divers types de bijoux et aide les marques \u00e0 se d\u00e9marquer de leurs concurrents.<\/li>\n<li><strong>Petits espaces commerciaux<\/strong>: Les dimensions compactes de 46\u00d746\u00d748 cm maximisent l'efficacit\u00e9 de l'espace de comptoir, ce qui en fait un choix pratique pour les propri\u00e9taires de boutiques dont l'espace d'exposition est limit\u00e9 mais qui ont besoin d'une pr\u00e9sentation haut de gamme.<\/li>\n<\/ul>","protected":false},"excerpt":{"rendered":"<p>Am\u00e9liorez votre pr\u00e9sentation de bijoux avec cet ensemble de pr\u00e9sentation de bijoux de luxe d'un nouveau genre ! Fabriqu\u00e9 \u00e0 partir de 6x m\u00e9tal \u00e9lectroplaqu\u00e9 r\u00e9sistant \u00e0 la rouille, de superfibres douces et de bois r\u00e9sistant \u00e0 l'humidit\u00e9, il peut contenir des bagues, des pendentifs, des bracelets et des boucles d'oreilles. D'une taille de 46\u00d746\u00d748 cm (noir \u00e9l\u00e9gant, couleurs personnalis\u00e9es\/logos disponibles), il convient aux comptoirs de vente au d\u00e9tail, aux expositions. Il prot\u00e8ge les bijoux tout en renfor\u00e7ant l'attrait des magasins ou des boutiques.<\/p>","protected":false},"featured_media":43574,"comment_status":"open","ping_status":"closed","template":"","meta":{"_acf_changed":false},"product_brand":[84],"product_cat":[73],"product_tag":[568,538,567,543,571,573,574,576,570,575,565,572,566,577,569],"class_list":{"0":"post-43572","1":"product","2":"type-product","3":"status-publish","4":"has-post-thumbnail","6":"product_brand-de-liang","7":"product_cat-jewelry-organization-packaging","8":"product_tag-46x46x48cm-jewelry-display","9":"product_tag-6x-electroplated-metal-jewelry-display","10":"product_tag-black-jewelry-display-set","11":"product_tag-custom-color-jewelry-display","12":"product_tag-high-end-jewelry-shop-display","13":"product_tag-jewelry-exhibition-display","14":"product_tag-logo-printed-jewelry-display","15":"product_tag-luxury-jewelry-display-tray","16":"product_tag-moisture-proof-wood-jewelry-display","17":"product_tag-multi-jewelry-type-display","18":"product_tag-new-style-luxury-jewelry-display-set","19":"product_tag-retail-counter-jewelry-set","20":"product_tag-ring-pendant-bracelet-earring-display","21":"product_tag-small-retail-space-jewelry-holder","22":"product_tag-soft-superfiber-jewelry-holder","24":"first","25":"instock","26":"shipping-taxable","27":"purchasable","28":"product-type-simple"},"acf":[],"yoast_head":"<!-- This site is optimized with the Yoast SEO plugin v27.4 - https:\/\/yoast.com\/product\/yoast-seo-wordpress\/ -->\n<title>Metal &amp; Superfiber Jewelry Display Set - Black\/Luxury Style for High-End Jewelry Shops - DE-LIANG - jewelry,clothes,watch,beauty cosmetics<\/title>\n<meta name=\"robots\" content=\"index, follow, max-snippet:-1, max-image-preview:large, max-video-preview:-1\" \/>\n<link rel=\"canonical\" href=\"https:\/\/deliangdisplay.com\/fr\/notre-produit\/emballage\/emballage-pour-lorganisation-des-bijoux\/presentoir-a-bijoux-en-metal-superfibre-noir-style-luxe-pour-bijouterie-haut-de-gamme\/\" \/>\n<meta property=\"og:locale\" content=\"fr_FR\" \/>\n<meta property=\"og:type\" content=\"article\" \/>\n<meta property=\"og:title\" content=\"Metal &amp; Superfiber Jewelry Display Set - Black\/Luxury Style for High-End Jewelry Shops - DE-LIANG - jewelry,clothes,watch,beauty cosmetics\" \/>\n<meta property=\"og:description\" content=\"Elevate jewelry displays with this new-style luxury jewelry display set! Crafted from 6x electroplated rust-resistant metal, soft superfibers, and moisture-proof wood, it holds rings, pendants, bracelets, earrings. Sized 46\u00d746\u00d748cm (sleek black, custom colors\/logos available), it fits retail counters, exhibitions\u2014protects jewelry while boosting premium appeal for shops or boutiques.\" \/>\n<meta property=\"og:url\" content=\"https:\/\/deliangdisplay.com\/fr\/notre-produit\/emballage\/emballage-pour-lorganisation-des-bijoux\/presentoir-a-bijoux-en-metal-superfibre-noir-style-luxe-pour-bijouterie-haut-de-gamme\/\" \/>\n<meta property=\"og:site_name\" content=\"DE-LIANG - jewelry,clothes,watch,beauty cosmetics\" \/>\n<meta property=\"article:publisher\" content=\"https:\/\/www.facebook.com\/JaneZhang008\/\" \/>\n<meta property=\"article:modified_time\" content=\"2025-10-18T04:40:13+00:00\" \/>\n<meta property=\"og:image\" content=\"https:\/\/deliangdisplay.com\/wp-content\/uploads\/2025\/10\/51.jpg\" \/>\n\t<meta property=\"og:image:width\" content=\"767\" \/>\n\t<meta property=\"og:image:height\" content=\"769\" \/>\n\t<meta property=\"og:image:type\" content=\"image\/jpeg\" \/>\n<meta name=\"twitter:card\" content=\"summary_large_image\" \/>\n<meta name=\"twitter:site\" content=\"@ly673551729\" \/>\n<meta name=\"twitter:label1\" content=\"Dur\u00e9e de lecture estim\u00e9e\" \/>\n\t<meta name=\"twitter:data1\" content=\"2 minutes\" \/>\n<script type=\"application\/ld+json\" class=\"yoast-schema-graph\">{\"@context\":\"https:\\\/\\\/schema.org\",\"@graph\":[{\"@type\":\"WebPage\",\"@id\":\"https:\\\/\\\/deliangdisplay.com\\\/our-product\\\/packaging\\\/jewelry-organization-packaging\\\/metal-superfiber-jewelry-display-set-black-luxury-style-for-high-end-jewelry-shops\\\/\",\"url\":\"https:\\\/\\\/deliangdisplay.com\\\/our-product\\\/packaging\\\/jewelry-organization-packaging\\\/metal-superfiber-jewelry-display-set-black-luxury-style-for-high-end-jewelry-shops\\\/\",\"name\":\"Metal & Superfiber Jewelry Display Set - Black\\\/Luxury Style for High-End Jewelry Shops - DE-LIANG - jewelry,clothes,watch,beauty cosmetics\",\"isPartOf\":{\"@id\":\"https:\\\/\\\/deliangdisplay.com\\\/#website\"},\"primaryImageOfPage\":{\"@id\":\"https:\\\/\\\/deliangdisplay.com\\\/our-product\\\/packaging\\\/jewelry-organization-packaging\\\/metal-superfiber-jewelry-display-set-black-luxury-style-for-high-end-jewelry-shops\\\/#primaryimage\"},\"image\":{\"@id\":\"https:\\\/\\\/deliangdisplay.com\\\/our-product\\\/packaging\\\/jewelry-organization-packaging\\\/metal-superfiber-jewelry-display-set-black-luxury-style-for-high-end-jewelry-shops\\\/#primaryimage\"},\"thumbnailUrl\":\"https:\\\/\\\/deliangdisplay.com\\\/wp-content\\\/uploads\\\/2025\\\/10\\\/51.jpg\",\"datePublished\":\"2025-10-14T08:39:58+00:00\",\"dateModified\":\"2025-10-18T04:40:13+00:00\",\"breadcrumb\":{\"@id\":\"https:\\\/\\\/deliangdisplay.com\\\/our-product\\\/packaging\\\/jewelry-organization-packaging\\\/metal-superfiber-jewelry-display-set-black-luxury-style-for-high-end-jewelry-shops\\\/#breadcrumb\"},\"inLanguage\":\"fr-FR\",\"potentialAction\":[{\"@type\":\"ReadAction\",\"target\":[\"https:\\\/\\\/deliangdisplay.com\\\/our-product\\\/packaging\\\/jewelry-organization-packaging\\\/metal-superfiber-jewelry-display-set-black-luxury-style-for-high-end-jewelry-shops\\\/\"]}]},{\"@type\":\"ImageObject\",\"inLanguage\":\"fr-FR\",\"@id\":\"https:\\\/\\\/deliangdisplay.com\\\/our-product\\\/packaging\\\/jewelry-organization-packaging\\\/metal-superfiber-jewelry-display-set-black-luxury-style-for-high-end-jewelry-shops\\\/#primaryimage\",\"url\":\"https:\\\/\\\/deliangdisplay.com\\\/wp-content\\\/uploads\\\/2025\\\/10\\\/51.jpg\",\"contentUrl\":\"https:\\\/\\\/deliangdisplay.com\\\/wp-content\\\/uploads\\\/2025\\\/10\\\/51.jpg\",\"width\":767,\"height\":769},{\"@type\":\"BreadcrumbList\",\"@id\":\"https:\\\/\\\/deliangdisplay.com\\\/our-product\\\/packaging\\\/jewelry-organization-packaging\\\/metal-superfiber-jewelry-display-set-black-luxury-style-for-high-end-jewelry-shops\\\/#breadcrumb\",\"itemListElement\":[{\"@type\":\"ListItem\",\"position\":1,\"name\":\"\u9996\u9875\",\"item\":\"https:\\\/\\\/deliangdisplay.com\\\/\"},{\"@type\":\"ListItem\",\"position\":2,\"name\":\"Our Product\",\"item\":\"https:\\\/\\\/deliangdisplay.com\\\/our-product\\\/\"},{\"@type\":\"ListItem\",\"position\":3,\"name\":\"Metal &#038; Superfiber Jewelry Display Set &#8211; Black\\\/Luxury Style for High-End Jewelry Shops\"}]},{\"@type\":\"WebSite\",\"@id\":\"https:\\\/\\\/deliangdisplay.com\\\/#website\",\"url\":\"https:\\\/\\\/deliangdisplay.com\\\/\",\"name\":\"deliangdisplay.com\",\"description\":\"DE-LIANG - Providing bespoke packaging solutions and luxurious display design services for brands in jewelry, apparel, watches, beauty cosmetics, and more.\",\"publisher\":{\"@id\":\"https:\\\/\\\/deliangdisplay.com\\\/#organization\"},\"potentialAction\":[{\"@type\":\"SearchAction\",\"target\":{\"@type\":\"EntryPoint\",\"urlTemplate\":\"https:\\\/\\\/deliangdisplay.com\\\/?s={search_term_string}\"},\"query-input\":{\"@type\":\"PropertyValueSpecification\",\"valueRequired\":true,\"valueName\":\"search_term_string\"}}],\"inLanguage\":\"fr-FR\"},{\"@type\":\"Organization\",\"@id\":\"https:\\\/\\\/deliangdisplay.com\\\/#organization\",\"name\":\"deliangdisplay.com\",\"url\":\"https:\\\/\\\/deliangdisplay.com\\\/\",\"logo\":{\"@type\":\"ImageObject\",\"inLanguage\":\"fr-FR\",\"@id\":\"https:\\\/\\\/deliangdisplay.com\\\/#\\\/schema\\\/logo\\\/image\\\/\",\"url\":\"https:\\\/\\\/deliangdisplay.com\\\/wp-content\\\/uploads\\\/2025\\\/08\\\/DELIANGDISPALY_logo.png\",\"contentUrl\":\"https:\\\/\\\/deliangdisplay.com\\\/wp-content\\\/uploads\\\/2025\\\/08\\\/DELIANGDISPALY_logo.png\",\"width\":300,\"height\":130,\"caption\":\"deliangdisplay.com\"},\"image\":{\"@id\":\"https:\\\/\\\/deliangdisplay.com\\\/#\\\/schema\\\/logo\\\/image\\\/\"},\"sameAs\":[\"https:\\\/\\\/www.facebook.com\\\/JaneZhang008\\\/\",\"https:\\\/\\\/x.com\\\/ly673551729\"]}]}<\/script>\n<!-- \/ Yoast SEO plugin. -->","yoast_head_json":{"title":"Pr\u00e9sentoir \u00e0 bijoux en m\u00e9tal et superfibre - Noir\/Style luxueux pour les bijouteries haut de gamme - DE-LIANG - bijoux,vetements,montres,beaute,cosmetique","robots":{"index":"index","follow":"follow","max-snippet":"max-snippet:-1","max-image-preview":"max-image-preview:large","max-video-preview":"max-video-preview:-1"},"canonical":"https:\/\/deliangdisplay.com\/fr\/notre-produit\/emballage\/emballage-pour-lorganisation-des-bijoux\/presentoir-a-bijoux-en-metal-superfibre-noir-style-luxe-pour-bijouterie-haut-de-gamme\/","og_locale":"fr_FR","og_type":"article","og_title":"Metal & Superfiber Jewelry Display Set - Black\/Luxury Style for High-End Jewelry Shops - DE-LIANG - jewelry,clothes,watch,beauty cosmetics","og_description":"Elevate jewelry displays with this new-style luxury jewelry display set! Crafted from 6x electroplated rust-resistant metal, soft superfibers, and moisture-proof wood, it holds rings, pendants, bracelets, earrings. Sized 46\u00d746\u00d748cm (sleek black, custom colors\/logos available), it fits retail counters, exhibitions\u2014protects jewelry while boosting premium appeal for shops or boutiques.","og_url":"https:\/\/deliangdisplay.com\/fr\/notre-produit\/emballage\/emballage-pour-lorganisation-des-bijoux\/presentoir-a-bijoux-en-metal-superfibre-noir-style-luxe-pour-bijouterie-haut-de-gamme\/","og_site_name":"DE-LIANG - jewelry,clothes,watch,beauty cosmetics","article_publisher":"https:\/\/www.facebook.com\/JaneZhang008\/","article_modified_time":"2025-10-18T04:40:13+00:00","og_image":[{"width":767,"height":769,"url":"https:\/\/deliangdisplay.com\/wp-content\/uploads\/2025\/10\/51.jpg","type":"image\/jpeg"}],"twitter_card":"summary_large_image","twitter_site":"@ly673551729","twitter_misc":{"Dur\u00e9e de lecture estim\u00e9e":"2 minutes"},"schema":{"@context":"https:\/\/schema.org","@graph":[{"@type":"WebPage","@id":"https:\/\/deliangdisplay.com\/our-product\/packaging\/jewelry-organization-packaging\/metal-superfiber-jewelry-display-set-black-luxury-style-for-high-end-jewelry-shops\/","url":"https:\/\/deliangdisplay.com\/our-product\/packaging\/jewelry-organization-packaging\/metal-superfiber-jewelry-display-set-black-luxury-style-for-high-end-jewelry-shops\/","name":"Pr\u00e9sentoir \u00e0 bijoux en m\u00e9tal et superfibre - Noir\/Style luxueux pour les bijouteries haut de gamme - DE-LIANG - bijoux,vetements,montres,beaute,cosmetique","isPartOf":{"@id":"https:\/\/deliangdisplay.com\/#website"},"primaryImageOfPage":{"@id":"https:\/\/deliangdisplay.com\/our-product\/packaging\/jewelry-organization-packaging\/metal-superfiber-jewelry-display-set-black-luxury-style-for-high-end-jewelry-shops\/#primaryimage"},"image":{"@id":"https:\/\/deliangdisplay.com\/our-product\/packaging\/jewelry-organization-packaging\/metal-superfiber-jewelry-display-set-black-luxury-style-for-high-end-jewelry-shops\/#primaryimage"},"thumbnailUrl":"https:\/\/deliangdisplay.com\/wp-content\/uploads\/2025\/10\/51.jpg","datePublished":"2025-10-14T08:39:58+00:00","dateModified":"2025-10-18T04:40:13+00:00","breadcrumb":{"@id":"https:\/\/deliangdisplay.com\/our-product\/packaging\/jewelry-organization-packaging\/metal-superfiber-jewelry-display-set-black-luxury-style-for-high-end-jewelry-shops\/#breadcrumb"},"inLanguage":"fr-FR","potentialAction":[{"@type":"ReadAction","target":["https:\/\/deliangdisplay.com\/our-product\/packaging\/jewelry-organization-packaging\/metal-superfiber-jewelry-display-set-black-luxury-style-for-high-end-jewelry-shops\/"]}]},{"@type":"ImageObject","inLanguage":"fr-FR","@id":"https:\/\/deliangdisplay.com\/our-product\/packaging\/jewelry-organization-packaging\/metal-superfiber-jewelry-display-set-black-luxury-style-for-high-end-jewelry-shops\/#primaryimage","url":"https:\/\/deliangdisplay.com\/wp-content\/uploads\/2025\/10\/51.jpg","contentUrl":"https:\/\/deliangdisplay.com\/wp-content\/uploads\/2025\/10\/51.jpg","width":767,"height":769},{"@type":"BreadcrumbList","@id":"https:\/\/deliangdisplay.com\/our-product\/packaging\/jewelry-organization-packaging\/metal-superfiber-jewelry-display-set-black-luxury-style-for-high-end-jewelry-shops\/#breadcrumb","itemListElement":[{"@type":"ListItem","position":1,"name":"\u9996\u9875","item":"https:\/\/deliangdisplay.com\/"},{"@type":"ListItem","position":2,"name":"Our Product","item":"https:\/\/deliangdisplay.com\/our-product\/"},{"@type":"ListItem","position":3,"name":"Metal &#038; Superfiber Jewelry Display Set &#8211; Black\/Luxury Style for High-End Jewelry Shops"}]},{"@type":"WebSite","@id":"https:\/\/deliangdisplay.com\/#website","url":"https:\/\/deliangdisplay.com\/","name":"deliangdisplay.com","description":"DE-LIANG - Fournit des solutions d'emballage sur mesure et des services de conception de pr\u00e9sentoirs luxueux pour les marques de bijoux, de v\u00eatements, de montres, de produits de beaut\u00e9 et de cosm\u00e9tiques, et plus encore.","publisher":{"@id":"https:\/\/deliangdisplay.com\/#organization"},"potentialAction":[{"@type":"SearchAction","target":{"@type":"EntryPoint","urlTemplate":"https:\/\/deliangdisplay.com\/?s={search_term_string}"},"query-input":{"@type":"PropertyValueSpecification","valueRequired":true,"valueName":"search_term_string"}}],"inLanguage":"fr-FR"},{"@type":"Organization","@id":"https:\/\/deliangdisplay.com\/#organization","name":"deliangdisplay.com","url":"https:\/\/deliangdisplay.com\/","logo":{"@type":"ImageObject","inLanguage":"fr-FR","@id":"https:\/\/deliangdisplay.com\/#\/schema\/logo\/image\/","url":"https:\/\/deliangdisplay.com\/wp-content\/uploads\/2025\/08\/DELIANGDISPALY_logo.png","contentUrl":"https:\/\/deliangdisplay.com\/wp-content\/uploads\/2025\/08\/DELIANGDISPALY_logo.png","width":300,"height":130,"caption":"deliangdisplay.com"},"image":{"@id":"https:\/\/deliangdisplay.com\/#\/schema\/logo\/image\/"},"sameAs":["https:\/\/www.facebook.com\/JaneZhang008\/","https:\/\/x.com\/ly673551729"]}]}},"_links":{"self":[{"href":"https:\/\/deliangdisplay.com\/fr\/wp-json\/wp\/v2\/product\/43572","targetHints":{"allow":["GET"]}}],"collection":[{"href":"https:\/\/deliangdisplay.com\/fr\/wp-json\/wp\/v2\/product"}],"about":[{"href":"https:\/\/deliangdisplay.com\/fr\/wp-json\/wp\/v2\/types\/product"}],"replies":[{"embeddable":true,"href":"https:\/\/deliangdisplay.com\/fr\/wp-json\/wp\/v2\/comments?post=43572"}],"wp:featuredmedia":[{"embeddable":true,"href":"https:\/\/deliangdisplay.com\/fr\/wp-json\/wp\/v2\/media\/43574"}],"wp:attachment":[{"href":"https:\/\/deliangdisplay.com\/fr\/wp-json\/wp\/v2\/media?parent=43572"}],"wp:term":[{"taxonomy":"product_brand","embeddable":true,"href":"https:\/\/deliangdisplay.com\/fr\/wp-json\/wp\/v2\/product_brand?post=43572"},{"taxonomy":"product_cat","embeddable":true,"href":"https:\/\/deliangdisplay.com\/fr\/wp-json\/wp\/v2\/product_cat?post=43572"},{"taxonomy":"product_tag","embeddable":true,"href":"https:\/\/deliangdisplay.com\/fr\/wp-json\/wp\/v2\/product_tag?post=43572"}],"curies":[{"name":"wp","href":"https:\/\/api.w.org\/{rel}","templated":true}]}}