{"id":43550,"date":"2025-10-14T14:53:42","date_gmt":"2025-10-14T06:53:42","guid":{"rendered":"https:\/\/deliangdisplay.com\/?post_type=product&#038;p=43550"},"modified":"2025-10-14T14:53:43","modified_gmt":"2025-10-14T06:53:43","slug":"kit-de-presentation-de-bijoux-en-velours-rose-dore-outil-mobile-pour-boucles-doreilles-buste-de-collier-pour-boutique-de-luxe","status":"publish","type":"product","link":"https:\/\/deliangdisplay.com\/fr\/notre-produit\/emballage\/emballage-pour-lorganisation-des-bijoux\/kit-de-presentation-de-bijoux-en-velours-rose-dore-outil-mobile-pour-boucles-doreilles-buste-de-collier-pour-boutique-de-luxe\/","title":{"rendered":"Kit de pr\u00e9sentation de bijoux en velours rose-or - Outil mobile pour boucles d'oreilles + Pince \u00e0 colliers pour Vanity &amp; Shop"},"content":{"rendered":"<h3 class=\"header-iWP5WJ auto-hide-last-sibling-br\">Aper\u00e7u du produit<\/h3>\n<div class=\"auto-hide-last-sibling-br paragraph-pP9ZLC paragraph-element br-paragraph-space\">\u00c9l\u00e9vation de la pr\u00e9sentation des bijoux gr\u00e2ce \u00e0 cette\u00a0<strong>pr\u00e9sentoir mobile de luxe en velours pour bijoux<\/strong>-Une combinaison polyvalente d'outils pour boucles d'oreilles, de supports pour bagues, de bustes pour colliers et d'\u00e9tag\u00e8res roses. Fabriqu\u00e9 en velours doux et en m\u00e9tal durable, il pr\u00e9sente une combinaison de couleurs rose et or qui ajoute de l'\u00e9l\u00e9gance \u00e0 n'importe quel espace. Con\u00e7u pour les comptoirs de vente au d\u00e9tail et pour un usage domestique, il offre un \u00e9quilibre entre la fonctionnalit\u00e9 (maintien en toute s\u00e9curit\u00e9 de diff\u00e9rents types de bijoux) et un aspect haut de gamme qui met en valeur l'\u00e9clat de vos bijoux.<\/div>\n<h3 class=\"header-iWP5WJ auto-hide-last-sibling-br\">Caract\u00e9ristiques principales<\/h3>\n<ul class=\"auto-hide-last-sibling-br\">\n<li><strong>M\u00e9lange de mat\u00e9riaux de premi\u00e8re qualit\u00e9<\/strong>: Fabriqu\u00e9 en velours doux (prot\u00e8ge les bijoux des rayures) et en m\u00e9tal robuste (assure une durabilit\u00e9 \u00e0 long terme), l'ensemble garde les bijoux en s\u00e9curit\u00e9 tout en ajoutant une touche luxueuse aux pr\u00e9sentoirs.<\/li>\n<li><strong>Esth\u00e9tique chic<\/strong>: La palette de couleurs rose et or s'harmonise avec un large \u00e9ventail de styles de bijoux, des boucles d'oreilles d\u00e9licates aux colliers imposants, ce qui est id\u00e9al pour am\u00e9liorer l'attrait visuel dans les espaces de vente ou \u00e0 la maison.<\/li>\n<li><strong>Conception multifonctionnelle<\/strong>: Comprend de multiples \u00e9l\u00e9ments (outils pour boucles d'oreilles, supports pour bagues, bustes pour colliers, \u00e9tag\u00e8res) pour pr\u00e9senter divers types de bijoux. Il s'agit d'une pi\u00e8ce ma\u00eetresse de comptoir pour les magasins de d\u00e9tail, les expositions ou les vanit\u00e9s de la maison.<\/li>\n<li><strong>Assemblage facile<\/strong>: L'installation conviviale n\u00e9cessite peu d'efforts, ce qui permet un d\u00e9ploiement rapide pour une utilisation imm\u00e9diate - parfait pour les d\u00e9taillants qui ont besoin de solutions d'exposition rapides ou pour les collectionneurs qui souhaitent organiser les pi\u00e8ces rapidement.<\/li>\n<li><strong>Options personnalisables<\/strong>: Permet la personnalisation des logos et des graphiques (commande minimale peu \u00e9lev\u00e9e pour des touches personnalis\u00e9es) pour s'aligner sur l'identit\u00e9 de la marque, ainsi que la possibilit\u00e9 d'acheter des composants individuels ou des ensembles complets.<\/li>\n<\/ul>\n<h3 class=\"header-iWP5WJ auto-hide-last-sibling-br\">Applications id\u00e9ales<\/h3>\n<ul class=\"auto-hide-last-sibling-br\">\n<li><strong>Pr\u00e9sentoirs de bijoux pour la vente au d\u00e9tail<\/strong>: Parfait pour les boutiques, les bijouteries ou les salons professionnels - pr\u00e9sente les boucles d'oreilles, les bagues, les colliers et les anneaux d'une mani\u00e8re organis\u00e9e et accrocheuse qui attire l'attention des clients.<\/li>\n<li><strong>Organisation des bijoux \u00e0 la maison<\/strong>: Aide les collectionneurs et les passionn\u00e9s \u00e0 garder leurs bijoux personnels bien rang\u00e9s et visibles sur les coiffeuses, \u00e9liminant ainsi les enchev\u00eatrements et facilitant le choix des accessoires quotidiens.<\/li>\n<li><strong>Expositions et \u00e9v\u00e9nements pop-up<\/strong>: Le design compact et \u00e9l\u00e9gant convient aux espaces d'exposition temporaires, assurant une pr\u00e9sentation coh\u00e9rente et professionnelle des lignes de bijoux lors d'\u00e9v\u00e9nements ou de march\u00e9s.<\/li>\n<li><strong>Commercialisation de la marque<\/strong>: Les logos\/graphiques personnalisables permettent aux marques de renforcer leur identit\u00e9 par le biais de pr\u00e9sentoirs, cr\u00e9ant ainsi une exp\u00e9rience d'achat coh\u00e9rente et de qualit\u00e9 qui stimule la reconnaissance de la marque.<\/li>\n<\/ul>","protected":false},"excerpt":{"rendered":"<p>Am\u00e9liorez votre pr\u00e9sentation de bijoux avec ce luxueux pr\u00e9sentoir \u00e0 bijoux mobile en velours ! Fabriqu\u00e9 en velours doux r\u00e9sistant aux rayures et en m\u00e9tal robuste, il comprend des anneaux pour boucles d'oreilles, des supports pour bagues, des bustes pour colliers et des \u00e9tag\u00e8res dans une palette rose-or chic. Facile \u00e0 assembler et personnalisable avec des logos, il convient aux comptoirs des d\u00e9taillants, aux meubles de salon ou aux expositions. Il permet de ranger les bijoux en toute s\u00e9curit\u00e9 tout en am\u00e9liorant l'attrait visuel.<\/p>","protected":false},"featured_media":43551,"comment_status":"open","ping_status":"closed","template":"","meta":{"_acf_changed":false},"product_brand":[84],"product_cat":[73],"product_tag":[536,530,525,529,533,532,528,522,534,535,527,524,531,526,523],"class_list":{"0":"post-43550","1":"product","2":"type-product","3":"status-publish","4":"has-post-thumbnail","6":"product_brand-de-liang","7":"product_cat-jewelry-organization-packaging","8":"product_tag-chic-jewelry-display-for-retail","9":"product_tag-customizable-logo-jewelry-display","10":"product_tag-earring-hoop-tool-for-display","11":"product_tag-easy-assemble-jewelry-display","12":"product_tag-exhibition-jewelry-display-set","13":"product_tag-home-vanity-jewelry-organizer","14":"product_tag-jewelry-display-shelves","15":"product_tag-luxury-velvet-mobile-jewelry-display-set","16":"product_tag-metal-velvet-jewelry-display","17":"product_tag-multi-piece-jewelry-display-kit","18":"product_tag-necklace-bust-display-stand","19":"product_tag-pink-gold-jewelry-display-kit","20":"product_tag-retail-counter-jewelry-display","21":"product_tag-ring-dish-jewelry-organizer","22":"product_tag-soft-scratch-resistant-velvet-jewelry-holder","24":"first","25":"instock","26":"shipping-taxable","27":"purchasable","28":"product-type-simple"},"acf":[],"yoast_head":"<!-- This site is optimized with the Yoast SEO plugin v27.4 - https:\/\/yoast.com\/product\/yoast-seo-wordpress\/ -->\n<title>Pink-Gold Velvet Jewelry Display Kit - Mobile Earring Tool + Necklace Bust for Vanity &amp; Shop - DE-LIANG - jewelry,clothes,watch,beauty cosmetics<\/title>\n<meta name=\"robots\" content=\"index, follow, max-snippet:-1, max-image-preview:large, max-video-preview:-1\" \/>\n<link rel=\"canonical\" href=\"https:\/\/deliangdisplay.com\/fr\/notre-produit\/emballage\/emballage-pour-lorganisation-des-bijoux\/kit-de-presentation-de-bijoux-en-velours-rose-dore-outil-mobile-pour-boucles-doreilles-buste-de-collier-pour-boutique-de-luxe\/\" \/>\n<meta property=\"og:locale\" content=\"fr_FR\" \/>\n<meta property=\"og:type\" content=\"article\" \/>\n<meta property=\"og:title\" content=\"Pink-Gold Velvet Jewelry Display Kit - Mobile Earring Tool + Necklace Bust for Vanity &amp; Shop - DE-LIANG - jewelry,clothes,watch,beauty cosmetics\" \/>\n<meta property=\"og:description\" content=\"Elevate jewelry display with this luxury velvet mobile jewelry display set! Crafted from soft scratch-resistant velvet and sturdy metal, it includes earring hoop tools, ring dishes, necklace busts, and shelves in a chic pink-gold palette. Easy to assemble, customizable with logos, it suits retail counters, home vanities, or exhibitions\u2014securely organizing jewelry while boosting visual appeal.\" \/>\n<meta property=\"og:url\" content=\"https:\/\/deliangdisplay.com\/fr\/notre-produit\/emballage\/emballage-pour-lorganisation-des-bijoux\/kit-de-presentation-de-bijoux-en-velours-rose-dore-outil-mobile-pour-boucles-doreilles-buste-de-collier-pour-boutique-de-luxe\/\" \/>\n<meta property=\"og:site_name\" content=\"DE-LIANG - jewelry,clothes,watch,beauty cosmetics\" \/>\n<meta property=\"article:publisher\" content=\"https:\/\/www.facebook.com\/JaneZhang008\/\" \/>\n<meta property=\"article:modified_time\" content=\"2025-10-14T06:53:43+00:00\" \/>\n<meta property=\"og:image\" content=\"https:\/\/deliangdisplay.com\/wp-content\/uploads\/2025\/10\/25-3.jpg\" \/>\n\t<meta property=\"og:image:width\" content=\"811\" \/>\n\t<meta property=\"og:image:height\" content=\"811\" \/>\n\t<meta property=\"og:image:type\" content=\"image\/jpeg\" \/>\n<meta name=\"twitter:card\" content=\"summary_large_image\" \/>\n<meta name=\"twitter:site\" content=\"@ly673551729\" \/>\n<meta name=\"twitter:label1\" content=\"Dur\u00e9e de lecture estim\u00e9e\" \/>\n\t<meta name=\"twitter:data1\" content=\"2 minutes\" \/>\n<script type=\"application\/ld+json\" class=\"yoast-schema-graph\">{\"@context\":\"https:\\\/\\\/schema.org\",\"@graph\":[{\"@type\":\"WebPage\",\"@id\":\"https:\\\/\\\/deliangdisplay.com\\\/our-product\\\/packaging\\\/jewelry-organization-packaging\\\/pink-gold-velvet-jewelry-display-kit-mobile-earring-tool-necklace-bust-for-vanity-shop\\\/\",\"url\":\"https:\\\/\\\/deliangdisplay.com\\\/our-product\\\/packaging\\\/jewelry-organization-packaging\\\/pink-gold-velvet-jewelry-display-kit-mobile-earring-tool-necklace-bust-for-vanity-shop\\\/\",\"name\":\"Pink-Gold Velvet Jewelry Display Kit - Mobile Earring Tool + Necklace Bust for Vanity & Shop - DE-LIANG - jewelry,clothes,watch,beauty cosmetics\",\"isPartOf\":{\"@id\":\"https:\\\/\\\/deliangdisplay.com\\\/#website\"},\"primaryImageOfPage\":{\"@id\":\"https:\\\/\\\/deliangdisplay.com\\\/our-product\\\/packaging\\\/jewelry-organization-packaging\\\/pink-gold-velvet-jewelry-display-kit-mobile-earring-tool-necklace-bust-for-vanity-shop\\\/#primaryimage\"},\"image\":{\"@id\":\"https:\\\/\\\/deliangdisplay.com\\\/our-product\\\/packaging\\\/jewelry-organization-packaging\\\/pink-gold-velvet-jewelry-display-kit-mobile-earring-tool-necklace-bust-for-vanity-shop\\\/#primaryimage\"},\"thumbnailUrl\":\"https:\\\/\\\/deliangdisplay.com\\\/wp-content\\\/uploads\\\/2025\\\/10\\\/25-3.jpg\",\"datePublished\":\"2025-10-14T06:53:42+00:00\",\"dateModified\":\"2025-10-14T06:53:43+00:00\",\"breadcrumb\":{\"@id\":\"https:\\\/\\\/deliangdisplay.com\\\/our-product\\\/packaging\\\/jewelry-organization-packaging\\\/pink-gold-velvet-jewelry-display-kit-mobile-earring-tool-necklace-bust-for-vanity-shop\\\/#breadcrumb\"},\"inLanguage\":\"fr-FR\",\"potentialAction\":[{\"@type\":\"ReadAction\",\"target\":[\"https:\\\/\\\/deliangdisplay.com\\\/our-product\\\/packaging\\\/jewelry-organization-packaging\\\/pink-gold-velvet-jewelry-display-kit-mobile-earring-tool-necklace-bust-for-vanity-shop\\\/\"]}]},{\"@type\":\"ImageObject\",\"inLanguage\":\"fr-FR\",\"@id\":\"https:\\\/\\\/deliangdisplay.com\\\/our-product\\\/packaging\\\/jewelry-organization-packaging\\\/pink-gold-velvet-jewelry-display-kit-mobile-earring-tool-necklace-bust-for-vanity-shop\\\/#primaryimage\",\"url\":\"https:\\\/\\\/deliangdisplay.com\\\/wp-content\\\/uploads\\\/2025\\\/10\\\/25-3.jpg\",\"contentUrl\":\"https:\\\/\\\/deliangdisplay.com\\\/wp-content\\\/uploads\\\/2025\\\/10\\\/25-3.jpg\",\"width\":811,\"height\":811},{\"@type\":\"BreadcrumbList\",\"@id\":\"https:\\\/\\\/deliangdisplay.com\\\/our-product\\\/packaging\\\/jewelry-organization-packaging\\\/pink-gold-velvet-jewelry-display-kit-mobile-earring-tool-necklace-bust-for-vanity-shop\\\/#breadcrumb\",\"itemListElement\":[{\"@type\":\"ListItem\",\"position\":1,\"name\":\"\u9996\u9875\",\"item\":\"https:\\\/\\\/deliangdisplay.com\\\/\"},{\"@type\":\"ListItem\",\"position\":2,\"name\":\"Our Product\",\"item\":\"https:\\\/\\\/deliangdisplay.com\\\/our-product\\\/\"},{\"@type\":\"ListItem\",\"position\":3,\"name\":\"Pink-Gold Velvet Jewelry Display Kit &#8211; Mobile Earring Tool + Necklace Bust for Vanity &#038; Shop\"}]},{\"@type\":\"WebSite\",\"@id\":\"https:\\\/\\\/deliangdisplay.com\\\/#website\",\"url\":\"https:\\\/\\\/deliangdisplay.com\\\/\",\"name\":\"deliangdisplay.com\",\"description\":\"DE-LIANG - Providing bespoke packaging solutions and luxurious display design services for brands in jewelry, apparel, watches, beauty cosmetics, and more.\",\"publisher\":{\"@id\":\"https:\\\/\\\/deliangdisplay.com\\\/#organization\"},\"potentialAction\":[{\"@type\":\"SearchAction\",\"target\":{\"@type\":\"EntryPoint\",\"urlTemplate\":\"https:\\\/\\\/deliangdisplay.com\\\/?s={search_term_string}\"},\"query-input\":{\"@type\":\"PropertyValueSpecification\",\"valueRequired\":true,\"valueName\":\"search_term_string\"}}],\"inLanguage\":\"fr-FR\"},{\"@type\":\"Organization\",\"@id\":\"https:\\\/\\\/deliangdisplay.com\\\/#organization\",\"name\":\"deliangdisplay.com\",\"url\":\"https:\\\/\\\/deliangdisplay.com\\\/\",\"logo\":{\"@type\":\"ImageObject\",\"inLanguage\":\"fr-FR\",\"@id\":\"https:\\\/\\\/deliangdisplay.com\\\/#\\\/schema\\\/logo\\\/image\\\/\",\"url\":\"https:\\\/\\\/deliangdisplay.com\\\/wp-content\\\/uploads\\\/2025\\\/08\\\/DELIANGDISPALY_logo.png\",\"contentUrl\":\"https:\\\/\\\/deliangdisplay.com\\\/wp-content\\\/uploads\\\/2025\\\/08\\\/DELIANGDISPALY_logo.png\",\"width\":300,\"height\":130,\"caption\":\"deliangdisplay.com\"},\"image\":{\"@id\":\"https:\\\/\\\/deliangdisplay.com\\\/#\\\/schema\\\/logo\\\/image\\\/\"},\"sameAs\":[\"https:\\\/\\\/www.facebook.com\\\/JaneZhang008\\\/\",\"https:\\\/\\\/x.com\\\/ly673551729\"]}]}<\/script>\n<!-- \/ Yoast SEO plugin. -->","yoast_head_json":{"title":"Kit de pr\u00e9sentation de bijoux en velours rose-or - Outil mobile pour boucles d'oreilles + buste de collier pour Vanity &amp; Shop - DE-LIANG - bijoux,vetements,montres,beaut\u00e9,cosm\u00e9tique","robots":{"index":"index","follow":"follow","max-snippet":"max-snippet:-1","max-image-preview":"max-image-preview:large","max-video-preview":"max-video-preview:-1"},"canonical":"https:\/\/deliangdisplay.com\/fr\/notre-produit\/emballage\/emballage-pour-lorganisation-des-bijoux\/kit-de-presentation-de-bijoux-en-velours-rose-dore-outil-mobile-pour-boucles-doreilles-buste-de-collier-pour-boutique-de-luxe\/","og_locale":"fr_FR","og_type":"article","og_title":"Pink-Gold Velvet Jewelry Display Kit - Mobile Earring Tool + Necklace Bust for Vanity & Shop - DE-LIANG - jewelry,clothes,watch,beauty cosmetics","og_description":"Elevate jewelry display with this luxury velvet mobile jewelry display set! Crafted from soft scratch-resistant velvet and sturdy metal, it includes earring hoop tools, ring dishes, necklace busts, and shelves in a chic pink-gold palette. Easy to assemble, customizable with logos, it suits retail counters, home vanities, or exhibitions\u2014securely organizing jewelry while boosting visual appeal.","og_url":"https:\/\/deliangdisplay.com\/fr\/notre-produit\/emballage\/emballage-pour-lorganisation-des-bijoux\/kit-de-presentation-de-bijoux-en-velours-rose-dore-outil-mobile-pour-boucles-doreilles-buste-de-collier-pour-boutique-de-luxe\/","og_site_name":"DE-LIANG - jewelry,clothes,watch,beauty cosmetics","article_publisher":"https:\/\/www.facebook.com\/JaneZhang008\/","article_modified_time":"2025-10-14T06:53:43+00:00","og_image":[{"width":811,"height":811,"url":"https:\/\/deliangdisplay.com\/wp-content\/uploads\/2025\/10\/25-3.jpg","type":"image\/jpeg"}],"twitter_card":"summary_large_image","twitter_site":"@ly673551729","twitter_misc":{"Dur\u00e9e de lecture estim\u00e9e":"2 minutes"},"schema":{"@context":"https:\/\/schema.org","@graph":[{"@type":"WebPage","@id":"https:\/\/deliangdisplay.com\/our-product\/packaging\/jewelry-organization-packaging\/pink-gold-velvet-jewelry-display-kit-mobile-earring-tool-necklace-bust-for-vanity-shop\/","url":"https:\/\/deliangdisplay.com\/our-product\/packaging\/jewelry-organization-packaging\/pink-gold-velvet-jewelry-display-kit-mobile-earring-tool-necklace-bust-for-vanity-shop\/","name":"Kit de pr\u00e9sentation de bijoux en velours rose-or - Outil mobile pour boucles d'oreilles + buste de collier pour Vanity &amp; Shop - DE-LIANG - bijoux,vetements,montres,beaut\u00e9,cosm\u00e9tique","isPartOf":{"@id":"https:\/\/deliangdisplay.com\/#website"},"primaryImageOfPage":{"@id":"https:\/\/deliangdisplay.com\/our-product\/packaging\/jewelry-organization-packaging\/pink-gold-velvet-jewelry-display-kit-mobile-earring-tool-necklace-bust-for-vanity-shop\/#primaryimage"},"image":{"@id":"https:\/\/deliangdisplay.com\/our-product\/packaging\/jewelry-organization-packaging\/pink-gold-velvet-jewelry-display-kit-mobile-earring-tool-necklace-bust-for-vanity-shop\/#primaryimage"},"thumbnailUrl":"https:\/\/deliangdisplay.com\/wp-content\/uploads\/2025\/10\/25-3.jpg","datePublished":"2025-10-14T06:53:42+00:00","dateModified":"2025-10-14T06:53:43+00:00","breadcrumb":{"@id":"https:\/\/deliangdisplay.com\/our-product\/packaging\/jewelry-organization-packaging\/pink-gold-velvet-jewelry-display-kit-mobile-earring-tool-necklace-bust-for-vanity-shop\/#breadcrumb"},"inLanguage":"fr-FR","potentialAction":[{"@type":"ReadAction","target":["https:\/\/deliangdisplay.com\/our-product\/packaging\/jewelry-organization-packaging\/pink-gold-velvet-jewelry-display-kit-mobile-earring-tool-necklace-bust-for-vanity-shop\/"]}]},{"@type":"ImageObject","inLanguage":"fr-FR","@id":"https:\/\/deliangdisplay.com\/our-product\/packaging\/jewelry-organization-packaging\/pink-gold-velvet-jewelry-display-kit-mobile-earring-tool-necklace-bust-for-vanity-shop\/#primaryimage","url":"https:\/\/deliangdisplay.com\/wp-content\/uploads\/2025\/10\/25-3.jpg","contentUrl":"https:\/\/deliangdisplay.com\/wp-content\/uploads\/2025\/10\/25-3.jpg","width":811,"height":811},{"@type":"BreadcrumbList","@id":"https:\/\/deliangdisplay.com\/our-product\/packaging\/jewelry-organization-packaging\/pink-gold-velvet-jewelry-display-kit-mobile-earring-tool-necklace-bust-for-vanity-shop\/#breadcrumb","itemListElement":[{"@type":"ListItem","position":1,"name":"\u9996\u9875","item":"https:\/\/deliangdisplay.com\/"},{"@type":"ListItem","position":2,"name":"Our Product","item":"https:\/\/deliangdisplay.com\/our-product\/"},{"@type":"ListItem","position":3,"name":"Pink-Gold Velvet Jewelry Display Kit &#8211; Mobile Earring Tool + Necklace Bust for Vanity &#038; Shop"}]},{"@type":"WebSite","@id":"https:\/\/deliangdisplay.com\/#website","url":"https:\/\/deliangdisplay.com\/","name":"deliangdisplay.com","description":"DE-LIANG - Fournit des solutions d'emballage sur mesure et des services de conception de pr\u00e9sentoirs luxueux pour les marques de bijoux, de v\u00eatements, de montres, de produits de beaut\u00e9 et de cosm\u00e9tiques, et plus encore.","publisher":{"@id":"https:\/\/deliangdisplay.com\/#organization"},"potentialAction":[{"@type":"SearchAction","target":{"@type":"EntryPoint","urlTemplate":"https:\/\/deliangdisplay.com\/?s={search_term_string}"},"query-input":{"@type":"PropertyValueSpecification","valueRequired":true,"valueName":"search_term_string"}}],"inLanguage":"fr-FR"},{"@type":"Organization","@id":"https:\/\/deliangdisplay.com\/#organization","name":"deliangdisplay.com","url":"https:\/\/deliangdisplay.com\/","logo":{"@type":"ImageObject","inLanguage":"fr-FR","@id":"https:\/\/deliangdisplay.com\/#\/schema\/logo\/image\/","url":"https:\/\/deliangdisplay.com\/wp-content\/uploads\/2025\/08\/DELIANGDISPALY_logo.png","contentUrl":"https:\/\/deliangdisplay.com\/wp-content\/uploads\/2025\/08\/DELIANGDISPALY_logo.png","width":300,"height":130,"caption":"deliangdisplay.com"},"image":{"@id":"https:\/\/deliangdisplay.com\/#\/schema\/logo\/image\/"},"sameAs":["https:\/\/www.facebook.com\/JaneZhang008\/","https:\/\/x.com\/ly673551729"]}]}},"_links":{"self":[{"href":"https:\/\/deliangdisplay.com\/fr\/wp-json\/wp\/v2\/product\/43550","targetHints":{"allow":["GET"]}}],"collection":[{"href":"https:\/\/deliangdisplay.com\/fr\/wp-json\/wp\/v2\/product"}],"about":[{"href":"https:\/\/deliangdisplay.com\/fr\/wp-json\/wp\/v2\/types\/product"}],"replies":[{"embeddable":true,"href":"https:\/\/deliangdisplay.com\/fr\/wp-json\/wp\/v2\/comments?post=43550"}],"wp:featuredmedia":[{"embeddable":true,"href":"https:\/\/deliangdisplay.com\/fr\/wp-json\/wp\/v2\/media\/43551"}],"wp:attachment":[{"href":"https:\/\/deliangdisplay.com\/fr\/wp-json\/wp\/v2\/media?parent=43550"}],"wp:term":[{"taxonomy":"product_brand","embeddable":true,"href":"https:\/\/deliangdisplay.com\/fr\/wp-json\/wp\/v2\/product_brand?post=43550"},{"taxonomy":"product_cat","embeddable":true,"href":"https:\/\/deliangdisplay.com\/fr\/wp-json\/wp\/v2\/product_cat?post=43550"},{"taxonomy":"product_tag","embeddable":true,"href":"https:\/\/deliangdisplay.com\/fr\/wp-json\/wp\/v2\/product_tag?post=43550"}],"curies":[{"name":"wp","href":"https:\/\/api.w.org\/{rel}","templated":true}]}}