{"id":43549,"date":"2025-10-14T14:30:39","date_gmt":"2025-10-14T06:30:39","guid":{"rendered":"https:\/\/deliangdisplay.com\/?post_type=product&#038;p=43549"},"modified":"2025-10-14T14:47:34","modified_gmt":"2025-10-14T06:47:34","slug":"buste-bijoux-reglable-en-microfibre-gris-industriel-luxueux-presentoir-pour-boutiques-de-vente-au-detail","status":"publish","type":"product","link":"https:\/\/deliangdisplay.com\/fr\/notre-produit\/emballage\/emballage-pour-lorganisation-des-bijoux\/buste-bijoux-reglable-en-microfibre-gris-industriel-luxueux-presentoir-pour-boutiques-de-vente-au-detail\/","title":{"rendered":"Porte-bijoux ajustable en microfibre - Pr\u00e9sentoir industriel de luxe gris pour magasins et boutiques"},"content":{"rendered":"<h3 class=\"header-iWP5WJ auto-hide-last-sibling-br\">Aper\u00e7u du produit<\/h3>\n<div class=\"auto-hide-last-sibling-br paragraph-pP9ZLC paragraph-element br-paragraph-space\">Ce pr\u00e9sentoir \u00e0 bijoux pour hommes est id\u00e9al pour mettre en valeur les bijoux d'hommes.\u00a0<strong>mannequin buste industriel gris en microfibre de luxe<\/strong>-Un m\u00e9lange parfait de sophistication, de durabilit\u00e9 et de fonctionnalit\u00e9. Fabriqu\u00e9 en microfibre de haute qualit\u00e9, il pr\u00e9sente une finition grise \u00e9l\u00e9gante, id\u00e9ale pour mettre en valeur les colliers, les bracelets et autres bijoux masculins. Con\u00e7u pour les comptoirs de magasins et les espaces de vente au d\u00e9tail de luxe, il allie une construction compacte et facile \u00e0 transporter \u00e0 un aspect haut de gamme qui rehausse la valeur des bijoux et l'attrait de la marque.<\/div>\n<h3 class=\"header-iWP5WJ auto-hide-last-sibling-br\">Caract\u00e9ristiques principales<\/h3>\n<ul class=\"auto-hide-last-sibling-br\">\n<li><strong>Construction en microfibre de premi\u00e8re qualit\u00e9<\/strong>: Fabriqu\u00e9e en microfibre de haute qualit\u00e9, tr\u00e8s durable et r\u00e9sistante \u00e0 la pollution, d\u00e9licate mais robuste, elle prot\u00e8ge les bijoux des rayures tout en mettant en valeur leur \u00e9clat, garantissant ainsi une utilisation \u00e0 long terme pour les besoins de l'exposition.<\/li>\n<li><strong>Esth\u00e9tique industrielle et luxueuse<\/strong>: La finition grise \u00e9l\u00e9gante ajoute une touche de sophistication et s'int\u00e8gre parfaitement dans les boutiques haut de gamme, les bijouteries ou les magasins modernes. Le design s'harmonise avec les styles de bijoux masculins, du minimaliste aux pi\u00e8ces d'apparat.<\/li>\n<li><strong>Design r\u00e9glable et polyvalent<\/strong>: La structure est r\u00e9glable pour s'adapter aux diff\u00e9rentes longueurs de colliers et aux diff\u00e9rents types de bijoux. Disponible dans des tailles pratiques (par exemple, 15\u00d715\u00d715cm, 25\u00d725\u00d725cm, 50\u00d750cm) pour les collections de bijoux de petite \u00e0 moyenne taille, permettant un stockage et un transport faciles.<\/li>\n<li><strong>Protecteur et ax\u00e9 sur l'affichage<\/strong>: La surface douce en microfibre \u00e9vite d'endommager les bijoux, tandis que la forme du buste imite l'usure r\u00e9elle, ce qui aide les clients \u00e0 visualiser l'aspect des bijoux lorsqu'ils sont port\u00e9s et renforce l'attrait du produit.<\/li>\n<li><strong>Options personnalisables<\/strong>: Permet de personnaliser les couleurs (au-del\u00e0 du gris standard) pour s'adapter \u00e0 la d\u00e9coration de la marque ou aux th\u00e8mes de la vente au d\u00e9tail, ainsi que des conceptions flexibles adapt\u00e9es \u00e0 des besoins d'affichage sp\u00e9cifiques (contactez-nous pour des ajustements personnalis\u00e9s).<\/li>\n<\/ul>\n<h3 class=\"header-iWP5WJ auto-hide-last-sibling-br\">Applications id\u00e9ales<\/h3>\n<ul class=\"auto-hide-last-sibling-br\">\n<li><strong>Pr\u00e9sentoir de bijoux pour le commerce de d\u00e9tail<\/strong>: Parfait pour les comptoirs des magasins, les \u00e9tag\u00e8res des boutiques ou les stands d'exposition - pr\u00e9sente les colliers, bracelets et accessoires pour hommes afin d'attirer l'attention des clients et de mettre en valeur les d\u00e9tails des produits.<\/li>\n<li><strong>Vitrines de marques de luxe<\/strong>: Les lignes de bijoux masculins haut de gamme (colliers de cr\u00e9ateurs, bracelets haut de gamme) sont mises en valeur par la finition microfibre grise sophistiqu\u00e9e du pr\u00e9sentoir, ce qui rehausse l'image de la marque.<\/li>\n<li><strong>Boutiques \u00e9ph\u00e9m\u00e8res et \u00e9v\u00e9nements<\/strong>: La conception compacte et facile \u00e0 transporter facilite l'installation dans des espaces de vente temporaires, garantissant une qualit\u00e9 d'exposition professionnelle et constante dans diff\u00e9rents lieux.<\/li>\n<li><strong>Marchandisage visuel<\/strong>: Il joue le r\u00f4le d'\u00e9l\u00e9ment visuel cl\u00e9 dans l'agencement des magasins, en cr\u00e9ant des pr\u00e9sentoirs coh\u00e9rents et haut de gamme qui attirent l'attention des clients et les incitent \u00e0 acheter.<\/li>\n<\/ul>","protected":false},"excerpt":{"rendered":"<p>Ce buste industriel gris en microfibre de luxe rehausse l'\u00e9talage de bijoux pour hommes ! Fabriqu\u00e9 en microfibre de premi\u00e8re qualit\u00e9 et r\u00e9sistant aux rayures, il est r\u00e9glable pour s'adapter aux colliers\/bracelets et se d\u00e9cline dans des tailles pratiques (15\u00d715\u00d715cm, etc.) pour faciliter le transport. Sa finition grise \u00e9l\u00e9gante convient au commerce de d\u00e9tail haut de gamme, aux boutiques ou aux expositions temporaires. Elle prot\u00e8ge les bijoux tout en aidant les clients \u00e0 en visualiser le port, ce qui renforce l'attrait du produit. La personnalisation des couleurs est \u00e9galement possible.<\/p>","protected":false},"featured_media":43540,"comment_status":"open","ping_status":"closed","template":"","meta":{"_acf_changed":false},"product_brand":[84],"product_cat":[73],"product_tag":[508,516,519,518,507,521,514,513,511,510,509,512,515,517,520],"class_list":{"0":"post-43549","1":"product","2":"type-product","3":"status-publish","4":"has-post-thumbnail","6":"product_brand-de-liang","7":"product_cat-jewelry-organization-packaging","8":"product_tag-adjustable-mens-jewelry-bust","9":"product_tag-boutique-jewelry-mannequin","10":"product_tag-compact-jewelry-display-bust","11":"product_tag-customizable-color-jewelry-bust","12":"product_tag-gray-industrial-luxury-microfiber-bust","13":"product_tag-gray-jewelry-display-bust","14":"product_tag-high-end-jewelry-bust","15":"product_tag-industrial-style-jewelry-display","16":"product_tag-mens-bracelet-display-stand","17":"product_tag-mens-necklace-display-bust","18":"product_tag-microfiber-jewelry-display-mannequin","19":"product_tag-premium-microfiber-bust","20":"product_tag-retail-jewelry-display-bust","21":"product_tag-scratch-resistant-microfiber-bust","22":"product_tag-transport-friendly-jewelry-mannequin","24":"first","25":"instock","26":"shipping-taxable","27":"purchasable","28":"product-type-simple"},"acf":[],"yoast_head":"<!-- This site is optimized with the Yoast SEO plugin v27.4 - https:\/\/yoast.com\/product\/yoast-seo-wordpress\/ -->\n<title>Adjustable Microfiber Jewelry Bust - Gray Industrial Luxury Display for Retail &amp; Boutiques - DE-LIANG - jewelry,clothes,watch,beauty cosmetics<\/title>\n<meta name=\"robots\" content=\"index, follow, max-snippet:-1, max-image-preview:large, max-video-preview:-1\" \/>\n<link rel=\"canonical\" href=\"https:\/\/deliangdisplay.com\/fr\/notre-produit\/emballage\/emballage-pour-lorganisation-des-bijoux\/buste-bijoux-reglable-en-microfibre-gris-industriel-luxueux-presentoir-pour-boutiques-de-vente-au-detail\/\" \/>\n<meta property=\"og:locale\" content=\"fr_FR\" \/>\n<meta property=\"og:type\" content=\"article\" \/>\n<meta property=\"og:title\" content=\"Adjustable Microfiber Jewelry Bust - Gray Industrial Luxury Display for Retail &amp; Boutiques - DE-LIANG - jewelry,clothes,watch,beauty cosmetics\" \/>\n<meta property=\"og:description\" content=\"Elevate men\u2019s jewelry display with this gray industrial luxury microfiber bust! Crafted from premium, scratch-resistant microfiber, it\u2019s adjustable to fit necklaces\/bracelets and comes in practical sizes (15\u00d715\u00d715cm, etc.) for easy transport. Its sleek gray finish suits high-end retail, boutiques, or pop-ups\u2014protecting jewelry while helping customers visualize wear, boosting product appeal. Color customization is also available.\" \/>\n<meta property=\"og:url\" content=\"https:\/\/deliangdisplay.com\/fr\/notre-produit\/emballage\/emballage-pour-lorganisation-des-bijoux\/buste-bijoux-reglable-en-microfibre-gris-industriel-luxueux-presentoir-pour-boutiques-de-vente-au-detail\/\" \/>\n<meta property=\"og:site_name\" content=\"DE-LIANG - jewelry,clothes,watch,beauty cosmetics\" \/>\n<meta property=\"article:publisher\" content=\"https:\/\/www.facebook.com\/JaneZhang008\/\" \/>\n<meta property=\"article:modified_time\" content=\"2025-10-14T06:47:34+00:00\" \/>\n<meta property=\"og:image\" content=\"https:\/\/deliangdisplay.com\/wp-content\/uploads\/2025\/10\/12-5.jpg\" \/>\n\t<meta property=\"og:image:width\" content=\"750\" \/>\n\t<meta property=\"og:image:height\" content=\"800\" \/>\n\t<meta property=\"og:image:type\" content=\"image\/jpeg\" \/>\n<meta name=\"twitter:card\" content=\"summary_large_image\" \/>\n<meta name=\"twitter:site\" content=\"@ly673551729\" \/>\n<meta name=\"twitter:label1\" content=\"Dur\u00e9e de lecture estim\u00e9e\" \/>\n\t<meta name=\"twitter:data1\" content=\"2 minutes\" \/>\n<script type=\"application\/ld+json\" class=\"yoast-schema-graph\">{\"@context\":\"https:\\\/\\\/schema.org\",\"@graph\":[{\"@type\":\"WebPage\",\"@id\":\"https:\\\/\\\/deliangdisplay.com\\\/our-product\\\/packaging\\\/jewelry-organization-packaging\\\/adjustable-microfiber-jewelry-bust-gray-industrial-luxury-display-for-retail-boutiques\\\/\",\"url\":\"https:\\\/\\\/deliangdisplay.com\\\/our-product\\\/packaging\\\/jewelry-organization-packaging\\\/adjustable-microfiber-jewelry-bust-gray-industrial-luxury-display-for-retail-boutiques\\\/\",\"name\":\"Adjustable Microfiber Jewelry Bust - Gray Industrial Luxury Display for Retail & Boutiques - DE-LIANG - jewelry,clothes,watch,beauty cosmetics\",\"isPartOf\":{\"@id\":\"https:\\\/\\\/deliangdisplay.com\\\/#website\"},\"primaryImageOfPage\":{\"@id\":\"https:\\\/\\\/deliangdisplay.com\\\/our-product\\\/packaging\\\/jewelry-organization-packaging\\\/adjustable-microfiber-jewelry-bust-gray-industrial-luxury-display-for-retail-boutiques\\\/#primaryimage\"},\"image\":{\"@id\":\"https:\\\/\\\/deliangdisplay.com\\\/our-product\\\/packaging\\\/jewelry-organization-packaging\\\/adjustable-microfiber-jewelry-bust-gray-industrial-luxury-display-for-retail-boutiques\\\/#primaryimage\"},\"thumbnailUrl\":\"https:\\\/\\\/deliangdisplay.com\\\/wp-content\\\/uploads\\\/2025\\\/10\\\/12-5.jpg\",\"datePublished\":\"2025-10-14T06:30:39+00:00\",\"dateModified\":\"2025-10-14T06:47:34+00:00\",\"breadcrumb\":{\"@id\":\"https:\\\/\\\/deliangdisplay.com\\\/our-product\\\/packaging\\\/jewelry-organization-packaging\\\/adjustable-microfiber-jewelry-bust-gray-industrial-luxury-display-for-retail-boutiques\\\/#breadcrumb\"},\"inLanguage\":\"fr-FR\",\"potentialAction\":[{\"@type\":\"ReadAction\",\"target\":[\"https:\\\/\\\/deliangdisplay.com\\\/our-product\\\/packaging\\\/jewelry-organization-packaging\\\/adjustable-microfiber-jewelry-bust-gray-industrial-luxury-display-for-retail-boutiques\\\/\"]}]},{\"@type\":\"ImageObject\",\"inLanguage\":\"fr-FR\",\"@id\":\"https:\\\/\\\/deliangdisplay.com\\\/our-product\\\/packaging\\\/jewelry-organization-packaging\\\/adjustable-microfiber-jewelry-bust-gray-industrial-luxury-display-for-retail-boutiques\\\/#primaryimage\",\"url\":\"https:\\\/\\\/deliangdisplay.com\\\/wp-content\\\/uploads\\\/2025\\\/10\\\/12-5.jpg\",\"contentUrl\":\"https:\\\/\\\/deliangdisplay.com\\\/wp-content\\\/uploads\\\/2025\\\/10\\\/12-5.jpg\",\"width\":750,\"height\":800},{\"@type\":\"BreadcrumbList\",\"@id\":\"https:\\\/\\\/deliangdisplay.com\\\/our-product\\\/packaging\\\/jewelry-organization-packaging\\\/adjustable-microfiber-jewelry-bust-gray-industrial-luxury-display-for-retail-boutiques\\\/#breadcrumb\",\"itemListElement\":[{\"@type\":\"ListItem\",\"position\":1,\"name\":\"\u9996\u9875\",\"item\":\"https:\\\/\\\/deliangdisplay.com\\\/\"},{\"@type\":\"ListItem\",\"position\":2,\"name\":\"Our Product\",\"item\":\"https:\\\/\\\/deliangdisplay.com\\\/our-product\\\/\"},{\"@type\":\"ListItem\",\"position\":3,\"name\":\"Adjustable Microfiber Jewelry Bust &#8211; Gray Industrial Luxury Display for Retail &#038; Boutiques\"}]},{\"@type\":\"WebSite\",\"@id\":\"https:\\\/\\\/deliangdisplay.com\\\/#website\",\"url\":\"https:\\\/\\\/deliangdisplay.com\\\/\",\"name\":\"deliangdisplay.com\",\"description\":\"DE-LIANG - Providing bespoke packaging solutions and luxurious display design services for brands in jewelry, apparel, watches, beauty cosmetics, and more.\",\"publisher\":{\"@id\":\"https:\\\/\\\/deliangdisplay.com\\\/#organization\"},\"potentialAction\":[{\"@type\":\"SearchAction\",\"target\":{\"@type\":\"EntryPoint\",\"urlTemplate\":\"https:\\\/\\\/deliangdisplay.com\\\/?s={search_term_string}\"},\"query-input\":{\"@type\":\"PropertyValueSpecification\",\"valueRequired\":true,\"valueName\":\"search_term_string\"}}],\"inLanguage\":\"fr-FR\"},{\"@type\":\"Organization\",\"@id\":\"https:\\\/\\\/deliangdisplay.com\\\/#organization\",\"name\":\"deliangdisplay.com\",\"url\":\"https:\\\/\\\/deliangdisplay.com\\\/\",\"logo\":{\"@type\":\"ImageObject\",\"inLanguage\":\"fr-FR\",\"@id\":\"https:\\\/\\\/deliangdisplay.com\\\/#\\\/schema\\\/logo\\\/image\\\/\",\"url\":\"https:\\\/\\\/deliangdisplay.com\\\/wp-content\\\/uploads\\\/2025\\\/08\\\/DELIANGDISPALY_logo.png\",\"contentUrl\":\"https:\\\/\\\/deliangdisplay.com\\\/wp-content\\\/uploads\\\/2025\\\/08\\\/DELIANGDISPALY_logo.png\",\"width\":300,\"height\":130,\"caption\":\"deliangdisplay.com\"},\"image\":{\"@id\":\"https:\\\/\\\/deliangdisplay.com\\\/#\\\/schema\\\/logo\\\/image\\\/\"},\"sameAs\":[\"https:\\\/\\\/www.facebook.com\\\/JaneZhang008\\\/\",\"https:\\\/\\\/x.com\\\/ly673551729\"]}]}<\/script>\n<!-- \/ Yoast SEO plugin. -->","yoast_head_json":{"title":"Porte-bijoux ajustable en microfibre - Pr\u00e9sentoir industriel de luxe gris pour magasins et boutiques - DE-LIANG - bijoux,vetements,montres,beaute,cosmetique","robots":{"index":"index","follow":"follow","max-snippet":"max-snippet:-1","max-image-preview":"max-image-preview:large","max-video-preview":"max-video-preview:-1"},"canonical":"https:\/\/deliangdisplay.com\/fr\/notre-produit\/emballage\/emballage-pour-lorganisation-des-bijoux\/buste-bijoux-reglable-en-microfibre-gris-industriel-luxueux-presentoir-pour-boutiques-de-vente-au-detail\/","og_locale":"fr_FR","og_type":"article","og_title":"Adjustable Microfiber Jewelry Bust - Gray Industrial Luxury Display for Retail & Boutiques - DE-LIANG - jewelry,clothes,watch,beauty cosmetics","og_description":"Elevate men\u2019s jewelry display with this gray industrial luxury microfiber bust! Crafted from premium, scratch-resistant microfiber, it\u2019s adjustable to fit necklaces\/bracelets and comes in practical sizes (15\u00d715\u00d715cm, etc.) for easy transport. Its sleek gray finish suits high-end retail, boutiques, or pop-ups\u2014protecting jewelry while helping customers visualize wear, boosting product appeal. Color customization is also available.","og_url":"https:\/\/deliangdisplay.com\/fr\/notre-produit\/emballage\/emballage-pour-lorganisation-des-bijoux\/buste-bijoux-reglable-en-microfibre-gris-industriel-luxueux-presentoir-pour-boutiques-de-vente-au-detail\/","og_site_name":"DE-LIANG - jewelry,clothes,watch,beauty cosmetics","article_publisher":"https:\/\/www.facebook.com\/JaneZhang008\/","article_modified_time":"2025-10-14T06:47:34+00:00","og_image":[{"width":750,"height":800,"url":"https:\/\/deliangdisplay.com\/wp-content\/uploads\/2025\/10\/12-5.jpg","type":"image\/jpeg"}],"twitter_card":"summary_large_image","twitter_site":"@ly673551729","twitter_misc":{"Dur\u00e9e de lecture estim\u00e9e":"2 minutes"},"schema":{"@context":"https:\/\/schema.org","@graph":[{"@type":"WebPage","@id":"https:\/\/deliangdisplay.com\/our-product\/packaging\/jewelry-organization-packaging\/adjustable-microfiber-jewelry-bust-gray-industrial-luxury-display-for-retail-boutiques\/","url":"https:\/\/deliangdisplay.com\/our-product\/packaging\/jewelry-organization-packaging\/adjustable-microfiber-jewelry-bust-gray-industrial-luxury-display-for-retail-boutiques\/","name":"Porte-bijoux ajustable en microfibre - Pr\u00e9sentoir industriel de luxe gris pour magasins et boutiques - DE-LIANG - bijoux,vetements,montres,beaute,cosmetique","isPartOf":{"@id":"https:\/\/deliangdisplay.com\/#website"},"primaryImageOfPage":{"@id":"https:\/\/deliangdisplay.com\/our-product\/packaging\/jewelry-organization-packaging\/adjustable-microfiber-jewelry-bust-gray-industrial-luxury-display-for-retail-boutiques\/#primaryimage"},"image":{"@id":"https:\/\/deliangdisplay.com\/our-product\/packaging\/jewelry-organization-packaging\/adjustable-microfiber-jewelry-bust-gray-industrial-luxury-display-for-retail-boutiques\/#primaryimage"},"thumbnailUrl":"https:\/\/deliangdisplay.com\/wp-content\/uploads\/2025\/10\/12-5.jpg","datePublished":"2025-10-14T06:30:39+00:00","dateModified":"2025-10-14T06:47:34+00:00","breadcrumb":{"@id":"https:\/\/deliangdisplay.com\/our-product\/packaging\/jewelry-organization-packaging\/adjustable-microfiber-jewelry-bust-gray-industrial-luxury-display-for-retail-boutiques\/#breadcrumb"},"inLanguage":"fr-FR","potentialAction":[{"@type":"ReadAction","target":["https:\/\/deliangdisplay.com\/our-product\/packaging\/jewelry-organization-packaging\/adjustable-microfiber-jewelry-bust-gray-industrial-luxury-display-for-retail-boutiques\/"]}]},{"@type":"ImageObject","inLanguage":"fr-FR","@id":"https:\/\/deliangdisplay.com\/our-product\/packaging\/jewelry-organization-packaging\/adjustable-microfiber-jewelry-bust-gray-industrial-luxury-display-for-retail-boutiques\/#primaryimage","url":"https:\/\/deliangdisplay.com\/wp-content\/uploads\/2025\/10\/12-5.jpg","contentUrl":"https:\/\/deliangdisplay.com\/wp-content\/uploads\/2025\/10\/12-5.jpg","width":750,"height":800},{"@type":"BreadcrumbList","@id":"https:\/\/deliangdisplay.com\/our-product\/packaging\/jewelry-organization-packaging\/adjustable-microfiber-jewelry-bust-gray-industrial-luxury-display-for-retail-boutiques\/#breadcrumb","itemListElement":[{"@type":"ListItem","position":1,"name":"\u9996\u9875","item":"https:\/\/deliangdisplay.com\/"},{"@type":"ListItem","position":2,"name":"Our Product","item":"https:\/\/deliangdisplay.com\/our-product\/"},{"@type":"ListItem","position":3,"name":"Adjustable Microfiber Jewelry Bust &#8211; Gray Industrial Luxury Display for Retail &#038; Boutiques"}]},{"@type":"WebSite","@id":"https:\/\/deliangdisplay.com\/#website","url":"https:\/\/deliangdisplay.com\/","name":"deliangdisplay.com","description":"DE-LIANG - Fournit des solutions d'emballage sur mesure et des services de conception de pr\u00e9sentoirs luxueux pour les marques de bijoux, de v\u00eatements, de montres, de produits de beaut\u00e9 et de cosm\u00e9tiques, et plus encore.","publisher":{"@id":"https:\/\/deliangdisplay.com\/#organization"},"potentialAction":[{"@type":"SearchAction","target":{"@type":"EntryPoint","urlTemplate":"https:\/\/deliangdisplay.com\/?s={search_term_string}"},"query-input":{"@type":"PropertyValueSpecification","valueRequired":true,"valueName":"search_term_string"}}],"inLanguage":"fr-FR"},{"@type":"Organization","@id":"https:\/\/deliangdisplay.com\/#organization","name":"deliangdisplay.com","url":"https:\/\/deliangdisplay.com\/","logo":{"@type":"ImageObject","inLanguage":"fr-FR","@id":"https:\/\/deliangdisplay.com\/#\/schema\/logo\/image\/","url":"https:\/\/deliangdisplay.com\/wp-content\/uploads\/2025\/08\/DELIANGDISPALY_logo.png","contentUrl":"https:\/\/deliangdisplay.com\/wp-content\/uploads\/2025\/08\/DELIANGDISPALY_logo.png","width":300,"height":130,"caption":"deliangdisplay.com"},"image":{"@id":"https:\/\/deliangdisplay.com\/#\/schema\/logo\/image\/"},"sameAs":["https:\/\/www.facebook.com\/JaneZhang008\/","https:\/\/x.com\/ly673551729"]}]}},"_links":{"self":[{"href":"https:\/\/deliangdisplay.com\/fr\/wp-json\/wp\/v2\/product\/43549","targetHints":{"allow":["GET"]}}],"collection":[{"href":"https:\/\/deliangdisplay.com\/fr\/wp-json\/wp\/v2\/product"}],"about":[{"href":"https:\/\/deliangdisplay.com\/fr\/wp-json\/wp\/v2\/types\/product"}],"replies":[{"embeddable":true,"href":"https:\/\/deliangdisplay.com\/fr\/wp-json\/wp\/v2\/comments?post=43549"}],"wp:featuredmedia":[{"embeddable":true,"href":"https:\/\/deliangdisplay.com\/fr\/wp-json\/wp\/v2\/media\/43540"}],"wp:attachment":[{"href":"https:\/\/deliangdisplay.com\/fr\/wp-json\/wp\/v2\/media?parent=43549"}],"wp:term":[{"taxonomy":"product_brand","embeddable":true,"href":"https:\/\/deliangdisplay.com\/fr\/wp-json\/wp\/v2\/product_brand?post=43549"},{"taxonomy":"product_cat","embeddable":true,"href":"https:\/\/deliangdisplay.com\/fr\/wp-json\/wp\/v2\/product_cat?post=43549"},{"taxonomy":"product_tag","embeddable":true,"href":"https:\/\/deliangdisplay.com\/fr\/wp-json\/wp\/v2\/product_tag?post=43549"}],"curies":[{"name":"wp","href":"https:\/\/api.w.org\/{rel}","templated":true}]}}