{"id":43524,"date":"2025-10-11T17:02:39","date_gmt":"2025-10-11T09:02:39","guid":{"rendered":"https:\/\/deliangdisplay.com\/?post_type=product&#038;p=43524"},"modified":"2025-10-11T17:02:39","modified_gmt":"2025-10-11T09:02:39","slug":"100-polyester-ruban-satin-feuille-dor-logo-personnalise-grade-4-solidite-des-couleurs-pour-le-marquage-de-lartisanat","status":"publish","type":"product","link":"https:\/\/deliangdisplay.com\/fr\/notre-produit\/accessoires\/ruban-personnalise\/100-polyester-ruban-satin-feuille-dor-logo-personnalise-grade-4-solidite-des-couleurs-pour-le-marquage-de-lartisanat\/","title":{"rendered":"100% Polyester Satin Ribbon &#8211; Gold Foil Custom Logo (Grade 4+ Color Fastness) for Crafts &#038; Branding"},"content":{"rendered":"<div class=\"inter-jQQQ8P\">\n<div class=\"container-PrUkKo\">\n<div class=\"item-hGGxLi\">\n<div class=\"container-arOxqB chrome70-container\">\n<div class=\"inner-FyM8gE inner-item-f8P6nx\" data-target-id=\"message-box-target-id\" data-testid=\"union_message\">\n<div class=\"message-block-container-aFugD6\" data-testid=\"message-block-container\" data-ui-version=\"samantha\">\n<div class=\"flex flex-row w-full w-full max-w-full s-font-base text-s-color-text-secondary p-0 rounded-s-radius-s bg-transparent group data-[attr=select-mode]:-mt-10 data-[attr=select-mode]:py-10 data-[attr=select-mode]:px-16 data-[attr=select-mode]:sm:p-10 data-[attr=select-mode]:hover:bg-s-color-bg-base data-[attr=select-mode]:hover:rounded-s-radius-xs data-[attr=select-mode]:has-[:checked]:bg-s-color-bg-trans data-[attr=select-mode]:has-[:checked]:rounded-s-radius-xs data-[attr=select-mode]:pointer-events-none\" data-testid=\"receive_message\">\n<div class=\"flex flex-col flex-grow max-w-full min-w-0\">\n<div class=\"flex flex-row w-full\" data-testid=\"message_content\" data-message-id=\"24115444465873922\">\n<div class=\"w-full\" data-plugin-identifier=\"Symbol(infra:receive-message-box:text)\">\n<div class=\"container-ZYIsnH flow-markdown-body mdbox-theme-next theme-samantha-Nbr9UN\" dir=\"ltr\" data-testid=\"message_text_content\" data-show-indicator=\"false\">\n<h3 class=\"header-vfC6AV auto-hide-last-sibling-br\">Aper\u00e7u du produit<\/h3>\n<div class=\"auto-hide-last-sibling-br paragraph-JOTKXA paragraph-element br-paragraph-space\">Am\u00e9liorez vos projets d'emballage et de d\u00e9coration de cadeaux gr\u00e2ce \u00e0 cette\u00a0<strong>logo personnalis\u00e9 ruban de satin imprim\u00e9 \u00e0 la feuille d'or<\/strong>-Un m\u00e9lange parfait de luxe, de durabilit\u00e9 et de personnalisation. Fabriqu\u00e9 en polyester 100%, il pr\u00e9sente une finition satin\u00e9e lisse et brillante et une impression dor\u00e9e de haute qualit\u00e9 qui fait ressortir les logos ou les noms de marque. Avec des tailles polyvalentes, des couleurs personnalisables et un \u00e9chantillonnage facile, il est id\u00e9al pour ajouter une touche haut de gamme aux cadeaux, \u00e0 la d\u00e9coration ou \u00e0 l'emballage ax\u00e9 sur la marque.<\/div>\n<h3 class=\"header-vfC6AV auto-hide-last-sibling-br\">Caract\u00e9ristiques principales<\/h3>\n<ul class=\"auto-hide-last-sibling-br\">\n<li><strong>Mat\u00e9riau de premi\u00e8re qualit\u00e9 et durabilit\u00e9<\/strong>: Fabriqu\u00e9 en polyester 100%, le ruban pr\u00e9sente une texture satin\u00e9e \u00e9l\u00e9gante et une solidit\u00e9 des couleurs de grade 4+, ce qui lui permet de r\u00e9sister \u00e0 la d\u00e9coloration et de conserver son aspect \u00e9clatant, m\u00eame en cas d'utilisation r\u00e9guli\u00e8re.<\/li>\n<li><strong>Impression de feuilles d'or sur mesure<\/strong>: Permet l'impression d'un logo ou d'un nom de marque personnalis\u00e9 \u00e0 l'aide d'une feuille d'or, cr\u00e9ant un effet luxueux et accrocheur qui renforce la reconnaissance de la marque ou ajoute de l'\u00e9l\u00e9gance aux cadeaux.<\/li>\n<li><strong>Tailles et couleurs polyvalentes<\/strong>: Disponible en largeurs de 3 mm \u00e0 50 mm (y compris 6 mm, 10 mm, 15 mm, 20 mm, 30 mm, 40 mm) et offre des couleurs en stock ou des options de couleurs personnalis\u00e9es pour s'adapter \u00e0 tout th\u00e8me de projet.<\/li>\n<li><strong>\u00c9chantillonnage et conditionnement flexibles<\/strong>: Fournit des \u00e9chantillons gratuits pour les couleurs en stock (avec un d\u00e9lai d'\u00e9chantillonnage de 2 \u00e0 10 jours) et des emballages personnalisables (par exemple, 50 yards\/rouleau ou selon la demande) pour r\u00e9pondre aux diff\u00e9rents besoins en mati\u00e8re d'utilisation et de stockage.<\/li>\n<li><strong>Attribut \u00e9cologique<\/strong>: Le design est recycl\u00e9, ce qui correspond aux pr\u00e9f\u00e9rences durables des projets ou des marques soucieux de l'environnement.<\/li>\n<\/ul>\n<h3 class=\"header-vfC6AV auto-hide-last-sibling-br\">Applications id\u00e9ales<\/h3>\n<ul class=\"auto-hide-last-sibling-br\">\n<li><strong>Emballage cadeau<\/strong>: Ajoute une finition luxueuse aux cadeaux d'anniversaire, de vacances ou d'occasions sp\u00e9ciales, rendant l'exp\u00e9rience de d\u00e9ballage plus m\u00e9morable.<\/li>\n<li><strong>Projets de d\u00e9coration<\/strong>: Parfait pour la d\u00e9coration int\u00e9rieure, l'organisation d'\u00e9v\u00e9nements (mariages, f\u00eates) ou la d\u00e9coration saisonni\u00e8re (No\u00ebl, P\u00e2ques), gr\u00e2ce \u00e0 sa texture satin\u00e9e lustr\u00e9e et \u00e0 ses d\u00e9tails dor\u00e9s audacieux.<\/li>\n<li><strong>Promotion de la marque<\/strong>: Permet aux entreprises de mettre en valeur leurs logos sur les emballages de produits, les coffrets cadeaux ou les articles promotionnels, en renfor\u00e7ant l'identit\u00e9 de la marque avec un aspect professionnel haut de gamme.<\/li>\n<li><strong>Cr\u00e9ations artisanales<\/strong>: Convient aux travaux de bricolage tels que les n\u0153uds de ruban, les accessoires pour cheveux ou le scrapbooking, o\u00f9 sa texture lisse et son impression vibrante rehaussent les pi\u00e8ces faites \u00e0 la main.<\/li>\n<\/ul>\n<\/div>\n<\/div>\n<\/div>\n<div class=\"flex-row flex max-w-full min-w-0 flex-grow\">\n<div class=\"flex flex-col justify-end h-40 w-full select-none opacity-100\" data-testid=\"message_action_bar\">\n<div class=\"message-action-bar-ghR0JC flex flex-row w-full group\"><\/div>\n<\/div>\n<\/div>\n<div class=\"suggest-message-list-wrapper-Hn7Sfr\" data-testid=\"suggest_message_list\"><\/div>\n<\/div>\n<\/div>\n<\/div>\n<\/div>\n<\/div>\n<\/div>\n<\/div>\n<\/div>\n<div class=\"top-lAPxtl\">\n<div class=\"container-arOxqB chrome70-container\"><\/div>\n<\/div>","protected":false},"excerpt":{"rendered":"<p>Rehaussez vos projets avec ce ruban satin imprim\u00e9 \u00e0 la feuille d'or avec logo personnalis\u00e9 ! Fabriqu\u00e9 en polyester 100% (recycl\u00e9, respectueux de l'environnement) avec une solidit\u00e9 des couleurs de grade 4+, il offre des largeurs de 3 \u00e0 50 mm, des couleurs de stock\/personnalis\u00e9es et des \u00e9chantillons de stock gratuits. Parfait pour l'emballage de cadeaux, la d\u00e9coration d'\u00e9v\u00e9nements, la promotion de marques et le bricolage, il allie luxe, durabilit\u00e9 et style personnalis\u00e9.<\/p>","protected":false},"featured_media":43525,"comment_status":"open","ping_status":"closed","template":"","meta":{"_acf_changed":false},"product_brand":[84],"product_cat":[80],"product_tag":[479,482,485,491,487,478,448,480,486,484,483,481,488,489,490],"class_list":{"0":"post-43524","1":"product","2":"type-product","3":"status-publish","4":"has-post-thumbnail","6":"product_brand-de-liang","7":"product_cat-customized-ribbon","8":"product_tag-100-polyester-satin-ribbon","9":"product_tag-3-50mm-width-satin-ribbon","10":"product_tag-brand-promotion-gold-ribbon","11":"product_tag-christmas-gift-ribbon","12":"product_tag-custom-color-satin-ribbon","13":"product_tag-custom-logo-gold-foil-printed-satin-ribbon","14":"product_tag-diy-craft-gold-foil-ribbon","15":"product_tag-eco-friendly-recycled-satin-ribbon","16":"product_tag-event-decor-satin-ribbon","17":"product_tag-gift-wrapping-satin-ribbon","18":"product_tag-gold-foil-logo-ribbon","19":"product_tag-grade-4-color-fastness-ribbon","20":"product_tag-luxury-gold-foil-ribbon","21":"product_tag-product-packaging-satin-ribbon","22":"product_tag-wedding-decor-gold-ribbon","24":"first","25":"instock","26":"shipping-taxable","27":"purchasable","28":"product-type-simple"},"acf":[],"yoast_head":"<!-- This site is optimized with the Yoast SEO plugin v27.4 - https:\/\/yoast.com\/product\/yoast-seo-wordpress\/ -->\n<title>100% Polyester Satin Ribbon - Gold Foil Custom Logo (Grade 4+ Color Fastness) for Crafts &amp; Branding - DE-LIANG - jewelry,clothes,watch,beauty cosmetics<\/title>\n<meta name=\"robots\" content=\"index, follow, max-snippet:-1, max-image-preview:large, max-video-preview:-1\" \/>\n<link rel=\"canonical\" href=\"https:\/\/deliangdisplay.com\/fr\/notre-produit\/accessoires\/ruban-personnalise\/100-polyester-ruban-satin-feuille-dor-logo-personnalise-grade-4-solidite-des-couleurs-pour-le-marquage-de-lartisanat\/\" \/>\n<meta property=\"og:locale\" content=\"fr_FR\" \/>\n<meta property=\"og:type\" content=\"article\" \/>\n<meta property=\"og:title\" content=\"100% Polyester Satin Ribbon - Gold Foil Custom Logo (Grade 4+ Color Fastness) for Crafts &amp; Branding - DE-LIANG - jewelry,clothes,watch,beauty cosmetics\" \/>\n<meta property=\"og:description\" content=\"Elevate your projects with this custom logo gold foil printed satin ribbon! Made of 100% polyester (recycled, eco-friendly) with grade 4+ color fastness, it offers 3-50mm widths, stock\/custom colors, and free stock samples. Perfect for gift wrapping, event decor, brand promotion, and DIY crafts\u2014blending luxury, durability, and personalized flair.\" \/>\n<meta property=\"og:url\" content=\"https:\/\/deliangdisplay.com\/fr\/notre-produit\/accessoires\/ruban-personnalise\/100-polyester-ruban-satin-feuille-dor-logo-personnalise-grade-4-solidite-des-couleurs-pour-le-marquage-de-lartisanat\/\" \/>\n<meta property=\"og:site_name\" content=\"DE-LIANG - jewelry,clothes,watch,beauty cosmetics\" \/>\n<meta property=\"article:publisher\" content=\"https:\/\/www.facebook.com\/JaneZhang008\/\" \/>\n<meta property=\"og:image\" content=\"https:\/\/deliangdisplay.com\/wp-content\/uploads\/2025\/10\/24.png\" \/>\n\t<meta property=\"og:image:width\" content=\"750\" \/>\n\t<meta property=\"og:image:height\" content=\"750\" \/>\n\t<meta property=\"og:image:type\" content=\"image\/png\" \/>\n<meta name=\"twitter:card\" content=\"summary_large_image\" \/>\n<meta name=\"twitter:site\" content=\"@ly673551729\" \/>\n<meta name=\"twitter:label1\" content=\"Dur\u00e9e de lecture estim\u00e9e\" \/>\n\t<meta name=\"twitter:data1\" content=\"2 minutes\" \/>\n<script type=\"application\/ld+json\" class=\"yoast-schema-graph\">{\"@context\":\"https:\\\/\\\/schema.org\",\"@graph\":[{\"@type\":\"WebPage\",\"@id\":\"https:\\\/\\\/deliangdisplay.com\\\/our-product\\\/accessories\\\/customized-ribbon\\\/100-polyester-satin-ribbon-gold-foil-custom-logo-grade-4-color-fastness-for-crafts-branding\\\/\",\"url\":\"https:\\\/\\\/deliangdisplay.com\\\/our-product\\\/accessories\\\/customized-ribbon\\\/100-polyester-satin-ribbon-gold-foil-custom-logo-grade-4-color-fastness-for-crafts-branding\\\/\",\"name\":\"100% Polyester Satin Ribbon - Gold Foil Custom Logo (Grade 4+ Color Fastness) for Crafts & Branding - DE-LIANG - jewelry,clothes,watch,beauty cosmetics\",\"isPartOf\":{\"@id\":\"https:\\\/\\\/deliangdisplay.com\\\/#website\"},\"primaryImageOfPage\":{\"@id\":\"https:\\\/\\\/deliangdisplay.com\\\/our-product\\\/accessories\\\/customized-ribbon\\\/100-polyester-satin-ribbon-gold-foil-custom-logo-grade-4-color-fastness-for-crafts-branding\\\/#primaryimage\"},\"image\":{\"@id\":\"https:\\\/\\\/deliangdisplay.com\\\/our-product\\\/accessories\\\/customized-ribbon\\\/100-polyester-satin-ribbon-gold-foil-custom-logo-grade-4-color-fastness-for-crafts-branding\\\/#primaryimage\"},\"thumbnailUrl\":\"https:\\\/\\\/deliangdisplay.com\\\/wp-content\\\/uploads\\\/2025\\\/10\\\/24.png\",\"datePublished\":\"2025-10-11T09:02:39+00:00\",\"breadcrumb\":{\"@id\":\"https:\\\/\\\/deliangdisplay.com\\\/our-product\\\/accessories\\\/customized-ribbon\\\/100-polyester-satin-ribbon-gold-foil-custom-logo-grade-4-color-fastness-for-crafts-branding\\\/#breadcrumb\"},\"inLanguage\":\"fr-FR\",\"potentialAction\":[{\"@type\":\"ReadAction\",\"target\":[\"https:\\\/\\\/deliangdisplay.com\\\/our-product\\\/accessories\\\/customized-ribbon\\\/100-polyester-satin-ribbon-gold-foil-custom-logo-grade-4-color-fastness-for-crafts-branding\\\/\"]}]},{\"@type\":\"ImageObject\",\"inLanguage\":\"fr-FR\",\"@id\":\"https:\\\/\\\/deliangdisplay.com\\\/our-product\\\/accessories\\\/customized-ribbon\\\/100-polyester-satin-ribbon-gold-foil-custom-logo-grade-4-color-fastness-for-crafts-branding\\\/#primaryimage\",\"url\":\"https:\\\/\\\/deliangdisplay.com\\\/wp-content\\\/uploads\\\/2025\\\/10\\\/24.png\",\"contentUrl\":\"https:\\\/\\\/deliangdisplay.com\\\/wp-content\\\/uploads\\\/2025\\\/10\\\/24.png\",\"width\":750,\"height\":750},{\"@type\":\"BreadcrumbList\",\"@id\":\"https:\\\/\\\/deliangdisplay.com\\\/our-product\\\/accessories\\\/customized-ribbon\\\/100-polyester-satin-ribbon-gold-foil-custom-logo-grade-4-color-fastness-for-crafts-branding\\\/#breadcrumb\",\"itemListElement\":[{\"@type\":\"ListItem\",\"position\":1,\"name\":\"\u9996\u9875\",\"item\":\"https:\\\/\\\/deliangdisplay.com\\\/\"},{\"@type\":\"ListItem\",\"position\":2,\"name\":\"Our Product\",\"item\":\"https:\\\/\\\/deliangdisplay.com\\\/our-product\\\/\"},{\"@type\":\"ListItem\",\"position\":3,\"name\":\"100% Polyester Satin Ribbon &#8211; Gold Foil Custom Logo (Grade 4+ Color Fastness) for Crafts &#038; Branding\"}]},{\"@type\":\"WebSite\",\"@id\":\"https:\\\/\\\/deliangdisplay.com\\\/#website\",\"url\":\"https:\\\/\\\/deliangdisplay.com\\\/\",\"name\":\"deliangdisplay.com\",\"description\":\"DE-LIANG - Providing bespoke packaging solutions and luxurious display design services for brands in jewelry, apparel, watches, beauty cosmetics, and more.\",\"publisher\":{\"@id\":\"https:\\\/\\\/deliangdisplay.com\\\/#organization\"},\"potentialAction\":[{\"@type\":\"SearchAction\",\"target\":{\"@type\":\"EntryPoint\",\"urlTemplate\":\"https:\\\/\\\/deliangdisplay.com\\\/?s={search_term_string}\"},\"query-input\":{\"@type\":\"PropertyValueSpecification\",\"valueRequired\":true,\"valueName\":\"search_term_string\"}}],\"inLanguage\":\"fr-FR\"},{\"@type\":\"Organization\",\"@id\":\"https:\\\/\\\/deliangdisplay.com\\\/#organization\",\"name\":\"deliangdisplay.com\",\"url\":\"https:\\\/\\\/deliangdisplay.com\\\/\",\"logo\":{\"@type\":\"ImageObject\",\"inLanguage\":\"fr-FR\",\"@id\":\"https:\\\/\\\/deliangdisplay.com\\\/#\\\/schema\\\/logo\\\/image\\\/\",\"url\":\"https:\\\/\\\/deliangdisplay.com\\\/wp-content\\\/uploads\\\/2025\\\/08\\\/DELIANGDISPALY_logo.png\",\"contentUrl\":\"https:\\\/\\\/deliangdisplay.com\\\/wp-content\\\/uploads\\\/2025\\\/08\\\/DELIANGDISPALY_logo.png\",\"width\":300,\"height\":130,\"caption\":\"deliangdisplay.com\"},\"image\":{\"@id\":\"https:\\\/\\\/deliangdisplay.com\\\/#\\\/schema\\\/logo\\\/image\\\/\"},\"sameAs\":[\"https:\\\/\\\/www.facebook.com\\\/JaneZhang008\\\/\",\"https:\\\/\\\/x.com\\\/ly673551729\"]}]}<\/script>\n<!-- \/ Yoast SEO plugin. -->","yoast_head_json":{"title":"100% Ruban de satin de polyester - Logo personnalis\u00e9 en feuille d'or (Grade 4+ Color Fastness) pour l'artisanat et le marquage - DE-LIANG - bijouterie,joaillerie,horlogerie,bijouterie,beaut\u00e9,cosm\u00e9tique","robots":{"index":"index","follow":"follow","max-snippet":"max-snippet:-1","max-image-preview":"max-image-preview:large","max-video-preview":"max-video-preview:-1"},"canonical":"https:\/\/deliangdisplay.com\/fr\/notre-produit\/accessoires\/ruban-personnalise\/100-polyester-ruban-satin-feuille-dor-logo-personnalise-grade-4-solidite-des-couleurs-pour-le-marquage-de-lartisanat\/","og_locale":"fr_FR","og_type":"article","og_title":"100% Polyester Satin Ribbon - Gold Foil Custom Logo (Grade 4+ Color Fastness) for Crafts & Branding - DE-LIANG - jewelry,clothes,watch,beauty cosmetics","og_description":"Elevate your projects with this custom logo gold foil printed satin ribbon! Made of 100% polyester (recycled, eco-friendly) with grade 4+ color fastness, it offers 3-50mm widths, stock\/custom colors, and free stock samples. Perfect for gift wrapping, event decor, brand promotion, and DIY crafts\u2014blending luxury, durability, and personalized flair.","og_url":"https:\/\/deliangdisplay.com\/fr\/notre-produit\/accessoires\/ruban-personnalise\/100-polyester-ruban-satin-feuille-dor-logo-personnalise-grade-4-solidite-des-couleurs-pour-le-marquage-de-lartisanat\/","og_site_name":"DE-LIANG - jewelry,clothes,watch,beauty cosmetics","article_publisher":"https:\/\/www.facebook.com\/JaneZhang008\/","og_image":[{"width":750,"height":750,"url":"https:\/\/deliangdisplay.com\/wp-content\/uploads\/2025\/10\/24.png","type":"image\/png"}],"twitter_card":"summary_large_image","twitter_site":"@ly673551729","twitter_misc":{"Dur\u00e9e de lecture estim\u00e9e":"2 minutes"},"schema":{"@context":"https:\/\/schema.org","@graph":[{"@type":"WebPage","@id":"https:\/\/deliangdisplay.com\/our-product\/accessories\/customized-ribbon\/100-polyester-satin-ribbon-gold-foil-custom-logo-grade-4-color-fastness-for-crafts-branding\/","url":"https:\/\/deliangdisplay.com\/our-product\/accessories\/customized-ribbon\/100-polyester-satin-ribbon-gold-foil-custom-logo-grade-4-color-fastness-for-crafts-branding\/","name":"100% Ruban de satin de polyester - Logo personnalis\u00e9 en feuille d'or (Grade 4+ Color Fastness) pour l'artisanat et le marquage - DE-LIANG - bijouterie,joaillerie,horlogerie,bijouterie,beaut\u00e9,cosm\u00e9tique","isPartOf":{"@id":"https:\/\/deliangdisplay.com\/#website"},"primaryImageOfPage":{"@id":"https:\/\/deliangdisplay.com\/our-product\/accessories\/customized-ribbon\/100-polyester-satin-ribbon-gold-foil-custom-logo-grade-4-color-fastness-for-crafts-branding\/#primaryimage"},"image":{"@id":"https:\/\/deliangdisplay.com\/our-product\/accessories\/customized-ribbon\/100-polyester-satin-ribbon-gold-foil-custom-logo-grade-4-color-fastness-for-crafts-branding\/#primaryimage"},"thumbnailUrl":"https:\/\/deliangdisplay.com\/wp-content\/uploads\/2025\/10\/24.png","datePublished":"2025-10-11T09:02:39+00:00","breadcrumb":{"@id":"https:\/\/deliangdisplay.com\/our-product\/accessories\/customized-ribbon\/100-polyester-satin-ribbon-gold-foil-custom-logo-grade-4-color-fastness-for-crafts-branding\/#breadcrumb"},"inLanguage":"fr-FR","potentialAction":[{"@type":"ReadAction","target":["https:\/\/deliangdisplay.com\/our-product\/accessories\/customized-ribbon\/100-polyester-satin-ribbon-gold-foil-custom-logo-grade-4-color-fastness-for-crafts-branding\/"]}]},{"@type":"ImageObject","inLanguage":"fr-FR","@id":"https:\/\/deliangdisplay.com\/our-product\/accessories\/customized-ribbon\/100-polyester-satin-ribbon-gold-foil-custom-logo-grade-4-color-fastness-for-crafts-branding\/#primaryimage","url":"https:\/\/deliangdisplay.com\/wp-content\/uploads\/2025\/10\/24.png","contentUrl":"https:\/\/deliangdisplay.com\/wp-content\/uploads\/2025\/10\/24.png","width":750,"height":750},{"@type":"BreadcrumbList","@id":"https:\/\/deliangdisplay.com\/our-product\/accessories\/customized-ribbon\/100-polyester-satin-ribbon-gold-foil-custom-logo-grade-4-color-fastness-for-crafts-branding\/#breadcrumb","itemListElement":[{"@type":"ListItem","position":1,"name":"\u9996\u9875","item":"https:\/\/deliangdisplay.com\/"},{"@type":"ListItem","position":2,"name":"Our Product","item":"https:\/\/deliangdisplay.com\/our-product\/"},{"@type":"ListItem","position":3,"name":"100% Polyester Satin Ribbon &#8211; Gold Foil Custom Logo (Grade 4+ Color Fastness) for Crafts &#038; Branding"}]},{"@type":"WebSite","@id":"https:\/\/deliangdisplay.com\/#website","url":"https:\/\/deliangdisplay.com\/","name":"deliangdisplay.com","description":"DE-LIANG - Fournit des solutions d'emballage sur mesure et des services de conception de pr\u00e9sentoirs luxueux pour les marques de bijoux, de v\u00eatements, de montres, de produits de beaut\u00e9 et de cosm\u00e9tiques, et plus encore.","publisher":{"@id":"https:\/\/deliangdisplay.com\/#organization"},"potentialAction":[{"@type":"SearchAction","target":{"@type":"EntryPoint","urlTemplate":"https:\/\/deliangdisplay.com\/?s={search_term_string}"},"query-input":{"@type":"PropertyValueSpecification","valueRequired":true,"valueName":"search_term_string"}}],"inLanguage":"fr-FR"},{"@type":"Organization","@id":"https:\/\/deliangdisplay.com\/#organization","name":"deliangdisplay.com","url":"https:\/\/deliangdisplay.com\/","logo":{"@type":"ImageObject","inLanguage":"fr-FR","@id":"https:\/\/deliangdisplay.com\/#\/schema\/logo\/image\/","url":"https:\/\/deliangdisplay.com\/wp-content\/uploads\/2025\/08\/DELIANGDISPALY_logo.png","contentUrl":"https:\/\/deliangdisplay.com\/wp-content\/uploads\/2025\/08\/DELIANGDISPALY_logo.png","width":300,"height":130,"caption":"deliangdisplay.com"},"image":{"@id":"https:\/\/deliangdisplay.com\/#\/schema\/logo\/image\/"},"sameAs":["https:\/\/www.facebook.com\/JaneZhang008\/","https:\/\/x.com\/ly673551729"]}]}},"_links":{"self":[{"href":"https:\/\/deliangdisplay.com\/fr\/wp-json\/wp\/v2\/product\/43524","targetHints":{"allow":["GET"]}}],"collection":[{"href":"https:\/\/deliangdisplay.com\/fr\/wp-json\/wp\/v2\/product"}],"about":[{"href":"https:\/\/deliangdisplay.com\/fr\/wp-json\/wp\/v2\/types\/product"}],"replies":[{"embeddable":true,"href":"https:\/\/deliangdisplay.com\/fr\/wp-json\/wp\/v2\/comments?post=43524"}],"wp:featuredmedia":[{"embeddable":true,"href":"https:\/\/deliangdisplay.com\/fr\/wp-json\/wp\/v2\/media\/43525"}],"wp:attachment":[{"href":"https:\/\/deliangdisplay.com\/fr\/wp-json\/wp\/v2\/media?parent=43524"}],"wp:term":[{"taxonomy":"product_brand","embeddable":true,"href":"https:\/\/deliangdisplay.com\/fr\/wp-json\/wp\/v2\/product_brand?post=43524"},{"taxonomy":"product_cat","embeddable":true,"href":"https:\/\/deliangdisplay.com\/fr\/wp-json\/wp\/v2\/product_cat?post=43524"},{"taxonomy":"product_tag","embeddable":true,"href":"https:\/\/deliangdisplay.com\/fr\/wp-json\/wp\/v2\/product_tag?post=43524"}],"curies":[{"name":"wp","href":"https:\/\/api.w.org\/{rel}","templated":true}]}}