{"id":43507,"date":"2025-10-11T16:42:25","date_gmt":"2025-10-11T08:42:25","guid":{"rendered":"https:\/\/deliangdisplay.com\/?post_type=product&#038;p=43507"},"modified":"2025-10-11T16:42:25","modified_gmt":"2025-10-11T08:42:25","slug":"ruban-serge-en-coton-naturel-haute-solidite-des-couleurs-ruban-personnalise-pour-lemballage-des-marques-bricolage","status":"publish","type":"product","link":"https:\/\/deliangdisplay.com\/fr\/notre-produit\/accessoires\/ruban-personnalise\/ruban-serge-en-coton-naturel-haute-solidite-des-couleurs-ruban-personnalise-pour-lemballage-des-marques-bricolage\/","title":{"rendered":"Natural Cotton Twill Ribbon &#8211; High Color Fastness Custom Ribbon for Brand Packaging &#038; DIY Crafts"},"content":{"rendered":"<div class=\"inter-jQQQ8P\">\n<div class=\"container-PrUkKo\">\n<div class=\"item-hGGxLi\">\n<div class=\"container-arOxqB chrome70-container\">\n<div class=\"inner-FyM8gE inner-item-f8P6nx\" data-target-id=\"message-box-target-id\" data-testid=\"union_message\">\n<div class=\"message-block-container-aFugD6\" data-testid=\"message-block-container\" data-ui-version=\"samantha\">\n<div class=\"flex flex-row w-full w-full max-w-full s-font-base text-s-color-text-secondary p-0 rounded-s-radius-s bg-transparent group data-[attr=select-mode]:-mt-10 data-[attr=select-mode]:py-10 data-[attr=select-mode]:px-16 data-[attr=select-mode]:sm:p-10 data-[attr=select-mode]:hover:bg-s-color-bg-base data-[attr=select-mode]:hover:rounded-s-radius-xs data-[attr=select-mode]:has-[:checked]:bg-s-color-bg-trans data-[attr=select-mode]:has-[:checked]:rounded-s-radius-xs data-[attr=select-mode]:pointer-events-none\" data-testid=\"receive_message\">\n<div class=\"flex flex-col flex-grow max-w-full min-w-0\">\n<div class=\"flex flex-row w-full\" data-testid=\"message_content\" data-message-id=\"24115370857499138\">\n<div class=\"w-full\" data-plugin-identifier=\"Symbol(infra:receive-message-box:text)\">\n<div class=\"container-ZYIsnH flow-markdown-body mdbox-theme-next theme-samantha-Nbr9UN\" dir=\"ltr\" data-testid=\"message_text_content\" data-show-indicator=\"false\">\n<h3 class=\"header-vfC6AV auto-hide-last-sibling-br\">Aper\u00e7u du produit<\/h3>\n<div class=\"auto-hide-last-sibling-br paragraph-JOTKXA paragraph-element br-paragraph-space\">Am\u00e9liorez vos projets gr\u00e2ce \u00e0 cette\u00a0<strong>100% ruban en serg\u00e9 de coton naturel<\/strong>-Un m\u00e9lange parfait de respect de l'environnement, de durabilit\u00e9 et de personnalisation. Fabriqu\u00e9 en pur coton, il r\u00e9pond \u00e0 des normes environnementales strictes (Oeko-Tex Standard 100) et offre une grande solidit\u00e9 des couleurs, ce qui le rend id\u00e9al pour l'emballage de cadeaux, la d\u00e9coration int\u00e9rieure, les v\u00eatements, le bricolage et bien plus encore. Avec des options d'impression et de taille polyvalentes, il est facile de l'adapter \u00e0 votre marque unique ou \u00e0 votre style personnel.<\/div>\n<h3 class=\"header-vfC6AV auto-hide-last-sibling-br\">Caract\u00e9ristiques principales<\/h3>\n<ul class=\"auto-hide-last-sibling-br\">\n<li><strong>Mat\u00e9riaux \u00e9cologiques et de haute qualit\u00e9<\/strong>: Fabriqu\u00e9 en coton naturel 100%, il est non toxique, lavable et s'inscrit dans une d\u00e9marche de d\u00e9veloppement durable. Il est \u00e9galement certifi\u00e9 Oeko-Tex Standard 100, ce qui garantit la s\u00e9curit\u00e9 des utilisateurs et de l'environnement.<\/li>\n<li><strong>Personnalisation pouss\u00e9e<\/strong>: Permet de personnaliser les logos\/graphismes gr\u00e2ce \u00e0 de multiples techniques d'impression - s\u00e9rigraphie, impression par soufflage, impression sur feuille d'or, transfert thermique, etc. Des couleurs (196 options disponibles) et des largeurs (6 \u00e0 50 mm) personnalis\u00e9es sont \u00e9galement propos\u00e9es pour r\u00e9pondre \u00e0 des besoins sp\u00e9cifiques.<\/li>\n<li><strong>Performance durable<\/strong>: La solidit\u00e9 des couleurs est \u00e9lev\u00e9e (conforme aux normes internationales) : 4,0 degr\u00e9s pour les couleurs claires, 3,5-4,0 degr\u00e9s pour les couleurs profondes), de sorte que les impressions restent \u00e9clatantes m\u00eame apr\u00e8s un lavage ou une utilisation prolong\u00e9e.<\/li>\n<li><strong>Emballage souple<\/strong>: Disponible en rouleau (50 yards\/rouleau) ou en d\u00e9coupe\/emballage personnalis\u00e9, s'adaptant aux diff\u00e9rents sc\u00e9narios d'utilisation et aux pr\u00e9f\u00e9rences de stockage.<\/li>\n<\/ul>\n<h3 class=\"header-vfC6AV auto-hide-last-sibling-br\">Applications polyvalentes<\/h3>\n<ul class=\"auto-hide-last-sibling-br\">\n<li><strong>Emballage de cadeaux et de produits<\/strong>: Ajoute une touche naturelle et haut de gamme aux bo\u00eetes-cadeaux, aux d\u00e9corations de g\u00e2teaux ou aux emballages de marque, am\u00e9liorant ainsi l'exp\u00e9rience de d\u00e9ballage.<\/li>\n<li><strong>D\u00e9coration de la maison et des vacances<\/strong>: Parfait pour les d\u00e9corations de No\u00ebl, les accessoires textiles pour la maison (comme les bordures de coussins ou les attaches de rideaux) et les projets de d\u00e9coration DIY, apportant une ambiance organique et chaleureuse.<\/li>\n<li><strong>V\u00eatements et accessoires<\/strong>: Id\u00e9al pour embellir les v\u00eatements, les chapeaux, les sacs, les chaussures ou les accessoires de coiffure, en ajoutant un d\u00e9tail subtil et textur\u00e9 aux pi\u00e8ces de mode.<\/li>\n<li><strong>Projets d'artisanat<\/strong>: Un incontournable pour les artisans qui travaillent sur des cartes faites \u00e0 la main, du scrapbooking ou des n\u0153uds de ruban, gr\u00e2ce \u00e0 sa texture facile \u00e0 travailler et \u00e0 sa qualit\u00e9 durable.<\/li>\n<\/ul>\n<\/div>\n<\/div>\n<\/div>\n<div class=\"flex-row flex max-w-full min-w-0 flex-grow\">\n<div class=\"flex flex-col justify-end h-40 w-full select-none opacity-100\" data-testid=\"message_action_bar\">\n<div class=\"message-action-bar-ghR0JC flex flex-row w-full group\"><\/div>\n<\/div>\n<\/div>\n<div class=\"suggest-message-list-wrapper-Hn7Sfr\" data-testid=\"suggest_message_list\"><\/div>\n<\/div>\n<\/div>\n<\/div>\n<\/div>\n<\/div>\n<\/div>\n<\/div>\n<\/div>\n<div class=\"top-lAPxtl\">\n<div class=\"container-arOxqB chrome70-container\"><\/div>\n<\/div>","protected":false},"excerpt":{"rendered":"<p>Rehaussez vos projets avec ce ruban en serg\u00e9 de coton naturel 100% ! Respectueux de l'environnement, certifi\u00e9 Oeko-Tex 100 et d'une grande solidit\u00e9 des couleurs, il offre 196 couleurs personnalis\u00e9es, des largeurs de 6 \u00e0 50 mm et des impressions (s\u00e9rigraphie, feuille d'or, etc.). Conditionn\u00e9 en rouleaux de 50 m\u00e8tres ou d\u00e9coup\u00e9 sur mesure, il est parfait pour l'emballage des cadeaux, la d\u00e9coration de la maison et des vacances, les v\u00eatements et les travaux manuels, alliant durabilit\u00e9 et style.<\/p>","protected":false},"featured_media":43508,"comment_status":"open","ping_status":"closed","template":"","meta":{"_acf_changed":false},"product_brand":[84],"product_cat":[80],"product_tag":[452,457,458,464,455,462,453,461,459,456,435,460,454,465,463],"class_list":{"0":"post-43507","1":"product","2":"type-product","3":"status-publish","4":"has-post-thumbnail","6":"product_brand-de-liang","7":"product_cat-customized-ribbon","8":"product_tag-100-natural-cotton-twill-ribbon","9":"product_tag-196-color-cotton-ribbon","10":"product_tag-6-50mm-width-cotton-ribbon","11":"product_tag-brand-packaging-cotton-ribbon","12":"product_tag-custom-printed-cotton-twill","13":"product_tag-diy-craft-cotton-ribbon","14":"product_tag-eco-friendly-cotton-ribbon","15":"product_tag-garment-embellishment-ribbon","16":"product_tag-gift-wrapping-cotton-ribbon","17":"product_tag-gold-foil-cotton-ribbon","18":"product_tag-high-color-fastness-ribbon","19":"product_tag-holiday-decor-cotton-twill","20":"product_tag-oeko-tex-100-certified-ribbon","21":"product_tag-screen-printed-cotton-ribbon","22":"product_tag-sustainable-cotton-ribbon","24":"first","25":"instock","26":"shipping-taxable","27":"purchasable","28":"product-type-simple"},"acf":[],"yoast_head":"<!-- This site is optimized with the Yoast SEO plugin v27.4 - https:\/\/yoast.com\/product\/yoast-seo-wordpress\/ -->\n<title>Natural Cotton Twill Ribbon - High Color Fastness Custom Ribbon for Brand Packaging &amp; DIY Crafts - DE-LIANG - jewelry,clothes,watch,beauty cosmetics<\/title>\n<meta name=\"robots\" content=\"index, follow, max-snippet:-1, max-image-preview:large, max-video-preview:-1\" \/>\n<link rel=\"canonical\" href=\"https:\/\/deliangdisplay.com\/fr\/notre-produit\/accessoires\/ruban-personnalise\/ruban-serge-en-coton-naturel-haute-solidite-des-couleurs-ruban-personnalise-pour-lemballage-des-marques-bricolage\/\" \/>\n<meta property=\"og:locale\" content=\"fr_FR\" \/>\n<meta property=\"og:type\" content=\"article\" \/>\n<meta property=\"og:title\" content=\"Natural Cotton Twill Ribbon - High Color Fastness Custom Ribbon for Brand Packaging &amp; DIY Crafts - DE-LIANG - jewelry,clothes,watch,beauty cosmetics\" \/>\n<meta property=\"og:description\" content=\"Elevate your projects with this 100% natural cotton twill ribbon! Eco-friendly, Oeko-Tex 100 certified, and with high color fastness, it offers 196 custom colors, 6-50mm widths, and prints (screen, gold foil, etc.). Packed as 50-yard rolls or custom-cut, it\u2019s perfect for gift wrapping, home\/holiday decor, garments, and DIY crafts\u2014blending sustainability and style.\" \/>\n<meta property=\"og:url\" content=\"https:\/\/deliangdisplay.com\/fr\/notre-produit\/accessoires\/ruban-personnalise\/ruban-serge-en-coton-naturel-haute-solidite-des-couleurs-ruban-personnalise-pour-lemballage-des-marques-bricolage\/\" \/>\n<meta property=\"og:site_name\" content=\"DE-LIANG - jewelry,clothes,watch,beauty cosmetics\" \/>\n<meta property=\"article:publisher\" content=\"https:\/\/www.facebook.com\/JaneZhang008\/\" \/>\n<meta property=\"og:image\" content=\"https:\/\/deliangdisplay.com\/wp-content\/uploads\/2025\/10\/16-1.jpg\" \/>\n\t<meta property=\"og:image:width\" content=\"800\" \/>\n\t<meta property=\"og:image:height\" content=\"800\" \/>\n\t<meta property=\"og:image:type\" content=\"image\/jpeg\" \/>\n<meta name=\"twitter:card\" content=\"summary_large_image\" \/>\n<meta name=\"twitter:site\" content=\"@ly673551729\" \/>\n<meta name=\"twitter:label1\" content=\"Dur\u00e9e de lecture estim\u00e9e\" \/>\n\t<meta name=\"twitter:data1\" content=\"2 minutes\" \/>\n<script type=\"application\/ld+json\" class=\"yoast-schema-graph\">{\"@context\":\"https:\\\/\\\/schema.org\",\"@graph\":[{\"@type\":\"WebPage\",\"@id\":\"https:\\\/\\\/deliangdisplay.com\\\/our-product\\\/accessories\\\/customized-ribbon\\\/natural-cotton-twill-ribbon-high-color-fastness-custom-ribbon-for-brand-packaging-diy-crafts\\\/\",\"url\":\"https:\\\/\\\/deliangdisplay.com\\\/our-product\\\/accessories\\\/customized-ribbon\\\/natural-cotton-twill-ribbon-high-color-fastness-custom-ribbon-for-brand-packaging-diy-crafts\\\/\",\"name\":\"Natural Cotton Twill Ribbon - High Color Fastness Custom Ribbon for Brand Packaging & DIY Crafts - DE-LIANG - jewelry,clothes,watch,beauty cosmetics\",\"isPartOf\":{\"@id\":\"https:\\\/\\\/deliangdisplay.com\\\/#website\"},\"primaryImageOfPage\":{\"@id\":\"https:\\\/\\\/deliangdisplay.com\\\/our-product\\\/accessories\\\/customized-ribbon\\\/natural-cotton-twill-ribbon-high-color-fastness-custom-ribbon-for-brand-packaging-diy-crafts\\\/#primaryimage\"},\"image\":{\"@id\":\"https:\\\/\\\/deliangdisplay.com\\\/our-product\\\/accessories\\\/customized-ribbon\\\/natural-cotton-twill-ribbon-high-color-fastness-custom-ribbon-for-brand-packaging-diy-crafts\\\/#primaryimage\"},\"thumbnailUrl\":\"https:\\\/\\\/deliangdisplay.com\\\/wp-content\\\/uploads\\\/2025\\\/10\\\/16-1.jpg\",\"datePublished\":\"2025-10-11T08:42:25+00:00\",\"breadcrumb\":{\"@id\":\"https:\\\/\\\/deliangdisplay.com\\\/our-product\\\/accessories\\\/customized-ribbon\\\/natural-cotton-twill-ribbon-high-color-fastness-custom-ribbon-for-brand-packaging-diy-crafts\\\/#breadcrumb\"},\"inLanguage\":\"fr-FR\",\"potentialAction\":[{\"@type\":\"ReadAction\",\"target\":[\"https:\\\/\\\/deliangdisplay.com\\\/our-product\\\/accessories\\\/customized-ribbon\\\/natural-cotton-twill-ribbon-high-color-fastness-custom-ribbon-for-brand-packaging-diy-crafts\\\/\"]}]},{\"@type\":\"ImageObject\",\"inLanguage\":\"fr-FR\",\"@id\":\"https:\\\/\\\/deliangdisplay.com\\\/our-product\\\/accessories\\\/customized-ribbon\\\/natural-cotton-twill-ribbon-high-color-fastness-custom-ribbon-for-brand-packaging-diy-crafts\\\/#primaryimage\",\"url\":\"https:\\\/\\\/deliangdisplay.com\\\/wp-content\\\/uploads\\\/2025\\\/10\\\/16-1.jpg\",\"contentUrl\":\"https:\\\/\\\/deliangdisplay.com\\\/wp-content\\\/uploads\\\/2025\\\/10\\\/16-1.jpg\",\"width\":800,\"height\":800},{\"@type\":\"BreadcrumbList\",\"@id\":\"https:\\\/\\\/deliangdisplay.com\\\/our-product\\\/accessories\\\/customized-ribbon\\\/natural-cotton-twill-ribbon-high-color-fastness-custom-ribbon-for-brand-packaging-diy-crafts\\\/#breadcrumb\",\"itemListElement\":[{\"@type\":\"ListItem\",\"position\":1,\"name\":\"\u9996\u9875\",\"item\":\"https:\\\/\\\/deliangdisplay.com\\\/\"},{\"@type\":\"ListItem\",\"position\":2,\"name\":\"Our Product\",\"item\":\"https:\\\/\\\/deliangdisplay.com\\\/our-product\\\/\"},{\"@type\":\"ListItem\",\"position\":3,\"name\":\"Natural Cotton Twill Ribbon &#8211; High Color Fastness Custom Ribbon for Brand Packaging &#038; DIY Crafts\"}]},{\"@type\":\"WebSite\",\"@id\":\"https:\\\/\\\/deliangdisplay.com\\\/#website\",\"url\":\"https:\\\/\\\/deliangdisplay.com\\\/\",\"name\":\"deliangdisplay.com\",\"description\":\"DE-LIANG - Providing bespoke packaging solutions and luxurious display design services for brands in jewelry, apparel, watches, beauty cosmetics, and more.\",\"publisher\":{\"@id\":\"https:\\\/\\\/deliangdisplay.com\\\/#organization\"},\"potentialAction\":[{\"@type\":\"SearchAction\",\"target\":{\"@type\":\"EntryPoint\",\"urlTemplate\":\"https:\\\/\\\/deliangdisplay.com\\\/?s={search_term_string}\"},\"query-input\":{\"@type\":\"PropertyValueSpecification\",\"valueRequired\":true,\"valueName\":\"search_term_string\"}}],\"inLanguage\":\"fr-FR\"},{\"@type\":\"Organization\",\"@id\":\"https:\\\/\\\/deliangdisplay.com\\\/#organization\",\"name\":\"deliangdisplay.com\",\"url\":\"https:\\\/\\\/deliangdisplay.com\\\/\",\"logo\":{\"@type\":\"ImageObject\",\"inLanguage\":\"fr-FR\",\"@id\":\"https:\\\/\\\/deliangdisplay.com\\\/#\\\/schema\\\/logo\\\/image\\\/\",\"url\":\"https:\\\/\\\/deliangdisplay.com\\\/wp-content\\\/uploads\\\/2025\\\/08\\\/DELIANGDISPALY_logo.png\",\"contentUrl\":\"https:\\\/\\\/deliangdisplay.com\\\/wp-content\\\/uploads\\\/2025\\\/08\\\/DELIANGDISPALY_logo.png\",\"width\":300,\"height\":130,\"caption\":\"deliangdisplay.com\"},\"image\":{\"@id\":\"https:\\\/\\\/deliangdisplay.com\\\/#\\\/schema\\\/logo\\\/image\\\/\"},\"sameAs\":[\"https:\\\/\\\/www.facebook.com\\\/JaneZhang008\\\/\",\"https:\\\/\\\/x.com\\\/ly673551729\"]}]}<\/script>\n<!-- \/ Yoast SEO plugin. -->","yoast_head_json":{"title":"Ruban de coton naturel - Ruban personnalis\u00e9 pour l'emballage des marques et l'artisanat - DE-LIANG - bijoux, v\u00eatements, montres, beaut\u00e9 et cosm\u00e9tique","robots":{"index":"index","follow":"follow","max-snippet":"max-snippet:-1","max-image-preview":"max-image-preview:large","max-video-preview":"max-video-preview:-1"},"canonical":"https:\/\/deliangdisplay.com\/fr\/notre-produit\/accessoires\/ruban-personnalise\/ruban-serge-en-coton-naturel-haute-solidite-des-couleurs-ruban-personnalise-pour-lemballage-des-marques-bricolage\/","og_locale":"fr_FR","og_type":"article","og_title":"Natural Cotton Twill Ribbon - High Color Fastness Custom Ribbon for Brand Packaging & DIY Crafts - DE-LIANG - jewelry,clothes,watch,beauty cosmetics","og_description":"Elevate your projects with this 100% natural cotton twill ribbon! Eco-friendly, Oeko-Tex 100 certified, and with high color fastness, it offers 196 custom colors, 6-50mm widths, and prints (screen, gold foil, etc.). Packed as 50-yard rolls or custom-cut, it\u2019s perfect for gift wrapping, home\/holiday decor, garments, and DIY crafts\u2014blending sustainability and style.","og_url":"https:\/\/deliangdisplay.com\/fr\/notre-produit\/accessoires\/ruban-personnalise\/ruban-serge-en-coton-naturel-haute-solidite-des-couleurs-ruban-personnalise-pour-lemballage-des-marques-bricolage\/","og_site_name":"DE-LIANG - jewelry,clothes,watch,beauty cosmetics","article_publisher":"https:\/\/www.facebook.com\/JaneZhang008\/","og_image":[{"width":800,"height":800,"url":"https:\/\/deliangdisplay.com\/wp-content\/uploads\/2025\/10\/16-1.jpg","type":"image\/jpeg"}],"twitter_card":"summary_large_image","twitter_site":"@ly673551729","twitter_misc":{"Dur\u00e9e de lecture estim\u00e9e":"2 minutes"},"schema":{"@context":"https:\/\/schema.org","@graph":[{"@type":"WebPage","@id":"https:\/\/deliangdisplay.com\/our-product\/accessories\/customized-ribbon\/natural-cotton-twill-ribbon-high-color-fastness-custom-ribbon-for-brand-packaging-diy-crafts\/","url":"https:\/\/deliangdisplay.com\/our-product\/accessories\/customized-ribbon\/natural-cotton-twill-ribbon-high-color-fastness-custom-ribbon-for-brand-packaging-diy-crafts\/","name":"Ruban de coton naturel - Ruban personnalis\u00e9 pour l'emballage des marques et l'artisanat - DE-LIANG - bijoux, v\u00eatements, montres, beaut\u00e9 et cosm\u00e9tique","isPartOf":{"@id":"https:\/\/deliangdisplay.com\/#website"},"primaryImageOfPage":{"@id":"https:\/\/deliangdisplay.com\/our-product\/accessories\/customized-ribbon\/natural-cotton-twill-ribbon-high-color-fastness-custom-ribbon-for-brand-packaging-diy-crafts\/#primaryimage"},"image":{"@id":"https:\/\/deliangdisplay.com\/our-product\/accessories\/customized-ribbon\/natural-cotton-twill-ribbon-high-color-fastness-custom-ribbon-for-brand-packaging-diy-crafts\/#primaryimage"},"thumbnailUrl":"https:\/\/deliangdisplay.com\/wp-content\/uploads\/2025\/10\/16-1.jpg","datePublished":"2025-10-11T08:42:25+00:00","breadcrumb":{"@id":"https:\/\/deliangdisplay.com\/our-product\/accessories\/customized-ribbon\/natural-cotton-twill-ribbon-high-color-fastness-custom-ribbon-for-brand-packaging-diy-crafts\/#breadcrumb"},"inLanguage":"fr-FR","potentialAction":[{"@type":"ReadAction","target":["https:\/\/deliangdisplay.com\/our-product\/accessories\/customized-ribbon\/natural-cotton-twill-ribbon-high-color-fastness-custom-ribbon-for-brand-packaging-diy-crafts\/"]}]},{"@type":"ImageObject","inLanguage":"fr-FR","@id":"https:\/\/deliangdisplay.com\/our-product\/accessories\/customized-ribbon\/natural-cotton-twill-ribbon-high-color-fastness-custom-ribbon-for-brand-packaging-diy-crafts\/#primaryimage","url":"https:\/\/deliangdisplay.com\/wp-content\/uploads\/2025\/10\/16-1.jpg","contentUrl":"https:\/\/deliangdisplay.com\/wp-content\/uploads\/2025\/10\/16-1.jpg","width":800,"height":800},{"@type":"BreadcrumbList","@id":"https:\/\/deliangdisplay.com\/our-product\/accessories\/customized-ribbon\/natural-cotton-twill-ribbon-high-color-fastness-custom-ribbon-for-brand-packaging-diy-crafts\/#breadcrumb","itemListElement":[{"@type":"ListItem","position":1,"name":"\u9996\u9875","item":"https:\/\/deliangdisplay.com\/"},{"@type":"ListItem","position":2,"name":"Our Product","item":"https:\/\/deliangdisplay.com\/our-product\/"},{"@type":"ListItem","position":3,"name":"Natural Cotton Twill Ribbon &#8211; High Color Fastness Custom Ribbon for Brand Packaging &#038; DIY Crafts"}]},{"@type":"WebSite","@id":"https:\/\/deliangdisplay.com\/#website","url":"https:\/\/deliangdisplay.com\/","name":"deliangdisplay.com","description":"DE-LIANG - Fournit des solutions d'emballage sur mesure et des services de conception de pr\u00e9sentoirs luxueux pour les marques de bijoux, de v\u00eatements, de montres, de produits de beaut\u00e9 et de cosm\u00e9tiques, et plus encore.","publisher":{"@id":"https:\/\/deliangdisplay.com\/#organization"},"potentialAction":[{"@type":"SearchAction","target":{"@type":"EntryPoint","urlTemplate":"https:\/\/deliangdisplay.com\/?s={search_term_string}"},"query-input":{"@type":"PropertyValueSpecification","valueRequired":true,"valueName":"search_term_string"}}],"inLanguage":"fr-FR"},{"@type":"Organization","@id":"https:\/\/deliangdisplay.com\/#organization","name":"deliangdisplay.com","url":"https:\/\/deliangdisplay.com\/","logo":{"@type":"ImageObject","inLanguage":"fr-FR","@id":"https:\/\/deliangdisplay.com\/#\/schema\/logo\/image\/","url":"https:\/\/deliangdisplay.com\/wp-content\/uploads\/2025\/08\/DELIANGDISPALY_logo.png","contentUrl":"https:\/\/deliangdisplay.com\/wp-content\/uploads\/2025\/08\/DELIANGDISPALY_logo.png","width":300,"height":130,"caption":"deliangdisplay.com"},"image":{"@id":"https:\/\/deliangdisplay.com\/#\/schema\/logo\/image\/"},"sameAs":["https:\/\/www.facebook.com\/JaneZhang008\/","https:\/\/x.com\/ly673551729"]}]}},"_links":{"self":[{"href":"https:\/\/deliangdisplay.com\/fr\/wp-json\/wp\/v2\/product\/43507","targetHints":{"allow":["GET"]}}],"collection":[{"href":"https:\/\/deliangdisplay.com\/fr\/wp-json\/wp\/v2\/product"}],"about":[{"href":"https:\/\/deliangdisplay.com\/fr\/wp-json\/wp\/v2\/types\/product"}],"replies":[{"embeddable":true,"href":"https:\/\/deliangdisplay.com\/fr\/wp-json\/wp\/v2\/comments?post=43507"}],"wp:featuredmedia":[{"embeddable":true,"href":"https:\/\/deliangdisplay.com\/fr\/wp-json\/wp\/v2\/media\/43508"}],"wp:attachment":[{"href":"https:\/\/deliangdisplay.com\/fr\/wp-json\/wp\/v2\/media?parent=43507"}],"wp:term":[{"taxonomy":"product_brand","embeddable":true,"href":"https:\/\/deliangdisplay.com\/fr\/wp-json\/wp\/v2\/product_brand?post=43507"},{"taxonomy":"product_cat","embeddable":true,"href":"https:\/\/deliangdisplay.com\/fr\/wp-json\/wp\/v2\/product_cat?post=43507"},{"taxonomy":"product_tag","embeddable":true,"href":"https:\/\/deliangdisplay.com\/fr\/wp-json\/wp\/v2\/product_tag?post=43507"}],"curies":[{"name":"wp","href":"https:\/\/api.w.org\/{rel}","templated":true}]}}