{"id":43499,"date":"2025-10-11T16:36:12","date_gmt":"2025-10-11T08:36:12","guid":{"rendered":"https:\/\/deliangdisplay.com\/?post_type=product&#038;p=43499"},"modified":"2025-10-11T16:36:12","modified_gmt":"2025-10-11T08:36:12","slug":"ruban-personnalise-3d-avec-logo-en-feuille-dor-245-couleurs-6-50mm-de-largeur-pour-lemballage-de-marques-de-mariage","status":"publish","type":"product","link":"https:\/\/deliangdisplay.com\/fr\/notre-produit\/accessoires\/ruban-personnalise\/ruban-personnalise-3d-avec-logo-en-feuille-dor-245-couleurs-6-50mm-de-largeur-pour-lemballage-de-marques-de-mariage\/","title":{"rendered":"Ruban personnalis\u00e9 avec logo en feuille d'or 3D - 245 couleurs, 6-50mm de largeur pour les mariages et l'emballage des marques"},"content":{"rendered":"<h3 class=\"header-vfC6AV auto-hide-last-sibling-br\">Aper\u00e7u du produit<\/h3>\n<div class=\"auto-hide-last-sibling-br paragraph-JOTKXA paragraph-element br-paragraph-space\">Ce produit permet d'\u00e9lever chaque cadeau, colis ou projet de d\u00e9coration au rang de luxe.\u00a0<strong>ruban personnalis\u00e9 avec logo 3D en feuille d'or<\/strong>-Un changement de jeu pour ajouter une touche premium qui attire l'attention. Fabriqu\u00e9 \u00e0 partir d'une gamme de mat\u00e9riaux de haute qualit\u00e9 (satin, gros-grain, coton, etc.), il pr\u00e9sente une finition riche et lumineuse qui capte la lumi\u00e8re et transforme un emballage ordinaire en une d\u00e9claration m\u00e9morable. Qu'il s'agisse de marquer des produits, d'habiller des cadeaux de No\u00ebl ou de r\u00e9aliser des bricolages uniques, ce ruban allie polyvalence, style et personnalisation pour faire briller chaque d\u00e9tail.<\/div>\n<h3 class=\"header-vfC6AV auto-hide-last-sibling-br\">Caract\u00e9ristiques principales<\/h3>\n<ul class=\"auto-hide-last-sibling-br\">\n<li><strong>Choix de mat\u00e9riaux luxueux<\/strong>: Choisissez parmi une s\u00e9lection de tissus pour r\u00e9pondre \u00e0 votre vision : le satin soyeux pour un look \u00e9l\u00e9gant, le gros-grain textur\u00e9 pour une finition durable et structur\u00e9e, le coton doux pour une ambiance confortable et naturelle, ainsi que des options sp\u00e9ciales comme les rubans \u00e0 bords dor\u00e9s, \u00e0 bords argent\u00e9s, \u00e0 trame dor\u00e9e ou \u00e0 trame argent\u00e9e pour plus d'opulence. Chaque mat\u00e9riau est choisi pour sa qualit\u00e9, ce qui garantit que le ruban conserve sa forme et son \u00e9clat au fil des utilisations.<\/li>\n<li><strong>Une personnalisation et une impression \u00e9tonnantes<\/strong>: D\u00e9marquez-vous avec des logos personnalis\u00e9s en feuille d'or 3D qui sautent aux yeux, parfaits pour la cr\u00e9ation d'une marque ou pour ajouter une touche monogramm\u00e9e. Outre la feuille d'or 3D, vous pouvez \u00e9galement choisir l'impression \u00e0 plat, l'impression st\u00e9r\u00e9o, le marquage \u00e0 chaud ou des techniques d'impression color\u00e9es, qui offrent toutes des motifs nets et durables qui ne s'effaceront pas et ne s'\u00e9cailleront pas.<\/li>\n<li><strong>Options infinies de tailles et de couleurs<\/strong>: Trouvez votre bonheur avec des largeurs allant de 6 mm (d\u00e9licat pour les petits accents) \u00e0 50 mm (audacieux pour les emballages), et parcourez 245 choix de couleurs vibrantes - des noirs, rouges et dor\u00e9s classiques aux pastels doux, aux riches tons de bijoux et aux teintes \u00e0 la mode. Quel que soit votre projet, il existe une couleur et une taille adapt\u00e9es.<\/li>\n<li><strong>Accessible \u00e0 tous les besoins<\/strong>: Avec un minimum de commande de seulement 1 rouleau (90 m\u00e8tres), il est id\u00e9al pour les petites entreprises qui testent leur image de marque, les artisans qui travaillent sur des projets de bricolage ou toute personne souhaitant ajouter une touche de luxe \u00e0 des cadeaux personnels - aucune commande en gros n'est n\u00e9cessaire.<\/li>\n<\/ul>\n<h3 class=\"header-vfC6AV auto-hide-last-sibling-br\">Applications id\u00e9ales<\/h3>\n<ul class=\"auto-hide-last-sibling-br\">\n<li><strong>Emballage et cadeaux<\/strong>: Transformez vos cadeaux d'anniversaire, de mariage ou de vacances en quelque chose d'extraordinaire. La feuille d'or en 3D ajoute un facteur \u201cwow\u201d qui fait que les destinataires se sentent sp\u00e9ciaux, qu'il s'agisse d'une petite bo\u00eete \u00e0 bijoux ou d'un grand cadeau.<\/li>\n<li><strong>Emballage de la marque et du produit<\/strong>: Aidez votre entreprise \u00e0 se d\u00e9marquer en ajoutant des logos personnalis\u00e9s \u00e0 l'emballage de vos produits : sacs de v\u00eatements pour boutiques, bo\u00eetes de produits alimentaires artisanaux ou produits de beaut\u00e9 de luxe. Le ruban fait de l'emballage un outil de marketing et renforce la reconnaissance de la marque.<\/li>\n<li><strong>D\u00e9corations saisonni\u00e8res et \u00e9v\u00e9nementielles<\/strong>: Parfait pour No\u00ebl, P\u00e2ques, les mariages ou les baby showers. Utilisez-le pour entourer les couronnes, orner les tables, envelopper les bo\u00eetes de cadeaux ou garnir les branches d'arbre. Son \u00e9clat s'harmonise avec tous les th\u00e8mes festifs.<\/li>\n<li><strong>Projets de bricolage et d'artisanat<\/strong>: Les artisans adoreront l'utiliser pour faire des n\u0153uds pour les cheveux, des accents pour les v\u00eatements (comme ajouter \u00e0 des robes ou des vestes), du scrapbooking ou pour embellir des cartes faites \u00e0 la main. Sa durabilit\u00e9 et son aspect haut de gamme conf\u00e8rent une qualit\u00e9 professionnelle aux travaux les plus simples.<\/li>\n<\/ul>","protected":false},"excerpt":{"rendered":"<p>Rehaussez vos projets avec ce luxueux ruban personnalis\u00e9 avec logo en feuille d'or 3D ! Disponible en satin, gros-grain, coton et styles sp\u00e9cialis\u00e9s, il offre 245 couleurs, des largeurs de 6 \u00e0 50 mm et des options d'impression (feuille 3D, marquage \u00e0 chaud). Avec une faible MOQ de 1 rouleau (90m\/100yd), il est parfait pour l'emballage de cadeaux, l'emballage de marques, la d\u00e9coration de vacances et les bricolages - en apportant une touche de qualit\u00e9 sup\u00e9rieure qui attire l'attention.<\/p>","protected":false},"featured_media":43500,"comment_status":"open","ping_status":"closed","template":"","meta":{"_acf_changed":false},"product_brand":[84],"product_cat":[80],"product_tag":[441,442,447,440,437,448,449,439,445,444,443,438,451,450,446],"class_list":{"0":"post-43499","1":"product","2":"type-product","3":"status-publish","4":"has-post-thumbnail","6":"product_brand-de-liang","7":"product_cat-customized-ribbon","8":"product_tag-245-color-ribbon-for-decor","9":"product_tag-6-50mm-width-gold-foil-ribbon","10":"product_tag-brand-packaging-custom-ribbon","11":"product_tag-cotton-custom-logo-ribbon","12":"product_tag-custom-3d-gold-foil-logo-ribbon","13":"product_tag-diy-craft-gold-foil-ribbon","14":"product_tag-gold-edge-grosgrain-ribbon","15":"product_tag-grosgrain-gold-foil-ribbon","16":"product_tag-holiday-decor-gold-ribbon","17":"product_tag-hot-stamping-logo-ribbon","18":"product_tag-low-moq-3d-foil-ribbon","19":"product_tag-luxury-satin-ribbon-for-gift-wrapping","20":"product_tag-premium-3d-embossed-ribbon","21":"product_tag-silver-weft-custom-ribbon","22":"product_tag-wedding-gift-wrapping-ribbon","24":"first","25":"instock","26":"shipping-taxable","27":"purchasable","28":"product-type-simple"},"acf":[],"yoast_head":"<!-- This site is optimized with the Yoast SEO plugin v27.4 - https:\/\/yoast.com\/product\/yoast-seo-wordpress\/ -->\n<title>Custom 3D Gold Foil Logo Ribbon - 245 Colors, 6-50mm Width for Wedding &amp; Brand Packaging - DE-LIANG - jewelry,clothes,watch,beauty cosmetics<\/title>\n<meta name=\"robots\" content=\"index, follow, max-snippet:-1, max-image-preview:large, max-video-preview:-1\" \/>\n<link rel=\"canonical\" href=\"https:\/\/deliangdisplay.com\/fr\/notre-produit\/accessoires\/ruban-personnalise\/ruban-personnalise-3d-avec-logo-en-feuille-dor-245-couleurs-6-50mm-de-largeur-pour-lemballage-de-marques-de-mariage\/\" \/>\n<meta property=\"og:locale\" content=\"fr_FR\" \/>\n<meta property=\"og:type\" content=\"article\" \/>\n<meta property=\"og:title\" content=\"Custom 3D Gold Foil Logo Ribbon - 245 Colors, 6-50mm Width for Wedding &amp; Brand Packaging - DE-LIANG - jewelry,clothes,watch,beauty cosmetics\" \/>\n<meta property=\"og:description\" content=\"Elevate your projects with this luxury custom 3D gold foil logo ribbon! Available in satin, grosgrain, cotton, and specialty styles, it offers 245 colors, 6-50mm widths, and printing options (3D foil, hot stamping). With a low 1-roll MOQ (90m\/100yd), it\u2019s perfect for gift wrapping, brand packaging, holiday decor, and DIY crafts\u2014adding a premium, eye-catching touch.\" \/>\n<meta property=\"og:url\" content=\"https:\/\/deliangdisplay.com\/fr\/notre-produit\/accessoires\/ruban-personnalise\/ruban-personnalise-3d-avec-logo-en-feuille-dor-245-couleurs-6-50mm-de-largeur-pour-lemballage-de-marques-de-mariage\/\" \/>\n<meta property=\"og:site_name\" content=\"DE-LIANG - jewelry,clothes,watch,beauty cosmetics\" \/>\n<meta property=\"article:publisher\" content=\"https:\/\/www.facebook.com\/JaneZhang008\/\" \/>\n<meta property=\"og:image\" content=\"https:\/\/deliangdisplay.com\/wp-content\/uploads\/2025\/10\/8-5.jpg\" \/>\n\t<meta property=\"og:image:width\" content=\"754\" \/>\n\t<meta property=\"og:image:height\" content=\"754\" \/>\n\t<meta property=\"og:image:type\" content=\"image\/jpeg\" \/>\n<meta name=\"twitter:card\" content=\"summary_large_image\" \/>\n<meta name=\"twitter:site\" content=\"@ly673551729\" \/>\n<meta name=\"twitter:label1\" content=\"Dur\u00e9e de lecture estim\u00e9e\" \/>\n\t<meta name=\"twitter:data1\" content=\"3 minutes\" \/>\n<script type=\"application\/ld+json\" class=\"yoast-schema-graph\">{\"@context\":\"https:\\\/\\\/schema.org\",\"@graph\":[{\"@type\":\"WebPage\",\"@id\":\"https:\\\/\\\/deliangdisplay.com\\\/our-product\\\/accessories\\\/customized-ribbon\\\/custom-3d-gold-foil-logo-ribbon-245-colors-6-50mm-width-for-wedding-brand-packaging\\\/\",\"url\":\"https:\\\/\\\/deliangdisplay.com\\\/our-product\\\/accessories\\\/customized-ribbon\\\/custom-3d-gold-foil-logo-ribbon-245-colors-6-50mm-width-for-wedding-brand-packaging\\\/\",\"name\":\"Custom 3D Gold Foil Logo Ribbon - 245 Colors, 6-50mm Width for Wedding & Brand Packaging - DE-LIANG - jewelry,clothes,watch,beauty cosmetics\",\"isPartOf\":{\"@id\":\"https:\\\/\\\/deliangdisplay.com\\\/#website\"},\"primaryImageOfPage\":{\"@id\":\"https:\\\/\\\/deliangdisplay.com\\\/our-product\\\/accessories\\\/customized-ribbon\\\/custom-3d-gold-foil-logo-ribbon-245-colors-6-50mm-width-for-wedding-brand-packaging\\\/#primaryimage\"},\"image\":{\"@id\":\"https:\\\/\\\/deliangdisplay.com\\\/our-product\\\/accessories\\\/customized-ribbon\\\/custom-3d-gold-foil-logo-ribbon-245-colors-6-50mm-width-for-wedding-brand-packaging\\\/#primaryimage\"},\"thumbnailUrl\":\"https:\\\/\\\/deliangdisplay.com\\\/wp-content\\\/uploads\\\/2025\\\/10\\\/8-5.jpg\",\"datePublished\":\"2025-10-11T08:36:12+00:00\",\"breadcrumb\":{\"@id\":\"https:\\\/\\\/deliangdisplay.com\\\/our-product\\\/accessories\\\/customized-ribbon\\\/custom-3d-gold-foil-logo-ribbon-245-colors-6-50mm-width-for-wedding-brand-packaging\\\/#breadcrumb\"},\"inLanguage\":\"fr-FR\",\"potentialAction\":[{\"@type\":\"ReadAction\",\"target\":[\"https:\\\/\\\/deliangdisplay.com\\\/our-product\\\/accessories\\\/customized-ribbon\\\/custom-3d-gold-foil-logo-ribbon-245-colors-6-50mm-width-for-wedding-brand-packaging\\\/\"]}]},{\"@type\":\"ImageObject\",\"inLanguage\":\"fr-FR\",\"@id\":\"https:\\\/\\\/deliangdisplay.com\\\/our-product\\\/accessories\\\/customized-ribbon\\\/custom-3d-gold-foil-logo-ribbon-245-colors-6-50mm-width-for-wedding-brand-packaging\\\/#primaryimage\",\"url\":\"https:\\\/\\\/deliangdisplay.com\\\/wp-content\\\/uploads\\\/2025\\\/10\\\/8-5.jpg\",\"contentUrl\":\"https:\\\/\\\/deliangdisplay.com\\\/wp-content\\\/uploads\\\/2025\\\/10\\\/8-5.jpg\",\"width\":754,\"height\":754},{\"@type\":\"BreadcrumbList\",\"@id\":\"https:\\\/\\\/deliangdisplay.com\\\/our-product\\\/accessories\\\/customized-ribbon\\\/custom-3d-gold-foil-logo-ribbon-245-colors-6-50mm-width-for-wedding-brand-packaging\\\/#breadcrumb\",\"itemListElement\":[{\"@type\":\"ListItem\",\"position\":1,\"name\":\"\u9996\u9875\",\"item\":\"https:\\\/\\\/deliangdisplay.com\\\/\"},{\"@type\":\"ListItem\",\"position\":2,\"name\":\"Our Product\",\"item\":\"https:\\\/\\\/deliangdisplay.com\\\/our-product\\\/\"},{\"@type\":\"ListItem\",\"position\":3,\"name\":\"Custom 3D Gold Foil Logo Ribbon &#8211; 245 Colors, 6-50mm Width for Wedding &#038; Brand Packaging\"}]},{\"@type\":\"WebSite\",\"@id\":\"https:\\\/\\\/deliangdisplay.com\\\/#website\",\"url\":\"https:\\\/\\\/deliangdisplay.com\\\/\",\"name\":\"deliangdisplay.com\",\"description\":\"DE-LIANG - Providing bespoke packaging solutions and luxurious display design services for brands in jewelry, apparel, watches, beauty cosmetics, and more.\",\"publisher\":{\"@id\":\"https:\\\/\\\/deliangdisplay.com\\\/#organization\"},\"potentialAction\":[{\"@type\":\"SearchAction\",\"target\":{\"@type\":\"EntryPoint\",\"urlTemplate\":\"https:\\\/\\\/deliangdisplay.com\\\/?s={search_term_string}\"},\"query-input\":{\"@type\":\"PropertyValueSpecification\",\"valueRequired\":true,\"valueName\":\"search_term_string\"}}],\"inLanguage\":\"fr-FR\"},{\"@type\":\"Organization\",\"@id\":\"https:\\\/\\\/deliangdisplay.com\\\/#organization\",\"name\":\"deliangdisplay.com\",\"url\":\"https:\\\/\\\/deliangdisplay.com\\\/\",\"logo\":{\"@type\":\"ImageObject\",\"inLanguage\":\"fr-FR\",\"@id\":\"https:\\\/\\\/deliangdisplay.com\\\/#\\\/schema\\\/logo\\\/image\\\/\",\"url\":\"https:\\\/\\\/deliangdisplay.com\\\/wp-content\\\/uploads\\\/2025\\\/08\\\/DELIANGDISPALY_logo.png\",\"contentUrl\":\"https:\\\/\\\/deliangdisplay.com\\\/wp-content\\\/uploads\\\/2025\\\/08\\\/DELIANGDISPALY_logo.png\",\"width\":300,\"height\":130,\"caption\":\"deliangdisplay.com\"},\"image\":{\"@id\":\"https:\\\/\\\/deliangdisplay.com\\\/#\\\/schema\\\/logo\\\/image\\\/\"},\"sameAs\":[\"https:\\\/\\\/www.facebook.com\\\/JaneZhang008\\\/\",\"https:\\\/\\\/x.com\\\/ly673551729\"]}]}<\/script>\n<!-- \/ Yoast SEO plugin. -->","yoast_head_json":{"title":"Ruban personnalis\u00e9 avec logo en feuille d'or 3D - 245 couleurs, 6-50mm de largeur pour mariage et emballage de marque - DE-LIANG - bijouterie,joaillerie,horlogerie,beaut\u00e9,cosm\u00e9tique","robots":{"index":"index","follow":"follow","max-snippet":"max-snippet:-1","max-image-preview":"max-image-preview:large","max-video-preview":"max-video-preview:-1"},"canonical":"https:\/\/deliangdisplay.com\/fr\/notre-produit\/accessoires\/ruban-personnalise\/ruban-personnalise-3d-avec-logo-en-feuille-dor-245-couleurs-6-50mm-de-largeur-pour-lemballage-de-marques-de-mariage\/","og_locale":"fr_FR","og_type":"article","og_title":"Custom 3D Gold Foil Logo Ribbon - 245 Colors, 6-50mm Width for Wedding & Brand Packaging - DE-LIANG - jewelry,clothes,watch,beauty cosmetics","og_description":"Elevate your projects with this luxury custom 3D gold foil logo ribbon! Available in satin, grosgrain, cotton, and specialty styles, it offers 245 colors, 6-50mm widths, and printing options (3D foil, hot stamping). With a low 1-roll MOQ (90m\/100yd), it\u2019s perfect for gift wrapping, brand packaging, holiday decor, and DIY crafts\u2014adding a premium, eye-catching touch.","og_url":"https:\/\/deliangdisplay.com\/fr\/notre-produit\/accessoires\/ruban-personnalise\/ruban-personnalise-3d-avec-logo-en-feuille-dor-245-couleurs-6-50mm-de-largeur-pour-lemballage-de-marques-de-mariage\/","og_site_name":"DE-LIANG - jewelry,clothes,watch,beauty cosmetics","article_publisher":"https:\/\/www.facebook.com\/JaneZhang008\/","og_image":[{"width":754,"height":754,"url":"https:\/\/deliangdisplay.com\/wp-content\/uploads\/2025\/10\/8-5.jpg","type":"image\/jpeg"}],"twitter_card":"summary_large_image","twitter_site":"@ly673551729","twitter_misc":{"Dur\u00e9e de lecture estim\u00e9e":"3 minutes"},"schema":{"@context":"https:\/\/schema.org","@graph":[{"@type":"WebPage","@id":"https:\/\/deliangdisplay.com\/our-product\/accessories\/customized-ribbon\/custom-3d-gold-foil-logo-ribbon-245-colors-6-50mm-width-for-wedding-brand-packaging\/","url":"https:\/\/deliangdisplay.com\/our-product\/accessories\/customized-ribbon\/custom-3d-gold-foil-logo-ribbon-245-colors-6-50mm-width-for-wedding-brand-packaging\/","name":"Ruban personnalis\u00e9 avec logo en feuille d'or 3D - 245 couleurs, 6-50mm de largeur pour mariage et emballage de marque - DE-LIANG - bijouterie,joaillerie,horlogerie,beaut\u00e9,cosm\u00e9tique","isPartOf":{"@id":"https:\/\/deliangdisplay.com\/#website"},"primaryImageOfPage":{"@id":"https:\/\/deliangdisplay.com\/our-product\/accessories\/customized-ribbon\/custom-3d-gold-foil-logo-ribbon-245-colors-6-50mm-width-for-wedding-brand-packaging\/#primaryimage"},"image":{"@id":"https:\/\/deliangdisplay.com\/our-product\/accessories\/customized-ribbon\/custom-3d-gold-foil-logo-ribbon-245-colors-6-50mm-width-for-wedding-brand-packaging\/#primaryimage"},"thumbnailUrl":"https:\/\/deliangdisplay.com\/wp-content\/uploads\/2025\/10\/8-5.jpg","datePublished":"2025-10-11T08:36:12+00:00","breadcrumb":{"@id":"https:\/\/deliangdisplay.com\/our-product\/accessories\/customized-ribbon\/custom-3d-gold-foil-logo-ribbon-245-colors-6-50mm-width-for-wedding-brand-packaging\/#breadcrumb"},"inLanguage":"fr-FR","potentialAction":[{"@type":"ReadAction","target":["https:\/\/deliangdisplay.com\/our-product\/accessories\/customized-ribbon\/custom-3d-gold-foil-logo-ribbon-245-colors-6-50mm-width-for-wedding-brand-packaging\/"]}]},{"@type":"ImageObject","inLanguage":"fr-FR","@id":"https:\/\/deliangdisplay.com\/our-product\/accessories\/customized-ribbon\/custom-3d-gold-foil-logo-ribbon-245-colors-6-50mm-width-for-wedding-brand-packaging\/#primaryimage","url":"https:\/\/deliangdisplay.com\/wp-content\/uploads\/2025\/10\/8-5.jpg","contentUrl":"https:\/\/deliangdisplay.com\/wp-content\/uploads\/2025\/10\/8-5.jpg","width":754,"height":754},{"@type":"BreadcrumbList","@id":"https:\/\/deliangdisplay.com\/our-product\/accessories\/customized-ribbon\/custom-3d-gold-foil-logo-ribbon-245-colors-6-50mm-width-for-wedding-brand-packaging\/#breadcrumb","itemListElement":[{"@type":"ListItem","position":1,"name":"\u9996\u9875","item":"https:\/\/deliangdisplay.com\/"},{"@type":"ListItem","position":2,"name":"Our Product","item":"https:\/\/deliangdisplay.com\/our-product\/"},{"@type":"ListItem","position":3,"name":"Custom 3D Gold Foil Logo Ribbon &#8211; 245 Colors, 6-50mm Width for Wedding &#038; Brand Packaging"}]},{"@type":"WebSite","@id":"https:\/\/deliangdisplay.com\/#website","url":"https:\/\/deliangdisplay.com\/","name":"deliangdisplay.com","description":"DE-LIANG - Fournit des solutions d'emballage sur mesure et des services de conception de pr\u00e9sentoirs luxueux pour les marques de bijoux, de v\u00eatements, de montres, de produits de beaut\u00e9 et de cosm\u00e9tiques, et plus encore.","publisher":{"@id":"https:\/\/deliangdisplay.com\/#organization"},"potentialAction":[{"@type":"SearchAction","target":{"@type":"EntryPoint","urlTemplate":"https:\/\/deliangdisplay.com\/?s={search_term_string}"},"query-input":{"@type":"PropertyValueSpecification","valueRequired":true,"valueName":"search_term_string"}}],"inLanguage":"fr-FR"},{"@type":"Organization","@id":"https:\/\/deliangdisplay.com\/#organization","name":"deliangdisplay.com","url":"https:\/\/deliangdisplay.com\/","logo":{"@type":"ImageObject","inLanguage":"fr-FR","@id":"https:\/\/deliangdisplay.com\/#\/schema\/logo\/image\/","url":"https:\/\/deliangdisplay.com\/wp-content\/uploads\/2025\/08\/DELIANGDISPALY_logo.png","contentUrl":"https:\/\/deliangdisplay.com\/wp-content\/uploads\/2025\/08\/DELIANGDISPALY_logo.png","width":300,"height":130,"caption":"deliangdisplay.com"},"image":{"@id":"https:\/\/deliangdisplay.com\/#\/schema\/logo\/image\/"},"sameAs":["https:\/\/www.facebook.com\/JaneZhang008\/","https:\/\/x.com\/ly673551729"]}]}},"_links":{"self":[{"href":"https:\/\/deliangdisplay.com\/fr\/wp-json\/wp\/v2\/product\/43499","targetHints":{"allow":["GET"]}}],"collection":[{"href":"https:\/\/deliangdisplay.com\/fr\/wp-json\/wp\/v2\/product"}],"about":[{"href":"https:\/\/deliangdisplay.com\/fr\/wp-json\/wp\/v2\/types\/product"}],"replies":[{"embeddable":true,"href":"https:\/\/deliangdisplay.com\/fr\/wp-json\/wp\/v2\/comments?post=43499"}],"wp:featuredmedia":[{"embeddable":true,"href":"https:\/\/deliangdisplay.com\/fr\/wp-json\/wp\/v2\/media\/43500"}],"wp:attachment":[{"href":"https:\/\/deliangdisplay.com\/fr\/wp-json\/wp\/v2\/media?parent=43499"}],"wp:term":[{"taxonomy":"product_brand","embeddable":true,"href":"https:\/\/deliangdisplay.com\/fr\/wp-json\/wp\/v2\/product_brand?post=43499"},{"taxonomy":"product_cat","embeddable":true,"href":"https:\/\/deliangdisplay.com\/fr\/wp-json\/wp\/v2\/product_cat?post=43499"},{"taxonomy":"product_tag","embeddable":true,"href":"https:\/\/deliangdisplay.com\/fr\/wp-json\/wp\/v2\/product_tag?post=43499"}],"curies":[{"name":"wp","href":"https:\/\/api.w.org\/{rel}","templated":true}]}}