{"id":43491,"date":"2025-10-11T16:30:47","date_gmt":"2025-10-11T08:30:47","guid":{"rendered":"https:\/\/deliangdisplay.com\/?post_type=product&#038;p=43491"},"modified":"2025-10-11T16:30:48","modified_gmt":"2025-10-11T08:30:48","slug":"ruban-gros-grain-noir-gaufre-3d-imprime-sur-mesure-pour-sacs-cadeaux-identite-de-la-marque","status":"publish","type":"product","link":"https:\/\/deliangdisplay.com\/fr\/notre-produit\/accessoires\/ruban-personnalise\/ruban-gros-grain-noir-gaufre-3d-imprime-sur-mesure-pour-sacs-cadeaux-identite-de-la-marque\/","title":{"rendered":"Ruban gros grain noir gaufr\u00e9 3D de qualit\u00e9 sup\u00e9rieure - Imprim\u00e9 sur mesure pour l'emballage de cadeaux, les sacs et l'identit\u00e9 de marque"},"content":{"rendered":"<h3 class=\"header-vfC6AV auto-hide-last-sibling-br\">Aper\u00e7u du produit<\/h3>\n<div class=\"auto-hide-last-sibling-br paragraph-JOTKXA paragraph-element br-paragraph-space\">Rehaussez votre image de marque et vos emballages avec ce ruban gros grain noir imprim\u00e9, gaufr\u00e9 en 3D et personnalisable. Fabriqu\u00e9 en polyester 100%, il allie durabilit\u00e9, respect de l'environnement (fabriqu\u00e9 \u00e0 partir de mat\u00e9riaux recycl\u00e9s) et design vibrant, ce qui le rend id\u00e9al pour l'emballage de cadeaux, les projets de bricolage, la d\u00e9coration de v\u00eatements et les accents de sacs. Avec des options de personnalisation polyvalentes et des performances fiables, c'est un choix parfait pour mettre en valeur l'identit\u00e9 unique de votre marque.<\/div>\n<h3 class=\"header-vfC6AV auto-hide-last-sibling-br\">Caract\u00e9ristiques principales<\/h3>\n<ul class=\"auto-hide-last-sibling-br\">\n<li><strong>Personnalisation compl\u00e8te<\/strong>: Elle prend en charge l'impression de logos personnalis\u00e9s, de conceptions graphiques et d'emballages sur mesure pour r\u00e9pondre aux besoins de votre marque. Il propose \u00e9galement le gaufrage 3D, l'impression de feuilles d'or ou d'argent, le transfert thermique et d'autres techniques d'impression pour un aspect unique.<\/li>\n<li><strong>Tailles et couleurs polyvalentes<\/strong>: Disponible dans des largeurs de 1\/8\u2033 (3mm) \u00e0 4\u2033 (100mm) et 196 options de couleurs, plus des demandes de couleurs personnalis\u00e9es, s'adaptant \u00e0 divers sc\u00e9narios d'application.<\/li>\n<li><strong>Haute qualit\u00e9 et durabilit\u00e9<\/strong>: Fabriqu\u00e9 en polyester 100%, il pr\u00e9sente une grande solidit\u00e9 des couleurs, des polices d'impression claires et aucune perte de poudre d'or (pour l'impression \u00e0 chaud). Il est lavable et durable, ce qui garantit que le message de votre marque reste bien visible.<\/li>\n<li><strong>Respect de l'environnement<\/strong>: Fabriqu\u00e9s \u00e0 partir de mat\u00e9riaux recycl\u00e9s, ils r\u00e9pondent aux exigences en mati\u00e8re de produits durables et respectueux de l'environnement.<\/li>\n<li><strong>Applications \u00e9tendues<\/strong>: Convient \u00e0 l'emballage de cadeaux, aux cr\u00e9ations de bricolage, \u00e0 la d\u00e9coration de v\u00eatements, \u00e0 l'habillage de sacs, et bien plus encore, ajoutant une touche haut de gamme \u00e0 tout article.<\/li>\n<\/ul>\n<h3 class=\"header-vfC6AV auto-hide-last-sibling-br\">Avantages de l'impression et de l'artisanat<\/h3>\n<ul class=\"auto-hide-last-sibling-br\">\n<li><strong>Technologie d'impression avanc\u00e9e<\/strong>: Utilise une machine d'impression enti\u00e8rement automatique pour une qualit\u00e9 constante. Offre de multiples possibilit\u00e9s comme le gaufrage 3D, l'impression de feuilles d'or\/argent\/rose\/cuivre, l'impression \u00e0 l'encre (1-2 couleurs), l'impression en relief de paillettes et l'impression au laser.<\/li>\n<li><strong>Des performances fiables<\/strong>: Il se caract\u00e9rise par une grande solidit\u00e9 des couleurs, des logos personnalis\u00e9s lavables et des impressions nettes et non d\u00e9color\u00e9es, ce qui garantit que le ruban conserve son aspect haut de gamme m\u00eame en cas d'utilisation r\u00e9guli\u00e8re.<\/li>\n<\/ul>","protected":false},"excerpt":{"rendered":"<p>Rehaussez vos projets avec ce ruban gros-grain noir gaufr\u00e9 3D personnalis\u00e9 ! Fabriqu\u00e9 en polyester recycl\u00e9 100%, il est durable, \u00e9cologique et offre des impressions vibrantes et lavables. Vous avez le choix entre le gaufrage 3D, l'impression en feuille et 196 couleurs (plus des teintes personnalis\u00e9es), avec des largeurs de 3 mm \u00e0 100 mm. Parfait pour l'emballage de cadeaux, le bricolage, la d\u00e9coration de v\u00eatements et le marquage pour mettre en valeur votre style unique.<\/p>","protected":false},"featured_media":43492,"comment_status":"open","ping_status":"closed","template":"","meta":{"_acf_changed":false},"product_brand":[84],"product_cat":[80],"product_tag":[423,433,432,428,436,422,429,426,424,427,425,430,435,431,434],"class_list":{"0":"post-43491","1":"product","2":"type-product","3":"status-publish","4":"has-post-thumbnail","6":"product_brand-de-liang","7":"product_cat-customized-ribbon","8":"product_tag-100-polyester-printed-ribbon","9":"product_tag-196-color-grosgrain-ribbon","10":"product_tag-3mm-100mm-width-ribbon","11":"product_tag-bag-accent-ribbon","12":"product_tag-branding-ribbon-for-packaging","13":"product_tag-custom-3d-embossed-black-grosgrain-ribbon","14":"product_tag-custom-logo-printed-ribbon","15":"product_tag-diy-craft-ribbon","16":"product_tag-eco-friendly-recycled-polyester-ribbon","17":"product_tag-garment-decoration-ribbon","18":"product_tag-gift-packaging-ribbon","19":"product_tag-gold-foil-printed-grosgrain","20":"product_tag-high-color-fastness-ribbon","21":"product_tag-silver-foil-embossed-ribbon","22":"product_tag-washable-printed-ribbon","24":"first","25":"instock","26":"shipping-taxable","27":"purchasable","28":"product-type-simple"},"acf":[],"yoast_head":"<!-- This site is optimized with the Yoast SEO plugin v27.4 - https:\/\/yoast.com\/product\/yoast-seo-wordpress\/ -->\n<title>Premium 3D Embossed Black Grosgrain Ribbon - Custom Printed for Gift Wrapping, Bags &amp; Brand Identity - DE-LIANG - jewelry,clothes,watch,beauty cosmetics<\/title>\n<meta name=\"robots\" content=\"index, follow, max-snippet:-1, max-image-preview:large, max-video-preview:-1\" \/>\n<link rel=\"canonical\" href=\"https:\/\/deliangdisplay.com\/fr\/notre-produit\/accessoires\/ruban-personnalise\/ruban-gros-grain-noir-gaufre-3d-imprime-sur-mesure-pour-sacs-cadeaux-identite-de-la-marque\/\" \/>\n<meta property=\"og:locale\" content=\"fr_FR\" \/>\n<meta property=\"og:type\" content=\"article\" \/>\n<meta property=\"og:title\" content=\"Premium 3D Embossed Black Grosgrain Ribbon - Custom Printed for Gift Wrapping, Bags &amp; Brand Identity - DE-LIANG - jewelry,clothes,watch,beauty cosmetics\" \/>\n<meta property=\"og:description\" content=\"Elevate your projects with this custom 3D embossed black grosgrain ribbon! Made of 100% recycled polyester, it\u2019s durable, eco-friendly, and offers vibrant, washable prints. Choose from 3D embossing, foil printing, &amp; 196 colors (plus custom hues), with widths 3mm-100mm. Perfect for gift packaging, DIY, garment decor, and branding to boost your unique style.\" \/>\n<meta property=\"og:url\" content=\"https:\/\/deliangdisplay.com\/fr\/notre-produit\/accessoires\/ruban-personnalise\/ruban-gros-grain-noir-gaufre-3d-imprime-sur-mesure-pour-sacs-cadeaux-identite-de-la-marque\/\" \/>\n<meta property=\"og:site_name\" content=\"DE-LIANG - jewelry,clothes,watch,beauty cosmetics\" \/>\n<meta property=\"article:publisher\" content=\"https:\/\/www.facebook.com\/JaneZhang008\/\" \/>\n<meta property=\"article:modified_time\" content=\"2025-10-11T08:30:48+00:00\" \/>\n<meta property=\"og:image\" content=\"https:\/\/deliangdisplay.com\/wp-content\/uploads\/2025\/10\/2-5.jpg\" \/>\n\t<meta property=\"og:image:width\" content=\"1000\" \/>\n\t<meta property=\"og:image:height\" content=\"1000\" \/>\n\t<meta property=\"og:image:type\" content=\"image\/jpeg\" \/>\n<meta name=\"twitter:card\" content=\"summary_large_image\" \/>\n<meta name=\"twitter:site\" content=\"@ly673551729\" \/>\n<meta name=\"twitter:label1\" content=\"Dur\u00e9e de lecture estim\u00e9e\" \/>\n\t<meta name=\"twitter:data1\" content=\"2 minutes\" \/>\n<script type=\"application\/ld+json\" class=\"yoast-schema-graph\">{\"@context\":\"https:\\\/\\\/schema.org\",\"@graph\":[{\"@type\":\"WebPage\",\"@id\":\"https:\\\/\\\/deliangdisplay.com\\\/our-product\\\/accessories\\\/customized-ribbon\\\/premium-3d-embossed-black-grosgrain-ribbon-custom-printed-for-gift-wrapping-bags-brand-identity\\\/\",\"url\":\"https:\\\/\\\/deliangdisplay.com\\\/our-product\\\/accessories\\\/customized-ribbon\\\/premium-3d-embossed-black-grosgrain-ribbon-custom-printed-for-gift-wrapping-bags-brand-identity\\\/\",\"name\":\"Premium 3D Embossed Black Grosgrain Ribbon - Custom Printed for Gift Wrapping, Bags & Brand Identity - DE-LIANG - jewelry,clothes,watch,beauty cosmetics\",\"isPartOf\":{\"@id\":\"https:\\\/\\\/deliangdisplay.com\\\/#website\"},\"primaryImageOfPage\":{\"@id\":\"https:\\\/\\\/deliangdisplay.com\\\/our-product\\\/accessories\\\/customized-ribbon\\\/premium-3d-embossed-black-grosgrain-ribbon-custom-printed-for-gift-wrapping-bags-brand-identity\\\/#primaryimage\"},\"image\":{\"@id\":\"https:\\\/\\\/deliangdisplay.com\\\/our-product\\\/accessories\\\/customized-ribbon\\\/premium-3d-embossed-black-grosgrain-ribbon-custom-printed-for-gift-wrapping-bags-brand-identity\\\/#primaryimage\"},\"thumbnailUrl\":\"https:\\\/\\\/deliangdisplay.com\\\/wp-content\\\/uploads\\\/2025\\\/10\\\/2-5.jpg\",\"datePublished\":\"2025-10-11T08:30:47+00:00\",\"dateModified\":\"2025-10-11T08:30:48+00:00\",\"breadcrumb\":{\"@id\":\"https:\\\/\\\/deliangdisplay.com\\\/our-product\\\/accessories\\\/customized-ribbon\\\/premium-3d-embossed-black-grosgrain-ribbon-custom-printed-for-gift-wrapping-bags-brand-identity\\\/#breadcrumb\"},\"inLanguage\":\"fr-FR\",\"potentialAction\":[{\"@type\":\"ReadAction\",\"target\":[\"https:\\\/\\\/deliangdisplay.com\\\/our-product\\\/accessories\\\/customized-ribbon\\\/premium-3d-embossed-black-grosgrain-ribbon-custom-printed-for-gift-wrapping-bags-brand-identity\\\/\"]}]},{\"@type\":\"ImageObject\",\"inLanguage\":\"fr-FR\",\"@id\":\"https:\\\/\\\/deliangdisplay.com\\\/our-product\\\/accessories\\\/customized-ribbon\\\/premium-3d-embossed-black-grosgrain-ribbon-custom-printed-for-gift-wrapping-bags-brand-identity\\\/#primaryimage\",\"url\":\"https:\\\/\\\/deliangdisplay.com\\\/wp-content\\\/uploads\\\/2025\\\/10\\\/2-5.jpg\",\"contentUrl\":\"https:\\\/\\\/deliangdisplay.com\\\/wp-content\\\/uploads\\\/2025\\\/10\\\/2-5.jpg\",\"width\":1000,\"height\":1000},{\"@type\":\"BreadcrumbList\",\"@id\":\"https:\\\/\\\/deliangdisplay.com\\\/our-product\\\/accessories\\\/customized-ribbon\\\/premium-3d-embossed-black-grosgrain-ribbon-custom-printed-for-gift-wrapping-bags-brand-identity\\\/#breadcrumb\",\"itemListElement\":[{\"@type\":\"ListItem\",\"position\":1,\"name\":\"\u9996\u9875\",\"item\":\"https:\\\/\\\/deliangdisplay.com\\\/\"},{\"@type\":\"ListItem\",\"position\":2,\"name\":\"Our Product\",\"item\":\"https:\\\/\\\/deliangdisplay.com\\\/our-product\\\/\"},{\"@type\":\"ListItem\",\"position\":3,\"name\":\"Premium 3D Embossed Black Grosgrain Ribbon &#8211; Custom Printed for Gift Wrapping, Bags &#038; Brand Identity\"}]},{\"@type\":\"WebSite\",\"@id\":\"https:\\\/\\\/deliangdisplay.com\\\/#website\",\"url\":\"https:\\\/\\\/deliangdisplay.com\\\/\",\"name\":\"deliangdisplay.com\",\"description\":\"DE-LIANG - Providing bespoke packaging solutions and luxurious display design services for brands in jewelry, apparel, watches, beauty cosmetics, and more.\",\"publisher\":{\"@id\":\"https:\\\/\\\/deliangdisplay.com\\\/#organization\"},\"potentialAction\":[{\"@type\":\"SearchAction\",\"target\":{\"@type\":\"EntryPoint\",\"urlTemplate\":\"https:\\\/\\\/deliangdisplay.com\\\/?s={search_term_string}\"},\"query-input\":{\"@type\":\"PropertyValueSpecification\",\"valueRequired\":true,\"valueName\":\"search_term_string\"}}],\"inLanguage\":\"fr-FR\"},{\"@type\":\"Organization\",\"@id\":\"https:\\\/\\\/deliangdisplay.com\\\/#organization\",\"name\":\"deliangdisplay.com\",\"url\":\"https:\\\/\\\/deliangdisplay.com\\\/\",\"logo\":{\"@type\":\"ImageObject\",\"inLanguage\":\"fr-FR\",\"@id\":\"https:\\\/\\\/deliangdisplay.com\\\/#\\\/schema\\\/logo\\\/image\\\/\",\"url\":\"https:\\\/\\\/deliangdisplay.com\\\/wp-content\\\/uploads\\\/2025\\\/08\\\/DELIANGDISPALY_logo.png\",\"contentUrl\":\"https:\\\/\\\/deliangdisplay.com\\\/wp-content\\\/uploads\\\/2025\\\/08\\\/DELIANGDISPALY_logo.png\",\"width\":300,\"height\":130,\"caption\":\"deliangdisplay.com\"},\"image\":{\"@id\":\"https:\\\/\\\/deliangdisplay.com\\\/#\\\/schema\\\/logo\\\/image\\\/\"},\"sameAs\":[\"https:\\\/\\\/www.facebook.com\\\/JaneZhang008\\\/\",\"https:\\\/\\\/x.com\\\/ly673551729\"]}]}<\/script>\n<!-- \/ Yoast SEO plugin. -->","yoast_head_json":{"title":"Premium 3D Embossed Black Grosgrain Ribbon - Custom Printed for Gift Wrapping, Bags &amp; Brand Identity - DE-LIANG - jewelry,clothes,watch,beauty cosmetics","robots":{"index":"index","follow":"follow","max-snippet":"max-snippet:-1","max-image-preview":"max-image-preview:large","max-video-preview":"max-video-preview:-1"},"canonical":"https:\/\/deliangdisplay.com\/fr\/notre-produit\/accessoires\/ruban-personnalise\/ruban-gros-grain-noir-gaufre-3d-imprime-sur-mesure-pour-sacs-cadeaux-identite-de-la-marque\/","og_locale":"fr_FR","og_type":"article","og_title":"Premium 3D Embossed Black Grosgrain Ribbon - Custom Printed for Gift Wrapping, Bags & Brand Identity - DE-LIANG - jewelry,clothes,watch,beauty cosmetics","og_description":"Elevate your projects with this custom 3D embossed black grosgrain ribbon! Made of 100% recycled polyester, it\u2019s durable, eco-friendly, and offers vibrant, washable prints. Choose from 3D embossing, foil printing, &amp; 196 colors (plus custom hues), with widths 3mm-100mm. Perfect for gift packaging, DIY, garment decor, and branding to boost your unique style.","og_url":"https:\/\/deliangdisplay.com\/fr\/notre-produit\/accessoires\/ruban-personnalise\/ruban-gros-grain-noir-gaufre-3d-imprime-sur-mesure-pour-sacs-cadeaux-identite-de-la-marque\/","og_site_name":"DE-LIANG - jewelry,clothes,watch,beauty cosmetics","article_publisher":"https:\/\/www.facebook.com\/JaneZhang008\/","article_modified_time":"2025-10-11T08:30:48+00:00","og_image":[{"width":1000,"height":1000,"url":"https:\/\/deliangdisplay.com\/wp-content\/uploads\/2025\/10\/2-5.jpg","type":"image\/jpeg"}],"twitter_card":"summary_large_image","twitter_site":"@ly673551729","twitter_misc":{"Dur\u00e9e de lecture estim\u00e9e":"2 minutes"},"schema":{"@context":"https:\/\/schema.org","@graph":[{"@type":"WebPage","@id":"https:\/\/deliangdisplay.com\/our-product\/accessories\/customized-ribbon\/premium-3d-embossed-black-grosgrain-ribbon-custom-printed-for-gift-wrapping-bags-brand-identity\/","url":"https:\/\/deliangdisplay.com\/our-product\/accessories\/customized-ribbon\/premium-3d-embossed-black-grosgrain-ribbon-custom-printed-for-gift-wrapping-bags-brand-identity\/","name":"Premium 3D Embossed Black Grosgrain Ribbon - Custom Printed for Gift Wrapping, Bags &amp; Brand Identity - DE-LIANG - jewelry,clothes,watch,beauty cosmetics","isPartOf":{"@id":"https:\/\/deliangdisplay.com\/#website"},"primaryImageOfPage":{"@id":"https:\/\/deliangdisplay.com\/our-product\/accessories\/customized-ribbon\/premium-3d-embossed-black-grosgrain-ribbon-custom-printed-for-gift-wrapping-bags-brand-identity\/#primaryimage"},"image":{"@id":"https:\/\/deliangdisplay.com\/our-product\/accessories\/customized-ribbon\/premium-3d-embossed-black-grosgrain-ribbon-custom-printed-for-gift-wrapping-bags-brand-identity\/#primaryimage"},"thumbnailUrl":"https:\/\/deliangdisplay.com\/wp-content\/uploads\/2025\/10\/2-5.jpg","datePublished":"2025-10-11T08:30:47+00:00","dateModified":"2025-10-11T08:30:48+00:00","breadcrumb":{"@id":"https:\/\/deliangdisplay.com\/our-product\/accessories\/customized-ribbon\/premium-3d-embossed-black-grosgrain-ribbon-custom-printed-for-gift-wrapping-bags-brand-identity\/#breadcrumb"},"inLanguage":"fr-FR","potentialAction":[{"@type":"ReadAction","target":["https:\/\/deliangdisplay.com\/our-product\/accessories\/customized-ribbon\/premium-3d-embossed-black-grosgrain-ribbon-custom-printed-for-gift-wrapping-bags-brand-identity\/"]}]},{"@type":"ImageObject","inLanguage":"fr-FR","@id":"https:\/\/deliangdisplay.com\/our-product\/accessories\/customized-ribbon\/premium-3d-embossed-black-grosgrain-ribbon-custom-printed-for-gift-wrapping-bags-brand-identity\/#primaryimage","url":"https:\/\/deliangdisplay.com\/wp-content\/uploads\/2025\/10\/2-5.jpg","contentUrl":"https:\/\/deliangdisplay.com\/wp-content\/uploads\/2025\/10\/2-5.jpg","width":1000,"height":1000},{"@type":"BreadcrumbList","@id":"https:\/\/deliangdisplay.com\/our-product\/accessories\/customized-ribbon\/premium-3d-embossed-black-grosgrain-ribbon-custom-printed-for-gift-wrapping-bags-brand-identity\/#breadcrumb","itemListElement":[{"@type":"ListItem","position":1,"name":"\u9996\u9875","item":"https:\/\/deliangdisplay.com\/"},{"@type":"ListItem","position":2,"name":"Our Product","item":"https:\/\/deliangdisplay.com\/our-product\/"},{"@type":"ListItem","position":3,"name":"Premium 3D Embossed Black Grosgrain Ribbon &#8211; Custom Printed for Gift Wrapping, Bags &#038; Brand Identity"}]},{"@type":"WebSite","@id":"https:\/\/deliangdisplay.com\/#website","url":"https:\/\/deliangdisplay.com\/","name":"deliangdisplay.com","description":"DE-LIANG - Fournit des solutions d'emballage sur mesure et des services de conception de pr\u00e9sentoirs luxueux pour les marques de bijoux, de v\u00eatements, de montres, de produits de beaut\u00e9 et de cosm\u00e9tiques, et plus encore.","publisher":{"@id":"https:\/\/deliangdisplay.com\/#organization"},"potentialAction":[{"@type":"SearchAction","target":{"@type":"EntryPoint","urlTemplate":"https:\/\/deliangdisplay.com\/?s={search_term_string}"},"query-input":{"@type":"PropertyValueSpecification","valueRequired":true,"valueName":"search_term_string"}}],"inLanguage":"fr-FR"},{"@type":"Organization","@id":"https:\/\/deliangdisplay.com\/#organization","name":"deliangdisplay.com","url":"https:\/\/deliangdisplay.com\/","logo":{"@type":"ImageObject","inLanguage":"fr-FR","@id":"https:\/\/deliangdisplay.com\/#\/schema\/logo\/image\/","url":"https:\/\/deliangdisplay.com\/wp-content\/uploads\/2025\/08\/DELIANGDISPALY_logo.png","contentUrl":"https:\/\/deliangdisplay.com\/wp-content\/uploads\/2025\/08\/DELIANGDISPALY_logo.png","width":300,"height":130,"caption":"deliangdisplay.com"},"image":{"@id":"https:\/\/deliangdisplay.com\/#\/schema\/logo\/image\/"},"sameAs":["https:\/\/www.facebook.com\/JaneZhang008\/","https:\/\/x.com\/ly673551729"]}]}},"_links":{"self":[{"href":"https:\/\/deliangdisplay.com\/fr\/wp-json\/wp\/v2\/product\/43491","targetHints":{"allow":["GET"]}}],"collection":[{"href":"https:\/\/deliangdisplay.com\/fr\/wp-json\/wp\/v2\/product"}],"about":[{"href":"https:\/\/deliangdisplay.com\/fr\/wp-json\/wp\/v2\/types\/product"}],"replies":[{"embeddable":true,"href":"https:\/\/deliangdisplay.com\/fr\/wp-json\/wp\/v2\/comments?post=43491"}],"wp:featuredmedia":[{"embeddable":true,"href":"https:\/\/deliangdisplay.com\/fr\/wp-json\/wp\/v2\/media\/43492"}],"wp:attachment":[{"href":"https:\/\/deliangdisplay.com\/fr\/wp-json\/wp\/v2\/media?parent=43491"}],"wp:term":[{"taxonomy":"product_brand","embeddable":true,"href":"https:\/\/deliangdisplay.com\/fr\/wp-json\/wp\/v2\/product_brand?post=43491"},{"taxonomy":"product_cat","embeddable":true,"href":"https:\/\/deliangdisplay.com\/fr\/wp-json\/wp\/v2\/product_cat?post=43491"},{"taxonomy":"product_tag","embeddable":true,"href":"https:\/\/deliangdisplay.com\/fr\/wp-json\/wp\/v2\/product_tag?post=43491"}],"curies":[{"name":"wp","href":"https:\/\/api.w.org\/{rel}","templated":true}]}}