{"id":43465,"date":"2025-10-10T15:56:34","date_gmt":"2025-10-10T07:56:34","guid":{"rendered":"https:\/\/deliangdisplay.com\/?post_type=product&#038;p=43465"},"modified":"2025-10-10T15:56:34","modified_gmt":"2025-10-10T07:56:34","slug":"presentoir-de-luxe-pour-bracelet-en-velours-glace-organiser-la-presentation-des-bijoux-avec-style","status":"publish","type":"product","link":"https:\/\/deliangdisplay.com\/fr\/notre-produit\/accessoires\/barrettes-a-bangle\/presentoir-de-luxe-pour-bracelet-en-velours-glace-organiser-la-presentation-des-bijoux-avec-style\/","title":{"rendered":"Pr\u00e9sentoir de luxe pour bracelets en velours glac\u00e9 - Organiser et pr\u00e9senter les bijoux avec style"},"content":{"rendered":"<h3 class=\"header-vfC6AV auto-hide-last-sibling-br\">Aper\u00e7u du produit<\/h3>\n<div class=\"auto-hide-last-sibling-br paragraph-JOTKXA paragraph-element br-paragraph-space\">Am\u00e9liorez l'organisation de vos bijoux gr\u00e2ce \u00e0 cette\u00a0<strong>pr\u00e9sentoir de bracelets en velours glac\u00e9<\/strong>! Ce n'est pas seulement une solution de rangement - c'est un changement de jeu qui optimise l'espace pour garder vos bracelets bien rang\u00e9s. Dites adieu \u00e0 la frustration des bracelets perdus, cass\u00e9s ou d\u00e9sorganis\u00e9s, et bonjour \u00e0 l'acc\u00e8s rapide et sans effort \u00e0 vos pi\u00e8ces pr\u00e9f\u00e9r\u00e9es quand vous le souhaitez.<\/div>\n<h3 class=\"header-vfC6AV auto-hide-last-sibling-br\">Caract\u00e9ristiques principales<\/h3>\n<ul class=\"auto-hide-last-sibling-br\">\n<li><strong>Une organisation rapide et efficace<\/strong>: Une seconde suffit pour obtenir une pr\u00e9sentation parfaitement ordonn\u00e9e ! Plus besoin de fouiller dans un fouillis de bracelets - ce support vous permet de rep\u00e9rer instantan\u00e9ment la pi\u00e8ce exacte que vous d\u00e9sirez, facilitant ainsi votre routine quotidienne en mati\u00e8re de bijoux.<\/li>\n<li><strong>Placement soign\u00e9 et ordonn\u00e9<\/strong>: Gr\u00e2ce \u00e0 des fentes uniform\u00e9ment espac\u00e9es, chaque bracelet a son propre emplacement. Il n'y a plus de m\u00e9lange ou d'enchev\u00eatrement, chaque bracelet reste exactement l\u00e0 o\u00f9 vous le souhaitez, dans un \u00e9tat impeccable et pr\u00eat \u00e0 \u00eatre port\u00e9.<\/li>\n<li><strong>Le roc - une structure solide et stable<\/strong>: L'astucieuse conception en escalier permet de pr\u00e9senter vos bracelets en toute s\u00e9curit\u00e9. La construction g\u00e9n\u00e9rale est tr\u00e8s robuste, offrant une vitrine fiable qui permet \u00e0 vos bijoux d'\u00eatre mis en valeur sans vaciller ni \u00eatre instables.<\/li>\n<li><strong>Rangement intelligent et pratique pour le dos<\/strong>: Vous avez besoin d'espace suppl\u00e9mentaire pour ranger vos petits bijoux ? L'arri\u00e8re du support se transforme en un espace de rangement pratique une fois assembl\u00e9, ajoutant une fonctionnalit\u00e9 suppl\u00e9mentaire pour garder tous vos bijoux essentiels au m\u00eame endroit.<\/li>\n<li><strong>D\u00e9montage facile et facilit\u00e9 d'utilisation<\/strong>: Que vous d\u00e9m\u00e9nagiez ou que vous emmeniez votre pr\u00e9sentation de bijoux dans une boutique \u00e9ph\u00e9m\u00e8re, le design amovible de ce support permet de le d\u00e9monter en un clin d'\u0153il. Il est incroyablement portable, ce qui vous permet d'emmener votre organisation de bijoux \u00e9l\u00e9gante partout o\u00f9 vous allez.<\/li>\n<li><strong>Mat\u00e9riau doux et luxueux<\/strong>: Fabriqu\u00e9 \u00e0 partir d'un velours glac\u00e9 de premi\u00e8re qualit\u00e9, il pr\u00e9sente une texture d\u00e9licate et d\u00e9licatement lisse. Vos pr\u00e9cieux bracelets b\u00e9n\u00e9ficient d'un traitement royal - pas de rayures, pas d'accrocs. De plus, les bords soigneusement envelopp\u00e9s ne causent aucun dommage par frottement, ce qui permet de conserver vos bijoux aussi impeccables que le jour o\u00f9 vous les avez achet\u00e9s.<\/li>\n<\/ul>","protected":false},"excerpt":{"rendered":"<p>Elevate your jewelry organization with this icing velvet bracelet display stand! It optimizes space for tidy storage, preventing loss or breakage. Enjoy one &#8211; second neatness, uniform intervals to avoid mixing, a stable step &#8211; design, practical back storage, easy disassembly for portability, and gentle icing velvet that protects jewelry from friction damage.<\/p>","protected":false},"featured_media":43466,"comment_status":"open","ping_status":"closed","template":"","meta":{"_acf_changed":false},"product_brand":[84],"product_cat":[71],"product_tag":[412,414,410,415,413,407,420,417,419,409,418,411,416,408],"class_list":{"0":"post-43465","1":"product","2":"type-product","3":"status-publish","4":"has-post-thumbnail","6":"product_brand-de-liang","7":"product_cat-bangle-bars","8":"product_tag-black-velvet-jewelry-holder","9":"product_tag-bracelet-storage-for-trinkets","10":"product_tag-easy-disassemble-jewelry-stand","11":"product_tag-gentle-material-jewelry-organizer","12":"product_tag-gray-jewelry-display-stand","13":"product_tag-icing-velvet-bracelet-display-stand","14":"product_tag-jewelry-display-for-bracelets-and-watches","15":"product_tag-portable-jewelry-storage","16":"product_tag-premium-velvet-bracelet-holder","17":"product_tag-scratch-free-bracelet-organizer","18":"product_tag-small-item-jewelry-stand","19":"product_tag-step-design-bracelet-rack","20":"product_tag-tidy-bracelet-display-rack","21":"product_tag-velvet-jewelry-storage-rack","23":"first","24":"instock","25":"shipping-taxable","26":"purchasable","27":"product-type-simple"},"acf":[],"yoast_head":"<!-- This site is optimized with the Yoast SEO plugin v27.4 - https:\/\/yoast.com\/product\/yoast-seo-wordpress\/ -->\n<title>Luxury Icing Velvet Bracelet Display Stand - Organize &amp; Showcase Jewelry in Style - DE-LIANG - jewelry,clothes,watch,beauty cosmetics<\/title>\n<meta name=\"robots\" content=\"index, follow, max-snippet:-1, max-image-preview:large, max-video-preview:-1\" \/>\n<link rel=\"canonical\" href=\"https:\/\/deliangdisplay.com\/fr\/notre-produit\/accessoires\/barrettes-a-bangle\/presentoir-de-luxe-pour-bracelet-en-velours-glace-organiser-la-presentation-des-bijoux-avec-style\/\" \/>\n<meta property=\"og:locale\" content=\"fr_FR\" \/>\n<meta property=\"og:type\" content=\"article\" \/>\n<meta property=\"og:title\" content=\"Luxury Icing Velvet Bracelet Display Stand - Organize &amp; Showcase Jewelry in Style - DE-LIANG - jewelry,clothes,watch,beauty cosmetics\" \/>\n<meta property=\"og:description\" content=\"Elevate your jewelry organization with this icing velvet bracelet display stand! It optimizes space for tidy storage, preventing loss or breakage. Enjoy one - second neatness, uniform intervals to avoid mixing, a stable step - design, practical back storage, easy disassembly for portability, and gentle icing velvet that protects jewelry from friction damage.\" \/>\n<meta property=\"og:url\" content=\"https:\/\/deliangdisplay.com\/fr\/notre-produit\/accessoires\/barrettes-a-bangle\/presentoir-de-luxe-pour-bracelet-en-velours-glace-organiser-la-presentation-des-bijoux-avec-style\/\" \/>\n<meta property=\"og:site_name\" content=\"DE-LIANG - jewelry,clothes,watch,beauty cosmetics\" \/>\n<meta property=\"article:publisher\" content=\"https:\/\/www.facebook.com\/JaneZhang008\/\" \/>\n<meta property=\"og:image\" content=\"https:\/\/deliangdisplay.com\/wp-content\/uploads\/2025\/10\/11-4.jpg\" \/>\n\t<meta property=\"og:image:width\" content=\"800\" \/>\n\t<meta property=\"og:image:height\" content=\"800\" \/>\n\t<meta property=\"og:image:type\" content=\"image\/jpeg\" \/>\n<meta name=\"twitter:card\" content=\"summary_large_image\" \/>\n<meta name=\"twitter:site\" content=\"@ly673551729\" \/>\n<meta name=\"twitter:label1\" content=\"Dur\u00e9e de lecture estim\u00e9e\" \/>\n\t<meta name=\"twitter:data1\" content=\"2 minutes\" \/>\n<script type=\"application\/ld+json\" class=\"yoast-schema-graph\">{\"@context\":\"https:\\\/\\\/schema.org\",\"@graph\":[{\"@type\":\"WebPage\",\"@id\":\"https:\\\/\\\/deliangdisplay.com\\\/our-product\\\/accessories\\\/bangle-bars\\\/luxury-icing-velvet-bracelet-display-stand-organize-showcase-jewelry-in-style\\\/\",\"url\":\"https:\\\/\\\/deliangdisplay.com\\\/our-product\\\/accessories\\\/bangle-bars\\\/luxury-icing-velvet-bracelet-display-stand-organize-showcase-jewelry-in-style\\\/\",\"name\":\"Luxury Icing Velvet Bracelet Display Stand - Organize & Showcase Jewelry in Style - DE-LIANG - jewelry,clothes,watch,beauty cosmetics\",\"isPartOf\":{\"@id\":\"https:\\\/\\\/deliangdisplay.com\\\/#website\"},\"primaryImageOfPage\":{\"@id\":\"https:\\\/\\\/deliangdisplay.com\\\/our-product\\\/accessories\\\/bangle-bars\\\/luxury-icing-velvet-bracelet-display-stand-organize-showcase-jewelry-in-style\\\/#primaryimage\"},\"image\":{\"@id\":\"https:\\\/\\\/deliangdisplay.com\\\/our-product\\\/accessories\\\/bangle-bars\\\/luxury-icing-velvet-bracelet-display-stand-organize-showcase-jewelry-in-style\\\/#primaryimage\"},\"thumbnailUrl\":\"https:\\\/\\\/deliangdisplay.com\\\/wp-content\\\/uploads\\\/2025\\\/10\\\/11-4.jpg\",\"datePublished\":\"2025-10-10T07:56:34+00:00\",\"breadcrumb\":{\"@id\":\"https:\\\/\\\/deliangdisplay.com\\\/our-product\\\/accessories\\\/bangle-bars\\\/luxury-icing-velvet-bracelet-display-stand-organize-showcase-jewelry-in-style\\\/#breadcrumb\"},\"inLanguage\":\"fr-FR\",\"potentialAction\":[{\"@type\":\"ReadAction\",\"target\":[\"https:\\\/\\\/deliangdisplay.com\\\/our-product\\\/accessories\\\/bangle-bars\\\/luxury-icing-velvet-bracelet-display-stand-organize-showcase-jewelry-in-style\\\/\"]}]},{\"@type\":\"ImageObject\",\"inLanguage\":\"fr-FR\",\"@id\":\"https:\\\/\\\/deliangdisplay.com\\\/our-product\\\/accessories\\\/bangle-bars\\\/luxury-icing-velvet-bracelet-display-stand-organize-showcase-jewelry-in-style\\\/#primaryimage\",\"url\":\"https:\\\/\\\/deliangdisplay.com\\\/wp-content\\\/uploads\\\/2025\\\/10\\\/11-4.jpg\",\"contentUrl\":\"https:\\\/\\\/deliangdisplay.com\\\/wp-content\\\/uploads\\\/2025\\\/10\\\/11-4.jpg\",\"width\":800,\"height\":800},{\"@type\":\"BreadcrumbList\",\"@id\":\"https:\\\/\\\/deliangdisplay.com\\\/our-product\\\/accessories\\\/bangle-bars\\\/luxury-icing-velvet-bracelet-display-stand-organize-showcase-jewelry-in-style\\\/#breadcrumb\",\"itemListElement\":[{\"@type\":\"ListItem\",\"position\":1,\"name\":\"\u9996\u9875\",\"item\":\"https:\\\/\\\/deliangdisplay.com\\\/\"},{\"@type\":\"ListItem\",\"position\":2,\"name\":\"Our Product\",\"item\":\"https:\\\/\\\/deliangdisplay.com\\\/our-product\\\/\"},{\"@type\":\"ListItem\",\"position\":3,\"name\":\"Luxury Icing Velvet Bracelet Display Stand &#8211; Organize &#038; Showcase Jewelry in Style\"}]},{\"@type\":\"WebSite\",\"@id\":\"https:\\\/\\\/deliangdisplay.com\\\/#website\",\"url\":\"https:\\\/\\\/deliangdisplay.com\\\/\",\"name\":\"deliangdisplay.com\",\"description\":\"DE-LIANG - Providing bespoke packaging solutions and luxurious display design services for brands in jewelry, apparel, watches, beauty cosmetics, and more.\",\"publisher\":{\"@id\":\"https:\\\/\\\/deliangdisplay.com\\\/#organization\"},\"potentialAction\":[{\"@type\":\"SearchAction\",\"target\":{\"@type\":\"EntryPoint\",\"urlTemplate\":\"https:\\\/\\\/deliangdisplay.com\\\/?s={search_term_string}\"},\"query-input\":{\"@type\":\"PropertyValueSpecification\",\"valueRequired\":true,\"valueName\":\"search_term_string\"}}],\"inLanguage\":\"fr-FR\"},{\"@type\":\"Organization\",\"@id\":\"https:\\\/\\\/deliangdisplay.com\\\/#organization\",\"name\":\"deliangdisplay.com\",\"url\":\"https:\\\/\\\/deliangdisplay.com\\\/\",\"logo\":{\"@type\":\"ImageObject\",\"inLanguage\":\"fr-FR\",\"@id\":\"https:\\\/\\\/deliangdisplay.com\\\/#\\\/schema\\\/logo\\\/image\\\/\",\"url\":\"https:\\\/\\\/deliangdisplay.com\\\/wp-content\\\/uploads\\\/2025\\\/08\\\/DELIANGDISPALY_logo.png\",\"contentUrl\":\"https:\\\/\\\/deliangdisplay.com\\\/wp-content\\\/uploads\\\/2025\\\/08\\\/DELIANGDISPALY_logo.png\",\"width\":300,\"height\":130,\"caption\":\"deliangdisplay.com\"},\"image\":{\"@id\":\"https:\\\/\\\/deliangdisplay.com\\\/#\\\/schema\\\/logo\\\/image\\\/\"},\"sameAs\":[\"https:\\\/\\\/www.facebook.com\\\/JaneZhang008\\\/\",\"https:\\\/\\\/x.com\\\/ly673551729\"]}]}<\/script>\n<!-- \/ Yoast SEO plugin. -->","yoast_head_json":{"title":"Pr\u00e9sentoir de luxe pour bracelet en velours glac\u00e9 - Organisez et pr\u00e9sentez vos bijoux avec style - DE-LIANG - bijoux,vetements,montres,beaute,cosmetique","robots":{"index":"index","follow":"follow","max-snippet":"max-snippet:-1","max-image-preview":"max-image-preview:large","max-video-preview":"max-video-preview:-1"},"canonical":"https:\/\/deliangdisplay.com\/fr\/notre-produit\/accessoires\/barrettes-a-bangle\/presentoir-de-luxe-pour-bracelet-en-velours-glace-organiser-la-presentation-des-bijoux-avec-style\/","og_locale":"fr_FR","og_type":"article","og_title":"Luxury Icing Velvet Bracelet Display Stand - Organize & Showcase Jewelry in Style - DE-LIANG - jewelry,clothes,watch,beauty cosmetics","og_description":"Elevate your jewelry organization with this icing velvet bracelet display stand! It optimizes space for tidy storage, preventing loss or breakage. Enjoy one - second neatness, uniform intervals to avoid mixing, a stable step - design, practical back storage, easy disassembly for portability, and gentle icing velvet that protects jewelry from friction damage.","og_url":"https:\/\/deliangdisplay.com\/fr\/notre-produit\/accessoires\/barrettes-a-bangle\/presentoir-de-luxe-pour-bracelet-en-velours-glace-organiser-la-presentation-des-bijoux-avec-style\/","og_site_name":"DE-LIANG - jewelry,clothes,watch,beauty cosmetics","article_publisher":"https:\/\/www.facebook.com\/JaneZhang008\/","og_image":[{"width":800,"height":800,"url":"https:\/\/deliangdisplay.com\/wp-content\/uploads\/2025\/10\/11-4.jpg","type":"image\/jpeg"}],"twitter_card":"summary_large_image","twitter_site":"@ly673551729","twitter_misc":{"Dur\u00e9e de lecture estim\u00e9e":"2 minutes"},"schema":{"@context":"https:\/\/schema.org","@graph":[{"@type":"WebPage","@id":"https:\/\/deliangdisplay.com\/our-product\/accessories\/bangle-bars\/luxury-icing-velvet-bracelet-display-stand-organize-showcase-jewelry-in-style\/","url":"https:\/\/deliangdisplay.com\/our-product\/accessories\/bangle-bars\/luxury-icing-velvet-bracelet-display-stand-organize-showcase-jewelry-in-style\/","name":"Pr\u00e9sentoir de luxe pour bracelet en velours glac\u00e9 - Organisez et pr\u00e9sentez vos bijoux avec style - DE-LIANG - bijoux,vetements,montres,beaute,cosmetique","isPartOf":{"@id":"https:\/\/deliangdisplay.com\/#website"},"primaryImageOfPage":{"@id":"https:\/\/deliangdisplay.com\/our-product\/accessories\/bangle-bars\/luxury-icing-velvet-bracelet-display-stand-organize-showcase-jewelry-in-style\/#primaryimage"},"image":{"@id":"https:\/\/deliangdisplay.com\/our-product\/accessories\/bangle-bars\/luxury-icing-velvet-bracelet-display-stand-organize-showcase-jewelry-in-style\/#primaryimage"},"thumbnailUrl":"https:\/\/deliangdisplay.com\/wp-content\/uploads\/2025\/10\/11-4.jpg","datePublished":"2025-10-10T07:56:34+00:00","breadcrumb":{"@id":"https:\/\/deliangdisplay.com\/our-product\/accessories\/bangle-bars\/luxury-icing-velvet-bracelet-display-stand-organize-showcase-jewelry-in-style\/#breadcrumb"},"inLanguage":"fr-FR","potentialAction":[{"@type":"ReadAction","target":["https:\/\/deliangdisplay.com\/our-product\/accessories\/bangle-bars\/luxury-icing-velvet-bracelet-display-stand-organize-showcase-jewelry-in-style\/"]}]},{"@type":"ImageObject","inLanguage":"fr-FR","@id":"https:\/\/deliangdisplay.com\/our-product\/accessories\/bangle-bars\/luxury-icing-velvet-bracelet-display-stand-organize-showcase-jewelry-in-style\/#primaryimage","url":"https:\/\/deliangdisplay.com\/wp-content\/uploads\/2025\/10\/11-4.jpg","contentUrl":"https:\/\/deliangdisplay.com\/wp-content\/uploads\/2025\/10\/11-4.jpg","width":800,"height":800},{"@type":"BreadcrumbList","@id":"https:\/\/deliangdisplay.com\/our-product\/accessories\/bangle-bars\/luxury-icing-velvet-bracelet-display-stand-organize-showcase-jewelry-in-style\/#breadcrumb","itemListElement":[{"@type":"ListItem","position":1,"name":"\u9996\u9875","item":"https:\/\/deliangdisplay.com\/"},{"@type":"ListItem","position":2,"name":"Our Product","item":"https:\/\/deliangdisplay.com\/our-product\/"},{"@type":"ListItem","position":3,"name":"Luxury Icing Velvet Bracelet Display Stand &#8211; Organize &#038; Showcase Jewelry in Style"}]},{"@type":"WebSite","@id":"https:\/\/deliangdisplay.com\/#website","url":"https:\/\/deliangdisplay.com\/","name":"deliangdisplay.com","description":"DE-LIANG - Fournit des solutions d'emballage sur mesure et des services de conception de pr\u00e9sentoirs luxueux pour les marques de bijoux, de v\u00eatements, de montres, de produits de beaut\u00e9 et de cosm\u00e9tiques, et plus encore.","publisher":{"@id":"https:\/\/deliangdisplay.com\/#organization"},"potentialAction":[{"@type":"SearchAction","target":{"@type":"EntryPoint","urlTemplate":"https:\/\/deliangdisplay.com\/?s={search_term_string}"},"query-input":{"@type":"PropertyValueSpecification","valueRequired":true,"valueName":"search_term_string"}}],"inLanguage":"fr-FR"},{"@type":"Organization","@id":"https:\/\/deliangdisplay.com\/#organization","name":"deliangdisplay.com","url":"https:\/\/deliangdisplay.com\/","logo":{"@type":"ImageObject","inLanguage":"fr-FR","@id":"https:\/\/deliangdisplay.com\/#\/schema\/logo\/image\/","url":"https:\/\/deliangdisplay.com\/wp-content\/uploads\/2025\/08\/DELIANGDISPALY_logo.png","contentUrl":"https:\/\/deliangdisplay.com\/wp-content\/uploads\/2025\/08\/DELIANGDISPALY_logo.png","width":300,"height":130,"caption":"deliangdisplay.com"},"image":{"@id":"https:\/\/deliangdisplay.com\/#\/schema\/logo\/image\/"},"sameAs":["https:\/\/www.facebook.com\/JaneZhang008\/","https:\/\/x.com\/ly673551729"]}]}},"_links":{"self":[{"href":"https:\/\/deliangdisplay.com\/fr\/wp-json\/wp\/v2\/product\/43465","targetHints":{"allow":["GET"]}}],"collection":[{"href":"https:\/\/deliangdisplay.com\/fr\/wp-json\/wp\/v2\/product"}],"about":[{"href":"https:\/\/deliangdisplay.com\/fr\/wp-json\/wp\/v2\/types\/product"}],"replies":[{"embeddable":true,"href":"https:\/\/deliangdisplay.com\/fr\/wp-json\/wp\/v2\/comments?post=43465"}],"wp:featuredmedia":[{"embeddable":true,"href":"https:\/\/deliangdisplay.com\/fr\/wp-json\/wp\/v2\/media\/43466"}],"wp:attachment":[{"href":"https:\/\/deliangdisplay.com\/fr\/wp-json\/wp\/v2\/media?parent=43465"}],"wp:term":[{"taxonomy":"product_brand","embeddable":true,"href":"https:\/\/deliangdisplay.com\/fr\/wp-json\/wp\/v2\/product_brand?post=43465"},{"taxonomy":"product_cat","embeddable":true,"href":"https:\/\/deliangdisplay.com\/fr\/wp-json\/wp\/v2\/product_cat?post=43465"},{"taxonomy":"product_tag","embeddable":true,"href":"https:\/\/deliangdisplay.com\/fr\/wp-json\/wp\/v2\/product_tag?post=43465"}],"curies":[{"name":"wp","href":"https:\/\/api.w.org\/{rel}","templated":true}]}}